{"id":2238,"date":"2024-02-07T13:33:48","date_gmt":"2024-02-07T11:33:48","guid":{"rendered":"https:\/\/cleverkids.dev2.sdhost.eu\/?page_id=2238"},"modified":"2024-03-12T11:32:06","modified_gmt":"2024-03-12T09:32:06","slug":"privacy-policy","status":"publish","type":"page","link":"https:\/\/cleverkids.ee\/et\/privacy-policy\/","title":{"rendered":"K\u00fcpsiste poliitika"},"content":{"rendered":"\t\t<div data-elementor-type=\"wp-page\" data-elementor-id=\"2238\" class=\"elementor elementor-2238 elementor-3\" data-elementor-post-type=\"page\">\n\t\t\t\t<div class=\"elementor-element elementor-element-8308d1a e-flex e-con-boxed e-con e-parent\" data-id=\"8308d1a\" data-element_type=\"container\" data-settings=\"{&quot;ekit_has_onepagescroll_dot&quot;:&quot;yes&quot;}\">\n\t\t\t\t\t<div class=\"e-con-inner\">\n\t\t\t\t<div class=\"elementor-element elementor-element-0ca2d2e elementor-widget elementor-widget-text-editor\" data-id=\"0ca2d2e\" data-element_type=\"widget\" data-settings=\"{&quot;ekit_we_effect_on&quot;:&quot;none&quot;}\" data-widget_type=\"text-editor.default\">\n\t\t\t\t<div class=\"elementor-widget-container\">\n\t\t\t\t\t\t\t\t\t<p>Tandix Trade O\u00dc soovib kaitsta veebilehek\u00fclje https:\/\/cleverkids.ee (edaspidi kodulehek\u00fclg) k\u00fclastajate privaatsust. Palun tutvuge meie privaatsuspoliitikaga, see aitab teil m\u00f5ista, kuidas me teie isikuandmeid kasutame. <br \/>Tandix Trade O\u00dc-l on \u00f5igus privaatsuspoliitikat igal ajal ette teatamata muuta, seega palun kontrollige seda iga kord, kui meie kodulehte k\u00fclastate.<\/p>\n<p><strong>Milliseid isikuandmeid me kogume?<\/strong><\/p>\n<p>Kodulehe tagasiside vormi t\u00e4itmisel v\u00f5idakse teil paluda esitada m\u00f5ningaid isiklikke andmeid, n\u00e4iteks<\/p>\n<ul>\n<li>perekonnanimi, eesnimi \/ ettev\u00f5tte nimi;<\/li>\n<li>telefoninumber;<\/li>\n<li>e-posti aadress;<\/li>\n<li>pangakonto number;<\/li>\n<li>muud andmed, mida soovite esitada.<\/li>\n<\/ul>\n<p>Koduleht kogub ja t\u00f6\u00f6tleb ka k\u00fcpsiseid, kasutades Interneti-statistika teenuseid, nagu Google Analytics. Kui otsustate meie k\u00fcpsiseid mitte aktsepteerida ei pruugi m\u00f5ned meie kodulehe funktsioonid k\u00f5ige paremini toimida.<\/p>\n<p><strong>Kuidas me isikuandmeid kasutame?<\/strong><\/p>\n<p>Tandix Trade O\u00dc kasutab kodulehe k\u00fclastajate isikuandmeid<\/p>\n<ul>\n<li>\u00a0e-poe tellimuse haldamiseks ja k\u00e4ttetoimetamiseks;<\/li>\n<li>kauba tagastamiseks (sh tagasimaksete teostamiseks);<\/li>\n<li>ostjate (tarbijate) kaebuste lahendamiseks<\/li>\n<li>otseturundusmaterjalide saatmiseks;<\/li>\n<li>tagasiside k\u00fcsitlusteks teenuse ja kaubavaliku parendamise <br \/>eesm\u00e4rgil;<\/li>\n<li>seadustest tulenevate kohustuste t\u00e4itmiseks;<\/li>\n<\/ul>\n<p><strong>Isikuandmete t\u00f6\u00f6tlemine otseturunduse eesm\u00e4rgil<\/strong><\/p>\n<ul>\n<li>Andmesubjektil on v\u00f5imalik liituda otseturunduse pakkumistega.<\/li>\n<li>N\u00f5usoleku isikuandmete otseturunduse eesm\u00e4rgil t\u00f6\u00f6tlemiseks annab <br \/>andmesubjekt vabatahtlikult e-poes kasutajaks registreerides; e-poes ostu sooritades; t\u00e4ites vajalikud v\u00e4ljad e-poe kodulehte k\u00fclastades<\/li>\n<li>Andmesubjektil on \u00f5igus enda n\u00f5usolek isikuandmete otseturunduse eesm\u00e4rgil t\u00f6\u00f6tlemiseks igal ajal tagasi v\u00f5tta, kuid see ei m\u00f5juta eelnevat <br \/>isikuandmete t\u00f6\u00f6tlemist, mis p\u00f5hines andmesubjekti eelneval n\u00f5usolekul.<\/li>\n<\/ul>\n<p>Tandix Trade O\u00dc kasutab k\u00fcpsiseid meie kodulehe toimivuse j\u00e4lgimiseks ja kasutajaliidese parandamiseks. Tandix Trade O\u00dc v\u00f5ib k\u00fclastajate <br \/>vajaduste paremaks m\u00f5istmiseks kasutada isikuandmeid, et uurida veebisaidi k\u00fclastajate demograafilisi andmeid, huvisid ja k\u00e4itumist. <br \/>Nimetatud anal\u00fc\u00fcs on koostatud ja koondatud anon\u00fc\u00fcmsete andmete p\u00f5hjal, mis ei v\u00f5imalda veebisaidi k\u00fclastajat tuvastada.<\/p>\n<p><strong>Kellele me isikuandmeid avaldame?<\/strong><\/p>\n<p>Kodulehe k\u00fclastajate isikuandmeid t\u00f6\u00f6tlevad Tandix Trade O\u00dc t\u00f6\u00f6tajad. <br \/>Meie poliitika n\u00e4eb ette andmete edastamise kolmandatele isikutele, kui:<\/p>\n<ul>\n<li>andmeedastus on vajalik meie tegevuste elluviimiseks ja teie taotluse t\u00e4itmiseks (n\u00e4iteks kullerteenuse pakkujatele, raamatupidamisteenuse osutajale, otseturundusteenuse pakkujatele);<\/li>\n<li>andmete edastamine on seadusega n\u00f5utav (n\u00e4iteks seoses kohtukutse, l\u00e4biotsimisorderi v\u00f5i muu kohtumenetlusega). K\u00f5igil muudel juhtudel kodulehe k\u00fclastajate isikuandmeid<\/li>\n<\/ul>\n<p>Kolmandatele isikutele ei edastata\/rendile ei anta, ning ei kasutata muul otstarbel kui eespool s\u00e4testatud.<\/p>\n<p><strong>Ohutus <\/strong><\/p>\n<p>Kahjuks ei saa andmeedastust Interneti v\u00f5i m\u00f5ne muu v\u00f5rgu kaudu 100% turvaliseks pidada, kuid teeme asjakohaseid samme teie isikuandmete <br \/>turvalisuse tagamiseks.<\/p>\n<p><strong>Kontaktid <\/strong><\/p>\n<p>Kui soovite<\/p>\n<ul>\n<li>k\u00fcsida isikuandmete teavet,<\/li>\n<li>teavitada isikuandmete ebat\u00e4psustest,<\/li>\n<li>k\u00fcsida, kuidas isikuandmeid kasutatakse,<\/li>\n<li>paluda l\u00f5petada isikuandmete kasutamine otseturunduse eesm\u00e4rgil,<\/li>\n<li>teavitada k\u00e4esoleva privaatsuspoliitika s\u00e4tete mittej\u00e4rgimisest, siis palun kontakteeruge allpool toodud kontaktandmetel Tandix Trade O\u00dc esindajaga.<br \/>E-posti aadress: info@cleverkids.ee<br \/>Posti- ja juriidiline aadress: Harju maakond, Tallinn, Mustam\u00e4e <br \/>linnaosa, Kadaka tee 63\/2, 12915<\/li>\n<\/ul>\t\t\t\t\t\t\t\t<\/div>\n\t\t\t\t<\/div>\n\t\t\t\t\t<\/div>\n\t\t\t\t<\/div>\n\t\t\t\t<\/div>\n\t\t","protected":false},"excerpt":{"rendered":"<p>Tandix Trade O\u00dc soovib kaitsta veebilehek\u00fclje https:\/\/cleverkids.ee (edaspidi kodulehek\u00fclg) k\u00fclastajate privaatsust. Palun tutvuge meie privaatsuspoliitikaga, see aitab teil m\u00f5ista, kuidas me teie isikuandmeid kasutame. Tandix Trade O\u00dc-l on \u00f5igus privaatsuspoliitikat igal ajal ette teatamata muuta, seega palun kontrollige seda iga kord, kui meie kodulehte k\u00fclastate. Milliseid isikuandmeid me kogume? Kodulehe tagasiside vormi t\u00e4itmisel v\u00f5idakse teil [&hellip;]<\/p>\n","protected":false},"author":1,"featured_media":0,"parent":0,"menu_order":0,"comment_status":"closed","ping_status":"closed","template":"","meta":{"_monsterinsights_skip_tracking":false,"_monsterinsights_sitenote_active":false,"_monsterinsights_sitenote_note":"","_monsterinsights_sitenote_category":0,"footnotes":""},"class_list":["post-2238","page","type-page","status-publish","hentry"],"blocksy_meta":[],"yoast_head":"<!-- This site is optimized with the Yoast SEO plugin v25.0 - https:\/\/yoast.com\/wordpress\/plugins\/seo\/ -->\n<title>K\u00fcpsiste poliitika - CLEVER KIDS<\/title>\n<meta name=\"description\" content=\"K\u00fcpsiste poliitika - CLEVER KIDS\" \/>\n<meta name=\"robots\" content=\"index, follow, max-snippet:-1, max-image-preview:large, max-video-preview:-1\" \/>\n<link rel=\"canonical\" href=\"https:\/\/cleverkids.ee\/et\/privacy-policy\/\" \/>\n<meta property=\"og:locale\" content=\"et_EE\" \/>\n<meta property=\"og:type\" content=\"article\" \/>\n<meta property=\"og:title\" content=\"K\u00fcpsiste poliitika - CLEVER KIDS\" \/>\n<meta property=\"og:description\" content=\"K\u00fcpsiste poliitika - CLEVER KIDS\" \/>\n<meta property=\"og:url\" content=\"https:\/\/cleverkids.ee\/et\/privacy-policy\/\" \/>\n<meta property=\"og:site_name\" content=\"CLEVER KIDS\" \/>\n<meta property=\"article:publisher\" content=\"https:\/\/www.facebook.com\/cleverkids.ee\/\" \/>\n<meta property=\"article:modified_time\" content=\"2024-03-12T09:32:06+00:00\" \/>\n<meta name=\"twitter:card\" content=\"summary_large_image\" \/>\n<meta name=\"twitter:label1\" content=\"Est. reading time\" \/>\n\t<meta name=\"twitter:data1\" content=\"3 minutit\" \/>\n<script type=\"application\/ld+json\" class=\"yoast-schema-graph\">{\"@context\":\"https:\/\/schema.org\",\"@graph\":[{\"@type\":\"WebPage\",\"@id\":\"https:\/\/cleverkids.ee\/et\/privacy-policy\/\",\"url\":\"https:\/\/cleverkids.ee\/et\/privacy-policy\/\",\"name\":\"K\u00fcpsiste poliitika - CLEVER KIDS\",\"isPartOf\":{\"@id\":\"https:\/\/cleverkids.ee\/et\/#website\"},\"datePublished\":\"2024-02-07T11:33:48+00:00\",\"dateModified\":\"2024-03-12T09:32:06+00:00\",\"description\":\"K\u00fcpsiste poliitika - CLEVER KIDS\",\"breadcrumb\":{\"@id\":\"https:\/\/cleverkids.ee\/et\/privacy-policy\/#breadcrumb\"},\"inLanguage\":\"et\",\"potentialAction\":[{\"@type\":\"ReadAction\",\"target\":[\"https:\/\/cleverkids.ee\/et\/privacy-policy\/\"]}]},{\"@type\":\"BreadcrumbList\",\"@id\":\"https:\/\/cleverkids.ee\/et\/privacy-policy\/#breadcrumb\",\"itemListElement\":[{\"@type\":\"ListItem\",\"position\":1,\"name\":\"Esileht\",\"item\":\"https:\/\/cleverkids.ee\/et\/\"},{\"@type\":\"ListItem\",\"position\":2,\"name\":\"K\u00fcpsiste poliitika\"}]},{\"@type\":\"WebSite\",\"@id\":\"https:\/\/cleverkids.ee\/et\/#website\",\"url\":\"https:\/\/cleverkids.ee\/et\/\",\"name\":\"CLEVER KIDS\",\"description\":\"\",\"publisher\":{\"@id\":\"https:\/\/cleverkids.ee\/et\/#organization\"},\"potentialAction\":[{\"@type\":\"SearchAction\",\"target\":{\"@type\":\"EntryPoint\",\"urlTemplate\":\"https:\/\/cleverkids.ee\/et\/?s={search_term_string}\"},\"query-input\":{\"@type\":\"PropertyValueSpecification\",\"valueRequired\":true,\"valueName\":\"search_term_string\"}}],\"inLanguage\":\"et\"},{\"@type\":\"Organization\",\"@id\":\"https:\/\/cleverkids.ee\/et\/#organization\",\"name\":\"CLEVER KIDS\",\"url\":\"https:\/\/cleverkids.ee\/et\/\",\"logo\":{\"@type\":\"ImageObject\",\"inLanguage\":\"et\",\"@id\":\"https:\/\/cleverkids.ee\/et\/#\/schema\/logo\/image\/\",\"url\":\"https:\/\/cleverkids.ee\/wp-content\/uploads\/2024\/02\/image0-1024x1024.png\",\"contentUrl\":\"https:\/\/cleverkids.ee\/wp-content\/uploads\/2024\/02\/image0-1024x1024.png\",\"width\":1024,\"height\":1024,\"caption\":\"CLEVER KIDS\"},\"image\":{\"@id\":\"https:\/\/cleverkids.ee\/et\/#\/schema\/logo\/image\/\"},\"sameAs\":[\"https:\/\/www.facebook.com\/cleverkids.ee\/\",\"https:\/\/www.instagram.com\/cleverkids_ee\/\"]}]}<\/script>\n<!-- \/ Yoast SEO plugin. -->","yoast_head_json":{"title":"K\u00fcpsiste poliitika - CLEVER KIDS","description":"K\u00fcpsiste poliitika - CLEVER KIDS","robots":{"index":"index","follow":"follow","max-snippet":"max-snippet:-1","max-image-preview":"max-image-preview:large","max-video-preview":"max-video-preview:-1"},"canonical":"https:\/\/cleverkids.ee\/et\/privacy-policy\/","og_locale":"et_EE","og_type":"article","og_title":"K\u00fcpsiste poliitika - CLEVER KIDS","og_description":"K\u00fcpsiste poliitika - CLEVER KIDS","og_url":"https:\/\/cleverkids.ee\/et\/privacy-policy\/","og_site_name":"CLEVER KIDS","article_publisher":"https:\/\/www.facebook.com\/cleverkids.ee\/","article_modified_time":"2024-03-12T09:32:06+00:00","twitter_card":"summary_large_image","twitter_misc":{"Est. reading time":"3 minutit"},"schema":{"@context":"https:\/\/schema.org","@graph":[{"@type":"WebPage","@id":"https:\/\/cleverkids.ee\/et\/privacy-policy\/","url":"https:\/\/cleverkids.ee\/et\/privacy-policy\/","name":"K\u00fcpsiste poliitika - CLEVER KIDS","isPartOf":{"@id":"https:\/\/cleverkids.ee\/et\/#website"},"datePublished":"2024-02-07T11:33:48+00:00","dateModified":"2024-03-12T09:32:06+00:00","description":"K\u00fcpsiste poliitika - CLEVER KIDS","breadcrumb":{"@id":"https:\/\/cleverkids.ee\/et\/privacy-policy\/#breadcrumb"},"inLanguage":"et","potentialAction":[{"@type":"ReadAction","target":["https:\/\/cleverkids.ee\/et\/privacy-policy\/"]}]},{"@type":"BreadcrumbList","@id":"https:\/\/cleverkids.ee\/et\/privacy-policy\/#breadcrumb","itemListElement":[{"@type":"ListItem","position":1,"name":"Esileht","item":"https:\/\/cleverkids.ee\/et\/"},{"@type":"ListItem","position":2,"name":"K\u00fcpsiste poliitika"}]},{"@type":"WebSite","@id":"https:\/\/cleverkids.ee\/et\/#website","url":"https:\/\/cleverkids.ee\/et\/","name":"CLEVER KIDS","description":"","publisher":{"@id":"https:\/\/cleverkids.ee\/et\/#organization"},"potentialAction":[{"@type":"SearchAction","target":{"@type":"EntryPoint","urlTemplate":"https:\/\/cleverkids.ee\/et\/?s={search_term_string}"},"query-input":{"@type":"PropertyValueSpecification","valueRequired":true,"valueName":"search_term_string"}}],"inLanguage":"et"},{"@type":"Organization","@id":"https:\/\/cleverkids.ee\/et\/#organization","name":"CLEVER KIDS","url":"https:\/\/cleverkids.ee\/et\/","logo":{"@type":"ImageObject","inLanguage":"et","@id":"https:\/\/cleverkids.ee\/et\/#\/schema\/logo\/image\/","url":"https:\/\/cleverkids.ee\/wp-content\/uploads\/2024\/02\/image0-1024x1024.png","contentUrl":"https:\/\/cleverkids.ee\/wp-content\/uploads\/2024\/02\/image0-1024x1024.png","width":1024,"height":1024,"caption":"CLEVER KIDS"},"image":{"@id":"https:\/\/cleverkids.ee\/et\/#\/schema\/logo\/image\/"},"sameAs":["https:\/\/www.facebook.com\/cleverkids.ee\/","https:\/\/www.instagram.com\/cleverkids_ee\/"]}]}},"_links":{"self":[{"href":"https:\/\/cleverkids.ee\/et\/wp-json\/wp\/v2\/pages\/2238","targetHints":{"allow":["GET"]}}],"collection":[{"href":"https:\/\/cleverkids.ee\/et\/wp-json\/wp\/v2\/pages"}],"about":[{"href":"https:\/\/cleverkids.ee\/et\/wp-json\/wp\/v2\/types\/page"}],"author":[{"embeddable":true,"href":"https:\/\/cleverkids.ee\/et\/wp-json\/wp\/v2\/users\/1"}],"replies":[{"embeddable":true,"href":"https:\/\/cleverkids.ee\/et\/wp-json\/wp\/v2\/comments?post=2238"}],"version-history":[{"count":5,"href":"https:\/\/cleverkids.ee\/et\/wp-json\/wp\/v2\/pages\/2238\/revisions"}],"predecessor-version":[{"id":3283,"href":"https:\/\/cleverkids.ee\/et\/wp-json\/wp\/v2\/pages\/2238\/revisions\/3283"}],"wp:attachment":[{"href":"https:\/\/cleverkids.ee\/et\/wp-json\/wp\/v2\/media?parent=2238"}],"curies":[{"name":"wp","href":"https:\/\/api.w.org\/{rel}","templated":true}]}}