{"id":45998,"date":"2024-04-16T07:26:17","date_gmt":"2024-04-16T04:26:17","guid":{"rendered":"https:\/\/cleverkids.dev2.sdhost.eu\/product\/%d0%b4%d0%b5%d1%80%d0%b5%d0%b2%d1%8f%d0%bd%d0%bd%d0%b0%d1%8f-%d0%b3%d0%be%d0%bb%d0%be%d0%b2%d0%be%d0%bb%d0%be%d0%bc%d0%ba%d0%b0-%d0%b2%d0%be%d0%bb%d1%88%d0%b5%d0%b1%d0%bd%d1%8b%d0%b9-%d0%ba\/"},"modified":"2024-06-23T17:59:53","modified_gmt":"2024-06-23T14:59:53","slug":"derevyannaya-golovolomka-volshebnyj-k","status":"publish","type":"product","link":"https:\/\/cleverkids.ee\/et\/product\/derevyannaya-golovolomka-volshebnyj-k\/","title":{"rendered":"Puidust nuputamispusle \u201cV\u00f5luring\u201d, WoodLandToys"},"content":{"rendered":"<p>M\u00e4ng koosneb v\u00e4rvilisest sisestusraamist, v\u00e4rviliste kujundite komplektist ja juhendist koos kokkupanemisskeemidega.<\/p>\n<p>\u00dclesande sisuks on kujude kokkupanemine \u00fcksikutest osadest. Need v\u00f5ivad olla loomad, linnud, s\u00f5idukid, m\u00f6\u00f6bliesemed, lilled ja palju muud.<\/p>\n<p>Nuputamism\u00e4ng arendab kujundlikku ja loogilist m\u00f5tlemist, m\u00e4lu, kujutlusv\u00f5imet, ergutab peenmotoorikat, aitab kujundada uudishimu, visadust ja kannatlikkust.<\/p>\n","protected":false},"excerpt":{"rendered":"<p>M\u00e4ng koosneb v\u00e4rvilisest sisestusraamist, v\u00e4rviliste kujundite komplektist ja juhendist koos kokkupanemisskeemidega. \u00dclesande sisuks on kujude kokkupanemine \u00fcksikutest osadest. Need v\u00f5ivad olla loomad, linnud, s\u00f5idukid, m\u00f6\u00f6bliesemed, lilled ja palju muud. Nuputamism\u00e4ng arendab kujundlikku ja loogilist m\u00f5tlemist, m\u00e4lu, kujutlusv\u00f5imet, ergutab peenmotoorikat, aitab kujundada uudishimu, visadust ja kannatlikkust.<\/p>\n","protected":false},"featured_media":71466,"template":"","meta":{"_monsterinsights_skip_tracking":false,"_monsterinsights_sitenote_active":false,"_monsterinsights_sitenote_note":"","_monsterinsights_sitenote_category":0},"product_brand":[],"product_cat":[49,57,58],"product_tag":[],"class_list":{"0":"post-45998","1":"product","2":"type-product","3":"status-publish","4":"has-post-thumbnail","6":"product_cat-puidust-arendavad-manguasjad","7":"product_cat-allahindlused","8":"product_cat-unkategorized","9":"pa_vozrast-ot-3-do-5-let-et","11":"first","12":"instock","13":"sale","14":"shipping-taxable","15":"purchasable","16":"product-type-simple"},"yoast_head":"<!-- This site is optimized with the Yoast SEO plugin v25.0 - https:\/\/yoast.com\/wordpress\/plugins\/seo\/ -->\n<title>Puidust nuputamispusle \u201cV\u00f5luring\u201d, WoodLandToys -<\/title>\n<meta name=\"description\" content=\"Puidust nuputamispusle \u201cV\u00f5luring\u201d, WoodLandToys - CLEVER KIDS\" \/>\n<meta name=\"robots\" content=\"index, follow, max-snippet:-1, max-image-preview:large, max-video-preview:-1\" \/>\n<link rel=\"canonical\" href=\"https:\/\/cleverkids.ee\/et\/product\/derevyannaya-golovolomka-volshebnyj-k\/\" \/>\n<meta property=\"og:locale\" content=\"et_EE\" \/>\n<meta property=\"og:type\" content=\"article\" \/>\n<meta property=\"og:title\" content=\"Puidust nuputamispusle \u201cV\u00f5luring\u201d, WoodLandToys -\" \/>\n<meta property=\"og:description\" content=\"Puidust nuputamispusle \u201cV\u00f5luring\u201d, WoodLandToys - CLEVER KIDS\" \/>\n<meta property=\"og:url\" content=\"https:\/\/cleverkids.ee\/et\/product\/derevyannaya-golovolomka-volshebnyj-k\/\" \/>\n<meta property=\"og:site_name\" content=\"CLEVER KIDS\" \/>\n<meta property=\"article:publisher\" content=\"https:\/\/www.facebook.com\/cleverkids.ee\/\" \/>\n<meta property=\"article:modified_time\" content=\"2024-06-23T14:59:53+00:00\" \/>\n<meta property=\"og:image\" content=\"https:\/\/cleverkids.ee\/wp-content\/uploads\/2024\/05\/Golovolomka-iz-dereva-Volshebnyj-krug.jpg\" \/>\n\t<meta property=\"og:image:width\" content=\"800\" \/>\n\t<meta property=\"og:image:height\" content=\"800\" \/>\n\t<meta property=\"og:image:type\" content=\"image\/jpeg\" \/>\n<meta name=\"twitter:card\" content=\"summary_large_image\" \/>\n<meta name=\"twitter:label1\" content=\"Est. reading time\" \/>\n\t<meta name=\"twitter:data1\" content=\"1 minut\" \/>\n<script type=\"application\/ld+json\" class=\"yoast-schema-graph\">{\"@context\":\"https:\/\/schema.org\",\"@graph\":[{\"@type\":\"WebPage\",\"@id\":\"https:\/\/cleverkids.ee\/et\/product\/derevyannaya-golovolomka-volshebnyj-k\/\",\"url\":\"https:\/\/cleverkids.ee\/et\/product\/derevyannaya-golovolomka-volshebnyj-k\/\",\"name\":\"Puidust nuputamispusle \u201cV\u00f5luring\u201d, WoodLandToys -\",\"isPartOf\":{\"@id\":\"https:\/\/cleverkids.ee\/et\/#website\"},\"primaryImageOfPage\":{\"@id\":\"https:\/\/cleverkids.ee\/et\/product\/derevyannaya-golovolomka-volshebnyj-k\/#primaryimage\"},\"image\":{\"@id\":\"https:\/\/cleverkids.ee\/et\/product\/derevyannaya-golovolomka-volshebnyj-k\/#primaryimage\"},\"thumbnailUrl\":\"https:\/\/cleverkids.ee\/wp-content\/uploads\/2024\/05\/Golovolomka-iz-dereva-Volshebnyj-krug-1.jpg\",\"datePublished\":\"2024-04-16T04:26:17+00:00\",\"dateModified\":\"2024-06-23T14:59:53+00:00\",\"description\":\"Puidust nuputamispusle \u201cV\u00f5luring\u201d, WoodLandToys - CLEVER KIDS\",\"breadcrumb\":{\"@id\":\"https:\/\/cleverkids.ee\/et\/product\/derevyannaya-golovolomka-volshebnyj-k\/#breadcrumb\"},\"inLanguage\":\"et\",\"potentialAction\":[{\"@type\":\"ReadAction\",\"target\":[\"https:\/\/cleverkids.ee\/et\/product\/derevyannaya-golovolomka-volshebnyj-k\/\"]}]},{\"@type\":\"ImageObject\",\"inLanguage\":\"et\",\"@id\":\"https:\/\/cleverkids.ee\/et\/product\/derevyannaya-golovolomka-volshebnyj-k\/#primaryimage\",\"url\":\"https:\/\/cleverkids.ee\/wp-content\/uploads\/2024\/05\/Golovolomka-iz-dereva-Volshebnyj-krug-1.jpg\",\"contentUrl\":\"https:\/\/cleverkids.ee\/wp-content\/uploads\/2024\/05\/Golovolomka-iz-dereva-Volshebnyj-krug-1.jpg\",\"width\":800,\"height\":800},{\"@type\":\"BreadcrumbList\",\"@id\":\"https:\/\/cleverkids.ee\/et\/product\/derevyannaya-golovolomka-volshebnyj-k\/#breadcrumb\",\"itemListElement\":[{\"@type\":\"ListItem\",\"position\":1,\"name\":\"Esileht\",\"item\":\"https:\/\/cleverkids.ee\/et\/\"},{\"@type\":\"ListItem\",\"position\":2,\"name\":\"Tooted\",\"item\":\"https:\/\/cleverkids.ee\/store\/\"},{\"@type\":\"ListItem\",\"position\":3,\"name\":\"Puidust nuputamispusle \u201cV\u00f5luring\u201d, WoodLandToys\"}]},{\"@type\":\"WebSite\",\"@id\":\"https:\/\/cleverkids.ee\/et\/#website\",\"url\":\"https:\/\/cleverkids.ee\/et\/\",\"name\":\"CLEVER KIDS\",\"description\":\"\",\"publisher\":{\"@id\":\"https:\/\/cleverkids.ee\/et\/#organization\"},\"potentialAction\":[{\"@type\":\"SearchAction\",\"target\":{\"@type\":\"EntryPoint\",\"urlTemplate\":\"https:\/\/cleverkids.ee\/et\/?s={search_term_string}\"},\"query-input\":{\"@type\":\"PropertyValueSpecification\",\"valueRequired\":true,\"valueName\":\"search_term_string\"}}],\"inLanguage\":\"et\"},{\"@type\":\"Organization\",\"@id\":\"https:\/\/cleverkids.ee\/et\/#organization\",\"name\":\"CLEVER KIDS\",\"url\":\"https:\/\/cleverkids.ee\/et\/\",\"logo\":{\"@type\":\"ImageObject\",\"inLanguage\":\"et\",\"@id\":\"https:\/\/cleverkids.ee\/et\/#\/schema\/logo\/image\/\",\"url\":\"https:\/\/cleverkids.ee\/wp-content\/uploads\/2024\/02\/image0-1024x1024.png\",\"contentUrl\":\"https:\/\/cleverkids.ee\/wp-content\/uploads\/2024\/02\/image0-1024x1024.png\",\"width\":1024,\"height\":1024,\"caption\":\"CLEVER KIDS\"},\"image\":{\"@id\":\"https:\/\/cleverkids.ee\/et\/#\/schema\/logo\/image\/\"},\"sameAs\":[\"https:\/\/www.facebook.com\/cleverkids.ee\/\",\"https:\/\/www.instagram.com\/cleverkids_ee\/\"]}]}<\/script>\n<!-- \/ Yoast SEO plugin. -->","yoast_head_json":{"title":"Puidust nuputamispusle \u201cV\u00f5luring\u201d, WoodLandToys -","description":"Puidust nuputamispusle \u201cV\u00f5luring\u201d, WoodLandToys - CLEVER KIDS","robots":{"index":"index","follow":"follow","max-snippet":"max-snippet:-1","max-image-preview":"max-image-preview:large","max-video-preview":"max-video-preview:-1"},"canonical":"https:\/\/cleverkids.ee\/et\/product\/derevyannaya-golovolomka-volshebnyj-k\/","og_locale":"et_EE","og_type":"article","og_title":"Puidust nuputamispusle \u201cV\u00f5luring\u201d, WoodLandToys -","og_description":"Puidust nuputamispusle \u201cV\u00f5luring\u201d, WoodLandToys - CLEVER KIDS","og_url":"https:\/\/cleverkids.ee\/et\/product\/derevyannaya-golovolomka-volshebnyj-k\/","og_site_name":"CLEVER KIDS","article_publisher":"https:\/\/www.facebook.com\/cleverkids.ee\/","article_modified_time":"2024-06-23T14:59:53+00:00","og_image":[{"width":800,"height":800,"url":"https:\/\/cleverkids.ee\/wp-content\/uploads\/2024\/05\/Golovolomka-iz-dereva-Volshebnyj-krug.jpg","type":"image\/jpeg"}],"twitter_card":"summary_large_image","twitter_misc":{"Est. reading time":"1 minut"},"schema":{"@context":"https:\/\/schema.org","@graph":[{"@type":"WebPage","@id":"https:\/\/cleverkids.ee\/et\/product\/derevyannaya-golovolomka-volshebnyj-k\/","url":"https:\/\/cleverkids.ee\/et\/product\/derevyannaya-golovolomka-volshebnyj-k\/","name":"Puidust nuputamispusle \u201cV\u00f5luring\u201d, WoodLandToys -","isPartOf":{"@id":"https:\/\/cleverkids.ee\/et\/#website"},"primaryImageOfPage":{"@id":"https:\/\/cleverkids.ee\/et\/product\/derevyannaya-golovolomka-volshebnyj-k\/#primaryimage"},"image":{"@id":"https:\/\/cleverkids.ee\/et\/product\/derevyannaya-golovolomka-volshebnyj-k\/#primaryimage"},"thumbnailUrl":"https:\/\/cleverkids.ee\/wp-content\/uploads\/2024\/05\/Golovolomka-iz-dereva-Volshebnyj-krug-1.jpg","datePublished":"2024-04-16T04:26:17+00:00","dateModified":"2024-06-23T14:59:53+00:00","description":"Puidust nuputamispusle \u201cV\u00f5luring\u201d, WoodLandToys - CLEVER KIDS","breadcrumb":{"@id":"https:\/\/cleverkids.ee\/et\/product\/derevyannaya-golovolomka-volshebnyj-k\/#breadcrumb"},"inLanguage":"et","potentialAction":[{"@type":"ReadAction","target":["https:\/\/cleverkids.ee\/et\/product\/derevyannaya-golovolomka-volshebnyj-k\/"]}]},{"@type":"ImageObject","inLanguage":"et","@id":"https:\/\/cleverkids.ee\/et\/product\/derevyannaya-golovolomka-volshebnyj-k\/#primaryimage","url":"https:\/\/cleverkids.ee\/wp-content\/uploads\/2024\/05\/Golovolomka-iz-dereva-Volshebnyj-krug-1.jpg","contentUrl":"https:\/\/cleverkids.ee\/wp-content\/uploads\/2024\/05\/Golovolomka-iz-dereva-Volshebnyj-krug-1.jpg","width":800,"height":800},{"@type":"BreadcrumbList","@id":"https:\/\/cleverkids.ee\/et\/product\/derevyannaya-golovolomka-volshebnyj-k\/#breadcrumb","itemListElement":[{"@type":"ListItem","position":1,"name":"Esileht","item":"https:\/\/cleverkids.ee\/et\/"},{"@type":"ListItem","position":2,"name":"Tooted","item":"https:\/\/cleverkids.ee\/store\/"},{"@type":"ListItem","position":3,"name":"Puidust nuputamispusle \u201cV\u00f5luring\u201d, WoodLandToys"}]},{"@type":"WebSite","@id":"https:\/\/cleverkids.ee\/et\/#website","url":"https:\/\/cleverkids.ee\/et\/","name":"CLEVER KIDS","description":"","publisher":{"@id":"https:\/\/cleverkids.ee\/et\/#organization"},"potentialAction":[{"@type":"SearchAction","target":{"@type":"EntryPoint","urlTemplate":"https:\/\/cleverkids.ee\/et\/?s={search_term_string}"},"query-input":{"@type":"PropertyValueSpecification","valueRequired":true,"valueName":"search_term_string"}}],"inLanguage":"et"},{"@type":"Organization","@id":"https:\/\/cleverkids.ee\/et\/#organization","name":"CLEVER KIDS","url":"https:\/\/cleverkids.ee\/et\/","logo":{"@type":"ImageObject","inLanguage":"et","@id":"https:\/\/cleverkids.ee\/et\/#\/schema\/logo\/image\/","url":"https:\/\/cleverkids.ee\/wp-content\/uploads\/2024\/02\/image0-1024x1024.png","contentUrl":"https:\/\/cleverkids.ee\/wp-content\/uploads\/2024\/02\/image0-1024x1024.png","width":1024,"height":1024,"caption":"CLEVER KIDS"},"image":{"@id":"https:\/\/cleverkids.ee\/et\/#\/schema\/logo\/image\/"},"sameAs":["https:\/\/www.facebook.com\/cleverkids.ee\/","https:\/\/www.instagram.com\/cleverkids_ee\/"]}]}},"_links":{"self":[{"href":"https:\/\/cleverkids.ee\/et\/wp-json\/wp\/v2\/product\/45998","targetHints":{"allow":["GET"]}}],"collection":[{"href":"https:\/\/cleverkids.ee\/et\/wp-json\/wp\/v2\/product"}],"about":[{"href":"https:\/\/cleverkids.ee\/et\/wp-json\/wp\/v2\/types\/product"}],"wp:featuredmedia":[{"embeddable":true,"href":"https:\/\/cleverkids.ee\/et\/wp-json\/wp\/v2\/media\/71466"}],"wp:attachment":[{"href":"https:\/\/cleverkids.ee\/et\/wp-json\/wp\/v2\/media?parent=45998"}],"wp:term":[{"taxonomy":"product_brand","embeddable":true,"href":"https:\/\/cleverkids.ee\/et\/wp-json\/wp\/v2\/product_brand?post=45998"},{"taxonomy":"product_cat","embeddable":true,"href":"https:\/\/cleverkids.ee\/et\/wp-json\/wp\/v2\/product_cat?post=45998"},{"taxonomy":"product_tag","embeddable":true,"href":"https:\/\/cleverkids.ee\/et\/wp-json\/wp\/v2\/product_tag?post=45998"}],"curies":[{"name":"wp","href":"https:\/\/api.w.org\/{rel}","templated":true}]}}