{"id":46010,"date":"2024-04-16T07:26:17","date_gmt":"2024-04-16T04:26:17","guid":{"rendered":"https:\/\/cleverkids.dev2.sdhost.eu\/product\/%d0%b4%d0%b5%d1%80%d0%b5%d0%b2%d1%8f%d0%bd%d0%bd%d1%8b%d0%b9-%d1%81%d0%bf%d0%b8%d1%80%d0%be%d0%b3%d1%80%d0%b0%d1%84-%d0%b4%d0%bb%d1%8f-%d1%80%d0%b8%d1%81%d0%be%d0%b2%d0%b0%d0%bd%d0%b8%d1%8f-%d0%bf\/"},"modified":"2024-06-23T17:59:53","modified_gmt":"2024-06-23T14:59:53","slug":"derevyannyj-spirograf-dlya-risovaniya-p","status":"publish","type":"product","link":"https:\/\/cleverkids.ee\/et\/product\/derevyannyj-spirograf-dlya-risovaniya-p\/","title":{"rendered":"Spirograaf \u201cPrintsessid\u201d"},"content":{"rendered":"<p>Mitmefunktsiooniline, intellektuaalne ja arendav puidust m\u00e4nguasi joonistamiseks.<\/p>\n<p>Spirograafi on v\u00e4ga lihtne kasutada. Asetage paberilehele spirograafi hammasratas, asetage sellesse \u00fcks ring. Kinnitage ringi \u00fchte avasse kirjutusvahendi (pastakas, pliiats, viltpliiats jne) ots ja hakake k\u00e4ega p\u00f6\u00f6rlevaid liigutusi tegema. Paberile ilmub spiraalikujuline muster. Kasutades mitmesuguseid kirjutusvahendeid ja ringide avasid, saab teha l\u00f5putul hulgal suurep\u00e4raseid joonistusi.<\/p>\n","protected":false},"excerpt":{"rendered":"<p>Mitmefunktsiooniline, intellektuaalne ja arendav puidust m\u00e4nguasi joonistamiseks. Spirograafi on v\u00e4ga lihtne kasutada. Asetage paberilehele spirograafi hammasratas, asetage sellesse \u00fcks ring. Kinnitage ringi \u00fchte avasse kirjutusvahendi (pastakas, pliiats, viltpliiats jne) ots ja hakake k\u00e4ega p\u00f6\u00f6rlevaid liigutusi tegema. Paberile ilmub spiraalikujuline muster. Kasutades mitmesuguseid kirjutusvahendeid ja ringide avasid, saab teha l\u00f5putul hulgal suurep\u00e4raseid joonistusi.<\/p>\n","protected":false},"featured_media":71454,"template":"","meta":{"_monsterinsights_skip_tracking":false,"_monsterinsights_sitenote_active":false,"_monsterinsights_sitenote_note":"","_monsterinsights_sitenote_category":0},"product_brand":[],"product_cat":[49,52,58],"product_tag":[],"class_list":{"0":"post-46010","1":"product","2":"type-product","3":"status-publish","4":"has-post-thumbnail","6":"product_cat-puidust-arendavad-manguasjad","7":"product_cat-loovus","8":"product_cat-unkategorized","9":"pa_vozrast-ot-5-let-et","11":"first","12":"instock","13":"shipping-taxable","14":"purchasable","15":"product-type-simple"},"yoast_head":"<!-- This site is optimized with the Yoast SEO plugin v25.0 - https:\/\/yoast.com\/wordpress\/plugins\/seo\/ -->\n<title>Spirograaf \u201cPrintsessid\u201d -<\/title>\n<meta name=\"description\" content=\"Spirograaf \u201cPrintsessid\u201d - CLEVER KIDS\" \/>\n<meta name=\"robots\" content=\"index, follow, max-snippet:-1, max-image-preview:large, max-video-preview:-1\" \/>\n<link rel=\"canonical\" href=\"https:\/\/cleverkids.ee\/et\/product\/derevyannyj-spirograf-dlya-risovaniya-p\/\" \/>\n<meta property=\"og:locale\" content=\"et_EE\" \/>\n<meta property=\"og:type\" content=\"article\" \/>\n<meta property=\"og:title\" content=\"Spirograaf \u201cPrintsessid\u201d -\" \/>\n<meta property=\"og:description\" content=\"Spirograaf \u201cPrintsessid\u201d - CLEVER KIDS\" \/>\n<meta property=\"og:url\" content=\"https:\/\/cleverkids.ee\/et\/product\/derevyannyj-spirograf-dlya-risovaniya-p\/\" \/>\n<meta property=\"og:site_name\" content=\"CLEVER KIDS\" \/>\n<meta property=\"article:publisher\" content=\"https:\/\/www.facebook.com\/cleverkids.ee\/\" \/>\n<meta property=\"article:modified_time\" content=\"2024-06-23T14:59:53+00:00\" \/>\n<meta property=\"og:image\" content=\"https:\/\/cleverkids.ee\/wp-content\/uploads\/2024\/05\/2761-3-1.jpg\" \/>\n\t<meta property=\"og:image:width\" content=\"676\" \/>\n\t<meta property=\"og:image:height\" content=\"902\" \/>\n\t<meta property=\"og:image:type\" content=\"image\/jpeg\" \/>\n<meta name=\"twitter:card\" content=\"summary_large_image\" \/>\n<script type=\"application\/ld+json\" class=\"yoast-schema-graph\">{\"@context\":\"https:\/\/schema.org\",\"@graph\":[{\"@type\":\"WebPage\",\"@id\":\"https:\/\/cleverkids.ee\/et\/product\/derevyannyj-spirograf-dlya-risovaniya-p\/\",\"url\":\"https:\/\/cleverkids.ee\/et\/product\/derevyannyj-spirograf-dlya-risovaniya-p\/\",\"name\":\"Spirograaf \u201cPrintsessid\u201d -\",\"isPartOf\":{\"@id\":\"https:\/\/cleverkids.ee\/et\/#website\"},\"primaryImageOfPage\":{\"@id\":\"https:\/\/cleverkids.ee\/et\/product\/derevyannyj-spirograf-dlya-risovaniya-p\/#primaryimage\"},\"image\":{\"@id\":\"https:\/\/cleverkids.ee\/et\/product\/derevyannyj-spirograf-dlya-risovaniya-p\/#primaryimage\"},\"thumbnailUrl\":\"https:\/\/cleverkids.ee\/wp-content\/uploads\/2024\/05\/2761-3-1.jpg\",\"datePublished\":\"2024-04-16T04:26:17+00:00\",\"dateModified\":\"2024-06-23T14:59:53+00:00\",\"description\":\"Spirograaf \u201cPrintsessid\u201d - CLEVER KIDS\",\"breadcrumb\":{\"@id\":\"https:\/\/cleverkids.ee\/et\/product\/derevyannyj-spirograf-dlya-risovaniya-p\/#breadcrumb\"},\"inLanguage\":\"et\",\"potentialAction\":[{\"@type\":\"ReadAction\",\"target\":[\"https:\/\/cleverkids.ee\/et\/product\/derevyannyj-spirograf-dlya-risovaniya-p\/\"]}]},{\"@type\":\"ImageObject\",\"inLanguage\":\"et\",\"@id\":\"https:\/\/cleverkids.ee\/et\/product\/derevyannyj-spirograf-dlya-risovaniya-p\/#primaryimage\",\"url\":\"https:\/\/cleverkids.ee\/wp-content\/uploads\/2024\/05\/2761-3-1.jpg\",\"contentUrl\":\"https:\/\/cleverkids.ee\/wp-content\/uploads\/2024\/05\/2761-3-1.jpg\",\"width\":676,\"height\":902},{\"@type\":\"BreadcrumbList\",\"@id\":\"https:\/\/cleverkids.ee\/et\/product\/derevyannyj-spirograf-dlya-risovaniya-p\/#breadcrumb\",\"itemListElement\":[{\"@type\":\"ListItem\",\"position\":1,\"name\":\"Esileht\",\"item\":\"https:\/\/cleverkids.ee\/et\/\"},{\"@type\":\"ListItem\",\"position\":2,\"name\":\"Tooted\",\"item\":\"https:\/\/cleverkids.ee\/store\/\"},{\"@type\":\"ListItem\",\"position\":3,\"name\":\"Spirograaf \u201cPrintsessid\u201d\"}]},{\"@type\":\"WebSite\",\"@id\":\"https:\/\/cleverkids.ee\/et\/#website\",\"url\":\"https:\/\/cleverkids.ee\/et\/\",\"name\":\"CLEVER KIDS\",\"description\":\"\",\"publisher\":{\"@id\":\"https:\/\/cleverkids.ee\/et\/#organization\"},\"potentialAction\":[{\"@type\":\"SearchAction\",\"target\":{\"@type\":\"EntryPoint\",\"urlTemplate\":\"https:\/\/cleverkids.ee\/et\/?s={search_term_string}\"},\"query-input\":{\"@type\":\"PropertyValueSpecification\",\"valueRequired\":true,\"valueName\":\"search_term_string\"}}],\"inLanguage\":\"et\"},{\"@type\":\"Organization\",\"@id\":\"https:\/\/cleverkids.ee\/et\/#organization\",\"name\":\"CLEVER KIDS\",\"url\":\"https:\/\/cleverkids.ee\/et\/\",\"logo\":{\"@type\":\"ImageObject\",\"inLanguage\":\"et\",\"@id\":\"https:\/\/cleverkids.ee\/et\/#\/schema\/logo\/image\/\",\"url\":\"https:\/\/cleverkids.ee\/wp-content\/uploads\/2024\/02\/image0-1024x1024.png\",\"contentUrl\":\"https:\/\/cleverkids.ee\/wp-content\/uploads\/2024\/02\/image0-1024x1024.png\",\"width\":1024,\"height\":1024,\"caption\":\"CLEVER KIDS\"},\"image\":{\"@id\":\"https:\/\/cleverkids.ee\/et\/#\/schema\/logo\/image\/\"},\"sameAs\":[\"https:\/\/www.facebook.com\/cleverkids.ee\/\",\"https:\/\/www.instagram.com\/cleverkids_ee\/\"]}]}<\/script>\n<!-- \/ Yoast SEO plugin. -->","yoast_head_json":{"title":"Spirograaf \u201cPrintsessid\u201d -","description":"Spirograaf \u201cPrintsessid\u201d - CLEVER KIDS","robots":{"index":"index","follow":"follow","max-snippet":"max-snippet:-1","max-image-preview":"max-image-preview:large","max-video-preview":"max-video-preview:-1"},"canonical":"https:\/\/cleverkids.ee\/et\/product\/derevyannyj-spirograf-dlya-risovaniya-p\/","og_locale":"et_EE","og_type":"article","og_title":"Spirograaf \u201cPrintsessid\u201d -","og_description":"Spirograaf \u201cPrintsessid\u201d - CLEVER KIDS","og_url":"https:\/\/cleverkids.ee\/et\/product\/derevyannyj-spirograf-dlya-risovaniya-p\/","og_site_name":"CLEVER KIDS","article_publisher":"https:\/\/www.facebook.com\/cleverkids.ee\/","article_modified_time":"2024-06-23T14:59:53+00:00","og_image":[{"width":676,"height":902,"url":"https:\/\/cleverkids.ee\/wp-content\/uploads\/2024\/05\/2761-3-1.jpg","type":"image\/jpeg"}],"twitter_card":"summary_large_image","schema":{"@context":"https:\/\/schema.org","@graph":[{"@type":"WebPage","@id":"https:\/\/cleverkids.ee\/et\/product\/derevyannyj-spirograf-dlya-risovaniya-p\/","url":"https:\/\/cleverkids.ee\/et\/product\/derevyannyj-spirograf-dlya-risovaniya-p\/","name":"Spirograaf \u201cPrintsessid\u201d -","isPartOf":{"@id":"https:\/\/cleverkids.ee\/et\/#website"},"primaryImageOfPage":{"@id":"https:\/\/cleverkids.ee\/et\/product\/derevyannyj-spirograf-dlya-risovaniya-p\/#primaryimage"},"image":{"@id":"https:\/\/cleverkids.ee\/et\/product\/derevyannyj-spirograf-dlya-risovaniya-p\/#primaryimage"},"thumbnailUrl":"https:\/\/cleverkids.ee\/wp-content\/uploads\/2024\/05\/2761-3-1.jpg","datePublished":"2024-04-16T04:26:17+00:00","dateModified":"2024-06-23T14:59:53+00:00","description":"Spirograaf \u201cPrintsessid\u201d - CLEVER KIDS","breadcrumb":{"@id":"https:\/\/cleverkids.ee\/et\/product\/derevyannyj-spirograf-dlya-risovaniya-p\/#breadcrumb"},"inLanguage":"et","potentialAction":[{"@type":"ReadAction","target":["https:\/\/cleverkids.ee\/et\/product\/derevyannyj-spirograf-dlya-risovaniya-p\/"]}]},{"@type":"ImageObject","inLanguage":"et","@id":"https:\/\/cleverkids.ee\/et\/product\/derevyannyj-spirograf-dlya-risovaniya-p\/#primaryimage","url":"https:\/\/cleverkids.ee\/wp-content\/uploads\/2024\/05\/2761-3-1.jpg","contentUrl":"https:\/\/cleverkids.ee\/wp-content\/uploads\/2024\/05\/2761-3-1.jpg","width":676,"height":902},{"@type":"BreadcrumbList","@id":"https:\/\/cleverkids.ee\/et\/product\/derevyannyj-spirograf-dlya-risovaniya-p\/#breadcrumb","itemListElement":[{"@type":"ListItem","position":1,"name":"Esileht","item":"https:\/\/cleverkids.ee\/et\/"},{"@type":"ListItem","position":2,"name":"Tooted","item":"https:\/\/cleverkids.ee\/store\/"},{"@type":"ListItem","position":3,"name":"Spirograaf \u201cPrintsessid\u201d"}]},{"@type":"WebSite","@id":"https:\/\/cleverkids.ee\/et\/#website","url":"https:\/\/cleverkids.ee\/et\/","name":"CLEVER KIDS","description":"","publisher":{"@id":"https:\/\/cleverkids.ee\/et\/#organization"},"potentialAction":[{"@type":"SearchAction","target":{"@type":"EntryPoint","urlTemplate":"https:\/\/cleverkids.ee\/et\/?s={search_term_string}"},"query-input":{"@type":"PropertyValueSpecification","valueRequired":true,"valueName":"search_term_string"}}],"inLanguage":"et"},{"@type":"Organization","@id":"https:\/\/cleverkids.ee\/et\/#organization","name":"CLEVER KIDS","url":"https:\/\/cleverkids.ee\/et\/","logo":{"@type":"ImageObject","inLanguage":"et","@id":"https:\/\/cleverkids.ee\/et\/#\/schema\/logo\/image\/","url":"https:\/\/cleverkids.ee\/wp-content\/uploads\/2024\/02\/image0-1024x1024.png","contentUrl":"https:\/\/cleverkids.ee\/wp-content\/uploads\/2024\/02\/image0-1024x1024.png","width":1024,"height":1024,"caption":"CLEVER KIDS"},"image":{"@id":"https:\/\/cleverkids.ee\/et\/#\/schema\/logo\/image\/"},"sameAs":["https:\/\/www.facebook.com\/cleverkids.ee\/","https:\/\/www.instagram.com\/cleverkids_ee\/"]}]}},"_links":{"self":[{"href":"https:\/\/cleverkids.ee\/et\/wp-json\/wp\/v2\/product\/46010","targetHints":{"allow":["GET"]}}],"collection":[{"href":"https:\/\/cleverkids.ee\/et\/wp-json\/wp\/v2\/product"}],"about":[{"href":"https:\/\/cleverkids.ee\/et\/wp-json\/wp\/v2\/types\/product"}],"wp:featuredmedia":[{"embeddable":true,"href":"https:\/\/cleverkids.ee\/et\/wp-json\/wp\/v2\/media\/71454"}],"wp:attachment":[{"href":"https:\/\/cleverkids.ee\/et\/wp-json\/wp\/v2\/media?parent=46010"}],"wp:term":[{"taxonomy":"product_brand","embeddable":true,"href":"https:\/\/cleverkids.ee\/et\/wp-json\/wp\/v2\/product_brand?post=46010"},{"taxonomy":"product_cat","embeddable":true,"href":"https:\/\/cleverkids.ee\/et\/wp-json\/wp\/v2\/product_cat?post=46010"},{"taxonomy":"product_tag","embeddable":true,"href":"https:\/\/cleverkids.ee\/et\/wp-json\/wp\/v2\/product_tag?post=46010"}],"curies":[{"name":"wp","href":"https:\/\/api.w.org\/{rel}","templated":true}]}}