{"id":46358,"date":"2024-04-16T07:25:52","date_gmt":"2024-04-16T04:25:52","guid":{"rendered":"https:\/\/cleverkids.dev2.sdhost.eu\/product\/%d1%80%d0%b0%d0%bc%d0%ba%d0%b0-%d0%b2%d0%ba%d0%bb%d0%b0%d0%b4%d1%8b%d1%88-%d0%b3%d0%b5%d0%be%d0%bc%d0%b5%d1%82%d1%80%d0%b8%d1%87%d0%b5%d1%81%d0%ba%d0%b8%d0%b5-%d1%84%d0%be%d1%80%d0%bc%d1%8b-%d0%b8\/"},"modified":"2024-12-10T23:15:39","modified_gmt":"2024-12-10T21:15:39","slug":"ramka-vkladysh-geometricheskie-formy-i","status":"publish","type":"product","link":"https:\/\/cleverkids.ee\/et\/product\/ramka-vkladysh-geometricheskie-formy-i\/","title":{"rendered":"Arendav m\u00e4ng \u201cGeomeetrilised kujundid ja v\u00e4rv\u201d (keeruline)"},"content":{"rendered":"<p>Arendav m\u00e4nguasi, mis on loodud itaalia pedagoogi Maria Montessori metoodika j\u00e4rgi.<\/p>\n<p>Tegevuste ja m\u00e4ngude korraldamine on selles m\u00e4ngus v\u00e4ga lihtne \u2013 laps peab tahvlilt iseseisvalt leidma igale elemendile<span class=\"Apple-converted-space\">\u00a0 <\/span>sobiva koha.<\/p>\n<p>See metoodika v\u00f5imaldab lapsel \u00f5ppida v\u00e4rve, geomeetrilisi kujundeid ja tajuda nende suurus<\/p>\n","protected":false},"excerpt":{"rendered":"<p>Arendav m\u00e4nguasi, mis on loodud itaalia pedagoogi Maria Montessori metoodika j\u00e4rgi. Tegevuste ja m\u00e4ngude korraldamine on selles m\u00e4ngus v\u00e4ga lihtne \u2013 laps peab tahvlilt iseseisvalt leidma igale elemendile\u00a0 sobiva koha. See metoodika v\u00f5imaldab lapsel \u00f5ppida v\u00e4rve, geomeetrilisi kujundeid ja tajuda nende suurus<\/p>\n","protected":false},"featured_media":71025,"template":"","meta":{"_monsterinsights_skip_tracking":false,"_monsterinsights_sitenote_active":false,"_monsterinsights_sitenote_note":"","_monsterinsights_sitenote_category":0},"product_brand":[],"product_cat":[49,57,58],"product_tag":[],"class_list":{"0":"post-46358","1":"product","2":"type-product","3":"status-publish","4":"has-post-thumbnail","6":"product_cat-puidust-arendavad-manguasjad","7":"product_cat-allahindlused","8":"product_cat-unkategorized","9":"pa_vozrast-ot-3-do-5-let-et","11":"first","12":"instock","13":"sale","14":"shipping-taxable","15":"purchasable","16":"product-type-simple"},"yoast_head":"<!-- This site is optimized with the Yoast SEO plugin v25.0 - https:\/\/yoast.com\/wordpress\/plugins\/seo\/ -->\n<title>Arendav m\u00e4ng \u201cGeomeetrilised kujundid ja v\u00e4rv\u201d (keeruline) -<\/title>\n<meta name=\"description\" content=\"Arendav m\u00e4ng \u201cGeomeetrilised kujundid ja v\u00e4rv\u201d (keeruline) - CLEVER KIDS\" \/>\n<meta name=\"robots\" content=\"index, follow, max-snippet:-1, max-image-preview:large, max-video-preview:-1\" \/>\n<link rel=\"canonical\" href=\"https:\/\/cleverkids.ee\/et\/product\/ramka-vkladysh-geometricheskie-formy-i\/\" \/>\n<meta property=\"og:locale\" content=\"et_EE\" \/>\n<meta property=\"og:type\" content=\"article\" \/>\n<meta property=\"og:title\" content=\"Arendav m\u00e4ng \u201cGeomeetrilised kujundid ja v\u00e4rv\u201d (keeruline) -\" \/>\n<meta property=\"og:description\" content=\"Arendav m\u00e4ng \u201cGeomeetrilised kujundid ja v\u00e4rv\u201d (keeruline) - CLEVER KIDS\" \/>\n<meta property=\"og:url\" content=\"https:\/\/cleverkids.ee\/et\/product\/ramka-vkladysh-geometricheskie-formy-i\/\" \/>\n<meta property=\"og:site_name\" content=\"CLEVER KIDS\" \/>\n<meta property=\"article:publisher\" content=\"https:\/\/www.facebook.com\/cleverkids.ee\/\" \/>\n<meta property=\"article:modified_time\" content=\"2024-12-10T21:15:39+00:00\" \/>\n<meta property=\"og:image\" content=\"https:\/\/cleverkids.ee\/wp-content\/uploads\/2024\/05\/IMG_3866_1800x1800-1.jpg\" \/>\n\t<meta property=\"og:image:width\" content=\"1800\" \/>\n\t<meta property=\"og:image:height\" content=\"1200\" \/>\n\t<meta property=\"og:image:type\" content=\"image\/jpeg\" \/>\n<meta name=\"twitter:card\" content=\"summary_large_image\" \/>\n<script type=\"application\/ld+json\" class=\"yoast-schema-graph\">{\"@context\":\"https:\/\/schema.org\",\"@graph\":[{\"@type\":\"WebPage\",\"@id\":\"https:\/\/cleverkids.ee\/et\/product\/ramka-vkladysh-geometricheskie-formy-i\/\",\"url\":\"https:\/\/cleverkids.ee\/et\/product\/ramka-vkladysh-geometricheskie-formy-i\/\",\"name\":\"Arendav m\u00e4ng \u201cGeomeetrilised kujundid ja v\u00e4rv\u201d (keeruline) -\",\"isPartOf\":{\"@id\":\"https:\/\/cleverkids.ee\/et\/#website\"},\"primaryImageOfPage\":{\"@id\":\"https:\/\/cleverkids.ee\/et\/product\/ramka-vkladysh-geometricheskie-formy-i\/#primaryimage\"},\"image\":{\"@id\":\"https:\/\/cleverkids.ee\/et\/product\/ramka-vkladysh-geometricheskie-formy-i\/#primaryimage\"},\"thumbnailUrl\":\"https:\/\/cleverkids.ee\/wp-content\/uploads\/2024\/05\/IMG_3866_1800x1800-1.jpg\",\"datePublished\":\"2024-04-16T04:25:52+00:00\",\"dateModified\":\"2024-12-10T21:15:39+00:00\",\"description\":\"Arendav m\u00e4ng \u201cGeomeetrilised kujundid ja v\u00e4rv\u201d (keeruline) - CLEVER KIDS\",\"breadcrumb\":{\"@id\":\"https:\/\/cleverkids.ee\/et\/product\/ramka-vkladysh-geometricheskie-formy-i\/#breadcrumb\"},\"inLanguage\":\"et\",\"potentialAction\":[{\"@type\":\"ReadAction\",\"target\":[\"https:\/\/cleverkids.ee\/et\/product\/ramka-vkladysh-geometricheskie-formy-i\/\"]}]},{\"@type\":\"ImageObject\",\"inLanguage\":\"et\",\"@id\":\"https:\/\/cleverkids.ee\/et\/product\/ramka-vkladysh-geometricheskie-formy-i\/#primaryimage\",\"url\":\"https:\/\/cleverkids.ee\/wp-content\/uploads\/2024\/05\/IMG_3866_1800x1800-1.jpg\",\"contentUrl\":\"https:\/\/cleverkids.ee\/wp-content\/uploads\/2024\/05\/IMG_3866_1800x1800-1.jpg\",\"width\":1800,\"height\":1200},{\"@type\":\"BreadcrumbList\",\"@id\":\"https:\/\/cleverkids.ee\/et\/product\/ramka-vkladysh-geometricheskie-formy-i\/#breadcrumb\",\"itemListElement\":[{\"@type\":\"ListItem\",\"position\":1,\"name\":\"Esileht\",\"item\":\"https:\/\/cleverkids.ee\/et\/\"},{\"@type\":\"ListItem\",\"position\":2,\"name\":\"Tooted\",\"item\":\"https:\/\/cleverkids.ee\/store\/\"},{\"@type\":\"ListItem\",\"position\":3,\"name\":\"Arendav m\u00e4ng \u201cGeomeetrilised kujundid ja v\u00e4rv\u201d (keeruline)\"}]},{\"@type\":\"WebSite\",\"@id\":\"https:\/\/cleverkids.ee\/et\/#website\",\"url\":\"https:\/\/cleverkids.ee\/et\/\",\"name\":\"CLEVER KIDS\",\"description\":\"\",\"publisher\":{\"@id\":\"https:\/\/cleverkids.ee\/et\/#organization\"},\"potentialAction\":[{\"@type\":\"SearchAction\",\"target\":{\"@type\":\"EntryPoint\",\"urlTemplate\":\"https:\/\/cleverkids.ee\/et\/?s={search_term_string}\"},\"query-input\":{\"@type\":\"PropertyValueSpecification\",\"valueRequired\":true,\"valueName\":\"search_term_string\"}}],\"inLanguage\":\"et\"},{\"@type\":\"Organization\",\"@id\":\"https:\/\/cleverkids.ee\/et\/#organization\",\"name\":\"CLEVER KIDS\",\"url\":\"https:\/\/cleverkids.ee\/et\/\",\"logo\":{\"@type\":\"ImageObject\",\"inLanguage\":\"et\",\"@id\":\"https:\/\/cleverkids.ee\/et\/#\/schema\/logo\/image\/\",\"url\":\"https:\/\/cleverkids.ee\/wp-content\/uploads\/2024\/02\/image0-1024x1024.png\",\"contentUrl\":\"https:\/\/cleverkids.ee\/wp-content\/uploads\/2024\/02\/image0-1024x1024.png\",\"width\":1024,\"height\":1024,\"caption\":\"CLEVER KIDS\"},\"image\":{\"@id\":\"https:\/\/cleverkids.ee\/et\/#\/schema\/logo\/image\/\"},\"sameAs\":[\"https:\/\/www.facebook.com\/cleverkids.ee\/\",\"https:\/\/www.instagram.com\/cleverkids_ee\/\"]}]}<\/script>\n<!-- \/ Yoast SEO plugin. -->","yoast_head_json":{"title":"Arendav m\u00e4ng \u201cGeomeetrilised kujundid ja v\u00e4rv\u201d (keeruline) -","description":"Arendav m\u00e4ng \u201cGeomeetrilised kujundid ja v\u00e4rv\u201d (keeruline) - CLEVER KIDS","robots":{"index":"index","follow":"follow","max-snippet":"max-snippet:-1","max-image-preview":"max-image-preview:large","max-video-preview":"max-video-preview:-1"},"canonical":"https:\/\/cleverkids.ee\/et\/product\/ramka-vkladysh-geometricheskie-formy-i\/","og_locale":"et_EE","og_type":"article","og_title":"Arendav m\u00e4ng \u201cGeomeetrilised kujundid ja v\u00e4rv\u201d (keeruline) -","og_description":"Arendav m\u00e4ng \u201cGeomeetrilised kujundid ja v\u00e4rv\u201d (keeruline) - CLEVER KIDS","og_url":"https:\/\/cleverkids.ee\/et\/product\/ramka-vkladysh-geometricheskie-formy-i\/","og_site_name":"CLEVER KIDS","article_publisher":"https:\/\/www.facebook.com\/cleverkids.ee\/","article_modified_time":"2024-12-10T21:15:39+00:00","og_image":[{"width":1800,"height":1200,"url":"https:\/\/cleverkids.ee\/wp-content\/uploads\/2024\/05\/IMG_3866_1800x1800-1.jpg","type":"image\/jpeg"}],"twitter_card":"summary_large_image","schema":{"@context":"https:\/\/schema.org","@graph":[{"@type":"WebPage","@id":"https:\/\/cleverkids.ee\/et\/product\/ramka-vkladysh-geometricheskie-formy-i\/","url":"https:\/\/cleverkids.ee\/et\/product\/ramka-vkladysh-geometricheskie-formy-i\/","name":"Arendav m\u00e4ng \u201cGeomeetrilised kujundid ja v\u00e4rv\u201d (keeruline) -","isPartOf":{"@id":"https:\/\/cleverkids.ee\/et\/#website"},"primaryImageOfPage":{"@id":"https:\/\/cleverkids.ee\/et\/product\/ramka-vkladysh-geometricheskie-formy-i\/#primaryimage"},"image":{"@id":"https:\/\/cleverkids.ee\/et\/product\/ramka-vkladysh-geometricheskie-formy-i\/#primaryimage"},"thumbnailUrl":"https:\/\/cleverkids.ee\/wp-content\/uploads\/2024\/05\/IMG_3866_1800x1800-1.jpg","datePublished":"2024-04-16T04:25:52+00:00","dateModified":"2024-12-10T21:15:39+00:00","description":"Arendav m\u00e4ng \u201cGeomeetrilised kujundid ja v\u00e4rv\u201d (keeruline) - CLEVER KIDS","breadcrumb":{"@id":"https:\/\/cleverkids.ee\/et\/product\/ramka-vkladysh-geometricheskie-formy-i\/#breadcrumb"},"inLanguage":"et","potentialAction":[{"@type":"ReadAction","target":["https:\/\/cleverkids.ee\/et\/product\/ramka-vkladysh-geometricheskie-formy-i\/"]}]},{"@type":"ImageObject","inLanguage":"et","@id":"https:\/\/cleverkids.ee\/et\/product\/ramka-vkladysh-geometricheskie-formy-i\/#primaryimage","url":"https:\/\/cleverkids.ee\/wp-content\/uploads\/2024\/05\/IMG_3866_1800x1800-1.jpg","contentUrl":"https:\/\/cleverkids.ee\/wp-content\/uploads\/2024\/05\/IMG_3866_1800x1800-1.jpg","width":1800,"height":1200},{"@type":"BreadcrumbList","@id":"https:\/\/cleverkids.ee\/et\/product\/ramka-vkladysh-geometricheskie-formy-i\/#breadcrumb","itemListElement":[{"@type":"ListItem","position":1,"name":"Esileht","item":"https:\/\/cleverkids.ee\/et\/"},{"@type":"ListItem","position":2,"name":"Tooted","item":"https:\/\/cleverkids.ee\/store\/"},{"@type":"ListItem","position":3,"name":"Arendav m\u00e4ng \u201cGeomeetrilised kujundid ja v\u00e4rv\u201d (keeruline)"}]},{"@type":"WebSite","@id":"https:\/\/cleverkids.ee\/et\/#website","url":"https:\/\/cleverkids.ee\/et\/","name":"CLEVER KIDS","description":"","publisher":{"@id":"https:\/\/cleverkids.ee\/et\/#organization"},"potentialAction":[{"@type":"SearchAction","target":{"@type":"EntryPoint","urlTemplate":"https:\/\/cleverkids.ee\/et\/?s={search_term_string}"},"query-input":{"@type":"PropertyValueSpecification","valueRequired":true,"valueName":"search_term_string"}}],"inLanguage":"et"},{"@type":"Organization","@id":"https:\/\/cleverkids.ee\/et\/#organization","name":"CLEVER KIDS","url":"https:\/\/cleverkids.ee\/et\/","logo":{"@type":"ImageObject","inLanguage":"et","@id":"https:\/\/cleverkids.ee\/et\/#\/schema\/logo\/image\/","url":"https:\/\/cleverkids.ee\/wp-content\/uploads\/2024\/02\/image0-1024x1024.png","contentUrl":"https:\/\/cleverkids.ee\/wp-content\/uploads\/2024\/02\/image0-1024x1024.png","width":1024,"height":1024,"caption":"CLEVER KIDS"},"image":{"@id":"https:\/\/cleverkids.ee\/et\/#\/schema\/logo\/image\/"},"sameAs":["https:\/\/www.facebook.com\/cleverkids.ee\/","https:\/\/www.instagram.com\/cleverkids_ee\/"]}]}},"_links":{"self":[{"href":"https:\/\/cleverkids.ee\/et\/wp-json\/wp\/v2\/product\/46358","targetHints":{"allow":["GET"]}}],"collection":[{"href":"https:\/\/cleverkids.ee\/et\/wp-json\/wp\/v2\/product"}],"about":[{"href":"https:\/\/cleverkids.ee\/et\/wp-json\/wp\/v2\/types\/product"}],"wp:featuredmedia":[{"embeddable":true,"href":"https:\/\/cleverkids.ee\/et\/wp-json\/wp\/v2\/media\/71025"}],"wp:attachment":[{"href":"https:\/\/cleverkids.ee\/et\/wp-json\/wp\/v2\/media?parent=46358"}],"wp:term":[{"taxonomy":"product_brand","embeddable":true,"href":"https:\/\/cleverkids.ee\/et\/wp-json\/wp\/v2\/product_brand?post=46358"},{"taxonomy":"product_cat","embeddable":true,"href":"https:\/\/cleverkids.ee\/et\/wp-json\/wp\/v2\/product_cat?post=46358"},{"taxonomy":"product_tag","embeddable":true,"href":"https:\/\/cleverkids.ee\/et\/wp-json\/wp\/v2\/product_tag?post=46358"}],"curies":[{"name":"wp","href":"https:\/\/api.w.org\/{rel}","templated":true}]}}