{"id":46363,"date":"2024-04-16T07:25:52","date_gmt":"2024-04-16T04:25:52","guid":{"rendered":"https:\/\/cleverkids.dev2.sdhost.eu\/product\/%d0%be%d0%b1%d1%83%d1%87%d0%b0%d1%8e%d1%89%d0%b0%d1%8f-%d0%b8%d0%b3%d1%80%d0%b0-%d0%bd%d0%b0-%d1%80%d1%83%d1%81%d1%81%d0%ba%d0%be%d0%bc-%d1%8f%d0%b7%d1%8b%d0%ba%d0%b5-%d0%ba%d1%80%d0%b0%d0%b1\/"},"modified":"2024-06-23T17:59:49","modified_gmt":"2024-06-23T14:59:49","slug":"obuchayushhaya-igra-na-russkom-yazyke-krab","status":"publish","type":"product","link":"https:\/\/cleverkids.ee\/et\/product\/obuchayushhaya-igra-na-russkom-yazyke-krab\/","title":{"rendered":"\u00d5ppem\u00e4ng vene keeles \u201cKirjatark krabi\u201d"},"content":{"rendered":"<p>M\u00e4ng koosneb kahest erineva l\u00e4bim\u00f5\u00f5duga ringist ja krabist, kelle s\u00f5ras on ava. Iga ring on liikuv ja jagatud silpidega sektoriteks.<\/p>\n<p>Lapse \u00fclesandeks on silbid ringides \u00fchendada nii, et iga silbi kohta oleks mitu s\u00f5navarianti.<\/p>\n","protected":false},"excerpt":{"rendered":"<p>M\u00e4ng koosneb kahest erineva l\u00e4bim\u00f5\u00f5duga ringist ja krabist, kelle s\u00f5ras on ava. Iga ring on liikuv ja jagatud silpidega sektoriteks. Lapse \u00fclesandeks on silbid ringides \u00fchendada nii, et iga silbi kohta oleks mitu s\u00f5navarianti.<\/p>\n","protected":false},"featured_media":71004,"template":"","meta":{"_monsterinsights_skip_tracking":false,"_monsterinsights_sitenote_active":false,"_monsterinsights_sitenote_note":"","_monsterinsights_sitenote_category":0},"product_brand":[],"product_cat":[49,57,58],"product_tag":[],"class_list":{"0":"post-46363","1":"product","2":"type-product","3":"status-publish","4":"has-post-thumbnail","6":"product_cat-puidust-arendavad-manguasjad","7":"product_cat-allahindlused","8":"product_cat-unkategorized","9":"pa_vozrast-ot-5-let-et","11":"first","12":"instock","13":"sale","14":"shipping-taxable","15":"purchasable","16":"product-type-simple"},"yoast_head":"<!-- This site is optimized with the Yoast SEO plugin v25.0 - https:\/\/yoast.com\/wordpress\/plugins\/seo\/ -->\n<title>\u00d5ppem\u00e4ng vene keeles \u201cKirjatark krabi\u201d -<\/title>\n<meta name=\"description\" content=\"\u00d5ppem\u00e4ng vene keeles \u201cKirjatark krabi\u201d - CLEVER KIDS\" \/>\n<meta name=\"robots\" content=\"index, follow, max-snippet:-1, max-image-preview:large, max-video-preview:-1\" \/>\n<link rel=\"canonical\" href=\"https:\/\/cleverkids.ee\/et\/product\/obuchayushhaya-igra-na-russkom-yazyke-krab\/\" \/>\n<meta property=\"og:locale\" content=\"et_EE\" \/>\n<meta property=\"og:type\" content=\"article\" \/>\n<meta property=\"og:title\" content=\"\u00d5ppem\u00e4ng vene keeles \u201cKirjatark krabi\u201d -\" \/>\n<meta property=\"og:description\" content=\"\u00d5ppem\u00e4ng vene keeles \u201cKirjatark krabi\u201d - CLEVER KIDS\" \/>\n<meta property=\"og:url\" content=\"https:\/\/cleverkids.ee\/et\/product\/obuchayushhaya-igra-na-russkom-yazyke-krab\/\" \/>\n<meta property=\"og:site_name\" content=\"CLEVER KIDS\" \/>\n<meta property=\"article:publisher\" content=\"https:\/\/www.facebook.com\/cleverkids.ee\/\" \/>\n<meta property=\"article:modified_time\" content=\"2024-06-23T14:59:49+00:00\" \/>\n<meta property=\"og:image\" content=\"https:\/\/cleverkids.ee\/wp-content\/uploads\/2024\/05\/9266-4-1.jpg\" \/>\n\t<meta property=\"og:image:width\" content=\"959\" \/>\n\t<meta property=\"og:image:height\" content=\"1200\" \/>\n\t<meta property=\"og:image:type\" content=\"image\/jpeg\" \/>\n<meta name=\"twitter:card\" content=\"summary_large_image\" \/>\n<script type=\"application\/ld+json\" class=\"yoast-schema-graph\">{\"@context\":\"https:\/\/schema.org\",\"@graph\":[{\"@type\":\"WebPage\",\"@id\":\"https:\/\/cleverkids.ee\/et\/product\/obuchayushhaya-igra-na-russkom-yazyke-krab\/\",\"url\":\"https:\/\/cleverkids.ee\/et\/product\/obuchayushhaya-igra-na-russkom-yazyke-krab\/\",\"name\":\"\u00d5ppem\u00e4ng vene keeles \u201cKirjatark krabi\u201d -\",\"isPartOf\":{\"@id\":\"https:\/\/cleverkids.ee\/et\/#website\"},\"primaryImageOfPage\":{\"@id\":\"https:\/\/cleverkids.ee\/et\/product\/obuchayushhaya-igra-na-russkom-yazyke-krab\/#primaryimage\"},\"image\":{\"@id\":\"https:\/\/cleverkids.ee\/et\/product\/obuchayushhaya-igra-na-russkom-yazyke-krab\/#primaryimage\"},\"thumbnailUrl\":\"https:\/\/cleverkids.ee\/wp-content\/uploads\/2024\/05\/9266-4-1.jpg\",\"datePublished\":\"2024-04-16T04:25:52+00:00\",\"dateModified\":\"2024-06-23T14:59:49+00:00\",\"description\":\"\u00d5ppem\u00e4ng vene keeles \u201cKirjatark krabi\u201d - CLEVER KIDS\",\"breadcrumb\":{\"@id\":\"https:\/\/cleverkids.ee\/et\/product\/obuchayushhaya-igra-na-russkom-yazyke-krab\/#breadcrumb\"},\"inLanguage\":\"et\",\"potentialAction\":[{\"@type\":\"ReadAction\",\"target\":[\"https:\/\/cleverkids.ee\/et\/product\/obuchayushhaya-igra-na-russkom-yazyke-krab\/\"]}]},{\"@type\":\"ImageObject\",\"inLanguage\":\"et\",\"@id\":\"https:\/\/cleverkids.ee\/et\/product\/obuchayushhaya-igra-na-russkom-yazyke-krab\/#primaryimage\",\"url\":\"https:\/\/cleverkids.ee\/wp-content\/uploads\/2024\/05\/9266-4-1.jpg\",\"contentUrl\":\"https:\/\/cleverkids.ee\/wp-content\/uploads\/2024\/05\/9266-4-1.jpg\",\"width\":959,\"height\":1200},{\"@type\":\"BreadcrumbList\",\"@id\":\"https:\/\/cleverkids.ee\/et\/product\/obuchayushhaya-igra-na-russkom-yazyke-krab\/#breadcrumb\",\"itemListElement\":[{\"@type\":\"ListItem\",\"position\":1,\"name\":\"Esileht\",\"item\":\"https:\/\/cleverkids.ee\/et\/\"},{\"@type\":\"ListItem\",\"position\":2,\"name\":\"Tooted\",\"item\":\"https:\/\/cleverkids.ee\/store\/\"},{\"@type\":\"ListItem\",\"position\":3,\"name\":\"\u00d5ppem\u00e4ng vene keeles \u201cKirjatark krabi\u201d\"}]},{\"@type\":\"WebSite\",\"@id\":\"https:\/\/cleverkids.ee\/et\/#website\",\"url\":\"https:\/\/cleverkids.ee\/et\/\",\"name\":\"CLEVER KIDS\",\"description\":\"\",\"publisher\":{\"@id\":\"https:\/\/cleverkids.ee\/et\/#organization\"},\"potentialAction\":[{\"@type\":\"SearchAction\",\"target\":{\"@type\":\"EntryPoint\",\"urlTemplate\":\"https:\/\/cleverkids.ee\/et\/?s={search_term_string}\"},\"query-input\":{\"@type\":\"PropertyValueSpecification\",\"valueRequired\":true,\"valueName\":\"search_term_string\"}}],\"inLanguage\":\"et\"},{\"@type\":\"Organization\",\"@id\":\"https:\/\/cleverkids.ee\/et\/#organization\",\"name\":\"CLEVER KIDS\",\"url\":\"https:\/\/cleverkids.ee\/et\/\",\"logo\":{\"@type\":\"ImageObject\",\"inLanguage\":\"et\",\"@id\":\"https:\/\/cleverkids.ee\/et\/#\/schema\/logo\/image\/\",\"url\":\"https:\/\/cleverkids.ee\/wp-content\/uploads\/2024\/02\/image0-1024x1024.png\",\"contentUrl\":\"https:\/\/cleverkids.ee\/wp-content\/uploads\/2024\/02\/image0-1024x1024.png\",\"width\":1024,\"height\":1024,\"caption\":\"CLEVER KIDS\"},\"image\":{\"@id\":\"https:\/\/cleverkids.ee\/et\/#\/schema\/logo\/image\/\"},\"sameAs\":[\"https:\/\/www.facebook.com\/cleverkids.ee\/\",\"https:\/\/www.instagram.com\/cleverkids_ee\/\"]}]}<\/script>\n<!-- \/ Yoast SEO plugin. -->","yoast_head_json":{"title":"\u00d5ppem\u00e4ng vene keeles \u201cKirjatark krabi\u201d -","description":"\u00d5ppem\u00e4ng vene keeles \u201cKirjatark krabi\u201d - CLEVER KIDS","robots":{"index":"index","follow":"follow","max-snippet":"max-snippet:-1","max-image-preview":"max-image-preview:large","max-video-preview":"max-video-preview:-1"},"canonical":"https:\/\/cleverkids.ee\/et\/product\/obuchayushhaya-igra-na-russkom-yazyke-krab\/","og_locale":"et_EE","og_type":"article","og_title":"\u00d5ppem\u00e4ng vene keeles \u201cKirjatark krabi\u201d -","og_description":"\u00d5ppem\u00e4ng vene keeles \u201cKirjatark krabi\u201d - CLEVER KIDS","og_url":"https:\/\/cleverkids.ee\/et\/product\/obuchayushhaya-igra-na-russkom-yazyke-krab\/","og_site_name":"CLEVER KIDS","article_publisher":"https:\/\/www.facebook.com\/cleverkids.ee\/","article_modified_time":"2024-06-23T14:59:49+00:00","og_image":[{"width":959,"height":1200,"url":"https:\/\/cleverkids.ee\/wp-content\/uploads\/2024\/05\/9266-4-1.jpg","type":"image\/jpeg"}],"twitter_card":"summary_large_image","schema":{"@context":"https:\/\/schema.org","@graph":[{"@type":"WebPage","@id":"https:\/\/cleverkids.ee\/et\/product\/obuchayushhaya-igra-na-russkom-yazyke-krab\/","url":"https:\/\/cleverkids.ee\/et\/product\/obuchayushhaya-igra-na-russkom-yazyke-krab\/","name":"\u00d5ppem\u00e4ng vene keeles \u201cKirjatark krabi\u201d -","isPartOf":{"@id":"https:\/\/cleverkids.ee\/et\/#website"},"primaryImageOfPage":{"@id":"https:\/\/cleverkids.ee\/et\/product\/obuchayushhaya-igra-na-russkom-yazyke-krab\/#primaryimage"},"image":{"@id":"https:\/\/cleverkids.ee\/et\/product\/obuchayushhaya-igra-na-russkom-yazyke-krab\/#primaryimage"},"thumbnailUrl":"https:\/\/cleverkids.ee\/wp-content\/uploads\/2024\/05\/9266-4-1.jpg","datePublished":"2024-04-16T04:25:52+00:00","dateModified":"2024-06-23T14:59:49+00:00","description":"\u00d5ppem\u00e4ng vene keeles \u201cKirjatark krabi\u201d - CLEVER KIDS","breadcrumb":{"@id":"https:\/\/cleverkids.ee\/et\/product\/obuchayushhaya-igra-na-russkom-yazyke-krab\/#breadcrumb"},"inLanguage":"et","potentialAction":[{"@type":"ReadAction","target":["https:\/\/cleverkids.ee\/et\/product\/obuchayushhaya-igra-na-russkom-yazyke-krab\/"]}]},{"@type":"ImageObject","inLanguage":"et","@id":"https:\/\/cleverkids.ee\/et\/product\/obuchayushhaya-igra-na-russkom-yazyke-krab\/#primaryimage","url":"https:\/\/cleverkids.ee\/wp-content\/uploads\/2024\/05\/9266-4-1.jpg","contentUrl":"https:\/\/cleverkids.ee\/wp-content\/uploads\/2024\/05\/9266-4-1.jpg","width":959,"height":1200},{"@type":"BreadcrumbList","@id":"https:\/\/cleverkids.ee\/et\/product\/obuchayushhaya-igra-na-russkom-yazyke-krab\/#breadcrumb","itemListElement":[{"@type":"ListItem","position":1,"name":"Esileht","item":"https:\/\/cleverkids.ee\/et\/"},{"@type":"ListItem","position":2,"name":"Tooted","item":"https:\/\/cleverkids.ee\/store\/"},{"@type":"ListItem","position":3,"name":"\u00d5ppem\u00e4ng vene keeles \u201cKirjatark krabi\u201d"}]},{"@type":"WebSite","@id":"https:\/\/cleverkids.ee\/et\/#website","url":"https:\/\/cleverkids.ee\/et\/","name":"CLEVER KIDS","description":"","publisher":{"@id":"https:\/\/cleverkids.ee\/et\/#organization"},"potentialAction":[{"@type":"SearchAction","target":{"@type":"EntryPoint","urlTemplate":"https:\/\/cleverkids.ee\/et\/?s={search_term_string}"},"query-input":{"@type":"PropertyValueSpecification","valueRequired":true,"valueName":"search_term_string"}}],"inLanguage":"et"},{"@type":"Organization","@id":"https:\/\/cleverkids.ee\/et\/#organization","name":"CLEVER KIDS","url":"https:\/\/cleverkids.ee\/et\/","logo":{"@type":"ImageObject","inLanguage":"et","@id":"https:\/\/cleverkids.ee\/et\/#\/schema\/logo\/image\/","url":"https:\/\/cleverkids.ee\/wp-content\/uploads\/2024\/02\/image0-1024x1024.png","contentUrl":"https:\/\/cleverkids.ee\/wp-content\/uploads\/2024\/02\/image0-1024x1024.png","width":1024,"height":1024,"caption":"CLEVER KIDS"},"image":{"@id":"https:\/\/cleverkids.ee\/et\/#\/schema\/logo\/image\/"},"sameAs":["https:\/\/www.facebook.com\/cleverkids.ee\/","https:\/\/www.instagram.com\/cleverkids_ee\/"]}]}},"_links":{"self":[{"href":"https:\/\/cleverkids.ee\/et\/wp-json\/wp\/v2\/product\/46363","targetHints":{"allow":["GET"]}}],"collection":[{"href":"https:\/\/cleverkids.ee\/et\/wp-json\/wp\/v2\/product"}],"about":[{"href":"https:\/\/cleverkids.ee\/et\/wp-json\/wp\/v2\/types\/product"}],"wp:featuredmedia":[{"embeddable":true,"href":"https:\/\/cleverkids.ee\/et\/wp-json\/wp\/v2\/media\/71004"}],"wp:attachment":[{"href":"https:\/\/cleverkids.ee\/et\/wp-json\/wp\/v2\/media?parent=46363"}],"wp:term":[{"taxonomy":"product_brand","embeddable":true,"href":"https:\/\/cleverkids.ee\/et\/wp-json\/wp\/v2\/product_brand?post=46363"},{"taxonomy":"product_cat","embeddable":true,"href":"https:\/\/cleverkids.ee\/et\/wp-json\/wp\/v2\/product_cat?post=46363"},{"taxonomy":"product_tag","embeddable":true,"href":"https:\/\/cleverkids.ee\/et\/wp-json\/wp\/v2\/product_tag?post=46363"}],"curies":[{"name":"wp","href":"https:\/\/api.w.org\/{rel}","templated":true}]}}