{"id":46403,"date":"2024-04-16T07:25:52","date_gmt":"2024-04-16T04:25:52","guid":{"rendered":"https:\/\/cleverkids.dev2.sdhost.eu\/product\/%d0%b4%d0%b5%d1%80%d0%b5%d0%b2%d1%8f%d0%bd%d0%bd%d1%8b%d0%b9-%d0%bf%d0%b0%d0%b7%d0%bb-%d0%b3%d0%be%d0%bb%d0%be%d0%b2%d0%be%d0%bb%d0%be%d0%bc%d0%ba%d0%b0-%d0%b0%d0%bd%d0%b3%d0%bb%d0%b8%d0%b9%d1%81\/"},"modified":"2024-06-23T17:59:48","modified_gmt":"2024-06-23T14:59:48","slug":"derevyannyj-pazl-golovolomka-anglijs","status":"publish","type":"product","link":"https:\/\/cleverkids.ee\/et\/product\/derevyannyj-pazl-golovolomka-anglijs\/","title":{"rendered":"Puidust puslekomplekt \u201cInglise t\u00e4hestik 2\u201d"},"content":{"rendered":"<p>Suurep\u00e4rane komplekt inglise t\u00e4hestiku tundma\u00f5ppimiseks.<\/p>\n<p>Erksate, huvitavate ja naljakate piltidega on s\u00f5nade ja t\u00e4htede meeldej\u00e4tmine lihtne ja huvitav!<\/p>\n<p>On isegi v\u00e4ike vihje &#8211; igal pildiga puslefragmendil on t\u00fckk, mis on v\u00e4rvitud t\u00e4he paariselemendi taustav\u00e4rvi!<\/p>\n","protected":false},"excerpt":{"rendered":"<p>Suurep\u00e4rane komplekt inglise t\u00e4hestiku tundma\u00f5ppimiseks. Erksate, huvitavate ja naljakate piltidega on s\u00f5nade ja t\u00e4htede meeldej\u00e4tmine lihtne ja huvitav! On isegi v\u00e4ike vihje &#8211; igal pildiga puslefragmendil on t\u00fckk, mis on v\u00e4rvitud t\u00e4he paariselemendi taustav\u00e4rvi!<\/p>\n","protected":false},"featured_media":70875,"template":"","meta":{"_monsterinsights_skip_tracking":false,"_monsterinsights_sitenote_active":false,"_monsterinsights_sitenote_note":"","_monsterinsights_sitenote_category":0},"product_brand":[],"product_cat":[49,56,57,58],"product_tag":[],"class_list":{"0":"post-46403","1":"product","2":"type-product","3":"status-publish","4":"has-post-thumbnail","6":"product_cat-puidust-arendavad-manguasjad","7":"product_cat-kone-areng","8":"product_cat-allahindlused","9":"product_cat-unkategorized","10":"pa_vozrast-ot-5-let-et","12":"first","13":"instock","14":"sale","15":"shipping-taxable","16":"purchasable","17":"product-type-simple"},"yoast_head":"<!-- This site is optimized with the Yoast SEO plugin v25.0 - https:\/\/yoast.com\/wordpress\/plugins\/seo\/ -->\n<title>Puidust puslekomplekt \u201cInglise t\u00e4hestik 2\u201d -<\/title>\n<meta name=\"description\" content=\"Puidust puslekomplekt \u201cInglise t\u00e4hestik 2\u201d - CLEVER KIDS\" \/>\n<meta name=\"robots\" content=\"index, follow, max-snippet:-1, max-image-preview:large, max-video-preview:-1\" \/>\n<link rel=\"canonical\" href=\"https:\/\/cleverkids.ee\/et\/product\/derevyannyj-pazl-golovolomka-anglijs\/\" \/>\n<meta property=\"og:locale\" content=\"et_EE\" \/>\n<meta property=\"og:type\" content=\"article\" \/>\n<meta property=\"og:title\" content=\"Puidust puslekomplekt \u201cInglise t\u00e4hestik 2\u201d -\" \/>\n<meta property=\"og:description\" content=\"Puidust puslekomplekt \u201cInglise t\u00e4hestik 2\u201d - CLEVER KIDS\" \/>\n<meta property=\"og:url\" content=\"https:\/\/cleverkids.ee\/et\/product\/derevyannyj-pazl-golovolomka-anglijs\/\" \/>\n<meta property=\"og:site_name\" content=\"CLEVER KIDS\" \/>\n<meta property=\"article:publisher\" content=\"https:\/\/www.facebook.com\/cleverkids.ee\/\" \/>\n<meta property=\"article:modified_time\" content=\"2024-06-23T14:59:48+00:00\" \/>\n<meta property=\"og:image\" content=\"https:\/\/cleverkids.ee\/wp-content\/uploads\/2024\/05\/66a48b5edf8ffa13efb962b21042ec51b8210f2d-1.jpeg\" \/>\n\t<meta property=\"og:image:width\" content=\"900\" \/>\n\t<meta property=\"og:image:height\" content=\"900\" \/>\n\t<meta property=\"og:image:type\" content=\"image\/jpeg\" \/>\n<meta name=\"twitter:card\" content=\"summary_large_image\" \/>\n<script type=\"application\/ld+json\" class=\"yoast-schema-graph\">{\"@context\":\"https:\/\/schema.org\",\"@graph\":[{\"@type\":\"WebPage\",\"@id\":\"https:\/\/cleverkids.ee\/et\/product\/derevyannyj-pazl-golovolomka-anglijs\/\",\"url\":\"https:\/\/cleverkids.ee\/et\/product\/derevyannyj-pazl-golovolomka-anglijs\/\",\"name\":\"Puidust puslekomplekt \u201cInglise t\u00e4hestik 2\u201d -\",\"isPartOf\":{\"@id\":\"https:\/\/cleverkids.ee\/et\/#website\"},\"primaryImageOfPage\":{\"@id\":\"https:\/\/cleverkids.ee\/et\/product\/derevyannyj-pazl-golovolomka-anglijs\/#primaryimage\"},\"image\":{\"@id\":\"https:\/\/cleverkids.ee\/et\/product\/derevyannyj-pazl-golovolomka-anglijs\/#primaryimage\"},\"thumbnailUrl\":\"https:\/\/cleverkids.ee\/wp-content\/uploads\/2024\/05\/66a48b5edf8ffa13efb962b21042ec51b8210f2d-1.jpeg\",\"datePublished\":\"2024-04-16T04:25:52+00:00\",\"dateModified\":\"2024-06-23T14:59:48+00:00\",\"description\":\"Puidust puslekomplekt \u201cInglise t\u00e4hestik 2\u201d - CLEVER KIDS\",\"breadcrumb\":{\"@id\":\"https:\/\/cleverkids.ee\/et\/product\/derevyannyj-pazl-golovolomka-anglijs\/#breadcrumb\"},\"inLanguage\":\"et\",\"potentialAction\":[{\"@type\":\"ReadAction\",\"target\":[\"https:\/\/cleverkids.ee\/et\/product\/derevyannyj-pazl-golovolomka-anglijs\/\"]}]},{\"@type\":\"ImageObject\",\"inLanguage\":\"et\",\"@id\":\"https:\/\/cleverkids.ee\/et\/product\/derevyannyj-pazl-golovolomka-anglijs\/#primaryimage\",\"url\":\"https:\/\/cleverkids.ee\/wp-content\/uploads\/2024\/05\/66a48b5edf8ffa13efb962b21042ec51b8210f2d-1.jpeg\",\"contentUrl\":\"https:\/\/cleverkids.ee\/wp-content\/uploads\/2024\/05\/66a48b5edf8ffa13efb962b21042ec51b8210f2d-1.jpeg\",\"width\":900,\"height\":900},{\"@type\":\"BreadcrumbList\",\"@id\":\"https:\/\/cleverkids.ee\/et\/product\/derevyannyj-pazl-golovolomka-anglijs\/#breadcrumb\",\"itemListElement\":[{\"@type\":\"ListItem\",\"position\":1,\"name\":\"Esileht\",\"item\":\"https:\/\/cleverkids.ee\/et\/\"},{\"@type\":\"ListItem\",\"position\":2,\"name\":\"Tooted\",\"item\":\"https:\/\/cleverkids.ee\/store\/\"},{\"@type\":\"ListItem\",\"position\":3,\"name\":\"Puidust puslekomplekt \u201cInglise t\u00e4hestik 2\u201d\"}]},{\"@type\":\"WebSite\",\"@id\":\"https:\/\/cleverkids.ee\/et\/#website\",\"url\":\"https:\/\/cleverkids.ee\/et\/\",\"name\":\"CLEVER KIDS\",\"description\":\"\",\"publisher\":{\"@id\":\"https:\/\/cleverkids.ee\/et\/#organization\"},\"potentialAction\":[{\"@type\":\"SearchAction\",\"target\":{\"@type\":\"EntryPoint\",\"urlTemplate\":\"https:\/\/cleverkids.ee\/et\/?s={search_term_string}\"},\"query-input\":{\"@type\":\"PropertyValueSpecification\",\"valueRequired\":true,\"valueName\":\"search_term_string\"}}],\"inLanguage\":\"et\"},{\"@type\":\"Organization\",\"@id\":\"https:\/\/cleverkids.ee\/et\/#organization\",\"name\":\"CLEVER KIDS\",\"url\":\"https:\/\/cleverkids.ee\/et\/\",\"logo\":{\"@type\":\"ImageObject\",\"inLanguage\":\"et\",\"@id\":\"https:\/\/cleverkids.ee\/et\/#\/schema\/logo\/image\/\",\"url\":\"https:\/\/cleverkids.ee\/wp-content\/uploads\/2024\/02\/image0-1024x1024.png\",\"contentUrl\":\"https:\/\/cleverkids.ee\/wp-content\/uploads\/2024\/02\/image0-1024x1024.png\",\"width\":1024,\"height\":1024,\"caption\":\"CLEVER KIDS\"},\"image\":{\"@id\":\"https:\/\/cleverkids.ee\/et\/#\/schema\/logo\/image\/\"},\"sameAs\":[\"https:\/\/www.facebook.com\/cleverkids.ee\/\",\"https:\/\/www.instagram.com\/cleverkids_ee\/\"]}]}<\/script>\n<!-- \/ Yoast SEO plugin. -->","yoast_head_json":{"title":"Puidust puslekomplekt \u201cInglise t\u00e4hestik 2\u201d -","description":"Puidust puslekomplekt \u201cInglise t\u00e4hestik 2\u201d - CLEVER KIDS","robots":{"index":"index","follow":"follow","max-snippet":"max-snippet:-1","max-image-preview":"max-image-preview:large","max-video-preview":"max-video-preview:-1"},"canonical":"https:\/\/cleverkids.ee\/et\/product\/derevyannyj-pazl-golovolomka-anglijs\/","og_locale":"et_EE","og_type":"article","og_title":"Puidust puslekomplekt \u201cInglise t\u00e4hestik 2\u201d -","og_description":"Puidust puslekomplekt \u201cInglise t\u00e4hestik 2\u201d - CLEVER KIDS","og_url":"https:\/\/cleverkids.ee\/et\/product\/derevyannyj-pazl-golovolomka-anglijs\/","og_site_name":"CLEVER KIDS","article_publisher":"https:\/\/www.facebook.com\/cleverkids.ee\/","article_modified_time":"2024-06-23T14:59:48+00:00","og_image":[{"width":900,"height":900,"url":"https:\/\/cleverkids.ee\/wp-content\/uploads\/2024\/05\/66a48b5edf8ffa13efb962b21042ec51b8210f2d-1.jpeg","type":"image\/jpeg"}],"twitter_card":"summary_large_image","schema":{"@context":"https:\/\/schema.org","@graph":[{"@type":"WebPage","@id":"https:\/\/cleverkids.ee\/et\/product\/derevyannyj-pazl-golovolomka-anglijs\/","url":"https:\/\/cleverkids.ee\/et\/product\/derevyannyj-pazl-golovolomka-anglijs\/","name":"Puidust puslekomplekt \u201cInglise t\u00e4hestik 2\u201d -","isPartOf":{"@id":"https:\/\/cleverkids.ee\/et\/#website"},"primaryImageOfPage":{"@id":"https:\/\/cleverkids.ee\/et\/product\/derevyannyj-pazl-golovolomka-anglijs\/#primaryimage"},"image":{"@id":"https:\/\/cleverkids.ee\/et\/product\/derevyannyj-pazl-golovolomka-anglijs\/#primaryimage"},"thumbnailUrl":"https:\/\/cleverkids.ee\/wp-content\/uploads\/2024\/05\/66a48b5edf8ffa13efb962b21042ec51b8210f2d-1.jpeg","datePublished":"2024-04-16T04:25:52+00:00","dateModified":"2024-06-23T14:59:48+00:00","description":"Puidust puslekomplekt \u201cInglise t\u00e4hestik 2\u201d - CLEVER KIDS","breadcrumb":{"@id":"https:\/\/cleverkids.ee\/et\/product\/derevyannyj-pazl-golovolomka-anglijs\/#breadcrumb"},"inLanguage":"et","potentialAction":[{"@type":"ReadAction","target":["https:\/\/cleverkids.ee\/et\/product\/derevyannyj-pazl-golovolomka-anglijs\/"]}]},{"@type":"ImageObject","inLanguage":"et","@id":"https:\/\/cleverkids.ee\/et\/product\/derevyannyj-pazl-golovolomka-anglijs\/#primaryimage","url":"https:\/\/cleverkids.ee\/wp-content\/uploads\/2024\/05\/66a48b5edf8ffa13efb962b21042ec51b8210f2d-1.jpeg","contentUrl":"https:\/\/cleverkids.ee\/wp-content\/uploads\/2024\/05\/66a48b5edf8ffa13efb962b21042ec51b8210f2d-1.jpeg","width":900,"height":900},{"@type":"BreadcrumbList","@id":"https:\/\/cleverkids.ee\/et\/product\/derevyannyj-pazl-golovolomka-anglijs\/#breadcrumb","itemListElement":[{"@type":"ListItem","position":1,"name":"Esileht","item":"https:\/\/cleverkids.ee\/et\/"},{"@type":"ListItem","position":2,"name":"Tooted","item":"https:\/\/cleverkids.ee\/store\/"},{"@type":"ListItem","position":3,"name":"Puidust puslekomplekt \u201cInglise t\u00e4hestik 2\u201d"}]},{"@type":"WebSite","@id":"https:\/\/cleverkids.ee\/et\/#website","url":"https:\/\/cleverkids.ee\/et\/","name":"CLEVER KIDS","description":"","publisher":{"@id":"https:\/\/cleverkids.ee\/et\/#organization"},"potentialAction":[{"@type":"SearchAction","target":{"@type":"EntryPoint","urlTemplate":"https:\/\/cleverkids.ee\/et\/?s={search_term_string}"},"query-input":{"@type":"PropertyValueSpecification","valueRequired":true,"valueName":"search_term_string"}}],"inLanguage":"et"},{"@type":"Organization","@id":"https:\/\/cleverkids.ee\/et\/#organization","name":"CLEVER KIDS","url":"https:\/\/cleverkids.ee\/et\/","logo":{"@type":"ImageObject","inLanguage":"et","@id":"https:\/\/cleverkids.ee\/et\/#\/schema\/logo\/image\/","url":"https:\/\/cleverkids.ee\/wp-content\/uploads\/2024\/02\/image0-1024x1024.png","contentUrl":"https:\/\/cleverkids.ee\/wp-content\/uploads\/2024\/02\/image0-1024x1024.png","width":1024,"height":1024,"caption":"CLEVER KIDS"},"image":{"@id":"https:\/\/cleverkids.ee\/et\/#\/schema\/logo\/image\/"},"sameAs":["https:\/\/www.facebook.com\/cleverkids.ee\/","https:\/\/www.instagram.com\/cleverkids_ee\/"]}]}},"_links":{"self":[{"href":"https:\/\/cleverkids.ee\/et\/wp-json\/wp\/v2\/product\/46403","targetHints":{"allow":["GET"]}}],"collection":[{"href":"https:\/\/cleverkids.ee\/et\/wp-json\/wp\/v2\/product"}],"about":[{"href":"https:\/\/cleverkids.ee\/et\/wp-json\/wp\/v2\/types\/product"}],"wp:featuredmedia":[{"embeddable":true,"href":"https:\/\/cleverkids.ee\/et\/wp-json\/wp\/v2\/media\/70875"}],"wp:attachment":[{"href":"https:\/\/cleverkids.ee\/et\/wp-json\/wp\/v2\/media?parent=46403"}],"wp:term":[{"taxonomy":"product_brand","embeddable":true,"href":"https:\/\/cleverkids.ee\/et\/wp-json\/wp\/v2\/product_brand?post=46403"},{"taxonomy":"product_cat","embeddable":true,"href":"https:\/\/cleverkids.ee\/et\/wp-json\/wp\/v2\/product_cat?post=46403"},{"taxonomy":"product_tag","embeddable":true,"href":"https:\/\/cleverkids.ee\/et\/wp-json\/wp\/v2\/product_tag?post=46403"}],"curies":[{"name":"wp","href":"https:\/\/api.w.org\/{rel}","templated":true}]}}