{"id":46477,"date":"2024-04-16T07:25:43","date_gmt":"2024-04-16T04:25:43","guid":{"rendered":"https:\/\/cleverkids.dev2.sdhost.eu\/product\/%d0%bc%d0%bd%d0%be%d0%b3%d0%be%d1%80%d0%b0%d0%b7%d0%be%d0%b2%d0%b0%d1%8f-%d1%80%d0%b0%d0%b1%d0%be%d1%87%d0%b0%d1%8f-%d1%82%d0%b5%d1%82%d1%80%d0%b0%d0%b4%d1%8c-%d0%b4%d0%bb%d1%8f-%d0%b4%d0%b5%d1%82\/"},"modified":"2024-06-23T17:59:47","modified_gmt":"2024-06-23T14:59:47","slug":"mnogorazovaya-rabochaya-tetrad-dlya-det","status":"publish","type":"product","link":"https:\/\/cleverkids.ee\/et\/product\/mnogorazovaya-rabochaya-tetrad-dlya-det\/","title":{"rendered":"\u041c\u043d\u043e\u0433\u043e\u0440\u0430\u0437\u043e\u0432\u0430\u044f \u0440\u0430\u0431\u043e\u0447\u0430\u044f \u0442\u0435\u0442\u0440\u0430\u0434\u044c \u0434\u043b\u044f \u0434\u0435\u0442\u0435\u0439 \u043e\u0442 \u0433\u043e\u0434\u0430 \u00ab\u041f\u043e\u0437\u043d\u0430\u043d\u0438\u0435\u00bb, \u0440\u0430\u0437\u043c\u0435\u0440 \u04104, 39 \u0441\u0442\u0440\u0430\u043d\u0438\u0446"},"content":{"rendered":"<p>Heledad illustratsioonid meelitavad last ja tutvustavad teile \u00fcmbritsevat maailma.<\/p>\n<p>Markerit ei ole vaja kohe k\u00e4tte v\u00f5tta, saate lihtsalt l\u00e4bi p\u00f6\u00f6rata, \u00f6eldes lapsele konkreetsel teemal v\u00f5imalikult palju fakte. Nii et te arendate tema k\u00f5net ja suurendate tema passiivset s\u00f5navara.<\/p>\n<p>Enne iga uut teemat leiate teksti, mis aitab teil lapsele selgitada, mida ta n\u00e4gi. T\u00f6\u00f6vihiku abil tutvumine algab mitmesuguste transpordiliikidega: maa, vesi, \u00f5hk ja eriotstarbeline transport. J\u00e4rgmisena omandame v\u00e4rvi j\u00e4rgi r\u00fchmitamise oskused. Laps \u00f5pib palju huvitavaid asju loomade, lindude, putukate kohta, mille kohta kalad tiigis elavad ja mis elavad meredes ja ookeanides, selle kohta, et suvel peate kandma sandaale, l\u00fchikesi p\u00fckse ja T-s\u00e4rki ning talvel &#8211; saapad ja jope.<\/p>\n<p>Lehed on korduvkasutatavad, nii et laps ei saa karta vigu teha! Kuiva lapiga saate parandada mis tahes vea v\u00f5i alustada uuesti. Iga m\u00e4rkmikuga kompleektil on marker.<\/p>\n<p>Markerit peate kasutama ainult siis, kui n\u00e4ete, et laps on valmis seda kasutama.<\/p>\n<p>\u00dclesannete t\u00e4itmisel laps arendab visuaalset ja kuuldavat m\u00e4lu, k\u00f5net, t\u00e4helepanu, kujutlusv\u00f5imet, taju ja peenmotoorikat, mis on v\u00e4ga oluline k\u00e4e ettevalmistamiseks kirjutamiseks. \u00dcha rohkem uusi fakte \u00f5ppides suurendab laps ka oma passiivset s\u00f5navara.<\/p>\n<p>Harjute r\u00f5\u00f5muga, julgusta lapse edu, ole t\u00e4helepanelik ja kannatlik.<\/p>\n<p>\u00c4rge kasutage markeri kustutamiseks niisket lappi ja \u00e4rge laske s\u00fclearvuti servadel m\u00e4rjaks saada &#8211; see pikendab kasutusiga.<\/p>\n<p>Vihiku suurus A4, 39 lk.<\/p>\n","protected":false},"excerpt":{"rendered":"<p>Heledad illustratsioonid meelitavad last ja tutvustavad teile \u00fcmbritsevat maailma. Markerit ei ole vaja kohe k\u00e4tte v\u00f5tta, saate lihtsalt l\u00e4bi p\u00f6\u00f6rata, \u00f6eldes lapsele konkreetsel teemal v\u00f5imalikult palju fakte. Nii et te arendate tema k\u00f5net ja suurendate tema passiivset s\u00f5navara. Enne iga uut teemat leiate teksti, mis aitab teil lapsele selgitada, mida ta n\u00e4gi. T\u00f6\u00f6vihiku abil tutvumine [&hellip;]<\/p>\n","protected":false},"featured_media":70755,"template":"","meta":{"_monsterinsights_skip_tracking":false,"_monsterinsights_sitenote_active":false,"_monsterinsights_sitenote_note":"","_monsterinsights_sitenote_category":0},"product_brand":[],"product_cat":[51,58],"product_tag":[],"class_list":{"0":"post-46477","1":"product","2":"type-product","3":"status-publish","4":"has-post-thumbnail","6":"product_cat-arendavad-vihikud-vene-keeles","7":"product_cat-unkategorized","8":"pa_vozrast-ot-polutora-do-treh-let-et","10":"first","11":"instock","12":"shipping-taxable","13":"purchasable","14":"product-type-simple"},"yoast_head":"<!-- This site is optimized with the Yoast SEO plugin v25.0 - https:\/\/yoast.com\/wordpress\/plugins\/seo\/ -->\n<title>\u041c\u043d\u043e\u0433\u043e\u0440\u0430\u0437\u043e\u0432\u0430\u044f \u0440\u0430\u0431\u043e\u0447\u0430\u044f \u0442\u0435\u0442\u0440\u0430\u0434\u044c \u0434\u043b\u044f \u0434\u0435\u0442\u0435\u0439 \u043e\u0442 \u0433\u043e\u0434\u0430 \u00ab\u041f\u043e\u0437\u043d\u0430\u043d\u0438\u0435\u00bb, \u0440\u0430\u0437\u043c\u0435\u0440 \u04104, 39 \u0441\u0442\u0440\u0430\u043d\u0438\u0446 -<\/title>\n<meta name=\"description\" content=\"\u041c\u043d\u043e\u0433\u043e\u0440\u0430\u0437\u043e\u0432\u0430\u044f \u0440\u0430\u0431\u043e\u0447\u0430\u044f \u0442\u0435\u0442\u0440\u0430\u0434\u044c \u0434\u043b\u044f \u0434\u0435\u0442\u0435\u0439 \u043e\u0442 \u0433\u043e\u0434\u0430 \u00ab\u041f\u043e\u0437\u043d\u0430\u043d\u0438\u0435\u00bb, \u0440\u0430\u0437\u043c\u0435\u0440 \u04104, 39 \u0441\u0442\u0440\u0430\u043d\u0438\u0446 - CLEVER KIDS\" \/>\n<meta name=\"robots\" content=\"index, follow, max-snippet:-1, max-image-preview:large, max-video-preview:-1\" \/>\n<link rel=\"canonical\" href=\"https:\/\/cleverkids.ee\/et\/product\/mnogorazovaya-rabochaya-tetrad-dlya-det\/\" \/>\n<meta property=\"og:locale\" content=\"et_EE\" \/>\n<meta property=\"og:type\" content=\"article\" \/>\n<meta property=\"og:title\" content=\"\u041c\u043d\u043e\u0433\u043e\u0440\u0430\u0437\u043e\u0432\u0430\u044f \u0440\u0430\u0431\u043e\u0447\u0430\u044f \u0442\u0435\u0442\u0440\u0430\u0434\u044c \u0434\u043b\u044f \u0434\u0435\u0442\u0435\u0439 \u043e\u0442 \u0433\u043e\u0434\u0430 \u00ab\u041f\u043e\u0437\u043d\u0430\u043d\u0438\u0435\u00bb, \u0440\u0430\u0437\u043c\u0435\u0440 \u04104, 39 \u0441\u0442\u0440\u0430\u043d\u0438\u0446 -\" \/>\n<meta property=\"og:description\" content=\"\u041c\u043d\u043e\u0433\u043e\u0440\u0430\u0437\u043e\u0432\u0430\u044f \u0440\u0430\u0431\u043e\u0447\u0430\u044f \u0442\u0435\u0442\u0440\u0430\u0434\u044c \u0434\u043b\u044f \u0434\u0435\u0442\u0435\u0439 \u043e\u0442 \u0433\u043e\u0434\u0430 \u00ab\u041f\u043e\u0437\u043d\u0430\u043d\u0438\u0435\u00bb, \u0440\u0430\u0437\u043c\u0435\u0440 \u04104, 39 \u0441\u0442\u0440\u0430\u043d\u0438\u0446 - CLEVER KIDS\" \/>\n<meta property=\"og:url\" content=\"https:\/\/cleverkids.ee\/et\/product\/mnogorazovaya-rabochaya-tetrad-dlya-det\/\" \/>\n<meta property=\"og:site_name\" content=\"CLEVER KIDS\" \/>\n<meta property=\"article:publisher\" content=\"https:\/\/www.facebook.com\/cleverkids.ee\/\" \/>\n<meta property=\"article:modified_time\" content=\"2024-06-23T14:59:47+00:00\" \/>\n<meta property=\"og:image\" content=\"https:\/\/cleverkids.ee\/wp-content\/uploads\/2024\/05\/razvivayushchaya-tetrad-dlya-detej-ot-goda-poznanie-scaled-1-1.jpg\" \/>\n\t<meta property=\"og:image:width\" content=\"2560\" \/>\n\t<meta property=\"og:image:height\" content=\"2560\" \/>\n\t<meta property=\"og:image:type\" content=\"image\/jpeg\" \/>\n<meta name=\"twitter:card\" content=\"summary_large_image\" \/>\n<meta name=\"twitter:label1\" content=\"Est. reading time\" \/>\n\t<meta name=\"twitter:data1\" content=\"1 minut\" \/>\n<script type=\"application\/ld+json\" class=\"yoast-schema-graph\">{\"@context\":\"https:\/\/schema.org\",\"@graph\":[{\"@type\":\"WebPage\",\"@id\":\"https:\/\/cleverkids.ee\/et\/product\/mnogorazovaya-rabochaya-tetrad-dlya-det\/\",\"url\":\"https:\/\/cleverkids.ee\/et\/product\/mnogorazovaya-rabochaya-tetrad-dlya-det\/\",\"name\":\"\u041c\u043d\u043e\u0433\u043e\u0440\u0430\u0437\u043e\u0432\u0430\u044f \u0440\u0430\u0431\u043e\u0447\u0430\u044f \u0442\u0435\u0442\u0440\u0430\u0434\u044c \u0434\u043b\u044f \u0434\u0435\u0442\u0435\u0439 \u043e\u0442 \u0433\u043e\u0434\u0430 \u00ab\u041f\u043e\u0437\u043d\u0430\u043d\u0438\u0435\u00bb, \u0440\u0430\u0437\u043c\u0435\u0440 \u04104, 39 \u0441\u0442\u0440\u0430\u043d\u0438\u0446 -\",\"isPartOf\":{\"@id\":\"https:\/\/cleverkids.ee\/et\/#website\"},\"primaryImageOfPage\":{\"@id\":\"https:\/\/cleverkids.ee\/et\/product\/mnogorazovaya-rabochaya-tetrad-dlya-det\/#primaryimage\"},\"image\":{\"@id\":\"https:\/\/cleverkids.ee\/et\/product\/mnogorazovaya-rabochaya-tetrad-dlya-det\/#primaryimage\"},\"thumbnailUrl\":\"https:\/\/cleverkids.ee\/wp-content\/uploads\/2024\/05\/razvivayushchaya-tetrad-dlya-detej-ot-goda-poznanie-scaled-1-1.jpg\",\"datePublished\":\"2024-04-16T04:25:43+00:00\",\"dateModified\":\"2024-06-23T14:59:47+00:00\",\"description\":\"\u041c\u043d\u043e\u0433\u043e\u0440\u0430\u0437\u043e\u0432\u0430\u044f \u0440\u0430\u0431\u043e\u0447\u0430\u044f \u0442\u0435\u0442\u0440\u0430\u0434\u044c \u0434\u043b\u044f \u0434\u0435\u0442\u0435\u0439 \u043e\u0442 \u0433\u043e\u0434\u0430 \u00ab\u041f\u043e\u0437\u043d\u0430\u043d\u0438\u0435\u00bb, \u0440\u0430\u0437\u043c\u0435\u0440 \u04104, 39 \u0441\u0442\u0440\u0430\u043d\u0438\u0446 - CLEVER KIDS\",\"breadcrumb\":{\"@id\":\"https:\/\/cleverkids.ee\/et\/product\/mnogorazovaya-rabochaya-tetrad-dlya-det\/#breadcrumb\"},\"inLanguage\":\"et\",\"potentialAction\":[{\"@type\":\"ReadAction\",\"target\":[\"https:\/\/cleverkids.ee\/et\/product\/mnogorazovaya-rabochaya-tetrad-dlya-det\/\"]}]},{\"@type\":\"ImageObject\",\"inLanguage\":\"et\",\"@id\":\"https:\/\/cleverkids.ee\/et\/product\/mnogorazovaya-rabochaya-tetrad-dlya-det\/#primaryimage\",\"url\":\"https:\/\/cleverkids.ee\/wp-content\/uploads\/2024\/05\/razvivayushchaya-tetrad-dlya-detej-ot-goda-poznanie-scaled-1-1.jpg\",\"contentUrl\":\"https:\/\/cleverkids.ee\/wp-content\/uploads\/2024\/05\/razvivayushchaya-tetrad-dlya-detej-ot-goda-poznanie-scaled-1-1.jpg\",\"width\":2560,\"height\":2560},{\"@type\":\"BreadcrumbList\",\"@id\":\"https:\/\/cleverkids.ee\/et\/product\/mnogorazovaya-rabochaya-tetrad-dlya-det\/#breadcrumb\",\"itemListElement\":[{\"@type\":\"ListItem\",\"position\":1,\"name\":\"Esileht\",\"item\":\"https:\/\/cleverkids.ee\/et\/\"},{\"@type\":\"ListItem\",\"position\":2,\"name\":\"Tooted\",\"item\":\"https:\/\/cleverkids.ee\/store\/\"},{\"@type\":\"ListItem\",\"position\":3,\"name\":\"\u041c\u043d\u043e\u0433\u043e\u0440\u0430\u0437\u043e\u0432\u0430\u044f \u0440\u0430\u0431\u043e\u0447\u0430\u044f \u0442\u0435\u0442\u0440\u0430\u0434\u044c \u0434\u043b\u044f \u0434\u0435\u0442\u0435\u0439 \u043e\u0442 \u0433\u043e\u0434\u0430 \u00ab\u041f\u043e\u0437\u043d\u0430\u043d\u0438\u0435\u00bb, \u0440\u0430\u0437\u043c\u0435\u0440 \u04104, 39 \u0441\u0442\u0440\u0430\u043d\u0438\u0446\"}]},{\"@type\":\"WebSite\",\"@id\":\"https:\/\/cleverkids.ee\/et\/#website\",\"url\":\"https:\/\/cleverkids.ee\/et\/\",\"name\":\"CLEVER KIDS\",\"description\":\"\",\"publisher\":{\"@id\":\"https:\/\/cleverkids.ee\/et\/#organization\"},\"potentialAction\":[{\"@type\":\"SearchAction\",\"target\":{\"@type\":\"EntryPoint\",\"urlTemplate\":\"https:\/\/cleverkids.ee\/et\/?s={search_term_string}\"},\"query-input\":{\"@type\":\"PropertyValueSpecification\",\"valueRequired\":true,\"valueName\":\"search_term_string\"}}],\"inLanguage\":\"et\"},{\"@type\":\"Organization\",\"@id\":\"https:\/\/cleverkids.ee\/et\/#organization\",\"name\":\"CLEVER KIDS\",\"url\":\"https:\/\/cleverkids.ee\/et\/\",\"logo\":{\"@type\":\"ImageObject\",\"inLanguage\":\"et\",\"@id\":\"https:\/\/cleverkids.ee\/et\/#\/schema\/logo\/image\/\",\"url\":\"https:\/\/cleverkids.ee\/wp-content\/uploads\/2024\/02\/image0-1024x1024.png\",\"contentUrl\":\"https:\/\/cleverkids.ee\/wp-content\/uploads\/2024\/02\/image0-1024x1024.png\",\"width\":1024,\"height\":1024,\"caption\":\"CLEVER KIDS\"},\"image\":{\"@id\":\"https:\/\/cleverkids.ee\/et\/#\/schema\/logo\/image\/\"},\"sameAs\":[\"https:\/\/www.facebook.com\/cleverkids.ee\/\",\"https:\/\/www.instagram.com\/cleverkids_ee\/\"]}]}<\/script>\n<!-- \/ Yoast SEO plugin. -->","yoast_head_json":{"title":"\u041c\u043d\u043e\u0433\u043e\u0440\u0430\u0437\u043e\u0432\u0430\u044f \u0440\u0430\u0431\u043e\u0447\u0430\u044f \u0442\u0435\u0442\u0440\u0430\u0434\u044c \u0434\u043b\u044f \u0434\u0435\u0442\u0435\u0439 \u043e\u0442 \u0433\u043e\u0434\u0430 \u00ab\u041f\u043e\u0437\u043d\u0430\u043d\u0438\u0435\u00bb, \u0440\u0430\u0437\u043c\u0435\u0440 \u04104, 39 \u0441\u0442\u0440\u0430\u043d\u0438\u0446 -","description":"\u041c\u043d\u043e\u0433\u043e\u0440\u0430\u0437\u043e\u0432\u0430\u044f \u0440\u0430\u0431\u043e\u0447\u0430\u044f \u0442\u0435\u0442\u0440\u0430\u0434\u044c \u0434\u043b\u044f \u0434\u0435\u0442\u0435\u0439 \u043e\u0442 \u0433\u043e\u0434\u0430 \u00ab\u041f\u043e\u0437\u043d\u0430\u043d\u0438\u0435\u00bb, \u0440\u0430\u0437\u043c\u0435\u0440 \u04104, 39 \u0441\u0442\u0440\u0430\u043d\u0438\u0446 - CLEVER KIDS","robots":{"index":"index","follow":"follow","max-snippet":"max-snippet:-1","max-image-preview":"max-image-preview:large","max-video-preview":"max-video-preview:-1"},"canonical":"https:\/\/cleverkids.ee\/et\/product\/mnogorazovaya-rabochaya-tetrad-dlya-det\/","og_locale":"et_EE","og_type":"article","og_title":"\u041c\u043d\u043e\u0433\u043e\u0440\u0430\u0437\u043e\u0432\u0430\u044f \u0440\u0430\u0431\u043e\u0447\u0430\u044f \u0442\u0435\u0442\u0440\u0430\u0434\u044c \u0434\u043b\u044f \u0434\u0435\u0442\u0435\u0439 \u043e\u0442 \u0433\u043e\u0434\u0430 \u00ab\u041f\u043e\u0437\u043d\u0430\u043d\u0438\u0435\u00bb, \u0440\u0430\u0437\u043c\u0435\u0440 \u04104, 39 \u0441\u0442\u0440\u0430\u043d\u0438\u0446 -","og_description":"\u041c\u043d\u043e\u0433\u043e\u0440\u0430\u0437\u043e\u0432\u0430\u044f \u0440\u0430\u0431\u043e\u0447\u0430\u044f \u0442\u0435\u0442\u0440\u0430\u0434\u044c \u0434\u043b\u044f \u0434\u0435\u0442\u0435\u0439 \u043e\u0442 \u0433\u043e\u0434\u0430 \u00ab\u041f\u043e\u0437\u043d\u0430\u043d\u0438\u0435\u00bb, \u0440\u0430\u0437\u043c\u0435\u0440 \u04104, 39 \u0441\u0442\u0440\u0430\u043d\u0438\u0446 - CLEVER KIDS","og_url":"https:\/\/cleverkids.ee\/et\/product\/mnogorazovaya-rabochaya-tetrad-dlya-det\/","og_site_name":"CLEVER KIDS","article_publisher":"https:\/\/www.facebook.com\/cleverkids.ee\/","article_modified_time":"2024-06-23T14:59:47+00:00","og_image":[{"width":2560,"height":2560,"url":"https:\/\/cleverkids.ee\/wp-content\/uploads\/2024\/05\/razvivayushchaya-tetrad-dlya-detej-ot-goda-poznanie-scaled-1-1.jpg","type":"image\/jpeg"}],"twitter_card":"summary_large_image","twitter_misc":{"Est. reading time":"1 minut"},"schema":{"@context":"https:\/\/schema.org","@graph":[{"@type":"WebPage","@id":"https:\/\/cleverkids.ee\/et\/product\/mnogorazovaya-rabochaya-tetrad-dlya-det\/","url":"https:\/\/cleverkids.ee\/et\/product\/mnogorazovaya-rabochaya-tetrad-dlya-det\/","name":"\u041c\u043d\u043e\u0433\u043e\u0440\u0430\u0437\u043e\u0432\u0430\u044f \u0440\u0430\u0431\u043e\u0447\u0430\u044f \u0442\u0435\u0442\u0440\u0430\u0434\u044c \u0434\u043b\u044f \u0434\u0435\u0442\u0435\u0439 \u043e\u0442 \u0433\u043e\u0434\u0430 \u00ab\u041f\u043e\u0437\u043d\u0430\u043d\u0438\u0435\u00bb, \u0440\u0430\u0437\u043c\u0435\u0440 \u04104, 39 \u0441\u0442\u0440\u0430\u043d\u0438\u0446 -","isPartOf":{"@id":"https:\/\/cleverkids.ee\/et\/#website"},"primaryImageOfPage":{"@id":"https:\/\/cleverkids.ee\/et\/product\/mnogorazovaya-rabochaya-tetrad-dlya-det\/#primaryimage"},"image":{"@id":"https:\/\/cleverkids.ee\/et\/product\/mnogorazovaya-rabochaya-tetrad-dlya-det\/#primaryimage"},"thumbnailUrl":"https:\/\/cleverkids.ee\/wp-content\/uploads\/2024\/05\/razvivayushchaya-tetrad-dlya-detej-ot-goda-poznanie-scaled-1-1.jpg","datePublished":"2024-04-16T04:25:43+00:00","dateModified":"2024-06-23T14:59:47+00:00","description":"\u041c\u043d\u043e\u0433\u043e\u0440\u0430\u0437\u043e\u0432\u0430\u044f \u0440\u0430\u0431\u043e\u0447\u0430\u044f \u0442\u0435\u0442\u0440\u0430\u0434\u044c \u0434\u043b\u044f \u0434\u0435\u0442\u0435\u0439 \u043e\u0442 \u0433\u043e\u0434\u0430 \u00ab\u041f\u043e\u0437\u043d\u0430\u043d\u0438\u0435\u00bb, \u0440\u0430\u0437\u043c\u0435\u0440 \u04104, 39 \u0441\u0442\u0440\u0430\u043d\u0438\u0446 - CLEVER KIDS","breadcrumb":{"@id":"https:\/\/cleverkids.ee\/et\/product\/mnogorazovaya-rabochaya-tetrad-dlya-det\/#breadcrumb"},"inLanguage":"et","potentialAction":[{"@type":"ReadAction","target":["https:\/\/cleverkids.ee\/et\/product\/mnogorazovaya-rabochaya-tetrad-dlya-det\/"]}]},{"@type":"ImageObject","inLanguage":"et","@id":"https:\/\/cleverkids.ee\/et\/product\/mnogorazovaya-rabochaya-tetrad-dlya-det\/#primaryimage","url":"https:\/\/cleverkids.ee\/wp-content\/uploads\/2024\/05\/razvivayushchaya-tetrad-dlya-detej-ot-goda-poznanie-scaled-1-1.jpg","contentUrl":"https:\/\/cleverkids.ee\/wp-content\/uploads\/2024\/05\/razvivayushchaya-tetrad-dlya-detej-ot-goda-poznanie-scaled-1-1.jpg","width":2560,"height":2560},{"@type":"BreadcrumbList","@id":"https:\/\/cleverkids.ee\/et\/product\/mnogorazovaya-rabochaya-tetrad-dlya-det\/#breadcrumb","itemListElement":[{"@type":"ListItem","position":1,"name":"Esileht","item":"https:\/\/cleverkids.ee\/et\/"},{"@type":"ListItem","position":2,"name":"Tooted","item":"https:\/\/cleverkids.ee\/store\/"},{"@type":"ListItem","position":3,"name":"\u041c\u043d\u043e\u0433\u043e\u0440\u0430\u0437\u043e\u0432\u0430\u044f \u0440\u0430\u0431\u043e\u0447\u0430\u044f \u0442\u0435\u0442\u0440\u0430\u0434\u044c \u0434\u043b\u044f \u0434\u0435\u0442\u0435\u0439 \u043e\u0442 \u0433\u043e\u0434\u0430 \u00ab\u041f\u043e\u0437\u043d\u0430\u043d\u0438\u0435\u00bb, \u0440\u0430\u0437\u043c\u0435\u0440 \u04104, 39 \u0441\u0442\u0440\u0430\u043d\u0438\u0446"}]},{"@type":"WebSite","@id":"https:\/\/cleverkids.ee\/et\/#website","url":"https:\/\/cleverkids.ee\/et\/","name":"CLEVER KIDS","description":"","publisher":{"@id":"https:\/\/cleverkids.ee\/et\/#organization"},"potentialAction":[{"@type":"SearchAction","target":{"@type":"EntryPoint","urlTemplate":"https:\/\/cleverkids.ee\/et\/?s={search_term_string}"},"query-input":{"@type":"PropertyValueSpecification","valueRequired":true,"valueName":"search_term_string"}}],"inLanguage":"et"},{"@type":"Organization","@id":"https:\/\/cleverkids.ee\/et\/#organization","name":"CLEVER KIDS","url":"https:\/\/cleverkids.ee\/et\/","logo":{"@type":"ImageObject","inLanguage":"et","@id":"https:\/\/cleverkids.ee\/et\/#\/schema\/logo\/image\/","url":"https:\/\/cleverkids.ee\/wp-content\/uploads\/2024\/02\/image0-1024x1024.png","contentUrl":"https:\/\/cleverkids.ee\/wp-content\/uploads\/2024\/02\/image0-1024x1024.png","width":1024,"height":1024,"caption":"CLEVER KIDS"},"image":{"@id":"https:\/\/cleverkids.ee\/et\/#\/schema\/logo\/image\/"},"sameAs":["https:\/\/www.facebook.com\/cleverkids.ee\/","https:\/\/www.instagram.com\/cleverkids_ee\/"]}]}},"_links":{"self":[{"href":"https:\/\/cleverkids.ee\/et\/wp-json\/wp\/v2\/product\/46477","targetHints":{"allow":["GET"]}}],"collection":[{"href":"https:\/\/cleverkids.ee\/et\/wp-json\/wp\/v2\/product"}],"about":[{"href":"https:\/\/cleverkids.ee\/et\/wp-json\/wp\/v2\/types\/product"}],"wp:featuredmedia":[{"embeddable":true,"href":"https:\/\/cleverkids.ee\/et\/wp-json\/wp\/v2\/media\/70755"}],"wp:attachment":[{"href":"https:\/\/cleverkids.ee\/et\/wp-json\/wp\/v2\/media?parent=46477"}],"wp:term":[{"taxonomy":"product_brand","embeddable":true,"href":"https:\/\/cleverkids.ee\/et\/wp-json\/wp\/v2\/product_brand?post=46477"},{"taxonomy":"product_cat","embeddable":true,"href":"https:\/\/cleverkids.ee\/et\/wp-json\/wp\/v2\/product_cat?post=46477"},{"taxonomy":"product_tag","embeddable":true,"href":"https:\/\/cleverkids.ee\/et\/wp-json\/wp\/v2\/product_tag?post=46477"}],"curies":[{"name":"wp","href":"https:\/\/api.w.org\/{rel}","templated":true}]}}