{"id":46507,"date":"2024-04-16T07:25:43","date_gmt":"2024-04-16T04:25:43","guid":{"rendered":"https:\/\/cleverkids.dev2.sdhost.eu\/product\/%d0%bc%d0%bd%d0%be%d0%b3%d0%be%d1%80%d0%b0%d0%b7%d0%be%d0%b2%d0%b0%d1%8f-%d1%80%d0%b0%d0%b1%d0%be%d1%87%d0%b0%d1%8f-%d1%82%d0%b5%d1%82%d1%80%d0%b0%d0%b4%d1%8c-%d0%b4%d0%bb%d1%8f-%d0%b4%d0%b5%d1%82-5\/"},"modified":"2024-06-23T17:59:47","modified_gmt":"2024-06-23T14:59:47","slug":"mnogorazovaya-rabochaya-tetrad-dlya-det-5","status":"publish","type":"product","link":"https:\/\/cleverkids.ee\/et\/product\/mnogorazovaya-rabochaya-tetrad-dlya-det-5\/","title":{"rendered":"\u041c\u043d\u043e\u0433\u043e\u0440\u0430\u0437\u043e\u0432\u0430\u044f \u0440\u0430\u0431\u043e\u0447\u0430\u044f \u0442\u0435\u0442\u0440\u0430\u0434\u044c \u0434\u043b\u044f \u0434\u0435\u0442\u0435\u0439 3-4 \u043b\u0435\u0442 \u00ab\u0420\u0430\u0437\u0432\u0438\u0442\u0438\u0435 \u0440\u0435\u0447\u0438\u00bb, \u0440\u0430\u0437\u043c\u0435\u0440 \u04104, 35 \u0441\u0442\u0440\u0430\u043d\u0438\u0446"},"content":{"rendered":"<p>Vihik &#8220;K\u00f5ne areng&#8221; on m\u00f5eldud lastele alates 3 a. \u00dclesanded aitavad lapsele parandada k\u00f5ne grammatilist struktuuri, koordineerides nimis\u00f5nu, omaduss\u00f5nu, tegus\u00f5nu \u00fcksteisega ja lauseid.<\/p>\n<p>Esiteks uurime verbe, nimis\u00f5nu erinevates numbrites ja juhtudel ning omaduss\u00f5nu. Samuti \u00f5pime omavahel k\u00f5ne osi koosk\u00f5lastama. J\u00e4rgmisena tutvume j\u00e4relliitede ja juhtumitega ning harjutame uute s\u00f5nade moodustamist, lisades p\u00f5hit\u00f5ed. Lisaks morfoloogiale puudutame ka k\u00f5ne s\u00fcntaktilist k\u00fclge: me ehitame lihtsaid ja keerulisi lauseid homogeensete liikmetega, \u00f5pime kasutama koosm\u00f5jusid ja v\u00e4ljendame p\u00f5hjuse ja tagaj\u00e4rje seoseid.<\/p>\n<p>On oluline, et laps h\u00e4\u00e4ldaks tegevusi, n\u00e4iteks: &#8220;Arst ravib inimesi&#8221;, &#8220;Ehitaja ehitab hooneid&#8221; jne.<\/p>\n<p>K\u00e4siraamat on korduvkasutatav: saate \u00fcletada, liituda ja pesta nii palju kordi kui soovite. Sellega kaasneb roheline marker, mille j\u00e4ljed on kergesti kustutatavad kuiva k\u00e4sna v\u00f5i salvr\u00e4tikuga. K\u00f5ik pildid on heledad ja v\u00e4rvilised ning lehed on valmistatud lamineeritud A4 papist. Ohutuks t\u00f6\u00f6ks on s\u00fclearvuti servad \u00fcmardatud ja lehed kinnitatakse kahekordse vedruga.<\/p>\n","protected":false},"excerpt":{"rendered":"<p>Vihik &#8220;K\u00f5ne areng&#8221; on m\u00f5eldud lastele alates 3 a. \u00dclesanded aitavad lapsele parandada k\u00f5ne grammatilist struktuuri, koordineerides nimis\u00f5nu, omaduss\u00f5nu, tegus\u00f5nu \u00fcksteisega ja lauseid. Esiteks uurime verbe, nimis\u00f5nu erinevates numbrites ja juhtudel ning omaduss\u00f5nu. Samuti \u00f5pime omavahel k\u00f5ne osi koosk\u00f5lastama. J\u00e4rgmisena tutvume j\u00e4relliitede ja juhtumitega ning harjutame uute s\u00f5nade moodustamist, lisades p\u00f5hit\u00f5ed. Lisaks morfoloogiale puudutame ka [&hellip;]<\/p>\n","protected":false},"featured_media":70680,"template":"","meta":{"_monsterinsights_skip_tracking":false,"_monsterinsights_sitenote_active":false,"_monsterinsights_sitenote_note":"","_monsterinsights_sitenote_category":0},"product_brand":[],"product_cat":[51,56,58],"product_tag":[],"class_list":{"0":"post-46507","1":"product","2":"type-product","3":"status-publish","4":"has-post-thumbnail","6":"product_cat-arendavad-vihikud-vene-keeles","7":"product_cat-kone-areng","8":"product_cat-unkategorized","9":"pa_vozrast-ot-3-do-5-let-et","11":"first","12":"instock","13":"shipping-taxable","14":"purchasable","15":"product-type-simple"},"yoast_head":"<!-- This site is optimized with the Yoast SEO plugin v25.0 - https:\/\/yoast.com\/wordpress\/plugins\/seo\/ -->\n<title>\u041c\u043d\u043e\u0433\u043e\u0440\u0430\u0437\u043e\u0432\u0430\u044f \u0440\u0430\u0431\u043e\u0447\u0430\u044f \u0442\u0435\u0442\u0440\u0430\u0434\u044c \u0434\u043b\u044f \u0434\u0435\u0442\u0435\u0439 3-4 \u043b\u0435\u0442 \u00ab\u0420\u0430\u0437\u0432\u0438\u0442\u0438\u0435 \u0440\u0435\u0447\u0438\u00bb, \u0440\u0430\u0437\u043c\u0435\u0440 \u04104, 35 \u0441\u0442\u0440\u0430\u043d\u0438\u0446 -<\/title>\n<meta name=\"description\" content=\"\u041c\u043d\u043e\u0433\u043e\u0440\u0430\u0437\u043e\u0432\u0430\u044f \u0440\u0430\u0431\u043e\u0447\u0430\u044f \u0442\u0435\u0442\u0440\u0430\u0434\u044c \u0434\u043b\u044f \u0434\u0435\u0442\u0435\u0439 3-4 \u043b\u0435\u0442 \u00ab\u0420\u0430\u0437\u0432\u0438\u0442\u0438\u0435 \u0440\u0435\u0447\u0438\u00bb, \u0440\u0430\u0437\u043c\u0435\u0440 \u04104, 35 \u0441\u0442\u0440\u0430\u043d\u0438\u0446 - CLEVER KIDS\" \/>\n<meta name=\"robots\" content=\"index, follow, max-snippet:-1, max-image-preview:large, max-video-preview:-1\" \/>\n<link rel=\"canonical\" href=\"https:\/\/cleverkids.ee\/et\/product\/mnogorazovaya-rabochaya-tetrad-dlya-det-5\/\" \/>\n<meta property=\"og:locale\" content=\"et_EE\" \/>\n<meta property=\"og:type\" content=\"article\" \/>\n<meta property=\"og:title\" content=\"\u041c\u043d\u043e\u0433\u043e\u0440\u0430\u0437\u043e\u0432\u0430\u044f \u0440\u0430\u0431\u043e\u0447\u0430\u044f \u0442\u0435\u0442\u0440\u0430\u0434\u044c \u0434\u043b\u044f \u0434\u0435\u0442\u0435\u0439 3-4 \u043b\u0435\u0442 \u00ab\u0420\u0430\u0437\u0432\u0438\u0442\u0438\u0435 \u0440\u0435\u0447\u0438\u00bb, \u0440\u0430\u0437\u043c\u0435\u0440 \u04104, 35 \u0441\u0442\u0440\u0430\u043d\u0438\u0446 -\" \/>\n<meta property=\"og:description\" content=\"\u041c\u043d\u043e\u0433\u043e\u0440\u0430\u0437\u043e\u0432\u0430\u044f \u0440\u0430\u0431\u043e\u0447\u0430\u044f \u0442\u0435\u0442\u0440\u0430\u0434\u044c \u0434\u043b\u044f \u0434\u0435\u0442\u0435\u0439 3-4 \u043b\u0435\u0442 \u00ab\u0420\u0430\u0437\u0432\u0438\u0442\u0438\u0435 \u0440\u0435\u0447\u0438\u00bb, \u0440\u0430\u0437\u043c\u0435\u0440 \u04104, 35 \u0441\u0442\u0440\u0430\u043d\u0438\u0446 - CLEVER KIDS\" \/>\n<meta property=\"og:url\" content=\"https:\/\/cleverkids.ee\/et\/product\/mnogorazovaya-rabochaya-tetrad-dlya-det-5\/\" \/>\n<meta property=\"og:site_name\" content=\"CLEVER KIDS\" \/>\n<meta property=\"article:publisher\" content=\"https:\/\/www.facebook.com\/cleverkids.ee\/\" \/>\n<meta property=\"article:modified_time\" content=\"2024-06-23T14:59:47+00:00\" \/>\n<meta property=\"og:image\" content=\"https:\/\/cleverkids.ee\/wp-content\/uploads\/2024\/05\/rech-sait-1-scaled-1-1.jpg\" \/>\n\t<meta property=\"og:image:width\" content=\"2560\" \/>\n\t<meta property=\"og:image:height\" content=\"2560\" \/>\n\t<meta property=\"og:image:type\" content=\"image\/jpeg\" \/>\n<meta name=\"twitter:card\" content=\"summary_large_image\" \/>\n<meta name=\"twitter:label1\" content=\"Est. reading time\" \/>\n\t<meta name=\"twitter:data1\" content=\"1 minut\" \/>\n<script type=\"application\/ld+json\" class=\"yoast-schema-graph\">{\"@context\":\"https:\/\/schema.org\",\"@graph\":[{\"@type\":\"WebPage\",\"@id\":\"https:\/\/cleverkids.ee\/et\/product\/mnogorazovaya-rabochaya-tetrad-dlya-det-5\/\",\"url\":\"https:\/\/cleverkids.ee\/et\/product\/mnogorazovaya-rabochaya-tetrad-dlya-det-5\/\",\"name\":\"\u041c\u043d\u043e\u0433\u043e\u0440\u0430\u0437\u043e\u0432\u0430\u044f \u0440\u0430\u0431\u043e\u0447\u0430\u044f \u0442\u0435\u0442\u0440\u0430\u0434\u044c \u0434\u043b\u044f \u0434\u0435\u0442\u0435\u0439 3-4 \u043b\u0435\u0442 \u00ab\u0420\u0430\u0437\u0432\u0438\u0442\u0438\u0435 \u0440\u0435\u0447\u0438\u00bb, \u0440\u0430\u0437\u043c\u0435\u0440 \u04104, 35 \u0441\u0442\u0440\u0430\u043d\u0438\u0446 -\",\"isPartOf\":{\"@id\":\"https:\/\/cleverkids.ee\/et\/#website\"},\"primaryImageOfPage\":{\"@id\":\"https:\/\/cleverkids.ee\/et\/product\/mnogorazovaya-rabochaya-tetrad-dlya-det-5\/#primaryimage\"},\"image\":{\"@id\":\"https:\/\/cleverkids.ee\/et\/product\/mnogorazovaya-rabochaya-tetrad-dlya-det-5\/#primaryimage\"},\"thumbnailUrl\":\"https:\/\/cleverkids.ee\/wp-content\/uploads\/2024\/05\/rech-sait-1-scaled-1-1.jpg\",\"datePublished\":\"2024-04-16T04:25:43+00:00\",\"dateModified\":\"2024-06-23T14:59:47+00:00\",\"description\":\"\u041c\u043d\u043e\u0433\u043e\u0440\u0430\u0437\u043e\u0432\u0430\u044f \u0440\u0430\u0431\u043e\u0447\u0430\u044f \u0442\u0435\u0442\u0440\u0430\u0434\u044c \u0434\u043b\u044f \u0434\u0435\u0442\u0435\u0439 3-4 \u043b\u0435\u0442 \u00ab\u0420\u0430\u0437\u0432\u0438\u0442\u0438\u0435 \u0440\u0435\u0447\u0438\u00bb, \u0440\u0430\u0437\u043c\u0435\u0440 \u04104, 35 \u0441\u0442\u0440\u0430\u043d\u0438\u0446 - CLEVER KIDS\",\"breadcrumb\":{\"@id\":\"https:\/\/cleverkids.ee\/et\/product\/mnogorazovaya-rabochaya-tetrad-dlya-det-5\/#breadcrumb\"},\"inLanguage\":\"et\",\"potentialAction\":[{\"@type\":\"ReadAction\",\"target\":[\"https:\/\/cleverkids.ee\/et\/product\/mnogorazovaya-rabochaya-tetrad-dlya-det-5\/\"]}]},{\"@type\":\"ImageObject\",\"inLanguage\":\"et\",\"@id\":\"https:\/\/cleverkids.ee\/et\/product\/mnogorazovaya-rabochaya-tetrad-dlya-det-5\/#primaryimage\",\"url\":\"https:\/\/cleverkids.ee\/wp-content\/uploads\/2024\/05\/rech-sait-1-scaled-1-1.jpg\",\"contentUrl\":\"https:\/\/cleverkids.ee\/wp-content\/uploads\/2024\/05\/rech-sait-1-scaled-1-1.jpg\",\"width\":2560,\"height\":2560},{\"@type\":\"BreadcrumbList\",\"@id\":\"https:\/\/cleverkids.ee\/et\/product\/mnogorazovaya-rabochaya-tetrad-dlya-det-5\/#breadcrumb\",\"itemListElement\":[{\"@type\":\"ListItem\",\"position\":1,\"name\":\"Esileht\",\"item\":\"https:\/\/cleverkids.ee\/et\/\"},{\"@type\":\"ListItem\",\"position\":2,\"name\":\"Tooted\",\"item\":\"https:\/\/cleverkids.ee\/store\/\"},{\"@type\":\"ListItem\",\"position\":3,\"name\":\"\u041c\u043d\u043e\u0433\u043e\u0440\u0430\u0437\u043e\u0432\u0430\u044f \u0440\u0430\u0431\u043e\u0447\u0430\u044f \u0442\u0435\u0442\u0440\u0430\u0434\u044c \u0434\u043b\u044f \u0434\u0435\u0442\u0435\u0439 3-4 \u043b\u0435\u0442 \u00ab\u0420\u0430\u0437\u0432\u0438\u0442\u0438\u0435 \u0440\u0435\u0447\u0438\u00bb, \u0440\u0430\u0437\u043c\u0435\u0440 \u04104, 35 \u0441\u0442\u0440\u0430\u043d\u0438\u0446\"}]},{\"@type\":\"WebSite\",\"@id\":\"https:\/\/cleverkids.ee\/et\/#website\",\"url\":\"https:\/\/cleverkids.ee\/et\/\",\"name\":\"CLEVER KIDS\",\"description\":\"\",\"publisher\":{\"@id\":\"https:\/\/cleverkids.ee\/et\/#organization\"},\"potentialAction\":[{\"@type\":\"SearchAction\",\"target\":{\"@type\":\"EntryPoint\",\"urlTemplate\":\"https:\/\/cleverkids.ee\/et\/?s={search_term_string}\"},\"query-input\":{\"@type\":\"PropertyValueSpecification\",\"valueRequired\":true,\"valueName\":\"search_term_string\"}}],\"inLanguage\":\"et\"},{\"@type\":\"Organization\",\"@id\":\"https:\/\/cleverkids.ee\/et\/#organization\",\"name\":\"CLEVER KIDS\",\"url\":\"https:\/\/cleverkids.ee\/et\/\",\"logo\":{\"@type\":\"ImageObject\",\"inLanguage\":\"et\",\"@id\":\"https:\/\/cleverkids.ee\/et\/#\/schema\/logo\/image\/\",\"url\":\"https:\/\/cleverkids.ee\/wp-content\/uploads\/2024\/02\/image0-1024x1024.png\",\"contentUrl\":\"https:\/\/cleverkids.ee\/wp-content\/uploads\/2024\/02\/image0-1024x1024.png\",\"width\":1024,\"height\":1024,\"caption\":\"CLEVER KIDS\"},\"image\":{\"@id\":\"https:\/\/cleverkids.ee\/et\/#\/schema\/logo\/image\/\"},\"sameAs\":[\"https:\/\/www.facebook.com\/cleverkids.ee\/\",\"https:\/\/www.instagram.com\/cleverkids_ee\/\"]}]}<\/script>\n<!-- \/ Yoast SEO plugin. -->","yoast_head_json":{"title":"\u041c\u043d\u043e\u0433\u043e\u0440\u0430\u0437\u043e\u0432\u0430\u044f \u0440\u0430\u0431\u043e\u0447\u0430\u044f \u0442\u0435\u0442\u0440\u0430\u0434\u044c \u0434\u043b\u044f \u0434\u0435\u0442\u0435\u0439 3-4 \u043b\u0435\u0442 \u00ab\u0420\u0430\u0437\u0432\u0438\u0442\u0438\u0435 \u0440\u0435\u0447\u0438\u00bb, \u0440\u0430\u0437\u043c\u0435\u0440 \u04104, 35 \u0441\u0442\u0440\u0430\u043d\u0438\u0446 -","description":"\u041c\u043d\u043e\u0433\u043e\u0440\u0430\u0437\u043e\u0432\u0430\u044f \u0440\u0430\u0431\u043e\u0447\u0430\u044f \u0442\u0435\u0442\u0440\u0430\u0434\u044c \u0434\u043b\u044f \u0434\u0435\u0442\u0435\u0439 3-4 \u043b\u0435\u0442 \u00ab\u0420\u0430\u0437\u0432\u0438\u0442\u0438\u0435 \u0440\u0435\u0447\u0438\u00bb, \u0440\u0430\u0437\u043c\u0435\u0440 \u04104, 35 \u0441\u0442\u0440\u0430\u043d\u0438\u0446 - CLEVER KIDS","robots":{"index":"index","follow":"follow","max-snippet":"max-snippet:-1","max-image-preview":"max-image-preview:large","max-video-preview":"max-video-preview:-1"},"canonical":"https:\/\/cleverkids.ee\/et\/product\/mnogorazovaya-rabochaya-tetrad-dlya-det-5\/","og_locale":"et_EE","og_type":"article","og_title":"\u041c\u043d\u043e\u0433\u043e\u0440\u0430\u0437\u043e\u0432\u0430\u044f \u0440\u0430\u0431\u043e\u0447\u0430\u044f \u0442\u0435\u0442\u0440\u0430\u0434\u044c \u0434\u043b\u044f \u0434\u0435\u0442\u0435\u0439 3-4 \u043b\u0435\u0442 \u00ab\u0420\u0430\u0437\u0432\u0438\u0442\u0438\u0435 \u0440\u0435\u0447\u0438\u00bb, \u0440\u0430\u0437\u043c\u0435\u0440 \u04104, 35 \u0441\u0442\u0440\u0430\u043d\u0438\u0446 -","og_description":"\u041c\u043d\u043e\u0433\u043e\u0440\u0430\u0437\u043e\u0432\u0430\u044f \u0440\u0430\u0431\u043e\u0447\u0430\u044f \u0442\u0435\u0442\u0440\u0430\u0434\u044c \u0434\u043b\u044f \u0434\u0435\u0442\u0435\u0439 3-4 \u043b\u0435\u0442 \u00ab\u0420\u0430\u0437\u0432\u0438\u0442\u0438\u0435 \u0440\u0435\u0447\u0438\u00bb, \u0440\u0430\u0437\u043c\u0435\u0440 \u04104, 35 \u0441\u0442\u0440\u0430\u043d\u0438\u0446 - CLEVER KIDS","og_url":"https:\/\/cleverkids.ee\/et\/product\/mnogorazovaya-rabochaya-tetrad-dlya-det-5\/","og_site_name":"CLEVER KIDS","article_publisher":"https:\/\/www.facebook.com\/cleverkids.ee\/","article_modified_time":"2024-06-23T14:59:47+00:00","og_image":[{"width":2560,"height":2560,"url":"https:\/\/cleverkids.ee\/wp-content\/uploads\/2024\/05\/rech-sait-1-scaled-1-1.jpg","type":"image\/jpeg"}],"twitter_card":"summary_large_image","twitter_misc":{"Est. reading time":"1 minut"},"schema":{"@context":"https:\/\/schema.org","@graph":[{"@type":"WebPage","@id":"https:\/\/cleverkids.ee\/et\/product\/mnogorazovaya-rabochaya-tetrad-dlya-det-5\/","url":"https:\/\/cleverkids.ee\/et\/product\/mnogorazovaya-rabochaya-tetrad-dlya-det-5\/","name":"\u041c\u043d\u043e\u0433\u043e\u0440\u0430\u0437\u043e\u0432\u0430\u044f \u0440\u0430\u0431\u043e\u0447\u0430\u044f \u0442\u0435\u0442\u0440\u0430\u0434\u044c \u0434\u043b\u044f \u0434\u0435\u0442\u0435\u0439 3-4 \u043b\u0435\u0442 \u00ab\u0420\u0430\u0437\u0432\u0438\u0442\u0438\u0435 \u0440\u0435\u0447\u0438\u00bb, \u0440\u0430\u0437\u043c\u0435\u0440 \u04104, 35 \u0441\u0442\u0440\u0430\u043d\u0438\u0446 -","isPartOf":{"@id":"https:\/\/cleverkids.ee\/et\/#website"},"primaryImageOfPage":{"@id":"https:\/\/cleverkids.ee\/et\/product\/mnogorazovaya-rabochaya-tetrad-dlya-det-5\/#primaryimage"},"image":{"@id":"https:\/\/cleverkids.ee\/et\/product\/mnogorazovaya-rabochaya-tetrad-dlya-det-5\/#primaryimage"},"thumbnailUrl":"https:\/\/cleverkids.ee\/wp-content\/uploads\/2024\/05\/rech-sait-1-scaled-1-1.jpg","datePublished":"2024-04-16T04:25:43+00:00","dateModified":"2024-06-23T14:59:47+00:00","description":"\u041c\u043d\u043e\u0433\u043e\u0440\u0430\u0437\u043e\u0432\u0430\u044f \u0440\u0430\u0431\u043e\u0447\u0430\u044f \u0442\u0435\u0442\u0440\u0430\u0434\u044c \u0434\u043b\u044f \u0434\u0435\u0442\u0435\u0439 3-4 \u043b\u0435\u0442 \u00ab\u0420\u0430\u0437\u0432\u0438\u0442\u0438\u0435 \u0440\u0435\u0447\u0438\u00bb, \u0440\u0430\u0437\u043c\u0435\u0440 \u04104, 35 \u0441\u0442\u0440\u0430\u043d\u0438\u0446 - CLEVER KIDS","breadcrumb":{"@id":"https:\/\/cleverkids.ee\/et\/product\/mnogorazovaya-rabochaya-tetrad-dlya-det-5\/#breadcrumb"},"inLanguage":"et","potentialAction":[{"@type":"ReadAction","target":["https:\/\/cleverkids.ee\/et\/product\/mnogorazovaya-rabochaya-tetrad-dlya-det-5\/"]}]},{"@type":"ImageObject","inLanguage":"et","@id":"https:\/\/cleverkids.ee\/et\/product\/mnogorazovaya-rabochaya-tetrad-dlya-det-5\/#primaryimage","url":"https:\/\/cleverkids.ee\/wp-content\/uploads\/2024\/05\/rech-sait-1-scaled-1-1.jpg","contentUrl":"https:\/\/cleverkids.ee\/wp-content\/uploads\/2024\/05\/rech-sait-1-scaled-1-1.jpg","width":2560,"height":2560},{"@type":"BreadcrumbList","@id":"https:\/\/cleverkids.ee\/et\/product\/mnogorazovaya-rabochaya-tetrad-dlya-det-5\/#breadcrumb","itemListElement":[{"@type":"ListItem","position":1,"name":"Esileht","item":"https:\/\/cleverkids.ee\/et\/"},{"@type":"ListItem","position":2,"name":"Tooted","item":"https:\/\/cleverkids.ee\/store\/"},{"@type":"ListItem","position":3,"name":"\u041c\u043d\u043e\u0433\u043e\u0440\u0430\u0437\u043e\u0432\u0430\u044f \u0440\u0430\u0431\u043e\u0447\u0430\u044f \u0442\u0435\u0442\u0440\u0430\u0434\u044c \u0434\u043b\u044f \u0434\u0435\u0442\u0435\u0439 3-4 \u043b\u0435\u0442 \u00ab\u0420\u0430\u0437\u0432\u0438\u0442\u0438\u0435 \u0440\u0435\u0447\u0438\u00bb, \u0440\u0430\u0437\u043c\u0435\u0440 \u04104, 35 \u0441\u0442\u0440\u0430\u043d\u0438\u0446"}]},{"@type":"WebSite","@id":"https:\/\/cleverkids.ee\/et\/#website","url":"https:\/\/cleverkids.ee\/et\/","name":"CLEVER KIDS","description":"","publisher":{"@id":"https:\/\/cleverkids.ee\/et\/#organization"},"potentialAction":[{"@type":"SearchAction","target":{"@type":"EntryPoint","urlTemplate":"https:\/\/cleverkids.ee\/et\/?s={search_term_string}"},"query-input":{"@type":"PropertyValueSpecification","valueRequired":true,"valueName":"search_term_string"}}],"inLanguage":"et"},{"@type":"Organization","@id":"https:\/\/cleverkids.ee\/et\/#organization","name":"CLEVER KIDS","url":"https:\/\/cleverkids.ee\/et\/","logo":{"@type":"ImageObject","inLanguage":"et","@id":"https:\/\/cleverkids.ee\/et\/#\/schema\/logo\/image\/","url":"https:\/\/cleverkids.ee\/wp-content\/uploads\/2024\/02\/image0-1024x1024.png","contentUrl":"https:\/\/cleverkids.ee\/wp-content\/uploads\/2024\/02\/image0-1024x1024.png","width":1024,"height":1024,"caption":"CLEVER KIDS"},"image":{"@id":"https:\/\/cleverkids.ee\/et\/#\/schema\/logo\/image\/"},"sameAs":["https:\/\/www.facebook.com\/cleverkids.ee\/","https:\/\/www.instagram.com\/cleverkids_ee\/"]}]}},"_links":{"self":[{"href":"https:\/\/cleverkids.ee\/et\/wp-json\/wp\/v2\/product\/46507","targetHints":{"allow":["GET"]}}],"collection":[{"href":"https:\/\/cleverkids.ee\/et\/wp-json\/wp\/v2\/product"}],"about":[{"href":"https:\/\/cleverkids.ee\/et\/wp-json\/wp\/v2\/types\/product"}],"wp:featuredmedia":[{"embeddable":true,"href":"https:\/\/cleverkids.ee\/et\/wp-json\/wp\/v2\/media\/70680"}],"wp:attachment":[{"href":"https:\/\/cleverkids.ee\/et\/wp-json\/wp\/v2\/media?parent=46507"}],"wp:term":[{"taxonomy":"product_brand","embeddable":true,"href":"https:\/\/cleverkids.ee\/et\/wp-json\/wp\/v2\/product_brand?post=46507"},{"taxonomy":"product_cat","embeddable":true,"href":"https:\/\/cleverkids.ee\/et\/wp-json\/wp\/v2\/product_cat?post=46507"},{"taxonomy":"product_tag","embeddable":true,"href":"https:\/\/cleverkids.ee\/et\/wp-json\/wp\/v2\/product_tag?post=46507"}],"curies":[{"name":"wp","href":"https:\/\/api.w.org\/{rel}","templated":true}]}}