{"id":46513,"date":"2024-04-16T07:25:36","date_gmt":"2024-04-16T04:25:36","guid":{"rendered":"https:\/\/cleverkids.dev2.sdhost.eu\/product\/%d0%bc%d0%bd%d0%be%d0%b3%d0%be%d1%80%d0%b0%d0%b7%d0%be%d0%b2%d0%b0%d1%8f-%d1%80%d0%b0%d0%b1%d0%be%d1%87%d0%b0%d1%8f-%d1%82%d0%b5%d1%82%d1%80%d0%b0%d0%b4%d1%8c-%d0%b4%d0%bb%d1%8f-%d0%b4%d0%b5%d1%82-6\/"},"modified":"2024-06-23T17:59:47","modified_gmt":"2024-06-23T14:59:47","slug":"mnogorazovaya-rabochaya-tetrad-dlya-det-6","status":"publish","type":"product","link":"https:\/\/cleverkids.ee\/et\/product\/mnogorazovaya-rabochaya-tetrad-dlya-det-6\/","title":{"rendered":"\u041c\u043d\u043e\u0433\u043e\u0440\u0430\u0437\u043e\u0432\u0430\u044f \u0440\u0430\u0431\u043e\u0447\u0430\u044f \u0442\u0435\u0442\u0440\u0430\u0434\u044c \u0434\u043b\u044f \u0434\u0435\u0442\u0435\u0439 3-5 \u043b\u0435\u0442 \u00ab\u0414\u0438\u043d\u043e\u0437\u0430\u0432\u0440\u044b\u00bb, \u0440\u0430\u0437\u043c\u0435\u0440 \u04104, 37 \u0441\u0442\u0440\u0430\u043d\u0438\u0446"},"content":{"rendered":"<p>S\u00fclearvuti tutvustab teile roomajate fakte. Laps \u00f5pib teavet r\u00fchmitama, esile t\u00f5stma, klassifitseerima ja summeerima.<\/p>\n<p>\u00dclesannete t\u00e4itmine arendab grafomotoorseid oskusi. \u00dclesanded aitavad lastel areneda selliseid vaimseid protsesse nagu m\u00e4lu, t\u00e4helepanu, m\u00f5tlemine, taju, kujutlusv\u00f5ime.<\/p>\n<p>\u00dclesannete t\u00e4itmine ja m\u00f5istatuste, m\u00f5istatuste lahendamine, v\u00e4ike paleontoloog saab mitte ainult praktilisi eeliseid, vaid ka positiivsete emotsioonide tasu.<\/p>\n<p>Igal lehel ootavad v\u00e4rvilisi illustratsioone, mis aitavad m\u00f5ista roomajate liikide ja j\u00e4reltulijate omadusi.<\/p>\n<p>Soovitused lapsevanematele ja \u00f5petajatele t\u00f6\u00f6vihikuga t\u00f6\u00f6tamiseks:<\/p>\n<p>1. Kasutage t\u00f6\u00f6vihikus antud \u00fclesandeid minim\u00e4ngudena. \u00c4rge hoidke last j\u00f5uga, \u00e4rge n\u00f5udke klasse. Kui laps ei n\u00e4ita \u00fclesande vastu huvi, \u00e4rge heidutage ja p\u00f6\u00f6rduge hiljem \u00fclesande juurde tagasi.<br \/>\n2. Lapsega harjutades kasutage selliseid pedagoogilisi tehnikaid nagu emotsionaalselt v\u00e4rvitud s\u00f5nad, h\u00e4\u00e4le t\u00e4mber tegelaste h\u00e4\u00e4ldamisel.<br \/>\n3. \u00d5petage last alustatud t\u00f6\u00f6 l\u00f5puni viima. Kui n\u00e4ete, et laps hakkab kaotama huvi \u00f5ppetunni vastu ilma seda l\u00f5petamata, siis l\u00f5petage oma k\u00e4ega t\u00f6\u00f6 ja kiites, laske oma \u00e4ri lahti (see stimuleerib sihikindlust).<br \/>\n4. V\u00f5tke kokku, mida olete teinud, unustamata lapsele \u00f6elda, milline suurep\u00e4rane mees ja kuidas ta \u00f5igesti tegi. Ole uhke, isegi kui see osutus v\u00e4he, mida sa plaanisid. J\u00e4rgmine kord on see palju enamat.<br \/>\n5. Suhtle lapsega regulaarselt (n\u00e4iteks kaks korda n\u00e4dalas ja kui lapsele see meeldib, siis sagedamini), ei tule tulemus kaua. Varsti hakkab laps \u00fclesandeid m\u00f5istma ja t\u00e4itma, ta arendab t\u00e4helepanu ja sihikindlust, \u00f5pib kuulama ja kuulama \u00fclesandeid, toob alustatud t\u00f6\u00f6 l\u00f5puni ja tajub entusiastlikult uut teavet.<br \/>\n6. M\u00e4rkmikuga t\u00f6\u00f6tamiseks kasutage markerit. Asetage korralikult lapse k\u00e4tte.<\/p>\n<p>\u00c4rge kasutage markeri kustutamiseks niisket lappi ja \u00e4rge laske s\u00fclearvuti servadel m\u00e4rjaks saada &#8211; see pikendab kasutusiga.<\/p>\n<p>Igal komplektil on marker, mille j\u00e4lg kustutatakse kuival viisil (kuiv k\u00e4sn v\u00f5i salvr\u00e4tik).<\/p>\n","protected":false},"excerpt":{"rendered":"<p>S\u00fclearvuti tutvustab teile roomajate fakte. Laps \u00f5pib teavet r\u00fchmitama, esile t\u00f5stma, klassifitseerima ja summeerima. \u00dclesannete t\u00e4itmine arendab grafomotoorseid oskusi. \u00dclesanded aitavad lastel areneda selliseid vaimseid protsesse nagu m\u00e4lu, t\u00e4helepanu, m\u00f5tlemine, taju, kujutlusv\u00f5ime. \u00dclesannete t\u00e4itmine ja m\u00f5istatuste, m\u00f5istatuste lahendamine, v\u00e4ike paleontoloog saab mitte ainult praktilisi eeliseid, vaid ka positiivsete emotsioonide tasu. Igal lehel ootavad v\u00e4rvilisi illustratsioone, [&hellip;]<\/p>\n","protected":false},"featured_media":70659,"template":"","meta":{"_monsterinsights_skip_tracking":false,"_monsterinsights_sitenote_active":false,"_monsterinsights_sitenote_note":"","_monsterinsights_sitenote_category":0},"product_brand":[],"product_cat":[51,58],"product_tag":[],"class_list":{"0":"post-46513","1":"product","2":"type-product","3":"status-publish","4":"has-post-thumbnail","6":"product_cat-arendavad-vihikud-vene-keeles","7":"product_cat-unkategorized","8":"pa_vozrast-ot-5-let-et","10":"first","11":"instock","12":"shipping-taxable","13":"purchasable","14":"product-type-simple"},"yoast_head":"<!-- This site is optimized with the Yoast SEO plugin v25.0 - https:\/\/yoast.com\/wordpress\/plugins\/seo\/ -->\n<title>\u041c\u043d\u043e\u0433\u043e\u0440\u0430\u0437\u043e\u0432\u0430\u044f \u0440\u0430\u0431\u043e\u0447\u0430\u044f \u0442\u0435\u0442\u0440\u0430\u0434\u044c \u0434\u043b\u044f \u0434\u0435\u0442\u0435\u0439 3-5 \u043b\u0435\u0442 \u00ab\u0414\u0438\u043d\u043e\u0437\u0430\u0432\u0440\u044b\u00bb, \u0440\u0430\u0437\u043c\u0435\u0440 \u04104, 37 \u0441\u0442\u0440\u0430\u043d\u0438\u0446 -<\/title>\n<meta name=\"description\" content=\"\u041c\u043d\u043e\u0433\u043e\u0440\u0430\u0437\u043e\u0432\u0430\u044f \u0440\u0430\u0431\u043e\u0447\u0430\u044f \u0442\u0435\u0442\u0440\u0430\u0434\u044c \u0434\u043b\u044f \u0434\u0435\u0442\u0435\u0439 3-5 \u043b\u0435\u0442 \u00ab\u0414\u0438\u043d\u043e\u0437\u0430\u0432\u0440\u044b\u00bb, \u0440\u0430\u0437\u043c\u0435\u0440 \u04104, 37 \u0441\u0442\u0440\u0430\u043d\u0438\u0446 - CLEVER KIDS\" \/>\n<meta name=\"robots\" content=\"index, follow, max-snippet:-1, max-image-preview:large, max-video-preview:-1\" \/>\n<link rel=\"canonical\" href=\"https:\/\/cleverkids.ee\/et\/product\/mnogorazovaya-rabochaya-tetrad-dlya-det-6\/\" \/>\n<meta property=\"og:locale\" content=\"et_EE\" \/>\n<meta property=\"og:type\" content=\"article\" \/>\n<meta property=\"og:title\" content=\"\u041c\u043d\u043e\u0433\u043e\u0440\u0430\u0437\u043e\u0432\u0430\u044f \u0440\u0430\u0431\u043e\u0447\u0430\u044f \u0442\u0435\u0442\u0440\u0430\u0434\u044c \u0434\u043b\u044f \u0434\u0435\u0442\u0435\u0439 3-5 \u043b\u0435\u0442 \u00ab\u0414\u0438\u043d\u043e\u0437\u0430\u0432\u0440\u044b\u00bb, \u0440\u0430\u0437\u043c\u0435\u0440 \u04104, 37 \u0441\u0442\u0440\u0430\u043d\u0438\u0446 -\" \/>\n<meta property=\"og:description\" content=\"\u041c\u043d\u043e\u0433\u043e\u0440\u0430\u0437\u043e\u0432\u0430\u044f \u0440\u0430\u0431\u043e\u0447\u0430\u044f \u0442\u0435\u0442\u0440\u0430\u0434\u044c \u0434\u043b\u044f \u0434\u0435\u0442\u0435\u0439 3-5 \u043b\u0435\u0442 \u00ab\u0414\u0438\u043d\u043e\u0437\u0430\u0432\u0440\u044b\u00bb, \u0440\u0430\u0437\u043c\u0435\u0440 \u04104, 37 \u0441\u0442\u0440\u0430\u043d\u0438\u0446 - CLEVER KIDS\" \/>\n<meta property=\"og:url\" content=\"https:\/\/cleverkids.ee\/et\/product\/mnogorazovaya-rabochaya-tetrad-dlya-det-6\/\" \/>\n<meta property=\"og:site_name\" content=\"CLEVER KIDS\" \/>\n<meta property=\"article:publisher\" content=\"https:\/\/www.facebook.com\/cleverkids.ee\/\" \/>\n<meta property=\"article:modified_time\" content=\"2024-06-23T14:59:47+00:00\" \/>\n<meta property=\"og:image\" content=\"https:\/\/cleverkids.ee\/wp-content\/uploads\/2024\/05\/dino-sait-scaled-1.jpg\" \/>\n\t<meta property=\"og:image:width\" content=\"2560\" \/>\n\t<meta property=\"og:image:height\" content=\"2560\" \/>\n\t<meta property=\"og:image:type\" content=\"image\/jpeg\" \/>\n<meta name=\"twitter:card\" content=\"summary_large_image\" \/>\n<meta name=\"twitter:label1\" content=\"Est. reading time\" \/>\n\t<meta name=\"twitter:data1\" content=\"2 minutit\" \/>\n<script type=\"application\/ld+json\" class=\"yoast-schema-graph\">{\"@context\":\"https:\/\/schema.org\",\"@graph\":[{\"@type\":\"WebPage\",\"@id\":\"https:\/\/cleverkids.ee\/et\/product\/mnogorazovaya-rabochaya-tetrad-dlya-det-6\/\",\"url\":\"https:\/\/cleverkids.ee\/et\/product\/mnogorazovaya-rabochaya-tetrad-dlya-det-6\/\",\"name\":\"\u041c\u043d\u043e\u0433\u043e\u0440\u0430\u0437\u043e\u0432\u0430\u044f \u0440\u0430\u0431\u043e\u0447\u0430\u044f \u0442\u0435\u0442\u0440\u0430\u0434\u044c \u0434\u043b\u044f \u0434\u0435\u0442\u0435\u0439 3-5 \u043b\u0435\u0442 \u00ab\u0414\u0438\u043d\u043e\u0437\u0430\u0432\u0440\u044b\u00bb, \u0440\u0430\u0437\u043c\u0435\u0440 \u04104, 37 \u0441\u0442\u0440\u0430\u043d\u0438\u0446 -\",\"isPartOf\":{\"@id\":\"https:\/\/cleverkids.ee\/et\/#website\"},\"primaryImageOfPage\":{\"@id\":\"https:\/\/cleverkids.ee\/et\/product\/mnogorazovaya-rabochaya-tetrad-dlya-det-6\/#primaryimage\"},\"image\":{\"@id\":\"https:\/\/cleverkids.ee\/et\/product\/mnogorazovaya-rabochaya-tetrad-dlya-det-6\/#primaryimage\"},\"thumbnailUrl\":\"https:\/\/cleverkids.ee\/wp-content\/uploads\/2024\/05\/dino-sait-scaled-1-1.jpg\",\"datePublished\":\"2024-04-16T04:25:36+00:00\",\"dateModified\":\"2024-06-23T14:59:47+00:00\",\"description\":\"\u041c\u043d\u043e\u0433\u043e\u0440\u0430\u0437\u043e\u0432\u0430\u044f \u0440\u0430\u0431\u043e\u0447\u0430\u044f \u0442\u0435\u0442\u0440\u0430\u0434\u044c \u0434\u043b\u044f \u0434\u0435\u0442\u0435\u0439 3-5 \u043b\u0435\u0442 \u00ab\u0414\u0438\u043d\u043e\u0437\u0430\u0432\u0440\u044b\u00bb, \u0440\u0430\u0437\u043c\u0435\u0440 \u04104, 37 \u0441\u0442\u0440\u0430\u043d\u0438\u0446 - CLEVER KIDS\",\"breadcrumb\":{\"@id\":\"https:\/\/cleverkids.ee\/et\/product\/mnogorazovaya-rabochaya-tetrad-dlya-det-6\/#breadcrumb\"},\"inLanguage\":\"et\",\"potentialAction\":[{\"@type\":\"ReadAction\",\"target\":[\"https:\/\/cleverkids.ee\/et\/product\/mnogorazovaya-rabochaya-tetrad-dlya-det-6\/\"]}]},{\"@type\":\"ImageObject\",\"inLanguage\":\"et\",\"@id\":\"https:\/\/cleverkids.ee\/et\/product\/mnogorazovaya-rabochaya-tetrad-dlya-det-6\/#primaryimage\",\"url\":\"https:\/\/cleverkids.ee\/wp-content\/uploads\/2024\/05\/dino-sait-scaled-1-1.jpg\",\"contentUrl\":\"https:\/\/cleverkids.ee\/wp-content\/uploads\/2024\/05\/dino-sait-scaled-1-1.jpg\",\"width\":2560,\"height\":2560},{\"@type\":\"BreadcrumbList\",\"@id\":\"https:\/\/cleverkids.ee\/et\/product\/mnogorazovaya-rabochaya-tetrad-dlya-det-6\/#breadcrumb\",\"itemListElement\":[{\"@type\":\"ListItem\",\"position\":1,\"name\":\"Esileht\",\"item\":\"https:\/\/cleverkids.ee\/et\/\"},{\"@type\":\"ListItem\",\"position\":2,\"name\":\"Tooted\",\"item\":\"https:\/\/cleverkids.ee\/store\/\"},{\"@type\":\"ListItem\",\"position\":3,\"name\":\"\u041c\u043d\u043e\u0433\u043e\u0440\u0430\u0437\u043e\u0432\u0430\u044f \u0440\u0430\u0431\u043e\u0447\u0430\u044f \u0442\u0435\u0442\u0440\u0430\u0434\u044c \u0434\u043b\u044f \u0434\u0435\u0442\u0435\u0439 3-5 \u043b\u0435\u0442 \u00ab\u0414\u0438\u043d\u043e\u0437\u0430\u0432\u0440\u044b\u00bb, \u0440\u0430\u0437\u043c\u0435\u0440 \u04104, 37 \u0441\u0442\u0440\u0430\u043d\u0438\u0446\"}]},{\"@type\":\"WebSite\",\"@id\":\"https:\/\/cleverkids.ee\/et\/#website\",\"url\":\"https:\/\/cleverkids.ee\/et\/\",\"name\":\"CLEVER KIDS\",\"description\":\"\",\"publisher\":{\"@id\":\"https:\/\/cleverkids.ee\/et\/#organization\"},\"potentialAction\":[{\"@type\":\"SearchAction\",\"target\":{\"@type\":\"EntryPoint\",\"urlTemplate\":\"https:\/\/cleverkids.ee\/et\/?s={search_term_string}\"},\"query-input\":{\"@type\":\"PropertyValueSpecification\",\"valueRequired\":true,\"valueName\":\"search_term_string\"}}],\"inLanguage\":\"et\"},{\"@type\":\"Organization\",\"@id\":\"https:\/\/cleverkids.ee\/et\/#organization\",\"name\":\"CLEVER KIDS\",\"url\":\"https:\/\/cleverkids.ee\/et\/\",\"logo\":{\"@type\":\"ImageObject\",\"inLanguage\":\"et\",\"@id\":\"https:\/\/cleverkids.ee\/et\/#\/schema\/logo\/image\/\",\"url\":\"https:\/\/cleverkids.ee\/wp-content\/uploads\/2024\/02\/image0-1024x1024.png\",\"contentUrl\":\"https:\/\/cleverkids.ee\/wp-content\/uploads\/2024\/02\/image0-1024x1024.png\",\"width\":1024,\"height\":1024,\"caption\":\"CLEVER KIDS\"},\"image\":{\"@id\":\"https:\/\/cleverkids.ee\/et\/#\/schema\/logo\/image\/\"},\"sameAs\":[\"https:\/\/www.facebook.com\/cleverkids.ee\/\",\"https:\/\/www.instagram.com\/cleverkids_ee\/\"]}]}<\/script>\n<!-- \/ Yoast SEO plugin. -->","yoast_head_json":{"title":"\u041c\u043d\u043e\u0433\u043e\u0440\u0430\u0437\u043e\u0432\u0430\u044f \u0440\u0430\u0431\u043e\u0447\u0430\u044f \u0442\u0435\u0442\u0440\u0430\u0434\u044c \u0434\u043b\u044f \u0434\u0435\u0442\u0435\u0439 3-5 \u043b\u0435\u0442 \u00ab\u0414\u0438\u043d\u043e\u0437\u0430\u0432\u0440\u044b\u00bb, \u0440\u0430\u0437\u043c\u0435\u0440 \u04104, 37 \u0441\u0442\u0440\u0430\u043d\u0438\u0446 -","description":"\u041c\u043d\u043e\u0433\u043e\u0440\u0430\u0437\u043e\u0432\u0430\u044f \u0440\u0430\u0431\u043e\u0447\u0430\u044f \u0442\u0435\u0442\u0440\u0430\u0434\u044c \u0434\u043b\u044f \u0434\u0435\u0442\u0435\u0439 3-5 \u043b\u0435\u0442 \u00ab\u0414\u0438\u043d\u043e\u0437\u0430\u0432\u0440\u044b\u00bb, \u0440\u0430\u0437\u043c\u0435\u0440 \u04104, 37 \u0441\u0442\u0440\u0430\u043d\u0438\u0446 - CLEVER KIDS","robots":{"index":"index","follow":"follow","max-snippet":"max-snippet:-1","max-image-preview":"max-image-preview:large","max-video-preview":"max-video-preview:-1"},"canonical":"https:\/\/cleverkids.ee\/et\/product\/mnogorazovaya-rabochaya-tetrad-dlya-det-6\/","og_locale":"et_EE","og_type":"article","og_title":"\u041c\u043d\u043e\u0433\u043e\u0440\u0430\u0437\u043e\u0432\u0430\u044f \u0440\u0430\u0431\u043e\u0447\u0430\u044f \u0442\u0435\u0442\u0440\u0430\u0434\u044c \u0434\u043b\u044f \u0434\u0435\u0442\u0435\u0439 3-5 \u043b\u0435\u0442 \u00ab\u0414\u0438\u043d\u043e\u0437\u0430\u0432\u0440\u044b\u00bb, \u0440\u0430\u0437\u043c\u0435\u0440 \u04104, 37 \u0441\u0442\u0440\u0430\u043d\u0438\u0446 -","og_description":"\u041c\u043d\u043e\u0433\u043e\u0440\u0430\u0437\u043e\u0432\u0430\u044f \u0440\u0430\u0431\u043e\u0447\u0430\u044f \u0442\u0435\u0442\u0440\u0430\u0434\u044c \u0434\u043b\u044f \u0434\u0435\u0442\u0435\u0439 3-5 \u043b\u0435\u0442 \u00ab\u0414\u0438\u043d\u043e\u0437\u0430\u0432\u0440\u044b\u00bb, \u0440\u0430\u0437\u043c\u0435\u0440 \u04104, 37 \u0441\u0442\u0440\u0430\u043d\u0438\u0446 - CLEVER KIDS","og_url":"https:\/\/cleverkids.ee\/et\/product\/mnogorazovaya-rabochaya-tetrad-dlya-det-6\/","og_site_name":"CLEVER KIDS","article_publisher":"https:\/\/www.facebook.com\/cleverkids.ee\/","article_modified_time":"2024-06-23T14:59:47+00:00","og_image":[{"width":2560,"height":2560,"url":"https:\/\/cleverkids.ee\/wp-content\/uploads\/2024\/05\/dino-sait-scaled-1.jpg","type":"image\/jpeg"}],"twitter_card":"summary_large_image","twitter_misc":{"Est. reading time":"2 minutit"},"schema":{"@context":"https:\/\/schema.org","@graph":[{"@type":"WebPage","@id":"https:\/\/cleverkids.ee\/et\/product\/mnogorazovaya-rabochaya-tetrad-dlya-det-6\/","url":"https:\/\/cleverkids.ee\/et\/product\/mnogorazovaya-rabochaya-tetrad-dlya-det-6\/","name":"\u041c\u043d\u043e\u0433\u043e\u0440\u0430\u0437\u043e\u0432\u0430\u044f \u0440\u0430\u0431\u043e\u0447\u0430\u044f \u0442\u0435\u0442\u0440\u0430\u0434\u044c \u0434\u043b\u044f \u0434\u0435\u0442\u0435\u0439 3-5 \u043b\u0435\u0442 \u00ab\u0414\u0438\u043d\u043e\u0437\u0430\u0432\u0440\u044b\u00bb, \u0440\u0430\u0437\u043c\u0435\u0440 \u04104, 37 \u0441\u0442\u0440\u0430\u043d\u0438\u0446 -","isPartOf":{"@id":"https:\/\/cleverkids.ee\/et\/#website"},"primaryImageOfPage":{"@id":"https:\/\/cleverkids.ee\/et\/product\/mnogorazovaya-rabochaya-tetrad-dlya-det-6\/#primaryimage"},"image":{"@id":"https:\/\/cleverkids.ee\/et\/product\/mnogorazovaya-rabochaya-tetrad-dlya-det-6\/#primaryimage"},"thumbnailUrl":"https:\/\/cleverkids.ee\/wp-content\/uploads\/2024\/05\/dino-sait-scaled-1-1.jpg","datePublished":"2024-04-16T04:25:36+00:00","dateModified":"2024-06-23T14:59:47+00:00","description":"\u041c\u043d\u043e\u0433\u043e\u0440\u0430\u0437\u043e\u0432\u0430\u044f \u0440\u0430\u0431\u043e\u0447\u0430\u044f \u0442\u0435\u0442\u0440\u0430\u0434\u044c \u0434\u043b\u044f \u0434\u0435\u0442\u0435\u0439 3-5 \u043b\u0435\u0442 \u00ab\u0414\u0438\u043d\u043e\u0437\u0430\u0432\u0440\u044b\u00bb, \u0440\u0430\u0437\u043c\u0435\u0440 \u04104, 37 \u0441\u0442\u0440\u0430\u043d\u0438\u0446 - CLEVER KIDS","breadcrumb":{"@id":"https:\/\/cleverkids.ee\/et\/product\/mnogorazovaya-rabochaya-tetrad-dlya-det-6\/#breadcrumb"},"inLanguage":"et","potentialAction":[{"@type":"ReadAction","target":["https:\/\/cleverkids.ee\/et\/product\/mnogorazovaya-rabochaya-tetrad-dlya-det-6\/"]}]},{"@type":"ImageObject","inLanguage":"et","@id":"https:\/\/cleverkids.ee\/et\/product\/mnogorazovaya-rabochaya-tetrad-dlya-det-6\/#primaryimage","url":"https:\/\/cleverkids.ee\/wp-content\/uploads\/2024\/05\/dino-sait-scaled-1-1.jpg","contentUrl":"https:\/\/cleverkids.ee\/wp-content\/uploads\/2024\/05\/dino-sait-scaled-1-1.jpg","width":2560,"height":2560},{"@type":"BreadcrumbList","@id":"https:\/\/cleverkids.ee\/et\/product\/mnogorazovaya-rabochaya-tetrad-dlya-det-6\/#breadcrumb","itemListElement":[{"@type":"ListItem","position":1,"name":"Esileht","item":"https:\/\/cleverkids.ee\/et\/"},{"@type":"ListItem","position":2,"name":"Tooted","item":"https:\/\/cleverkids.ee\/store\/"},{"@type":"ListItem","position":3,"name":"\u041c\u043d\u043e\u0433\u043e\u0440\u0430\u0437\u043e\u0432\u0430\u044f \u0440\u0430\u0431\u043e\u0447\u0430\u044f \u0442\u0435\u0442\u0440\u0430\u0434\u044c \u0434\u043b\u044f \u0434\u0435\u0442\u0435\u0439 3-5 \u043b\u0435\u0442 \u00ab\u0414\u0438\u043d\u043e\u0437\u0430\u0432\u0440\u044b\u00bb, \u0440\u0430\u0437\u043c\u0435\u0440 \u04104, 37 \u0441\u0442\u0440\u0430\u043d\u0438\u0446"}]},{"@type":"WebSite","@id":"https:\/\/cleverkids.ee\/et\/#website","url":"https:\/\/cleverkids.ee\/et\/","name":"CLEVER KIDS","description":"","publisher":{"@id":"https:\/\/cleverkids.ee\/et\/#organization"},"potentialAction":[{"@type":"SearchAction","target":{"@type":"EntryPoint","urlTemplate":"https:\/\/cleverkids.ee\/et\/?s={search_term_string}"},"query-input":{"@type":"PropertyValueSpecification","valueRequired":true,"valueName":"search_term_string"}}],"inLanguage":"et"},{"@type":"Organization","@id":"https:\/\/cleverkids.ee\/et\/#organization","name":"CLEVER KIDS","url":"https:\/\/cleverkids.ee\/et\/","logo":{"@type":"ImageObject","inLanguage":"et","@id":"https:\/\/cleverkids.ee\/et\/#\/schema\/logo\/image\/","url":"https:\/\/cleverkids.ee\/wp-content\/uploads\/2024\/02\/image0-1024x1024.png","contentUrl":"https:\/\/cleverkids.ee\/wp-content\/uploads\/2024\/02\/image0-1024x1024.png","width":1024,"height":1024,"caption":"CLEVER KIDS"},"image":{"@id":"https:\/\/cleverkids.ee\/et\/#\/schema\/logo\/image\/"},"sameAs":["https:\/\/www.facebook.com\/cleverkids.ee\/","https:\/\/www.instagram.com\/cleverkids_ee\/"]}]}},"_links":{"self":[{"href":"https:\/\/cleverkids.ee\/et\/wp-json\/wp\/v2\/product\/46513","targetHints":{"allow":["GET"]}}],"collection":[{"href":"https:\/\/cleverkids.ee\/et\/wp-json\/wp\/v2\/product"}],"about":[{"href":"https:\/\/cleverkids.ee\/et\/wp-json\/wp\/v2\/types\/product"}],"wp:featuredmedia":[{"embeddable":true,"href":"https:\/\/cleverkids.ee\/et\/wp-json\/wp\/v2\/media\/70659"}],"wp:attachment":[{"href":"https:\/\/cleverkids.ee\/et\/wp-json\/wp\/v2\/media?parent=46513"}],"wp:term":[{"taxonomy":"product_brand","embeddable":true,"href":"https:\/\/cleverkids.ee\/et\/wp-json\/wp\/v2\/product_brand?post=46513"},{"taxonomy":"product_cat","embeddable":true,"href":"https:\/\/cleverkids.ee\/et\/wp-json\/wp\/v2\/product_cat?post=46513"},{"taxonomy":"product_tag","embeddable":true,"href":"https:\/\/cleverkids.ee\/et\/wp-json\/wp\/v2\/product_tag?post=46513"}],"curies":[{"name":"wp","href":"https:\/\/api.w.org\/{rel}","templated":true}]}}