{"id":46531,"date":"2024-04-16T07:25:36","date_gmt":"2024-04-16T04:25:36","guid":{"rendered":"https:\/\/cleverkids.dev2.sdhost.eu\/product\/%d0%bc%d0%bd%d0%be%d0%b3%d0%be%d1%80%d0%b0%d0%b7%d0%be%d0%b2%d1%8b%d0%b9-%d1%80%d0%b0%d0%b1%d0%be%d1%87%d0%b8%d0%b9-%d0%b1%d0%bb%d0%be%d0%ba%d0%bd%d0%be%d1%82-%d0%b4%d0%bb%d1%8f-%d0%b4%d0%b5%d1%82\/"},"modified":"2024-06-23T17:59:46","modified_gmt":"2024-06-23T14:59:46","slug":"mnogorazovyj-rabochij-bloknot-dlya-det","status":"publish","type":"product","link":"https:\/\/cleverkids.ee\/et\/product\/mnogorazovyj-rabochij-bloknot-dlya-det\/","title":{"rendered":"Korduvkasutatav t\u00f6\u00f6m\u00e4rkmik 2-5-aastastele lastele &#8220;M\u00f6\u00f6bel ja n\u00f5ud&#8221;"},"content":{"rendered":"<p>M\u00e4rkmik on m\u00f5eldud lapsele alates 2 a. \u00dclesannete eesm\u00e4rk on klassifitseerida, kokku v\u00f5tta ja isoleerida \u00fchiseid ja erip\u00e4rasid sellistes valdkondades nagu &#8220;m\u00f6\u00f6bel&#8221; ja &#8220;n\u00f5ud&#8221;.<\/p>\n<p>Igal komplektil on marker, mille j\u00e4lg kustutatakse kuival viisil (kuiv k\u00e4sn v\u00f5i salvr\u00e4tik).<\/p>\n<p>M\u00e4rkmiku \u00fclesanded:<\/p>\n<p>\u2013 arendavad t\u00e4helepanu, loogilist m\u00f5tlemine ja suurendavad s\u00f5navara;<br \/>\n\u2013 aidatavad arendada kognitiivsete protsesside.<br \/>\n\u2013 tutvustab \u00fcldistavaid grupiga &#8220;m\u00f6\u00f6bel&#8221; ja &#8220;n\u00f5ud&#8221;.<\/p>\n<p>Soovitused lapsevanematele ja \u00f5petajatele t\u00f6\u00f6vihikuga t\u00f6\u00f6tamiseks:<\/p>\n<p>1. Kasutage t\u00f6\u00f6vihikus antud \u00fclesandeid minim\u00e4ngudena. \u00c4rge hoidke last j\u00f5uga, \u00e4rge n\u00f5udke klasse. Kui laps ei n\u00e4ita \u00fclesande vastu huvi, \u00e4rge heidutage ja p\u00f6\u00f6rduge hiljem \u00fclesande juurde tagasi.<br \/>\n2. Lapsega harjutades kasutage selliseid pedagoogilisi tehnikaid nagu emotsionaalselt v\u00e4rvitud s\u00f5nad, h\u00e4\u00e4le t\u00e4mber tegelaste h\u00e4\u00e4ldamisel.<br \/>\n3. \u00d5petage last alustatud t\u00f6\u00f6 l\u00f5puni viima. Kui n\u00e4ete, et laps hakkab kaotama huvi \u00f5ppetunni vastu ilma seda l\u00f5petamata, siis l\u00f5petage oma k\u00e4ega t\u00f6\u00f6 ja kiites, laske oma \u00e4ri lahti (see stimuleerib sihikindlust).<br \/>\n4. V\u00f5tke kokku, mida olete teinud, unustamata lapsele \u00f6elda, milline suurep\u00e4rane mees ja kuidas ta \u00f5igesti tegi. Ole uhke, isegi kui see osutus v\u00e4he, mida sa plaanisid. J\u00e4rgmine kord on see palju enamat.<br \/>\n5. M\u00e4rkmikuga t\u00f6\u00f6tamiseks kasutage markerit. Asetage korralikult lapse k\u00e4tte.<\/p>\n","protected":false},"excerpt":{"rendered":"<p>M\u00e4rkmik on m\u00f5eldud lapsele alates 2 a. \u00dclesannete eesm\u00e4rk on klassifitseerida, kokku v\u00f5tta ja isoleerida \u00fchiseid ja erip\u00e4rasid sellistes valdkondades nagu &#8220;m\u00f6\u00f6bel&#8221; ja &#8220;n\u00f5ud&#8221;. Igal komplektil on marker, mille j\u00e4lg kustutatakse kuival viisil (kuiv k\u00e4sn v\u00f5i salvr\u00e4tik). M\u00e4rkmiku \u00fclesanded: \u2013 arendavad t\u00e4helepanu, loogilist m\u00f5tlemine ja suurendavad s\u00f5navara; \u2013 aidatavad arendada kognitiivsete protsesside. \u2013 tutvustab \u00fcldistavaid [&hellip;]<\/p>\n","protected":false},"featured_media":70614,"template":"","meta":{"_monsterinsights_skip_tracking":false,"_monsterinsights_sitenote_active":false,"_monsterinsights_sitenote_note":"","_monsterinsights_sitenote_category":0},"product_brand":[],"product_cat":[51,58],"product_tag":[],"class_list":{"0":"post-46531","1":"product","2":"type-product","3":"status-publish","4":"has-post-thumbnail","6":"product_cat-arendavad-vihikud-vene-keeles","7":"product_cat-unkategorized","8":"pa_vozrast-ot-3-do-5-let-et","10":"first","11":"instock","12":"shipping-taxable","13":"purchasable","14":"product-type-simple"},"yoast_head":"<!-- This site is optimized with the Yoast SEO plugin v25.0 - https:\/\/yoast.com\/wordpress\/plugins\/seo\/ -->\n<title>Korduvkasutatav t\u00f6\u00f6m\u00e4rkmik 2-5-aastastele lastele &quot;M\u00f6\u00f6bel ja n\u00f5ud&quot; -<\/title>\n<meta name=\"description\" content=\"Korduvkasutatav t\u00f6\u00f6m\u00e4rkmik 2-5-aastastele lastele &quot;M\u00f6\u00f6bel ja n\u00f5ud&quot; - CLEVER KIDS\" \/>\n<meta name=\"robots\" content=\"index, follow, max-snippet:-1, max-image-preview:large, max-video-preview:-1\" \/>\n<link rel=\"canonical\" href=\"https:\/\/cleverkids.ee\/et\/product\/mnogorazovyj-rabochij-bloknot-dlya-det\/\" \/>\n<meta property=\"og:locale\" content=\"et_EE\" \/>\n<meta property=\"og:type\" content=\"article\" \/>\n<meta property=\"og:title\" content=\"Korduvkasutatav t\u00f6\u00f6m\u00e4rkmik 2-5-aastastele lastele &quot;M\u00f6\u00f6bel ja n\u00f5ud&quot; -\" \/>\n<meta property=\"og:description\" content=\"Korduvkasutatav t\u00f6\u00f6m\u00e4rkmik 2-5-aastastele lastele &quot;M\u00f6\u00f6bel ja n\u00f5ud&quot; - CLEVER KIDS\" \/>\n<meta property=\"og:url\" content=\"https:\/\/cleverkids.ee\/et\/product\/mnogorazovyj-rabochij-bloknot-dlya-det\/\" \/>\n<meta property=\"og:site_name\" content=\"CLEVER KIDS\" \/>\n<meta property=\"article:publisher\" content=\"https:\/\/www.facebook.com\/cleverkids.ee\/\" \/>\n<meta property=\"article:modified_time\" content=\"2024-06-23T14:59:46+00:00\" \/>\n<meta property=\"og:image\" content=\"https:\/\/cleverkids.ee\/wp-content\/uploads\/2024\/05\/3-sait-scaled-1.jpg\" \/>\n\t<meta property=\"og:image:width\" content=\"2560\" \/>\n\t<meta property=\"og:image:height\" content=\"2560\" \/>\n\t<meta property=\"og:image:type\" content=\"image\/jpeg\" \/>\n<meta name=\"twitter:card\" content=\"summary_large_image\" \/>\n<meta name=\"twitter:label1\" content=\"Est. reading time\" \/>\n\t<meta name=\"twitter:data1\" content=\"1 minut\" \/>\n<script type=\"application\/ld+json\" class=\"yoast-schema-graph\">{\"@context\":\"https:\/\/schema.org\",\"@graph\":[{\"@type\":\"WebPage\",\"@id\":\"https:\/\/cleverkids.ee\/et\/product\/mnogorazovyj-rabochij-bloknot-dlya-det\/\",\"url\":\"https:\/\/cleverkids.ee\/et\/product\/mnogorazovyj-rabochij-bloknot-dlya-det\/\",\"name\":\"Korduvkasutatav t\u00f6\u00f6m\u00e4rkmik 2-5-aastastele lastele \\\"M\u00f6\u00f6bel ja n\u00f5ud\\\" -\",\"isPartOf\":{\"@id\":\"https:\/\/cleverkids.ee\/et\/#website\"},\"primaryImageOfPage\":{\"@id\":\"https:\/\/cleverkids.ee\/et\/product\/mnogorazovyj-rabochij-bloknot-dlya-det\/#primaryimage\"},\"image\":{\"@id\":\"https:\/\/cleverkids.ee\/et\/product\/mnogorazovyj-rabochij-bloknot-dlya-det\/#primaryimage\"},\"thumbnailUrl\":\"https:\/\/cleverkids.ee\/wp-content\/uploads\/2024\/05\/3-sait-scaled-1-1.jpg\",\"datePublished\":\"2024-04-16T04:25:36+00:00\",\"dateModified\":\"2024-06-23T14:59:46+00:00\",\"description\":\"Korduvkasutatav t\u00f6\u00f6m\u00e4rkmik 2-5-aastastele lastele \\\"M\u00f6\u00f6bel ja n\u00f5ud\\\" - CLEVER KIDS\",\"breadcrumb\":{\"@id\":\"https:\/\/cleverkids.ee\/et\/product\/mnogorazovyj-rabochij-bloknot-dlya-det\/#breadcrumb\"},\"inLanguage\":\"et\",\"potentialAction\":[{\"@type\":\"ReadAction\",\"target\":[\"https:\/\/cleverkids.ee\/et\/product\/mnogorazovyj-rabochij-bloknot-dlya-det\/\"]}]},{\"@type\":\"ImageObject\",\"inLanguage\":\"et\",\"@id\":\"https:\/\/cleverkids.ee\/et\/product\/mnogorazovyj-rabochij-bloknot-dlya-det\/#primaryimage\",\"url\":\"https:\/\/cleverkids.ee\/wp-content\/uploads\/2024\/05\/3-sait-scaled-1-1.jpg\",\"contentUrl\":\"https:\/\/cleverkids.ee\/wp-content\/uploads\/2024\/05\/3-sait-scaled-1-1.jpg\",\"width\":2560,\"height\":2560},{\"@type\":\"BreadcrumbList\",\"@id\":\"https:\/\/cleverkids.ee\/et\/product\/mnogorazovyj-rabochij-bloknot-dlya-det\/#breadcrumb\",\"itemListElement\":[{\"@type\":\"ListItem\",\"position\":1,\"name\":\"Esileht\",\"item\":\"https:\/\/cleverkids.ee\/et\/\"},{\"@type\":\"ListItem\",\"position\":2,\"name\":\"Tooted\",\"item\":\"https:\/\/cleverkids.ee\/store\/\"},{\"@type\":\"ListItem\",\"position\":3,\"name\":\"Korduvkasutatav t\u00f6\u00f6m\u00e4rkmik 2-5-aastastele lastele &#171;M\u00f6\u00f6bel ja n\u00f5ud&#187;\"}]},{\"@type\":\"WebSite\",\"@id\":\"https:\/\/cleverkids.ee\/et\/#website\",\"url\":\"https:\/\/cleverkids.ee\/et\/\",\"name\":\"CLEVER KIDS\",\"description\":\"\",\"publisher\":{\"@id\":\"https:\/\/cleverkids.ee\/et\/#organization\"},\"potentialAction\":[{\"@type\":\"SearchAction\",\"target\":{\"@type\":\"EntryPoint\",\"urlTemplate\":\"https:\/\/cleverkids.ee\/et\/?s={search_term_string}\"},\"query-input\":{\"@type\":\"PropertyValueSpecification\",\"valueRequired\":true,\"valueName\":\"search_term_string\"}}],\"inLanguage\":\"et\"},{\"@type\":\"Organization\",\"@id\":\"https:\/\/cleverkids.ee\/et\/#organization\",\"name\":\"CLEVER KIDS\",\"url\":\"https:\/\/cleverkids.ee\/et\/\",\"logo\":{\"@type\":\"ImageObject\",\"inLanguage\":\"et\",\"@id\":\"https:\/\/cleverkids.ee\/et\/#\/schema\/logo\/image\/\",\"url\":\"https:\/\/cleverkids.ee\/wp-content\/uploads\/2024\/02\/image0-1024x1024.png\",\"contentUrl\":\"https:\/\/cleverkids.ee\/wp-content\/uploads\/2024\/02\/image0-1024x1024.png\",\"width\":1024,\"height\":1024,\"caption\":\"CLEVER KIDS\"},\"image\":{\"@id\":\"https:\/\/cleverkids.ee\/et\/#\/schema\/logo\/image\/\"},\"sameAs\":[\"https:\/\/www.facebook.com\/cleverkids.ee\/\",\"https:\/\/www.instagram.com\/cleverkids_ee\/\"]}]}<\/script>\n<!-- \/ Yoast SEO plugin. -->","yoast_head_json":{"title":"Korduvkasutatav t\u00f6\u00f6m\u00e4rkmik 2-5-aastastele lastele \"M\u00f6\u00f6bel ja n\u00f5ud\" -","description":"Korduvkasutatav t\u00f6\u00f6m\u00e4rkmik 2-5-aastastele lastele \"M\u00f6\u00f6bel ja n\u00f5ud\" - CLEVER KIDS","robots":{"index":"index","follow":"follow","max-snippet":"max-snippet:-1","max-image-preview":"max-image-preview:large","max-video-preview":"max-video-preview:-1"},"canonical":"https:\/\/cleverkids.ee\/et\/product\/mnogorazovyj-rabochij-bloknot-dlya-det\/","og_locale":"et_EE","og_type":"article","og_title":"Korduvkasutatav t\u00f6\u00f6m\u00e4rkmik 2-5-aastastele lastele \"M\u00f6\u00f6bel ja n\u00f5ud\" -","og_description":"Korduvkasutatav t\u00f6\u00f6m\u00e4rkmik 2-5-aastastele lastele \"M\u00f6\u00f6bel ja n\u00f5ud\" - CLEVER KIDS","og_url":"https:\/\/cleverkids.ee\/et\/product\/mnogorazovyj-rabochij-bloknot-dlya-det\/","og_site_name":"CLEVER KIDS","article_publisher":"https:\/\/www.facebook.com\/cleverkids.ee\/","article_modified_time":"2024-06-23T14:59:46+00:00","og_image":[{"width":2560,"height":2560,"url":"https:\/\/cleverkids.ee\/wp-content\/uploads\/2024\/05\/3-sait-scaled-1.jpg","type":"image\/jpeg"}],"twitter_card":"summary_large_image","twitter_misc":{"Est. reading time":"1 minut"},"schema":{"@context":"https:\/\/schema.org","@graph":[{"@type":"WebPage","@id":"https:\/\/cleverkids.ee\/et\/product\/mnogorazovyj-rabochij-bloknot-dlya-det\/","url":"https:\/\/cleverkids.ee\/et\/product\/mnogorazovyj-rabochij-bloknot-dlya-det\/","name":"Korduvkasutatav t\u00f6\u00f6m\u00e4rkmik 2-5-aastastele lastele \"M\u00f6\u00f6bel ja n\u00f5ud\" -","isPartOf":{"@id":"https:\/\/cleverkids.ee\/et\/#website"},"primaryImageOfPage":{"@id":"https:\/\/cleverkids.ee\/et\/product\/mnogorazovyj-rabochij-bloknot-dlya-det\/#primaryimage"},"image":{"@id":"https:\/\/cleverkids.ee\/et\/product\/mnogorazovyj-rabochij-bloknot-dlya-det\/#primaryimage"},"thumbnailUrl":"https:\/\/cleverkids.ee\/wp-content\/uploads\/2024\/05\/3-sait-scaled-1-1.jpg","datePublished":"2024-04-16T04:25:36+00:00","dateModified":"2024-06-23T14:59:46+00:00","description":"Korduvkasutatav t\u00f6\u00f6m\u00e4rkmik 2-5-aastastele lastele \"M\u00f6\u00f6bel ja n\u00f5ud\" - CLEVER KIDS","breadcrumb":{"@id":"https:\/\/cleverkids.ee\/et\/product\/mnogorazovyj-rabochij-bloknot-dlya-det\/#breadcrumb"},"inLanguage":"et","potentialAction":[{"@type":"ReadAction","target":["https:\/\/cleverkids.ee\/et\/product\/mnogorazovyj-rabochij-bloknot-dlya-det\/"]}]},{"@type":"ImageObject","inLanguage":"et","@id":"https:\/\/cleverkids.ee\/et\/product\/mnogorazovyj-rabochij-bloknot-dlya-det\/#primaryimage","url":"https:\/\/cleverkids.ee\/wp-content\/uploads\/2024\/05\/3-sait-scaled-1-1.jpg","contentUrl":"https:\/\/cleverkids.ee\/wp-content\/uploads\/2024\/05\/3-sait-scaled-1-1.jpg","width":2560,"height":2560},{"@type":"BreadcrumbList","@id":"https:\/\/cleverkids.ee\/et\/product\/mnogorazovyj-rabochij-bloknot-dlya-det\/#breadcrumb","itemListElement":[{"@type":"ListItem","position":1,"name":"Esileht","item":"https:\/\/cleverkids.ee\/et\/"},{"@type":"ListItem","position":2,"name":"Tooted","item":"https:\/\/cleverkids.ee\/store\/"},{"@type":"ListItem","position":3,"name":"Korduvkasutatav t\u00f6\u00f6m\u00e4rkmik 2-5-aastastele lastele &#171;M\u00f6\u00f6bel ja n\u00f5ud&#187;"}]},{"@type":"WebSite","@id":"https:\/\/cleverkids.ee\/et\/#website","url":"https:\/\/cleverkids.ee\/et\/","name":"CLEVER KIDS","description":"","publisher":{"@id":"https:\/\/cleverkids.ee\/et\/#organization"},"potentialAction":[{"@type":"SearchAction","target":{"@type":"EntryPoint","urlTemplate":"https:\/\/cleverkids.ee\/et\/?s={search_term_string}"},"query-input":{"@type":"PropertyValueSpecification","valueRequired":true,"valueName":"search_term_string"}}],"inLanguage":"et"},{"@type":"Organization","@id":"https:\/\/cleverkids.ee\/et\/#organization","name":"CLEVER KIDS","url":"https:\/\/cleverkids.ee\/et\/","logo":{"@type":"ImageObject","inLanguage":"et","@id":"https:\/\/cleverkids.ee\/et\/#\/schema\/logo\/image\/","url":"https:\/\/cleverkids.ee\/wp-content\/uploads\/2024\/02\/image0-1024x1024.png","contentUrl":"https:\/\/cleverkids.ee\/wp-content\/uploads\/2024\/02\/image0-1024x1024.png","width":1024,"height":1024,"caption":"CLEVER KIDS"},"image":{"@id":"https:\/\/cleverkids.ee\/et\/#\/schema\/logo\/image\/"},"sameAs":["https:\/\/www.facebook.com\/cleverkids.ee\/","https:\/\/www.instagram.com\/cleverkids_ee\/"]}]}},"_links":{"self":[{"href":"https:\/\/cleverkids.ee\/et\/wp-json\/wp\/v2\/product\/46531","targetHints":{"allow":["GET"]}}],"collection":[{"href":"https:\/\/cleverkids.ee\/et\/wp-json\/wp\/v2\/product"}],"about":[{"href":"https:\/\/cleverkids.ee\/et\/wp-json\/wp\/v2\/types\/product"}],"wp:featuredmedia":[{"embeddable":true,"href":"https:\/\/cleverkids.ee\/et\/wp-json\/wp\/v2\/media\/70614"}],"wp:attachment":[{"href":"https:\/\/cleverkids.ee\/et\/wp-json\/wp\/v2\/media?parent=46531"}],"wp:term":[{"taxonomy":"product_brand","embeddable":true,"href":"https:\/\/cleverkids.ee\/et\/wp-json\/wp\/v2\/product_brand?post=46531"},{"taxonomy":"product_cat","embeddable":true,"href":"https:\/\/cleverkids.ee\/et\/wp-json\/wp\/v2\/product_cat?post=46531"},{"taxonomy":"product_tag","embeddable":true,"href":"https:\/\/cleverkids.ee\/et\/wp-json\/wp\/v2\/product_tag?post=46531"}],"curies":[{"name":"wp","href":"https:\/\/api.w.org\/{rel}","templated":true}]}}