{"id":46579,"date":"2024-04-16T07:25:36","date_gmt":"2024-04-16T04:25:36","guid":{"rendered":"https:\/\/cleverkids.dev2.sdhost.eu\/product\/%d0%bf%d0%bb%d0%b0%d0%ba%d0%b0%d1%82-%d1%80%d0%b0%d1%81%d0%ba%d1%80%d0%b0%d1%81%d0%ba%d0%b0-%d0%ba%d0%b0%d1%80%d1%82%d0%b0-%d0%bc%d0%b8%d1%80%d0%b0-%d0%b6%d0%b8%d0%b2%d0%be%d1%82%d0%bd%d1%8b%d0%b5\/"},"modified":"2024-06-23T17:59:45","modified_gmt":"2024-06-23T14:59:45","slug":"plakat-raskraska-karta-mira-zhivotnye","status":"publish","type":"product","link":"https:\/\/cleverkids.ee\/et\/product\/plakat-raskraska-karta-mira-zhivotnye\/","title":{"rendered":"Plakat-v\u00e4rvimisleht &#8220;Maailmakaart. Loomad&#8221;"},"content":{"rendered":"<p>Asetage kaart p\u00f5randale v\u00f5i riputage see seinale, v\u00f5tke v\u00e4rvilised pliiatsid v\u00f5i markerid (ei kuulu komplekti).<\/p>\n<p>Looge terve v\u00e4rviline maailm, kasutades vihjet kaardi servade v\u00f5i oma kujutlusv\u00f5ime \u00fcmber.<\/p>\n<p>M\u00f5ned olulised n\u00fcansid enne v\u00e4rvimise alustamist:<\/p>\n<ol>\n<li>K\u00f5ik kontinendid on t\u00e4histatud kriipsjoontega, nende v\u00e4rvimiseks valib laps ise v\u00e4rvi. N\u00e4iteks Antarktika on valge, Austraalia on roheline, Aafrika on kollane jne.<\/li>\n<\/ol>\n<ol start=\"2\">\n<li>Mered ja ookeanid on k\u00f5ige paremini siniseks v\u00e4rvitud.<\/li>\n<li>Parem on v\u00e4rvida loomi, linde ja mereelu vihjete abil, mis asuvad kaardi perimeetril.<\/li>\n<\/ol>\n<p>V\u00e4\u00e4rib m\u00e4rkimist, et iga elusolend asub kaardil mitte juhuslikult, vaid nimelt selle elupaiga ulatuses.<\/p>\n<p>N\u00e4iteks l\u00f5vi Aafrikas, hunt Euraasias, pingviinid Antarktikas, k\u00e4ngurud Austraalias ja naaritsa vaal Vaikses ookeanis.<\/p>\n<p>Samamoodi laps ei v\u00e4rvi mitte ainult entusiastlikult maailma kaarti ja arendadab t\u00e4psust, peenmotoorikat, v\u00e4rvitaju ja kujutlusv\u00f5imet, \u00f5pib ka mandrite, ookeanide nimesid ja tutvub nende elanikega.<\/p>\n<p>M\u00e4ng on soovitatav \u00fcle 3-aastastele lastele. Osalejate arvu piirab ainult vaba ruumi olemasolu.<\/p>\n<p>&nbsp;<\/p>\n","protected":false},"excerpt":{"rendered":"<p>Asetage kaart p\u00f5randale v\u00f5i riputage see seinale, v\u00f5tke v\u00e4rvilised pliiatsid v\u00f5i markerid (ei kuulu komplekti). Looge terve v\u00e4rviline maailm, kasutades vihjet kaardi servade v\u00f5i oma kujutlusv\u00f5ime \u00fcmber. M\u00f5ned olulised n\u00fcansid enne v\u00e4rvimise alustamist: K\u00f5ik kontinendid on t\u00e4histatud kriipsjoontega, nende v\u00e4rvimiseks valib laps ise v\u00e4rvi. N\u00e4iteks Antarktika on valge, Austraalia on roheline, Aafrika on kollane jne. [&hellip;]<\/p>\n","protected":false},"featured_media":70560,"template":"","meta":{"_monsterinsights_skip_tracking":false,"_monsterinsights_sitenote_active":false,"_monsterinsights_sitenote_note":"","_monsterinsights_sitenote_category":0},"product_brand":[],"product_cat":[52,58],"product_tag":[],"class_list":{"0":"post-46579","1":"product","2":"type-product","3":"status-publish","4":"has-post-thumbnail","6":"product_cat-loovus","7":"product_cat-unkategorized","8":"pa_vozrast-ot-5-let-et","10":"first","11":"instock","12":"shipping-taxable","13":"purchasable","14":"product-type-simple"},"yoast_head":"<!-- This site is optimized with the Yoast SEO plugin v25.0 - https:\/\/yoast.com\/wordpress\/plugins\/seo\/ -->\n<title>Plakat-v\u00e4rvimisleht &quot;Maailmakaart. Loomad&quot; -<\/title>\n<meta name=\"description\" content=\"Plakat-v\u00e4rvimisleht &quot;Maailmakaart. Loomad&quot; - CLEVER KIDS\" \/>\n<meta name=\"robots\" content=\"index, follow, max-snippet:-1, max-image-preview:large, max-video-preview:-1\" \/>\n<link rel=\"canonical\" href=\"https:\/\/cleverkids.ee\/et\/product\/plakat-raskraska-karta-mira-zhivotnye\/\" \/>\n<meta property=\"og:locale\" content=\"et_EE\" \/>\n<meta property=\"og:type\" content=\"article\" \/>\n<meta property=\"og:title\" content=\"Plakat-v\u00e4rvimisleht &quot;Maailmakaart. Loomad&quot; -\" \/>\n<meta property=\"og:description\" content=\"Plakat-v\u00e4rvimisleht &quot;Maailmakaart. Loomad&quot; - CLEVER KIDS\" \/>\n<meta property=\"og:url\" content=\"https:\/\/cleverkids.ee\/et\/product\/plakat-raskraska-karta-mira-zhivotnye\/\" \/>\n<meta property=\"og:site_name\" content=\"CLEVER KIDS\" \/>\n<meta property=\"article:publisher\" content=\"https:\/\/www.facebook.com\/cleverkids.ee\/\" \/>\n<meta property=\"article:modified_time\" content=\"2024-06-23T14:59:45+00:00\" \/>\n<meta property=\"og:image\" content=\"https:\/\/cleverkids.ee\/wp-content\/uploads\/2024\/05\/700-6-10.jpg\" \/>\n\t<meta property=\"og:image:width\" content=\"700\" \/>\n\t<meta property=\"og:image:height\" content=\"700\" \/>\n\t<meta property=\"og:image:type\" content=\"image\/jpeg\" \/>\n<meta name=\"twitter:card\" content=\"summary_large_image\" \/>\n<meta name=\"twitter:label1\" content=\"Est. reading time\" \/>\n\t<meta name=\"twitter:data1\" content=\"1 minut\" \/>\n<script type=\"application\/ld+json\" class=\"yoast-schema-graph\">{\"@context\":\"https:\/\/schema.org\",\"@graph\":[{\"@type\":\"WebPage\",\"@id\":\"https:\/\/cleverkids.ee\/et\/product\/plakat-raskraska-karta-mira-zhivotnye\/\",\"url\":\"https:\/\/cleverkids.ee\/et\/product\/plakat-raskraska-karta-mira-zhivotnye\/\",\"name\":\"Plakat-v\u00e4rvimisleht \\\"Maailmakaart. Loomad\\\" -\",\"isPartOf\":{\"@id\":\"https:\/\/cleverkids.ee\/et\/#website\"},\"primaryImageOfPage\":{\"@id\":\"https:\/\/cleverkids.ee\/et\/product\/plakat-raskraska-karta-mira-zhivotnye\/#primaryimage\"},\"image\":{\"@id\":\"https:\/\/cleverkids.ee\/et\/product\/plakat-raskraska-karta-mira-zhivotnye\/#primaryimage\"},\"thumbnailUrl\":\"https:\/\/cleverkids.ee\/wp-content\/uploads\/2024\/05\/700-6-10.jpg\",\"datePublished\":\"2024-04-16T04:25:36+00:00\",\"dateModified\":\"2024-06-23T14:59:45+00:00\",\"description\":\"Plakat-v\u00e4rvimisleht \\\"Maailmakaart. Loomad\\\" - CLEVER KIDS\",\"breadcrumb\":{\"@id\":\"https:\/\/cleverkids.ee\/et\/product\/plakat-raskraska-karta-mira-zhivotnye\/#breadcrumb\"},\"inLanguage\":\"et\",\"potentialAction\":[{\"@type\":\"ReadAction\",\"target\":[\"https:\/\/cleverkids.ee\/et\/product\/plakat-raskraska-karta-mira-zhivotnye\/\"]}]},{\"@type\":\"ImageObject\",\"inLanguage\":\"et\",\"@id\":\"https:\/\/cleverkids.ee\/et\/product\/plakat-raskraska-karta-mira-zhivotnye\/#primaryimage\",\"url\":\"https:\/\/cleverkids.ee\/wp-content\/uploads\/2024\/05\/700-6-10.jpg\",\"contentUrl\":\"https:\/\/cleverkids.ee\/wp-content\/uploads\/2024\/05\/700-6-10.jpg\",\"width\":700,\"height\":700},{\"@type\":\"BreadcrumbList\",\"@id\":\"https:\/\/cleverkids.ee\/et\/product\/plakat-raskraska-karta-mira-zhivotnye\/#breadcrumb\",\"itemListElement\":[{\"@type\":\"ListItem\",\"position\":1,\"name\":\"Esileht\",\"item\":\"https:\/\/cleverkids.ee\/et\/\"},{\"@type\":\"ListItem\",\"position\":2,\"name\":\"Tooted\",\"item\":\"https:\/\/cleverkids.ee\/store\/\"},{\"@type\":\"ListItem\",\"position\":3,\"name\":\"Plakat-v\u00e4rvimisleht &#171;Maailmakaart. Loomad&#187;\"}]},{\"@type\":\"WebSite\",\"@id\":\"https:\/\/cleverkids.ee\/et\/#website\",\"url\":\"https:\/\/cleverkids.ee\/et\/\",\"name\":\"CLEVER KIDS\",\"description\":\"\",\"publisher\":{\"@id\":\"https:\/\/cleverkids.ee\/et\/#organization\"},\"potentialAction\":[{\"@type\":\"SearchAction\",\"target\":{\"@type\":\"EntryPoint\",\"urlTemplate\":\"https:\/\/cleverkids.ee\/et\/?s={search_term_string}\"},\"query-input\":{\"@type\":\"PropertyValueSpecification\",\"valueRequired\":true,\"valueName\":\"search_term_string\"}}],\"inLanguage\":\"et\"},{\"@type\":\"Organization\",\"@id\":\"https:\/\/cleverkids.ee\/et\/#organization\",\"name\":\"CLEVER KIDS\",\"url\":\"https:\/\/cleverkids.ee\/et\/\",\"logo\":{\"@type\":\"ImageObject\",\"inLanguage\":\"et\",\"@id\":\"https:\/\/cleverkids.ee\/et\/#\/schema\/logo\/image\/\",\"url\":\"https:\/\/cleverkids.ee\/wp-content\/uploads\/2024\/02\/image0-1024x1024.png\",\"contentUrl\":\"https:\/\/cleverkids.ee\/wp-content\/uploads\/2024\/02\/image0-1024x1024.png\",\"width\":1024,\"height\":1024,\"caption\":\"CLEVER KIDS\"},\"image\":{\"@id\":\"https:\/\/cleverkids.ee\/et\/#\/schema\/logo\/image\/\"},\"sameAs\":[\"https:\/\/www.facebook.com\/cleverkids.ee\/\",\"https:\/\/www.instagram.com\/cleverkids_ee\/\"]}]}<\/script>\n<!-- \/ Yoast SEO plugin. -->","yoast_head_json":{"title":"Plakat-v\u00e4rvimisleht \"Maailmakaart. Loomad\" -","description":"Plakat-v\u00e4rvimisleht \"Maailmakaart. Loomad\" - CLEVER KIDS","robots":{"index":"index","follow":"follow","max-snippet":"max-snippet:-1","max-image-preview":"max-image-preview:large","max-video-preview":"max-video-preview:-1"},"canonical":"https:\/\/cleverkids.ee\/et\/product\/plakat-raskraska-karta-mira-zhivotnye\/","og_locale":"et_EE","og_type":"article","og_title":"Plakat-v\u00e4rvimisleht \"Maailmakaart. Loomad\" -","og_description":"Plakat-v\u00e4rvimisleht \"Maailmakaart. Loomad\" - CLEVER KIDS","og_url":"https:\/\/cleverkids.ee\/et\/product\/plakat-raskraska-karta-mira-zhivotnye\/","og_site_name":"CLEVER KIDS","article_publisher":"https:\/\/www.facebook.com\/cleverkids.ee\/","article_modified_time":"2024-06-23T14:59:45+00:00","og_image":[{"width":700,"height":700,"url":"https:\/\/cleverkids.ee\/wp-content\/uploads\/2024\/05\/700-6-10.jpg","type":"image\/jpeg"}],"twitter_card":"summary_large_image","twitter_misc":{"Est. reading time":"1 minut"},"schema":{"@context":"https:\/\/schema.org","@graph":[{"@type":"WebPage","@id":"https:\/\/cleverkids.ee\/et\/product\/plakat-raskraska-karta-mira-zhivotnye\/","url":"https:\/\/cleverkids.ee\/et\/product\/plakat-raskraska-karta-mira-zhivotnye\/","name":"Plakat-v\u00e4rvimisleht \"Maailmakaart. Loomad\" -","isPartOf":{"@id":"https:\/\/cleverkids.ee\/et\/#website"},"primaryImageOfPage":{"@id":"https:\/\/cleverkids.ee\/et\/product\/plakat-raskraska-karta-mira-zhivotnye\/#primaryimage"},"image":{"@id":"https:\/\/cleverkids.ee\/et\/product\/plakat-raskraska-karta-mira-zhivotnye\/#primaryimage"},"thumbnailUrl":"https:\/\/cleverkids.ee\/wp-content\/uploads\/2024\/05\/700-6-10.jpg","datePublished":"2024-04-16T04:25:36+00:00","dateModified":"2024-06-23T14:59:45+00:00","description":"Plakat-v\u00e4rvimisleht \"Maailmakaart. Loomad\" - CLEVER KIDS","breadcrumb":{"@id":"https:\/\/cleverkids.ee\/et\/product\/plakat-raskraska-karta-mira-zhivotnye\/#breadcrumb"},"inLanguage":"et","potentialAction":[{"@type":"ReadAction","target":["https:\/\/cleverkids.ee\/et\/product\/plakat-raskraska-karta-mira-zhivotnye\/"]}]},{"@type":"ImageObject","inLanguage":"et","@id":"https:\/\/cleverkids.ee\/et\/product\/plakat-raskraska-karta-mira-zhivotnye\/#primaryimage","url":"https:\/\/cleverkids.ee\/wp-content\/uploads\/2024\/05\/700-6-10.jpg","contentUrl":"https:\/\/cleverkids.ee\/wp-content\/uploads\/2024\/05\/700-6-10.jpg","width":700,"height":700},{"@type":"BreadcrumbList","@id":"https:\/\/cleverkids.ee\/et\/product\/plakat-raskraska-karta-mira-zhivotnye\/#breadcrumb","itemListElement":[{"@type":"ListItem","position":1,"name":"Esileht","item":"https:\/\/cleverkids.ee\/et\/"},{"@type":"ListItem","position":2,"name":"Tooted","item":"https:\/\/cleverkids.ee\/store\/"},{"@type":"ListItem","position":3,"name":"Plakat-v\u00e4rvimisleht &#171;Maailmakaart. Loomad&#187;"}]},{"@type":"WebSite","@id":"https:\/\/cleverkids.ee\/et\/#website","url":"https:\/\/cleverkids.ee\/et\/","name":"CLEVER KIDS","description":"","publisher":{"@id":"https:\/\/cleverkids.ee\/et\/#organization"},"potentialAction":[{"@type":"SearchAction","target":{"@type":"EntryPoint","urlTemplate":"https:\/\/cleverkids.ee\/et\/?s={search_term_string}"},"query-input":{"@type":"PropertyValueSpecification","valueRequired":true,"valueName":"search_term_string"}}],"inLanguage":"et"},{"@type":"Organization","@id":"https:\/\/cleverkids.ee\/et\/#organization","name":"CLEVER KIDS","url":"https:\/\/cleverkids.ee\/et\/","logo":{"@type":"ImageObject","inLanguage":"et","@id":"https:\/\/cleverkids.ee\/et\/#\/schema\/logo\/image\/","url":"https:\/\/cleverkids.ee\/wp-content\/uploads\/2024\/02\/image0-1024x1024.png","contentUrl":"https:\/\/cleverkids.ee\/wp-content\/uploads\/2024\/02\/image0-1024x1024.png","width":1024,"height":1024,"caption":"CLEVER KIDS"},"image":{"@id":"https:\/\/cleverkids.ee\/et\/#\/schema\/logo\/image\/"},"sameAs":["https:\/\/www.facebook.com\/cleverkids.ee\/","https:\/\/www.instagram.com\/cleverkids_ee\/"]}]}},"_links":{"self":[{"href":"https:\/\/cleverkids.ee\/et\/wp-json\/wp\/v2\/product\/46579","targetHints":{"allow":["GET"]}}],"collection":[{"href":"https:\/\/cleverkids.ee\/et\/wp-json\/wp\/v2\/product"}],"about":[{"href":"https:\/\/cleverkids.ee\/et\/wp-json\/wp\/v2\/types\/product"}],"wp:featuredmedia":[{"embeddable":true,"href":"https:\/\/cleverkids.ee\/et\/wp-json\/wp\/v2\/media\/70560"}],"wp:attachment":[{"href":"https:\/\/cleverkids.ee\/et\/wp-json\/wp\/v2\/media?parent=46579"}],"wp:term":[{"taxonomy":"product_brand","embeddable":true,"href":"https:\/\/cleverkids.ee\/et\/wp-json\/wp\/v2\/product_brand?post=46579"},{"taxonomy":"product_cat","embeddable":true,"href":"https:\/\/cleverkids.ee\/et\/wp-json\/wp\/v2\/product_cat?post=46579"},{"taxonomy":"product_tag","embeddable":true,"href":"https:\/\/cleverkids.ee\/et\/wp-json\/wp\/v2\/product_tag?post=46579"}],"curies":[{"name":"wp","href":"https:\/\/api.w.org\/{rel}","templated":true}]}}