{"id":46583,"date":"2024-04-16T07:25:36","date_gmt":"2024-04-16T04:25:36","guid":{"rendered":"https:\/\/cleverkids.dev2.sdhost.eu\/product\/%d0%bc%d0%bd%d0%be%d0%b3%d0%be%d1%80%d0%b0%d0%b7%d0%be%d0%b2%d0%b0%d1%8f-%d0%ba%d0%bd%d0%b8%d0%b6%d0%ba%d0%b0-%d1%81-%d0%bc%d0%b0%d1%80%d0%ba%d0%b5%d1%80%d0%be%d0%bc-%d0%b4%d0%be%d1%80%d0%be\/"},"modified":"2024-06-23T17:59:45","modified_gmt":"2024-06-23T14:59:45","slug":"mnogorazovaya-knizhka-s-markerom-doro","status":"publish","type":"product","link":"https:\/\/cleverkids.ee\/et\/product\/mnogorazovaya-knizhka-s-markerom-doro\/","title":{"rendered":"Korduvkasutatav raamat markeriga &#8220;Teed ja radad&#8221;, 12 lk."},"content":{"rendered":"<p>Markeritega raamatud on l\u00f5putu r\u00f5\u00f5m ja hariv m\u00e4ng \u00fches v\u00e4ljaandes.<\/p>\n<p>Laps saab joonistada, visandada ja t\u00e4ita p\u00f5nevaid \u00fclesandeid ning seej\u00e4rel kustutada k\u00f5ik, mis on kirjutatud korgi abil ja alustada uuesti. Markerit on lihtne eemaldada ja lemmik\u00fclesandeid saab teha ikka ja j\u00e4lle.<\/p>\n<p>Raamatute klasside ajal kirjeldab laps jooniseid piki punktiirjoont &#8211; ta koolitab motoorseid oskusi ja valmistab oma k\u00e4e kirjutamiseks ning tutvub erinevate loomadega.<\/p>\n","protected":false},"excerpt":{"rendered":"<p>Markeritega raamatud on l\u00f5putu r\u00f5\u00f5m ja hariv m\u00e4ng \u00fches v\u00e4ljaandes. Laps saab joonistada, visandada ja t\u00e4ita p\u00f5nevaid \u00fclesandeid ning seej\u00e4rel kustutada k\u00f5ik, mis on kirjutatud korgi abil ja alustada uuesti. Markerit on lihtne eemaldada ja lemmik\u00fclesandeid saab teha ikka ja j\u00e4lle. Raamatute klasside ajal kirjeldab laps jooniseid piki punktiirjoont &#8211; ta koolitab motoorseid oskusi ja [&hellip;]<\/p>\n","protected":false},"featured_media":70545,"template":"","meta":{"_monsterinsights_skip_tracking":false,"_monsterinsights_sitenote_active":false,"_monsterinsights_sitenote_note":"","_monsterinsights_sitenote_category":0},"product_brand":[],"product_cat":[51,58],"product_tag":[],"class_list":{"0":"post-46583","1":"product","2":"type-product","3":"status-publish","4":"has-post-thumbnail","6":"product_cat-arendavad-vihikud-vene-keeles","7":"product_cat-unkategorized","8":"pa_vozrast-ot-polutora-do-treh-let-et","10":"first","11":"instock","12":"shipping-taxable","13":"purchasable","14":"product-type-simple"},"yoast_head":"<!-- This site is optimized with the Yoast SEO plugin v25.0 - https:\/\/yoast.com\/wordpress\/plugins\/seo\/ -->\n<title>Korduvkasutatav raamat markeriga &quot;Teed ja radad&quot;, 12 lk. -<\/title>\n<meta name=\"description\" content=\"Korduvkasutatav raamat markeriga &quot;Teed ja radad&quot;, 12 lk. - CLEVER KIDS\" \/>\n<meta name=\"robots\" content=\"index, follow, max-snippet:-1, max-image-preview:large, max-video-preview:-1\" \/>\n<link rel=\"canonical\" href=\"https:\/\/cleverkids.ee\/et\/product\/mnogorazovaya-knizhka-s-markerom-doro\/\" \/>\n<meta property=\"og:locale\" content=\"et_EE\" \/>\n<meta property=\"og:type\" content=\"article\" \/>\n<meta property=\"og:title\" content=\"Korduvkasutatav raamat markeriga &quot;Teed ja radad&quot;, 12 lk. -\" \/>\n<meta property=\"og:description\" content=\"Korduvkasutatav raamat markeriga &quot;Teed ja radad&quot;, 12 lk. - CLEVER KIDS\" \/>\n<meta property=\"og:url\" content=\"https:\/\/cleverkids.ee\/et\/product\/mnogorazovaya-knizhka-s-markerom-doro\/\" \/>\n<meta property=\"og:site_name\" content=\"CLEVER KIDS\" \/>\n<meta property=\"article:publisher\" content=\"https:\/\/www.facebook.com\/cleverkids.ee\/\" \/>\n<meta property=\"article:modified_time\" content=\"2024-06-23T14:59:45+00:00\" \/>\n<meta property=\"og:image\" content=\"https:\/\/cleverkids.ee\/wp-content\/uploads\/2024\/05\/700-7.jpg\" \/>\n\t<meta property=\"og:image:width\" content=\"700\" \/>\n\t<meta property=\"og:image:height\" content=\"700\" \/>\n\t<meta property=\"og:image:type\" content=\"image\/jpeg\" \/>\n<meta name=\"twitter:card\" content=\"summary_large_image\" \/>\n<script type=\"application\/ld+json\" class=\"yoast-schema-graph\">{\"@context\":\"https:\/\/schema.org\",\"@graph\":[{\"@type\":\"WebPage\",\"@id\":\"https:\/\/cleverkids.ee\/et\/product\/mnogorazovaya-knizhka-s-markerom-doro\/\",\"url\":\"https:\/\/cleverkids.ee\/et\/product\/mnogorazovaya-knizhka-s-markerom-doro\/\",\"name\":\"Korduvkasutatav raamat markeriga \\\"Teed ja radad\\\", 12 lk. -\",\"isPartOf\":{\"@id\":\"https:\/\/cleverkids.ee\/et\/#website\"},\"primaryImageOfPage\":{\"@id\":\"https:\/\/cleverkids.ee\/et\/product\/mnogorazovaya-knizhka-s-markerom-doro\/#primaryimage\"},\"image\":{\"@id\":\"https:\/\/cleverkids.ee\/et\/product\/mnogorazovaya-knizhka-s-markerom-doro\/#primaryimage\"},\"thumbnailUrl\":\"https:\/\/cleverkids.ee\/wp-content\/uploads\/2024\/05\/700-7-6.jpg\",\"datePublished\":\"2024-04-16T04:25:36+00:00\",\"dateModified\":\"2024-06-23T14:59:45+00:00\",\"description\":\"Korduvkasutatav raamat markeriga \\\"Teed ja radad\\\", 12 lk. - CLEVER KIDS\",\"breadcrumb\":{\"@id\":\"https:\/\/cleverkids.ee\/et\/product\/mnogorazovaya-knizhka-s-markerom-doro\/#breadcrumb\"},\"inLanguage\":\"et\",\"potentialAction\":[{\"@type\":\"ReadAction\",\"target\":[\"https:\/\/cleverkids.ee\/et\/product\/mnogorazovaya-knizhka-s-markerom-doro\/\"]}]},{\"@type\":\"ImageObject\",\"inLanguage\":\"et\",\"@id\":\"https:\/\/cleverkids.ee\/et\/product\/mnogorazovaya-knizhka-s-markerom-doro\/#primaryimage\",\"url\":\"https:\/\/cleverkids.ee\/wp-content\/uploads\/2024\/05\/700-7-6.jpg\",\"contentUrl\":\"https:\/\/cleverkids.ee\/wp-content\/uploads\/2024\/05\/700-7-6.jpg\",\"width\":700,\"height\":700},{\"@type\":\"BreadcrumbList\",\"@id\":\"https:\/\/cleverkids.ee\/et\/product\/mnogorazovaya-knizhka-s-markerom-doro\/#breadcrumb\",\"itemListElement\":[{\"@type\":\"ListItem\",\"position\":1,\"name\":\"Esileht\",\"item\":\"https:\/\/cleverkids.ee\/et\/\"},{\"@type\":\"ListItem\",\"position\":2,\"name\":\"Tooted\",\"item\":\"https:\/\/cleverkids.ee\/store\/\"},{\"@type\":\"ListItem\",\"position\":3,\"name\":\"Korduvkasutatav raamat markeriga &#171;Teed ja radad&#187;, 12 lk.\"}]},{\"@type\":\"WebSite\",\"@id\":\"https:\/\/cleverkids.ee\/et\/#website\",\"url\":\"https:\/\/cleverkids.ee\/et\/\",\"name\":\"CLEVER KIDS\",\"description\":\"\",\"publisher\":{\"@id\":\"https:\/\/cleverkids.ee\/et\/#organization\"},\"potentialAction\":[{\"@type\":\"SearchAction\",\"target\":{\"@type\":\"EntryPoint\",\"urlTemplate\":\"https:\/\/cleverkids.ee\/et\/?s={search_term_string}\"},\"query-input\":{\"@type\":\"PropertyValueSpecification\",\"valueRequired\":true,\"valueName\":\"search_term_string\"}}],\"inLanguage\":\"et\"},{\"@type\":\"Organization\",\"@id\":\"https:\/\/cleverkids.ee\/et\/#organization\",\"name\":\"CLEVER KIDS\",\"url\":\"https:\/\/cleverkids.ee\/et\/\",\"logo\":{\"@type\":\"ImageObject\",\"inLanguage\":\"et\",\"@id\":\"https:\/\/cleverkids.ee\/et\/#\/schema\/logo\/image\/\",\"url\":\"https:\/\/cleverkids.ee\/wp-content\/uploads\/2024\/02\/image0-1024x1024.png\",\"contentUrl\":\"https:\/\/cleverkids.ee\/wp-content\/uploads\/2024\/02\/image0-1024x1024.png\",\"width\":1024,\"height\":1024,\"caption\":\"CLEVER KIDS\"},\"image\":{\"@id\":\"https:\/\/cleverkids.ee\/et\/#\/schema\/logo\/image\/\"},\"sameAs\":[\"https:\/\/www.facebook.com\/cleverkids.ee\/\",\"https:\/\/www.instagram.com\/cleverkids_ee\/\"]}]}<\/script>\n<!-- \/ Yoast SEO plugin. -->","yoast_head_json":{"title":"Korduvkasutatav raamat markeriga \"Teed ja radad\", 12 lk. -","description":"Korduvkasutatav raamat markeriga \"Teed ja radad\", 12 lk. - CLEVER KIDS","robots":{"index":"index","follow":"follow","max-snippet":"max-snippet:-1","max-image-preview":"max-image-preview:large","max-video-preview":"max-video-preview:-1"},"canonical":"https:\/\/cleverkids.ee\/et\/product\/mnogorazovaya-knizhka-s-markerom-doro\/","og_locale":"et_EE","og_type":"article","og_title":"Korduvkasutatav raamat markeriga \"Teed ja radad\", 12 lk. -","og_description":"Korduvkasutatav raamat markeriga \"Teed ja radad\", 12 lk. - CLEVER KIDS","og_url":"https:\/\/cleverkids.ee\/et\/product\/mnogorazovaya-knizhka-s-markerom-doro\/","og_site_name":"CLEVER KIDS","article_publisher":"https:\/\/www.facebook.com\/cleverkids.ee\/","article_modified_time":"2024-06-23T14:59:45+00:00","og_image":[{"width":700,"height":700,"url":"https:\/\/cleverkids.ee\/wp-content\/uploads\/2024\/05\/700-7.jpg","type":"image\/jpeg"}],"twitter_card":"summary_large_image","schema":{"@context":"https:\/\/schema.org","@graph":[{"@type":"WebPage","@id":"https:\/\/cleverkids.ee\/et\/product\/mnogorazovaya-knizhka-s-markerom-doro\/","url":"https:\/\/cleverkids.ee\/et\/product\/mnogorazovaya-knizhka-s-markerom-doro\/","name":"Korduvkasutatav raamat markeriga \"Teed ja radad\", 12 lk. -","isPartOf":{"@id":"https:\/\/cleverkids.ee\/et\/#website"},"primaryImageOfPage":{"@id":"https:\/\/cleverkids.ee\/et\/product\/mnogorazovaya-knizhka-s-markerom-doro\/#primaryimage"},"image":{"@id":"https:\/\/cleverkids.ee\/et\/product\/mnogorazovaya-knizhka-s-markerom-doro\/#primaryimage"},"thumbnailUrl":"https:\/\/cleverkids.ee\/wp-content\/uploads\/2024\/05\/700-7-6.jpg","datePublished":"2024-04-16T04:25:36+00:00","dateModified":"2024-06-23T14:59:45+00:00","description":"Korduvkasutatav raamat markeriga \"Teed ja radad\", 12 lk. - CLEVER KIDS","breadcrumb":{"@id":"https:\/\/cleverkids.ee\/et\/product\/mnogorazovaya-knizhka-s-markerom-doro\/#breadcrumb"},"inLanguage":"et","potentialAction":[{"@type":"ReadAction","target":["https:\/\/cleverkids.ee\/et\/product\/mnogorazovaya-knizhka-s-markerom-doro\/"]}]},{"@type":"ImageObject","inLanguage":"et","@id":"https:\/\/cleverkids.ee\/et\/product\/mnogorazovaya-knizhka-s-markerom-doro\/#primaryimage","url":"https:\/\/cleverkids.ee\/wp-content\/uploads\/2024\/05\/700-7-6.jpg","contentUrl":"https:\/\/cleverkids.ee\/wp-content\/uploads\/2024\/05\/700-7-6.jpg","width":700,"height":700},{"@type":"BreadcrumbList","@id":"https:\/\/cleverkids.ee\/et\/product\/mnogorazovaya-knizhka-s-markerom-doro\/#breadcrumb","itemListElement":[{"@type":"ListItem","position":1,"name":"Esileht","item":"https:\/\/cleverkids.ee\/et\/"},{"@type":"ListItem","position":2,"name":"Tooted","item":"https:\/\/cleverkids.ee\/store\/"},{"@type":"ListItem","position":3,"name":"Korduvkasutatav raamat markeriga &#171;Teed ja radad&#187;, 12 lk."}]},{"@type":"WebSite","@id":"https:\/\/cleverkids.ee\/et\/#website","url":"https:\/\/cleverkids.ee\/et\/","name":"CLEVER KIDS","description":"","publisher":{"@id":"https:\/\/cleverkids.ee\/et\/#organization"},"potentialAction":[{"@type":"SearchAction","target":{"@type":"EntryPoint","urlTemplate":"https:\/\/cleverkids.ee\/et\/?s={search_term_string}"},"query-input":{"@type":"PropertyValueSpecification","valueRequired":true,"valueName":"search_term_string"}}],"inLanguage":"et"},{"@type":"Organization","@id":"https:\/\/cleverkids.ee\/et\/#organization","name":"CLEVER KIDS","url":"https:\/\/cleverkids.ee\/et\/","logo":{"@type":"ImageObject","inLanguage":"et","@id":"https:\/\/cleverkids.ee\/et\/#\/schema\/logo\/image\/","url":"https:\/\/cleverkids.ee\/wp-content\/uploads\/2024\/02\/image0-1024x1024.png","contentUrl":"https:\/\/cleverkids.ee\/wp-content\/uploads\/2024\/02\/image0-1024x1024.png","width":1024,"height":1024,"caption":"CLEVER KIDS"},"image":{"@id":"https:\/\/cleverkids.ee\/et\/#\/schema\/logo\/image\/"},"sameAs":["https:\/\/www.facebook.com\/cleverkids.ee\/","https:\/\/www.instagram.com\/cleverkids_ee\/"]}]}},"_links":{"self":[{"href":"https:\/\/cleverkids.ee\/et\/wp-json\/wp\/v2\/product\/46583","targetHints":{"allow":["GET"]}}],"collection":[{"href":"https:\/\/cleverkids.ee\/et\/wp-json\/wp\/v2\/product"}],"about":[{"href":"https:\/\/cleverkids.ee\/et\/wp-json\/wp\/v2\/types\/product"}],"wp:featuredmedia":[{"embeddable":true,"href":"https:\/\/cleverkids.ee\/et\/wp-json\/wp\/v2\/media\/70545"}],"wp:attachment":[{"href":"https:\/\/cleverkids.ee\/et\/wp-json\/wp\/v2\/media?parent=46583"}],"wp:term":[{"taxonomy":"product_brand","embeddable":true,"href":"https:\/\/cleverkids.ee\/et\/wp-json\/wp\/v2\/product_brand?post=46583"},{"taxonomy":"product_cat","embeddable":true,"href":"https:\/\/cleverkids.ee\/et\/wp-json\/wp\/v2\/product_cat?post=46583"},{"taxonomy":"product_tag","embeddable":true,"href":"https:\/\/cleverkids.ee\/et\/wp-json\/wp\/v2\/product_tag?post=46583"}],"curies":[{"name":"wp","href":"https:\/\/api.w.org\/{rel}","templated":true}]}}