{"id":46593,"date":"2024-04-16T07:25:36","date_gmt":"2024-04-16T04:25:36","guid":{"rendered":"https:\/\/cleverkids.dev2.sdhost.eu\/product\/%d0%ba%d0%bd%d0%b8%d0%b3%d0%b0-%d0%b8%d0%b3%d1%80%d0%b0-100-iq-%d0%b7%d0%b0%d0%b4%d0%b0%d1%87%d0%b5%d0%ba-44-%d1%81%d1%82%d1%80-3\/"},"modified":"2024-06-23T17:59:45","modified_gmt":"2024-06-23T14:59:45","slug":"kniga-igra-100-iq-zadachek-44-str-3","status":"publish","type":"product","link":"https:\/\/cleverkids.ee\/et\/product\/kniga-igra-100-iq-zadachek-44-str-3\/","title":{"rendered":"\u041a\u043d\u0438\u0433\u0430-\u0438\u0433\u0440\u0430 \u00ab100 IQ-\u0437\u0430\u0434\u0430\u0447\u0435\u043a\u00bb, 44 \u0441\u0442\u0440.,3+"},"content":{"rendered":"<p>Raamat-m\u00e4ng &#8220;100 IQ-\u00fclesannet&#8221; sisaldab harjutuste kogumit, mille eesm\u00e4rk on arendada m\u00e4lu, loogilist m\u00f5tlemist, t\u00e4helepanu, k\u00e4te peenmotoorikat, visuaalset taju. V\u00e4ljaanne on alushariduse hea tugevdamine.<\/p>\n<p>Raamatus Te leaite:<\/p>\n<p>m\u00e4ngud t\u00e4htedega,<\/p>\n<p>m\u00e4ngud m\u00e4lu ja t\u00e4helepanu arendamiseks<\/p>\n<p>m\u00e4ngud loogika arendamiseks<\/p>\n<p>Igal lehel on erksad v\u00e4rvilised pildid, kus on esitatud erinevad \u00fclesanded. Kui kasutate lihtsat pliiatsit, siis \u00fclesannet on v\u00f5imalik mitu korda t\u00e4ita, oma tulemuste parendamiseks.<\/p>\n","protected":false},"excerpt":{"rendered":"<p>Raamat-m\u00e4ng &#8220;100 IQ-\u00fclesannet&#8221; sisaldab harjutuste kogumit, mille eesm\u00e4rk on arendada m\u00e4lu, loogilist m\u00f5tlemist, t\u00e4helepanu, k\u00e4te peenmotoorikat, visuaalset taju. V\u00e4ljaanne on alushariduse hea tugevdamine. Raamatus Te leaite: m\u00e4ngud t\u00e4htedega, m\u00e4ngud m\u00e4lu ja t\u00e4helepanu arendamiseks m\u00e4ngud loogika arendamiseks Igal lehel on erksad v\u00e4rvilised pildid, kus on esitatud erinevad \u00fclesanded. Kui kasutate lihtsat pliiatsit, siis \u00fclesannet on v\u00f5imalik [&hellip;]<\/p>\n","protected":false},"featured_media":70530,"template":"","meta":{"_monsterinsights_skip_tracking":false,"_monsterinsights_sitenote_active":false,"_monsterinsights_sitenote_note":"","_monsterinsights_sitenote_category":0},"product_brand":[],"product_cat":[51,58],"product_tag":[],"class_list":{"0":"post-46593","1":"product","2":"type-product","3":"status-publish","4":"has-post-thumbnail","6":"product_cat-arendavad-vihikud-vene-keeles","7":"product_cat-unkategorized","8":"pa_vozrast-ot-5-let-et","10":"first","11":"instock","12":"shipping-taxable","13":"purchasable","14":"product-type-simple"},"yoast_head":"<!-- This site is optimized with the Yoast SEO plugin v25.0 - https:\/\/yoast.com\/wordpress\/plugins\/seo\/ -->\n<title>\u041a\u043d\u0438\u0433\u0430-\u0438\u0433\u0440\u0430 \u00ab100 IQ-\u0437\u0430\u0434\u0430\u0447\u0435\u043a\u00bb, 44 \u0441\u0442\u0440.,3+ -<\/title>\n<meta name=\"description\" content=\"\u041a\u043d\u0438\u0433\u0430-\u0438\u0433\u0440\u0430 \u00ab100 IQ-\u0437\u0430\u0434\u0430\u0447\u0435\u043a\u00bb, 44 \u0441\u0442\u0440.,3+ - CLEVER KIDS\" \/>\n<meta name=\"robots\" content=\"index, follow, max-snippet:-1, max-image-preview:large, max-video-preview:-1\" \/>\n<link rel=\"canonical\" href=\"https:\/\/cleverkids.ee\/et\/product\/kniga-igra-100-iq-zadachek-44-str-3\/\" \/>\n<meta property=\"og:locale\" content=\"et_EE\" \/>\n<meta property=\"og:type\" content=\"article\" \/>\n<meta property=\"og:title\" content=\"\u041a\u043d\u0438\u0433\u0430-\u0438\u0433\u0440\u0430 \u00ab100 IQ-\u0437\u0430\u0434\u0430\u0447\u0435\u043a\u00bb, 44 \u0441\u0442\u0440.,3+ -\" \/>\n<meta property=\"og:description\" content=\"\u041a\u043d\u0438\u0433\u0430-\u0438\u0433\u0440\u0430 \u00ab100 IQ-\u0437\u0430\u0434\u0430\u0447\u0435\u043a\u00bb, 44 \u0441\u0442\u0440.,3+ - CLEVER KIDS\" \/>\n<meta property=\"og:url\" content=\"https:\/\/cleverkids.ee\/et\/product\/kniga-igra-100-iq-zadachek-44-str-3\/\" \/>\n<meta property=\"og:site_name\" content=\"CLEVER KIDS\" \/>\n<meta property=\"article:publisher\" content=\"https:\/\/www.facebook.com\/cleverkids.ee\/\" \/>\n<meta property=\"article:modified_time\" content=\"2024-06-23T14:59:45+00:00\" \/>\n<meta property=\"og:image\" content=\"https:\/\/cleverkids.ee\/wp-content\/uploads\/2024\/05\/6089179336.jpg\" \/>\n\t<meta property=\"og:image:width\" content=\"700\" \/>\n\t<meta property=\"og:image:height\" content=\"700\" \/>\n\t<meta property=\"og:image:type\" content=\"image\/jpeg\" \/>\n<meta name=\"twitter:card\" content=\"summary_large_image\" \/>\n<meta name=\"twitter:label1\" content=\"Est. reading time\" \/>\n\t<meta name=\"twitter:data1\" content=\"1 minut\" \/>\n<script type=\"application\/ld+json\" class=\"yoast-schema-graph\">{\"@context\":\"https:\/\/schema.org\",\"@graph\":[{\"@type\":\"WebPage\",\"@id\":\"https:\/\/cleverkids.ee\/et\/product\/kniga-igra-100-iq-zadachek-44-str-3\/\",\"url\":\"https:\/\/cleverkids.ee\/et\/product\/kniga-igra-100-iq-zadachek-44-str-3\/\",\"name\":\"\u041a\u043d\u0438\u0433\u0430-\u0438\u0433\u0440\u0430 \u00ab100 IQ-\u0437\u0430\u0434\u0430\u0447\u0435\u043a\u00bb, 44 \u0441\u0442\u0440.,3+ -\",\"isPartOf\":{\"@id\":\"https:\/\/cleverkids.ee\/et\/#website\"},\"primaryImageOfPage\":{\"@id\":\"https:\/\/cleverkids.ee\/et\/product\/kniga-igra-100-iq-zadachek-44-str-3\/#primaryimage\"},\"image\":{\"@id\":\"https:\/\/cleverkids.ee\/et\/product\/kniga-igra-100-iq-zadachek-44-str-3\/#primaryimage\"},\"thumbnailUrl\":\"https:\/\/cleverkids.ee\/wp-content\/uploads\/2024\/05\/6089179336-1.jpg\",\"datePublished\":\"2024-04-16T04:25:36+00:00\",\"dateModified\":\"2024-06-23T14:59:45+00:00\",\"description\":\"\u041a\u043d\u0438\u0433\u0430-\u0438\u0433\u0440\u0430 \u00ab100 IQ-\u0437\u0430\u0434\u0430\u0447\u0435\u043a\u00bb, 44 \u0441\u0442\u0440.,3+ - CLEVER KIDS\",\"breadcrumb\":{\"@id\":\"https:\/\/cleverkids.ee\/et\/product\/kniga-igra-100-iq-zadachek-44-str-3\/#breadcrumb\"},\"inLanguage\":\"et\",\"potentialAction\":[{\"@type\":\"ReadAction\",\"target\":[\"https:\/\/cleverkids.ee\/et\/product\/kniga-igra-100-iq-zadachek-44-str-3\/\"]}]},{\"@type\":\"ImageObject\",\"inLanguage\":\"et\",\"@id\":\"https:\/\/cleverkids.ee\/et\/product\/kniga-igra-100-iq-zadachek-44-str-3\/#primaryimage\",\"url\":\"https:\/\/cleverkids.ee\/wp-content\/uploads\/2024\/05\/6089179336-1.jpg\",\"contentUrl\":\"https:\/\/cleverkids.ee\/wp-content\/uploads\/2024\/05\/6089179336-1.jpg\",\"width\":700,\"height\":700},{\"@type\":\"BreadcrumbList\",\"@id\":\"https:\/\/cleverkids.ee\/et\/product\/kniga-igra-100-iq-zadachek-44-str-3\/#breadcrumb\",\"itemListElement\":[{\"@type\":\"ListItem\",\"position\":1,\"name\":\"Esileht\",\"item\":\"https:\/\/cleverkids.ee\/et\/\"},{\"@type\":\"ListItem\",\"position\":2,\"name\":\"Tooted\",\"item\":\"https:\/\/cleverkids.ee\/store\/\"},{\"@type\":\"ListItem\",\"position\":3,\"name\":\"\u041a\u043d\u0438\u0433\u0430-\u0438\u0433\u0440\u0430 \u00ab100 IQ-\u0437\u0430\u0434\u0430\u0447\u0435\u043a\u00bb, 44 \u0441\u0442\u0440.,3+\"}]},{\"@type\":\"WebSite\",\"@id\":\"https:\/\/cleverkids.ee\/et\/#website\",\"url\":\"https:\/\/cleverkids.ee\/et\/\",\"name\":\"CLEVER KIDS\",\"description\":\"\",\"publisher\":{\"@id\":\"https:\/\/cleverkids.ee\/et\/#organization\"},\"potentialAction\":[{\"@type\":\"SearchAction\",\"target\":{\"@type\":\"EntryPoint\",\"urlTemplate\":\"https:\/\/cleverkids.ee\/et\/?s={search_term_string}\"},\"query-input\":{\"@type\":\"PropertyValueSpecification\",\"valueRequired\":true,\"valueName\":\"search_term_string\"}}],\"inLanguage\":\"et\"},{\"@type\":\"Organization\",\"@id\":\"https:\/\/cleverkids.ee\/et\/#organization\",\"name\":\"CLEVER KIDS\",\"url\":\"https:\/\/cleverkids.ee\/et\/\",\"logo\":{\"@type\":\"ImageObject\",\"inLanguage\":\"et\",\"@id\":\"https:\/\/cleverkids.ee\/et\/#\/schema\/logo\/image\/\",\"url\":\"https:\/\/cleverkids.ee\/wp-content\/uploads\/2024\/02\/image0-1024x1024.png\",\"contentUrl\":\"https:\/\/cleverkids.ee\/wp-content\/uploads\/2024\/02\/image0-1024x1024.png\",\"width\":1024,\"height\":1024,\"caption\":\"CLEVER KIDS\"},\"image\":{\"@id\":\"https:\/\/cleverkids.ee\/et\/#\/schema\/logo\/image\/\"},\"sameAs\":[\"https:\/\/www.facebook.com\/cleverkids.ee\/\",\"https:\/\/www.instagram.com\/cleverkids_ee\/\"]}]}<\/script>\n<!-- \/ Yoast SEO plugin. -->","yoast_head_json":{"title":"\u041a\u043d\u0438\u0433\u0430-\u0438\u0433\u0440\u0430 \u00ab100 IQ-\u0437\u0430\u0434\u0430\u0447\u0435\u043a\u00bb, 44 \u0441\u0442\u0440.,3+ -","description":"\u041a\u043d\u0438\u0433\u0430-\u0438\u0433\u0440\u0430 \u00ab100 IQ-\u0437\u0430\u0434\u0430\u0447\u0435\u043a\u00bb, 44 \u0441\u0442\u0440.,3+ - CLEVER KIDS","robots":{"index":"index","follow":"follow","max-snippet":"max-snippet:-1","max-image-preview":"max-image-preview:large","max-video-preview":"max-video-preview:-1"},"canonical":"https:\/\/cleverkids.ee\/et\/product\/kniga-igra-100-iq-zadachek-44-str-3\/","og_locale":"et_EE","og_type":"article","og_title":"\u041a\u043d\u0438\u0433\u0430-\u0438\u0433\u0440\u0430 \u00ab100 IQ-\u0437\u0430\u0434\u0430\u0447\u0435\u043a\u00bb, 44 \u0441\u0442\u0440.,3+ -","og_description":"\u041a\u043d\u0438\u0433\u0430-\u0438\u0433\u0440\u0430 \u00ab100 IQ-\u0437\u0430\u0434\u0430\u0447\u0435\u043a\u00bb, 44 \u0441\u0442\u0440.,3+ - CLEVER KIDS","og_url":"https:\/\/cleverkids.ee\/et\/product\/kniga-igra-100-iq-zadachek-44-str-3\/","og_site_name":"CLEVER KIDS","article_publisher":"https:\/\/www.facebook.com\/cleverkids.ee\/","article_modified_time":"2024-06-23T14:59:45+00:00","og_image":[{"width":700,"height":700,"url":"https:\/\/cleverkids.ee\/wp-content\/uploads\/2024\/05\/6089179336.jpg","type":"image\/jpeg"}],"twitter_card":"summary_large_image","twitter_misc":{"Est. reading time":"1 minut"},"schema":{"@context":"https:\/\/schema.org","@graph":[{"@type":"WebPage","@id":"https:\/\/cleverkids.ee\/et\/product\/kniga-igra-100-iq-zadachek-44-str-3\/","url":"https:\/\/cleverkids.ee\/et\/product\/kniga-igra-100-iq-zadachek-44-str-3\/","name":"\u041a\u043d\u0438\u0433\u0430-\u0438\u0433\u0440\u0430 \u00ab100 IQ-\u0437\u0430\u0434\u0430\u0447\u0435\u043a\u00bb, 44 \u0441\u0442\u0440.,3+ -","isPartOf":{"@id":"https:\/\/cleverkids.ee\/et\/#website"},"primaryImageOfPage":{"@id":"https:\/\/cleverkids.ee\/et\/product\/kniga-igra-100-iq-zadachek-44-str-3\/#primaryimage"},"image":{"@id":"https:\/\/cleverkids.ee\/et\/product\/kniga-igra-100-iq-zadachek-44-str-3\/#primaryimage"},"thumbnailUrl":"https:\/\/cleverkids.ee\/wp-content\/uploads\/2024\/05\/6089179336-1.jpg","datePublished":"2024-04-16T04:25:36+00:00","dateModified":"2024-06-23T14:59:45+00:00","description":"\u041a\u043d\u0438\u0433\u0430-\u0438\u0433\u0440\u0430 \u00ab100 IQ-\u0437\u0430\u0434\u0430\u0447\u0435\u043a\u00bb, 44 \u0441\u0442\u0440.,3+ - CLEVER KIDS","breadcrumb":{"@id":"https:\/\/cleverkids.ee\/et\/product\/kniga-igra-100-iq-zadachek-44-str-3\/#breadcrumb"},"inLanguage":"et","potentialAction":[{"@type":"ReadAction","target":["https:\/\/cleverkids.ee\/et\/product\/kniga-igra-100-iq-zadachek-44-str-3\/"]}]},{"@type":"ImageObject","inLanguage":"et","@id":"https:\/\/cleverkids.ee\/et\/product\/kniga-igra-100-iq-zadachek-44-str-3\/#primaryimage","url":"https:\/\/cleverkids.ee\/wp-content\/uploads\/2024\/05\/6089179336-1.jpg","contentUrl":"https:\/\/cleverkids.ee\/wp-content\/uploads\/2024\/05\/6089179336-1.jpg","width":700,"height":700},{"@type":"BreadcrumbList","@id":"https:\/\/cleverkids.ee\/et\/product\/kniga-igra-100-iq-zadachek-44-str-3\/#breadcrumb","itemListElement":[{"@type":"ListItem","position":1,"name":"Esileht","item":"https:\/\/cleverkids.ee\/et\/"},{"@type":"ListItem","position":2,"name":"Tooted","item":"https:\/\/cleverkids.ee\/store\/"},{"@type":"ListItem","position":3,"name":"\u041a\u043d\u0438\u0433\u0430-\u0438\u0433\u0440\u0430 \u00ab100 IQ-\u0437\u0430\u0434\u0430\u0447\u0435\u043a\u00bb, 44 \u0441\u0442\u0440.,3+"}]},{"@type":"WebSite","@id":"https:\/\/cleverkids.ee\/et\/#website","url":"https:\/\/cleverkids.ee\/et\/","name":"CLEVER KIDS","description":"","publisher":{"@id":"https:\/\/cleverkids.ee\/et\/#organization"},"potentialAction":[{"@type":"SearchAction","target":{"@type":"EntryPoint","urlTemplate":"https:\/\/cleverkids.ee\/et\/?s={search_term_string}"},"query-input":{"@type":"PropertyValueSpecification","valueRequired":true,"valueName":"search_term_string"}}],"inLanguage":"et"},{"@type":"Organization","@id":"https:\/\/cleverkids.ee\/et\/#organization","name":"CLEVER KIDS","url":"https:\/\/cleverkids.ee\/et\/","logo":{"@type":"ImageObject","inLanguage":"et","@id":"https:\/\/cleverkids.ee\/et\/#\/schema\/logo\/image\/","url":"https:\/\/cleverkids.ee\/wp-content\/uploads\/2024\/02\/image0-1024x1024.png","contentUrl":"https:\/\/cleverkids.ee\/wp-content\/uploads\/2024\/02\/image0-1024x1024.png","width":1024,"height":1024,"caption":"CLEVER KIDS"},"image":{"@id":"https:\/\/cleverkids.ee\/et\/#\/schema\/logo\/image\/"},"sameAs":["https:\/\/www.facebook.com\/cleverkids.ee\/","https:\/\/www.instagram.com\/cleverkids_ee\/"]}]}},"_links":{"self":[{"href":"https:\/\/cleverkids.ee\/et\/wp-json\/wp\/v2\/product\/46593","targetHints":{"allow":["GET"]}}],"collection":[{"href":"https:\/\/cleverkids.ee\/et\/wp-json\/wp\/v2\/product"}],"about":[{"href":"https:\/\/cleverkids.ee\/et\/wp-json\/wp\/v2\/types\/product"}],"wp:featuredmedia":[{"embeddable":true,"href":"https:\/\/cleverkids.ee\/et\/wp-json\/wp\/v2\/media\/70530"}],"wp:attachment":[{"href":"https:\/\/cleverkids.ee\/et\/wp-json\/wp\/v2\/media?parent=46593"}],"wp:term":[{"taxonomy":"product_brand","embeddable":true,"href":"https:\/\/cleverkids.ee\/et\/wp-json\/wp\/v2\/product_brand?post=46593"},{"taxonomy":"product_cat","embeddable":true,"href":"https:\/\/cleverkids.ee\/et\/wp-json\/wp\/v2\/product_cat?post=46593"},{"taxonomy":"product_tag","embeddable":true,"href":"https:\/\/cleverkids.ee\/et\/wp-json\/wp\/v2\/product_tag?post=46593"}],"curies":[{"name":"wp","href":"https:\/\/api.w.org\/{rel}","templated":true}]}}