{"id":46607,"date":"2024-04-16T07:25:29","date_gmt":"2024-04-16T04:25:29","guid":{"rendered":"https:\/\/cleverkids.dev2.sdhost.eu\/product\/%d1%80%d0%b0%d0%b7%d0%b2%d0%b8%d0%b2%d0%b0%d1%8e%d1%89%d0%b8%d0%b9-%d0%bd%d0%b0%d0%b1%d0%be%d1%80-%d1%86%d0%b2%d0%b5%d1%82%d0%bd%d1%8b%d0%b5-%d0%b1%d0%be%d0%bc%d0%b1%d0%be%d1%88%d0%ba%d0%b8\/"},"modified":"2025-09-09T10:43:12","modified_gmt":"2025-09-09T07:43:12","slug":"razvivayushhij-nabor-tsvetnye-bomboshki","status":"publish","type":"product","link":"https:\/\/cleverkids.ee\/et\/product\/razvivayushhij-nabor-tsvetnye-bomboshki\/","title":{"rendered":"Arendav komplekt &#8220;V\u00e4rvilised tutt pallid&#8221;,  vastavalt Montessori meetodile"},"content":{"rendered":"<p>M\u00e4ngu abil arendab laps peenmotoorikat, ruumilist m\u00f5tlemist, loogikat, visadust ning \u00f5pib ka v\u00e4rvide nimetusi ja loendamist.<\/p>\n<p>Kuidas m\u00e4ngida<\/p>\n<ul>\n<li>Lugege kaartidel olevaid loogilisi \u00fclesandeid ja t\u00e4itke need koos lapsega.<\/li>\n<li>\u00d5petage lapsele hoidma pintsette k\u00e4epidemetest, haarama nendega pallikesi ja panema need koonustesse.<\/li>\n<li>Laske lapsel palle sorteerida v\u00e4rvi ja seej\u00e4rel numbri j\u00e4rgi.<\/li>\n<\/ul>\n","protected":false},"excerpt":{"rendered":"<p>M\u00e4ngu abil arendab laps peenmotoorikat, ruumilist m\u00f5tlemist, loogikat, visadust ning \u00f5pib ka v\u00e4rvide nimetusi ja loendamist. Kuidas m\u00e4ngida Lugege kaartidel olevaid loogilisi \u00fclesandeid ja t\u00e4itke need koos lapsega. \u00d5petage lapsele hoidma pintsette k\u00e4epidemetest, haarama nendega pallikesi ja panema need koonustesse. Laske lapsel palle sorteerida v\u00e4rvi ja seej\u00e4rel numbri j\u00e4rgi.<\/p>\n","protected":false},"featured_media":70491,"template":"","meta":{"_monsterinsights_skip_tracking":false,"_monsterinsights_sitenote_active":false,"_monsterinsights_sitenote_note":"","_monsterinsights_sitenote_category":0},"product_brand":[],"product_cat":[50,56,58],"product_tag":[],"class_list":{"0":"post-46607","1":"product","2":"type-product","3":"status-publish","4":"has-post-thumbnail","6":"product_cat-arendavad-manguasjad","7":"product_cat-kone-areng","8":"product_cat-unkategorized","9":"pa_vozrast-ot-3-do-5-let-et","11":"first","12":"instock","13":"shipping-taxable","14":"purchasable","15":"product-type-simple"},"yoast_head":"<!-- This site is optimized with the Yoast SEO plugin v25.0 - https:\/\/yoast.com\/wordpress\/plugins\/seo\/ -->\n<title>Arendav komplekt &quot;V\u00e4rvilised tutt pallid&quot;, vastavalt Montessori meetodile -<\/title>\n<meta name=\"description\" content=\"Arendav komplekt &quot;V\u00e4rvilised tutt pallid&quot;, vastavalt Montessori meetodile - CLEVER KIDS\" \/>\n<meta name=\"robots\" content=\"index, follow, max-snippet:-1, max-image-preview:large, max-video-preview:-1\" \/>\n<link rel=\"canonical\" href=\"https:\/\/cleverkids.ee\/et\/product\/razvivayushhij-nabor-tsvetnye-bomboshki\/\" \/>\n<meta property=\"og:locale\" content=\"et_EE\" \/>\n<meta property=\"og:type\" content=\"article\" \/>\n<meta property=\"og:title\" content=\"Arendav komplekt &quot;V\u00e4rvilised tutt pallid&quot;, vastavalt Montessori meetodile -\" \/>\n<meta property=\"og:description\" content=\"Arendav komplekt &quot;V\u00e4rvilised tutt pallid&quot;, vastavalt Montessori meetodile - CLEVER KIDS\" \/>\n<meta property=\"og:url\" content=\"https:\/\/cleverkids.ee\/et\/product\/razvivayushhij-nabor-tsvetnye-bomboshki\/\" \/>\n<meta property=\"og:site_name\" content=\"CLEVER KIDS\" \/>\n<meta property=\"article:publisher\" content=\"https:\/\/www.facebook.com\/cleverkids.ee\/\" \/>\n<meta property=\"article:modified_time\" content=\"2025-09-09T07:43:12+00:00\" \/>\n<meta property=\"og:image\" content=\"https:\/\/cleverkids.ee\/wp-content\/uploads\/2024\/05\/700-8-9.jpg\" \/>\n\t<meta property=\"og:image:width\" content=\"700\" \/>\n\t<meta property=\"og:image:height\" content=\"700\" \/>\n\t<meta property=\"og:image:type\" content=\"image\/jpeg\" \/>\n<meta name=\"twitter:card\" content=\"summary_large_image\" \/>\n<script type=\"application\/ld+json\" class=\"yoast-schema-graph\">{\"@context\":\"https:\/\/schema.org\",\"@graph\":[{\"@type\":\"WebPage\",\"@id\":\"https:\/\/cleverkids.ee\/et\/product\/razvivayushhij-nabor-tsvetnye-bomboshki\/\",\"url\":\"https:\/\/cleverkids.ee\/et\/product\/razvivayushhij-nabor-tsvetnye-bomboshki\/\",\"name\":\"Arendav komplekt \\\"V\u00e4rvilised tutt pallid\\\", vastavalt Montessori meetodile -\",\"isPartOf\":{\"@id\":\"https:\/\/cleverkids.ee\/et\/#website\"},\"primaryImageOfPage\":{\"@id\":\"https:\/\/cleverkids.ee\/et\/product\/razvivayushhij-nabor-tsvetnye-bomboshki\/#primaryimage\"},\"image\":{\"@id\":\"https:\/\/cleverkids.ee\/et\/product\/razvivayushhij-nabor-tsvetnye-bomboshki\/#primaryimage\"},\"thumbnailUrl\":\"https:\/\/cleverkids.ee\/wp-content\/uploads\/2024\/05\/700-8-9.jpg\",\"datePublished\":\"2024-04-16T04:25:29+00:00\",\"dateModified\":\"2025-09-09T07:43:12+00:00\",\"description\":\"Arendav komplekt \\\"V\u00e4rvilised tutt pallid\\\", vastavalt Montessori meetodile - CLEVER KIDS\",\"breadcrumb\":{\"@id\":\"https:\/\/cleverkids.ee\/et\/product\/razvivayushhij-nabor-tsvetnye-bomboshki\/#breadcrumb\"},\"inLanguage\":\"et\",\"potentialAction\":[{\"@type\":\"ReadAction\",\"target\":[\"https:\/\/cleverkids.ee\/et\/product\/razvivayushhij-nabor-tsvetnye-bomboshki\/\"]}]},{\"@type\":\"ImageObject\",\"inLanguage\":\"et\",\"@id\":\"https:\/\/cleverkids.ee\/et\/product\/razvivayushhij-nabor-tsvetnye-bomboshki\/#primaryimage\",\"url\":\"https:\/\/cleverkids.ee\/wp-content\/uploads\/2024\/05\/700-8-9.jpg\",\"contentUrl\":\"https:\/\/cleverkids.ee\/wp-content\/uploads\/2024\/05\/700-8-9.jpg\",\"width\":700,\"height\":700},{\"@type\":\"BreadcrumbList\",\"@id\":\"https:\/\/cleverkids.ee\/et\/product\/razvivayushhij-nabor-tsvetnye-bomboshki\/#breadcrumb\",\"itemListElement\":[{\"@type\":\"ListItem\",\"position\":1,\"name\":\"Esileht\",\"item\":\"https:\/\/cleverkids.ee\/et\/\"},{\"@type\":\"ListItem\",\"position\":2,\"name\":\"Tooted\",\"item\":\"https:\/\/cleverkids.ee\/store\/\"},{\"@type\":\"ListItem\",\"position\":3,\"name\":\"Arendav komplekt &#171;V\u00e4rvilised tutt pallid&#187;, vastavalt Montessori meetodile\"}]},{\"@type\":\"WebSite\",\"@id\":\"https:\/\/cleverkids.ee\/et\/#website\",\"url\":\"https:\/\/cleverkids.ee\/et\/\",\"name\":\"CLEVER KIDS\",\"description\":\"\",\"publisher\":{\"@id\":\"https:\/\/cleverkids.ee\/et\/#organization\"},\"potentialAction\":[{\"@type\":\"SearchAction\",\"target\":{\"@type\":\"EntryPoint\",\"urlTemplate\":\"https:\/\/cleverkids.ee\/et\/?s={search_term_string}\"},\"query-input\":{\"@type\":\"PropertyValueSpecification\",\"valueRequired\":true,\"valueName\":\"search_term_string\"}}],\"inLanguage\":\"et\"},{\"@type\":\"Organization\",\"@id\":\"https:\/\/cleverkids.ee\/et\/#organization\",\"name\":\"CLEVER KIDS\",\"url\":\"https:\/\/cleverkids.ee\/et\/\",\"logo\":{\"@type\":\"ImageObject\",\"inLanguage\":\"et\",\"@id\":\"https:\/\/cleverkids.ee\/et\/#\/schema\/logo\/image\/\",\"url\":\"https:\/\/cleverkids.ee\/wp-content\/uploads\/2024\/02\/image0-1024x1024.png\",\"contentUrl\":\"https:\/\/cleverkids.ee\/wp-content\/uploads\/2024\/02\/image0-1024x1024.png\",\"width\":1024,\"height\":1024,\"caption\":\"CLEVER KIDS\"},\"image\":{\"@id\":\"https:\/\/cleverkids.ee\/et\/#\/schema\/logo\/image\/\"},\"sameAs\":[\"https:\/\/www.facebook.com\/cleverkids.ee\/\",\"https:\/\/www.instagram.com\/cleverkids_ee\/\"]}]}<\/script>\n<!-- \/ Yoast SEO plugin. -->","yoast_head_json":{"title":"Arendav komplekt \"V\u00e4rvilised tutt pallid\", vastavalt Montessori meetodile -","description":"Arendav komplekt \"V\u00e4rvilised tutt pallid\", vastavalt Montessori meetodile - CLEVER KIDS","robots":{"index":"index","follow":"follow","max-snippet":"max-snippet:-1","max-image-preview":"max-image-preview:large","max-video-preview":"max-video-preview:-1"},"canonical":"https:\/\/cleverkids.ee\/et\/product\/razvivayushhij-nabor-tsvetnye-bomboshki\/","og_locale":"et_EE","og_type":"article","og_title":"Arendav komplekt \"V\u00e4rvilised tutt pallid\", vastavalt Montessori meetodile -","og_description":"Arendav komplekt \"V\u00e4rvilised tutt pallid\", vastavalt Montessori meetodile - CLEVER KIDS","og_url":"https:\/\/cleverkids.ee\/et\/product\/razvivayushhij-nabor-tsvetnye-bomboshki\/","og_site_name":"CLEVER KIDS","article_publisher":"https:\/\/www.facebook.com\/cleverkids.ee\/","article_modified_time":"2025-09-09T07:43:12+00:00","og_image":[{"width":700,"height":700,"url":"https:\/\/cleverkids.ee\/wp-content\/uploads\/2024\/05\/700-8-9.jpg","type":"image\/jpeg"}],"twitter_card":"summary_large_image","schema":{"@context":"https:\/\/schema.org","@graph":[{"@type":"WebPage","@id":"https:\/\/cleverkids.ee\/et\/product\/razvivayushhij-nabor-tsvetnye-bomboshki\/","url":"https:\/\/cleverkids.ee\/et\/product\/razvivayushhij-nabor-tsvetnye-bomboshki\/","name":"Arendav komplekt \"V\u00e4rvilised tutt pallid\", vastavalt Montessori meetodile -","isPartOf":{"@id":"https:\/\/cleverkids.ee\/et\/#website"},"primaryImageOfPage":{"@id":"https:\/\/cleverkids.ee\/et\/product\/razvivayushhij-nabor-tsvetnye-bomboshki\/#primaryimage"},"image":{"@id":"https:\/\/cleverkids.ee\/et\/product\/razvivayushhij-nabor-tsvetnye-bomboshki\/#primaryimage"},"thumbnailUrl":"https:\/\/cleverkids.ee\/wp-content\/uploads\/2024\/05\/700-8-9.jpg","datePublished":"2024-04-16T04:25:29+00:00","dateModified":"2025-09-09T07:43:12+00:00","description":"Arendav komplekt \"V\u00e4rvilised tutt pallid\", vastavalt Montessori meetodile - CLEVER KIDS","breadcrumb":{"@id":"https:\/\/cleverkids.ee\/et\/product\/razvivayushhij-nabor-tsvetnye-bomboshki\/#breadcrumb"},"inLanguage":"et","potentialAction":[{"@type":"ReadAction","target":["https:\/\/cleverkids.ee\/et\/product\/razvivayushhij-nabor-tsvetnye-bomboshki\/"]}]},{"@type":"ImageObject","inLanguage":"et","@id":"https:\/\/cleverkids.ee\/et\/product\/razvivayushhij-nabor-tsvetnye-bomboshki\/#primaryimage","url":"https:\/\/cleverkids.ee\/wp-content\/uploads\/2024\/05\/700-8-9.jpg","contentUrl":"https:\/\/cleverkids.ee\/wp-content\/uploads\/2024\/05\/700-8-9.jpg","width":700,"height":700},{"@type":"BreadcrumbList","@id":"https:\/\/cleverkids.ee\/et\/product\/razvivayushhij-nabor-tsvetnye-bomboshki\/#breadcrumb","itemListElement":[{"@type":"ListItem","position":1,"name":"Esileht","item":"https:\/\/cleverkids.ee\/et\/"},{"@type":"ListItem","position":2,"name":"Tooted","item":"https:\/\/cleverkids.ee\/store\/"},{"@type":"ListItem","position":3,"name":"Arendav komplekt &#171;V\u00e4rvilised tutt pallid&#187;, vastavalt Montessori meetodile"}]},{"@type":"WebSite","@id":"https:\/\/cleverkids.ee\/et\/#website","url":"https:\/\/cleverkids.ee\/et\/","name":"CLEVER KIDS","description":"","publisher":{"@id":"https:\/\/cleverkids.ee\/et\/#organization"},"potentialAction":[{"@type":"SearchAction","target":{"@type":"EntryPoint","urlTemplate":"https:\/\/cleverkids.ee\/et\/?s={search_term_string}"},"query-input":{"@type":"PropertyValueSpecification","valueRequired":true,"valueName":"search_term_string"}}],"inLanguage":"et"},{"@type":"Organization","@id":"https:\/\/cleverkids.ee\/et\/#organization","name":"CLEVER KIDS","url":"https:\/\/cleverkids.ee\/et\/","logo":{"@type":"ImageObject","inLanguage":"et","@id":"https:\/\/cleverkids.ee\/et\/#\/schema\/logo\/image\/","url":"https:\/\/cleverkids.ee\/wp-content\/uploads\/2024\/02\/image0-1024x1024.png","contentUrl":"https:\/\/cleverkids.ee\/wp-content\/uploads\/2024\/02\/image0-1024x1024.png","width":1024,"height":1024,"caption":"CLEVER KIDS"},"image":{"@id":"https:\/\/cleverkids.ee\/et\/#\/schema\/logo\/image\/"},"sameAs":["https:\/\/www.facebook.com\/cleverkids.ee\/","https:\/\/www.instagram.com\/cleverkids_ee\/"]}]}},"_links":{"self":[{"href":"https:\/\/cleverkids.ee\/et\/wp-json\/wp\/v2\/product\/46607","targetHints":{"allow":["GET"]}}],"collection":[{"href":"https:\/\/cleverkids.ee\/et\/wp-json\/wp\/v2\/product"}],"about":[{"href":"https:\/\/cleverkids.ee\/et\/wp-json\/wp\/v2\/types\/product"}],"wp:featuredmedia":[{"embeddable":true,"href":"https:\/\/cleverkids.ee\/et\/wp-json\/wp\/v2\/media\/70491"}],"wp:attachment":[{"href":"https:\/\/cleverkids.ee\/et\/wp-json\/wp\/v2\/media?parent=46607"}],"wp:term":[{"taxonomy":"product_brand","embeddable":true,"href":"https:\/\/cleverkids.ee\/et\/wp-json\/wp\/v2\/product_brand?post=46607"},{"taxonomy":"product_cat","embeddable":true,"href":"https:\/\/cleverkids.ee\/et\/wp-json\/wp\/v2\/product_cat?post=46607"},{"taxonomy":"product_tag","embeddable":true,"href":"https:\/\/cleverkids.ee\/et\/wp-json\/wp\/v2\/product_tag?post=46607"}],"curies":[{"name":"wp","href":"https:\/\/api.w.org\/{rel}","templated":true}]}}