{"id":46623,"date":"2024-04-16T07:25:29","date_gmt":"2024-04-16T04:25:29","guid":{"rendered":"https:\/\/cleverkids.dev2.sdhost.eu\/product\/%d1%82%d0%b5%d1%82%d1%80%d0%b0%d0%b4%d0%ba%d0%b0-%d1%81-%d0%bc%d0%b0%d1%80%d0%ba%d0%b5%d1%80%d0%be%d0%bc-%d0%bf%d0%b8%d1%88%d0%b8-%d1%81%d1%82%d0%b8%d1%80%d0%b0%d0%b9-%d0%b2%d0%b5%d1%81%d1%91-2\/"},"modified":"2024-06-23T17:59:44","modified_gmt":"2024-06-23T14:59:44","slug":"tetradka-s-markerom-pishi-stiraj-vesyo-2","status":"publish","type":"product","link":"https:\/\/cleverkids.ee\/et\/product\/tetradka-s-markerom-pishi-stiraj-vesyo-2\/","title":{"rendered":"Raamat markeriga &#8220;Kirjuta-kustuta. L\u00f5busad \u00fclesanded&#8221;, 12 lk"},"content":{"rendered":"<p>Raamat markeriga &#8220;Kirjuta-kustuta: l\u00f5busad \u00fclesanded&#8221; on universaalne kollektsioon lapse peenmotoorika arendamiseks, t\u00e4helepanu arendamiseks, n\u00e4gemise arendamiseks, v\u00e4rvitaju, m\u00e4lu ja m\u00f5tlemise arendamiseks.<\/p>\n<p>Lisatud on marker. Soovi korral v\u00f5ib kasutada k\u00f5iki veemarkereid.<\/p>\n<p>Raamat koosneb loogika\u00fclesannetest, seiklustest, m\u00f5istatustest. Laps \u00f5pib palju uusi ja huvitavaid asju. Naljakad loomad, linnud, putukad, puuviljad, k\u00f6\u00f6giviljad ja palju muud ootavad teda raamatu lehek\u00fclgedel.<\/p>\n","protected":false},"excerpt":{"rendered":"<p>Raamat markeriga &#8220;Kirjuta-kustuta: l\u00f5busad \u00fclesanded&#8221; on universaalne kollektsioon lapse peenmotoorika arendamiseks, t\u00e4helepanu arendamiseks, n\u00e4gemise arendamiseks, v\u00e4rvitaju, m\u00e4lu ja m\u00f5tlemise arendamiseks. Lisatud on marker. Soovi korral v\u00f5ib kasutada k\u00f5iki veemarkereid. Raamat koosneb loogika\u00fclesannetest, seiklustest, m\u00f5istatustest. Laps \u00f5pib palju uusi ja huvitavaid asju. Naljakad loomad, linnud, putukad, puuviljad, k\u00f6\u00f6giviljad ja palju muud ootavad teda raamatu lehek\u00fclgedel.<\/p>\n","protected":false},"featured_media":70467,"template":"","meta":{"_monsterinsights_skip_tracking":false,"_monsterinsights_sitenote_active":false,"_monsterinsights_sitenote_note":"","_monsterinsights_sitenote_category":0},"product_brand":[],"product_cat":[51,58],"product_tag":[],"class_list":{"0":"post-46623","1":"product","2":"type-product","3":"status-publish","4":"has-post-thumbnail","6":"product_cat-arendavad-vihikud-vene-keeles","7":"product_cat-unkategorized","8":"pa_vozrast-ot-5-let-et","10":"first","11":"instock","12":"shipping-taxable","13":"purchasable","14":"product-type-simple"},"yoast_head":"<!-- This site is optimized with the Yoast SEO plugin v25.0 - https:\/\/yoast.com\/wordpress\/plugins\/seo\/ -->\n<title>Raamat markeriga &quot;Kirjuta-kustuta. L\u00f5busad \u00fclesanded&quot;, 12 lk -<\/title>\n<meta name=\"description\" content=\"Raamat markeriga &quot;Kirjuta-kustuta. L\u00f5busad \u00fclesanded&quot;, 12 lk - CLEVER KIDS\" \/>\n<meta name=\"robots\" content=\"index, follow, max-snippet:-1, max-image-preview:large, max-video-preview:-1\" \/>\n<link rel=\"canonical\" href=\"https:\/\/cleverkids.ee\/et\/product\/tetradka-s-markerom-pishi-stiraj-vesyo-2\/\" \/>\n<meta property=\"og:locale\" content=\"et_EE\" \/>\n<meta property=\"og:type\" content=\"article\" \/>\n<meta property=\"og:title\" content=\"Raamat markeriga &quot;Kirjuta-kustuta. L\u00f5busad \u00fclesanded&quot;, 12 lk -\" \/>\n<meta property=\"og:description\" content=\"Raamat markeriga &quot;Kirjuta-kustuta. L\u00f5busad \u00fclesanded&quot;, 12 lk - CLEVER KIDS\" \/>\n<meta property=\"og:url\" content=\"https:\/\/cleverkids.ee\/et\/product\/tetradka-s-markerom-pishi-stiraj-vesyo-2\/\" \/>\n<meta property=\"og:site_name\" content=\"CLEVER KIDS\" \/>\n<meta property=\"article:publisher\" content=\"https:\/\/www.facebook.com\/cleverkids.ee\/\" \/>\n<meta property=\"article:modified_time\" content=\"2024-06-23T14:59:44+00:00\" \/>\n<meta property=\"og:image\" content=\"https:\/\/cleverkids.ee\/wp-content\/uploads\/2024\/05\/6104495873.jpg\" \/>\n\t<meta property=\"og:image:width\" content=\"700\" \/>\n\t<meta property=\"og:image:height\" content=\"700\" \/>\n\t<meta property=\"og:image:type\" content=\"image\/jpeg\" \/>\n<meta name=\"twitter:card\" content=\"summary_large_image\" \/>\n<script type=\"application\/ld+json\" class=\"yoast-schema-graph\">{\"@context\":\"https:\/\/schema.org\",\"@graph\":[{\"@type\":\"WebPage\",\"@id\":\"https:\/\/cleverkids.ee\/et\/product\/tetradka-s-markerom-pishi-stiraj-vesyo-2\/\",\"url\":\"https:\/\/cleverkids.ee\/et\/product\/tetradka-s-markerom-pishi-stiraj-vesyo-2\/\",\"name\":\"Raamat markeriga \\\"Kirjuta-kustuta. L\u00f5busad \u00fclesanded\\\", 12 lk -\",\"isPartOf\":{\"@id\":\"https:\/\/cleverkids.ee\/et\/#website\"},\"primaryImageOfPage\":{\"@id\":\"https:\/\/cleverkids.ee\/et\/product\/tetradka-s-markerom-pishi-stiraj-vesyo-2\/#primaryimage\"},\"image\":{\"@id\":\"https:\/\/cleverkids.ee\/et\/product\/tetradka-s-markerom-pishi-stiraj-vesyo-2\/#primaryimage\"},\"thumbnailUrl\":\"https:\/\/cleverkids.ee\/wp-content\/uploads\/2024\/05\/6104495873-1.jpg\",\"datePublished\":\"2024-04-16T04:25:29+00:00\",\"dateModified\":\"2024-06-23T14:59:44+00:00\",\"description\":\"Raamat markeriga \\\"Kirjuta-kustuta. L\u00f5busad \u00fclesanded\\\", 12 lk - CLEVER KIDS\",\"breadcrumb\":{\"@id\":\"https:\/\/cleverkids.ee\/et\/product\/tetradka-s-markerom-pishi-stiraj-vesyo-2\/#breadcrumb\"},\"inLanguage\":\"et\",\"potentialAction\":[{\"@type\":\"ReadAction\",\"target\":[\"https:\/\/cleverkids.ee\/et\/product\/tetradka-s-markerom-pishi-stiraj-vesyo-2\/\"]}]},{\"@type\":\"ImageObject\",\"inLanguage\":\"et\",\"@id\":\"https:\/\/cleverkids.ee\/et\/product\/tetradka-s-markerom-pishi-stiraj-vesyo-2\/#primaryimage\",\"url\":\"https:\/\/cleverkids.ee\/wp-content\/uploads\/2024\/05\/6104495873-1.jpg\",\"contentUrl\":\"https:\/\/cleverkids.ee\/wp-content\/uploads\/2024\/05\/6104495873-1.jpg\",\"width\":700,\"height\":700},{\"@type\":\"BreadcrumbList\",\"@id\":\"https:\/\/cleverkids.ee\/et\/product\/tetradka-s-markerom-pishi-stiraj-vesyo-2\/#breadcrumb\",\"itemListElement\":[{\"@type\":\"ListItem\",\"position\":1,\"name\":\"Esileht\",\"item\":\"https:\/\/cleverkids.ee\/et\/\"},{\"@type\":\"ListItem\",\"position\":2,\"name\":\"Tooted\",\"item\":\"https:\/\/cleverkids.ee\/store\/\"},{\"@type\":\"ListItem\",\"position\":3,\"name\":\"Raamat markeriga &#171;Kirjuta-kustuta. L\u00f5busad \u00fclesanded&#187;, 12 lk\"}]},{\"@type\":\"WebSite\",\"@id\":\"https:\/\/cleverkids.ee\/et\/#website\",\"url\":\"https:\/\/cleverkids.ee\/et\/\",\"name\":\"CLEVER KIDS\",\"description\":\"\",\"publisher\":{\"@id\":\"https:\/\/cleverkids.ee\/et\/#organization\"},\"potentialAction\":[{\"@type\":\"SearchAction\",\"target\":{\"@type\":\"EntryPoint\",\"urlTemplate\":\"https:\/\/cleverkids.ee\/et\/?s={search_term_string}\"},\"query-input\":{\"@type\":\"PropertyValueSpecification\",\"valueRequired\":true,\"valueName\":\"search_term_string\"}}],\"inLanguage\":\"et\"},{\"@type\":\"Organization\",\"@id\":\"https:\/\/cleverkids.ee\/et\/#organization\",\"name\":\"CLEVER KIDS\",\"url\":\"https:\/\/cleverkids.ee\/et\/\",\"logo\":{\"@type\":\"ImageObject\",\"inLanguage\":\"et\",\"@id\":\"https:\/\/cleverkids.ee\/et\/#\/schema\/logo\/image\/\",\"url\":\"https:\/\/cleverkids.ee\/wp-content\/uploads\/2024\/02\/image0-1024x1024.png\",\"contentUrl\":\"https:\/\/cleverkids.ee\/wp-content\/uploads\/2024\/02\/image0-1024x1024.png\",\"width\":1024,\"height\":1024,\"caption\":\"CLEVER KIDS\"},\"image\":{\"@id\":\"https:\/\/cleverkids.ee\/et\/#\/schema\/logo\/image\/\"},\"sameAs\":[\"https:\/\/www.facebook.com\/cleverkids.ee\/\",\"https:\/\/www.instagram.com\/cleverkids_ee\/\"]}]}<\/script>\n<!-- \/ Yoast SEO plugin. -->","yoast_head_json":{"title":"Raamat markeriga \"Kirjuta-kustuta. L\u00f5busad \u00fclesanded\", 12 lk -","description":"Raamat markeriga \"Kirjuta-kustuta. L\u00f5busad \u00fclesanded\", 12 lk - CLEVER KIDS","robots":{"index":"index","follow":"follow","max-snippet":"max-snippet:-1","max-image-preview":"max-image-preview:large","max-video-preview":"max-video-preview:-1"},"canonical":"https:\/\/cleverkids.ee\/et\/product\/tetradka-s-markerom-pishi-stiraj-vesyo-2\/","og_locale":"et_EE","og_type":"article","og_title":"Raamat markeriga \"Kirjuta-kustuta. L\u00f5busad \u00fclesanded\", 12 lk -","og_description":"Raamat markeriga \"Kirjuta-kustuta. L\u00f5busad \u00fclesanded\", 12 lk - CLEVER KIDS","og_url":"https:\/\/cleverkids.ee\/et\/product\/tetradka-s-markerom-pishi-stiraj-vesyo-2\/","og_site_name":"CLEVER KIDS","article_publisher":"https:\/\/www.facebook.com\/cleverkids.ee\/","article_modified_time":"2024-06-23T14:59:44+00:00","og_image":[{"width":700,"height":700,"url":"https:\/\/cleverkids.ee\/wp-content\/uploads\/2024\/05\/6104495873.jpg","type":"image\/jpeg"}],"twitter_card":"summary_large_image","schema":{"@context":"https:\/\/schema.org","@graph":[{"@type":"WebPage","@id":"https:\/\/cleverkids.ee\/et\/product\/tetradka-s-markerom-pishi-stiraj-vesyo-2\/","url":"https:\/\/cleverkids.ee\/et\/product\/tetradka-s-markerom-pishi-stiraj-vesyo-2\/","name":"Raamat markeriga \"Kirjuta-kustuta. L\u00f5busad \u00fclesanded\", 12 lk -","isPartOf":{"@id":"https:\/\/cleverkids.ee\/et\/#website"},"primaryImageOfPage":{"@id":"https:\/\/cleverkids.ee\/et\/product\/tetradka-s-markerom-pishi-stiraj-vesyo-2\/#primaryimage"},"image":{"@id":"https:\/\/cleverkids.ee\/et\/product\/tetradka-s-markerom-pishi-stiraj-vesyo-2\/#primaryimage"},"thumbnailUrl":"https:\/\/cleverkids.ee\/wp-content\/uploads\/2024\/05\/6104495873-1.jpg","datePublished":"2024-04-16T04:25:29+00:00","dateModified":"2024-06-23T14:59:44+00:00","description":"Raamat markeriga \"Kirjuta-kustuta. L\u00f5busad \u00fclesanded\", 12 lk - CLEVER KIDS","breadcrumb":{"@id":"https:\/\/cleverkids.ee\/et\/product\/tetradka-s-markerom-pishi-stiraj-vesyo-2\/#breadcrumb"},"inLanguage":"et","potentialAction":[{"@type":"ReadAction","target":["https:\/\/cleverkids.ee\/et\/product\/tetradka-s-markerom-pishi-stiraj-vesyo-2\/"]}]},{"@type":"ImageObject","inLanguage":"et","@id":"https:\/\/cleverkids.ee\/et\/product\/tetradka-s-markerom-pishi-stiraj-vesyo-2\/#primaryimage","url":"https:\/\/cleverkids.ee\/wp-content\/uploads\/2024\/05\/6104495873-1.jpg","contentUrl":"https:\/\/cleverkids.ee\/wp-content\/uploads\/2024\/05\/6104495873-1.jpg","width":700,"height":700},{"@type":"BreadcrumbList","@id":"https:\/\/cleverkids.ee\/et\/product\/tetradka-s-markerom-pishi-stiraj-vesyo-2\/#breadcrumb","itemListElement":[{"@type":"ListItem","position":1,"name":"Esileht","item":"https:\/\/cleverkids.ee\/et\/"},{"@type":"ListItem","position":2,"name":"Tooted","item":"https:\/\/cleverkids.ee\/store\/"},{"@type":"ListItem","position":3,"name":"Raamat markeriga &#171;Kirjuta-kustuta. L\u00f5busad \u00fclesanded&#187;, 12 lk"}]},{"@type":"WebSite","@id":"https:\/\/cleverkids.ee\/et\/#website","url":"https:\/\/cleverkids.ee\/et\/","name":"CLEVER KIDS","description":"","publisher":{"@id":"https:\/\/cleverkids.ee\/et\/#organization"},"potentialAction":[{"@type":"SearchAction","target":{"@type":"EntryPoint","urlTemplate":"https:\/\/cleverkids.ee\/et\/?s={search_term_string}"},"query-input":{"@type":"PropertyValueSpecification","valueRequired":true,"valueName":"search_term_string"}}],"inLanguage":"et"},{"@type":"Organization","@id":"https:\/\/cleverkids.ee\/et\/#organization","name":"CLEVER KIDS","url":"https:\/\/cleverkids.ee\/et\/","logo":{"@type":"ImageObject","inLanguage":"et","@id":"https:\/\/cleverkids.ee\/et\/#\/schema\/logo\/image\/","url":"https:\/\/cleverkids.ee\/wp-content\/uploads\/2024\/02\/image0-1024x1024.png","contentUrl":"https:\/\/cleverkids.ee\/wp-content\/uploads\/2024\/02\/image0-1024x1024.png","width":1024,"height":1024,"caption":"CLEVER KIDS"},"image":{"@id":"https:\/\/cleverkids.ee\/et\/#\/schema\/logo\/image\/"},"sameAs":["https:\/\/www.facebook.com\/cleverkids.ee\/","https:\/\/www.instagram.com\/cleverkids_ee\/"]}]}},"_links":{"self":[{"href":"https:\/\/cleverkids.ee\/et\/wp-json\/wp\/v2\/product\/46623","targetHints":{"allow":["GET"]}}],"collection":[{"href":"https:\/\/cleverkids.ee\/et\/wp-json\/wp\/v2\/product"}],"about":[{"href":"https:\/\/cleverkids.ee\/et\/wp-json\/wp\/v2\/types\/product"}],"wp:featuredmedia":[{"embeddable":true,"href":"https:\/\/cleverkids.ee\/et\/wp-json\/wp\/v2\/media\/70467"}],"wp:attachment":[{"href":"https:\/\/cleverkids.ee\/et\/wp-json\/wp\/v2\/media?parent=46623"}],"wp:term":[{"taxonomy":"product_brand","embeddable":true,"href":"https:\/\/cleverkids.ee\/et\/wp-json\/wp\/v2\/product_brand?post=46623"},{"taxonomy":"product_cat","embeddable":true,"href":"https:\/\/cleverkids.ee\/et\/wp-json\/wp\/v2\/product_cat?post=46623"},{"taxonomy":"product_tag","embeddable":true,"href":"https:\/\/cleverkids.ee\/et\/wp-json\/wp\/v2\/product_tag?post=46623"}],"curies":[{"name":"wp","href":"https:\/\/api.w.org\/{rel}","templated":true}]}}