{"id":46634,"date":"2024-04-16T07:25:29","date_gmt":"2024-04-16T04:25:29","guid":{"rendered":"https:\/\/cleverkids.dev2.sdhost.eu\/product\/%d0%b0%d0%bf%d0%bf%d0%bb%d0%b8%d0%ba%d0%b0%d1%86%d0%b8%d1%8f-%d1%81-%d1%80%d0%b0%d1%81%d0%ba%d1%80%d0%b0%d1%81%d0%ba%d0%b0%d0%bc%d0%b8-%d0%b04-%d1%81%d0%be%d0%b1%d0%b5%d1%80%d0%b8-%d0%ba%d0%b0\/"},"modified":"2024-06-23T17:59:44","modified_gmt":"2024-06-23T14:59:44","slug":"applikatsiya-s-raskraskami-a4-soberi-ka","status":"publish","type":"product","link":"https:\/\/cleverkids.ee\/et\/product\/applikatsiya-s-raskraskami-a4-soberi-ka\/","title":{"rendered":"Aplikatsioon v\u00e4rvimislehtedega A4 &#8220;Pildi kogumine&#8221;, 20 lk."},"content":{"rendered":"<p>&nbsp;<\/p>\n<p>Aplikatsiooni tehes \u00f5pib laps k\u00e4\u00e4rid korralikult hoidma ja paberist figuure l\u00f5ikama. K\u00f5igepealt aidake lapsel selgitada, kuidas k\u00e4\u00e4rid \u00f5igesti kasutada ja kui oluline on j\u00e4rgida ohutusn\u00f5udeid. Selles raamatus ootab laps mahukaid rakendusi.<\/p>\n<p>Tema \u00fclesanne: l\u00f5igata paberist arvud v\u00e4lja ja liimida need alusele. Selle tulemusena saate 4 valmis pilti.<\/p>\n<p>Mida veel aplikatsioonid arendavad:<\/p>\n<p>T\u00e4psus,<\/p>\n<p>Motoorseid oskusi<\/p>\n<p>T\u00e4helepanu<\/p>\n<p>Kannatus,<\/p>\n<p>Iseseisvus.<\/p>\n<p>Raamat on m\u00f5eldud laste ja vanemate \u00fchiseks loominguliseks tegevuseks. L\u00f5ika, loo ja loo meistriteoseid koos!<\/p>\n<p>Raamatus on ka 4 v\u00e4rvimislehtedega lehte. Soovitatav lastele alates 3. eluaastast.<\/p>\n","protected":false},"excerpt":{"rendered":"<p>&nbsp; Aplikatsiooni tehes \u00f5pib laps k\u00e4\u00e4rid korralikult hoidma ja paberist figuure l\u00f5ikama. K\u00f5igepealt aidake lapsel selgitada, kuidas k\u00e4\u00e4rid \u00f5igesti kasutada ja kui oluline on j\u00e4rgida ohutusn\u00f5udeid. Selles raamatus ootab laps mahukaid rakendusi. Tema \u00fclesanne: l\u00f5igata paberist arvud v\u00e4lja ja liimida need alusele. Selle tulemusena saate 4 valmis pilti. Mida veel aplikatsioonid arendavad: T\u00e4psus, Motoorseid oskusi [&hellip;]<\/p>\n","protected":false},"featured_media":70446,"template":"","meta":{"_monsterinsights_skip_tracking":false,"_monsterinsights_sitenote_active":false,"_monsterinsights_sitenote_note":"","_monsterinsights_sitenote_category":0},"product_brand":[],"product_cat":[52,58],"product_tag":[],"class_list":{"0":"post-46634","1":"product","2":"type-product","3":"status-publish","4":"has-post-thumbnail","6":"product_cat-loovus","7":"product_cat-unkategorized","8":"pa_vozrast-ot-3-do-5-let-et","10":"first","11":"instock","12":"shipping-taxable","13":"purchasable","14":"product-type-simple"},"yoast_head":"<!-- This site is optimized with the Yoast SEO plugin v25.0 - https:\/\/yoast.com\/wordpress\/plugins\/seo\/ -->\n<title>Aplikatsioon v\u00e4rvimislehtedega A4 &quot;Pildi kogumine&quot;, 20 lk. -<\/title>\n<meta name=\"description\" content=\"Aplikatsioon v\u00e4rvimislehtedega A4 &quot;Pildi kogumine&quot;, 20 lk. - CLEVER KIDS\" \/>\n<meta name=\"robots\" content=\"index, follow, max-snippet:-1, max-image-preview:large, max-video-preview:-1\" \/>\n<link rel=\"canonical\" href=\"https:\/\/cleverkids.ee\/et\/product\/applikatsiya-s-raskraskami-a4-soberi-ka\/\" \/>\n<meta property=\"og:locale\" content=\"et_EE\" \/>\n<meta property=\"og:type\" content=\"article\" \/>\n<meta property=\"og:title\" content=\"Aplikatsioon v\u00e4rvimislehtedega A4 &quot;Pildi kogumine&quot;, 20 lk. -\" \/>\n<meta property=\"og:description\" content=\"Aplikatsioon v\u00e4rvimislehtedega A4 &quot;Pildi kogumine&quot;, 20 lk. - CLEVER KIDS\" \/>\n<meta property=\"og:url\" content=\"https:\/\/cleverkids.ee\/et\/product\/applikatsiya-s-raskraskami-a4-soberi-ka\/\" \/>\n<meta property=\"og:site_name\" content=\"CLEVER KIDS\" \/>\n<meta property=\"article:publisher\" content=\"https:\/\/www.facebook.com\/cleverkids.ee\/\" \/>\n<meta property=\"article:modified_time\" content=\"2024-06-23T14:59:44+00:00\" \/>\n<meta property=\"og:image\" content=\"https:\/\/cleverkids.ee\/wp-content\/uploads\/2024\/05\/6092236277-1.jpg\" \/>\n\t<meta property=\"og:image:width\" content=\"700\" \/>\n\t<meta property=\"og:image:height\" content=\"700\" \/>\n\t<meta property=\"og:image:type\" content=\"image\/jpeg\" \/>\n<meta name=\"twitter:card\" content=\"summary_large_image\" \/>\n<script type=\"application\/ld+json\" class=\"yoast-schema-graph\">{\"@context\":\"https:\/\/schema.org\",\"@graph\":[{\"@type\":\"WebPage\",\"@id\":\"https:\/\/cleverkids.ee\/et\/product\/applikatsiya-s-raskraskami-a4-soberi-ka\/\",\"url\":\"https:\/\/cleverkids.ee\/et\/product\/applikatsiya-s-raskraskami-a4-soberi-ka\/\",\"name\":\"Aplikatsioon v\u00e4rvimislehtedega A4 \\\"Pildi kogumine\\\", 20 lk. -\",\"isPartOf\":{\"@id\":\"https:\/\/cleverkids.ee\/et\/#website\"},\"primaryImageOfPage\":{\"@id\":\"https:\/\/cleverkids.ee\/et\/product\/applikatsiya-s-raskraskami-a4-soberi-ka\/#primaryimage\"},\"image\":{\"@id\":\"https:\/\/cleverkids.ee\/et\/product\/applikatsiya-s-raskraskami-a4-soberi-ka\/#primaryimage\"},\"thumbnailUrl\":\"https:\/\/cleverkids.ee\/wp-content\/uploads\/2024\/05\/6092236277-1-2.jpg\",\"datePublished\":\"2024-04-16T04:25:29+00:00\",\"dateModified\":\"2024-06-23T14:59:44+00:00\",\"description\":\"Aplikatsioon v\u00e4rvimislehtedega A4 \\\"Pildi kogumine\\\", 20 lk. - CLEVER KIDS\",\"breadcrumb\":{\"@id\":\"https:\/\/cleverkids.ee\/et\/product\/applikatsiya-s-raskraskami-a4-soberi-ka\/#breadcrumb\"},\"inLanguage\":\"et\",\"potentialAction\":[{\"@type\":\"ReadAction\",\"target\":[\"https:\/\/cleverkids.ee\/et\/product\/applikatsiya-s-raskraskami-a4-soberi-ka\/\"]}]},{\"@type\":\"ImageObject\",\"inLanguage\":\"et\",\"@id\":\"https:\/\/cleverkids.ee\/et\/product\/applikatsiya-s-raskraskami-a4-soberi-ka\/#primaryimage\",\"url\":\"https:\/\/cleverkids.ee\/wp-content\/uploads\/2024\/05\/6092236277-1-2.jpg\",\"contentUrl\":\"https:\/\/cleverkids.ee\/wp-content\/uploads\/2024\/05\/6092236277-1-2.jpg\",\"width\":700,\"height\":700},{\"@type\":\"BreadcrumbList\",\"@id\":\"https:\/\/cleverkids.ee\/et\/product\/applikatsiya-s-raskraskami-a4-soberi-ka\/#breadcrumb\",\"itemListElement\":[{\"@type\":\"ListItem\",\"position\":1,\"name\":\"Esileht\",\"item\":\"https:\/\/cleverkids.ee\/et\/\"},{\"@type\":\"ListItem\",\"position\":2,\"name\":\"Tooted\",\"item\":\"https:\/\/cleverkids.ee\/store\/\"},{\"@type\":\"ListItem\",\"position\":3,\"name\":\"Aplikatsioon v\u00e4rvimislehtedega A4 &#171;Pildi kogumine&#187;, 20 lk.\"}]},{\"@type\":\"WebSite\",\"@id\":\"https:\/\/cleverkids.ee\/et\/#website\",\"url\":\"https:\/\/cleverkids.ee\/et\/\",\"name\":\"CLEVER KIDS\",\"description\":\"\",\"publisher\":{\"@id\":\"https:\/\/cleverkids.ee\/et\/#organization\"},\"potentialAction\":[{\"@type\":\"SearchAction\",\"target\":{\"@type\":\"EntryPoint\",\"urlTemplate\":\"https:\/\/cleverkids.ee\/et\/?s={search_term_string}\"},\"query-input\":{\"@type\":\"PropertyValueSpecification\",\"valueRequired\":true,\"valueName\":\"search_term_string\"}}],\"inLanguage\":\"et\"},{\"@type\":\"Organization\",\"@id\":\"https:\/\/cleverkids.ee\/et\/#organization\",\"name\":\"CLEVER KIDS\",\"url\":\"https:\/\/cleverkids.ee\/et\/\",\"logo\":{\"@type\":\"ImageObject\",\"inLanguage\":\"et\",\"@id\":\"https:\/\/cleverkids.ee\/et\/#\/schema\/logo\/image\/\",\"url\":\"https:\/\/cleverkids.ee\/wp-content\/uploads\/2024\/02\/image0-1024x1024.png\",\"contentUrl\":\"https:\/\/cleverkids.ee\/wp-content\/uploads\/2024\/02\/image0-1024x1024.png\",\"width\":1024,\"height\":1024,\"caption\":\"CLEVER KIDS\"},\"image\":{\"@id\":\"https:\/\/cleverkids.ee\/et\/#\/schema\/logo\/image\/\"},\"sameAs\":[\"https:\/\/www.facebook.com\/cleverkids.ee\/\",\"https:\/\/www.instagram.com\/cleverkids_ee\/\"]}]}<\/script>\n<!-- \/ Yoast SEO plugin. -->","yoast_head_json":{"title":"Aplikatsioon v\u00e4rvimislehtedega A4 \"Pildi kogumine\", 20 lk. -","description":"Aplikatsioon v\u00e4rvimislehtedega A4 \"Pildi kogumine\", 20 lk. - CLEVER KIDS","robots":{"index":"index","follow":"follow","max-snippet":"max-snippet:-1","max-image-preview":"max-image-preview:large","max-video-preview":"max-video-preview:-1"},"canonical":"https:\/\/cleverkids.ee\/et\/product\/applikatsiya-s-raskraskami-a4-soberi-ka\/","og_locale":"et_EE","og_type":"article","og_title":"Aplikatsioon v\u00e4rvimislehtedega A4 \"Pildi kogumine\", 20 lk. -","og_description":"Aplikatsioon v\u00e4rvimislehtedega A4 \"Pildi kogumine\", 20 lk. - CLEVER KIDS","og_url":"https:\/\/cleverkids.ee\/et\/product\/applikatsiya-s-raskraskami-a4-soberi-ka\/","og_site_name":"CLEVER KIDS","article_publisher":"https:\/\/www.facebook.com\/cleverkids.ee\/","article_modified_time":"2024-06-23T14:59:44+00:00","og_image":[{"width":700,"height":700,"url":"https:\/\/cleverkids.ee\/wp-content\/uploads\/2024\/05\/6092236277-1.jpg","type":"image\/jpeg"}],"twitter_card":"summary_large_image","schema":{"@context":"https:\/\/schema.org","@graph":[{"@type":"WebPage","@id":"https:\/\/cleverkids.ee\/et\/product\/applikatsiya-s-raskraskami-a4-soberi-ka\/","url":"https:\/\/cleverkids.ee\/et\/product\/applikatsiya-s-raskraskami-a4-soberi-ka\/","name":"Aplikatsioon v\u00e4rvimislehtedega A4 \"Pildi kogumine\", 20 lk. -","isPartOf":{"@id":"https:\/\/cleverkids.ee\/et\/#website"},"primaryImageOfPage":{"@id":"https:\/\/cleverkids.ee\/et\/product\/applikatsiya-s-raskraskami-a4-soberi-ka\/#primaryimage"},"image":{"@id":"https:\/\/cleverkids.ee\/et\/product\/applikatsiya-s-raskraskami-a4-soberi-ka\/#primaryimage"},"thumbnailUrl":"https:\/\/cleverkids.ee\/wp-content\/uploads\/2024\/05\/6092236277-1-2.jpg","datePublished":"2024-04-16T04:25:29+00:00","dateModified":"2024-06-23T14:59:44+00:00","description":"Aplikatsioon v\u00e4rvimislehtedega A4 \"Pildi kogumine\", 20 lk. - CLEVER KIDS","breadcrumb":{"@id":"https:\/\/cleverkids.ee\/et\/product\/applikatsiya-s-raskraskami-a4-soberi-ka\/#breadcrumb"},"inLanguage":"et","potentialAction":[{"@type":"ReadAction","target":["https:\/\/cleverkids.ee\/et\/product\/applikatsiya-s-raskraskami-a4-soberi-ka\/"]}]},{"@type":"ImageObject","inLanguage":"et","@id":"https:\/\/cleverkids.ee\/et\/product\/applikatsiya-s-raskraskami-a4-soberi-ka\/#primaryimage","url":"https:\/\/cleverkids.ee\/wp-content\/uploads\/2024\/05\/6092236277-1-2.jpg","contentUrl":"https:\/\/cleverkids.ee\/wp-content\/uploads\/2024\/05\/6092236277-1-2.jpg","width":700,"height":700},{"@type":"BreadcrumbList","@id":"https:\/\/cleverkids.ee\/et\/product\/applikatsiya-s-raskraskami-a4-soberi-ka\/#breadcrumb","itemListElement":[{"@type":"ListItem","position":1,"name":"Esileht","item":"https:\/\/cleverkids.ee\/et\/"},{"@type":"ListItem","position":2,"name":"Tooted","item":"https:\/\/cleverkids.ee\/store\/"},{"@type":"ListItem","position":3,"name":"Aplikatsioon v\u00e4rvimislehtedega A4 &#171;Pildi kogumine&#187;, 20 lk."}]},{"@type":"WebSite","@id":"https:\/\/cleverkids.ee\/et\/#website","url":"https:\/\/cleverkids.ee\/et\/","name":"CLEVER KIDS","description":"","publisher":{"@id":"https:\/\/cleverkids.ee\/et\/#organization"},"potentialAction":[{"@type":"SearchAction","target":{"@type":"EntryPoint","urlTemplate":"https:\/\/cleverkids.ee\/et\/?s={search_term_string}"},"query-input":{"@type":"PropertyValueSpecification","valueRequired":true,"valueName":"search_term_string"}}],"inLanguage":"et"},{"@type":"Organization","@id":"https:\/\/cleverkids.ee\/et\/#organization","name":"CLEVER KIDS","url":"https:\/\/cleverkids.ee\/et\/","logo":{"@type":"ImageObject","inLanguage":"et","@id":"https:\/\/cleverkids.ee\/et\/#\/schema\/logo\/image\/","url":"https:\/\/cleverkids.ee\/wp-content\/uploads\/2024\/02\/image0-1024x1024.png","contentUrl":"https:\/\/cleverkids.ee\/wp-content\/uploads\/2024\/02\/image0-1024x1024.png","width":1024,"height":1024,"caption":"CLEVER KIDS"},"image":{"@id":"https:\/\/cleverkids.ee\/et\/#\/schema\/logo\/image\/"},"sameAs":["https:\/\/www.facebook.com\/cleverkids.ee\/","https:\/\/www.instagram.com\/cleverkids_ee\/"]}]}},"_links":{"self":[{"href":"https:\/\/cleverkids.ee\/et\/wp-json\/wp\/v2\/product\/46634","targetHints":{"allow":["GET"]}}],"collection":[{"href":"https:\/\/cleverkids.ee\/et\/wp-json\/wp\/v2\/product"}],"about":[{"href":"https:\/\/cleverkids.ee\/et\/wp-json\/wp\/v2\/types\/product"}],"wp:featuredmedia":[{"embeddable":true,"href":"https:\/\/cleverkids.ee\/et\/wp-json\/wp\/v2\/media\/70446"}],"wp:attachment":[{"href":"https:\/\/cleverkids.ee\/et\/wp-json\/wp\/v2\/media?parent=46634"}],"wp:term":[{"taxonomy":"product_brand","embeddable":true,"href":"https:\/\/cleverkids.ee\/et\/wp-json\/wp\/v2\/product_brand?post=46634"},{"taxonomy":"product_cat","embeddable":true,"href":"https:\/\/cleverkids.ee\/et\/wp-json\/wp\/v2\/product_cat?post=46634"},{"taxonomy":"product_tag","embeddable":true,"href":"https:\/\/cleverkids.ee\/et\/wp-json\/wp\/v2\/product_tag?post=46634"}],"curies":[{"name":"wp","href":"https:\/\/api.w.org\/{rel}","templated":true}]}}