{"id":46679,"date":"2024-04-16T07:25:29","date_gmt":"2024-04-16T04:25:29","guid":{"rendered":"https:\/\/cleverkids.dev2.sdhost.eu\/product\/%d1%80%d0%b0%d0%b7%d0%b2%d0%b8%d0%b2%d0%b0%d1%8e%d1%89%d0%b8%d0%b9-%d0%bd%d0%b0%d0%b1%d0%be%d1%80-%d1%83%d1%87%d0%b8%d0%bc-%d0%bf%d0%b0%d0%bb%d1%8c%d1%87%d0%b8%d0%ba%d0%b8\/"},"modified":"2025-09-09T10:43:12","modified_gmt":"2025-09-09T07:43:12","slug":"arendav-komplekt-opime-sormi","status":"publish","type":"product","link":"https:\/\/cleverkids.ee\/et\/product\/arendav-komplekt-opime-sormi\/","title":{"rendered":"Arendav komplekt \u201e\u00d5pime s\u00f5rmi\u201c"},"content":{"rendered":"<p>See m\u00e4ng arendab lapse peenmotoorikat, t\u00e4helepanu ja m\u00f5tlemist. Samuti aitab see tutvuda m\u00f5istetega <strong>\u201eparem\u201c<\/strong> ja <strong>\u201evasak\u201c<\/strong>, \u00f5ppida loendamist ning kinnistada p\u00f5hiv\u00e4rve.<\/p>\n<h3><strong>Kuidas m\u00e4ngida?<\/strong><\/h3>\n<ul>\n<li><strong>J\u00e4rjestuste moodustamine<\/strong> \u2013 paluge lapsel asetada m\u00fctsikesed ritta vastavalt kaardil n\u00e4idatud v\u00e4rvij\u00e4rjestusele.<\/li>\n<li><strong>S\u00f5rmede harjutamine<\/strong> \u2013 laps asetab m\u00fctsikesed s\u00f5rmedele kaardil n\u00e4idatud j\u00e4rjekorras. Olge t\u00e4helepanelikud, et <strong>parem<\/strong> ja <strong>vasak k\u00e4si<\/strong> ei l\u00e4heks segamini.<\/li>\n<li><strong>M\u00e4lu treenimine<\/strong> \u2013 segage m\u00fctsikesed ja paluge lapsel meelde tuletada ning \u00f5igesse j\u00e4rjekorda tagasi panna.<\/li>\n<li><strong>Loovad m\u00e4ngud<\/strong> \u2013 julgustage last v\u00e4lja m\u00f5tlema oma p\u00f5nevaid ja arendavaid m\u00e4nge!<\/li>\n<\/ul>\n<p>See m\u00e4ng muudab \u00f5ppimise l\u00f5busaks ja aitab lapsel arendada olulisi oskusi m\u00e4ngulisel viisil.<\/p>\n","protected":false},"excerpt":{"rendered":"<p>See m\u00e4ng arendab lapse peenmotoorikat, t\u00e4helepanu ja m\u00f5tlemist. Samuti aitab see tutvuda m\u00f5istetega \u201eparem\u201c ja \u201evasak\u201c, \u00f5ppida loendamist ning kinnistada p\u00f5hiv\u00e4rve. Kuidas m\u00e4ngida? J\u00e4rjestuste moodustamine \u2013 paluge lapsel asetada m\u00fctsikesed ritta vastavalt kaardil n\u00e4idatud v\u00e4rvij\u00e4rjestusele. S\u00f5rmede harjutamine \u2013 laps asetab m\u00fctsikesed s\u00f5rmedele kaardil n\u00e4idatud j\u00e4rjekorras. Olge t\u00e4helepanelikud, et parem ja vasak k\u00e4si ei l\u00e4heks segamini. [&hellip;]<\/p>\n","protected":false},"featured_media":70374,"template":"","meta":{"_monsterinsights_skip_tracking":false,"_monsterinsights_sitenote_active":false,"_monsterinsights_sitenote_note":"","_monsterinsights_sitenote_category":0},"product_brand":[],"product_cat":[50,56,58],"product_tag":[],"class_list":{"0":"post-46679","1":"product","2":"type-product","3":"status-publish","4":"has-post-thumbnail","6":"product_cat-arendavad-manguasjad","7":"product_cat-kone-areng","8":"product_cat-unkategorized","9":"pa_vozrast-ot-3-do-5-let-et","11":"first","12":"instock","13":"shipping-taxable","14":"purchasable","15":"product-type-simple"},"yoast_head":"<!-- This site is optimized with the Yoast SEO plugin v25.0 - https:\/\/yoast.com\/wordpress\/plugins\/seo\/ -->\n<title>Arendav komplekt \u201e\u00d5pime s\u00f5rmi\u201c -<\/title>\n<meta name=\"description\" content=\"Arendav komplekt \u201e\u00d5pime s\u00f5rmi\u201c - CLEVER KIDS\" \/>\n<meta name=\"robots\" content=\"index, follow, max-snippet:-1, max-image-preview:large, max-video-preview:-1\" \/>\n<link rel=\"canonical\" href=\"https:\/\/cleverkids.ee\/et\/product\/arendav-komplekt-opime-sormi\/\" \/>\n<meta property=\"og:locale\" content=\"et_EE\" \/>\n<meta property=\"og:type\" content=\"article\" \/>\n<meta property=\"og:title\" content=\"Arendav komplekt \u201e\u00d5pime s\u00f5rmi\u201c -\" \/>\n<meta property=\"og:description\" content=\"Arendav komplekt \u201e\u00d5pime s\u00f5rmi\u201c - CLEVER KIDS\" \/>\n<meta property=\"og:url\" content=\"https:\/\/cleverkids.ee\/et\/product\/arendav-komplekt-opime-sormi\/\" \/>\n<meta property=\"og:site_name\" content=\"CLEVER KIDS\" \/>\n<meta property=\"article:publisher\" content=\"https:\/\/www.facebook.com\/cleverkids.ee\/\" \/>\n<meta property=\"article:modified_time\" content=\"2025-09-09T07:43:12+00:00\" \/>\n<meta property=\"og:image\" content=\"https:\/\/cleverkids.ee\/wp-content\/uploads\/2024\/05\/700-13-9.jpg\" \/>\n\t<meta property=\"og:image:width\" content=\"700\" \/>\n\t<meta property=\"og:image:height\" content=\"700\" \/>\n\t<meta property=\"og:image:type\" content=\"image\/jpeg\" \/>\n<meta name=\"twitter:card\" content=\"summary_large_image\" \/>\n<meta name=\"twitter:label1\" content=\"Est. reading time\" \/>\n\t<meta name=\"twitter:data1\" content=\"1 minut\" \/>\n<script type=\"application\/ld+json\" class=\"yoast-schema-graph\">{\"@context\":\"https:\/\/schema.org\",\"@graph\":[{\"@type\":\"WebPage\",\"@id\":\"https:\/\/cleverkids.ee\/et\/product\/arendav-komplekt-opime-sormi\/\",\"url\":\"https:\/\/cleverkids.ee\/et\/product\/arendav-komplekt-opime-sormi\/\",\"name\":\"Arendav komplekt \u201e\u00d5pime s\u00f5rmi\u201c -\",\"isPartOf\":{\"@id\":\"https:\/\/cleverkids.ee\/et\/#website\"},\"primaryImageOfPage\":{\"@id\":\"https:\/\/cleverkids.ee\/et\/product\/arendav-komplekt-opime-sormi\/#primaryimage\"},\"image\":{\"@id\":\"https:\/\/cleverkids.ee\/et\/product\/arendav-komplekt-opime-sormi\/#primaryimage\"},\"thumbnailUrl\":\"https:\/\/cleverkids.ee\/wp-content\/uploads\/2024\/05\/700-13-9.jpg\",\"datePublished\":\"2024-04-16T04:25:29+00:00\",\"dateModified\":\"2025-09-09T07:43:12+00:00\",\"description\":\"Arendav komplekt \u201e\u00d5pime s\u00f5rmi\u201c - CLEVER KIDS\",\"breadcrumb\":{\"@id\":\"https:\/\/cleverkids.ee\/et\/product\/arendav-komplekt-opime-sormi\/#breadcrumb\"},\"inLanguage\":\"et\",\"potentialAction\":[{\"@type\":\"ReadAction\",\"target\":[\"https:\/\/cleverkids.ee\/et\/product\/arendav-komplekt-opime-sormi\/\"]}]},{\"@type\":\"ImageObject\",\"inLanguage\":\"et\",\"@id\":\"https:\/\/cleverkids.ee\/et\/product\/arendav-komplekt-opime-sormi\/#primaryimage\",\"url\":\"https:\/\/cleverkids.ee\/wp-content\/uploads\/2024\/05\/700-13-9.jpg\",\"contentUrl\":\"https:\/\/cleverkids.ee\/wp-content\/uploads\/2024\/05\/700-13-9.jpg\",\"width\":700,\"height\":700},{\"@type\":\"BreadcrumbList\",\"@id\":\"https:\/\/cleverkids.ee\/et\/product\/arendav-komplekt-opime-sormi\/#breadcrumb\",\"itemListElement\":[{\"@type\":\"ListItem\",\"position\":1,\"name\":\"Esileht\",\"item\":\"https:\/\/cleverkids.ee\/et\/\"},{\"@type\":\"ListItem\",\"position\":2,\"name\":\"Tooted\",\"item\":\"https:\/\/cleverkids.ee\/store\/\"},{\"@type\":\"ListItem\",\"position\":3,\"name\":\"Arendav komplekt \u201e\u00d5pime s\u00f5rmi\u201c\"}]},{\"@type\":\"WebSite\",\"@id\":\"https:\/\/cleverkids.ee\/et\/#website\",\"url\":\"https:\/\/cleverkids.ee\/et\/\",\"name\":\"CLEVER KIDS\",\"description\":\"\",\"publisher\":{\"@id\":\"https:\/\/cleverkids.ee\/et\/#organization\"},\"potentialAction\":[{\"@type\":\"SearchAction\",\"target\":{\"@type\":\"EntryPoint\",\"urlTemplate\":\"https:\/\/cleverkids.ee\/et\/?s={search_term_string}\"},\"query-input\":{\"@type\":\"PropertyValueSpecification\",\"valueRequired\":true,\"valueName\":\"search_term_string\"}}],\"inLanguage\":\"et\"},{\"@type\":\"Organization\",\"@id\":\"https:\/\/cleverkids.ee\/et\/#organization\",\"name\":\"CLEVER KIDS\",\"url\":\"https:\/\/cleverkids.ee\/et\/\",\"logo\":{\"@type\":\"ImageObject\",\"inLanguage\":\"et\",\"@id\":\"https:\/\/cleverkids.ee\/et\/#\/schema\/logo\/image\/\",\"url\":\"https:\/\/cleverkids.ee\/wp-content\/uploads\/2024\/02\/image0-1024x1024.png\",\"contentUrl\":\"https:\/\/cleverkids.ee\/wp-content\/uploads\/2024\/02\/image0-1024x1024.png\",\"width\":1024,\"height\":1024,\"caption\":\"CLEVER KIDS\"},\"image\":{\"@id\":\"https:\/\/cleverkids.ee\/et\/#\/schema\/logo\/image\/\"},\"sameAs\":[\"https:\/\/www.facebook.com\/cleverkids.ee\/\",\"https:\/\/www.instagram.com\/cleverkids_ee\/\"]}]}<\/script>\n<!-- \/ Yoast SEO plugin. -->","yoast_head_json":{"title":"Arendav komplekt \u201e\u00d5pime s\u00f5rmi\u201c -","description":"Arendav komplekt \u201e\u00d5pime s\u00f5rmi\u201c - CLEVER KIDS","robots":{"index":"index","follow":"follow","max-snippet":"max-snippet:-1","max-image-preview":"max-image-preview:large","max-video-preview":"max-video-preview:-1"},"canonical":"https:\/\/cleverkids.ee\/et\/product\/arendav-komplekt-opime-sormi\/","og_locale":"et_EE","og_type":"article","og_title":"Arendav komplekt \u201e\u00d5pime s\u00f5rmi\u201c -","og_description":"Arendav komplekt \u201e\u00d5pime s\u00f5rmi\u201c - CLEVER KIDS","og_url":"https:\/\/cleverkids.ee\/et\/product\/arendav-komplekt-opime-sormi\/","og_site_name":"CLEVER KIDS","article_publisher":"https:\/\/www.facebook.com\/cleverkids.ee\/","article_modified_time":"2025-09-09T07:43:12+00:00","og_image":[{"width":700,"height":700,"url":"https:\/\/cleverkids.ee\/wp-content\/uploads\/2024\/05\/700-13-9.jpg","type":"image\/jpeg"}],"twitter_card":"summary_large_image","twitter_misc":{"Est. reading time":"1 minut"},"schema":{"@context":"https:\/\/schema.org","@graph":[{"@type":"WebPage","@id":"https:\/\/cleverkids.ee\/et\/product\/arendav-komplekt-opime-sormi\/","url":"https:\/\/cleverkids.ee\/et\/product\/arendav-komplekt-opime-sormi\/","name":"Arendav komplekt \u201e\u00d5pime s\u00f5rmi\u201c -","isPartOf":{"@id":"https:\/\/cleverkids.ee\/et\/#website"},"primaryImageOfPage":{"@id":"https:\/\/cleverkids.ee\/et\/product\/arendav-komplekt-opime-sormi\/#primaryimage"},"image":{"@id":"https:\/\/cleverkids.ee\/et\/product\/arendav-komplekt-opime-sormi\/#primaryimage"},"thumbnailUrl":"https:\/\/cleverkids.ee\/wp-content\/uploads\/2024\/05\/700-13-9.jpg","datePublished":"2024-04-16T04:25:29+00:00","dateModified":"2025-09-09T07:43:12+00:00","description":"Arendav komplekt \u201e\u00d5pime s\u00f5rmi\u201c - CLEVER KIDS","breadcrumb":{"@id":"https:\/\/cleverkids.ee\/et\/product\/arendav-komplekt-opime-sormi\/#breadcrumb"},"inLanguage":"et","potentialAction":[{"@type":"ReadAction","target":["https:\/\/cleverkids.ee\/et\/product\/arendav-komplekt-opime-sormi\/"]}]},{"@type":"ImageObject","inLanguage":"et","@id":"https:\/\/cleverkids.ee\/et\/product\/arendav-komplekt-opime-sormi\/#primaryimage","url":"https:\/\/cleverkids.ee\/wp-content\/uploads\/2024\/05\/700-13-9.jpg","contentUrl":"https:\/\/cleverkids.ee\/wp-content\/uploads\/2024\/05\/700-13-9.jpg","width":700,"height":700},{"@type":"BreadcrumbList","@id":"https:\/\/cleverkids.ee\/et\/product\/arendav-komplekt-opime-sormi\/#breadcrumb","itemListElement":[{"@type":"ListItem","position":1,"name":"Esileht","item":"https:\/\/cleverkids.ee\/et\/"},{"@type":"ListItem","position":2,"name":"Tooted","item":"https:\/\/cleverkids.ee\/store\/"},{"@type":"ListItem","position":3,"name":"Arendav komplekt \u201e\u00d5pime s\u00f5rmi\u201c"}]},{"@type":"WebSite","@id":"https:\/\/cleverkids.ee\/et\/#website","url":"https:\/\/cleverkids.ee\/et\/","name":"CLEVER KIDS","description":"","publisher":{"@id":"https:\/\/cleverkids.ee\/et\/#organization"},"potentialAction":[{"@type":"SearchAction","target":{"@type":"EntryPoint","urlTemplate":"https:\/\/cleverkids.ee\/et\/?s={search_term_string}"},"query-input":{"@type":"PropertyValueSpecification","valueRequired":true,"valueName":"search_term_string"}}],"inLanguage":"et"},{"@type":"Organization","@id":"https:\/\/cleverkids.ee\/et\/#organization","name":"CLEVER KIDS","url":"https:\/\/cleverkids.ee\/et\/","logo":{"@type":"ImageObject","inLanguage":"et","@id":"https:\/\/cleverkids.ee\/et\/#\/schema\/logo\/image\/","url":"https:\/\/cleverkids.ee\/wp-content\/uploads\/2024\/02\/image0-1024x1024.png","contentUrl":"https:\/\/cleverkids.ee\/wp-content\/uploads\/2024\/02\/image0-1024x1024.png","width":1024,"height":1024,"caption":"CLEVER KIDS"},"image":{"@id":"https:\/\/cleverkids.ee\/et\/#\/schema\/logo\/image\/"},"sameAs":["https:\/\/www.facebook.com\/cleverkids.ee\/","https:\/\/www.instagram.com\/cleverkids_ee\/"]}]}},"_links":{"self":[{"href":"https:\/\/cleverkids.ee\/et\/wp-json\/wp\/v2\/product\/46679","targetHints":{"allow":["GET"]}}],"collection":[{"href":"https:\/\/cleverkids.ee\/et\/wp-json\/wp\/v2\/product"}],"about":[{"href":"https:\/\/cleverkids.ee\/et\/wp-json\/wp\/v2\/types\/product"}],"wp:featuredmedia":[{"embeddable":true,"href":"https:\/\/cleverkids.ee\/et\/wp-json\/wp\/v2\/media\/70374"}],"wp:attachment":[{"href":"https:\/\/cleverkids.ee\/et\/wp-json\/wp\/v2\/media?parent=46679"}],"wp:term":[{"taxonomy":"product_brand","embeddable":true,"href":"https:\/\/cleverkids.ee\/et\/wp-json\/wp\/v2\/product_brand?post=46679"},{"taxonomy":"product_cat","embeddable":true,"href":"https:\/\/cleverkids.ee\/et\/wp-json\/wp\/v2\/product_cat?post=46679"},{"taxonomy":"product_tag","embeddable":true,"href":"https:\/\/cleverkids.ee\/et\/wp-json\/wp\/v2\/product_tag?post=46679"}],"curies":[{"name":"wp","href":"https:\/\/api.w.org\/{rel}","templated":true}]}}