{"id":46767,"date":"2024-04-16T07:25:23","date_gmt":"2024-04-16T04:25:23","guid":{"rendered":"https:\/\/cleverkids.dev2.sdhost.eu\/product\/%d0%ba%d0%bd%d0%b8%d0%b3%d0%b0-%d0%b2-%d1%82%d0%b2%d1%91%d1%80%d0%b4%d0%be%d0%bc-%d0%bf%d0%b5%d1%80%d0%b5%d0%bf%d0%bb%d1%91%d1%82%d0%b5-%d0%bd%d0%b5%d0%ba%d0%b0%d0%bf%d1%80%d0%b8%d0%b7%d0%bd\/"},"modified":"2024-06-23T17:59:43","modified_gmt":"2024-06-23T14:59:43","slug":"kniga-v-tvyordom-pereplyote-nekaprizn","status":"publish","type":"product","link":"https:\/\/cleverkids.ee\/et\/product\/kniga-v-tvyordom-pereplyote-nekaprizn\/","title":{"rendered":"K\u00f5vakaaneline raamat &#8220;Ei ole Kapriisne muinasjutt&#8221;. \u00d5pi olema kuulekas&#8221;, lk 48 lk."},"content":{"rendered":"<p>Sari &#8220;Kasulikud muinasjutt&#8221; sisaldab haridusps\u00fchholoogi kirjutatud raamatuid. Nende lugude s\u00fc\u017eee on lihtne ja m\u00e4rkamatu, kuid v\u00e4ga \u00f5petlik. Muinasjuttude kangelaste n\u00e4itel v\u00f5tab laps alateadlikult vastu elukogemuse. See v\u00f5imaldab lapsel vaadata oma k\u00e4itumist v\u00e4ljastpoolt ja m\u00f5ista, kuidas k\u00e4ituda erinevates olukordades.<\/p>\n","protected":false},"excerpt":{"rendered":"<p>Sari &#8220;Kasulikud muinasjutt&#8221; sisaldab haridusps\u00fchholoogi kirjutatud raamatuid. Nende lugude s\u00fc\u017eee on lihtne ja m\u00e4rkamatu, kuid v\u00e4ga \u00f5petlik. Muinasjuttude kangelaste n\u00e4itel v\u00f5tab laps alateadlikult vastu elukogemuse. See v\u00f5imaldab lapsel vaadata oma k\u00e4itumist v\u00e4ljastpoolt ja m\u00f5ista, kuidas k\u00e4ituda erinevates olukordades.<\/p>\n","protected":false},"featured_media":70224,"template":"","meta":{"_monsterinsights_skip_tracking":false,"_monsterinsights_sitenote_active":false,"_monsterinsights_sitenote_note":"","_monsterinsights_sitenote_category":0},"product_brand":[],"product_cat":[54,58],"product_tag":[],"class_list":{"0":"post-46767","1":"product","2":"type-product","3":"status-publish","4":"has-post-thumbnail","6":"product_cat-raamatud-vene-keeles","7":"product_cat-unkategorized","8":"pa_vozrast-ot-3-do-5-let-et","10":"first","11":"instock","12":"shipping-taxable","13":"purchasable","14":"product-type-simple"},"yoast_head":"<!-- This site is optimized with the Yoast SEO plugin v25.0 - https:\/\/yoast.com\/wordpress\/plugins\/seo\/ -->\n<title>K\u00f5vakaaneline raamat &quot;Ei ole Kapriisne muinasjutt&quot;. \u00d5pi olema kuulekas&quot;, lk 48 lk. -<\/title>\n<meta name=\"description\" content=\"K\u00f5vakaaneline raamat &quot;Ei ole Kapriisne muinasjutt&quot;. \u00d5pi olema kuulekas&quot;, lk 48 lk. - CLEVER KIDS\" \/>\n<meta name=\"robots\" content=\"index, follow, max-snippet:-1, max-image-preview:large, max-video-preview:-1\" \/>\n<link rel=\"canonical\" href=\"https:\/\/cleverkids.ee\/et\/product\/kniga-v-tvyordom-pereplyote-nekaprizn\/\" \/>\n<meta property=\"og:locale\" content=\"et_EE\" \/>\n<meta property=\"og:type\" content=\"article\" \/>\n<meta property=\"og:title\" content=\"K\u00f5vakaaneline raamat &quot;Ei ole Kapriisne muinasjutt&quot;. \u00d5pi olema kuulekas&quot;, lk 48 lk. -\" \/>\n<meta property=\"og:description\" content=\"K\u00f5vakaaneline raamat &quot;Ei ole Kapriisne muinasjutt&quot;. \u00d5pi olema kuulekas&quot;, lk 48 lk. - CLEVER KIDS\" \/>\n<meta property=\"og:url\" content=\"https:\/\/cleverkids.ee\/et\/product\/kniga-v-tvyordom-pereplyote-nekaprizn\/\" \/>\n<meta property=\"og:site_name\" content=\"CLEVER KIDS\" \/>\n<meta property=\"article:publisher\" content=\"https:\/\/www.facebook.com\/cleverkids.ee\/\" \/>\n<meta property=\"article:modified_time\" content=\"2024-06-23T14:59:43+00:00\" \/>\n<meta property=\"og:image\" content=\"https:\/\/cleverkids.ee\/wp-content\/uploads\/2024\/05\/700-22-7.jpg\" \/>\n\t<meta property=\"og:image:width\" content=\"700\" \/>\n\t<meta property=\"og:image:height\" content=\"700\" \/>\n\t<meta property=\"og:image:type\" content=\"image\/jpeg\" \/>\n<meta name=\"twitter:card\" content=\"summary_large_image\" \/>\n<script type=\"application\/ld+json\" class=\"yoast-schema-graph\">{\"@context\":\"https:\/\/schema.org\",\"@graph\":[{\"@type\":\"WebPage\",\"@id\":\"https:\/\/cleverkids.ee\/et\/product\/kniga-v-tvyordom-pereplyote-nekaprizn\/\",\"url\":\"https:\/\/cleverkids.ee\/et\/product\/kniga-v-tvyordom-pereplyote-nekaprizn\/\",\"name\":\"K\u00f5vakaaneline raamat \\\"Ei ole Kapriisne muinasjutt\\\". \u00d5pi olema kuulekas\\\", lk 48 lk. -\",\"isPartOf\":{\"@id\":\"https:\/\/cleverkids.ee\/et\/#website\"},\"primaryImageOfPage\":{\"@id\":\"https:\/\/cleverkids.ee\/et\/product\/kniga-v-tvyordom-pereplyote-nekaprizn\/#primaryimage\"},\"image\":{\"@id\":\"https:\/\/cleverkids.ee\/et\/product\/kniga-v-tvyordom-pereplyote-nekaprizn\/#primaryimage\"},\"thumbnailUrl\":\"https:\/\/cleverkids.ee\/wp-content\/uploads\/2024\/05\/700-22-7.jpg\",\"datePublished\":\"2024-04-16T04:25:23+00:00\",\"dateModified\":\"2024-06-23T14:59:43+00:00\",\"description\":\"K\u00f5vakaaneline raamat \\\"Ei ole Kapriisne muinasjutt\\\". \u00d5pi olema kuulekas\\\", lk 48 lk. - CLEVER KIDS\",\"breadcrumb\":{\"@id\":\"https:\/\/cleverkids.ee\/et\/product\/kniga-v-tvyordom-pereplyote-nekaprizn\/#breadcrumb\"},\"inLanguage\":\"et\",\"potentialAction\":[{\"@type\":\"ReadAction\",\"target\":[\"https:\/\/cleverkids.ee\/et\/product\/kniga-v-tvyordom-pereplyote-nekaprizn\/\"]}]},{\"@type\":\"ImageObject\",\"inLanguage\":\"et\",\"@id\":\"https:\/\/cleverkids.ee\/et\/product\/kniga-v-tvyordom-pereplyote-nekaprizn\/#primaryimage\",\"url\":\"https:\/\/cleverkids.ee\/wp-content\/uploads\/2024\/05\/700-22-7.jpg\",\"contentUrl\":\"https:\/\/cleverkids.ee\/wp-content\/uploads\/2024\/05\/700-22-7.jpg\",\"width\":700,\"height\":700},{\"@type\":\"BreadcrumbList\",\"@id\":\"https:\/\/cleverkids.ee\/et\/product\/kniga-v-tvyordom-pereplyote-nekaprizn\/#breadcrumb\",\"itemListElement\":[{\"@type\":\"ListItem\",\"position\":1,\"name\":\"Esileht\",\"item\":\"https:\/\/cleverkids.ee\/et\/\"},{\"@type\":\"ListItem\",\"position\":2,\"name\":\"Tooted\",\"item\":\"https:\/\/cleverkids.ee\/store\/\"},{\"@type\":\"ListItem\",\"position\":3,\"name\":\"K\u00f5vakaaneline raamat &#171;Ei ole Kapriisne muinasjutt&#187;. \u00d5pi olema kuulekas&#187;, lk 48 lk.\"}]},{\"@type\":\"WebSite\",\"@id\":\"https:\/\/cleverkids.ee\/et\/#website\",\"url\":\"https:\/\/cleverkids.ee\/et\/\",\"name\":\"CLEVER KIDS\",\"description\":\"\",\"publisher\":{\"@id\":\"https:\/\/cleverkids.ee\/et\/#organization\"},\"potentialAction\":[{\"@type\":\"SearchAction\",\"target\":{\"@type\":\"EntryPoint\",\"urlTemplate\":\"https:\/\/cleverkids.ee\/et\/?s={search_term_string}\"},\"query-input\":{\"@type\":\"PropertyValueSpecification\",\"valueRequired\":true,\"valueName\":\"search_term_string\"}}],\"inLanguage\":\"et\"},{\"@type\":\"Organization\",\"@id\":\"https:\/\/cleverkids.ee\/et\/#organization\",\"name\":\"CLEVER KIDS\",\"url\":\"https:\/\/cleverkids.ee\/et\/\",\"logo\":{\"@type\":\"ImageObject\",\"inLanguage\":\"et\",\"@id\":\"https:\/\/cleverkids.ee\/et\/#\/schema\/logo\/image\/\",\"url\":\"https:\/\/cleverkids.ee\/wp-content\/uploads\/2024\/02\/image0-1024x1024.png\",\"contentUrl\":\"https:\/\/cleverkids.ee\/wp-content\/uploads\/2024\/02\/image0-1024x1024.png\",\"width\":1024,\"height\":1024,\"caption\":\"CLEVER KIDS\"},\"image\":{\"@id\":\"https:\/\/cleverkids.ee\/et\/#\/schema\/logo\/image\/\"},\"sameAs\":[\"https:\/\/www.facebook.com\/cleverkids.ee\/\",\"https:\/\/www.instagram.com\/cleverkids_ee\/\"]}]}<\/script>\n<!-- \/ Yoast SEO plugin. -->","yoast_head_json":{"title":"K\u00f5vakaaneline raamat \"Ei ole Kapriisne muinasjutt\". \u00d5pi olema kuulekas\", lk 48 lk. -","description":"K\u00f5vakaaneline raamat \"Ei ole Kapriisne muinasjutt\". \u00d5pi olema kuulekas\", lk 48 lk. - CLEVER KIDS","robots":{"index":"index","follow":"follow","max-snippet":"max-snippet:-1","max-image-preview":"max-image-preview:large","max-video-preview":"max-video-preview:-1"},"canonical":"https:\/\/cleverkids.ee\/et\/product\/kniga-v-tvyordom-pereplyote-nekaprizn\/","og_locale":"et_EE","og_type":"article","og_title":"K\u00f5vakaaneline raamat \"Ei ole Kapriisne muinasjutt\". \u00d5pi olema kuulekas\", lk 48 lk. -","og_description":"K\u00f5vakaaneline raamat \"Ei ole Kapriisne muinasjutt\". \u00d5pi olema kuulekas\", lk 48 lk. - CLEVER KIDS","og_url":"https:\/\/cleverkids.ee\/et\/product\/kniga-v-tvyordom-pereplyote-nekaprizn\/","og_site_name":"CLEVER KIDS","article_publisher":"https:\/\/www.facebook.com\/cleverkids.ee\/","article_modified_time":"2024-06-23T14:59:43+00:00","og_image":[{"width":700,"height":700,"url":"https:\/\/cleverkids.ee\/wp-content\/uploads\/2024\/05\/700-22-7.jpg","type":"image\/jpeg"}],"twitter_card":"summary_large_image","schema":{"@context":"https:\/\/schema.org","@graph":[{"@type":"WebPage","@id":"https:\/\/cleverkids.ee\/et\/product\/kniga-v-tvyordom-pereplyote-nekaprizn\/","url":"https:\/\/cleverkids.ee\/et\/product\/kniga-v-tvyordom-pereplyote-nekaprizn\/","name":"K\u00f5vakaaneline raamat \"Ei ole Kapriisne muinasjutt\". \u00d5pi olema kuulekas\", lk 48 lk. -","isPartOf":{"@id":"https:\/\/cleverkids.ee\/et\/#website"},"primaryImageOfPage":{"@id":"https:\/\/cleverkids.ee\/et\/product\/kniga-v-tvyordom-pereplyote-nekaprizn\/#primaryimage"},"image":{"@id":"https:\/\/cleverkids.ee\/et\/product\/kniga-v-tvyordom-pereplyote-nekaprizn\/#primaryimage"},"thumbnailUrl":"https:\/\/cleverkids.ee\/wp-content\/uploads\/2024\/05\/700-22-7.jpg","datePublished":"2024-04-16T04:25:23+00:00","dateModified":"2024-06-23T14:59:43+00:00","description":"K\u00f5vakaaneline raamat \"Ei ole Kapriisne muinasjutt\". \u00d5pi olema kuulekas\", lk 48 lk. - CLEVER KIDS","breadcrumb":{"@id":"https:\/\/cleverkids.ee\/et\/product\/kniga-v-tvyordom-pereplyote-nekaprizn\/#breadcrumb"},"inLanguage":"et","potentialAction":[{"@type":"ReadAction","target":["https:\/\/cleverkids.ee\/et\/product\/kniga-v-tvyordom-pereplyote-nekaprizn\/"]}]},{"@type":"ImageObject","inLanguage":"et","@id":"https:\/\/cleverkids.ee\/et\/product\/kniga-v-tvyordom-pereplyote-nekaprizn\/#primaryimage","url":"https:\/\/cleverkids.ee\/wp-content\/uploads\/2024\/05\/700-22-7.jpg","contentUrl":"https:\/\/cleverkids.ee\/wp-content\/uploads\/2024\/05\/700-22-7.jpg","width":700,"height":700},{"@type":"BreadcrumbList","@id":"https:\/\/cleverkids.ee\/et\/product\/kniga-v-tvyordom-pereplyote-nekaprizn\/#breadcrumb","itemListElement":[{"@type":"ListItem","position":1,"name":"Esileht","item":"https:\/\/cleverkids.ee\/et\/"},{"@type":"ListItem","position":2,"name":"Tooted","item":"https:\/\/cleverkids.ee\/store\/"},{"@type":"ListItem","position":3,"name":"K\u00f5vakaaneline raamat &#171;Ei ole Kapriisne muinasjutt&#187;. \u00d5pi olema kuulekas&#187;, lk 48 lk."}]},{"@type":"WebSite","@id":"https:\/\/cleverkids.ee\/et\/#website","url":"https:\/\/cleverkids.ee\/et\/","name":"CLEVER KIDS","description":"","publisher":{"@id":"https:\/\/cleverkids.ee\/et\/#organization"},"potentialAction":[{"@type":"SearchAction","target":{"@type":"EntryPoint","urlTemplate":"https:\/\/cleverkids.ee\/et\/?s={search_term_string}"},"query-input":{"@type":"PropertyValueSpecification","valueRequired":true,"valueName":"search_term_string"}}],"inLanguage":"et"},{"@type":"Organization","@id":"https:\/\/cleverkids.ee\/et\/#organization","name":"CLEVER KIDS","url":"https:\/\/cleverkids.ee\/et\/","logo":{"@type":"ImageObject","inLanguage":"et","@id":"https:\/\/cleverkids.ee\/et\/#\/schema\/logo\/image\/","url":"https:\/\/cleverkids.ee\/wp-content\/uploads\/2024\/02\/image0-1024x1024.png","contentUrl":"https:\/\/cleverkids.ee\/wp-content\/uploads\/2024\/02\/image0-1024x1024.png","width":1024,"height":1024,"caption":"CLEVER KIDS"},"image":{"@id":"https:\/\/cleverkids.ee\/et\/#\/schema\/logo\/image\/"},"sameAs":["https:\/\/www.facebook.com\/cleverkids.ee\/","https:\/\/www.instagram.com\/cleverkids_ee\/"]}]}},"_links":{"self":[{"href":"https:\/\/cleverkids.ee\/et\/wp-json\/wp\/v2\/product\/46767","targetHints":{"allow":["GET"]}}],"collection":[{"href":"https:\/\/cleverkids.ee\/et\/wp-json\/wp\/v2\/product"}],"about":[{"href":"https:\/\/cleverkids.ee\/et\/wp-json\/wp\/v2\/types\/product"}],"wp:featuredmedia":[{"embeddable":true,"href":"https:\/\/cleverkids.ee\/et\/wp-json\/wp\/v2\/media\/70224"}],"wp:attachment":[{"href":"https:\/\/cleverkids.ee\/et\/wp-json\/wp\/v2\/media?parent=46767"}],"wp:term":[{"taxonomy":"product_brand","embeddable":true,"href":"https:\/\/cleverkids.ee\/et\/wp-json\/wp\/v2\/product_brand?post=46767"},{"taxonomy":"product_cat","embeddable":true,"href":"https:\/\/cleverkids.ee\/et\/wp-json\/wp\/v2\/product_cat?post=46767"},{"taxonomy":"product_tag","embeddable":true,"href":"https:\/\/cleverkids.ee\/et\/wp-json\/wp\/v2\/product_tag?post=46767"}],"curies":[{"name":"wp","href":"https:\/\/api.w.org\/{rel}","templated":true}]}}