{"id":46780,"date":"2024-04-16T07:25:16","date_gmt":"2024-04-16T04:25:16","guid":{"rendered":"https:\/\/cleverkids.dev2.sdhost.eu\/product\/%d1%80%d0%b0%d0%b7%d0%b2%d0%b8%d0%b2%d0%b0%d1%8e%d1%89%d0%b8%d0%b9-%d0%bd%d0%b0%d0%b1%d0%be%d1%80-%d0%bd%d0%b5%d0%b9%d1%80%d0%be%d0%b7%d0%b0%d1%80%d1%8f%d0%b4%d0%ba%d0%b0-%d0%b4%d0%bb\/"},"modified":"2024-10-09T21:13:32","modified_gmt":"2024-10-09T18:13:32","slug":"razvivayushhij-nabor-nejrozaryadka-dl","status":"publish","type":"product","link":"https:\/\/cleverkids.ee\/et\/product\/razvivayushhij-nabor-nejrozaryadka-dl\/","title":{"rendered":"Arendav komplekt s\u00f5rmedele &#8220;Neurolaadimine&#8221; (vene keeles)"},"content":{"rendered":"<p>See m\u00e4ng aitab arendada lapse peenmotoorika, koordineerimine, m\u00f5tlemine.<\/p>\n<p>Kuidas kasutada?<\/p>\n<p>Asetage 3 kaarti lapse ette j\u00e4rjest 1 kuni 3.<\/p>\n<p>Paluge teha harjutusi kaardilt k\u00f5igepealt \u00fche k\u00e4ega, seej\u00e4rel teisega, seej\u00e4rel kahega.<\/p>\n<p>Kiirendage harjutusi, piirates aega.<\/p>\n<p>Korraldage v\u00f5istlused.<\/p>\n<p>Fantaseerige ja tulge v\u00e4lja oma meelelahutuslike ja harivate m\u00e4ngudega!<\/p>\n","protected":false},"excerpt":{"rendered":"<p>See m\u00e4ng aitab arendada lapse peenmotoorika, koordineerimine, m\u00f5tlemine. Kuidas kasutada? Asetage 3 kaarti lapse ette j\u00e4rjest 1 kuni 3. Paluge teha harjutusi kaardilt k\u00f5igepealt \u00fche k\u00e4ega, seej\u00e4rel teisega, seej\u00e4rel kahega. Kiirendage harjutusi, piirates aega. Korraldage v\u00f5istlused. Fantaseerige ja tulge v\u00e4lja oma meelelahutuslike ja harivate m\u00e4ngudega!<\/p>\n","protected":false},"featured_media":70188,"template":"","meta":{"_monsterinsights_skip_tracking":false,"_monsterinsights_sitenote_active":false,"_monsterinsights_sitenote_note":"","_monsterinsights_sitenote_category":0},"product_brand":[],"product_cat":[50,56,58],"product_tag":[],"class_list":{"0":"post-46780","1":"product","2":"type-product","3":"status-publish","4":"has-post-thumbnail","6":"product_cat-arendavad-manguasjad","7":"product_cat-kone-areng","8":"product_cat-unkategorized","9":"pa_vozrast-ot-3-do-5-let-et","10":"pa_vozrast-ot-5-let-et","12":"first","13":"instock","14":"shipping-taxable","15":"purchasable","16":"product-type-simple"},"yoast_head":"<!-- This site is optimized with the Yoast SEO plugin v25.0 - https:\/\/yoast.com\/wordpress\/plugins\/seo\/ -->\n<title>Arendav komplekt s\u00f5rmedele &quot;Neurolaadimine&quot; (vene keeles) -<\/title>\n<meta name=\"description\" content=\"Arendav komplekt s\u00f5rmedele &quot;Neurolaadimine&quot; (vene keeles) - CLEVER KIDS\" \/>\n<meta name=\"robots\" content=\"index, follow, max-snippet:-1, max-image-preview:large, max-video-preview:-1\" \/>\n<link rel=\"canonical\" href=\"https:\/\/cleverkids.ee\/et\/product\/razvivayushhij-nabor-nejrozaryadka-dl\/\" \/>\n<meta property=\"og:locale\" content=\"et_EE\" \/>\n<meta property=\"og:type\" content=\"article\" \/>\n<meta property=\"og:title\" content=\"Arendav komplekt s\u00f5rmedele &quot;Neurolaadimine&quot; (vene keeles) -\" \/>\n<meta property=\"og:description\" content=\"Arendav komplekt s\u00f5rmedele &quot;Neurolaadimine&quot; (vene keeles) - CLEVER KIDS\" \/>\n<meta property=\"og:url\" content=\"https:\/\/cleverkids.ee\/et\/product\/razvivayushhij-nabor-nejrozaryadka-dl\/\" \/>\n<meta property=\"og:site_name\" content=\"CLEVER KIDS\" \/>\n<meta property=\"article:publisher\" content=\"https:\/\/www.facebook.com\/cleverkids.ee\/\" \/>\n<meta property=\"article:modified_time\" content=\"2024-10-09T18:13:32+00:00\" \/>\n<meta property=\"og:image\" content=\"https:\/\/cleverkids.ee\/wp-content\/uploads\/2024\/05\/700-24-5.jpg\" \/>\n\t<meta property=\"og:image:width\" content=\"700\" \/>\n\t<meta property=\"og:image:height\" content=\"700\" \/>\n\t<meta property=\"og:image:type\" content=\"image\/jpeg\" \/>\n<meta name=\"twitter:card\" content=\"summary_large_image\" \/>\n<script type=\"application\/ld+json\" class=\"yoast-schema-graph\">{\"@context\":\"https:\/\/schema.org\",\"@graph\":[{\"@type\":\"WebPage\",\"@id\":\"https:\/\/cleverkids.ee\/et\/product\/razvivayushhij-nabor-nejrozaryadka-dl\/\",\"url\":\"https:\/\/cleverkids.ee\/et\/product\/razvivayushhij-nabor-nejrozaryadka-dl\/\",\"name\":\"Arendav komplekt s\u00f5rmedele \\\"Neurolaadimine\\\" (vene keeles) -\",\"isPartOf\":{\"@id\":\"https:\/\/cleverkids.ee\/et\/#website\"},\"primaryImageOfPage\":{\"@id\":\"https:\/\/cleverkids.ee\/et\/product\/razvivayushhij-nabor-nejrozaryadka-dl\/#primaryimage\"},\"image\":{\"@id\":\"https:\/\/cleverkids.ee\/et\/product\/razvivayushhij-nabor-nejrozaryadka-dl\/#primaryimage\"},\"thumbnailUrl\":\"https:\/\/cleverkids.ee\/wp-content\/uploads\/2024\/05\/700-24-5.jpg\",\"datePublished\":\"2024-04-16T04:25:16+00:00\",\"dateModified\":\"2024-10-09T18:13:32+00:00\",\"description\":\"Arendav komplekt s\u00f5rmedele \\\"Neurolaadimine\\\" (vene keeles) - CLEVER KIDS\",\"breadcrumb\":{\"@id\":\"https:\/\/cleverkids.ee\/et\/product\/razvivayushhij-nabor-nejrozaryadka-dl\/#breadcrumb\"},\"inLanguage\":\"et\",\"potentialAction\":[{\"@type\":\"ReadAction\",\"target\":[\"https:\/\/cleverkids.ee\/et\/product\/razvivayushhij-nabor-nejrozaryadka-dl\/\"]}]},{\"@type\":\"ImageObject\",\"inLanguage\":\"et\",\"@id\":\"https:\/\/cleverkids.ee\/et\/product\/razvivayushhij-nabor-nejrozaryadka-dl\/#primaryimage\",\"url\":\"https:\/\/cleverkids.ee\/wp-content\/uploads\/2024\/05\/700-24-5.jpg\",\"contentUrl\":\"https:\/\/cleverkids.ee\/wp-content\/uploads\/2024\/05\/700-24-5.jpg\",\"width\":700,\"height\":700},{\"@type\":\"BreadcrumbList\",\"@id\":\"https:\/\/cleverkids.ee\/et\/product\/razvivayushhij-nabor-nejrozaryadka-dl\/#breadcrumb\",\"itemListElement\":[{\"@type\":\"ListItem\",\"position\":1,\"name\":\"Esileht\",\"item\":\"https:\/\/cleverkids.ee\/et\/\"},{\"@type\":\"ListItem\",\"position\":2,\"name\":\"Tooted\",\"item\":\"https:\/\/cleverkids.ee\/store\/\"},{\"@type\":\"ListItem\",\"position\":3,\"name\":\"Arendav komplekt s\u00f5rmedele &#171;Neurolaadimine&#187; (vene keeles)\"}]},{\"@type\":\"WebSite\",\"@id\":\"https:\/\/cleverkids.ee\/et\/#website\",\"url\":\"https:\/\/cleverkids.ee\/et\/\",\"name\":\"CLEVER KIDS\",\"description\":\"\",\"publisher\":{\"@id\":\"https:\/\/cleverkids.ee\/et\/#organization\"},\"potentialAction\":[{\"@type\":\"SearchAction\",\"target\":{\"@type\":\"EntryPoint\",\"urlTemplate\":\"https:\/\/cleverkids.ee\/et\/?s={search_term_string}\"},\"query-input\":{\"@type\":\"PropertyValueSpecification\",\"valueRequired\":true,\"valueName\":\"search_term_string\"}}],\"inLanguage\":\"et\"},{\"@type\":\"Organization\",\"@id\":\"https:\/\/cleverkids.ee\/et\/#organization\",\"name\":\"CLEVER KIDS\",\"url\":\"https:\/\/cleverkids.ee\/et\/\",\"logo\":{\"@type\":\"ImageObject\",\"inLanguage\":\"et\",\"@id\":\"https:\/\/cleverkids.ee\/et\/#\/schema\/logo\/image\/\",\"url\":\"https:\/\/cleverkids.ee\/wp-content\/uploads\/2024\/02\/image0-1024x1024.png\",\"contentUrl\":\"https:\/\/cleverkids.ee\/wp-content\/uploads\/2024\/02\/image0-1024x1024.png\",\"width\":1024,\"height\":1024,\"caption\":\"CLEVER KIDS\"},\"image\":{\"@id\":\"https:\/\/cleverkids.ee\/et\/#\/schema\/logo\/image\/\"},\"sameAs\":[\"https:\/\/www.facebook.com\/cleverkids.ee\/\",\"https:\/\/www.instagram.com\/cleverkids_ee\/\"]}]}<\/script>\n<!-- \/ Yoast SEO plugin. -->","yoast_head_json":{"title":"Arendav komplekt s\u00f5rmedele \"Neurolaadimine\" (vene keeles) -","description":"Arendav komplekt s\u00f5rmedele \"Neurolaadimine\" (vene keeles) - CLEVER KIDS","robots":{"index":"index","follow":"follow","max-snippet":"max-snippet:-1","max-image-preview":"max-image-preview:large","max-video-preview":"max-video-preview:-1"},"canonical":"https:\/\/cleverkids.ee\/et\/product\/razvivayushhij-nabor-nejrozaryadka-dl\/","og_locale":"et_EE","og_type":"article","og_title":"Arendav komplekt s\u00f5rmedele \"Neurolaadimine\" (vene keeles) -","og_description":"Arendav komplekt s\u00f5rmedele \"Neurolaadimine\" (vene keeles) - CLEVER KIDS","og_url":"https:\/\/cleverkids.ee\/et\/product\/razvivayushhij-nabor-nejrozaryadka-dl\/","og_site_name":"CLEVER KIDS","article_publisher":"https:\/\/www.facebook.com\/cleverkids.ee\/","article_modified_time":"2024-10-09T18:13:32+00:00","og_image":[{"width":700,"height":700,"url":"https:\/\/cleverkids.ee\/wp-content\/uploads\/2024\/05\/700-24-5.jpg","type":"image\/jpeg"}],"twitter_card":"summary_large_image","schema":{"@context":"https:\/\/schema.org","@graph":[{"@type":"WebPage","@id":"https:\/\/cleverkids.ee\/et\/product\/razvivayushhij-nabor-nejrozaryadka-dl\/","url":"https:\/\/cleverkids.ee\/et\/product\/razvivayushhij-nabor-nejrozaryadka-dl\/","name":"Arendav komplekt s\u00f5rmedele \"Neurolaadimine\" (vene keeles) -","isPartOf":{"@id":"https:\/\/cleverkids.ee\/et\/#website"},"primaryImageOfPage":{"@id":"https:\/\/cleverkids.ee\/et\/product\/razvivayushhij-nabor-nejrozaryadka-dl\/#primaryimage"},"image":{"@id":"https:\/\/cleverkids.ee\/et\/product\/razvivayushhij-nabor-nejrozaryadka-dl\/#primaryimage"},"thumbnailUrl":"https:\/\/cleverkids.ee\/wp-content\/uploads\/2024\/05\/700-24-5.jpg","datePublished":"2024-04-16T04:25:16+00:00","dateModified":"2024-10-09T18:13:32+00:00","description":"Arendav komplekt s\u00f5rmedele \"Neurolaadimine\" (vene keeles) - CLEVER KIDS","breadcrumb":{"@id":"https:\/\/cleverkids.ee\/et\/product\/razvivayushhij-nabor-nejrozaryadka-dl\/#breadcrumb"},"inLanguage":"et","potentialAction":[{"@type":"ReadAction","target":["https:\/\/cleverkids.ee\/et\/product\/razvivayushhij-nabor-nejrozaryadka-dl\/"]}]},{"@type":"ImageObject","inLanguage":"et","@id":"https:\/\/cleverkids.ee\/et\/product\/razvivayushhij-nabor-nejrozaryadka-dl\/#primaryimage","url":"https:\/\/cleverkids.ee\/wp-content\/uploads\/2024\/05\/700-24-5.jpg","contentUrl":"https:\/\/cleverkids.ee\/wp-content\/uploads\/2024\/05\/700-24-5.jpg","width":700,"height":700},{"@type":"BreadcrumbList","@id":"https:\/\/cleverkids.ee\/et\/product\/razvivayushhij-nabor-nejrozaryadka-dl\/#breadcrumb","itemListElement":[{"@type":"ListItem","position":1,"name":"Esileht","item":"https:\/\/cleverkids.ee\/et\/"},{"@type":"ListItem","position":2,"name":"Tooted","item":"https:\/\/cleverkids.ee\/store\/"},{"@type":"ListItem","position":3,"name":"Arendav komplekt s\u00f5rmedele &#171;Neurolaadimine&#187; (vene keeles)"}]},{"@type":"WebSite","@id":"https:\/\/cleverkids.ee\/et\/#website","url":"https:\/\/cleverkids.ee\/et\/","name":"CLEVER KIDS","description":"","publisher":{"@id":"https:\/\/cleverkids.ee\/et\/#organization"},"potentialAction":[{"@type":"SearchAction","target":{"@type":"EntryPoint","urlTemplate":"https:\/\/cleverkids.ee\/et\/?s={search_term_string}"},"query-input":{"@type":"PropertyValueSpecification","valueRequired":true,"valueName":"search_term_string"}}],"inLanguage":"et"},{"@type":"Organization","@id":"https:\/\/cleverkids.ee\/et\/#organization","name":"CLEVER KIDS","url":"https:\/\/cleverkids.ee\/et\/","logo":{"@type":"ImageObject","inLanguage":"et","@id":"https:\/\/cleverkids.ee\/et\/#\/schema\/logo\/image\/","url":"https:\/\/cleverkids.ee\/wp-content\/uploads\/2024\/02\/image0-1024x1024.png","contentUrl":"https:\/\/cleverkids.ee\/wp-content\/uploads\/2024\/02\/image0-1024x1024.png","width":1024,"height":1024,"caption":"CLEVER KIDS"},"image":{"@id":"https:\/\/cleverkids.ee\/et\/#\/schema\/logo\/image\/"},"sameAs":["https:\/\/www.facebook.com\/cleverkids.ee\/","https:\/\/www.instagram.com\/cleverkids_ee\/"]}]}},"_links":{"self":[{"href":"https:\/\/cleverkids.ee\/et\/wp-json\/wp\/v2\/product\/46780","targetHints":{"allow":["GET"]}}],"collection":[{"href":"https:\/\/cleverkids.ee\/et\/wp-json\/wp\/v2\/product"}],"about":[{"href":"https:\/\/cleverkids.ee\/et\/wp-json\/wp\/v2\/types\/product"}],"wp:featuredmedia":[{"embeddable":true,"href":"https:\/\/cleverkids.ee\/et\/wp-json\/wp\/v2\/media\/70188"}],"wp:attachment":[{"href":"https:\/\/cleverkids.ee\/et\/wp-json\/wp\/v2\/media?parent=46780"}],"wp:term":[{"taxonomy":"product_brand","embeddable":true,"href":"https:\/\/cleverkids.ee\/et\/wp-json\/wp\/v2\/product_brand?post=46780"},{"taxonomy":"product_cat","embeddable":true,"href":"https:\/\/cleverkids.ee\/et\/wp-json\/wp\/v2\/product_cat?post=46780"},{"taxonomy":"product_tag","embeddable":true,"href":"https:\/\/cleverkids.ee\/et\/wp-json\/wp\/v2\/product_tag?post=46780"}],"curies":[{"name":"wp","href":"https:\/\/api.w.org\/{rel}","templated":true}]}}