{"id":46785,"date":"2024-04-16T07:25:16","date_gmt":"2024-04-16T04:25:16","guid":{"rendered":"https:\/\/cleverkids.dev2.sdhost.eu\/product\/%d0%bd%d0%b0%d0%b1%d0%be%d1%80-%d1%84%d0%b8%d0%b3%d1%83%d1%80%d0%be%d0%ba-%d1%81-%d1%80%d0%b0%d0%b7%d0%b2%d0%b8%d0%b2%d0%b0%d1%8e%d1%89%d0%b8%d0%bc%d0%b8-%d0%ba%d0%b0%d1%80%d1%82%d0%be%d1%87%d0%ba\/"},"modified":"2024-10-23T11:05:26","modified_gmt":"2024-10-23T08:05:26","slug":"figuuride-komplekt-koos-arendavate-kaartidega-puuviljad-marjad-koogiviljad","status":"publish","type":"product","link":"https:\/\/cleverkids.ee\/et\/product\/figuuride-komplekt-koos-arendavate-kaartidega-puuviljad-marjad-koogiviljad\/","title":{"rendered":"Figuuride komplekt koos arendavate kaartidega &#8220;Puuviljad, marjad, k\u00f6\u00f6giviljad&#8221;."},"content":{"rendered":"<p>Selle komplekti abil tutvub laps puuviljade, k\u00f6\u00f6giviljade ja marjadega. Ta \u00f5pib, kus ja kuidas need kasvavad, ning suudab need \u00e4ra tunda varju ja fragmentide j\u00e4rgi.<\/p>\n<p>Kuidas m\u00e4ngida?<\/p>\n<p>Tutvustage lapsele k\u00f5iki komplektis olevaid tooteid, \u00f6elge nende nimed, kirjeldage v\u00e4rvi, v\u00e4limust ja maitset.<\/p>\n<p>Las laps v\u00f5tab kaardi k\u00e4tte ja t\u00e4idab \u00fclesande. N\u00e4iteks v\u00f5ib ta paigutada puuviljad ja k\u00f6\u00f6giviljad sinna, kus need kasvavad, v\u00f5i jagada tooted taldrikutesse vastavalt v\u00e4rvile.<\/p>\n<p>Viljakujukesed on valmistatud ohutust materjalist \u2013 plastist. Kaardid on kartongist.<\/p>\n<p>&nbsp;<\/p>\n","protected":false},"excerpt":{"rendered":"<p>Selle komplekti abil tutvub laps puuviljade, k\u00f6\u00f6giviljade ja marjadega. Ta \u00f5pib, kus ja kuidas need kasvavad, ning suudab need \u00e4ra tunda varju ja fragmentide j\u00e4rgi. Kuidas m\u00e4ngida? Tutvustage lapsele k\u00f5iki komplektis olevaid tooteid, \u00f6elge nende nimed, kirjeldage v\u00e4rvi, v\u00e4limust ja maitset. Las laps v\u00f5tab kaardi k\u00e4tte ja t\u00e4idab \u00fclesande. N\u00e4iteks v\u00f5ib ta paigutada puuviljad ja [&hellip;]<\/p>\n","protected":false},"featured_media":70164,"template":"","meta":{"_monsterinsights_skip_tracking":false,"_monsterinsights_sitenote_active":false,"_monsterinsights_sitenote_note":"","_monsterinsights_sitenote_category":0},"product_brand":[],"product_cat":[50,56,58],"product_tag":[],"class_list":{"0":"post-46785","1":"product","2":"type-product","3":"status-publish","4":"has-post-thumbnail","6":"product_cat-arendavad-manguasjad","7":"product_cat-kone-areng","8":"product_cat-unkategorized","9":"pa_vozrast-ot-polutora-do-treh-let-et","10":"pa_vozrast-ot-3-do-5-let-et","12":"first","13":"instock","14":"shipping-taxable","15":"purchasable","16":"product-type-simple"},"yoast_head":"<!-- This site is optimized with the Yoast SEO plugin v25.0 - https:\/\/yoast.com\/wordpress\/plugins\/seo\/ -->\n<title>Figuuride komplekt koos arendavate kaartidega &quot;Puuviljad, marjad, k\u00f6\u00f6giviljad&quot;. -<\/title>\n<meta name=\"description\" content=\"Figuuride komplekt koos arendavate kaartidega &quot;Puuviljad, marjad, k\u00f6\u00f6giviljad&quot;. - CLEVER KIDS\" \/>\n<meta name=\"robots\" content=\"index, follow, max-snippet:-1, max-image-preview:large, max-video-preview:-1\" \/>\n<link rel=\"canonical\" href=\"https:\/\/cleverkids.ee\/et\/product\/figuuride-komplekt-koos-arendavate-kaartidega-puuviljad-marjad-koogiviljad\/\" \/>\n<meta property=\"og:locale\" content=\"et_EE\" \/>\n<meta property=\"og:type\" content=\"article\" \/>\n<meta property=\"og:title\" content=\"Figuuride komplekt koos arendavate kaartidega &quot;Puuviljad, marjad, k\u00f6\u00f6giviljad&quot;. -\" \/>\n<meta property=\"og:description\" content=\"Figuuride komplekt koos arendavate kaartidega &quot;Puuviljad, marjad, k\u00f6\u00f6giviljad&quot;. - CLEVER KIDS\" \/>\n<meta property=\"og:url\" content=\"https:\/\/cleverkids.ee\/et\/product\/figuuride-komplekt-koos-arendavate-kaartidega-puuviljad-marjad-koogiviljad\/\" \/>\n<meta property=\"og:site_name\" content=\"CLEVER KIDS\" \/>\n<meta property=\"article:publisher\" content=\"https:\/\/www.facebook.com\/cleverkids.ee\/\" \/>\n<meta property=\"article:modified_time\" content=\"2024-10-23T08:05:26+00:00\" \/>\n<meta property=\"og:image\" content=\"https:\/\/cleverkids.ee\/wp-content\/uploads\/2024\/05\/700-25-5.jpg\" \/>\n\t<meta property=\"og:image:width\" content=\"700\" \/>\n\t<meta property=\"og:image:height\" content=\"700\" \/>\n\t<meta property=\"og:image:type\" content=\"image\/jpeg\" \/>\n<meta name=\"twitter:card\" content=\"summary_large_image\" \/>\n<meta name=\"twitter:label1\" content=\"Est. reading time\" \/>\n\t<meta name=\"twitter:data1\" content=\"1 minut\" \/>\n<script type=\"application\/ld+json\" class=\"yoast-schema-graph\">{\"@context\":\"https:\/\/schema.org\",\"@graph\":[{\"@type\":\"WebPage\",\"@id\":\"https:\/\/cleverkids.ee\/et\/product\/figuuride-komplekt-koos-arendavate-kaartidega-puuviljad-marjad-koogiviljad\/\",\"url\":\"https:\/\/cleverkids.ee\/et\/product\/figuuride-komplekt-koos-arendavate-kaartidega-puuviljad-marjad-koogiviljad\/\",\"name\":\"Figuuride komplekt koos arendavate kaartidega \\\"Puuviljad, marjad, k\u00f6\u00f6giviljad\\\". -\",\"isPartOf\":{\"@id\":\"https:\/\/cleverkids.ee\/et\/#website\"},\"primaryImageOfPage\":{\"@id\":\"https:\/\/cleverkids.ee\/et\/product\/figuuride-komplekt-koos-arendavate-kaartidega-puuviljad-marjad-koogiviljad\/#primaryimage\"},\"image\":{\"@id\":\"https:\/\/cleverkids.ee\/et\/product\/figuuride-komplekt-koos-arendavate-kaartidega-puuviljad-marjad-koogiviljad\/#primaryimage\"},\"thumbnailUrl\":\"https:\/\/cleverkids.ee\/wp-content\/uploads\/2024\/05\/700-25-5.jpg\",\"datePublished\":\"2024-04-16T04:25:16+00:00\",\"dateModified\":\"2024-10-23T08:05:26+00:00\",\"description\":\"Figuuride komplekt koos arendavate kaartidega \\\"Puuviljad, marjad, k\u00f6\u00f6giviljad\\\". - CLEVER KIDS\",\"breadcrumb\":{\"@id\":\"https:\/\/cleverkids.ee\/et\/product\/figuuride-komplekt-koos-arendavate-kaartidega-puuviljad-marjad-koogiviljad\/#breadcrumb\"},\"inLanguage\":\"et\",\"potentialAction\":[{\"@type\":\"ReadAction\",\"target\":[\"https:\/\/cleverkids.ee\/et\/product\/figuuride-komplekt-koos-arendavate-kaartidega-puuviljad-marjad-koogiviljad\/\"]}]},{\"@type\":\"ImageObject\",\"inLanguage\":\"et\",\"@id\":\"https:\/\/cleverkids.ee\/et\/product\/figuuride-komplekt-koos-arendavate-kaartidega-puuviljad-marjad-koogiviljad\/#primaryimage\",\"url\":\"https:\/\/cleverkids.ee\/wp-content\/uploads\/2024\/05\/700-25-5.jpg\",\"contentUrl\":\"https:\/\/cleverkids.ee\/wp-content\/uploads\/2024\/05\/700-25-5.jpg\",\"width\":700,\"height\":700},{\"@type\":\"BreadcrumbList\",\"@id\":\"https:\/\/cleverkids.ee\/et\/product\/figuuride-komplekt-koos-arendavate-kaartidega-puuviljad-marjad-koogiviljad\/#breadcrumb\",\"itemListElement\":[{\"@type\":\"ListItem\",\"position\":1,\"name\":\"Esileht\",\"item\":\"https:\/\/cleverkids.ee\/et\/\"},{\"@type\":\"ListItem\",\"position\":2,\"name\":\"Tooted\",\"item\":\"https:\/\/cleverkids.ee\/store\/\"},{\"@type\":\"ListItem\",\"position\":3,\"name\":\"Figuuride komplekt koos arendavate kaartidega &#171;Puuviljad, marjad, k\u00f6\u00f6giviljad&#187;.\"}]},{\"@type\":\"WebSite\",\"@id\":\"https:\/\/cleverkids.ee\/et\/#website\",\"url\":\"https:\/\/cleverkids.ee\/et\/\",\"name\":\"CLEVER KIDS\",\"description\":\"\",\"publisher\":{\"@id\":\"https:\/\/cleverkids.ee\/et\/#organization\"},\"potentialAction\":[{\"@type\":\"SearchAction\",\"target\":{\"@type\":\"EntryPoint\",\"urlTemplate\":\"https:\/\/cleverkids.ee\/et\/?s={search_term_string}\"},\"query-input\":{\"@type\":\"PropertyValueSpecification\",\"valueRequired\":true,\"valueName\":\"search_term_string\"}}],\"inLanguage\":\"et\"},{\"@type\":\"Organization\",\"@id\":\"https:\/\/cleverkids.ee\/et\/#organization\",\"name\":\"CLEVER KIDS\",\"url\":\"https:\/\/cleverkids.ee\/et\/\",\"logo\":{\"@type\":\"ImageObject\",\"inLanguage\":\"et\",\"@id\":\"https:\/\/cleverkids.ee\/et\/#\/schema\/logo\/image\/\",\"url\":\"https:\/\/cleverkids.ee\/wp-content\/uploads\/2024\/02\/image0-1024x1024.png\",\"contentUrl\":\"https:\/\/cleverkids.ee\/wp-content\/uploads\/2024\/02\/image0-1024x1024.png\",\"width\":1024,\"height\":1024,\"caption\":\"CLEVER KIDS\"},\"image\":{\"@id\":\"https:\/\/cleverkids.ee\/et\/#\/schema\/logo\/image\/\"},\"sameAs\":[\"https:\/\/www.facebook.com\/cleverkids.ee\/\",\"https:\/\/www.instagram.com\/cleverkids_ee\/\"]}]}<\/script>\n<!-- \/ Yoast SEO plugin. -->","yoast_head_json":{"title":"Figuuride komplekt koos arendavate kaartidega \"Puuviljad, marjad, k\u00f6\u00f6giviljad\". -","description":"Figuuride komplekt koos arendavate kaartidega \"Puuviljad, marjad, k\u00f6\u00f6giviljad\". - CLEVER KIDS","robots":{"index":"index","follow":"follow","max-snippet":"max-snippet:-1","max-image-preview":"max-image-preview:large","max-video-preview":"max-video-preview:-1"},"canonical":"https:\/\/cleverkids.ee\/et\/product\/figuuride-komplekt-koos-arendavate-kaartidega-puuviljad-marjad-koogiviljad\/","og_locale":"et_EE","og_type":"article","og_title":"Figuuride komplekt koos arendavate kaartidega \"Puuviljad, marjad, k\u00f6\u00f6giviljad\". -","og_description":"Figuuride komplekt koos arendavate kaartidega \"Puuviljad, marjad, k\u00f6\u00f6giviljad\". - CLEVER KIDS","og_url":"https:\/\/cleverkids.ee\/et\/product\/figuuride-komplekt-koos-arendavate-kaartidega-puuviljad-marjad-koogiviljad\/","og_site_name":"CLEVER KIDS","article_publisher":"https:\/\/www.facebook.com\/cleverkids.ee\/","article_modified_time":"2024-10-23T08:05:26+00:00","og_image":[{"width":700,"height":700,"url":"https:\/\/cleverkids.ee\/wp-content\/uploads\/2024\/05\/700-25-5.jpg","type":"image\/jpeg"}],"twitter_card":"summary_large_image","twitter_misc":{"Est. reading time":"1 minut"},"schema":{"@context":"https:\/\/schema.org","@graph":[{"@type":"WebPage","@id":"https:\/\/cleverkids.ee\/et\/product\/figuuride-komplekt-koos-arendavate-kaartidega-puuviljad-marjad-koogiviljad\/","url":"https:\/\/cleverkids.ee\/et\/product\/figuuride-komplekt-koos-arendavate-kaartidega-puuviljad-marjad-koogiviljad\/","name":"Figuuride komplekt koos arendavate kaartidega \"Puuviljad, marjad, k\u00f6\u00f6giviljad\". -","isPartOf":{"@id":"https:\/\/cleverkids.ee\/et\/#website"},"primaryImageOfPage":{"@id":"https:\/\/cleverkids.ee\/et\/product\/figuuride-komplekt-koos-arendavate-kaartidega-puuviljad-marjad-koogiviljad\/#primaryimage"},"image":{"@id":"https:\/\/cleverkids.ee\/et\/product\/figuuride-komplekt-koos-arendavate-kaartidega-puuviljad-marjad-koogiviljad\/#primaryimage"},"thumbnailUrl":"https:\/\/cleverkids.ee\/wp-content\/uploads\/2024\/05\/700-25-5.jpg","datePublished":"2024-04-16T04:25:16+00:00","dateModified":"2024-10-23T08:05:26+00:00","description":"Figuuride komplekt koos arendavate kaartidega \"Puuviljad, marjad, k\u00f6\u00f6giviljad\". - CLEVER KIDS","breadcrumb":{"@id":"https:\/\/cleverkids.ee\/et\/product\/figuuride-komplekt-koos-arendavate-kaartidega-puuviljad-marjad-koogiviljad\/#breadcrumb"},"inLanguage":"et","potentialAction":[{"@type":"ReadAction","target":["https:\/\/cleverkids.ee\/et\/product\/figuuride-komplekt-koos-arendavate-kaartidega-puuviljad-marjad-koogiviljad\/"]}]},{"@type":"ImageObject","inLanguage":"et","@id":"https:\/\/cleverkids.ee\/et\/product\/figuuride-komplekt-koos-arendavate-kaartidega-puuviljad-marjad-koogiviljad\/#primaryimage","url":"https:\/\/cleverkids.ee\/wp-content\/uploads\/2024\/05\/700-25-5.jpg","contentUrl":"https:\/\/cleverkids.ee\/wp-content\/uploads\/2024\/05\/700-25-5.jpg","width":700,"height":700},{"@type":"BreadcrumbList","@id":"https:\/\/cleverkids.ee\/et\/product\/figuuride-komplekt-koos-arendavate-kaartidega-puuviljad-marjad-koogiviljad\/#breadcrumb","itemListElement":[{"@type":"ListItem","position":1,"name":"Esileht","item":"https:\/\/cleverkids.ee\/et\/"},{"@type":"ListItem","position":2,"name":"Tooted","item":"https:\/\/cleverkids.ee\/store\/"},{"@type":"ListItem","position":3,"name":"Figuuride komplekt koos arendavate kaartidega &#171;Puuviljad, marjad, k\u00f6\u00f6giviljad&#187;."}]},{"@type":"WebSite","@id":"https:\/\/cleverkids.ee\/et\/#website","url":"https:\/\/cleverkids.ee\/et\/","name":"CLEVER KIDS","description":"","publisher":{"@id":"https:\/\/cleverkids.ee\/et\/#organization"},"potentialAction":[{"@type":"SearchAction","target":{"@type":"EntryPoint","urlTemplate":"https:\/\/cleverkids.ee\/et\/?s={search_term_string}"},"query-input":{"@type":"PropertyValueSpecification","valueRequired":true,"valueName":"search_term_string"}}],"inLanguage":"et"},{"@type":"Organization","@id":"https:\/\/cleverkids.ee\/et\/#organization","name":"CLEVER KIDS","url":"https:\/\/cleverkids.ee\/et\/","logo":{"@type":"ImageObject","inLanguage":"et","@id":"https:\/\/cleverkids.ee\/et\/#\/schema\/logo\/image\/","url":"https:\/\/cleverkids.ee\/wp-content\/uploads\/2024\/02\/image0-1024x1024.png","contentUrl":"https:\/\/cleverkids.ee\/wp-content\/uploads\/2024\/02\/image0-1024x1024.png","width":1024,"height":1024,"caption":"CLEVER KIDS"},"image":{"@id":"https:\/\/cleverkids.ee\/et\/#\/schema\/logo\/image\/"},"sameAs":["https:\/\/www.facebook.com\/cleverkids.ee\/","https:\/\/www.instagram.com\/cleverkids_ee\/"]}]}},"_links":{"self":[{"href":"https:\/\/cleverkids.ee\/et\/wp-json\/wp\/v2\/product\/46785","targetHints":{"allow":["GET"]}}],"collection":[{"href":"https:\/\/cleverkids.ee\/et\/wp-json\/wp\/v2\/product"}],"about":[{"href":"https:\/\/cleverkids.ee\/et\/wp-json\/wp\/v2\/types\/product"}],"wp:featuredmedia":[{"embeddable":true,"href":"https:\/\/cleverkids.ee\/et\/wp-json\/wp\/v2\/media\/70164"}],"wp:attachment":[{"href":"https:\/\/cleverkids.ee\/et\/wp-json\/wp\/v2\/media?parent=46785"}],"wp:term":[{"taxonomy":"product_brand","embeddable":true,"href":"https:\/\/cleverkids.ee\/et\/wp-json\/wp\/v2\/product_brand?post=46785"},{"taxonomy":"product_cat","embeddable":true,"href":"https:\/\/cleverkids.ee\/et\/wp-json\/wp\/v2\/product_cat?post=46785"},{"taxonomy":"product_tag","embeddable":true,"href":"https:\/\/cleverkids.ee\/et\/wp-json\/wp\/v2\/product_tag?post=46785"}],"curies":[{"name":"wp","href":"https:\/\/api.w.org\/{rel}","templated":true}]}}