{"id":46792,"date":"2024-04-16T07:25:16","date_gmt":"2024-04-16T04:25:16","guid":{"rendered":"https:\/\/cleverkids.dev2.sdhost.eu\/product\/%d0%bd%d0%b0%d0%b1%d0%be%d1%80-%d0%ba%d0%bd%d0%b8%d0%b6%d0%b5%d0%ba-%d0%bf%d0%be-%d1%80%d0%b0%d0%b7%d0%b2%d0%b8%d1%82%d0%b8%d1%8e-%d1%80%d0%b5%d1%87%d0%b8-%d1%83%d1%87%d0%b8%d0%bc%d1%81%d1%8f\/"},"modified":"2024-06-23T17:59:42","modified_gmt":"2024-06-23T14:59:42","slug":"nabor-knizhek-po-razvitiyu-rechi-uchimsya","status":"publish","type":"product","link":"https:\/\/cleverkids.ee\/et\/product\/nabor-knizhek-po-razvitiyu-rechi-uchimsya\/","title":{"rendered":"Raamatute komplekt k\u00f5ne arendamiseks &#8220;R\u00e4\u00e4kimise \u00f5ppimine&#8221; 8 tk. 20 lk. (vene keeles)"},"content":{"rendered":"<p>Raamatute komplektiga harjutab laps \u00f5igesti isegi k\u00f5ige keerulisemate helide h\u00e4\u00e4ldamist. Harjutage oma lapsega regulaarselt ja tulemused ei tule kaua.<\/p>\n<p>Komplektis on 8 raamatut erinevatest teemadest:<\/p>\n<p>\u00ab\u041f\u043e\u0434\u0440\u0430\u0436\u0430\u043b\u043a\u0438\u00bb,<\/p>\n<p>\u00ab\u0411\u043e\u0440\u043c\u043e\u0442\u0430\u043b\u043a\u0438\u00bb,<\/p>\n<p>\u00ab\u041f\u043e\u0432\u0442\u043e\u0440\u044f\u043b\u043a\u0438\u00bb,<\/p>\n<p>\u00ab\u0418\u0437\u043e\u0431\u0440\u0430\u0436\u0430\u043b\u043a\u0438\u00bb,<\/p>\n<p>\u00ab\u042d\u043c\u043e\u0446\u0438\u0438 \u0438 \u0441\u043e\u0441\u0442\u043e\u044f\u043d\u0438\u044f\u00bb,<\/p>\n<p>\u00ab\u0427\u0438\u0441\u0442\u043e\u0433\u043e\u0432\u043e\u0440\u043a\u0438\u00bb,<\/p>\n<p>\u00ab\u0413\u043e\u0432\u043e\u0440\u0438\u043b\u043a\u0438\u00bb,<\/p>\n<p>\u00ab\u0410\u0440\u0442\u0438\u043a\u0443\u043b\u044f\u0446\u0438\u043e\u043d\u043d\u044b\u0435 \u0438\u0433\u0440\u044b\u00bb.<\/p>\n<p>Selleks, et klassid oleksid produktiivsed, viige need l\u00e4bi, kui teie ja laps on heas tujus ja olete valmis \u00fchiseks loovuseks.<\/p>\n<p>Sobib \u00fcle 1-aastastele lastele.<\/p>\n","protected":false},"excerpt":{"rendered":"<p>Raamatute komplektiga harjutab laps \u00f5igesti isegi k\u00f5ige keerulisemate helide h\u00e4\u00e4ldamist. Harjutage oma lapsega regulaarselt ja tulemused ei tule kaua. Komplektis on 8 raamatut erinevatest teemadest: \u00ab\u041f\u043e\u0434\u0440\u0430\u0436\u0430\u043b\u043a\u0438\u00bb, \u00ab\u0411\u043e\u0440\u043c\u043e\u0442\u0430\u043b\u043a\u0438\u00bb, \u00ab\u041f\u043e\u0432\u0442\u043e\u0440\u044f\u043b\u043a\u0438\u00bb, \u00ab\u0418\u0437\u043e\u0431\u0440\u0430\u0436\u0430\u043b\u043a\u0438\u00bb, \u00ab\u042d\u043c\u043e\u0446\u0438\u0438 \u0438 \u0441\u043e\u0441\u0442\u043e\u044f\u043d\u0438\u044f\u00bb, \u00ab\u0427\u0438\u0441\u0442\u043e\u0433\u043e\u0432\u043e\u0440\u043a\u0438\u00bb, \u00ab\u0413\u043e\u0432\u043e\u0440\u0438\u043b\u043a\u0438\u00bb, \u00ab\u0410\u0440\u0442\u0438\u043a\u0443\u043b\u044f\u0446\u0438\u043e\u043d\u043d\u044b\u0435 \u0438\u0433\u0440\u044b\u00bb. Selleks, et klassid oleksid produktiivsed, viige need l\u00e4bi, kui teie ja laps on heas tujus ja olete valmis \u00fchiseks [&hellip;]<\/p>\n","protected":false},"featured_media":70119,"template":"","meta":{"_monsterinsights_skip_tracking":false,"_monsterinsights_sitenote_active":false,"_monsterinsights_sitenote_note":"","_monsterinsights_sitenote_category":0},"product_brand":[],"product_cat":[51,56,58],"product_tag":[],"class_list":{"0":"post-46792","1":"product","2":"type-product","3":"status-publish","4":"has-post-thumbnail","6":"product_cat-arendavad-vihikud-vene-keeles","7":"product_cat-kone-areng","8":"product_cat-unkategorized","9":"pa_vozrast-ot-polutora-do-treh-let-et","11":"first","12":"instock","13":"shipping-taxable","14":"purchasable","15":"product-type-simple"},"yoast_head":"<!-- This site is optimized with the Yoast SEO plugin v25.0 - https:\/\/yoast.com\/wordpress\/plugins\/seo\/ -->\n<title>Raamatute komplekt k\u00f5ne arendamiseks &quot;R\u00e4\u00e4kimise \u00f5ppimine&quot; 8 tk. 20 lk. (vene keeles) -<\/title>\n<meta name=\"description\" content=\"Raamatute komplekt k\u00f5ne arendamiseks &quot;R\u00e4\u00e4kimise \u00f5ppimine&quot; 8 tk. 20 lk. (vene keeles) - CLEVER KIDS\" \/>\n<meta name=\"robots\" content=\"index, follow, max-snippet:-1, max-image-preview:large, max-video-preview:-1\" \/>\n<link rel=\"canonical\" href=\"https:\/\/cleverkids.ee\/et\/product\/nabor-knizhek-po-razvitiyu-rechi-uchimsya\/\" \/>\n<meta property=\"og:locale\" content=\"et_EE\" \/>\n<meta property=\"og:type\" content=\"article\" \/>\n<meta property=\"og:title\" content=\"Raamatute komplekt k\u00f5ne arendamiseks &quot;R\u00e4\u00e4kimise \u00f5ppimine&quot; 8 tk. 20 lk. (vene keeles) -\" \/>\n<meta property=\"og:description\" content=\"Raamatute komplekt k\u00f5ne arendamiseks &quot;R\u00e4\u00e4kimise \u00f5ppimine&quot; 8 tk. 20 lk. (vene keeles) - CLEVER KIDS\" \/>\n<meta property=\"og:url\" content=\"https:\/\/cleverkids.ee\/et\/product\/nabor-knizhek-po-razvitiyu-rechi-uchimsya\/\" \/>\n<meta property=\"og:site_name\" content=\"CLEVER KIDS\" \/>\n<meta property=\"article:publisher\" content=\"https:\/\/www.facebook.com\/cleverkids.ee\/\" \/>\n<meta property=\"article:modified_time\" content=\"2024-06-23T14:59:42+00:00\" \/>\n<meta property=\"og:image\" content=\"https:\/\/cleverkids.ee\/wp-content\/uploads\/2024\/05\/700-26-5.jpg\" \/>\n\t<meta property=\"og:image:width\" content=\"700\" \/>\n\t<meta property=\"og:image:height\" content=\"700\" \/>\n\t<meta property=\"og:image:type\" content=\"image\/jpeg\" \/>\n<meta name=\"twitter:card\" content=\"summary_large_image\" \/>\n<script type=\"application\/ld+json\" class=\"yoast-schema-graph\">{\"@context\":\"https:\/\/schema.org\",\"@graph\":[{\"@type\":\"WebPage\",\"@id\":\"https:\/\/cleverkids.ee\/et\/product\/nabor-knizhek-po-razvitiyu-rechi-uchimsya\/\",\"url\":\"https:\/\/cleverkids.ee\/et\/product\/nabor-knizhek-po-razvitiyu-rechi-uchimsya\/\",\"name\":\"Raamatute komplekt k\u00f5ne arendamiseks \\\"R\u00e4\u00e4kimise \u00f5ppimine\\\" 8 tk. 20 lk. (vene keeles) -\",\"isPartOf\":{\"@id\":\"https:\/\/cleverkids.ee\/et\/#website\"},\"primaryImageOfPage\":{\"@id\":\"https:\/\/cleverkids.ee\/et\/product\/nabor-knizhek-po-razvitiyu-rechi-uchimsya\/#primaryimage\"},\"image\":{\"@id\":\"https:\/\/cleverkids.ee\/et\/product\/nabor-knizhek-po-razvitiyu-rechi-uchimsya\/#primaryimage\"},\"thumbnailUrl\":\"https:\/\/cleverkids.ee\/wp-content\/uploads\/2024\/05\/700-26-5.jpg\",\"datePublished\":\"2024-04-16T04:25:16+00:00\",\"dateModified\":\"2024-06-23T14:59:42+00:00\",\"description\":\"Raamatute komplekt k\u00f5ne arendamiseks \\\"R\u00e4\u00e4kimise \u00f5ppimine\\\" 8 tk. 20 lk. (vene keeles) - CLEVER KIDS\",\"breadcrumb\":{\"@id\":\"https:\/\/cleverkids.ee\/et\/product\/nabor-knizhek-po-razvitiyu-rechi-uchimsya\/#breadcrumb\"},\"inLanguage\":\"et\",\"potentialAction\":[{\"@type\":\"ReadAction\",\"target\":[\"https:\/\/cleverkids.ee\/et\/product\/nabor-knizhek-po-razvitiyu-rechi-uchimsya\/\"]}]},{\"@type\":\"ImageObject\",\"inLanguage\":\"et\",\"@id\":\"https:\/\/cleverkids.ee\/et\/product\/nabor-knizhek-po-razvitiyu-rechi-uchimsya\/#primaryimage\",\"url\":\"https:\/\/cleverkids.ee\/wp-content\/uploads\/2024\/05\/700-26-5.jpg\",\"contentUrl\":\"https:\/\/cleverkids.ee\/wp-content\/uploads\/2024\/05\/700-26-5.jpg\",\"width\":700,\"height\":700},{\"@type\":\"BreadcrumbList\",\"@id\":\"https:\/\/cleverkids.ee\/et\/product\/nabor-knizhek-po-razvitiyu-rechi-uchimsya\/#breadcrumb\",\"itemListElement\":[{\"@type\":\"ListItem\",\"position\":1,\"name\":\"Esileht\",\"item\":\"https:\/\/cleverkids.ee\/et\/\"},{\"@type\":\"ListItem\",\"position\":2,\"name\":\"Tooted\",\"item\":\"https:\/\/cleverkids.ee\/store\/\"},{\"@type\":\"ListItem\",\"position\":3,\"name\":\"Raamatute komplekt k\u00f5ne arendamiseks &#171;R\u00e4\u00e4kimise \u00f5ppimine&#187; 8 tk. 20 lk. (vene keeles)\"}]},{\"@type\":\"WebSite\",\"@id\":\"https:\/\/cleverkids.ee\/et\/#website\",\"url\":\"https:\/\/cleverkids.ee\/et\/\",\"name\":\"CLEVER KIDS\",\"description\":\"\",\"publisher\":{\"@id\":\"https:\/\/cleverkids.ee\/et\/#organization\"},\"potentialAction\":[{\"@type\":\"SearchAction\",\"target\":{\"@type\":\"EntryPoint\",\"urlTemplate\":\"https:\/\/cleverkids.ee\/et\/?s={search_term_string}\"},\"query-input\":{\"@type\":\"PropertyValueSpecification\",\"valueRequired\":true,\"valueName\":\"search_term_string\"}}],\"inLanguage\":\"et\"},{\"@type\":\"Organization\",\"@id\":\"https:\/\/cleverkids.ee\/et\/#organization\",\"name\":\"CLEVER KIDS\",\"url\":\"https:\/\/cleverkids.ee\/et\/\",\"logo\":{\"@type\":\"ImageObject\",\"inLanguage\":\"et\",\"@id\":\"https:\/\/cleverkids.ee\/et\/#\/schema\/logo\/image\/\",\"url\":\"https:\/\/cleverkids.ee\/wp-content\/uploads\/2024\/02\/image0-1024x1024.png\",\"contentUrl\":\"https:\/\/cleverkids.ee\/wp-content\/uploads\/2024\/02\/image0-1024x1024.png\",\"width\":1024,\"height\":1024,\"caption\":\"CLEVER KIDS\"},\"image\":{\"@id\":\"https:\/\/cleverkids.ee\/et\/#\/schema\/logo\/image\/\"},\"sameAs\":[\"https:\/\/www.facebook.com\/cleverkids.ee\/\",\"https:\/\/www.instagram.com\/cleverkids_ee\/\"]}]}<\/script>\n<!-- \/ Yoast SEO plugin. -->","yoast_head_json":{"title":"Raamatute komplekt k\u00f5ne arendamiseks \"R\u00e4\u00e4kimise \u00f5ppimine\" 8 tk. 20 lk. (vene keeles) -","description":"Raamatute komplekt k\u00f5ne arendamiseks \"R\u00e4\u00e4kimise \u00f5ppimine\" 8 tk. 20 lk. (vene keeles) - CLEVER KIDS","robots":{"index":"index","follow":"follow","max-snippet":"max-snippet:-1","max-image-preview":"max-image-preview:large","max-video-preview":"max-video-preview:-1"},"canonical":"https:\/\/cleverkids.ee\/et\/product\/nabor-knizhek-po-razvitiyu-rechi-uchimsya\/","og_locale":"et_EE","og_type":"article","og_title":"Raamatute komplekt k\u00f5ne arendamiseks \"R\u00e4\u00e4kimise \u00f5ppimine\" 8 tk. 20 lk. (vene keeles) -","og_description":"Raamatute komplekt k\u00f5ne arendamiseks \"R\u00e4\u00e4kimise \u00f5ppimine\" 8 tk. 20 lk. (vene keeles) - CLEVER KIDS","og_url":"https:\/\/cleverkids.ee\/et\/product\/nabor-knizhek-po-razvitiyu-rechi-uchimsya\/","og_site_name":"CLEVER KIDS","article_publisher":"https:\/\/www.facebook.com\/cleverkids.ee\/","article_modified_time":"2024-06-23T14:59:42+00:00","og_image":[{"width":700,"height":700,"url":"https:\/\/cleverkids.ee\/wp-content\/uploads\/2024\/05\/700-26-5.jpg","type":"image\/jpeg"}],"twitter_card":"summary_large_image","schema":{"@context":"https:\/\/schema.org","@graph":[{"@type":"WebPage","@id":"https:\/\/cleverkids.ee\/et\/product\/nabor-knizhek-po-razvitiyu-rechi-uchimsya\/","url":"https:\/\/cleverkids.ee\/et\/product\/nabor-knizhek-po-razvitiyu-rechi-uchimsya\/","name":"Raamatute komplekt k\u00f5ne arendamiseks \"R\u00e4\u00e4kimise \u00f5ppimine\" 8 tk. 20 lk. (vene keeles) -","isPartOf":{"@id":"https:\/\/cleverkids.ee\/et\/#website"},"primaryImageOfPage":{"@id":"https:\/\/cleverkids.ee\/et\/product\/nabor-knizhek-po-razvitiyu-rechi-uchimsya\/#primaryimage"},"image":{"@id":"https:\/\/cleverkids.ee\/et\/product\/nabor-knizhek-po-razvitiyu-rechi-uchimsya\/#primaryimage"},"thumbnailUrl":"https:\/\/cleverkids.ee\/wp-content\/uploads\/2024\/05\/700-26-5.jpg","datePublished":"2024-04-16T04:25:16+00:00","dateModified":"2024-06-23T14:59:42+00:00","description":"Raamatute komplekt k\u00f5ne arendamiseks \"R\u00e4\u00e4kimise \u00f5ppimine\" 8 tk. 20 lk. (vene keeles) - CLEVER KIDS","breadcrumb":{"@id":"https:\/\/cleverkids.ee\/et\/product\/nabor-knizhek-po-razvitiyu-rechi-uchimsya\/#breadcrumb"},"inLanguage":"et","potentialAction":[{"@type":"ReadAction","target":["https:\/\/cleverkids.ee\/et\/product\/nabor-knizhek-po-razvitiyu-rechi-uchimsya\/"]}]},{"@type":"ImageObject","inLanguage":"et","@id":"https:\/\/cleverkids.ee\/et\/product\/nabor-knizhek-po-razvitiyu-rechi-uchimsya\/#primaryimage","url":"https:\/\/cleverkids.ee\/wp-content\/uploads\/2024\/05\/700-26-5.jpg","contentUrl":"https:\/\/cleverkids.ee\/wp-content\/uploads\/2024\/05\/700-26-5.jpg","width":700,"height":700},{"@type":"BreadcrumbList","@id":"https:\/\/cleverkids.ee\/et\/product\/nabor-knizhek-po-razvitiyu-rechi-uchimsya\/#breadcrumb","itemListElement":[{"@type":"ListItem","position":1,"name":"Esileht","item":"https:\/\/cleverkids.ee\/et\/"},{"@type":"ListItem","position":2,"name":"Tooted","item":"https:\/\/cleverkids.ee\/store\/"},{"@type":"ListItem","position":3,"name":"Raamatute komplekt k\u00f5ne arendamiseks &#171;R\u00e4\u00e4kimise \u00f5ppimine&#187; 8 tk. 20 lk. (vene keeles)"}]},{"@type":"WebSite","@id":"https:\/\/cleverkids.ee\/et\/#website","url":"https:\/\/cleverkids.ee\/et\/","name":"CLEVER KIDS","description":"","publisher":{"@id":"https:\/\/cleverkids.ee\/et\/#organization"},"potentialAction":[{"@type":"SearchAction","target":{"@type":"EntryPoint","urlTemplate":"https:\/\/cleverkids.ee\/et\/?s={search_term_string}"},"query-input":{"@type":"PropertyValueSpecification","valueRequired":true,"valueName":"search_term_string"}}],"inLanguage":"et"},{"@type":"Organization","@id":"https:\/\/cleverkids.ee\/et\/#organization","name":"CLEVER KIDS","url":"https:\/\/cleverkids.ee\/et\/","logo":{"@type":"ImageObject","inLanguage":"et","@id":"https:\/\/cleverkids.ee\/et\/#\/schema\/logo\/image\/","url":"https:\/\/cleverkids.ee\/wp-content\/uploads\/2024\/02\/image0-1024x1024.png","contentUrl":"https:\/\/cleverkids.ee\/wp-content\/uploads\/2024\/02\/image0-1024x1024.png","width":1024,"height":1024,"caption":"CLEVER KIDS"},"image":{"@id":"https:\/\/cleverkids.ee\/et\/#\/schema\/logo\/image\/"},"sameAs":["https:\/\/www.facebook.com\/cleverkids.ee\/","https:\/\/www.instagram.com\/cleverkids_ee\/"]}]}},"_links":{"self":[{"href":"https:\/\/cleverkids.ee\/et\/wp-json\/wp\/v2\/product\/46792","targetHints":{"allow":["GET"]}}],"collection":[{"href":"https:\/\/cleverkids.ee\/et\/wp-json\/wp\/v2\/product"}],"about":[{"href":"https:\/\/cleverkids.ee\/et\/wp-json\/wp\/v2\/types\/product"}],"wp:featuredmedia":[{"embeddable":true,"href":"https:\/\/cleverkids.ee\/et\/wp-json\/wp\/v2\/media\/70119"}],"wp:attachment":[{"href":"https:\/\/cleverkids.ee\/et\/wp-json\/wp\/v2\/media?parent=46792"}],"wp:term":[{"taxonomy":"product_brand","embeddable":true,"href":"https:\/\/cleverkids.ee\/et\/wp-json\/wp\/v2\/product_brand?post=46792"},{"taxonomy":"product_cat","embeddable":true,"href":"https:\/\/cleverkids.ee\/et\/wp-json\/wp\/v2\/product_cat?post=46792"},{"taxonomy":"product_tag","embeddable":true,"href":"https:\/\/cleverkids.ee\/et\/wp-json\/wp\/v2\/product_tag?post=46792"}],"curies":[{"name":"wp","href":"https:\/\/api.w.org\/{rel}","templated":true}]}}