{"id":46802,"date":"2024-04-16T07:25:16","date_gmt":"2024-04-16T04:25:16","guid":{"rendered":"https:\/\/cleverkids.dev2.sdhost.eu\/product\/%d0%bf%d0%b0%d0%b7%d0%bb-%d0%b4%d0%b5%d1%82%d1%81%d0%ba%d0%b8%d0%b9-%d0%b2%d0%b5%d1%81%d1%91%d0%bb%d1%8b%d0%b9-%d1%82%d1%80%d0%b0%d0%bd%d1%81%d0%bf%d0%be%d1%80%d1%82-54-%d1%8d%d0%bb%d0%b5\/"},"modified":"2024-06-23T17:59:42","modified_gmt":"2024-06-23T14:59:42","slug":"pazl-detskij-vesyolyj-transport-54-ele","status":"publish","type":"product","link":"https:\/\/cleverkids.ee\/et\/product\/pazl-detskij-vesyolyj-transport-54-ele\/","title":{"rendered":"Pusle &#8220;Transport&#8221; 54 elementi"},"content":{"rendered":"<p>M\u00e4ngides m\u00f5istatusi aitab arendada sihikindlust, peenmotoorikat k\u00e4ed, ja \u00f5petab ka leida seost osa ja terviku.<\/p>\n<p>S\u00e4rav pilt r\u00f5\u00f5mustab ja meelitab lapse t\u00e4helepanu pikka aega ning aitab kaasa v\u00e4rvi ja visuaalse taju, t\u00e4helepanelikkuse ja loogilise m\u00f5tlemise arengule.<\/p>\n<p>Olles kogunud k\u00f5ik detailid \u00fchte, saate v\u00e4rvilise pildi, mille m\u00f5\u00f5tmed on 17,5 \u00d7 13 cm, ja p\u00e4rast seda saate m\u00f5istatused uuesti kompaktsesse kasti panna.<\/p>\n","protected":false},"excerpt":{"rendered":"<p>M\u00e4ngides m\u00f5istatusi aitab arendada sihikindlust, peenmotoorikat k\u00e4ed, ja \u00f5petab ka leida seost osa ja terviku. S\u00e4rav pilt r\u00f5\u00f5mustab ja meelitab lapse t\u00e4helepanu pikka aega ning aitab kaasa v\u00e4rvi ja visuaalse taju, t\u00e4helepanelikkuse ja loogilise m\u00f5tlemise arengule. Olles kogunud k\u00f5ik detailid \u00fchte, saate v\u00e4rvilise pildi, mille m\u00f5\u00f5tmed on 17,5 \u00d7 13 cm, ja p\u00e4rast seda saate [&hellip;]<\/p>\n","protected":false},"featured_media":70104,"template":"","meta":{"_monsterinsights_skip_tracking":false,"_monsterinsights_sitenote_active":false,"_monsterinsights_sitenote_note":"","_monsterinsights_sitenote_category":0},"product_brand":[],"product_cat":[50,58],"product_tag":[],"class_list":{"0":"post-46802","1":"product","2":"type-product","3":"status-publish","4":"has-post-thumbnail","6":"product_cat-arendavad-manguasjad","7":"product_cat-unkategorized","8":"pa_vozrast-ot-5-let-et","10":"first","11":"instock","12":"shipping-taxable","13":"purchasable","14":"product-type-simple"},"yoast_head":"<!-- This site is optimized with the Yoast SEO plugin v25.0 - https:\/\/yoast.com\/wordpress\/plugins\/seo\/ -->\n<title>Pusle &quot;Transport&quot; 54 elementi -<\/title>\n<meta name=\"description\" content=\"Pusle &quot;Transport&quot; 54 elementi - CLEVER KIDS\" \/>\n<meta name=\"robots\" content=\"index, follow, max-snippet:-1, max-image-preview:large, max-video-preview:-1\" \/>\n<link rel=\"canonical\" href=\"https:\/\/cleverkids.ee\/et\/product\/pazl-detskij-vesyolyj-transport-54-ele\/\" \/>\n<meta property=\"og:locale\" content=\"et_EE\" \/>\n<meta property=\"og:type\" content=\"article\" \/>\n<meta property=\"og:title\" content=\"Pusle &quot;Transport&quot; 54 elementi -\" \/>\n<meta property=\"og:description\" content=\"Pusle &quot;Transport&quot; 54 elementi - CLEVER KIDS\" \/>\n<meta property=\"og:url\" content=\"https:\/\/cleverkids.ee\/et\/product\/pazl-detskij-vesyolyj-transport-54-ele\/\" \/>\n<meta property=\"og:site_name\" content=\"CLEVER KIDS\" \/>\n<meta property=\"article:publisher\" content=\"https:\/\/www.facebook.com\/cleverkids.ee\/\" \/>\n<meta property=\"article:modified_time\" content=\"2024-06-23T14:59:42+00:00\" \/>\n<meta property=\"og:image\" content=\"https:\/\/cleverkids.ee\/wp-content\/uploads\/2024\/05\/700-2-24.jpg\" \/>\n\t<meta property=\"og:image:width\" content=\"700\" \/>\n\t<meta property=\"og:image:height\" content=\"700\" \/>\n\t<meta property=\"og:image:type\" content=\"image\/jpeg\" \/>\n<meta name=\"twitter:card\" content=\"summary_large_image\" \/>\n<script type=\"application\/ld+json\" class=\"yoast-schema-graph\">{\"@context\":\"https:\/\/schema.org\",\"@graph\":[{\"@type\":\"WebPage\",\"@id\":\"https:\/\/cleverkids.ee\/et\/product\/pazl-detskij-vesyolyj-transport-54-ele\/\",\"url\":\"https:\/\/cleverkids.ee\/et\/product\/pazl-detskij-vesyolyj-transport-54-ele\/\",\"name\":\"Pusle \\\"Transport\\\" 54 elementi -\",\"isPartOf\":{\"@id\":\"https:\/\/cleverkids.ee\/et\/#website\"},\"primaryImageOfPage\":{\"@id\":\"https:\/\/cleverkids.ee\/et\/product\/pazl-detskij-vesyolyj-transport-54-ele\/#primaryimage\"},\"image\":{\"@id\":\"https:\/\/cleverkids.ee\/et\/product\/pazl-detskij-vesyolyj-transport-54-ele\/#primaryimage\"},\"thumbnailUrl\":\"https:\/\/cleverkids.ee\/wp-content\/uploads\/2024\/05\/700-2-24-2.jpg\",\"datePublished\":\"2024-04-16T04:25:16+00:00\",\"dateModified\":\"2024-06-23T14:59:42+00:00\",\"description\":\"Pusle \\\"Transport\\\" 54 elementi - CLEVER KIDS\",\"breadcrumb\":{\"@id\":\"https:\/\/cleverkids.ee\/et\/product\/pazl-detskij-vesyolyj-transport-54-ele\/#breadcrumb\"},\"inLanguage\":\"et\",\"potentialAction\":[{\"@type\":\"ReadAction\",\"target\":[\"https:\/\/cleverkids.ee\/et\/product\/pazl-detskij-vesyolyj-transport-54-ele\/\"]}]},{\"@type\":\"ImageObject\",\"inLanguage\":\"et\",\"@id\":\"https:\/\/cleverkids.ee\/et\/product\/pazl-detskij-vesyolyj-transport-54-ele\/#primaryimage\",\"url\":\"https:\/\/cleverkids.ee\/wp-content\/uploads\/2024\/05\/700-2-24-2.jpg\",\"contentUrl\":\"https:\/\/cleverkids.ee\/wp-content\/uploads\/2024\/05\/700-2-24-2.jpg\",\"width\":700,\"height\":700},{\"@type\":\"BreadcrumbList\",\"@id\":\"https:\/\/cleverkids.ee\/et\/product\/pazl-detskij-vesyolyj-transport-54-ele\/#breadcrumb\",\"itemListElement\":[{\"@type\":\"ListItem\",\"position\":1,\"name\":\"Esileht\",\"item\":\"https:\/\/cleverkids.ee\/et\/\"},{\"@type\":\"ListItem\",\"position\":2,\"name\":\"Tooted\",\"item\":\"https:\/\/cleverkids.ee\/store\/\"},{\"@type\":\"ListItem\",\"position\":3,\"name\":\"Pusle &#171;Transport&#187; 54 elementi\"}]},{\"@type\":\"WebSite\",\"@id\":\"https:\/\/cleverkids.ee\/et\/#website\",\"url\":\"https:\/\/cleverkids.ee\/et\/\",\"name\":\"CLEVER KIDS\",\"description\":\"\",\"publisher\":{\"@id\":\"https:\/\/cleverkids.ee\/et\/#organization\"},\"potentialAction\":[{\"@type\":\"SearchAction\",\"target\":{\"@type\":\"EntryPoint\",\"urlTemplate\":\"https:\/\/cleverkids.ee\/et\/?s={search_term_string}\"},\"query-input\":{\"@type\":\"PropertyValueSpecification\",\"valueRequired\":true,\"valueName\":\"search_term_string\"}}],\"inLanguage\":\"et\"},{\"@type\":\"Organization\",\"@id\":\"https:\/\/cleverkids.ee\/et\/#organization\",\"name\":\"CLEVER KIDS\",\"url\":\"https:\/\/cleverkids.ee\/et\/\",\"logo\":{\"@type\":\"ImageObject\",\"inLanguage\":\"et\",\"@id\":\"https:\/\/cleverkids.ee\/et\/#\/schema\/logo\/image\/\",\"url\":\"https:\/\/cleverkids.ee\/wp-content\/uploads\/2024\/02\/image0-1024x1024.png\",\"contentUrl\":\"https:\/\/cleverkids.ee\/wp-content\/uploads\/2024\/02\/image0-1024x1024.png\",\"width\":1024,\"height\":1024,\"caption\":\"CLEVER KIDS\"},\"image\":{\"@id\":\"https:\/\/cleverkids.ee\/et\/#\/schema\/logo\/image\/\"},\"sameAs\":[\"https:\/\/www.facebook.com\/cleverkids.ee\/\",\"https:\/\/www.instagram.com\/cleverkids_ee\/\"]}]}<\/script>\n<!-- \/ Yoast SEO plugin. -->","yoast_head_json":{"title":"Pusle \"Transport\" 54 elementi -","description":"Pusle \"Transport\" 54 elementi - CLEVER KIDS","robots":{"index":"index","follow":"follow","max-snippet":"max-snippet:-1","max-image-preview":"max-image-preview:large","max-video-preview":"max-video-preview:-1"},"canonical":"https:\/\/cleverkids.ee\/et\/product\/pazl-detskij-vesyolyj-transport-54-ele\/","og_locale":"et_EE","og_type":"article","og_title":"Pusle \"Transport\" 54 elementi -","og_description":"Pusle \"Transport\" 54 elementi - CLEVER KIDS","og_url":"https:\/\/cleverkids.ee\/et\/product\/pazl-detskij-vesyolyj-transport-54-ele\/","og_site_name":"CLEVER KIDS","article_publisher":"https:\/\/www.facebook.com\/cleverkids.ee\/","article_modified_time":"2024-06-23T14:59:42+00:00","og_image":[{"width":700,"height":700,"url":"https:\/\/cleverkids.ee\/wp-content\/uploads\/2024\/05\/700-2-24.jpg","type":"image\/jpeg"}],"twitter_card":"summary_large_image","schema":{"@context":"https:\/\/schema.org","@graph":[{"@type":"WebPage","@id":"https:\/\/cleverkids.ee\/et\/product\/pazl-detskij-vesyolyj-transport-54-ele\/","url":"https:\/\/cleverkids.ee\/et\/product\/pazl-detskij-vesyolyj-transport-54-ele\/","name":"Pusle \"Transport\" 54 elementi -","isPartOf":{"@id":"https:\/\/cleverkids.ee\/et\/#website"},"primaryImageOfPage":{"@id":"https:\/\/cleverkids.ee\/et\/product\/pazl-detskij-vesyolyj-transport-54-ele\/#primaryimage"},"image":{"@id":"https:\/\/cleverkids.ee\/et\/product\/pazl-detskij-vesyolyj-transport-54-ele\/#primaryimage"},"thumbnailUrl":"https:\/\/cleverkids.ee\/wp-content\/uploads\/2024\/05\/700-2-24-2.jpg","datePublished":"2024-04-16T04:25:16+00:00","dateModified":"2024-06-23T14:59:42+00:00","description":"Pusle \"Transport\" 54 elementi - CLEVER KIDS","breadcrumb":{"@id":"https:\/\/cleverkids.ee\/et\/product\/pazl-detskij-vesyolyj-transport-54-ele\/#breadcrumb"},"inLanguage":"et","potentialAction":[{"@type":"ReadAction","target":["https:\/\/cleverkids.ee\/et\/product\/pazl-detskij-vesyolyj-transport-54-ele\/"]}]},{"@type":"ImageObject","inLanguage":"et","@id":"https:\/\/cleverkids.ee\/et\/product\/pazl-detskij-vesyolyj-transport-54-ele\/#primaryimage","url":"https:\/\/cleverkids.ee\/wp-content\/uploads\/2024\/05\/700-2-24-2.jpg","contentUrl":"https:\/\/cleverkids.ee\/wp-content\/uploads\/2024\/05\/700-2-24-2.jpg","width":700,"height":700},{"@type":"BreadcrumbList","@id":"https:\/\/cleverkids.ee\/et\/product\/pazl-detskij-vesyolyj-transport-54-ele\/#breadcrumb","itemListElement":[{"@type":"ListItem","position":1,"name":"Esileht","item":"https:\/\/cleverkids.ee\/et\/"},{"@type":"ListItem","position":2,"name":"Tooted","item":"https:\/\/cleverkids.ee\/store\/"},{"@type":"ListItem","position":3,"name":"Pusle &#171;Transport&#187; 54 elementi"}]},{"@type":"WebSite","@id":"https:\/\/cleverkids.ee\/et\/#website","url":"https:\/\/cleverkids.ee\/et\/","name":"CLEVER KIDS","description":"","publisher":{"@id":"https:\/\/cleverkids.ee\/et\/#organization"},"potentialAction":[{"@type":"SearchAction","target":{"@type":"EntryPoint","urlTemplate":"https:\/\/cleverkids.ee\/et\/?s={search_term_string}"},"query-input":{"@type":"PropertyValueSpecification","valueRequired":true,"valueName":"search_term_string"}}],"inLanguage":"et"},{"@type":"Organization","@id":"https:\/\/cleverkids.ee\/et\/#organization","name":"CLEVER KIDS","url":"https:\/\/cleverkids.ee\/et\/","logo":{"@type":"ImageObject","inLanguage":"et","@id":"https:\/\/cleverkids.ee\/et\/#\/schema\/logo\/image\/","url":"https:\/\/cleverkids.ee\/wp-content\/uploads\/2024\/02\/image0-1024x1024.png","contentUrl":"https:\/\/cleverkids.ee\/wp-content\/uploads\/2024\/02\/image0-1024x1024.png","width":1024,"height":1024,"caption":"CLEVER KIDS"},"image":{"@id":"https:\/\/cleverkids.ee\/et\/#\/schema\/logo\/image\/"},"sameAs":["https:\/\/www.facebook.com\/cleverkids.ee\/","https:\/\/www.instagram.com\/cleverkids_ee\/"]}]}},"_links":{"self":[{"href":"https:\/\/cleverkids.ee\/et\/wp-json\/wp\/v2\/product\/46802","targetHints":{"allow":["GET"]}}],"collection":[{"href":"https:\/\/cleverkids.ee\/et\/wp-json\/wp\/v2\/product"}],"about":[{"href":"https:\/\/cleverkids.ee\/et\/wp-json\/wp\/v2\/types\/product"}],"wp:featuredmedia":[{"embeddable":true,"href":"https:\/\/cleverkids.ee\/et\/wp-json\/wp\/v2\/media\/70104"}],"wp:attachment":[{"href":"https:\/\/cleverkids.ee\/et\/wp-json\/wp\/v2\/media?parent=46802"}],"wp:term":[{"taxonomy":"product_brand","embeddable":true,"href":"https:\/\/cleverkids.ee\/et\/wp-json\/wp\/v2\/product_brand?post=46802"},{"taxonomy":"product_cat","embeddable":true,"href":"https:\/\/cleverkids.ee\/et\/wp-json\/wp\/v2\/product_cat?post=46802"},{"taxonomy":"product_tag","embeddable":true,"href":"https:\/\/cleverkids.ee\/et\/wp-json\/wp\/v2\/product_tag?post=46802"}],"curies":[{"name":"wp","href":"https:\/\/api.w.org\/{rel}","templated":true}]}}