{"id":48521,"date":"2024-04-16T07:25:09","date_gmt":"2024-04-16T04:25:09","guid":{"rendered":"https:\/\/cleverkids.dev2.sdhost.eu\/product\/%d1%80%d0%b0%d0%b7%d0%b2%d0%b8%d0%b2%d0%b0%d1%8e%d1%89%d0%b0%d1%8f-%d0%b8%d0%b3%d1%80%d1%83%d1%88%d0%ba%d0%b0-%d1%81%d0%be%d1%80%d1%82%d0%b5%d1%80-%d0%bb%d0%be%d0%b3%d0%b8%d1%87%d0%b5%d1%81%d0%ba\/"},"modified":"2024-06-23T17:59:41","modified_gmt":"2024-06-23T14:59:41","slug":"razvivayushhaya-igrushka-sorter-logichesk","status":"publish","type":"product","link":"https:\/\/cleverkids.ee\/et\/product\/razvivayushhaya-igrushka-sorter-logichesk\/","title":{"rendered":"Arendav sensoorne loogikakuubik"},"content":{"rendered":"<p>L\u00e4bim\u00f5eldud ergonoomika, kvaliteetsed materjalid ja t\u00e4ielik ohutus v\u00e4ikesele avastajale.<\/p>\n<p>Sorteerija, mille vastu tunnevad v\u00e4ikeste laste k\u00e4ed kohe huvi.<\/p>\n<p>Kuus erinevat v\u00e4rvi, erineva tekstuuriga ja erineva haarderaskusastmega kujukest. Kummist rihmadega takistus ergutab uudishimu ja lapsel on hea meel uudistada, katsetada ja \u00f5ppida. Kujukestega saab m\u00e4ngida ka ladumism\u00e4ngu.<\/p>\n<p>&#8211; stimuleerib peenmotoorikat, puutetundlikku uurimist, katsetamist.<\/p>\n<p>&#8211; kuubiku kummirihmadest l\u00e4bivad 6 ainulaadse tekstuuriga elementi.<\/p>\n<p>&#8211; kuubikusorteerija \u00fcks k\u00fclg 12 cm, tugevast kvaliteetsest plastkujukesed sorteerimiseks suurusega umbes 4,5\u00d74,5 cm<\/p>\n<p>\u0412\u043e\u0437\u0440\u0430\u0441\u0442: \u043e\u0442 8 \u043c\u0435\u0441\u044f\u0446\u0435\u0432 +<\/p>\n<p>Valmistatud 100% toiduohututest, fenoolivabadest materjalidest.<\/p>\n","protected":false},"excerpt":{"rendered":"<p>L\u00e4bim\u00f5eldud ergonoomika, kvaliteetsed materjalid ja t\u00e4ielik ohutus v\u00e4ikesele avastajale. Sorteerija, mille vastu tunnevad v\u00e4ikeste laste k\u00e4ed kohe huvi. Kuus erinevat v\u00e4rvi, erineva tekstuuriga ja erineva haarderaskusastmega kujukest. Kummist rihmadega takistus ergutab uudishimu ja lapsel on hea meel uudistada, katsetada ja \u00f5ppida. Kujukestega saab m\u00e4ngida ka ladumism\u00e4ngu. &#8211; stimuleerib peenmotoorikat, puutetundlikku uurimist, katsetamist. &#8211; kuubiku kummirihmadest [&hellip;]<\/p>\n","protected":false},"featured_media":70017,"template":"","meta":{"_monsterinsights_skip_tracking":false,"_monsterinsights_sitenote_active":false,"_monsterinsights_sitenote_note":"","_monsterinsights_sitenote_category":0},"product_brand":[],"product_cat":[50,58],"product_tag":[],"class_list":{"0":"post-48521","1":"product","2":"type-product","3":"status-publish","4":"has-post-thumbnail","6":"product_cat-arendavad-manguasjad","7":"product_cat-unkategorized","8":"pa_vozrast-ot-0-do-polutora-let-et","10":"first","11":"instock","12":"shipping-taxable","13":"purchasable","14":"product-type-simple"},"yoast_head":"<!-- This site is optimized with the Yoast SEO plugin v25.0 - https:\/\/yoast.com\/wordpress\/plugins\/seo\/ -->\n<title>Arendav sensoorne loogikakuubik -<\/title>\n<meta name=\"description\" content=\"Arendav sensoorne loogikakuubik - CLEVER KIDS\" \/>\n<meta name=\"robots\" content=\"index, follow, max-snippet:-1, max-image-preview:large, max-video-preview:-1\" \/>\n<link rel=\"canonical\" href=\"https:\/\/cleverkids.ee\/et\/product\/razvivayushhaya-igrushka-sorter-logichesk\/\" \/>\n<meta property=\"og:locale\" content=\"et_EE\" \/>\n<meta property=\"og:type\" content=\"article\" \/>\n<meta property=\"og:title\" content=\"Arendav sensoorne loogikakuubik -\" \/>\n<meta property=\"og:description\" content=\"Arendav sensoorne loogikakuubik - CLEVER KIDS\" \/>\n<meta property=\"og:url\" content=\"https:\/\/cleverkids.ee\/et\/product\/razvivayushhaya-igrushka-sorter-logichesk\/\" \/>\n<meta property=\"og:site_name\" content=\"CLEVER KIDS\" \/>\n<meta property=\"article:publisher\" content=\"https:\/\/www.facebook.com\/cleverkids.ee\/\" \/>\n<meta property=\"article:modified_time\" content=\"2024-06-23T14:59:41+00:00\" \/>\n<meta property=\"og:image\" content=\"https:\/\/cleverkids.ee\/wp-content\/uploads\/2024\/05\/H878ca4a0cde34c6087a5c10c304e30d2Z_960x960-1.jpg\" \/>\n\t<meta property=\"og:image:width\" content=\"795\" \/>\n\t<meta property=\"og:image:height\" content=\"697\" \/>\n\t<meta property=\"og:image:type\" content=\"image\/jpeg\" \/>\n<meta name=\"twitter:card\" content=\"summary_large_image\" \/>\n<script type=\"application\/ld+json\" class=\"yoast-schema-graph\">{\"@context\":\"https:\/\/schema.org\",\"@graph\":[{\"@type\":\"WebPage\",\"@id\":\"https:\/\/cleverkids.ee\/et\/product\/razvivayushhaya-igrushka-sorter-logichesk\/\",\"url\":\"https:\/\/cleverkids.ee\/et\/product\/razvivayushhaya-igrushka-sorter-logichesk\/\",\"name\":\"Arendav sensoorne loogikakuubik -\",\"isPartOf\":{\"@id\":\"https:\/\/cleverkids.ee\/et\/#website\"},\"primaryImageOfPage\":{\"@id\":\"https:\/\/cleverkids.ee\/et\/product\/razvivayushhaya-igrushka-sorter-logichesk\/#primaryimage\"},\"image\":{\"@id\":\"https:\/\/cleverkids.ee\/et\/product\/razvivayushhaya-igrushka-sorter-logichesk\/#primaryimage\"},\"thumbnailUrl\":\"https:\/\/cleverkids.ee\/wp-content\/uploads\/2024\/05\/H878ca4a0cde34c6087a5c10c304e30d2Z_960x960-1.jpg\",\"datePublished\":\"2024-04-16T04:25:09+00:00\",\"dateModified\":\"2024-06-23T14:59:41+00:00\",\"description\":\"Arendav sensoorne loogikakuubik - CLEVER KIDS\",\"breadcrumb\":{\"@id\":\"https:\/\/cleverkids.ee\/et\/product\/razvivayushhaya-igrushka-sorter-logichesk\/#breadcrumb\"},\"inLanguage\":\"et\",\"potentialAction\":[{\"@type\":\"ReadAction\",\"target\":[\"https:\/\/cleverkids.ee\/et\/product\/razvivayushhaya-igrushka-sorter-logichesk\/\"]}]},{\"@type\":\"ImageObject\",\"inLanguage\":\"et\",\"@id\":\"https:\/\/cleverkids.ee\/et\/product\/razvivayushhaya-igrushka-sorter-logichesk\/#primaryimage\",\"url\":\"https:\/\/cleverkids.ee\/wp-content\/uploads\/2024\/05\/H878ca4a0cde34c6087a5c10c304e30d2Z_960x960-1.jpg\",\"contentUrl\":\"https:\/\/cleverkids.ee\/wp-content\/uploads\/2024\/05\/H878ca4a0cde34c6087a5c10c304e30d2Z_960x960-1.jpg\",\"width\":795,\"height\":697},{\"@type\":\"BreadcrumbList\",\"@id\":\"https:\/\/cleverkids.ee\/et\/product\/razvivayushhaya-igrushka-sorter-logichesk\/#breadcrumb\",\"itemListElement\":[{\"@type\":\"ListItem\",\"position\":1,\"name\":\"Esileht\",\"item\":\"https:\/\/cleverkids.ee\/et\/\"},{\"@type\":\"ListItem\",\"position\":2,\"name\":\"Tooted\",\"item\":\"https:\/\/cleverkids.ee\/store\/\"},{\"@type\":\"ListItem\",\"position\":3,\"name\":\"Arendav sensoorne loogikakuubik\"}]},{\"@type\":\"WebSite\",\"@id\":\"https:\/\/cleverkids.ee\/et\/#website\",\"url\":\"https:\/\/cleverkids.ee\/et\/\",\"name\":\"CLEVER KIDS\",\"description\":\"\",\"publisher\":{\"@id\":\"https:\/\/cleverkids.ee\/et\/#organization\"},\"potentialAction\":[{\"@type\":\"SearchAction\",\"target\":{\"@type\":\"EntryPoint\",\"urlTemplate\":\"https:\/\/cleverkids.ee\/et\/?s={search_term_string}\"},\"query-input\":{\"@type\":\"PropertyValueSpecification\",\"valueRequired\":true,\"valueName\":\"search_term_string\"}}],\"inLanguage\":\"et\"},{\"@type\":\"Organization\",\"@id\":\"https:\/\/cleverkids.ee\/et\/#organization\",\"name\":\"CLEVER KIDS\",\"url\":\"https:\/\/cleverkids.ee\/et\/\",\"logo\":{\"@type\":\"ImageObject\",\"inLanguage\":\"et\",\"@id\":\"https:\/\/cleverkids.ee\/et\/#\/schema\/logo\/image\/\",\"url\":\"https:\/\/cleverkids.ee\/wp-content\/uploads\/2024\/02\/image0-1024x1024.png\",\"contentUrl\":\"https:\/\/cleverkids.ee\/wp-content\/uploads\/2024\/02\/image0-1024x1024.png\",\"width\":1024,\"height\":1024,\"caption\":\"CLEVER KIDS\"},\"image\":{\"@id\":\"https:\/\/cleverkids.ee\/et\/#\/schema\/logo\/image\/\"},\"sameAs\":[\"https:\/\/www.facebook.com\/cleverkids.ee\/\",\"https:\/\/www.instagram.com\/cleverkids_ee\/\"]}]}<\/script>\n<!-- \/ Yoast SEO plugin. -->","yoast_head_json":{"title":"Arendav sensoorne loogikakuubik -","description":"Arendav sensoorne loogikakuubik - CLEVER KIDS","robots":{"index":"index","follow":"follow","max-snippet":"max-snippet:-1","max-image-preview":"max-image-preview:large","max-video-preview":"max-video-preview:-1"},"canonical":"https:\/\/cleverkids.ee\/et\/product\/razvivayushhaya-igrushka-sorter-logichesk\/","og_locale":"et_EE","og_type":"article","og_title":"Arendav sensoorne loogikakuubik -","og_description":"Arendav sensoorne loogikakuubik - CLEVER KIDS","og_url":"https:\/\/cleverkids.ee\/et\/product\/razvivayushhaya-igrushka-sorter-logichesk\/","og_site_name":"CLEVER KIDS","article_publisher":"https:\/\/www.facebook.com\/cleverkids.ee\/","article_modified_time":"2024-06-23T14:59:41+00:00","og_image":[{"width":795,"height":697,"url":"https:\/\/cleverkids.ee\/wp-content\/uploads\/2024\/05\/H878ca4a0cde34c6087a5c10c304e30d2Z_960x960-1.jpg","type":"image\/jpeg"}],"twitter_card":"summary_large_image","schema":{"@context":"https:\/\/schema.org","@graph":[{"@type":"WebPage","@id":"https:\/\/cleverkids.ee\/et\/product\/razvivayushhaya-igrushka-sorter-logichesk\/","url":"https:\/\/cleverkids.ee\/et\/product\/razvivayushhaya-igrushka-sorter-logichesk\/","name":"Arendav sensoorne loogikakuubik -","isPartOf":{"@id":"https:\/\/cleverkids.ee\/et\/#website"},"primaryImageOfPage":{"@id":"https:\/\/cleverkids.ee\/et\/product\/razvivayushhaya-igrushka-sorter-logichesk\/#primaryimage"},"image":{"@id":"https:\/\/cleverkids.ee\/et\/product\/razvivayushhaya-igrushka-sorter-logichesk\/#primaryimage"},"thumbnailUrl":"https:\/\/cleverkids.ee\/wp-content\/uploads\/2024\/05\/H878ca4a0cde34c6087a5c10c304e30d2Z_960x960-1.jpg","datePublished":"2024-04-16T04:25:09+00:00","dateModified":"2024-06-23T14:59:41+00:00","description":"Arendav sensoorne loogikakuubik - CLEVER KIDS","breadcrumb":{"@id":"https:\/\/cleverkids.ee\/et\/product\/razvivayushhaya-igrushka-sorter-logichesk\/#breadcrumb"},"inLanguage":"et","potentialAction":[{"@type":"ReadAction","target":["https:\/\/cleverkids.ee\/et\/product\/razvivayushhaya-igrushka-sorter-logichesk\/"]}]},{"@type":"ImageObject","inLanguage":"et","@id":"https:\/\/cleverkids.ee\/et\/product\/razvivayushhaya-igrushka-sorter-logichesk\/#primaryimage","url":"https:\/\/cleverkids.ee\/wp-content\/uploads\/2024\/05\/H878ca4a0cde34c6087a5c10c304e30d2Z_960x960-1.jpg","contentUrl":"https:\/\/cleverkids.ee\/wp-content\/uploads\/2024\/05\/H878ca4a0cde34c6087a5c10c304e30d2Z_960x960-1.jpg","width":795,"height":697},{"@type":"BreadcrumbList","@id":"https:\/\/cleverkids.ee\/et\/product\/razvivayushhaya-igrushka-sorter-logichesk\/#breadcrumb","itemListElement":[{"@type":"ListItem","position":1,"name":"Esileht","item":"https:\/\/cleverkids.ee\/et\/"},{"@type":"ListItem","position":2,"name":"Tooted","item":"https:\/\/cleverkids.ee\/store\/"},{"@type":"ListItem","position":3,"name":"Arendav sensoorne loogikakuubik"}]},{"@type":"WebSite","@id":"https:\/\/cleverkids.ee\/et\/#website","url":"https:\/\/cleverkids.ee\/et\/","name":"CLEVER KIDS","description":"","publisher":{"@id":"https:\/\/cleverkids.ee\/et\/#organization"},"potentialAction":[{"@type":"SearchAction","target":{"@type":"EntryPoint","urlTemplate":"https:\/\/cleverkids.ee\/et\/?s={search_term_string}"},"query-input":{"@type":"PropertyValueSpecification","valueRequired":true,"valueName":"search_term_string"}}],"inLanguage":"et"},{"@type":"Organization","@id":"https:\/\/cleverkids.ee\/et\/#organization","name":"CLEVER KIDS","url":"https:\/\/cleverkids.ee\/et\/","logo":{"@type":"ImageObject","inLanguage":"et","@id":"https:\/\/cleverkids.ee\/et\/#\/schema\/logo\/image\/","url":"https:\/\/cleverkids.ee\/wp-content\/uploads\/2024\/02\/image0-1024x1024.png","contentUrl":"https:\/\/cleverkids.ee\/wp-content\/uploads\/2024\/02\/image0-1024x1024.png","width":1024,"height":1024,"caption":"CLEVER KIDS"},"image":{"@id":"https:\/\/cleverkids.ee\/et\/#\/schema\/logo\/image\/"},"sameAs":["https:\/\/www.facebook.com\/cleverkids.ee\/","https:\/\/www.instagram.com\/cleverkids_ee\/"]}]}},"_links":{"self":[{"href":"https:\/\/cleverkids.ee\/et\/wp-json\/wp\/v2\/product\/48521","targetHints":{"allow":["GET"]}}],"collection":[{"href":"https:\/\/cleverkids.ee\/et\/wp-json\/wp\/v2\/product"}],"about":[{"href":"https:\/\/cleverkids.ee\/et\/wp-json\/wp\/v2\/types\/product"}],"wp:featuredmedia":[{"embeddable":true,"href":"https:\/\/cleverkids.ee\/et\/wp-json\/wp\/v2\/media\/70017"}],"wp:attachment":[{"href":"https:\/\/cleverkids.ee\/et\/wp-json\/wp\/v2\/media?parent=48521"}],"wp:term":[{"taxonomy":"product_brand","embeddable":true,"href":"https:\/\/cleverkids.ee\/et\/wp-json\/wp\/v2\/product_brand?post=48521"},{"taxonomy":"product_cat","embeddable":true,"href":"https:\/\/cleverkids.ee\/et\/wp-json\/wp\/v2\/product_cat?post=48521"},{"taxonomy":"product_tag","embeddable":true,"href":"https:\/\/cleverkids.ee\/et\/wp-json\/wp\/v2\/product_tag?post=48521"}],"curies":[{"name":"wp","href":"https:\/\/api.w.org\/{rel}","templated":true}]}}