{"id":48528,"date":"2024-04-16T07:25:09","date_gmt":"2024-04-16T04:25:09","guid":{"rendered":"https:\/\/cleverkids.dev2.sdhost.eu\/product\/%d1%80%d0%b0%d0%b7%d0%b2%d0%b8%d0%b2%d0%b0%d1%8e%d1%89%d0%b0%d1%8f-%d0%b8%d0%b3%d1%80%d0%b0-%d0%b7%d0%b0%d1%81%d1%82%d0%b5%d0%bd%d1%87%d0%b8%d0%b2%d1%8b%d0%b9-%d0%ba%d1%80%d0%be%d0%bb%d0%b8\/"},"modified":"2024-06-26T21:31:10","modified_gmt":"2024-06-26T18:31:10","slug":"arendav-mang-kassipoja-seiklused","status":"publish","type":"product","link":"https:\/\/cleverkids.ee\/et\/product\/arendav-mang-kassipoja-seiklused\/","title":{"rendered":"Arendav m\u00e4ng &#8220;Kassipoja seiklused&#8221;"},"content":{"rendered":"<p>&#8220;Kassipoja seiklused&#8221; on puidust klotsidega 3D-pusle peitus v\u00e4ikelastele. Komplektis on kassipoeg, sinine karp ja 2 klotsi. Vali \u00fclesanne ja ole t\u00e4helepanelk. Kas kassipoeg vaatab v\u00e4lja ringist v\u00f5i t\u00e4hekesest? Kas tema seisab kollasel, punasel v\u00f5i sinisel alusel? M\u00f5ni \u00fclesanne v\u00f5ib n\u00e4ida v\u00e4ga sarnane aga lahendus v\u00f5ib olla t\u00e4iesti erinev, s\u00f5ltuvalt sellest kui palju paistavad kastist v\u00e4lja j\u00e4nku k\u00f5rvad. &#8220;Kassipoja seiklused on suurep\u00e4rane ja l\u00f5bus v\u00f5imalus loogika, probleemilahenduse ja ruumilise m\u00f5tlemise arendamiseks.<br \/>\nT\u00f5mba kassipoeg karbist v\u00e4lja!<br \/>\nVanus: alates 2 aastast.<\/p>\n<p>60 erineva raskusastmega \u00fclesannet.<\/p>\n","protected":false},"excerpt":{"rendered":"<p>&#8220;Kassipoja seiklused&#8221; on puidust klotsidega 3D-pusle peitus v\u00e4ikelastele. Komplektis on kassipoeg, sinine karp ja 2 klotsi. Vali \u00fclesanne ja ole t\u00e4helepanelk. Kas kassipoeg vaatab v\u00e4lja ringist v\u00f5i t\u00e4hekesest? Kas tema seisab kollasel, punasel v\u00f5i sinisel alusel? M\u00f5ni \u00fclesanne v\u00f5ib n\u00e4ida v\u00e4ga sarnane aga lahendus v\u00f5ib olla t\u00e4iesti erinev, s\u00f5ltuvalt sellest kui palju paistavad kastist v\u00e4lja [&hellip;]<\/p>\n","protected":false},"featured_media":73592,"template":"","meta":{"_monsterinsights_skip_tracking":false,"_monsterinsights_sitenote_active":false,"_monsterinsights_sitenote_note":"","_monsterinsights_sitenote_category":0},"product_brand":[],"product_cat":[49,58],"product_tag":[],"class_list":{"0":"post-48528","1":"product","2":"type-product","3":"status-publish","4":"has-post-thumbnail","6":"product_cat-puidust-arendavad-manguasjad","7":"product_cat-unkategorized","8":"pa_vozrast-ot-3-do-5-let-et","10":"first","11":"instock","12":"shipping-taxable","13":"purchasable","14":"product-type-simple"},"yoast_head":"<!-- This site is optimized with the Yoast SEO plugin v25.0 - https:\/\/yoast.com\/wordpress\/plugins\/seo\/ -->\n<title>Arendav m\u00e4ng &quot;Kassipoja seiklused&quot; -<\/title>\n<meta name=\"description\" content=\"Arendav m\u00e4ng &quot;Kassipoja seiklused&quot; - CLEVER KIDS\" \/>\n<meta name=\"robots\" content=\"index, follow, max-snippet:-1, max-image-preview:large, max-video-preview:-1\" \/>\n<link rel=\"canonical\" href=\"https:\/\/cleverkids.ee\/et\/product\/arendav-mang-kassipoja-seiklused\/\" \/>\n<meta property=\"og:locale\" content=\"et_EE\" \/>\n<meta property=\"og:type\" content=\"article\" \/>\n<meta property=\"og:title\" content=\"Arendav m\u00e4ng &quot;Kassipoja seiklused&quot; -\" \/>\n<meta property=\"og:description\" content=\"Arendav m\u00e4ng &quot;Kassipoja seiklused&quot; - CLEVER KIDS\" \/>\n<meta property=\"og:url\" content=\"https:\/\/cleverkids.ee\/et\/product\/arendav-mang-kassipoja-seiklused\/\" \/>\n<meta property=\"og:site_name\" content=\"CLEVER KIDS\" \/>\n<meta property=\"article:publisher\" content=\"https:\/\/www.facebook.com\/cleverkids.ee\/\" \/>\n<meta property=\"article:modified_time\" content=\"2024-06-26T18:31:10+00:00\" \/>\n<meta property=\"og:image\" content=\"https:\/\/cleverkids.ee\/wp-content\/uploads\/2024\/04\/9306218a03c8957e455ac08f5cc594be_5000x.jpg.webp\" \/>\n\t<meta property=\"og:image:width\" content=\"640\" \/>\n\t<meta property=\"og:image:height\" content=\"640\" \/>\n\t<meta property=\"og:image:type\" content=\"image\/webp\" \/>\n<meta name=\"twitter:card\" content=\"summary_large_image\" \/>\n<meta name=\"twitter:label1\" content=\"Est. reading time\" \/>\n\t<meta name=\"twitter:data1\" content=\"1 minut\" \/>\n<script type=\"application\/ld+json\" class=\"yoast-schema-graph\">{\"@context\":\"https:\/\/schema.org\",\"@graph\":[{\"@type\":\"WebPage\",\"@id\":\"https:\/\/cleverkids.ee\/et\/product\/arendav-mang-kassipoja-seiklused\/\",\"url\":\"https:\/\/cleverkids.ee\/et\/product\/arendav-mang-kassipoja-seiklused\/\",\"name\":\"Arendav m\u00e4ng \\\"Kassipoja seiklused\\\" -\",\"isPartOf\":{\"@id\":\"https:\/\/cleverkids.ee\/et\/#website\"},\"primaryImageOfPage\":{\"@id\":\"https:\/\/cleverkids.ee\/et\/product\/arendav-mang-kassipoja-seiklused\/#primaryimage\"},\"image\":{\"@id\":\"https:\/\/cleverkids.ee\/et\/product\/arendav-mang-kassipoja-seiklused\/#primaryimage\"},\"thumbnailUrl\":\"https:\/\/cleverkids.ee\/wp-content\/uploads\/2024\/04\/9306218a03c8957e455ac08f5cc594be_5000x.jpg.webp\",\"datePublished\":\"2024-04-16T04:25:09+00:00\",\"dateModified\":\"2024-06-26T18:31:10+00:00\",\"description\":\"Arendav m\u00e4ng \\\"Kassipoja seiklused\\\" - CLEVER KIDS\",\"breadcrumb\":{\"@id\":\"https:\/\/cleverkids.ee\/et\/product\/arendav-mang-kassipoja-seiklused\/#breadcrumb\"},\"inLanguage\":\"et\",\"potentialAction\":[{\"@type\":\"ReadAction\",\"target\":[\"https:\/\/cleverkids.ee\/et\/product\/arendav-mang-kassipoja-seiklused\/\"]}]},{\"@type\":\"ImageObject\",\"inLanguage\":\"et\",\"@id\":\"https:\/\/cleverkids.ee\/et\/product\/arendav-mang-kassipoja-seiklused\/#primaryimage\",\"url\":\"https:\/\/cleverkids.ee\/wp-content\/uploads\/2024\/04\/9306218a03c8957e455ac08f5cc594be_5000x.jpg.webp\",\"contentUrl\":\"https:\/\/cleverkids.ee\/wp-content\/uploads\/2024\/04\/9306218a03c8957e455ac08f5cc594be_5000x.jpg.webp\",\"width\":640,\"height\":640},{\"@type\":\"BreadcrumbList\",\"@id\":\"https:\/\/cleverkids.ee\/et\/product\/arendav-mang-kassipoja-seiklused\/#breadcrumb\",\"itemListElement\":[{\"@type\":\"ListItem\",\"position\":1,\"name\":\"Esileht\",\"item\":\"https:\/\/cleverkids.ee\/et\/\"},{\"@type\":\"ListItem\",\"position\":2,\"name\":\"Tooted\",\"item\":\"https:\/\/cleverkids.ee\/store\/\"},{\"@type\":\"ListItem\",\"position\":3,\"name\":\"Arendav m\u00e4ng &#171;Kassipoja seiklused&#187;\"}]},{\"@type\":\"WebSite\",\"@id\":\"https:\/\/cleverkids.ee\/et\/#website\",\"url\":\"https:\/\/cleverkids.ee\/et\/\",\"name\":\"CLEVER KIDS\",\"description\":\"\",\"publisher\":{\"@id\":\"https:\/\/cleverkids.ee\/et\/#organization\"},\"potentialAction\":[{\"@type\":\"SearchAction\",\"target\":{\"@type\":\"EntryPoint\",\"urlTemplate\":\"https:\/\/cleverkids.ee\/et\/?s={search_term_string}\"},\"query-input\":{\"@type\":\"PropertyValueSpecification\",\"valueRequired\":true,\"valueName\":\"search_term_string\"}}],\"inLanguage\":\"et\"},{\"@type\":\"Organization\",\"@id\":\"https:\/\/cleverkids.ee\/et\/#organization\",\"name\":\"CLEVER KIDS\",\"url\":\"https:\/\/cleverkids.ee\/et\/\",\"logo\":{\"@type\":\"ImageObject\",\"inLanguage\":\"et\",\"@id\":\"https:\/\/cleverkids.ee\/et\/#\/schema\/logo\/image\/\",\"url\":\"https:\/\/cleverkids.ee\/wp-content\/uploads\/2024\/02\/image0-1024x1024.png\",\"contentUrl\":\"https:\/\/cleverkids.ee\/wp-content\/uploads\/2024\/02\/image0-1024x1024.png\",\"width\":1024,\"height\":1024,\"caption\":\"CLEVER KIDS\"},\"image\":{\"@id\":\"https:\/\/cleverkids.ee\/et\/#\/schema\/logo\/image\/\"},\"sameAs\":[\"https:\/\/www.facebook.com\/cleverkids.ee\/\",\"https:\/\/www.instagram.com\/cleverkids_ee\/\"]}]}<\/script>\n<!-- \/ Yoast SEO plugin. -->","yoast_head_json":{"title":"Arendav m\u00e4ng \"Kassipoja seiklused\" -","description":"Arendav m\u00e4ng \"Kassipoja seiklused\" - CLEVER KIDS","robots":{"index":"index","follow":"follow","max-snippet":"max-snippet:-1","max-image-preview":"max-image-preview:large","max-video-preview":"max-video-preview:-1"},"canonical":"https:\/\/cleverkids.ee\/et\/product\/arendav-mang-kassipoja-seiklused\/","og_locale":"et_EE","og_type":"article","og_title":"Arendav m\u00e4ng \"Kassipoja seiklused\" -","og_description":"Arendav m\u00e4ng \"Kassipoja seiklused\" - CLEVER KIDS","og_url":"https:\/\/cleverkids.ee\/et\/product\/arendav-mang-kassipoja-seiklused\/","og_site_name":"CLEVER KIDS","article_publisher":"https:\/\/www.facebook.com\/cleverkids.ee\/","article_modified_time":"2024-06-26T18:31:10+00:00","og_image":[{"width":640,"height":640,"url":"https:\/\/cleverkids.ee\/wp-content\/uploads\/2024\/04\/9306218a03c8957e455ac08f5cc594be_5000x.jpg.webp","type":"image\/webp"}],"twitter_card":"summary_large_image","twitter_misc":{"Est. reading time":"1 minut"},"schema":{"@context":"https:\/\/schema.org","@graph":[{"@type":"WebPage","@id":"https:\/\/cleverkids.ee\/et\/product\/arendav-mang-kassipoja-seiklused\/","url":"https:\/\/cleverkids.ee\/et\/product\/arendav-mang-kassipoja-seiklused\/","name":"Arendav m\u00e4ng \"Kassipoja seiklused\" -","isPartOf":{"@id":"https:\/\/cleverkids.ee\/et\/#website"},"primaryImageOfPage":{"@id":"https:\/\/cleverkids.ee\/et\/product\/arendav-mang-kassipoja-seiklused\/#primaryimage"},"image":{"@id":"https:\/\/cleverkids.ee\/et\/product\/arendav-mang-kassipoja-seiklused\/#primaryimage"},"thumbnailUrl":"https:\/\/cleverkids.ee\/wp-content\/uploads\/2024\/04\/9306218a03c8957e455ac08f5cc594be_5000x.jpg.webp","datePublished":"2024-04-16T04:25:09+00:00","dateModified":"2024-06-26T18:31:10+00:00","description":"Arendav m\u00e4ng \"Kassipoja seiklused\" - CLEVER KIDS","breadcrumb":{"@id":"https:\/\/cleverkids.ee\/et\/product\/arendav-mang-kassipoja-seiklused\/#breadcrumb"},"inLanguage":"et","potentialAction":[{"@type":"ReadAction","target":["https:\/\/cleverkids.ee\/et\/product\/arendav-mang-kassipoja-seiklused\/"]}]},{"@type":"ImageObject","inLanguage":"et","@id":"https:\/\/cleverkids.ee\/et\/product\/arendav-mang-kassipoja-seiklused\/#primaryimage","url":"https:\/\/cleverkids.ee\/wp-content\/uploads\/2024\/04\/9306218a03c8957e455ac08f5cc594be_5000x.jpg.webp","contentUrl":"https:\/\/cleverkids.ee\/wp-content\/uploads\/2024\/04\/9306218a03c8957e455ac08f5cc594be_5000x.jpg.webp","width":640,"height":640},{"@type":"BreadcrumbList","@id":"https:\/\/cleverkids.ee\/et\/product\/arendav-mang-kassipoja-seiklused\/#breadcrumb","itemListElement":[{"@type":"ListItem","position":1,"name":"Esileht","item":"https:\/\/cleverkids.ee\/et\/"},{"@type":"ListItem","position":2,"name":"Tooted","item":"https:\/\/cleverkids.ee\/store\/"},{"@type":"ListItem","position":3,"name":"Arendav m\u00e4ng &#171;Kassipoja seiklused&#187;"}]},{"@type":"WebSite","@id":"https:\/\/cleverkids.ee\/et\/#website","url":"https:\/\/cleverkids.ee\/et\/","name":"CLEVER KIDS","description":"","publisher":{"@id":"https:\/\/cleverkids.ee\/et\/#organization"},"potentialAction":[{"@type":"SearchAction","target":{"@type":"EntryPoint","urlTemplate":"https:\/\/cleverkids.ee\/et\/?s={search_term_string}"},"query-input":{"@type":"PropertyValueSpecification","valueRequired":true,"valueName":"search_term_string"}}],"inLanguage":"et"},{"@type":"Organization","@id":"https:\/\/cleverkids.ee\/et\/#organization","name":"CLEVER KIDS","url":"https:\/\/cleverkids.ee\/et\/","logo":{"@type":"ImageObject","inLanguage":"et","@id":"https:\/\/cleverkids.ee\/et\/#\/schema\/logo\/image\/","url":"https:\/\/cleverkids.ee\/wp-content\/uploads\/2024\/02\/image0-1024x1024.png","contentUrl":"https:\/\/cleverkids.ee\/wp-content\/uploads\/2024\/02\/image0-1024x1024.png","width":1024,"height":1024,"caption":"CLEVER KIDS"},"image":{"@id":"https:\/\/cleverkids.ee\/et\/#\/schema\/logo\/image\/"},"sameAs":["https:\/\/www.facebook.com\/cleverkids.ee\/","https:\/\/www.instagram.com\/cleverkids_ee\/"]}]}},"_links":{"self":[{"href":"https:\/\/cleverkids.ee\/et\/wp-json\/wp\/v2\/product\/48528","targetHints":{"allow":["GET"]}}],"collection":[{"href":"https:\/\/cleverkids.ee\/et\/wp-json\/wp\/v2\/product"}],"about":[{"href":"https:\/\/cleverkids.ee\/et\/wp-json\/wp\/v2\/types\/product"}],"wp:featuredmedia":[{"embeddable":true,"href":"https:\/\/cleverkids.ee\/et\/wp-json\/wp\/v2\/media\/73592"}],"wp:attachment":[{"href":"https:\/\/cleverkids.ee\/et\/wp-json\/wp\/v2\/media?parent=48528"}],"wp:term":[{"taxonomy":"product_brand","embeddable":true,"href":"https:\/\/cleverkids.ee\/et\/wp-json\/wp\/v2\/product_brand?post=48528"},{"taxonomy":"product_cat","embeddable":true,"href":"https:\/\/cleverkids.ee\/et\/wp-json\/wp\/v2\/product_cat?post=48528"},{"taxonomy":"product_tag","embeddable":true,"href":"https:\/\/cleverkids.ee\/et\/wp-json\/wp\/v2\/product_tag?post=48528"}],"curies":[{"name":"wp","href":"https:\/\/api.w.org\/{rel}","templated":true}]}}