{"id":48554,"date":"2024-04-16T07:25:09","date_gmt":"2024-04-16T04:25:09","guid":{"rendered":"https:\/\/cleverkids.dev2.sdhost.eu\/product\/%d1%80%d0%b0%d0%b7%d0%b2%d0%b8%d0%b2%d0%b0%d1%8e%d1%89%d0%b0%d1%8f-%d0%b8%d0%b3%d1%80%d0%b0-%d0%b1%d0%b5%d0%b7%d1%83%d0%bc%d0%bd%d1%8b%d0%b5-%d0%ba%d0%b0%d0%bc%d0%bd%d0%b8\/"},"modified":"2024-06-23T17:59:40","modified_gmt":"2024-06-23T14:59:40","slug":"razvivayushhaya-igra-bezumnye-kamni","status":"publish","type":"product","link":"https:\/\/cleverkids.ee\/et\/product\/razvivayushhaya-igra-bezumnye-kamni\/","title":{"rendered":"Arendav m\u00e4nguasi &#8220;Crazy stone&#8221;"},"content":{"rendered":"<p>Hariv m\u00e4ng \u201cCrazy stone\u201d t\u00f5mbab kindlasti teie lapse t\u00e4helepanu.<\/p>\n<p>Kivikeste pind on sile ja katsudes v\u00e4ga meeldiv ning seet\u00f5ttu on see hea puutematerjal m\u00e4ngu jaoks. Suurep\u00e4rane peenmotoorika ja v\u00e4rvitaju arendamiseks.<\/p>\n<p>Samuti saab kivisid sorteerida suuruse j\u00e4rgi, kinnistamaks m\u00f5isteid \u201crohkem\u201d, \u201cv\u00e4hem\u201d; \u00f5ppida lugema ja visuaalselt lahendama litsamaid n\u00e4iteid.<\/p>\n<p>Komplektiga on kaasas n\u00e4idiskaardid, mille j\u00e4rgi tuleb kivikestest figuure laduda. M\u00e4ngukomplekt annab v\u00f5imalust teil arendada ka lapse kujutlusv\u00f5imet. Kivikividest saate ehitada kujukesi ja torne, mis parandab ruumilist m\u00f5tlemist.<\/p>\n<p>M\u00e4ngu valmistamiseks kasutati kerget, kuid vastupidavat puitu ja ohutuid v\u00e4rve.<\/p>\n<p>Neurops\u00fchholoogid soovitavad m\u00e4ngu lastele vanuses 2\u20134 aastat. \u00a04-aastased lapsed armastavad selliseid m\u00e4nge ka, nende jaoks on see m\u00e4ng rohkem meelelahutus.<\/p>\n<p>Komplektis on 36 kivi, 6 suurust ja 30 kaarti.<\/p>\n<p>M\u00e4ng:<\/p>\n<ul>\n<li>arendab peenmotoorikat<\/li>\n<li>arendab loogilist ja ruumilist m\u00f5tlemist<\/li>\n<li>arendab t\u00e4helepanu ja kujutlusv\u00f5imet<\/li>\n<li>arendab visadust<\/li>\n<\/ul>\n","protected":false},"excerpt":{"rendered":"<p>Hariv m\u00e4ng \u201cCrazy stone\u201d t\u00f5mbab kindlasti teie lapse t\u00e4helepanu. Kivikeste pind on sile ja katsudes v\u00e4ga meeldiv ning seet\u00f5ttu on see hea puutematerjal m\u00e4ngu jaoks. Suurep\u00e4rane peenmotoorika ja v\u00e4rvitaju arendamiseks. Samuti saab kivisid sorteerida suuruse j\u00e4rgi, kinnistamaks m\u00f5isteid \u201crohkem\u201d, \u201cv\u00e4hem\u201d; \u00f5ppida lugema ja visuaalselt lahendama litsamaid n\u00e4iteid. Komplektiga on kaasas n\u00e4idiskaardid, mille j\u00e4rgi tuleb kivikestest [&hellip;]<\/p>\n","protected":false},"featured_media":69945,"template":"","meta":{"_monsterinsights_skip_tracking":false,"_monsterinsights_sitenote_active":false,"_monsterinsights_sitenote_note":"","_monsterinsights_sitenote_category":0},"product_brand":[],"product_cat":[50,58],"product_tag":[],"class_list":{"0":"post-48554","1":"product","2":"type-product","3":"status-publish","4":"has-post-thumbnail","6":"product_cat-arendavad-manguasjad","7":"product_cat-unkategorized","8":"pa_vozrast-ot-3-do-5-let-et","10":"first","11":"instock","12":"shipping-taxable","13":"purchasable","14":"product-type-simple"},"yoast_head":"<!-- This site is optimized with the Yoast SEO plugin v25.0 - https:\/\/yoast.com\/wordpress\/plugins\/seo\/ -->\n<title>Arendav m\u00e4nguasi &quot;Crazy stone&quot; -<\/title>\n<meta name=\"description\" content=\"Arendav m\u00e4nguasi &quot;Crazy stone&quot; - CLEVER KIDS\" \/>\n<meta name=\"robots\" content=\"index, follow, max-snippet:-1, max-image-preview:large, max-video-preview:-1\" \/>\n<link rel=\"canonical\" href=\"https:\/\/cleverkids.ee\/et\/product\/razvivayushhaya-igra-bezumnye-kamni\/\" \/>\n<meta property=\"og:locale\" content=\"et_EE\" \/>\n<meta property=\"og:type\" content=\"article\" \/>\n<meta property=\"og:title\" content=\"Arendav m\u00e4nguasi &quot;Crazy stone&quot; -\" \/>\n<meta property=\"og:description\" content=\"Arendav m\u00e4nguasi &quot;Crazy stone&quot; - CLEVER KIDS\" \/>\n<meta property=\"og:url\" content=\"https:\/\/cleverkids.ee\/et\/product\/razvivayushhaya-igra-bezumnye-kamni\/\" \/>\n<meta property=\"og:site_name\" content=\"CLEVER KIDS\" \/>\n<meta property=\"article:publisher\" content=\"https:\/\/www.facebook.com\/cleverkids.ee\/\" \/>\n<meta property=\"article:modified_time\" content=\"2024-06-23T14:59:40+00:00\" \/>\n<meta property=\"og:image\" content=\"https:\/\/cleverkids.ee\/wp-content\/uploads\/2024\/05\/Heb934ea96ebb4c338c6f2fb0af282431C_960x960-1.jpg\" \/>\n\t<meta property=\"og:image:width\" content=\"800\" \/>\n\t<meta property=\"og:image:height\" content=\"800\" \/>\n\t<meta property=\"og:image:type\" content=\"image\/jpeg\" \/>\n<meta name=\"twitter:card\" content=\"summary_large_image\" \/>\n<meta name=\"twitter:label1\" content=\"Est. reading time\" \/>\n\t<meta name=\"twitter:data1\" content=\"1 minut\" \/>\n<script type=\"application\/ld+json\" class=\"yoast-schema-graph\">{\"@context\":\"https:\/\/schema.org\",\"@graph\":[{\"@type\":\"WebPage\",\"@id\":\"https:\/\/cleverkids.ee\/et\/product\/razvivayushhaya-igra-bezumnye-kamni\/\",\"url\":\"https:\/\/cleverkids.ee\/et\/product\/razvivayushhaya-igra-bezumnye-kamni\/\",\"name\":\"Arendav m\u00e4nguasi \\\"Crazy stone\\\" -\",\"isPartOf\":{\"@id\":\"https:\/\/cleverkids.ee\/et\/#website\"},\"primaryImageOfPage\":{\"@id\":\"https:\/\/cleverkids.ee\/et\/product\/razvivayushhaya-igra-bezumnye-kamni\/#primaryimage\"},\"image\":{\"@id\":\"https:\/\/cleverkids.ee\/et\/product\/razvivayushhaya-igra-bezumnye-kamni\/#primaryimage\"},\"thumbnailUrl\":\"https:\/\/cleverkids.ee\/wp-content\/uploads\/2024\/05\/Heb934ea96ebb4c338c6f2fb0af282431C_960x960-1.jpg\",\"datePublished\":\"2024-04-16T04:25:09+00:00\",\"dateModified\":\"2024-06-23T14:59:40+00:00\",\"description\":\"Arendav m\u00e4nguasi \\\"Crazy stone\\\" - CLEVER KIDS\",\"breadcrumb\":{\"@id\":\"https:\/\/cleverkids.ee\/et\/product\/razvivayushhaya-igra-bezumnye-kamni\/#breadcrumb\"},\"inLanguage\":\"et\",\"potentialAction\":[{\"@type\":\"ReadAction\",\"target\":[\"https:\/\/cleverkids.ee\/et\/product\/razvivayushhaya-igra-bezumnye-kamni\/\"]}]},{\"@type\":\"ImageObject\",\"inLanguage\":\"et\",\"@id\":\"https:\/\/cleverkids.ee\/et\/product\/razvivayushhaya-igra-bezumnye-kamni\/#primaryimage\",\"url\":\"https:\/\/cleverkids.ee\/wp-content\/uploads\/2024\/05\/Heb934ea96ebb4c338c6f2fb0af282431C_960x960-1.jpg\",\"contentUrl\":\"https:\/\/cleverkids.ee\/wp-content\/uploads\/2024\/05\/Heb934ea96ebb4c338c6f2fb0af282431C_960x960-1.jpg\",\"width\":800,\"height\":800},{\"@type\":\"BreadcrumbList\",\"@id\":\"https:\/\/cleverkids.ee\/et\/product\/razvivayushhaya-igra-bezumnye-kamni\/#breadcrumb\",\"itemListElement\":[{\"@type\":\"ListItem\",\"position\":1,\"name\":\"Esileht\",\"item\":\"https:\/\/cleverkids.ee\/et\/\"},{\"@type\":\"ListItem\",\"position\":2,\"name\":\"Tooted\",\"item\":\"https:\/\/cleverkids.ee\/store\/\"},{\"@type\":\"ListItem\",\"position\":3,\"name\":\"Arendav m\u00e4nguasi &#171;Crazy stone&#187;\"}]},{\"@type\":\"WebSite\",\"@id\":\"https:\/\/cleverkids.ee\/et\/#website\",\"url\":\"https:\/\/cleverkids.ee\/et\/\",\"name\":\"CLEVER KIDS\",\"description\":\"\",\"publisher\":{\"@id\":\"https:\/\/cleverkids.ee\/et\/#organization\"},\"potentialAction\":[{\"@type\":\"SearchAction\",\"target\":{\"@type\":\"EntryPoint\",\"urlTemplate\":\"https:\/\/cleverkids.ee\/et\/?s={search_term_string}\"},\"query-input\":{\"@type\":\"PropertyValueSpecification\",\"valueRequired\":true,\"valueName\":\"search_term_string\"}}],\"inLanguage\":\"et\"},{\"@type\":\"Organization\",\"@id\":\"https:\/\/cleverkids.ee\/et\/#organization\",\"name\":\"CLEVER KIDS\",\"url\":\"https:\/\/cleverkids.ee\/et\/\",\"logo\":{\"@type\":\"ImageObject\",\"inLanguage\":\"et\",\"@id\":\"https:\/\/cleverkids.ee\/et\/#\/schema\/logo\/image\/\",\"url\":\"https:\/\/cleverkids.ee\/wp-content\/uploads\/2024\/02\/image0-1024x1024.png\",\"contentUrl\":\"https:\/\/cleverkids.ee\/wp-content\/uploads\/2024\/02\/image0-1024x1024.png\",\"width\":1024,\"height\":1024,\"caption\":\"CLEVER KIDS\"},\"image\":{\"@id\":\"https:\/\/cleverkids.ee\/et\/#\/schema\/logo\/image\/\"},\"sameAs\":[\"https:\/\/www.facebook.com\/cleverkids.ee\/\",\"https:\/\/www.instagram.com\/cleverkids_ee\/\"]}]}<\/script>\n<!-- \/ Yoast SEO plugin. -->","yoast_head_json":{"title":"Arendav m\u00e4nguasi \"Crazy stone\" -","description":"Arendav m\u00e4nguasi \"Crazy stone\" - CLEVER KIDS","robots":{"index":"index","follow":"follow","max-snippet":"max-snippet:-1","max-image-preview":"max-image-preview:large","max-video-preview":"max-video-preview:-1"},"canonical":"https:\/\/cleverkids.ee\/et\/product\/razvivayushhaya-igra-bezumnye-kamni\/","og_locale":"et_EE","og_type":"article","og_title":"Arendav m\u00e4nguasi \"Crazy stone\" -","og_description":"Arendav m\u00e4nguasi \"Crazy stone\" - CLEVER KIDS","og_url":"https:\/\/cleverkids.ee\/et\/product\/razvivayushhaya-igra-bezumnye-kamni\/","og_site_name":"CLEVER KIDS","article_publisher":"https:\/\/www.facebook.com\/cleverkids.ee\/","article_modified_time":"2024-06-23T14:59:40+00:00","og_image":[{"width":800,"height":800,"url":"https:\/\/cleverkids.ee\/wp-content\/uploads\/2024\/05\/Heb934ea96ebb4c338c6f2fb0af282431C_960x960-1.jpg","type":"image\/jpeg"}],"twitter_card":"summary_large_image","twitter_misc":{"Est. reading time":"1 minut"},"schema":{"@context":"https:\/\/schema.org","@graph":[{"@type":"WebPage","@id":"https:\/\/cleverkids.ee\/et\/product\/razvivayushhaya-igra-bezumnye-kamni\/","url":"https:\/\/cleverkids.ee\/et\/product\/razvivayushhaya-igra-bezumnye-kamni\/","name":"Arendav m\u00e4nguasi \"Crazy stone\" -","isPartOf":{"@id":"https:\/\/cleverkids.ee\/et\/#website"},"primaryImageOfPage":{"@id":"https:\/\/cleverkids.ee\/et\/product\/razvivayushhaya-igra-bezumnye-kamni\/#primaryimage"},"image":{"@id":"https:\/\/cleverkids.ee\/et\/product\/razvivayushhaya-igra-bezumnye-kamni\/#primaryimage"},"thumbnailUrl":"https:\/\/cleverkids.ee\/wp-content\/uploads\/2024\/05\/Heb934ea96ebb4c338c6f2fb0af282431C_960x960-1.jpg","datePublished":"2024-04-16T04:25:09+00:00","dateModified":"2024-06-23T14:59:40+00:00","description":"Arendav m\u00e4nguasi \"Crazy stone\" - CLEVER KIDS","breadcrumb":{"@id":"https:\/\/cleverkids.ee\/et\/product\/razvivayushhaya-igra-bezumnye-kamni\/#breadcrumb"},"inLanguage":"et","potentialAction":[{"@type":"ReadAction","target":["https:\/\/cleverkids.ee\/et\/product\/razvivayushhaya-igra-bezumnye-kamni\/"]}]},{"@type":"ImageObject","inLanguage":"et","@id":"https:\/\/cleverkids.ee\/et\/product\/razvivayushhaya-igra-bezumnye-kamni\/#primaryimage","url":"https:\/\/cleverkids.ee\/wp-content\/uploads\/2024\/05\/Heb934ea96ebb4c338c6f2fb0af282431C_960x960-1.jpg","contentUrl":"https:\/\/cleverkids.ee\/wp-content\/uploads\/2024\/05\/Heb934ea96ebb4c338c6f2fb0af282431C_960x960-1.jpg","width":800,"height":800},{"@type":"BreadcrumbList","@id":"https:\/\/cleverkids.ee\/et\/product\/razvivayushhaya-igra-bezumnye-kamni\/#breadcrumb","itemListElement":[{"@type":"ListItem","position":1,"name":"Esileht","item":"https:\/\/cleverkids.ee\/et\/"},{"@type":"ListItem","position":2,"name":"Tooted","item":"https:\/\/cleverkids.ee\/store\/"},{"@type":"ListItem","position":3,"name":"Arendav m\u00e4nguasi &#171;Crazy stone&#187;"}]},{"@type":"WebSite","@id":"https:\/\/cleverkids.ee\/et\/#website","url":"https:\/\/cleverkids.ee\/et\/","name":"CLEVER KIDS","description":"","publisher":{"@id":"https:\/\/cleverkids.ee\/et\/#organization"},"potentialAction":[{"@type":"SearchAction","target":{"@type":"EntryPoint","urlTemplate":"https:\/\/cleverkids.ee\/et\/?s={search_term_string}"},"query-input":{"@type":"PropertyValueSpecification","valueRequired":true,"valueName":"search_term_string"}}],"inLanguage":"et"},{"@type":"Organization","@id":"https:\/\/cleverkids.ee\/et\/#organization","name":"CLEVER KIDS","url":"https:\/\/cleverkids.ee\/et\/","logo":{"@type":"ImageObject","inLanguage":"et","@id":"https:\/\/cleverkids.ee\/et\/#\/schema\/logo\/image\/","url":"https:\/\/cleverkids.ee\/wp-content\/uploads\/2024\/02\/image0-1024x1024.png","contentUrl":"https:\/\/cleverkids.ee\/wp-content\/uploads\/2024\/02\/image0-1024x1024.png","width":1024,"height":1024,"caption":"CLEVER KIDS"},"image":{"@id":"https:\/\/cleverkids.ee\/et\/#\/schema\/logo\/image\/"},"sameAs":["https:\/\/www.facebook.com\/cleverkids.ee\/","https:\/\/www.instagram.com\/cleverkids_ee\/"]}]}},"_links":{"self":[{"href":"https:\/\/cleverkids.ee\/et\/wp-json\/wp\/v2\/product\/48554","targetHints":{"allow":["GET"]}}],"collection":[{"href":"https:\/\/cleverkids.ee\/et\/wp-json\/wp\/v2\/product"}],"about":[{"href":"https:\/\/cleverkids.ee\/et\/wp-json\/wp\/v2\/types\/product"}],"wp:featuredmedia":[{"embeddable":true,"href":"https:\/\/cleverkids.ee\/et\/wp-json\/wp\/v2\/media\/69945"}],"wp:attachment":[{"href":"https:\/\/cleverkids.ee\/et\/wp-json\/wp\/v2\/media?parent=48554"}],"wp:term":[{"taxonomy":"product_brand","embeddable":true,"href":"https:\/\/cleverkids.ee\/et\/wp-json\/wp\/v2\/product_brand?post=48554"},{"taxonomy":"product_cat","embeddable":true,"href":"https:\/\/cleverkids.ee\/et\/wp-json\/wp\/v2\/product_cat?post=48554"},{"taxonomy":"product_tag","embeddable":true,"href":"https:\/\/cleverkids.ee\/et\/wp-json\/wp\/v2\/product_tag?post=48554"}],"curies":[{"name":"wp","href":"https:\/\/api.w.org\/{rel}","templated":true}]}}