{"id":48997,"date":"2024-04-16T07:25:02","date_gmt":"2024-04-16T04:25:02","guid":{"rendered":"https:\/\/cleverkids.dev2.sdhost.eu\/product\/%d1%80%d0%b0%d0%b7%d0%b2%d0%b8%d0%b2%d0%b0%d1%8e%d1%89%d0%b8%d0%b9-%d0%bd%d0%b0%d0%b1%d0%be%d1%80-%d0%bf%d0%be-%d0%bc%d0%b5%d1%82%d0%be%d0%b4%d0%b8%d0%ba%d0%b5-%d0%bc%d0%be%d0%bd%d1%82%d0%b5%d1%81\/"},"modified":"2024-06-23T17:59:39","modified_gmt":"2024-06-23T14:59:39","slug":"razvivayushhij-nabor-po-metodike-montes","status":"publish","type":"product","link":"https:\/\/cleverkids.ee\/et\/product\/razvivayushhij-nabor-po-metodike-montes\/","title":{"rendered":"Arenduskomplekt Montessori meetodil 2in1 \u201cKalap\u00fc\u00fck + mesilased\u201d"},"content":{"rendered":"<p>2 \u00fches \u00f5ppekomplekt on populaarne m\u00e4nguasi, mis v\u00f5imaldab teie lapsel l\u00f5butseda ja kasulikult aega veeta. Komplekt on universaalne kahe m\u00e4nguga kompleks.<\/p>\n<p>Kuidas m\u00e4ngida?<\/p>\n<ol>\n<li>\u201cMagnetiline kalap\u00fc\u00fck\u201d. Erksa saagi p\u00fc\u00fcdmine pole nii lihtne, kui tundub! Laps peab demonstreerima keskendumisoskust ja head liigutuste koordinatsiooni, et \u00fchendada \u00f5nga ja kala.<\/li>\n<li>\u201cP\u00fc\u00fcdke mesilast kinni.\u201d M\u00e4ng seisneb selles, et laps v\u00f5tab pintsettide abil alusest mesilased v\u00e4lja. V\u00f5ttes v\u00e4lja tiivulisi putukad, harjutab laps haaramist ja \u00f5pib erinevaid v\u00e4rve. Figuure saab kasutada ka loendusmaterjalina.<\/li>\n<\/ol>\n<p>V\u00f5ib proovida v\u00f5tta mesilasi ja kalu v\u00e4lja kahe k\u00e4ega korraga. Tehnika v\u00f5imaldab parandada lapse m\u00e4lu, t\u00e4helepanu, ruumilisi kujutisi, peenmotoorikat, v\u00e4hendada v\u00e4simust, suurendada vabatahtliku kontrolli v\u00f5imet, arendada m\u00f5lemat aju poolkera v\u00f5rdselt.<\/p>\n<p>Komplekti kuulub: 12 magnetkala, 7 mesilast, 2 \u00f5nge, 2 pintsetti.<\/p>\n","protected":false},"excerpt":{"rendered":"<p>2 \u00fches \u00f5ppekomplekt on populaarne m\u00e4nguasi, mis v\u00f5imaldab teie lapsel l\u00f5butseda ja kasulikult aega veeta. Komplekt on universaalne kahe m\u00e4nguga kompleks. Kuidas m\u00e4ngida? \u201cMagnetiline kalap\u00fc\u00fck\u201d. Erksa saagi p\u00fc\u00fcdmine pole nii lihtne, kui tundub! Laps peab demonstreerima keskendumisoskust ja head liigutuste koordinatsiooni, et \u00fchendada \u00f5nga ja kala. \u201cP\u00fc\u00fcdke mesilast kinni.\u201d M\u00e4ng seisneb selles, et laps v\u00f5tab [&hellip;]<\/p>\n","protected":false},"featured_media":69795,"template":"","meta":{"_monsterinsights_skip_tracking":false,"_monsterinsights_sitenote_active":false,"_monsterinsights_sitenote_note":"","_monsterinsights_sitenote_category":0},"product_brand":[],"product_cat":[49,58],"product_tag":[],"class_list":{"0":"post-48997","1":"product","2":"type-product","3":"status-publish","4":"has-post-thumbnail","6":"product_cat-puidust-arendavad-manguasjad","7":"product_cat-unkategorized","8":"pa_vozrast-ot-polutora-do-treh-let-et","10":"first","11":"instock","12":"shipping-taxable","13":"purchasable","14":"product-type-simple"},"yoast_head":"<!-- This site is optimized with the Yoast SEO plugin v25.0 - https:\/\/yoast.com\/wordpress\/plugins\/seo\/ -->\n<title>Arenduskomplekt Montessori meetodil 2in1 \u201cKalap\u00fc\u00fck + mesilased\u201d -<\/title>\n<meta name=\"description\" content=\"Arenduskomplekt Montessori meetodil 2in1 \u201cKalap\u00fc\u00fck + mesilased\u201d - CLEVER KIDS\" \/>\n<meta name=\"robots\" content=\"index, follow, max-snippet:-1, max-image-preview:large, max-video-preview:-1\" \/>\n<link rel=\"canonical\" href=\"https:\/\/cleverkids.ee\/et\/product\/razvivayushhij-nabor-po-metodike-montes\/\" \/>\n<meta property=\"og:locale\" content=\"et_EE\" \/>\n<meta property=\"og:type\" content=\"article\" \/>\n<meta property=\"og:title\" content=\"Arenduskomplekt Montessori meetodil 2in1 \u201cKalap\u00fc\u00fck + mesilased\u201d -\" \/>\n<meta property=\"og:description\" content=\"Arenduskomplekt Montessori meetodil 2in1 \u201cKalap\u00fc\u00fck + mesilased\u201d - CLEVER KIDS\" \/>\n<meta property=\"og:url\" content=\"https:\/\/cleverkids.ee\/et\/product\/razvivayushhij-nabor-po-metodike-montes\/\" \/>\n<meta property=\"og:site_name\" content=\"CLEVER KIDS\" \/>\n<meta property=\"article:publisher\" content=\"https:\/\/www.facebook.com\/cleverkids.ee\/\" \/>\n<meta property=\"article:modified_time\" content=\"2024-06-23T14:59:39+00:00\" \/>\n<meta property=\"og:image\" content=\"https:\/\/cleverkids.ee\/wp-content\/uploads\/2024\/05\/Hf81a7d692f944f64a2c46d1e3da1677c8_960x960-1.jpg\" \/>\n\t<meta property=\"og:image:width\" content=\"800\" \/>\n\t<meta property=\"og:image:height\" content=\"800\" \/>\n\t<meta property=\"og:image:type\" content=\"image\/jpeg\" \/>\n<meta name=\"twitter:card\" content=\"summary_large_image\" \/>\n<meta name=\"twitter:label1\" content=\"Est. reading time\" \/>\n\t<meta name=\"twitter:data1\" content=\"1 minut\" \/>\n<script type=\"application\/ld+json\" class=\"yoast-schema-graph\">{\"@context\":\"https:\/\/schema.org\",\"@graph\":[{\"@type\":\"WebPage\",\"@id\":\"https:\/\/cleverkids.ee\/et\/product\/razvivayushhij-nabor-po-metodike-montes\/\",\"url\":\"https:\/\/cleverkids.ee\/et\/product\/razvivayushhij-nabor-po-metodike-montes\/\",\"name\":\"Arenduskomplekt Montessori meetodil 2in1 \u201cKalap\u00fc\u00fck + mesilased\u201d -\",\"isPartOf\":{\"@id\":\"https:\/\/cleverkids.ee\/et\/#website\"},\"primaryImageOfPage\":{\"@id\":\"https:\/\/cleverkids.ee\/et\/product\/razvivayushhij-nabor-po-metodike-montes\/#primaryimage\"},\"image\":{\"@id\":\"https:\/\/cleverkids.ee\/et\/product\/razvivayushhij-nabor-po-metodike-montes\/#primaryimage\"},\"thumbnailUrl\":\"https:\/\/cleverkids.ee\/wp-content\/uploads\/2024\/05\/Hf81a7d692f944f64a2c46d1e3da1677c8_960x960-1.jpg\",\"datePublished\":\"2024-04-16T04:25:02+00:00\",\"dateModified\":\"2024-06-23T14:59:39+00:00\",\"description\":\"Arenduskomplekt Montessori meetodil 2in1 \u201cKalap\u00fc\u00fck + mesilased\u201d - CLEVER KIDS\",\"breadcrumb\":{\"@id\":\"https:\/\/cleverkids.ee\/et\/product\/razvivayushhij-nabor-po-metodike-montes\/#breadcrumb\"},\"inLanguage\":\"et\",\"potentialAction\":[{\"@type\":\"ReadAction\",\"target\":[\"https:\/\/cleverkids.ee\/et\/product\/razvivayushhij-nabor-po-metodike-montes\/\"]}]},{\"@type\":\"ImageObject\",\"inLanguage\":\"et\",\"@id\":\"https:\/\/cleverkids.ee\/et\/product\/razvivayushhij-nabor-po-metodike-montes\/#primaryimage\",\"url\":\"https:\/\/cleverkids.ee\/wp-content\/uploads\/2024\/05\/Hf81a7d692f944f64a2c46d1e3da1677c8_960x960-1.jpg\",\"contentUrl\":\"https:\/\/cleverkids.ee\/wp-content\/uploads\/2024\/05\/Hf81a7d692f944f64a2c46d1e3da1677c8_960x960-1.jpg\",\"width\":800,\"height\":800},{\"@type\":\"BreadcrumbList\",\"@id\":\"https:\/\/cleverkids.ee\/et\/product\/razvivayushhij-nabor-po-metodike-montes\/#breadcrumb\",\"itemListElement\":[{\"@type\":\"ListItem\",\"position\":1,\"name\":\"Esileht\",\"item\":\"https:\/\/cleverkids.ee\/et\/\"},{\"@type\":\"ListItem\",\"position\":2,\"name\":\"Tooted\",\"item\":\"https:\/\/cleverkids.ee\/store\/\"},{\"@type\":\"ListItem\",\"position\":3,\"name\":\"Arenduskomplekt Montessori meetodil 2in1 \u201cKalap\u00fc\u00fck + mesilased\u201d\"}]},{\"@type\":\"WebSite\",\"@id\":\"https:\/\/cleverkids.ee\/et\/#website\",\"url\":\"https:\/\/cleverkids.ee\/et\/\",\"name\":\"CLEVER KIDS\",\"description\":\"\",\"publisher\":{\"@id\":\"https:\/\/cleverkids.ee\/et\/#organization\"},\"potentialAction\":[{\"@type\":\"SearchAction\",\"target\":{\"@type\":\"EntryPoint\",\"urlTemplate\":\"https:\/\/cleverkids.ee\/et\/?s={search_term_string}\"},\"query-input\":{\"@type\":\"PropertyValueSpecification\",\"valueRequired\":true,\"valueName\":\"search_term_string\"}}],\"inLanguage\":\"et\"},{\"@type\":\"Organization\",\"@id\":\"https:\/\/cleverkids.ee\/et\/#organization\",\"name\":\"CLEVER KIDS\",\"url\":\"https:\/\/cleverkids.ee\/et\/\",\"logo\":{\"@type\":\"ImageObject\",\"inLanguage\":\"et\",\"@id\":\"https:\/\/cleverkids.ee\/et\/#\/schema\/logo\/image\/\",\"url\":\"https:\/\/cleverkids.ee\/wp-content\/uploads\/2024\/02\/image0-1024x1024.png\",\"contentUrl\":\"https:\/\/cleverkids.ee\/wp-content\/uploads\/2024\/02\/image0-1024x1024.png\",\"width\":1024,\"height\":1024,\"caption\":\"CLEVER KIDS\"},\"image\":{\"@id\":\"https:\/\/cleverkids.ee\/et\/#\/schema\/logo\/image\/\"},\"sameAs\":[\"https:\/\/www.facebook.com\/cleverkids.ee\/\",\"https:\/\/www.instagram.com\/cleverkids_ee\/\"]}]}<\/script>\n<!-- \/ Yoast SEO plugin. -->","yoast_head_json":{"title":"Arenduskomplekt Montessori meetodil 2in1 \u201cKalap\u00fc\u00fck + mesilased\u201d -","description":"Arenduskomplekt Montessori meetodil 2in1 \u201cKalap\u00fc\u00fck + mesilased\u201d - CLEVER KIDS","robots":{"index":"index","follow":"follow","max-snippet":"max-snippet:-1","max-image-preview":"max-image-preview:large","max-video-preview":"max-video-preview:-1"},"canonical":"https:\/\/cleverkids.ee\/et\/product\/razvivayushhij-nabor-po-metodike-montes\/","og_locale":"et_EE","og_type":"article","og_title":"Arenduskomplekt Montessori meetodil 2in1 \u201cKalap\u00fc\u00fck + mesilased\u201d -","og_description":"Arenduskomplekt Montessori meetodil 2in1 \u201cKalap\u00fc\u00fck + mesilased\u201d - CLEVER KIDS","og_url":"https:\/\/cleverkids.ee\/et\/product\/razvivayushhij-nabor-po-metodike-montes\/","og_site_name":"CLEVER KIDS","article_publisher":"https:\/\/www.facebook.com\/cleverkids.ee\/","article_modified_time":"2024-06-23T14:59:39+00:00","og_image":[{"width":800,"height":800,"url":"https:\/\/cleverkids.ee\/wp-content\/uploads\/2024\/05\/Hf81a7d692f944f64a2c46d1e3da1677c8_960x960-1.jpg","type":"image\/jpeg"}],"twitter_card":"summary_large_image","twitter_misc":{"Est. reading time":"1 minut"},"schema":{"@context":"https:\/\/schema.org","@graph":[{"@type":"WebPage","@id":"https:\/\/cleverkids.ee\/et\/product\/razvivayushhij-nabor-po-metodike-montes\/","url":"https:\/\/cleverkids.ee\/et\/product\/razvivayushhij-nabor-po-metodike-montes\/","name":"Arenduskomplekt Montessori meetodil 2in1 \u201cKalap\u00fc\u00fck + mesilased\u201d -","isPartOf":{"@id":"https:\/\/cleverkids.ee\/et\/#website"},"primaryImageOfPage":{"@id":"https:\/\/cleverkids.ee\/et\/product\/razvivayushhij-nabor-po-metodike-montes\/#primaryimage"},"image":{"@id":"https:\/\/cleverkids.ee\/et\/product\/razvivayushhij-nabor-po-metodike-montes\/#primaryimage"},"thumbnailUrl":"https:\/\/cleverkids.ee\/wp-content\/uploads\/2024\/05\/Hf81a7d692f944f64a2c46d1e3da1677c8_960x960-1.jpg","datePublished":"2024-04-16T04:25:02+00:00","dateModified":"2024-06-23T14:59:39+00:00","description":"Arenduskomplekt Montessori meetodil 2in1 \u201cKalap\u00fc\u00fck + mesilased\u201d - CLEVER KIDS","breadcrumb":{"@id":"https:\/\/cleverkids.ee\/et\/product\/razvivayushhij-nabor-po-metodike-montes\/#breadcrumb"},"inLanguage":"et","potentialAction":[{"@type":"ReadAction","target":["https:\/\/cleverkids.ee\/et\/product\/razvivayushhij-nabor-po-metodike-montes\/"]}]},{"@type":"ImageObject","inLanguage":"et","@id":"https:\/\/cleverkids.ee\/et\/product\/razvivayushhij-nabor-po-metodike-montes\/#primaryimage","url":"https:\/\/cleverkids.ee\/wp-content\/uploads\/2024\/05\/Hf81a7d692f944f64a2c46d1e3da1677c8_960x960-1.jpg","contentUrl":"https:\/\/cleverkids.ee\/wp-content\/uploads\/2024\/05\/Hf81a7d692f944f64a2c46d1e3da1677c8_960x960-1.jpg","width":800,"height":800},{"@type":"BreadcrumbList","@id":"https:\/\/cleverkids.ee\/et\/product\/razvivayushhij-nabor-po-metodike-montes\/#breadcrumb","itemListElement":[{"@type":"ListItem","position":1,"name":"Esileht","item":"https:\/\/cleverkids.ee\/et\/"},{"@type":"ListItem","position":2,"name":"Tooted","item":"https:\/\/cleverkids.ee\/store\/"},{"@type":"ListItem","position":3,"name":"Arenduskomplekt Montessori meetodil 2in1 \u201cKalap\u00fc\u00fck + mesilased\u201d"}]},{"@type":"WebSite","@id":"https:\/\/cleverkids.ee\/et\/#website","url":"https:\/\/cleverkids.ee\/et\/","name":"CLEVER KIDS","description":"","publisher":{"@id":"https:\/\/cleverkids.ee\/et\/#organization"},"potentialAction":[{"@type":"SearchAction","target":{"@type":"EntryPoint","urlTemplate":"https:\/\/cleverkids.ee\/et\/?s={search_term_string}"},"query-input":{"@type":"PropertyValueSpecification","valueRequired":true,"valueName":"search_term_string"}}],"inLanguage":"et"},{"@type":"Organization","@id":"https:\/\/cleverkids.ee\/et\/#organization","name":"CLEVER KIDS","url":"https:\/\/cleverkids.ee\/et\/","logo":{"@type":"ImageObject","inLanguage":"et","@id":"https:\/\/cleverkids.ee\/et\/#\/schema\/logo\/image\/","url":"https:\/\/cleverkids.ee\/wp-content\/uploads\/2024\/02\/image0-1024x1024.png","contentUrl":"https:\/\/cleverkids.ee\/wp-content\/uploads\/2024\/02\/image0-1024x1024.png","width":1024,"height":1024,"caption":"CLEVER KIDS"},"image":{"@id":"https:\/\/cleverkids.ee\/et\/#\/schema\/logo\/image\/"},"sameAs":["https:\/\/www.facebook.com\/cleverkids.ee\/","https:\/\/www.instagram.com\/cleverkids_ee\/"]}]}},"_links":{"self":[{"href":"https:\/\/cleverkids.ee\/et\/wp-json\/wp\/v2\/product\/48997","targetHints":{"allow":["GET"]}}],"collection":[{"href":"https:\/\/cleverkids.ee\/et\/wp-json\/wp\/v2\/product"}],"about":[{"href":"https:\/\/cleverkids.ee\/et\/wp-json\/wp\/v2\/types\/product"}],"wp:featuredmedia":[{"embeddable":true,"href":"https:\/\/cleverkids.ee\/et\/wp-json\/wp\/v2\/media\/69795"}],"wp:attachment":[{"href":"https:\/\/cleverkids.ee\/et\/wp-json\/wp\/v2\/media?parent=48997"}],"wp:term":[{"taxonomy":"product_brand","embeddable":true,"href":"https:\/\/cleverkids.ee\/et\/wp-json\/wp\/v2\/product_brand?post=48997"},{"taxonomy":"product_cat","embeddable":true,"href":"https:\/\/cleverkids.ee\/et\/wp-json\/wp\/v2\/product_cat?post=48997"},{"taxonomy":"product_tag","embeddable":true,"href":"https:\/\/cleverkids.ee\/et\/wp-json\/wp\/v2\/product_tag?post=48997"}],"curies":[{"name":"wp","href":"https:\/\/api.w.org\/{rel}","templated":true}]}}