{"id":49028,"date":"2024-04-16T07:25:02","date_gmt":"2024-04-16T04:25:02","guid":{"rendered":"https:\/\/cleverkids.dev2.sdhost.eu\/product\/%d0%b4%d0%b5%d1%80%d0%b5%d0%b2%d1%8f%d0%bd%d0%bd%d0%b0%d1%8f-%d0%bf%d0%b8%d1%80%d0%b0%d0%bc%d0%b8%d0%b4%d0%ba%d0%b0-%d1%81%d0%be%d1%80%d1%82%d0%b5%d1%80-%d1%81-%d0%b3%d0%b5%d0%be%d0%bc%d0%b5%d1%82\/"},"modified":"2024-06-23T17:59:38","modified_gmt":"2024-06-23T14:59:38","slug":"derevyannaya-piramidka-sorter-s-geomet","status":"publish","type":"product","link":"https:\/\/cleverkids.ee\/et\/product\/derevyannaya-piramidka-sorter-s-geomet\/","title":{"rendered":"Ladumism\u00e4ng 2in1 \u201cGeomeetrilised kujundid\u201d"},"content":{"rendered":"<p>M\u00e4ngu eesm\u00e4rk on virnastada \u00fchesugused kujundid suuruse j\u00e4rgi \u00fcksteise peale, nii et m\u00e4nguosad l\u00e4hevad \u00f5iges j\u00e4rjekorras. Virnastamine, sisestamine ja sorteerimine \u00f5petab lastele m\u00e4nguliselt kujundeid, v\u00e4rve ja suurusi ning treenib peenmotoorikat ja k\u00e4e-silma koordinatsiooni.<\/p>\n<p>K\u00f5rgus 16cm<\/p>\n","protected":false},"excerpt":{"rendered":"<p>M\u00e4ngu eesm\u00e4rk on virnastada \u00fchesugused kujundid suuruse j\u00e4rgi \u00fcksteise peale, nii et m\u00e4nguosad l\u00e4hevad \u00f5iges j\u00e4rjekorras. Virnastamine, sisestamine ja sorteerimine \u00f5petab lastele m\u00e4nguliselt kujundeid, v\u00e4rve ja suurusi ning treenib peenmotoorikat ja k\u00e4e-silma koordinatsiooni. K\u00f5rgus 16cm<\/p>\n","protected":false},"featured_media":69738,"template":"","meta":{"_monsterinsights_skip_tracking":false,"_monsterinsights_sitenote_active":false,"_monsterinsights_sitenote_note":"","_monsterinsights_sitenote_category":0},"product_brand":[],"product_cat":[49,58],"product_tag":[],"class_list":{"0":"post-49028","1":"product","2":"type-product","3":"status-publish","4":"has-post-thumbnail","6":"product_cat-puidust-arendavad-manguasjad","7":"product_cat-unkategorized","8":"pa_vozrast-ot-polutora-do-treh-let-et","10":"first","11":"instock","12":"sale","13":"shipping-taxable","14":"purchasable","15":"product-type-simple"},"yoast_head":"<!-- This site is optimized with the Yoast SEO plugin v25.0 - https:\/\/yoast.com\/wordpress\/plugins\/seo\/ -->\n<title>Ladumism\u00e4ng 2in1 \u201cGeomeetrilised kujundid\u201d -<\/title>\n<meta name=\"description\" content=\"Ladumism\u00e4ng 2in1 \u201cGeomeetrilised kujundid\u201d - CLEVER KIDS\" \/>\n<meta name=\"robots\" content=\"index, follow, max-snippet:-1, max-image-preview:large, max-video-preview:-1\" \/>\n<link rel=\"canonical\" href=\"https:\/\/cleverkids.ee\/et\/product\/derevyannaya-piramidka-sorter-s-geomet\/\" \/>\n<meta property=\"og:locale\" content=\"et_EE\" \/>\n<meta property=\"og:type\" content=\"article\" \/>\n<meta property=\"og:title\" content=\"Ladumism\u00e4ng 2in1 \u201cGeomeetrilised kujundid\u201d -\" \/>\n<meta property=\"og:description\" content=\"Ladumism\u00e4ng 2in1 \u201cGeomeetrilised kujundid\u201d - CLEVER KIDS\" \/>\n<meta property=\"og:url\" content=\"https:\/\/cleverkids.ee\/et\/product\/derevyannaya-piramidka-sorter-s-geomet\/\" \/>\n<meta property=\"og:site_name\" content=\"CLEVER KIDS\" \/>\n<meta property=\"article:publisher\" content=\"https:\/\/www.facebook.com\/cleverkids.ee\/\" \/>\n<meta property=\"article:modified_time\" content=\"2024-06-23T14:59:38+00:00\" \/>\n<meta property=\"og:image\" content=\"https:\/\/cleverkids.ee\/wp-content\/uploads\/2024\/05\/H3205e357332240f9ac43b535013ca2621_960x960-1.jpg\" \/>\n\t<meta property=\"og:image:width\" content=\"800\" \/>\n\t<meta property=\"og:image:height\" content=\"800\" \/>\n\t<meta property=\"og:image:type\" content=\"image\/jpeg\" \/>\n<meta name=\"twitter:card\" content=\"summary_large_image\" \/>\n<script type=\"application\/ld+json\" class=\"yoast-schema-graph\">{\"@context\":\"https:\/\/schema.org\",\"@graph\":[{\"@type\":\"WebPage\",\"@id\":\"https:\/\/cleverkids.ee\/et\/product\/derevyannaya-piramidka-sorter-s-geomet\/\",\"url\":\"https:\/\/cleverkids.ee\/et\/product\/derevyannaya-piramidka-sorter-s-geomet\/\",\"name\":\"Ladumism\u00e4ng 2in1 \u201cGeomeetrilised kujundid\u201d -\",\"isPartOf\":{\"@id\":\"https:\/\/cleverkids.ee\/et\/#website\"},\"primaryImageOfPage\":{\"@id\":\"https:\/\/cleverkids.ee\/et\/product\/derevyannaya-piramidka-sorter-s-geomet\/#primaryimage\"},\"image\":{\"@id\":\"https:\/\/cleverkids.ee\/et\/product\/derevyannaya-piramidka-sorter-s-geomet\/#primaryimage\"},\"thumbnailUrl\":\"https:\/\/cleverkids.ee\/wp-content\/uploads\/2024\/05\/H3205e357332240f9ac43b535013ca2621_960x960-1.jpg\",\"datePublished\":\"2024-04-16T04:25:02+00:00\",\"dateModified\":\"2024-06-23T14:59:38+00:00\",\"description\":\"Ladumism\u00e4ng 2in1 \u201cGeomeetrilised kujundid\u201d - CLEVER KIDS\",\"breadcrumb\":{\"@id\":\"https:\/\/cleverkids.ee\/et\/product\/derevyannaya-piramidka-sorter-s-geomet\/#breadcrumb\"},\"inLanguage\":\"et\",\"potentialAction\":[{\"@type\":\"ReadAction\",\"target\":[\"https:\/\/cleverkids.ee\/et\/product\/derevyannaya-piramidka-sorter-s-geomet\/\"]}]},{\"@type\":\"ImageObject\",\"inLanguage\":\"et\",\"@id\":\"https:\/\/cleverkids.ee\/et\/product\/derevyannaya-piramidka-sorter-s-geomet\/#primaryimage\",\"url\":\"https:\/\/cleverkids.ee\/wp-content\/uploads\/2024\/05\/H3205e357332240f9ac43b535013ca2621_960x960-1.jpg\",\"contentUrl\":\"https:\/\/cleverkids.ee\/wp-content\/uploads\/2024\/05\/H3205e357332240f9ac43b535013ca2621_960x960-1.jpg\",\"width\":800,\"height\":800},{\"@type\":\"BreadcrumbList\",\"@id\":\"https:\/\/cleverkids.ee\/et\/product\/derevyannaya-piramidka-sorter-s-geomet\/#breadcrumb\",\"itemListElement\":[{\"@type\":\"ListItem\",\"position\":1,\"name\":\"Esileht\",\"item\":\"https:\/\/cleverkids.ee\/et\/\"},{\"@type\":\"ListItem\",\"position\":2,\"name\":\"Tooted\",\"item\":\"https:\/\/cleverkids.ee\/store\/\"},{\"@type\":\"ListItem\",\"position\":3,\"name\":\"Ladumism\u00e4ng 2in1 \u201cGeomeetrilised kujundid\u201d\"}]},{\"@type\":\"WebSite\",\"@id\":\"https:\/\/cleverkids.ee\/et\/#website\",\"url\":\"https:\/\/cleverkids.ee\/et\/\",\"name\":\"CLEVER KIDS\",\"description\":\"\",\"publisher\":{\"@id\":\"https:\/\/cleverkids.ee\/et\/#organization\"},\"potentialAction\":[{\"@type\":\"SearchAction\",\"target\":{\"@type\":\"EntryPoint\",\"urlTemplate\":\"https:\/\/cleverkids.ee\/et\/?s={search_term_string}\"},\"query-input\":{\"@type\":\"PropertyValueSpecification\",\"valueRequired\":true,\"valueName\":\"search_term_string\"}}],\"inLanguage\":\"et\"},{\"@type\":\"Organization\",\"@id\":\"https:\/\/cleverkids.ee\/et\/#organization\",\"name\":\"CLEVER KIDS\",\"url\":\"https:\/\/cleverkids.ee\/et\/\",\"logo\":{\"@type\":\"ImageObject\",\"inLanguage\":\"et\",\"@id\":\"https:\/\/cleverkids.ee\/et\/#\/schema\/logo\/image\/\",\"url\":\"https:\/\/cleverkids.ee\/wp-content\/uploads\/2024\/02\/image0-1024x1024.png\",\"contentUrl\":\"https:\/\/cleverkids.ee\/wp-content\/uploads\/2024\/02\/image0-1024x1024.png\",\"width\":1024,\"height\":1024,\"caption\":\"CLEVER KIDS\"},\"image\":{\"@id\":\"https:\/\/cleverkids.ee\/et\/#\/schema\/logo\/image\/\"},\"sameAs\":[\"https:\/\/www.facebook.com\/cleverkids.ee\/\",\"https:\/\/www.instagram.com\/cleverkids_ee\/\"]}]}<\/script>\n<!-- \/ Yoast SEO plugin. -->","yoast_head_json":{"title":"Ladumism\u00e4ng 2in1 \u201cGeomeetrilised kujundid\u201d -","description":"Ladumism\u00e4ng 2in1 \u201cGeomeetrilised kujundid\u201d - CLEVER KIDS","robots":{"index":"index","follow":"follow","max-snippet":"max-snippet:-1","max-image-preview":"max-image-preview:large","max-video-preview":"max-video-preview:-1"},"canonical":"https:\/\/cleverkids.ee\/et\/product\/derevyannaya-piramidka-sorter-s-geomet\/","og_locale":"et_EE","og_type":"article","og_title":"Ladumism\u00e4ng 2in1 \u201cGeomeetrilised kujundid\u201d -","og_description":"Ladumism\u00e4ng 2in1 \u201cGeomeetrilised kujundid\u201d - CLEVER KIDS","og_url":"https:\/\/cleverkids.ee\/et\/product\/derevyannaya-piramidka-sorter-s-geomet\/","og_site_name":"CLEVER KIDS","article_publisher":"https:\/\/www.facebook.com\/cleverkids.ee\/","article_modified_time":"2024-06-23T14:59:38+00:00","og_image":[{"width":800,"height":800,"url":"https:\/\/cleverkids.ee\/wp-content\/uploads\/2024\/05\/H3205e357332240f9ac43b535013ca2621_960x960-1.jpg","type":"image\/jpeg"}],"twitter_card":"summary_large_image","schema":{"@context":"https:\/\/schema.org","@graph":[{"@type":"WebPage","@id":"https:\/\/cleverkids.ee\/et\/product\/derevyannaya-piramidka-sorter-s-geomet\/","url":"https:\/\/cleverkids.ee\/et\/product\/derevyannaya-piramidka-sorter-s-geomet\/","name":"Ladumism\u00e4ng 2in1 \u201cGeomeetrilised kujundid\u201d -","isPartOf":{"@id":"https:\/\/cleverkids.ee\/et\/#website"},"primaryImageOfPage":{"@id":"https:\/\/cleverkids.ee\/et\/product\/derevyannaya-piramidka-sorter-s-geomet\/#primaryimage"},"image":{"@id":"https:\/\/cleverkids.ee\/et\/product\/derevyannaya-piramidka-sorter-s-geomet\/#primaryimage"},"thumbnailUrl":"https:\/\/cleverkids.ee\/wp-content\/uploads\/2024\/05\/H3205e357332240f9ac43b535013ca2621_960x960-1.jpg","datePublished":"2024-04-16T04:25:02+00:00","dateModified":"2024-06-23T14:59:38+00:00","description":"Ladumism\u00e4ng 2in1 \u201cGeomeetrilised kujundid\u201d - CLEVER KIDS","breadcrumb":{"@id":"https:\/\/cleverkids.ee\/et\/product\/derevyannaya-piramidka-sorter-s-geomet\/#breadcrumb"},"inLanguage":"et","potentialAction":[{"@type":"ReadAction","target":["https:\/\/cleverkids.ee\/et\/product\/derevyannaya-piramidka-sorter-s-geomet\/"]}]},{"@type":"ImageObject","inLanguage":"et","@id":"https:\/\/cleverkids.ee\/et\/product\/derevyannaya-piramidka-sorter-s-geomet\/#primaryimage","url":"https:\/\/cleverkids.ee\/wp-content\/uploads\/2024\/05\/H3205e357332240f9ac43b535013ca2621_960x960-1.jpg","contentUrl":"https:\/\/cleverkids.ee\/wp-content\/uploads\/2024\/05\/H3205e357332240f9ac43b535013ca2621_960x960-1.jpg","width":800,"height":800},{"@type":"BreadcrumbList","@id":"https:\/\/cleverkids.ee\/et\/product\/derevyannaya-piramidka-sorter-s-geomet\/#breadcrumb","itemListElement":[{"@type":"ListItem","position":1,"name":"Esileht","item":"https:\/\/cleverkids.ee\/et\/"},{"@type":"ListItem","position":2,"name":"Tooted","item":"https:\/\/cleverkids.ee\/store\/"},{"@type":"ListItem","position":3,"name":"Ladumism\u00e4ng 2in1 \u201cGeomeetrilised kujundid\u201d"}]},{"@type":"WebSite","@id":"https:\/\/cleverkids.ee\/et\/#website","url":"https:\/\/cleverkids.ee\/et\/","name":"CLEVER KIDS","description":"","publisher":{"@id":"https:\/\/cleverkids.ee\/et\/#organization"},"potentialAction":[{"@type":"SearchAction","target":{"@type":"EntryPoint","urlTemplate":"https:\/\/cleverkids.ee\/et\/?s={search_term_string}"},"query-input":{"@type":"PropertyValueSpecification","valueRequired":true,"valueName":"search_term_string"}}],"inLanguage":"et"},{"@type":"Organization","@id":"https:\/\/cleverkids.ee\/et\/#organization","name":"CLEVER KIDS","url":"https:\/\/cleverkids.ee\/et\/","logo":{"@type":"ImageObject","inLanguage":"et","@id":"https:\/\/cleverkids.ee\/et\/#\/schema\/logo\/image\/","url":"https:\/\/cleverkids.ee\/wp-content\/uploads\/2024\/02\/image0-1024x1024.png","contentUrl":"https:\/\/cleverkids.ee\/wp-content\/uploads\/2024\/02\/image0-1024x1024.png","width":1024,"height":1024,"caption":"CLEVER KIDS"},"image":{"@id":"https:\/\/cleverkids.ee\/et\/#\/schema\/logo\/image\/"},"sameAs":["https:\/\/www.facebook.com\/cleverkids.ee\/","https:\/\/www.instagram.com\/cleverkids_ee\/"]}]}},"_links":{"self":[{"href":"https:\/\/cleverkids.ee\/et\/wp-json\/wp\/v2\/product\/49028","targetHints":{"allow":["GET"]}}],"collection":[{"href":"https:\/\/cleverkids.ee\/et\/wp-json\/wp\/v2\/product"}],"about":[{"href":"https:\/\/cleverkids.ee\/et\/wp-json\/wp\/v2\/types\/product"}],"wp:featuredmedia":[{"embeddable":true,"href":"https:\/\/cleverkids.ee\/et\/wp-json\/wp\/v2\/media\/69738"}],"wp:attachment":[{"href":"https:\/\/cleverkids.ee\/et\/wp-json\/wp\/v2\/media?parent=49028"}],"wp:term":[{"taxonomy":"product_brand","embeddable":true,"href":"https:\/\/cleverkids.ee\/et\/wp-json\/wp\/v2\/product_brand?post=49028"},{"taxonomy":"product_cat","embeddable":true,"href":"https:\/\/cleverkids.ee\/et\/wp-json\/wp\/v2\/product_cat?post=49028"},{"taxonomy":"product_tag","embeddable":true,"href":"https:\/\/cleverkids.ee\/et\/wp-json\/wp\/v2\/product_tag?post=49028"}],"curies":[{"name":"wp","href":"https:\/\/api.w.org\/{rel}","templated":true}]}}