{"id":49196,"date":"2024-04-16T07:24:55","date_gmt":"2024-04-16T04:24:55","guid":{"rendered":"https:\/\/cleverkids.dev2.sdhost.eu\/product\/%d0%bd%d0%b0%d1%81%d1%82%d0%be%d0%bb%d1%8c%d0%bd%d0%b0%d1%8f-%d0%b8%d0%b3%d1%80%d0%b0-%d0%bd%d0%b0-%d0%b2%d0%bd%d0%b8%d0%bc%d0%b0%d0%bd%d0%b8%d0%b5-%d0%b8-%d1%80%d0%b5%d0%b0%d0%ba%d1%86%d0%b8%d1%8e\/"},"modified":"2025-11-11T22:49:11","modified_gmt":"2025-11-11T20:49:11","slug":"nastolnaya-igra-na-vnimanie-i-reaktsiyu","status":"publish","type":"product","link":"https:\/\/cleverkids.ee\/et\/product\/nastolnaya-igra-na-vnimanie-i-reaktsiyu\/","title":{"rendered":"T\u00e4helepanum\u00e4ng (dobble)"},"content":{"rendered":"<p>Dobble sarnane esemete \u00e4ratundmise m\u00e4ng. Jagatakse kaardid omavahel v\u00f5rdseks ja \u00fcks kaart j\u00e4etakse k\u00f5igile n\u00e4htavaks. M\u00e4ngijad \u00fcritavad leida kahel kaardil sarnast eset. Kaardid avatakse \u00fcksteise j\u00e4rel. See, kes m\u00e4rkab \u00fchist eset m\u00f5lemal kaardil esimesena, saab kaardi endale ning seej\u00e4rel avatakse eseme otsimiseks j\u00e4rgmine kaart jne. V\u00f5idab see, kes kogub k\u00f5ige rohkem kaarte.<\/p>\n<p>Kaartide arv: 54 pappkaarti.<\/p>\n<p>Sobib lastele vanuses 3 kuni 99 aastat.<\/p>\n<p>M\u00e4ngijate arv: 2-5 inimest<\/p>\n","protected":false},"excerpt":{"rendered":"<p>Dobble sarnane esemete \u00e4ratundmise m\u00e4ng. Jagatakse kaardid omavahel v\u00f5rdseks ja \u00fcks kaart j\u00e4etakse k\u00f5igile n\u00e4htavaks. M\u00e4ngijad \u00fcritavad leida kahel kaardil sarnast eset. Kaardid avatakse \u00fcksteise j\u00e4rel. See, kes m\u00e4rkab \u00fchist eset m\u00f5lemal kaardil esimesena, saab kaardi endale ning seej\u00e4rel avatakse eseme otsimiseks j\u00e4rgmine kaart jne. V\u00f5idab see, kes kogub k\u00f5ige rohkem kaarte. Kaartide arv: 54 [&hellip;]<\/p>\n","protected":false},"featured_media":69570,"template":"","meta":{"_monsterinsights_skip_tracking":false,"_monsterinsights_sitenote_active":false,"_monsterinsights_sitenote_note":"","_monsterinsights_sitenote_category":0},"product_brand":[],"product_cat":[50,55,58],"product_tag":[],"class_list":{"0":"post-49196","1":"product","2":"type-product","3":"status-publish","4":"has-post-thumbnail","6":"product_cat-arendavad-manguasjad","7":"product_cat-lauamangud","8":"product_cat-unkategorized","9":"pa_vozrast-ot-5-let-et","11":"first","12":"instock","13":"shipping-taxable","14":"purchasable","15":"product-type-simple"},"yoast_head":"<!-- This site is optimized with the Yoast SEO plugin v25.0 - https:\/\/yoast.com\/wordpress\/plugins\/seo\/ -->\n<title>T\u00e4helepanum\u00e4ng (dobble) -<\/title>\n<meta name=\"description\" content=\"T\u00e4helepanum\u00e4ng (dobble) - CLEVER KIDS\" \/>\n<meta name=\"robots\" content=\"index, follow, max-snippet:-1, max-image-preview:large, max-video-preview:-1\" \/>\n<link rel=\"canonical\" href=\"https:\/\/cleverkids.ee\/et\/product\/nastolnaya-igra-na-vnimanie-i-reaktsiyu\/\" \/>\n<meta property=\"og:locale\" content=\"et_EE\" \/>\n<meta property=\"og:type\" content=\"article\" \/>\n<meta property=\"og:title\" content=\"T\u00e4helepanum\u00e4ng (dobble) -\" \/>\n<meta property=\"og:description\" content=\"T\u00e4helepanum\u00e4ng (dobble) - CLEVER KIDS\" \/>\n<meta property=\"og:url\" content=\"https:\/\/cleverkids.ee\/et\/product\/nastolnaya-igra-na-vnimanie-i-reaktsiyu\/\" \/>\n<meta property=\"og:site_name\" content=\"CLEVER KIDS\" \/>\n<meta property=\"article:publisher\" content=\"https:\/\/www.facebook.com\/cleverkids.ee\/\" \/>\n<meta property=\"article:modified_time\" content=\"2025-11-11T20:49:11+00:00\" \/>\n<meta property=\"og:image\" content=\"https:\/\/cleverkids.ee\/wp-content\/uploads\/2024\/05\/Hb86df71a1abd4f82a6d614ff84414b54Q_960x960-1.jpg\" \/>\n\t<meta property=\"og:image:width\" content=\"960\" \/>\n\t<meta property=\"og:image:height\" content=\"960\" \/>\n\t<meta property=\"og:image:type\" content=\"image\/jpeg\" \/>\n<meta name=\"twitter:card\" content=\"summary_large_image\" \/>\n<script type=\"application\/ld+json\" class=\"yoast-schema-graph\">{\"@context\":\"https:\/\/schema.org\",\"@graph\":[{\"@type\":\"WebPage\",\"@id\":\"https:\/\/cleverkids.ee\/et\/product\/nastolnaya-igra-na-vnimanie-i-reaktsiyu\/\",\"url\":\"https:\/\/cleverkids.ee\/et\/product\/nastolnaya-igra-na-vnimanie-i-reaktsiyu\/\",\"name\":\"T\u00e4helepanum\u00e4ng (dobble) -\",\"isPartOf\":{\"@id\":\"https:\/\/cleverkids.ee\/et\/#website\"},\"primaryImageOfPage\":{\"@id\":\"https:\/\/cleverkids.ee\/et\/product\/nastolnaya-igra-na-vnimanie-i-reaktsiyu\/#primaryimage\"},\"image\":{\"@id\":\"https:\/\/cleverkids.ee\/et\/product\/nastolnaya-igra-na-vnimanie-i-reaktsiyu\/#primaryimage\"},\"thumbnailUrl\":\"https:\/\/cleverkids.ee\/wp-content\/uploads\/2024\/05\/Hb86df71a1abd4f82a6d614ff84414b54Q_960x960-1.jpg\",\"datePublished\":\"2024-04-16T04:24:55+00:00\",\"dateModified\":\"2025-11-11T20:49:11+00:00\",\"description\":\"T\u00e4helepanum\u00e4ng (dobble) - CLEVER KIDS\",\"breadcrumb\":{\"@id\":\"https:\/\/cleverkids.ee\/et\/product\/nastolnaya-igra-na-vnimanie-i-reaktsiyu\/#breadcrumb\"},\"inLanguage\":\"et\",\"potentialAction\":[{\"@type\":\"ReadAction\",\"target\":[\"https:\/\/cleverkids.ee\/et\/product\/nastolnaya-igra-na-vnimanie-i-reaktsiyu\/\"]}]},{\"@type\":\"ImageObject\",\"inLanguage\":\"et\",\"@id\":\"https:\/\/cleverkids.ee\/et\/product\/nastolnaya-igra-na-vnimanie-i-reaktsiyu\/#primaryimage\",\"url\":\"https:\/\/cleverkids.ee\/wp-content\/uploads\/2024\/05\/Hb86df71a1abd4f82a6d614ff84414b54Q_960x960-1.jpg\",\"contentUrl\":\"https:\/\/cleverkids.ee\/wp-content\/uploads\/2024\/05\/Hb86df71a1abd4f82a6d614ff84414b54Q_960x960-1.jpg\",\"width\":960,\"height\":960},{\"@type\":\"BreadcrumbList\",\"@id\":\"https:\/\/cleverkids.ee\/et\/product\/nastolnaya-igra-na-vnimanie-i-reaktsiyu\/#breadcrumb\",\"itemListElement\":[{\"@type\":\"ListItem\",\"position\":1,\"name\":\"Esileht\",\"item\":\"https:\/\/cleverkids.ee\/et\/\"},{\"@type\":\"ListItem\",\"position\":2,\"name\":\"Tooted\",\"item\":\"https:\/\/cleverkids.ee\/store\/\"},{\"@type\":\"ListItem\",\"position\":3,\"name\":\"T\u00e4helepanum\u00e4ng (dobble)\"}]},{\"@type\":\"WebSite\",\"@id\":\"https:\/\/cleverkids.ee\/et\/#website\",\"url\":\"https:\/\/cleverkids.ee\/et\/\",\"name\":\"CLEVER KIDS\",\"description\":\"\",\"publisher\":{\"@id\":\"https:\/\/cleverkids.ee\/et\/#organization\"},\"potentialAction\":[{\"@type\":\"SearchAction\",\"target\":{\"@type\":\"EntryPoint\",\"urlTemplate\":\"https:\/\/cleverkids.ee\/et\/?s={search_term_string}\"},\"query-input\":{\"@type\":\"PropertyValueSpecification\",\"valueRequired\":true,\"valueName\":\"search_term_string\"}}],\"inLanguage\":\"et\"},{\"@type\":\"Organization\",\"@id\":\"https:\/\/cleverkids.ee\/et\/#organization\",\"name\":\"CLEVER KIDS\",\"url\":\"https:\/\/cleverkids.ee\/et\/\",\"logo\":{\"@type\":\"ImageObject\",\"inLanguage\":\"et\",\"@id\":\"https:\/\/cleverkids.ee\/et\/#\/schema\/logo\/image\/\",\"url\":\"https:\/\/cleverkids.ee\/wp-content\/uploads\/2024\/02\/image0-1024x1024.png\",\"contentUrl\":\"https:\/\/cleverkids.ee\/wp-content\/uploads\/2024\/02\/image0-1024x1024.png\",\"width\":1024,\"height\":1024,\"caption\":\"CLEVER KIDS\"},\"image\":{\"@id\":\"https:\/\/cleverkids.ee\/et\/#\/schema\/logo\/image\/\"},\"sameAs\":[\"https:\/\/www.facebook.com\/cleverkids.ee\/\",\"https:\/\/www.instagram.com\/cleverkids_ee\/\"]}]}<\/script>\n<!-- \/ Yoast SEO plugin. -->","yoast_head_json":{"title":"T\u00e4helepanum\u00e4ng (dobble) -","description":"T\u00e4helepanum\u00e4ng (dobble) - CLEVER KIDS","robots":{"index":"index","follow":"follow","max-snippet":"max-snippet:-1","max-image-preview":"max-image-preview:large","max-video-preview":"max-video-preview:-1"},"canonical":"https:\/\/cleverkids.ee\/et\/product\/nastolnaya-igra-na-vnimanie-i-reaktsiyu\/","og_locale":"et_EE","og_type":"article","og_title":"T\u00e4helepanum\u00e4ng (dobble) -","og_description":"T\u00e4helepanum\u00e4ng (dobble) - CLEVER KIDS","og_url":"https:\/\/cleverkids.ee\/et\/product\/nastolnaya-igra-na-vnimanie-i-reaktsiyu\/","og_site_name":"CLEVER KIDS","article_publisher":"https:\/\/www.facebook.com\/cleverkids.ee\/","article_modified_time":"2025-11-11T20:49:11+00:00","og_image":[{"width":960,"height":960,"url":"https:\/\/cleverkids.ee\/wp-content\/uploads\/2024\/05\/Hb86df71a1abd4f82a6d614ff84414b54Q_960x960-1.jpg","type":"image\/jpeg"}],"twitter_card":"summary_large_image","schema":{"@context":"https:\/\/schema.org","@graph":[{"@type":"WebPage","@id":"https:\/\/cleverkids.ee\/et\/product\/nastolnaya-igra-na-vnimanie-i-reaktsiyu\/","url":"https:\/\/cleverkids.ee\/et\/product\/nastolnaya-igra-na-vnimanie-i-reaktsiyu\/","name":"T\u00e4helepanum\u00e4ng (dobble) -","isPartOf":{"@id":"https:\/\/cleverkids.ee\/et\/#website"},"primaryImageOfPage":{"@id":"https:\/\/cleverkids.ee\/et\/product\/nastolnaya-igra-na-vnimanie-i-reaktsiyu\/#primaryimage"},"image":{"@id":"https:\/\/cleverkids.ee\/et\/product\/nastolnaya-igra-na-vnimanie-i-reaktsiyu\/#primaryimage"},"thumbnailUrl":"https:\/\/cleverkids.ee\/wp-content\/uploads\/2024\/05\/Hb86df71a1abd4f82a6d614ff84414b54Q_960x960-1.jpg","datePublished":"2024-04-16T04:24:55+00:00","dateModified":"2025-11-11T20:49:11+00:00","description":"T\u00e4helepanum\u00e4ng (dobble) - CLEVER KIDS","breadcrumb":{"@id":"https:\/\/cleverkids.ee\/et\/product\/nastolnaya-igra-na-vnimanie-i-reaktsiyu\/#breadcrumb"},"inLanguage":"et","potentialAction":[{"@type":"ReadAction","target":["https:\/\/cleverkids.ee\/et\/product\/nastolnaya-igra-na-vnimanie-i-reaktsiyu\/"]}]},{"@type":"ImageObject","inLanguage":"et","@id":"https:\/\/cleverkids.ee\/et\/product\/nastolnaya-igra-na-vnimanie-i-reaktsiyu\/#primaryimage","url":"https:\/\/cleverkids.ee\/wp-content\/uploads\/2024\/05\/Hb86df71a1abd4f82a6d614ff84414b54Q_960x960-1.jpg","contentUrl":"https:\/\/cleverkids.ee\/wp-content\/uploads\/2024\/05\/Hb86df71a1abd4f82a6d614ff84414b54Q_960x960-1.jpg","width":960,"height":960},{"@type":"BreadcrumbList","@id":"https:\/\/cleverkids.ee\/et\/product\/nastolnaya-igra-na-vnimanie-i-reaktsiyu\/#breadcrumb","itemListElement":[{"@type":"ListItem","position":1,"name":"Esileht","item":"https:\/\/cleverkids.ee\/et\/"},{"@type":"ListItem","position":2,"name":"Tooted","item":"https:\/\/cleverkids.ee\/store\/"},{"@type":"ListItem","position":3,"name":"T\u00e4helepanum\u00e4ng (dobble)"}]},{"@type":"WebSite","@id":"https:\/\/cleverkids.ee\/et\/#website","url":"https:\/\/cleverkids.ee\/et\/","name":"CLEVER KIDS","description":"","publisher":{"@id":"https:\/\/cleverkids.ee\/et\/#organization"},"potentialAction":[{"@type":"SearchAction","target":{"@type":"EntryPoint","urlTemplate":"https:\/\/cleverkids.ee\/et\/?s={search_term_string}"},"query-input":{"@type":"PropertyValueSpecification","valueRequired":true,"valueName":"search_term_string"}}],"inLanguage":"et"},{"@type":"Organization","@id":"https:\/\/cleverkids.ee\/et\/#organization","name":"CLEVER KIDS","url":"https:\/\/cleverkids.ee\/et\/","logo":{"@type":"ImageObject","inLanguage":"et","@id":"https:\/\/cleverkids.ee\/et\/#\/schema\/logo\/image\/","url":"https:\/\/cleverkids.ee\/wp-content\/uploads\/2024\/02\/image0-1024x1024.png","contentUrl":"https:\/\/cleverkids.ee\/wp-content\/uploads\/2024\/02\/image0-1024x1024.png","width":1024,"height":1024,"caption":"CLEVER KIDS"},"image":{"@id":"https:\/\/cleverkids.ee\/et\/#\/schema\/logo\/image\/"},"sameAs":["https:\/\/www.facebook.com\/cleverkids.ee\/","https:\/\/www.instagram.com\/cleverkids_ee\/"]}]}},"_links":{"self":[{"href":"https:\/\/cleverkids.ee\/et\/wp-json\/wp\/v2\/product\/49196","targetHints":{"allow":["GET"]}}],"collection":[{"href":"https:\/\/cleverkids.ee\/et\/wp-json\/wp\/v2\/product"}],"about":[{"href":"https:\/\/cleverkids.ee\/et\/wp-json\/wp\/v2\/types\/product"}],"wp:featuredmedia":[{"embeddable":true,"href":"https:\/\/cleverkids.ee\/et\/wp-json\/wp\/v2\/media\/69570"}],"wp:attachment":[{"href":"https:\/\/cleverkids.ee\/et\/wp-json\/wp\/v2\/media?parent=49196"}],"wp:term":[{"taxonomy":"product_brand","embeddable":true,"href":"https:\/\/cleverkids.ee\/et\/wp-json\/wp\/v2\/product_brand?post=49196"},{"taxonomy":"product_cat","embeddable":true,"href":"https:\/\/cleverkids.ee\/et\/wp-json\/wp\/v2\/product_cat?post=49196"},{"taxonomy":"product_tag","embeddable":true,"href":"https:\/\/cleverkids.ee\/et\/wp-json\/wp\/v2\/product_tag?post=49196"}],"curies":[{"name":"wp","href":"https:\/\/api.w.org\/{rel}","templated":true}]}}