{"id":49220,"date":"2024-04-16T07:24:55","date_gmt":"2024-04-16T04:24:55","guid":{"rendered":"https:\/\/cleverkids.dev2.sdhost.eu\/product\/%d0%bd%d0%b0%d1%81%d1%82%d0%be%d0%bb%d1%8c%d0%bd%d0%b0%d1%8f-%d0%b8%d0%b3%d1%80%d0%b0-%d1%81%d1%83%d0%bc%d0%b0%d1%81%d1%88%d0%b5%d0%b4%d1%88%d0%b8%d0%b9-%d0%bc%d0%b0%d0%b3%d0%b0%d0%b7%d0%b8%d0%bd\/"},"modified":"2024-09-05T20:03:56","modified_gmt":"2024-09-05T17:03:56","slug":"nastolnaya-igra-sumasshedshij-magazin","status":"publish","type":"product","link":"https:\/\/cleverkids.ee\/et\/product\/nastolnaya-igra-sumasshedshij-magazin\/","title":{"rendered":"Lauam\u00e4ng \u201cHull pood\u201d kellaga"},"content":{"rendered":"<p>P\u00f5nev m\u00e4ng kogu perele, mis annab v\u00f5imalust koos kasulikult aega veeta. Arendab loovat kujutlusv\u00f5imet, visuaalset koordinatsiooni ja k\u00e4te motoorseid oskusi ning keskendumisv\u00f5imet.<\/p>\n<p>Kuidas m\u00e4ngida?<\/p>\n<p>\u00dcksikm\u00e4ngu puhul tuleb kaardipakist v\u00e4lja t\u00f5mmata \u00fclesandekaart ja koguda n\u00e4idise j\u00e4rgi puidust osi.<\/p>\n<p>Seltskonnas m\u00e4ngides on vaja igale m\u00e4ngijale v\u00e4rvide kaupa puidist osi jagada, laua keskele asetada kaardid \u00fclesannetega, et nende sisu ei oleks n\u00e4ha, ning selle k\u00f5rvale panna kelluke. Seej\u00e4rel p\u00f6\u00f6rab \u00fcks m\u00e4ngijatest kaardi \u00fcmber ja k\u00f5ik m\u00e4ngijad panevad kokku vastavalt n\u00e4idisele puidust osi. See, kes esimesena paneb \u00f5igesti puidust osad kokku, peab vajutama kella. V\u00f5idab see, kellel on k\u00f5ige rohkem \u00fclesannetega kaarte.<\/p>\n<p>M\u00e4ng sisaldab 36 kaarti, 36 puidust osa ja 1 kellukest.<\/p>\n<p>Karbi suurus \u2013 23x23x5cm<\/p>\n<p>Sobiv vanus alates 4. eluaastast<\/p>\n","protected":false},"excerpt":{"rendered":"<p>P\u00f5nev m\u00e4ng kogu perele, mis annab v\u00f5imalust koos kasulikult aega veeta. Arendab loovat kujutlusv\u00f5imet, visuaalset koordinatsiooni ja k\u00e4te motoorseid oskusi ning keskendumisv\u00f5imet. Kuidas m\u00e4ngida? \u00dcksikm\u00e4ngu puhul tuleb kaardipakist v\u00e4lja t\u00f5mmata \u00fclesandekaart ja koguda n\u00e4idise j\u00e4rgi puidust osi. Seltskonnas m\u00e4ngides on vaja igale m\u00e4ngijale v\u00e4rvide kaupa puidist osi jagada, laua keskele asetada kaardid \u00fclesannetega, et nende [&hellip;]<\/p>\n","protected":false},"featured_media":69618,"template":"","meta":{"_monsterinsights_skip_tracking":false,"_monsterinsights_sitenote_active":false,"_monsterinsights_sitenote_note":"","_monsterinsights_sitenote_category":0},"product_brand":[],"product_cat":[55,58],"product_tag":[],"class_list":{"0":"post-49220","1":"product","2":"type-product","3":"status-publish","4":"has-post-thumbnail","6":"product_cat-lauamangud","7":"product_cat-unkategorized","8":"pa_vozrast-ot-5-let-et","10":"first","11":"instock","12":"shipping-taxable","13":"purchasable","14":"product-type-simple"},"yoast_head":"<!-- This site is optimized with the Yoast SEO plugin v25.0 - https:\/\/yoast.com\/wordpress\/plugins\/seo\/ -->\n<title>Lauam\u00e4ng \u201cHull pood\u201d kellaga -<\/title>\n<meta name=\"description\" content=\"Lauam\u00e4ng \u201cHull pood\u201d kellaga - CLEVER KIDS\" \/>\n<meta name=\"robots\" content=\"index, follow, max-snippet:-1, max-image-preview:large, max-video-preview:-1\" \/>\n<link rel=\"canonical\" href=\"https:\/\/cleverkids.ee\/et\/product\/nastolnaya-igra-sumasshedshij-magazin\/\" \/>\n<meta property=\"og:locale\" content=\"et_EE\" \/>\n<meta property=\"og:type\" content=\"article\" \/>\n<meta property=\"og:title\" content=\"Lauam\u00e4ng \u201cHull pood\u201d kellaga -\" \/>\n<meta property=\"og:description\" content=\"Lauam\u00e4ng \u201cHull pood\u201d kellaga - CLEVER KIDS\" \/>\n<meta property=\"og:url\" content=\"https:\/\/cleverkids.ee\/et\/product\/nastolnaya-igra-sumasshedshij-magazin\/\" \/>\n<meta property=\"og:site_name\" content=\"CLEVER KIDS\" \/>\n<meta property=\"article:publisher\" content=\"https:\/\/www.facebook.com\/cleverkids.ee\/\" \/>\n<meta property=\"article:modified_time\" content=\"2024-09-05T17:03:56+00:00\" \/>\n<meta property=\"og:image\" content=\"https:\/\/cleverkids.ee\/wp-content\/uploads\/2024\/05\/H927ffe47e70a4aaaacd9c000165a0a03b_960x960-1.png\" \/>\n\t<meta property=\"og:image:width\" content=\"588\" \/>\n\t<meta property=\"og:image:height\" content=\"589\" \/>\n\t<meta property=\"og:image:type\" content=\"image\/png\" \/>\n<meta name=\"twitter:card\" content=\"summary_large_image\" \/>\n<meta name=\"twitter:label1\" content=\"Est. reading time\" \/>\n\t<meta name=\"twitter:data1\" content=\"1 minut\" \/>\n<script type=\"application\/ld+json\" class=\"yoast-schema-graph\">{\"@context\":\"https:\/\/schema.org\",\"@graph\":[{\"@type\":\"WebPage\",\"@id\":\"https:\/\/cleverkids.ee\/et\/product\/nastolnaya-igra-sumasshedshij-magazin\/\",\"url\":\"https:\/\/cleverkids.ee\/et\/product\/nastolnaya-igra-sumasshedshij-magazin\/\",\"name\":\"Lauam\u00e4ng \u201cHull pood\u201d kellaga -\",\"isPartOf\":{\"@id\":\"https:\/\/cleverkids.ee\/et\/#website\"},\"primaryImageOfPage\":{\"@id\":\"https:\/\/cleverkids.ee\/et\/product\/nastolnaya-igra-sumasshedshij-magazin\/#primaryimage\"},\"image\":{\"@id\":\"https:\/\/cleverkids.ee\/et\/product\/nastolnaya-igra-sumasshedshij-magazin\/#primaryimage\"},\"thumbnailUrl\":\"https:\/\/cleverkids.ee\/wp-content\/uploads\/2024\/05\/H927ffe47e70a4aaaacd9c000165a0a03b_960x960-1.png\",\"datePublished\":\"2024-04-16T04:24:55+00:00\",\"dateModified\":\"2024-09-05T17:03:56+00:00\",\"description\":\"Lauam\u00e4ng \u201cHull pood\u201d kellaga - CLEVER KIDS\",\"breadcrumb\":{\"@id\":\"https:\/\/cleverkids.ee\/et\/product\/nastolnaya-igra-sumasshedshij-magazin\/#breadcrumb\"},\"inLanguage\":\"et\",\"potentialAction\":[{\"@type\":\"ReadAction\",\"target\":[\"https:\/\/cleverkids.ee\/et\/product\/nastolnaya-igra-sumasshedshij-magazin\/\"]}]},{\"@type\":\"ImageObject\",\"inLanguage\":\"et\",\"@id\":\"https:\/\/cleverkids.ee\/et\/product\/nastolnaya-igra-sumasshedshij-magazin\/#primaryimage\",\"url\":\"https:\/\/cleverkids.ee\/wp-content\/uploads\/2024\/05\/H927ffe47e70a4aaaacd9c000165a0a03b_960x960-1.png\",\"contentUrl\":\"https:\/\/cleverkids.ee\/wp-content\/uploads\/2024\/05\/H927ffe47e70a4aaaacd9c000165a0a03b_960x960-1.png\",\"width\":588,\"height\":589},{\"@type\":\"BreadcrumbList\",\"@id\":\"https:\/\/cleverkids.ee\/et\/product\/nastolnaya-igra-sumasshedshij-magazin\/#breadcrumb\",\"itemListElement\":[{\"@type\":\"ListItem\",\"position\":1,\"name\":\"Esileht\",\"item\":\"https:\/\/cleverkids.ee\/et\/\"},{\"@type\":\"ListItem\",\"position\":2,\"name\":\"Tooted\",\"item\":\"https:\/\/cleverkids.ee\/store\/\"},{\"@type\":\"ListItem\",\"position\":3,\"name\":\"Lauam\u00e4ng \u201cHull pood\u201d kellaga\"}]},{\"@type\":\"WebSite\",\"@id\":\"https:\/\/cleverkids.ee\/et\/#website\",\"url\":\"https:\/\/cleverkids.ee\/et\/\",\"name\":\"CLEVER KIDS\",\"description\":\"\",\"publisher\":{\"@id\":\"https:\/\/cleverkids.ee\/et\/#organization\"},\"potentialAction\":[{\"@type\":\"SearchAction\",\"target\":{\"@type\":\"EntryPoint\",\"urlTemplate\":\"https:\/\/cleverkids.ee\/et\/?s={search_term_string}\"},\"query-input\":{\"@type\":\"PropertyValueSpecification\",\"valueRequired\":true,\"valueName\":\"search_term_string\"}}],\"inLanguage\":\"et\"},{\"@type\":\"Organization\",\"@id\":\"https:\/\/cleverkids.ee\/et\/#organization\",\"name\":\"CLEVER KIDS\",\"url\":\"https:\/\/cleverkids.ee\/et\/\",\"logo\":{\"@type\":\"ImageObject\",\"inLanguage\":\"et\",\"@id\":\"https:\/\/cleverkids.ee\/et\/#\/schema\/logo\/image\/\",\"url\":\"https:\/\/cleverkids.ee\/wp-content\/uploads\/2024\/02\/image0-1024x1024.png\",\"contentUrl\":\"https:\/\/cleverkids.ee\/wp-content\/uploads\/2024\/02\/image0-1024x1024.png\",\"width\":1024,\"height\":1024,\"caption\":\"CLEVER KIDS\"},\"image\":{\"@id\":\"https:\/\/cleverkids.ee\/et\/#\/schema\/logo\/image\/\"},\"sameAs\":[\"https:\/\/www.facebook.com\/cleverkids.ee\/\",\"https:\/\/www.instagram.com\/cleverkids_ee\/\"]}]}<\/script>\n<!-- \/ Yoast SEO plugin. -->","yoast_head_json":{"title":"Lauam\u00e4ng \u201cHull pood\u201d kellaga -","description":"Lauam\u00e4ng \u201cHull pood\u201d kellaga - CLEVER KIDS","robots":{"index":"index","follow":"follow","max-snippet":"max-snippet:-1","max-image-preview":"max-image-preview:large","max-video-preview":"max-video-preview:-1"},"canonical":"https:\/\/cleverkids.ee\/et\/product\/nastolnaya-igra-sumasshedshij-magazin\/","og_locale":"et_EE","og_type":"article","og_title":"Lauam\u00e4ng \u201cHull pood\u201d kellaga -","og_description":"Lauam\u00e4ng \u201cHull pood\u201d kellaga - CLEVER KIDS","og_url":"https:\/\/cleverkids.ee\/et\/product\/nastolnaya-igra-sumasshedshij-magazin\/","og_site_name":"CLEVER KIDS","article_publisher":"https:\/\/www.facebook.com\/cleverkids.ee\/","article_modified_time":"2024-09-05T17:03:56+00:00","og_image":[{"width":588,"height":589,"url":"https:\/\/cleverkids.ee\/wp-content\/uploads\/2024\/05\/H927ffe47e70a4aaaacd9c000165a0a03b_960x960-1.png","type":"image\/png"}],"twitter_card":"summary_large_image","twitter_misc":{"Est. reading time":"1 minut"},"schema":{"@context":"https:\/\/schema.org","@graph":[{"@type":"WebPage","@id":"https:\/\/cleverkids.ee\/et\/product\/nastolnaya-igra-sumasshedshij-magazin\/","url":"https:\/\/cleverkids.ee\/et\/product\/nastolnaya-igra-sumasshedshij-magazin\/","name":"Lauam\u00e4ng \u201cHull pood\u201d kellaga -","isPartOf":{"@id":"https:\/\/cleverkids.ee\/et\/#website"},"primaryImageOfPage":{"@id":"https:\/\/cleverkids.ee\/et\/product\/nastolnaya-igra-sumasshedshij-magazin\/#primaryimage"},"image":{"@id":"https:\/\/cleverkids.ee\/et\/product\/nastolnaya-igra-sumasshedshij-magazin\/#primaryimage"},"thumbnailUrl":"https:\/\/cleverkids.ee\/wp-content\/uploads\/2024\/05\/H927ffe47e70a4aaaacd9c000165a0a03b_960x960-1.png","datePublished":"2024-04-16T04:24:55+00:00","dateModified":"2024-09-05T17:03:56+00:00","description":"Lauam\u00e4ng \u201cHull pood\u201d kellaga - CLEVER KIDS","breadcrumb":{"@id":"https:\/\/cleverkids.ee\/et\/product\/nastolnaya-igra-sumasshedshij-magazin\/#breadcrumb"},"inLanguage":"et","potentialAction":[{"@type":"ReadAction","target":["https:\/\/cleverkids.ee\/et\/product\/nastolnaya-igra-sumasshedshij-magazin\/"]}]},{"@type":"ImageObject","inLanguage":"et","@id":"https:\/\/cleverkids.ee\/et\/product\/nastolnaya-igra-sumasshedshij-magazin\/#primaryimage","url":"https:\/\/cleverkids.ee\/wp-content\/uploads\/2024\/05\/H927ffe47e70a4aaaacd9c000165a0a03b_960x960-1.png","contentUrl":"https:\/\/cleverkids.ee\/wp-content\/uploads\/2024\/05\/H927ffe47e70a4aaaacd9c000165a0a03b_960x960-1.png","width":588,"height":589},{"@type":"BreadcrumbList","@id":"https:\/\/cleverkids.ee\/et\/product\/nastolnaya-igra-sumasshedshij-magazin\/#breadcrumb","itemListElement":[{"@type":"ListItem","position":1,"name":"Esileht","item":"https:\/\/cleverkids.ee\/et\/"},{"@type":"ListItem","position":2,"name":"Tooted","item":"https:\/\/cleverkids.ee\/store\/"},{"@type":"ListItem","position":3,"name":"Lauam\u00e4ng \u201cHull pood\u201d kellaga"}]},{"@type":"WebSite","@id":"https:\/\/cleverkids.ee\/et\/#website","url":"https:\/\/cleverkids.ee\/et\/","name":"CLEVER KIDS","description":"","publisher":{"@id":"https:\/\/cleverkids.ee\/et\/#organization"},"potentialAction":[{"@type":"SearchAction","target":{"@type":"EntryPoint","urlTemplate":"https:\/\/cleverkids.ee\/et\/?s={search_term_string}"},"query-input":{"@type":"PropertyValueSpecification","valueRequired":true,"valueName":"search_term_string"}}],"inLanguage":"et"},{"@type":"Organization","@id":"https:\/\/cleverkids.ee\/et\/#organization","name":"CLEVER KIDS","url":"https:\/\/cleverkids.ee\/et\/","logo":{"@type":"ImageObject","inLanguage":"et","@id":"https:\/\/cleverkids.ee\/et\/#\/schema\/logo\/image\/","url":"https:\/\/cleverkids.ee\/wp-content\/uploads\/2024\/02\/image0-1024x1024.png","contentUrl":"https:\/\/cleverkids.ee\/wp-content\/uploads\/2024\/02\/image0-1024x1024.png","width":1024,"height":1024,"caption":"CLEVER KIDS"},"image":{"@id":"https:\/\/cleverkids.ee\/et\/#\/schema\/logo\/image\/"},"sameAs":["https:\/\/www.facebook.com\/cleverkids.ee\/","https:\/\/www.instagram.com\/cleverkids_ee\/"]}]}},"_links":{"self":[{"href":"https:\/\/cleverkids.ee\/et\/wp-json\/wp\/v2\/product\/49220","targetHints":{"allow":["GET"]}}],"collection":[{"href":"https:\/\/cleverkids.ee\/et\/wp-json\/wp\/v2\/product"}],"about":[{"href":"https:\/\/cleverkids.ee\/et\/wp-json\/wp\/v2\/types\/product"}],"wp:featuredmedia":[{"embeddable":true,"href":"https:\/\/cleverkids.ee\/et\/wp-json\/wp\/v2\/media\/69618"}],"wp:attachment":[{"href":"https:\/\/cleverkids.ee\/et\/wp-json\/wp\/v2\/media?parent=49220"}],"wp:term":[{"taxonomy":"product_brand","embeddable":true,"href":"https:\/\/cleverkids.ee\/et\/wp-json\/wp\/v2\/product_brand?post=49220"},{"taxonomy":"product_cat","embeddable":true,"href":"https:\/\/cleverkids.ee\/et\/wp-json\/wp\/v2\/product_cat?post=49220"},{"taxonomy":"product_tag","embeddable":true,"href":"https:\/\/cleverkids.ee\/et\/wp-json\/wp\/v2\/product_tag?post=49220"}],"curies":[{"name":"wp","href":"https:\/\/api.w.org\/{rel}","templated":true}]}}