{"id":49227,"date":"2024-04-16T07:24:55","date_gmt":"2024-04-16T04:24:55","guid":{"rendered":"https:\/\/cleverkids.dev2.sdhost.eu\/product\/%d0%bd%d0%b0%d1%81%d1%82%d0%be%d0%bb%d1%8c%d0%bd%d0%b0%d1%8f-%d0%b8%d0%b3%d1%80%d0%b0-%d1%81%d0%be%d0%b1%d0%b5%d1%80%d0%b8-%d0%bf%d0%be-%d0%be%d0%b1%d1%80%d0%b0%d0%b7%d1%86%d1%83-%d1%81%d0%be\/"},"modified":"2024-06-23T17:59:38","modified_gmt":"2024-06-23T14:59:38","slug":"nastolnaya-igra-soberi-po-obraztsu-so","status":"publish","type":"product","link":"https:\/\/cleverkids.ee\/et\/product\/nastolnaya-igra-soberi-po-obraztsu-so\/","title":{"rendered":"Lauam\u00e4ng \u201cLoogika kast\u201d"},"content":{"rendered":"<p>M\u00e4ngul on 3 raskusastet.<\/p>\n<p>Kes esimesena paneb kokku k\u00f5ik osad nii nagu on pildil ette antud vajutab kellale. M\u00e4ngu osalejad kontrollivad kas konstruktsioon on \u00f5igesti kokku pandud ja kui k\u00f5ik on \u00f5igesti tehtud, siis saab esimene kella vajutaja 1 punkti ja m\u00e4ng j\u00e4tkub. M\u00e4ng on v\u00e4ga p\u00f5nev, n\u00f5uab keskendumist, t\u00e4helepanu, t\u00e4psust ja tekitab ka palju positiivseid emotsioone!<\/p>\n<p>Komplekt koosneb: 48 puistosa 4 erinevas v\u00e4rvitoonis, 50 kahepoolset kaarti ja 1 metallkell.<\/p>\n<p>M\u00e4ngijate arv: 2 kuni 4<\/p>\n<p>&nbsp;<\/p>\n","protected":false},"excerpt":{"rendered":"<p>M\u00e4ngul on 3 raskusastet. Kes esimesena paneb kokku k\u00f5ik osad nii nagu on pildil ette antud vajutab kellale. M\u00e4ngu osalejad kontrollivad kas konstruktsioon on \u00f5igesti kokku pandud ja kui k\u00f5ik on \u00f5igesti tehtud, siis saab esimene kella vajutaja 1 punkti ja m\u00e4ng j\u00e4tkub. M\u00e4ng on v\u00e4ga p\u00f5nev, n\u00f5uab keskendumist, t\u00e4helepanu, t\u00e4psust ja tekitab ka palju [&hellip;]<\/p>\n","protected":false},"featured_media":69627,"template":"","meta":{"_monsterinsights_skip_tracking":false,"_monsterinsights_sitenote_active":false,"_monsterinsights_sitenote_note":"","_monsterinsights_sitenote_category":0},"product_brand":[],"product_cat":[50,55,58],"product_tag":[],"class_list":{"0":"post-49227","1":"product","2":"type-product","3":"status-publish","4":"has-post-thumbnail","6":"product_cat-arendavad-manguasjad","7":"product_cat-lauamangud","8":"product_cat-unkategorized","9":"pa_vozrast-ot-5-let-et","11":"first","12":"instock","13":"shipping-taxable","14":"purchasable","15":"product-type-simple"},"yoast_head":"<!-- This site is optimized with the Yoast SEO plugin v25.0 - https:\/\/yoast.com\/wordpress\/plugins\/seo\/ -->\n<title>Lauam\u00e4ng \u201cLoogika kast\u201d -<\/title>\n<meta name=\"description\" content=\"Lauam\u00e4ng \u201cLoogika kast\u201d - CLEVER KIDS\" \/>\n<meta name=\"robots\" content=\"index, follow, max-snippet:-1, max-image-preview:large, max-video-preview:-1\" \/>\n<link rel=\"canonical\" href=\"https:\/\/cleverkids.ee\/et\/product\/nastolnaya-igra-soberi-po-obraztsu-so\/\" \/>\n<meta property=\"og:locale\" content=\"et_EE\" \/>\n<meta property=\"og:type\" content=\"article\" \/>\n<meta property=\"og:title\" content=\"Lauam\u00e4ng \u201cLoogika kast\u201d -\" \/>\n<meta property=\"og:description\" content=\"Lauam\u00e4ng \u201cLoogika kast\u201d - CLEVER KIDS\" \/>\n<meta property=\"og:url\" content=\"https:\/\/cleverkids.ee\/et\/product\/nastolnaya-igra-soberi-po-obraztsu-so\/\" \/>\n<meta property=\"og:site_name\" content=\"CLEVER KIDS\" \/>\n<meta property=\"article:publisher\" content=\"https:\/\/www.facebook.com\/cleverkids.ee\/\" \/>\n<meta property=\"article:modified_time\" content=\"2024-06-23T14:59:38+00:00\" \/>\n<meta property=\"og:image\" content=\"https:\/\/cleverkids.ee\/wp-content\/uploads\/2024\/05\/H7962b6188cf64fd89de93ebc055a927fV_960x960-1.jpg\" \/>\n\t<meta property=\"og:image:width\" content=\"800\" \/>\n\t<meta property=\"og:image:height\" content=\"800\" \/>\n\t<meta property=\"og:image:type\" content=\"image\/jpeg\" \/>\n<meta name=\"twitter:card\" content=\"summary_large_image\" \/>\n<script type=\"application\/ld+json\" class=\"yoast-schema-graph\">{\"@context\":\"https:\/\/schema.org\",\"@graph\":[{\"@type\":\"WebPage\",\"@id\":\"https:\/\/cleverkids.ee\/et\/product\/nastolnaya-igra-soberi-po-obraztsu-so\/\",\"url\":\"https:\/\/cleverkids.ee\/et\/product\/nastolnaya-igra-soberi-po-obraztsu-so\/\",\"name\":\"Lauam\u00e4ng \u201cLoogika kast\u201d -\",\"isPartOf\":{\"@id\":\"https:\/\/cleverkids.ee\/et\/#website\"},\"primaryImageOfPage\":{\"@id\":\"https:\/\/cleverkids.ee\/et\/product\/nastolnaya-igra-soberi-po-obraztsu-so\/#primaryimage\"},\"image\":{\"@id\":\"https:\/\/cleverkids.ee\/et\/product\/nastolnaya-igra-soberi-po-obraztsu-so\/#primaryimage\"},\"thumbnailUrl\":\"https:\/\/cleverkids.ee\/wp-content\/uploads\/2024\/05\/H7962b6188cf64fd89de93ebc055a927fV_960x960-1.jpg\",\"datePublished\":\"2024-04-16T04:24:55+00:00\",\"dateModified\":\"2024-06-23T14:59:38+00:00\",\"description\":\"Lauam\u00e4ng \u201cLoogika kast\u201d - CLEVER KIDS\",\"breadcrumb\":{\"@id\":\"https:\/\/cleverkids.ee\/et\/product\/nastolnaya-igra-soberi-po-obraztsu-so\/#breadcrumb\"},\"inLanguage\":\"et\",\"potentialAction\":[{\"@type\":\"ReadAction\",\"target\":[\"https:\/\/cleverkids.ee\/et\/product\/nastolnaya-igra-soberi-po-obraztsu-so\/\"]}]},{\"@type\":\"ImageObject\",\"inLanguage\":\"et\",\"@id\":\"https:\/\/cleverkids.ee\/et\/product\/nastolnaya-igra-soberi-po-obraztsu-so\/#primaryimage\",\"url\":\"https:\/\/cleverkids.ee\/wp-content\/uploads\/2024\/05\/H7962b6188cf64fd89de93ebc055a927fV_960x960-1.jpg\",\"contentUrl\":\"https:\/\/cleverkids.ee\/wp-content\/uploads\/2024\/05\/H7962b6188cf64fd89de93ebc055a927fV_960x960-1.jpg\",\"width\":800,\"height\":800},{\"@type\":\"BreadcrumbList\",\"@id\":\"https:\/\/cleverkids.ee\/et\/product\/nastolnaya-igra-soberi-po-obraztsu-so\/#breadcrumb\",\"itemListElement\":[{\"@type\":\"ListItem\",\"position\":1,\"name\":\"Esileht\",\"item\":\"https:\/\/cleverkids.ee\/et\/\"},{\"@type\":\"ListItem\",\"position\":2,\"name\":\"Tooted\",\"item\":\"https:\/\/cleverkids.ee\/store\/\"},{\"@type\":\"ListItem\",\"position\":3,\"name\":\"Lauam\u00e4ng \u201cLoogika kast\u201d\"}]},{\"@type\":\"WebSite\",\"@id\":\"https:\/\/cleverkids.ee\/et\/#website\",\"url\":\"https:\/\/cleverkids.ee\/et\/\",\"name\":\"CLEVER KIDS\",\"description\":\"\",\"publisher\":{\"@id\":\"https:\/\/cleverkids.ee\/et\/#organization\"},\"potentialAction\":[{\"@type\":\"SearchAction\",\"target\":{\"@type\":\"EntryPoint\",\"urlTemplate\":\"https:\/\/cleverkids.ee\/et\/?s={search_term_string}\"},\"query-input\":{\"@type\":\"PropertyValueSpecification\",\"valueRequired\":true,\"valueName\":\"search_term_string\"}}],\"inLanguage\":\"et\"},{\"@type\":\"Organization\",\"@id\":\"https:\/\/cleverkids.ee\/et\/#organization\",\"name\":\"CLEVER KIDS\",\"url\":\"https:\/\/cleverkids.ee\/et\/\",\"logo\":{\"@type\":\"ImageObject\",\"inLanguage\":\"et\",\"@id\":\"https:\/\/cleverkids.ee\/et\/#\/schema\/logo\/image\/\",\"url\":\"https:\/\/cleverkids.ee\/wp-content\/uploads\/2024\/02\/image0-1024x1024.png\",\"contentUrl\":\"https:\/\/cleverkids.ee\/wp-content\/uploads\/2024\/02\/image0-1024x1024.png\",\"width\":1024,\"height\":1024,\"caption\":\"CLEVER KIDS\"},\"image\":{\"@id\":\"https:\/\/cleverkids.ee\/et\/#\/schema\/logo\/image\/\"},\"sameAs\":[\"https:\/\/www.facebook.com\/cleverkids.ee\/\",\"https:\/\/www.instagram.com\/cleverkids_ee\/\"]}]}<\/script>\n<!-- \/ Yoast SEO plugin. -->","yoast_head_json":{"title":"Lauam\u00e4ng \u201cLoogika kast\u201d -","description":"Lauam\u00e4ng \u201cLoogika kast\u201d - CLEVER KIDS","robots":{"index":"index","follow":"follow","max-snippet":"max-snippet:-1","max-image-preview":"max-image-preview:large","max-video-preview":"max-video-preview:-1"},"canonical":"https:\/\/cleverkids.ee\/et\/product\/nastolnaya-igra-soberi-po-obraztsu-so\/","og_locale":"et_EE","og_type":"article","og_title":"Lauam\u00e4ng \u201cLoogika kast\u201d -","og_description":"Lauam\u00e4ng \u201cLoogika kast\u201d - CLEVER KIDS","og_url":"https:\/\/cleverkids.ee\/et\/product\/nastolnaya-igra-soberi-po-obraztsu-so\/","og_site_name":"CLEVER KIDS","article_publisher":"https:\/\/www.facebook.com\/cleverkids.ee\/","article_modified_time":"2024-06-23T14:59:38+00:00","og_image":[{"width":800,"height":800,"url":"https:\/\/cleverkids.ee\/wp-content\/uploads\/2024\/05\/H7962b6188cf64fd89de93ebc055a927fV_960x960-1.jpg","type":"image\/jpeg"}],"twitter_card":"summary_large_image","schema":{"@context":"https:\/\/schema.org","@graph":[{"@type":"WebPage","@id":"https:\/\/cleverkids.ee\/et\/product\/nastolnaya-igra-soberi-po-obraztsu-so\/","url":"https:\/\/cleverkids.ee\/et\/product\/nastolnaya-igra-soberi-po-obraztsu-so\/","name":"Lauam\u00e4ng \u201cLoogika kast\u201d -","isPartOf":{"@id":"https:\/\/cleverkids.ee\/et\/#website"},"primaryImageOfPage":{"@id":"https:\/\/cleverkids.ee\/et\/product\/nastolnaya-igra-soberi-po-obraztsu-so\/#primaryimage"},"image":{"@id":"https:\/\/cleverkids.ee\/et\/product\/nastolnaya-igra-soberi-po-obraztsu-so\/#primaryimage"},"thumbnailUrl":"https:\/\/cleverkids.ee\/wp-content\/uploads\/2024\/05\/H7962b6188cf64fd89de93ebc055a927fV_960x960-1.jpg","datePublished":"2024-04-16T04:24:55+00:00","dateModified":"2024-06-23T14:59:38+00:00","description":"Lauam\u00e4ng \u201cLoogika kast\u201d - CLEVER KIDS","breadcrumb":{"@id":"https:\/\/cleverkids.ee\/et\/product\/nastolnaya-igra-soberi-po-obraztsu-so\/#breadcrumb"},"inLanguage":"et","potentialAction":[{"@type":"ReadAction","target":["https:\/\/cleverkids.ee\/et\/product\/nastolnaya-igra-soberi-po-obraztsu-so\/"]}]},{"@type":"ImageObject","inLanguage":"et","@id":"https:\/\/cleverkids.ee\/et\/product\/nastolnaya-igra-soberi-po-obraztsu-so\/#primaryimage","url":"https:\/\/cleverkids.ee\/wp-content\/uploads\/2024\/05\/H7962b6188cf64fd89de93ebc055a927fV_960x960-1.jpg","contentUrl":"https:\/\/cleverkids.ee\/wp-content\/uploads\/2024\/05\/H7962b6188cf64fd89de93ebc055a927fV_960x960-1.jpg","width":800,"height":800},{"@type":"BreadcrumbList","@id":"https:\/\/cleverkids.ee\/et\/product\/nastolnaya-igra-soberi-po-obraztsu-so\/#breadcrumb","itemListElement":[{"@type":"ListItem","position":1,"name":"Esileht","item":"https:\/\/cleverkids.ee\/et\/"},{"@type":"ListItem","position":2,"name":"Tooted","item":"https:\/\/cleverkids.ee\/store\/"},{"@type":"ListItem","position":3,"name":"Lauam\u00e4ng \u201cLoogika kast\u201d"}]},{"@type":"WebSite","@id":"https:\/\/cleverkids.ee\/et\/#website","url":"https:\/\/cleverkids.ee\/et\/","name":"CLEVER KIDS","description":"","publisher":{"@id":"https:\/\/cleverkids.ee\/et\/#organization"},"potentialAction":[{"@type":"SearchAction","target":{"@type":"EntryPoint","urlTemplate":"https:\/\/cleverkids.ee\/et\/?s={search_term_string}"},"query-input":{"@type":"PropertyValueSpecification","valueRequired":true,"valueName":"search_term_string"}}],"inLanguage":"et"},{"@type":"Organization","@id":"https:\/\/cleverkids.ee\/et\/#organization","name":"CLEVER KIDS","url":"https:\/\/cleverkids.ee\/et\/","logo":{"@type":"ImageObject","inLanguage":"et","@id":"https:\/\/cleverkids.ee\/et\/#\/schema\/logo\/image\/","url":"https:\/\/cleverkids.ee\/wp-content\/uploads\/2024\/02\/image0-1024x1024.png","contentUrl":"https:\/\/cleverkids.ee\/wp-content\/uploads\/2024\/02\/image0-1024x1024.png","width":1024,"height":1024,"caption":"CLEVER KIDS"},"image":{"@id":"https:\/\/cleverkids.ee\/et\/#\/schema\/logo\/image\/"},"sameAs":["https:\/\/www.facebook.com\/cleverkids.ee\/","https:\/\/www.instagram.com\/cleverkids_ee\/"]}]}},"_links":{"self":[{"href":"https:\/\/cleverkids.ee\/et\/wp-json\/wp\/v2\/product\/49227","targetHints":{"allow":["GET"]}}],"collection":[{"href":"https:\/\/cleverkids.ee\/et\/wp-json\/wp\/v2\/product"}],"about":[{"href":"https:\/\/cleverkids.ee\/et\/wp-json\/wp\/v2\/types\/product"}],"wp:featuredmedia":[{"embeddable":true,"href":"https:\/\/cleverkids.ee\/et\/wp-json\/wp\/v2\/media\/69627"}],"wp:attachment":[{"href":"https:\/\/cleverkids.ee\/et\/wp-json\/wp\/v2\/media?parent=49227"}],"wp:term":[{"taxonomy":"product_brand","embeddable":true,"href":"https:\/\/cleverkids.ee\/et\/wp-json\/wp\/v2\/product_brand?post=49227"},{"taxonomy":"product_cat","embeddable":true,"href":"https:\/\/cleverkids.ee\/et\/wp-json\/wp\/v2\/product_cat?post=49227"},{"taxonomy":"product_tag","embeddable":true,"href":"https:\/\/cleverkids.ee\/et\/wp-json\/wp\/v2\/product_tag?post=49227"}],"curies":[{"name":"wp","href":"https:\/\/api.w.org\/{rel}","templated":true}]}}