{"id":49234,"date":"2024-04-16T07:24:55","date_gmt":"2024-04-16T04:24:55","guid":{"rendered":"https:\/\/cleverkids.dev2.sdhost.eu\/product\/%d0%bb%d0%be%d0%b3%d0%b8%d1%87%d0%b5%d1%81%d0%ba%d0%b0%d1%8f-%d0%b8%d0%b3%d1%80%d0%b0-%d0%bf%d1%80%d0%b8%d0%bd%d1%86-%d1%81%d0%bf%d0%b0%d1%81%d0%b0%d0%b5%d1%82-%d0%bf%d1%80%d0%b8%d0%bd%d1%86%d0%b5\/"},"modified":"2024-06-23T17:59:38","modified_gmt":"2024-06-23T14:59:38","slug":"logicheskaya-igra-prints-spasaet-printse","status":"publish","type":"product","link":"https:\/\/cleverkids.ee\/et\/product\/logicheskaya-igra-prints-spasaet-printse\/","title":{"rendered":"Loogikam\u00e4ng &#8220;Prints p\u00e4\u00e4stab printsessi&#8221;"},"content":{"rendered":"<p>Armunud r\u00fc\u00fctel ja tema kaunis printsess on lahutatud ja vangistatud erinevatesse tornidesse. Aidake neil p\u00f5geneda ja \u00fcksteist leida! J\u00e4rgides l\u00e4bim\u00f5eldud juhiseid, tuleb teil ja teie lapsel ehitada kaunite puidust detailidega sildu, losse, torne ja teid r\u00fc\u00fctli ja printsessi \u00fchendamiseks, et armunud saaksid taas kokku!<\/p>\n<p>M\u00e4ngus liigute samm-sammult, telliskivi telliskivi haaval, lihtsatest \u00fclesannetest algajatele ehitajatele kuni keerukate \u00fclesanneteni kogenud arhitektidele.<\/p>\n<p>Kokku on m\u00e4ngus 48 \u00fclesannet ja 4 raskusastet.<\/p>\n<p>M\u00e4ngukomplekt sisaldab: 8 eri kujuga plokki, alus-fundaamenti, r\u00fc\u00fctli figuuri, printsessi figuuri, \u00fclesannete ja vastustega vihikut.<\/p>\n","protected":false},"excerpt":{"rendered":"<p>Armunud r\u00fc\u00fctel ja tema kaunis printsess on lahutatud ja vangistatud erinevatesse tornidesse. Aidake neil p\u00f5geneda ja \u00fcksteist leida! J\u00e4rgides l\u00e4bim\u00f5eldud juhiseid, tuleb teil ja teie lapsel ehitada kaunite puidust detailidega sildu, losse, torne ja teid r\u00fc\u00fctli ja printsessi \u00fchendamiseks, et armunud saaksid taas kokku! M\u00e4ngus liigute samm-sammult, telliskivi telliskivi haaval, lihtsatest \u00fclesannetest algajatele ehitajatele kuni [&hellip;]<\/p>\n","protected":false},"featured_media":69639,"template":"","meta":{"_monsterinsights_skip_tracking":false,"_monsterinsights_sitenote_active":false,"_monsterinsights_sitenote_note":"","_monsterinsights_sitenote_category":0},"product_brand":[],"product_cat":[49,58],"product_tag":[],"class_list":{"0":"post-49234","1":"product","2":"type-product","3":"status-publish","4":"has-post-thumbnail","6":"product_cat-puidust-arendavad-manguasjad","7":"product_cat-unkategorized","8":"pa_vozrast-ot-3-do-5-let-et","10":"first","11":"instock","12":"shipping-taxable","13":"purchasable","14":"product-type-simple"},"yoast_head":"<!-- This site is optimized with the Yoast SEO plugin v25.0 - https:\/\/yoast.com\/wordpress\/plugins\/seo\/ -->\n<title>Loogikam\u00e4ng &quot;Prints p\u00e4\u00e4stab printsessi&quot; -<\/title>\n<meta name=\"description\" content=\"Loogikam\u00e4ng &quot;Prints p\u00e4\u00e4stab printsessi&quot; - CLEVER KIDS\" \/>\n<meta name=\"robots\" content=\"index, follow, max-snippet:-1, max-image-preview:large, max-video-preview:-1\" \/>\n<link rel=\"canonical\" href=\"https:\/\/cleverkids.ee\/et\/product\/logicheskaya-igra-prints-spasaet-printse\/\" \/>\n<meta property=\"og:locale\" content=\"et_EE\" \/>\n<meta property=\"og:type\" content=\"article\" \/>\n<meta property=\"og:title\" content=\"Loogikam\u00e4ng &quot;Prints p\u00e4\u00e4stab printsessi&quot; -\" \/>\n<meta property=\"og:description\" content=\"Loogikam\u00e4ng &quot;Prints p\u00e4\u00e4stab printsessi&quot; - CLEVER KIDS\" \/>\n<meta property=\"og:url\" content=\"https:\/\/cleverkids.ee\/et\/product\/logicheskaya-igra-prints-spasaet-printse\/\" \/>\n<meta property=\"og:site_name\" content=\"CLEVER KIDS\" \/>\n<meta property=\"article:publisher\" content=\"https:\/\/www.facebook.com\/cleverkids.ee\/\" \/>\n<meta property=\"article:modified_time\" content=\"2024-06-23T14:59:38+00:00\" \/>\n<meta property=\"og:image\" content=\"https:\/\/cleverkids.ee\/wp-content\/uploads\/2024\/05\/H60e9fa26e42a479086ebf7d4d426e069B_960x960-1.jpg\" \/>\n\t<meta property=\"og:image:width\" content=\"800\" \/>\n\t<meta property=\"og:image:height\" content=\"800\" \/>\n\t<meta property=\"og:image:type\" content=\"image\/jpeg\" \/>\n<meta name=\"twitter:card\" content=\"summary_large_image\" \/>\n<script type=\"application\/ld+json\" class=\"yoast-schema-graph\">{\"@context\":\"https:\/\/schema.org\",\"@graph\":[{\"@type\":\"WebPage\",\"@id\":\"https:\/\/cleverkids.ee\/et\/product\/logicheskaya-igra-prints-spasaet-printse\/\",\"url\":\"https:\/\/cleverkids.ee\/et\/product\/logicheskaya-igra-prints-spasaet-printse\/\",\"name\":\"Loogikam\u00e4ng \\\"Prints p\u00e4\u00e4stab printsessi\\\" -\",\"isPartOf\":{\"@id\":\"https:\/\/cleverkids.ee\/et\/#website\"},\"primaryImageOfPage\":{\"@id\":\"https:\/\/cleverkids.ee\/et\/product\/logicheskaya-igra-prints-spasaet-printse\/#primaryimage\"},\"image\":{\"@id\":\"https:\/\/cleverkids.ee\/et\/product\/logicheskaya-igra-prints-spasaet-printse\/#primaryimage\"},\"thumbnailUrl\":\"https:\/\/cleverkids.ee\/wp-content\/uploads\/2024\/05\/H60e9fa26e42a479086ebf7d4d426e069B_960x960-1.jpg\",\"datePublished\":\"2024-04-16T04:24:55+00:00\",\"dateModified\":\"2024-06-23T14:59:38+00:00\",\"description\":\"Loogikam\u00e4ng \\\"Prints p\u00e4\u00e4stab printsessi\\\" - CLEVER KIDS\",\"breadcrumb\":{\"@id\":\"https:\/\/cleverkids.ee\/et\/product\/logicheskaya-igra-prints-spasaet-printse\/#breadcrumb\"},\"inLanguage\":\"et\",\"potentialAction\":[{\"@type\":\"ReadAction\",\"target\":[\"https:\/\/cleverkids.ee\/et\/product\/logicheskaya-igra-prints-spasaet-printse\/\"]}]},{\"@type\":\"ImageObject\",\"inLanguage\":\"et\",\"@id\":\"https:\/\/cleverkids.ee\/et\/product\/logicheskaya-igra-prints-spasaet-printse\/#primaryimage\",\"url\":\"https:\/\/cleverkids.ee\/wp-content\/uploads\/2024\/05\/H60e9fa26e42a479086ebf7d4d426e069B_960x960-1.jpg\",\"contentUrl\":\"https:\/\/cleverkids.ee\/wp-content\/uploads\/2024\/05\/H60e9fa26e42a479086ebf7d4d426e069B_960x960-1.jpg\",\"width\":800,\"height\":800},{\"@type\":\"BreadcrumbList\",\"@id\":\"https:\/\/cleverkids.ee\/et\/product\/logicheskaya-igra-prints-spasaet-printse\/#breadcrumb\",\"itemListElement\":[{\"@type\":\"ListItem\",\"position\":1,\"name\":\"Esileht\",\"item\":\"https:\/\/cleverkids.ee\/et\/\"},{\"@type\":\"ListItem\",\"position\":2,\"name\":\"Tooted\",\"item\":\"https:\/\/cleverkids.ee\/store\/\"},{\"@type\":\"ListItem\",\"position\":3,\"name\":\"Loogikam\u00e4ng &#171;Prints p\u00e4\u00e4stab printsessi&#187;\"}]},{\"@type\":\"WebSite\",\"@id\":\"https:\/\/cleverkids.ee\/et\/#website\",\"url\":\"https:\/\/cleverkids.ee\/et\/\",\"name\":\"CLEVER KIDS\",\"description\":\"\",\"publisher\":{\"@id\":\"https:\/\/cleverkids.ee\/et\/#organization\"},\"potentialAction\":[{\"@type\":\"SearchAction\",\"target\":{\"@type\":\"EntryPoint\",\"urlTemplate\":\"https:\/\/cleverkids.ee\/et\/?s={search_term_string}\"},\"query-input\":{\"@type\":\"PropertyValueSpecification\",\"valueRequired\":true,\"valueName\":\"search_term_string\"}}],\"inLanguage\":\"et\"},{\"@type\":\"Organization\",\"@id\":\"https:\/\/cleverkids.ee\/et\/#organization\",\"name\":\"CLEVER KIDS\",\"url\":\"https:\/\/cleverkids.ee\/et\/\",\"logo\":{\"@type\":\"ImageObject\",\"inLanguage\":\"et\",\"@id\":\"https:\/\/cleverkids.ee\/et\/#\/schema\/logo\/image\/\",\"url\":\"https:\/\/cleverkids.ee\/wp-content\/uploads\/2024\/02\/image0-1024x1024.png\",\"contentUrl\":\"https:\/\/cleverkids.ee\/wp-content\/uploads\/2024\/02\/image0-1024x1024.png\",\"width\":1024,\"height\":1024,\"caption\":\"CLEVER KIDS\"},\"image\":{\"@id\":\"https:\/\/cleverkids.ee\/et\/#\/schema\/logo\/image\/\"},\"sameAs\":[\"https:\/\/www.facebook.com\/cleverkids.ee\/\",\"https:\/\/www.instagram.com\/cleverkids_ee\/\"]}]}<\/script>\n<!-- \/ Yoast SEO plugin. -->","yoast_head_json":{"title":"Loogikam\u00e4ng \"Prints p\u00e4\u00e4stab printsessi\" -","description":"Loogikam\u00e4ng \"Prints p\u00e4\u00e4stab printsessi\" - CLEVER KIDS","robots":{"index":"index","follow":"follow","max-snippet":"max-snippet:-1","max-image-preview":"max-image-preview:large","max-video-preview":"max-video-preview:-1"},"canonical":"https:\/\/cleverkids.ee\/et\/product\/logicheskaya-igra-prints-spasaet-printse\/","og_locale":"et_EE","og_type":"article","og_title":"Loogikam\u00e4ng \"Prints p\u00e4\u00e4stab printsessi\" -","og_description":"Loogikam\u00e4ng \"Prints p\u00e4\u00e4stab printsessi\" - CLEVER KIDS","og_url":"https:\/\/cleverkids.ee\/et\/product\/logicheskaya-igra-prints-spasaet-printse\/","og_site_name":"CLEVER KIDS","article_publisher":"https:\/\/www.facebook.com\/cleverkids.ee\/","article_modified_time":"2024-06-23T14:59:38+00:00","og_image":[{"width":800,"height":800,"url":"https:\/\/cleverkids.ee\/wp-content\/uploads\/2024\/05\/H60e9fa26e42a479086ebf7d4d426e069B_960x960-1.jpg","type":"image\/jpeg"}],"twitter_card":"summary_large_image","schema":{"@context":"https:\/\/schema.org","@graph":[{"@type":"WebPage","@id":"https:\/\/cleverkids.ee\/et\/product\/logicheskaya-igra-prints-spasaet-printse\/","url":"https:\/\/cleverkids.ee\/et\/product\/logicheskaya-igra-prints-spasaet-printse\/","name":"Loogikam\u00e4ng \"Prints p\u00e4\u00e4stab printsessi\" -","isPartOf":{"@id":"https:\/\/cleverkids.ee\/et\/#website"},"primaryImageOfPage":{"@id":"https:\/\/cleverkids.ee\/et\/product\/logicheskaya-igra-prints-spasaet-printse\/#primaryimage"},"image":{"@id":"https:\/\/cleverkids.ee\/et\/product\/logicheskaya-igra-prints-spasaet-printse\/#primaryimage"},"thumbnailUrl":"https:\/\/cleverkids.ee\/wp-content\/uploads\/2024\/05\/H60e9fa26e42a479086ebf7d4d426e069B_960x960-1.jpg","datePublished":"2024-04-16T04:24:55+00:00","dateModified":"2024-06-23T14:59:38+00:00","description":"Loogikam\u00e4ng \"Prints p\u00e4\u00e4stab printsessi\" - CLEVER KIDS","breadcrumb":{"@id":"https:\/\/cleverkids.ee\/et\/product\/logicheskaya-igra-prints-spasaet-printse\/#breadcrumb"},"inLanguage":"et","potentialAction":[{"@type":"ReadAction","target":["https:\/\/cleverkids.ee\/et\/product\/logicheskaya-igra-prints-spasaet-printse\/"]}]},{"@type":"ImageObject","inLanguage":"et","@id":"https:\/\/cleverkids.ee\/et\/product\/logicheskaya-igra-prints-spasaet-printse\/#primaryimage","url":"https:\/\/cleverkids.ee\/wp-content\/uploads\/2024\/05\/H60e9fa26e42a479086ebf7d4d426e069B_960x960-1.jpg","contentUrl":"https:\/\/cleverkids.ee\/wp-content\/uploads\/2024\/05\/H60e9fa26e42a479086ebf7d4d426e069B_960x960-1.jpg","width":800,"height":800},{"@type":"BreadcrumbList","@id":"https:\/\/cleverkids.ee\/et\/product\/logicheskaya-igra-prints-spasaet-printse\/#breadcrumb","itemListElement":[{"@type":"ListItem","position":1,"name":"Esileht","item":"https:\/\/cleverkids.ee\/et\/"},{"@type":"ListItem","position":2,"name":"Tooted","item":"https:\/\/cleverkids.ee\/store\/"},{"@type":"ListItem","position":3,"name":"Loogikam\u00e4ng &#171;Prints p\u00e4\u00e4stab printsessi&#187;"}]},{"@type":"WebSite","@id":"https:\/\/cleverkids.ee\/et\/#website","url":"https:\/\/cleverkids.ee\/et\/","name":"CLEVER KIDS","description":"","publisher":{"@id":"https:\/\/cleverkids.ee\/et\/#organization"},"potentialAction":[{"@type":"SearchAction","target":{"@type":"EntryPoint","urlTemplate":"https:\/\/cleverkids.ee\/et\/?s={search_term_string}"},"query-input":{"@type":"PropertyValueSpecification","valueRequired":true,"valueName":"search_term_string"}}],"inLanguage":"et"},{"@type":"Organization","@id":"https:\/\/cleverkids.ee\/et\/#organization","name":"CLEVER KIDS","url":"https:\/\/cleverkids.ee\/et\/","logo":{"@type":"ImageObject","inLanguage":"et","@id":"https:\/\/cleverkids.ee\/et\/#\/schema\/logo\/image\/","url":"https:\/\/cleverkids.ee\/wp-content\/uploads\/2024\/02\/image0-1024x1024.png","contentUrl":"https:\/\/cleverkids.ee\/wp-content\/uploads\/2024\/02\/image0-1024x1024.png","width":1024,"height":1024,"caption":"CLEVER KIDS"},"image":{"@id":"https:\/\/cleverkids.ee\/et\/#\/schema\/logo\/image\/"},"sameAs":["https:\/\/www.facebook.com\/cleverkids.ee\/","https:\/\/www.instagram.com\/cleverkids_ee\/"]}]}},"_links":{"self":[{"href":"https:\/\/cleverkids.ee\/et\/wp-json\/wp\/v2\/product\/49234","targetHints":{"allow":["GET"]}}],"collection":[{"href":"https:\/\/cleverkids.ee\/et\/wp-json\/wp\/v2\/product"}],"about":[{"href":"https:\/\/cleverkids.ee\/et\/wp-json\/wp\/v2\/types\/product"}],"wp:featuredmedia":[{"embeddable":true,"href":"https:\/\/cleverkids.ee\/et\/wp-json\/wp\/v2\/media\/69639"}],"wp:attachment":[{"href":"https:\/\/cleverkids.ee\/et\/wp-json\/wp\/v2\/media?parent=49234"}],"wp:term":[{"taxonomy":"product_brand","embeddable":true,"href":"https:\/\/cleverkids.ee\/et\/wp-json\/wp\/v2\/product_brand?post=49234"},{"taxonomy":"product_cat","embeddable":true,"href":"https:\/\/cleverkids.ee\/et\/wp-json\/wp\/v2\/product_cat?post=49234"},{"taxonomy":"product_tag","embeddable":true,"href":"https:\/\/cleverkids.ee\/et\/wp-json\/wp\/v2\/product_tag?post=49234"}],"curies":[{"name":"wp","href":"https:\/\/api.w.org\/{rel}","templated":true}]}}