{"id":49281,"date":"2024-04-16T07:24:47","date_gmt":"2024-04-16T04:24:47","guid":{"rendered":"https:\/\/cleverkids.dev2.sdhost.eu\/product\/%d0%bc%d0%bd%d0%be%d0%b3%d0%be%d1%80%d0%b0%d0%b7%d0%be%d0%b2%d1%8b%d0%b9-%d0%bd%d0%b0%d0%b1%d0%be%d1%80-%d0%bf%d0%b8%d1%88%d0%b8-%d1%81%d1%82%d0%b8%d1%80%d0%b0%d0%b9-%d1%80%d0%b8%d1%81%d0%be%d0%b2\/"},"modified":"2024-06-23T17:59:36","modified_gmt":"2024-06-23T14:59:36","slug":"mnogorazovyj-nabor-pishi-stiraj-risov","status":"publish","type":"product","link":"https:\/\/cleverkids.ee\/et\/product\/mnogorazovyj-nabor-pishi-stiraj-risov\/","title":{"rendered":"Korduvkasutatav komplekt \u201cT\u00e4ppide j\u00e4rgi joonistamine\u201d"},"content":{"rendered":"<div class=\"woocommerce-product-details__short-description\">\n<p>\u00d5ppekomplekt sobib h\u00e4sti eelkoolilastele kooliks ettevalmistamiseks. Treenib peenmotoorikat, valmistab\u00a0lapse k\u00e4tt ette t\u00e4htede kirjutamiseks, arendab t\u00e4helepanu, taju ja visadust.<\/p>\n<p>Vesimarkeritega komplekt on kujundatud korduvkasutatava koopiaraamatuna, lehed on valmistatud A4 lamineeritud papist, nii et laps saab kirjutada, joonistada ja kustutada kirjutatut kuiva \u0161vammiga nii palju kui soovib.<\/p>\n<p>Komplekti kuulub: 32 kahepoolset A4 lehte (64 lk), 4 viltpliiatsit, k\u00e4sn, kirjutamissimulaator, r\u00f5ngad lehtede kinnitamiseks.<\/p>\n<p>Karbi suurus \u2013 33\u00d722,5\u00d73,6cm<\/p>\n<\/div>\n<p>&nbsp;<\/p>\n","protected":false},"excerpt":{"rendered":"<p>\u00d5ppekomplekt sobib h\u00e4sti eelkoolilastele kooliks ettevalmistamiseks. Treenib peenmotoorikat, valmistab\u00a0lapse k\u00e4tt ette t\u00e4htede kirjutamiseks, arendab t\u00e4helepanu, taju ja visadust. Vesimarkeritega komplekt on kujundatud korduvkasutatava koopiaraamatuna, lehed on valmistatud A4 lamineeritud papist, nii et laps saab kirjutada, joonistada ja kustutada kirjutatut kuiva \u0161vammiga nii palju kui soovib. Komplekti kuulub: 32 kahepoolset A4 lehte (64 lk), 4 viltpliiatsit, [&hellip;]<\/p>\n","protected":false},"featured_media":69537,"template":"","meta":{"_monsterinsights_skip_tracking":false,"_monsterinsights_sitenote_active":false,"_monsterinsights_sitenote_note":"","_monsterinsights_sitenote_category":0},"product_brand":[],"product_cat":[51,58],"product_tag":[],"class_list":{"0":"post-49281","1":"product","2":"type-product","3":"status-publish","4":"has-post-thumbnail","6":"product_cat-arendavad-vihikud-vene-keeles","7":"product_cat-unkategorized","8":"pa_vozrast-ot-5-let-et","10":"first","11":"instock","12":"shipping-taxable","13":"purchasable","14":"product-type-simple"},"yoast_head":"<!-- This site is optimized with the Yoast SEO plugin v25.0 - https:\/\/yoast.com\/wordpress\/plugins\/seo\/ -->\n<title>Korduvkasutatav komplekt \u201cT\u00e4ppide j\u00e4rgi joonistamine\u201d -<\/title>\n<meta name=\"description\" content=\"Korduvkasutatav komplekt \u201cT\u00e4ppide j\u00e4rgi joonistamine\u201d - CLEVER KIDS\" \/>\n<meta name=\"robots\" content=\"index, follow, max-snippet:-1, max-image-preview:large, max-video-preview:-1\" \/>\n<link rel=\"canonical\" href=\"https:\/\/cleverkids.ee\/et\/product\/mnogorazovyj-nabor-pishi-stiraj-risov\/\" \/>\n<meta property=\"og:locale\" content=\"et_EE\" \/>\n<meta property=\"og:type\" content=\"article\" \/>\n<meta property=\"og:title\" content=\"Korduvkasutatav komplekt \u201cT\u00e4ppide j\u00e4rgi joonistamine\u201d -\" \/>\n<meta property=\"og:description\" content=\"Korduvkasutatav komplekt \u201cT\u00e4ppide j\u00e4rgi joonistamine\u201d - CLEVER KIDS\" \/>\n<meta property=\"og:url\" content=\"https:\/\/cleverkids.ee\/et\/product\/mnogorazovyj-nabor-pishi-stiraj-risov\/\" \/>\n<meta property=\"og:site_name\" content=\"CLEVER KIDS\" \/>\n<meta property=\"article:publisher\" content=\"https:\/\/www.facebook.com\/cleverkids.ee\/\" \/>\n<meta property=\"article:modified_time\" content=\"2024-06-23T14:59:36+00:00\" \/>\n<meta property=\"og:image\" content=\"https:\/\/cleverkids.ee\/wp-content\/uploads\/2024\/05\/S82e67e805a0a4185b3ba9f1c6c5f0b34k-1.jpg\" \/>\n\t<meta property=\"og:image:width\" content=\"800\" \/>\n\t<meta property=\"og:image:height\" content=\"800\" \/>\n\t<meta property=\"og:image:type\" content=\"image\/jpeg\" \/>\n<meta name=\"twitter:card\" content=\"summary_large_image\" \/>\n<script type=\"application\/ld+json\" class=\"yoast-schema-graph\">{\"@context\":\"https:\/\/schema.org\",\"@graph\":[{\"@type\":\"WebPage\",\"@id\":\"https:\/\/cleverkids.ee\/et\/product\/mnogorazovyj-nabor-pishi-stiraj-risov\/\",\"url\":\"https:\/\/cleverkids.ee\/et\/product\/mnogorazovyj-nabor-pishi-stiraj-risov\/\",\"name\":\"Korduvkasutatav komplekt \u201cT\u00e4ppide j\u00e4rgi joonistamine\u201d -\",\"isPartOf\":{\"@id\":\"https:\/\/cleverkids.ee\/et\/#website\"},\"primaryImageOfPage\":{\"@id\":\"https:\/\/cleverkids.ee\/et\/product\/mnogorazovyj-nabor-pishi-stiraj-risov\/#primaryimage\"},\"image\":{\"@id\":\"https:\/\/cleverkids.ee\/et\/product\/mnogorazovyj-nabor-pishi-stiraj-risov\/#primaryimage\"},\"thumbnailUrl\":\"https:\/\/cleverkids.ee\/wp-content\/uploads\/2024\/05\/S82e67e805a0a4185b3ba9f1c6c5f0b34k-1.jpg\",\"datePublished\":\"2024-04-16T04:24:47+00:00\",\"dateModified\":\"2024-06-23T14:59:36+00:00\",\"description\":\"Korduvkasutatav komplekt \u201cT\u00e4ppide j\u00e4rgi joonistamine\u201d - CLEVER KIDS\",\"breadcrumb\":{\"@id\":\"https:\/\/cleverkids.ee\/et\/product\/mnogorazovyj-nabor-pishi-stiraj-risov\/#breadcrumb\"},\"inLanguage\":\"et\",\"potentialAction\":[{\"@type\":\"ReadAction\",\"target\":[\"https:\/\/cleverkids.ee\/et\/product\/mnogorazovyj-nabor-pishi-stiraj-risov\/\"]}]},{\"@type\":\"ImageObject\",\"inLanguage\":\"et\",\"@id\":\"https:\/\/cleverkids.ee\/et\/product\/mnogorazovyj-nabor-pishi-stiraj-risov\/#primaryimage\",\"url\":\"https:\/\/cleverkids.ee\/wp-content\/uploads\/2024\/05\/S82e67e805a0a4185b3ba9f1c6c5f0b34k-1.jpg\",\"contentUrl\":\"https:\/\/cleverkids.ee\/wp-content\/uploads\/2024\/05\/S82e67e805a0a4185b3ba9f1c6c5f0b34k-1.jpg\",\"width\":800,\"height\":800},{\"@type\":\"BreadcrumbList\",\"@id\":\"https:\/\/cleverkids.ee\/et\/product\/mnogorazovyj-nabor-pishi-stiraj-risov\/#breadcrumb\",\"itemListElement\":[{\"@type\":\"ListItem\",\"position\":1,\"name\":\"Esileht\",\"item\":\"https:\/\/cleverkids.ee\/et\/\"},{\"@type\":\"ListItem\",\"position\":2,\"name\":\"Tooted\",\"item\":\"https:\/\/cleverkids.ee\/store\/\"},{\"@type\":\"ListItem\",\"position\":3,\"name\":\"Korduvkasutatav komplekt \u201cT\u00e4ppide j\u00e4rgi joonistamine\u201d\"}]},{\"@type\":\"WebSite\",\"@id\":\"https:\/\/cleverkids.ee\/et\/#website\",\"url\":\"https:\/\/cleverkids.ee\/et\/\",\"name\":\"CLEVER KIDS\",\"description\":\"\",\"publisher\":{\"@id\":\"https:\/\/cleverkids.ee\/et\/#organization\"},\"potentialAction\":[{\"@type\":\"SearchAction\",\"target\":{\"@type\":\"EntryPoint\",\"urlTemplate\":\"https:\/\/cleverkids.ee\/et\/?s={search_term_string}\"},\"query-input\":{\"@type\":\"PropertyValueSpecification\",\"valueRequired\":true,\"valueName\":\"search_term_string\"}}],\"inLanguage\":\"et\"},{\"@type\":\"Organization\",\"@id\":\"https:\/\/cleverkids.ee\/et\/#organization\",\"name\":\"CLEVER KIDS\",\"url\":\"https:\/\/cleverkids.ee\/et\/\",\"logo\":{\"@type\":\"ImageObject\",\"inLanguage\":\"et\",\"@id\":\"https:\/\/cleverkids.ee\/et\/#\/schema\/logo\/image\/\",\"url\":\"https:\/\/cleverkids.ee\/wp-content\/uploads\/2024\/02\/image0-1024x1024.png\",\"contentUrl\":\"https:\/\/cleverkids.ee\/wp-content\/uploads\/2024\/02\/image0-1024x1024.png\",\"width\":1024,\"height\":1024,\"caption\":\"CLEVER KIDS\"},\"image\":{\"@id\":\"https:\/\/cleverkids.ee\/et\/#\/schema\/logo\/image\/\"},\"sameAs\":[\"https:\/\/www.facebook.com\/cleverkids.ee\/\",\"https:\/\/www.instagram.com\/cleverkids_ee\/\"]}]}<\/script>\n<!-- \/ Yoast SEO plugin. -->","yoast_head_json":{"title":"Korduvkasutatav komplekt \u201cT\u00e4ppide j\u00e4rgi joonistamine\u201d -","description":"Korduvkasutatav komplekt \u201cT\u00e4ppide j\u00e4rgi joonistamine\u201d - CLEVER KIDS","robots":{"index":"index","follow":"follow","max-snippet":"max-snippet:-1","max-image-preview":"max-image-preview:large","max-video-preview":"max-video-preview:-1"},"canonical":"https:\/\/cleverkids.ee\/et\/product\/mnogorazovyj-nabor-pishi-stiraj-risov\/","og_locale":"et_EE","og_type":"article","og_title":"Korduvkasutatav komplekt \u201cT\u00e4ppide j\u00e4rgi joonistamine\u201d -","og_description":"Korduvkasutatav komplekt \u201cT\u00e4ppide j\u00e4rgi joonistamine\u201d - CLEVER KIDS","og_url":"https:\/\/cleverkids.ee\/et\/product\/mnogorazovyj-nabor-pishi-stiraj-risov\/","og_site_name":"CLEVER KIDS","article_publisher":"https:\/\/www.facebook.com\/cleverkids.ee\/","article_modified_time":"2024-06-23T14:59:36+00:00","og_image":[{"width":800,"height":800,"url":"https:\/\/cleverkids.ee\/wp-content\/uploads\/2024\/05\/S82e67e805a0a4185b3ba9f1c6c5f0b34k-1.jpg","type":"image\/jpeg"}],"twitter_card":"summary_large_image","schema":{"@context":"https:\/\/schema.org","@graph":[{"@type":"WebPage","@id":"https:\/\/cleverkids.ee\/et\/product\/mnogorazovyj-nabor-pishi-stiraj-risov\/","url":"https:\/\/cleverkids.ee\/et\/product\/mnogorazovyj-nabor-pishi-stiraj-risov\/","name":"Korduvkasutatav komplekt \u201cT\u00e4ppide j\u00e4rgi joonistamine\u201d -","isPartOf":{"@id":"https:\/\/cleverkids.ee\/et\/#website"},"primaryImageOfPage":{"@id":"https:\/\/cleverkids.ee\/et\/product\/mnogorazovyj-nabor-pishi-stiraj-risov\/#primaryimage"},"image":{"@id":"https:\/\/cleverkids.ee\/et\/product\/mnogorazovyj-nabor-pishi-stiraj-risov\/#primaryimage"},"thumbnailUrl":"https:\/\/cleverkids.ee\/wp-content\/uploads\/2024\/05\/S82e67e805a0a4185b3ba9f1c6c5f0b34k-1.jpg","datePublished":"2024-04-16T04:24:47+00:00","dateModified":"2024-06-23T14:59:36+00:00","description":"Korduvkasutatav komplekt \u201cT\u00e4ppide j\u00e4rgi joonistamine\u201d - CLEVER KIDS","breadcrumb":{"@id":"https:\/\/cleverkids.ee\/et\/product\/mnogorazovyj-nabor-pishi-stiraj-risov\/#breadcrumb"},"inLanguage":"et","potentialAction":[{"@type":"ReadAction","target":["https:\/\/cleverkids.ee\/et\/product\/mnogorazovyj-nabor-pishi-stiraj-risov\/"]}]},{"@type":"ImageObject","inLanguage":"et","@id":"https:\/\/cleverkids.ee\/et\/product\/mnogorazovyj-nabor-pishi-stiraj-risov\/#primaryimage","url":"https:\/\/cleverkids.ee\/wp-content\/uploads\/2024\/05\/S82e67e805a0a4185b3ba9f1c6c5f0b34k-1.jpg","contentUrl":"https:\/\/cleverkids.ee\/wp-content\/uploads\/2024\/05\/S82e67e805a0a4185b3ba9f1c6c5f0b34k-1.jpg","width":800,"height":800},{"@type":"BreadcrumbList","@id":"https:\/\/cleverkids.ee\/et\/product\/mnogorazovyj-nabor-pishi-stiraj-risov\/#breadcrumb","itemListElement":[{"@type":"ListItem","position":1,"name":"Esileht","item":"https:\/\/cleverkids.ee\/et\/"},{"@type":"ListItem","position":2,"name":"Tooted","item":"https:\/\/cleverkids.ee\/store\/"},{"@type":"ListItem","position":3,"name":"Korduvkasutatav komplekt \u201cT\u00e4ppide j\u00e4rgi joonistamine\u201d"}]},{"@type":"WebSite","@id":"https:\/\/cleverkids.ee\/et\/#website","url":"https:\/\/cleverkids.ee\/et\/","name":"CLEVER KIDS","description":"","publisher":{"@id":"https:\/\/cleverkids.ee\/et\/#organization"},"potentialAction":[{"@type":"SearchAction","target":{"@type":"EntryPoint","urlTemplate":"https:\/\/cleverkids.ee\/et\/?s={search_term_string}"},"query-input":{"@type":"PropertyValueSpecification","valueRequired":true,"valueName":"search_term_string"}}],"inLanguage":"et"},{"@type":"Organization","@id":"https:\/\/cleverkids.ee\/et\/#organization","name":"CLEVER KIDS","url":"https:\/\/cleverkids.ee\/et\/","logo":{"@type":"ImageObject","inLanguage":"et","@id":"https:\/\/cleverkids.ee\/et\/#\/schema\/logo\/image\/","url":"https:\/\/cleverkids.ee\/wp-content\/uploads\/2024\/02\/image0-1024x1024.png","contentUrl":"https:\/\/cleverkids.ee\/wp-content\/uploads\/2024\/02\/image0-1024x1024.png","width":1024,"height":1024,"caption":"CLEVER KIDS"},"image":{"@id":"https:\/\/cleverkids.ee\/et\/#\/schema\/logo\/image\/"},"sameAs":["https:\/\/www.facebook.com\/cleverkids.ee\/","https:\/\/www.instagram.com\/cleverkids_ee\/"]}]}},"_links":{"self":[{"href":"https:\/\/cleverkids.ee\/et\/wp-json\/wp\/v2\/product\/49281","targetHints":{"allow":["GET"]}}],"collection":[{"href":"https:\/\/cleverkids.ee\/et\/wp-json\/wp\/v2\/product"}],"about":[{"href":"https:\/\/cleverkids.ee\/et\/wp-json\/wp\/v2\/types\/product"}],"wp:featuredmedia":[{"embeddable":true,"href":"https:\/\/cleverkids.ee\/et\/wp-json\/wp\/v2\/media\/69537"}],"wp:attachment":[{"href":"https:\/\/cleverkids.ee\/et\/wp-json\/wp\/v2\/media?parent=49281"}],"wp:term":[{"taxonomy":"product_brand","embeddable":true,"href":"https:\/\/cleverkids.ee\/et\/wp-json\/wp\/v2\/product_brand?post=49281"},{"taxonomy":"product_cat","embeddable":true,"href":"https:\/\/cleverkids.ee\/et\/wp-json\/wp\/v2\/product_cat?post=49281"},{"taxonomy":"product_tag","embeddable":true,"href":"https:\/\/cleverkids.ee\/et\/wp-json\/wp\/v2\/product_tag?post=49281"}],"curies":[{"name":"wp","href":"https:\/\/api.w.org\/{rel}","templated":true}]}}