{"id":49369,"date":"2024-04-16T07:24:47","date_gmt":"2024-04-16T04:24:47","guid":{"rendered":"https:\/\/cleverkids.dev2.sdhost.eu\/product\/%d0%bd%d0%b0%d0%b1%d0%be%d1%80-%d0%bf%d0%b8%d1%88%d0%b8-%d1%81%d1%82%d0%b8%d1%80%d0%b0%d0%b9-%d1%83%d1%87%d0%b8%d0%bc%d1%81%d1%8f-%d1%80%d0%b8%d1%81%d0%be%d0%b2%d0%b0%d1%82%d1%8c\/"},"modified":"2024-06-23T17:59:36","modified_gmt":"2024-06-23T14:59:36","slug":"nabor-pishi-stiraj-uchimsya-risovat","status":"publish","type":"product","link":"https:\/\/cleverkids.ee\/et\/product\/nabor-pishi-stiraj-uchimsya-risovat\/","title":{"rendered":"Kirjuta-kustuta komplekt &#8220;\u00d5pime joonistama&#8221;"},"content":{"rendered":"<div class=\"flex flex-grow flex-col max-w-full\">\n<div class=\"min-h-[20px] text-message flex flex-col items-start whitespace-pre-wrap break-words [.text-message+&amp;]:mt-5 juice:w-full juice:items-end overflow-x-auto gap-2\" dir=\"auto\" data-message-author-role=\"assistant\" data-message-id=\"809d5a00-0e30-4b0a-a279-7d544b711639\">\n<div class=\"flex w-full flex-col gap-1 juice:empty:hidden juice:first:pt-[3px]\">\n<div class=\"markdown prose w-full break-words dark:prose-invert light\">\n<p>Kirjuta-kustuta komplekt &#8220;\u00d5pime joonistama&#8221; \u00f5petab last joonistama vaid m\u00f5ne sammuga. M\u00e4ng on suunatud peenmotoorika treenimisele ja k\u00e4e ettevalmistamisele kirjutamiseks.<\/p>\n<p>Kuidas m\u00e4ngida?<\/p>\n<ol>\n<li>V\u00f5tke komplektist kaart ja paluge lapsel korrata joonistamise etapid.<\/li>\n<li>T\u00e4nu kirjuta-kustuta kaardile saab laps oma vead parandada.<\/li>\n<li>Kui laps on l\u00f5petanud, saab joonistuse kaardilt kustutada.<\/li>\n<\/ol>\n<p>Komplektis on 20 kahepoolset paksust kartongist \u00fclesandekaarti ja marker.<\/p>\n<\/div>\n<\/div>\n<\/div>\n<\/div>\n<div class=\"mt-1 flex gap-3 empty:hidden juice:-ml-3\">\n<div class=\"items-center justify-start rounded-xl p-1 flex\">\n<div class=\"flex items-center\"><button class=\"rounded-lg text-token-text-secondary hover:bg-token-main-surface-secondary\"><\/button><button class=\"rounded-lg text-token-text-secondary hover:bg-token-main-surface-secondary\"><\/button><button class=\"rounded-lg text-token-text-secondary hover:bg-token-main-surface-secondary\"><\/button><\/p>\n<div class=\"flex\"><\/div>\n<div class=\"flex items-center pb-0.5 juice:pb-0\">\n<div class=\"[&amp;_svg]:h-full [&amp;_svg]:w-full icon-md h-4 w-4\"><\/div>\n<\/div>\n<\/div>\n<\/div>\n<\/div>\n","protected":false},"excerpt":{"rendered":"<p>Kirjuta-kustuta komplekt &#8220;\u00d5pime joonistama&#8221; \u00f5petab last joonistama vaid m\u00f5ne sammuga. M\u00e4ng on suunatud peenmotoorika treenimisele ja k\u00e4e ettevalmistamisele kirjutamiseks. Kuidas m\u00e4ngida? V\u00f5tke komplektist kaart ja paluge lapsel korrata joonistamise etapid. T\u00e4nu kirjuta-kustuta kaardile saab laps oma vead parandada. Kui laps on l\u00f5petanud, saab joonistuse kaardilt kustutada. Komplektis on 20 kahepoolset paksust kartongist \u00fclesandekaarti ja marker.<\/p>\n","protected":false},"featured_media":69426,"template":"","meta":{"_monsterinsights_skip_tracking":false,"_monsterinsights_sitenote_active":false,"_monsterinsights_sitenote_note":"","_monsterinsights_sitenote_category":0},"product_brand":[],"product_cat":[54,58],"product_tag":[],"class_list":{"0":"post-49369","1":"product","2":"type-product","3":"status-publish","4":"has-post-thumbnail","6":"product_cat-raamatud-vene-keeles","7":"product_cat-unkategorized","8":"pa_vozrast-ot-3-do-5-let-et","10":"first","11":"instock","12":"shipping-taxable","13":"purchasable","14":"product-type-simple"},"yoast_head":"<!-- This site is optimized with the Yoast SEO plugin v25.0 - https:\/\/yoast.com\/wordpress\/plugins\/seo\/ -->\n<title>Kirjuta-kustuta komplekt &quot;\u00d5pime joonistama&quot; -<\/title>\n<meta name=\"description\" content=\"Kirjuta-kustuta komplekt &quot;\u00d5pime joonistama&quot; - CLEVER KIDS\" \/>\n<meta name=\"robots\" content=\"index, follow, max-snippet:-1, max-image-preview:large, max-video-preview:-1\" \/>\n<link rel=\"canonical\" href=\"https:\/\/cleverkids.ee\/et\/product\/nabor-pishi-stiraj-uchimsya-risovat\/\" \/>\n<meta property=\"og:locale\" content=\"et_EE\" \/>\n<meta property=\"og:type\" content=\"article\" \/>\n<meta property=\"og:title\" content=\"Kirjuta-kustuta komplekt &quot;\u00d5pime joonistama&quot; -\" \/>\n<meta property=\"og:description\" content=\"Kirjuta-kustuta komplekt &quot;\u00d5pime joonistama&quot; - CLEVER KIDS\" \/>\n<meta property=\"og:url\" content=\"https:\/\/cleverkids.ee\/et\/product\/nabor-pishi-stiraj-uchimsya-risovat\/\" \/>\n<meta property=\"og:site_name\" content=\"CLEVER KIDS\" \/>\n<meta property=\"article:publisher\" content=\"https:\/\/www.facebook.com\/cleverkids.ee\/\" \/>\n<meta property=\"article:modified_time\" content=\"2024-06-23T14:59:36+00:00\" \/>\n<meta property=\"og:image\" content=\"https:\/\/cleverkids.ee\/wp-content\/uploads\/2024\/05\/700-8-8.jpg\" \/>\n\t<meta property=\"og:image:width\" content=\"700\" \/>\n\t<meta property=\"og:image:height\" content=\"700\" \/>\n\t<meta property=\"og:image:type\" content=\"image\/jpeg\" \/>\n<meta name=\"twitter:card\" content=\"summary_large_image\" \/>\n<script type=\"application\/ld+json\" class=\"yoast-schema-graph\">{\"@context\":\"https:\/\/schema.org\",\"@graph\":[{\"@type\":\"WebPage\",\"@id\":\"https:\/\/cleverkids.ee\/et\/product\/nabor-pishi-stiraj-uchimsya-risovat\/\",\"url\":\"https:\/\/cleverkids.ee\/et\/product\/nabor-pishi-stiraj-uchimsya-risovat\/\",\"name\":\"Kirjuta-kustuta komplekt \\\"\u00d5pime joonistama\\\" -\",\"isPartOf\":{\"@id\":\"https:\/\/cleverkids.ee\/et\/#website\"},\"primaryImageOfPage\":{\"@id\":\"https:\/\/cleverkids.ee\/et\/product\/nabor-pishi-stiraj-uchimsya-risovat\/#primaryimage\"},\"image\":{\"@id\":\"https:\/\/cleverkids.ee\/et\/product\/nabor-pishi-stiraj-uchimsya-risovat\/#primaryimage\"},\"thumbnailUrl\":\"https:\/\/cleverkids.ee\/wp-content\/uploads\/2024\/05\/700-8-8.jpg\",\"datePublished\":\"2024-04-16T04:24:47+00:00\",\"dateModified\":\"2024-06-23T14:59:36+00:00\",\"description\":\"Kirjuta-kustuta komplekt \\\"\u00d5pime joonistama\\\" - CLEVER KIDS\",\"breadcrumb\":{\"@id\":\"https:\/\/cleverkids.ee\/et\/product\/nabor-pishi-stiraj-uchimsya-risovat\/#breadcrumb\"},\"inLanguage\":\"et\",\"potentialAction\":[{\"@type\":\"ReadAction\",\"target\":[\"https:\/\/cleverkids.ee\/et\/product\/nabor-pishi-stiraj-uchimsya-risovat\/\"]}]},{\"@type\":\"ImageObject\",\"inLanguage\":\"et\",\"@id\":\"https:\/\/cleverkids.ee\/et\/product\/nabor-pishi-stiraj-uchimsya-risovat\/#primaryimage\",\"url\":\"https:\/\/cleverkids.ee\/wp-content\/uploads\/2024\/05\/700-8-8.jpg\",\"contentUrl\":\"https:\/\/cleverkids.ee\/wp-content\/uploads\/2024\/05\/700-8-8.jpg\",\"width\":700,\"height\":700},{\"@type\":\"BreadcrumbList\",\"@id\":\"https:\/\/cleverkids.ee\/et\/product\/nabor-pishi-stiraj-uchimsya-risovat\/#breadcrumb\",\"itemListElement\":[{\"@type\":\"ListItem\",\"position\":1,\"name\":\"Esileht\",\"item\":\"https:\/\/cleverkids.ee\/et\/\"},{\"@type\":\"ListItem\",\"position\":2,\"name\":\"Tooted\",\"item\":\"https:\/\/cleverkids.ee\/store\/\"},{\"@type\":\"ListItem\",\"position\":3,\"name\":\"Kirjuta-kustuta komplekt &#171;\u00d5pime joonistama&#187;\"}]},{\"@type\":\"WebSite\",\"@id\":\"https:\/\/cleverkids.ee\/et\/#website\",\"url\":\"https:\/\/cleverkids.ee\/et\/\",\"name\":\"CLEVER KIDS\",\"description\":\"\",\"publisher\":{\"@id\":\"https:\/\/cleverkids.ee\/et\/#organization\"},\"potentialAction\":[{\"@type\":\"SearchAction\",\"target\":{\"@type\":\"EntryPoint\",\"urlTemplate\":\"https:\/\/cleverkids.ee\/et\/?s={search_term_string}\"},\"query-input\":{\"@type\":\"PropertyValueSpecification\",\"valueRequired\":true,\"valueName\":\"search_term_string\"}}],\"inLanguage\":\"et\"},{\"@type\":\"Organization\",\"@id\":\"https:\/\/cleverkids.ee\/et\/#organization\",\"name\":\"CLEVER KIDS\",\"url\":\"https:\/\/cleverkids.ee\/et\/\",\"logo\":{\"@type\":\"ImageObject\",\"inLanguage\":\"et\",\"@id\":\"https:\/\/cleverkids.ee\/et\/#\/schema\/logo\/image\/\",\"url\":\"https:\/\/cleverkids.ee\/wp-content\/uploads\/2024\/02\/image0-1024x1024.png\",\"contentUrl\":\"https:\/\/cleverkids.ee\/wp-content\/uploads\/2024\/02\/image0-1024x1024.png\",\"width\":1024,\"height\":1024,\"caption\":\"CLEVER KIDS\"},\"image\":{\"@id\":\"https:\/\/cleverkids.ee\/et\/#\/schema\/logo\/image\/\"},\"sameAs\":[\"https:\/\/www.facebook.com\/cleverkids.ee\/\",\"https:\/\/www.instagram.com\/cleverkids_ee\/\"]}]}<\/script>\n<!-- \/ Yoast SEO plugin. -->","yoast_head_json":{"title":"Kirjuta-kustuta komplekt \"\u00d5pime joonistama\" -","description":"Kirjuta-kustuta komplekt \"\u00d5pime joonistama\" - CLEVER KIDS","robots":{"index":"index","follow":"follow","max-snippet":"max-snippet:-1","max-image-preview":"max-image-preview:large","max-video-preview":"max-video-preview:-1"},"canonical":"https:\/\/cleverkids.ee\/et\/product\/nabor-pishi-stiraj-uchimsya-risovat\/","og_locale":"et_EE","og_type":"article","og_title":"Kirjuta-kustuta komplekt \"\u00d5pime joonistama\" -","og_description":"Kirjuta-kustuta komplekt \"\u00d5pime joonistama\" - CLEVER KIDS","og_url":"https:\/\/cleverkids.ee\/et\/product\/nabor-pishi-stiraj-uchimsya-risovat\/","og_site_name":"CLEVER KIDS","article_publisher":"https:\/\/www.facebook.com\/cleverkids.ee\/","article_modified_time":"2024-06-23T14:59:36+00:00","og_image":[{"width":700,"height":700,"url":"https:\/\/cleverkids.ee\/wp-content\/uploads\/2024\/05\/700-8-8.jpg","type":"image\/jpeg"}],"twitter_card":"summary_large_image","schema":{"@context":"https:\/\/schema.org","@graph":[{"@type":"WebPage","@id":"https:\/\/cleverkids.ee\/et\/product\/nabor-pishi-stiraj-uchimsya-risovat\/","url":"https:\/\/cleverkids.ee\/et\/product\/nabor-pishi-stiraj-uchimsya-risovat\/","name":"Kirjuta-kustuta komplekt \"\u00d5pime joonistama\" -","isPartOf":{"@id":"https:\/\/cleverkids.ee\/et\/#website"},"primaryImageOfPage":{"@id":"https:\/\/cleverkids.ee\/et\/product\/nabor-pishi-stiraj-uchimsya-risovat\/#primaryimage"},"image":{"@id":"https:\/\/cleverkids.ee\/et\/product\/nabor-pishi-stiraj-uchimsya-risovat\/#primaryimage"},"thumbnailUrl":"https:\/\/cleverkids.ee\/wp-content\/uploads\/2024\/05\/700-8-8.jpg","datePublished":"2024-04-16T04:24:47+00:00","dateModified":"2024-06-23T14:59:36+00:00","description":"Kirjuta-kustuta komplekt \"\u00d5pime joonistama\" - CLEVER KIDS","breadcrumb":{"@id":"https:\/\/cleverkids.ee\/et\/product\/nabor-pishi-stiraj-uchimsya-risovat\/#breadcrumb"},"inLanguage":"et","potentialAction":[{"@type":"ReadAction","target":["https:\/\/cleverkids.ee\/et\/product\/nabor-pishi-stiraj-uchimsya-risovat\/"]}]},{"@type":"ImageObject","inLanguage":"et","@id":"https:\/\/cleverkids.ee\/et\/product\/nabor-pishi-stiraj-uchimsya-risovat\/#primaryimage","url":"https:\/\/cleverkids.ee\/wp-content\/uploads\/2024\/05\/700-8-8.jpg","contentUrl":"https:\/\/cleverkids.ee\/wp-content\/uploads\/2024\/05\/700-8-8.jpg","width":700,"height":700},{"@type":"BreadcrumbList","@id":"https:\/\/cleverkids.ee\/et\/product\/nabor-pishi-stiraj-uchimsya-risovat\/#breadcrumb","itemListElement":[{"@type":"ListItem","position":1,"name":"Esileht","item":"https:\/\/cleverkids.ee\/et\/"},{"@type":"ListItem","position":2,"name":"Tooted","item":"https:\/\/cleverkids.ee\/store\/"},{"@type":"ListItem","position":3,"name":"Kirjuta-kustuta komplekt &#171;\u00d5pime joonistama&#187;"}]},{"@type":"WebSite","@id":"https:\/\/cleverkids.ee\/et\/#website","url":"https:\/\/cleverkids.ee\/et\/","name":"CLEVER KIDS","description":"","publisher":{"@id":"https:\/\/cleverkids.ee\/et\/#organization"},"potentialAction":[{"@type":"SearchAction","target":{"@type":"EntryPoint","urlTemplate":"https:\/\/cleverkids.ee\/et\/?s={search_term_string}"},"query-input":{"@type":"PropertyValueSpecification","valueRequired":true,"valueName":"search_term_string"}}],"inLanguage":"et"},{"@type":"Organization","@id":"https:\/\/cleverkids.ee\/et\/#organization","name":"CLEVER KIDS","url":"https:\/\/cleverkids.ee\/et\/","logo":{"@type":"ImageObject","inLanguage":"et","@id":"https:\/\/cleverkids.ee\/et\/#\/schema\/logo\/image\/","url":"https:\/\/cleverkids.ee\/wp-content\/uploads\/2024\/02\/image0-1024x1024.png","contentUrl":"https:\/\/cleverkids.ee\/wp-content\/uploads\/2024\/02\/image0-1024x1024.png","width":1024,"height":1024,"caption":"CLEVER KIDS"},"image":{"@id":"https:\/\/cleverkids.ee\/et\/#\/schema\/logo\/image\/"},"sameAs":["https:\/\/www.facebook.com\/cleverkids.ee\/","https:\/\/www.instagram.com\/cleverkids_ee\/"]}]}},"_links":{"self":[{"href":"https:\/\/cleverkids.ee\/et\/wp-json\/wp\/v2\/product\/49369","targetHints":{"allow":["GET"]}}],"collection":[{"href":"https:\/\/cleverkids.ee\/et\/wp-json\/wp\/v2\/product"}],"about":[{"href":"https:\/\/cleverkids.ee\/et\/wp-json\/wp\/v2\/types\/product"}],"wp:featuredmedia":[{"embeddable":true,"href":"https:\/\/cleverkids.ee\/et\/wp-json\/wp\/v2\/media\/69426"}],"wp:attachment":[{"href":"https:\/\/cleverkids.ee\/et\/wp-json\/wp\/v2\/media?parent=49369"}],"wp:term":[{"taxonomy":"product_brand","embeddable":true,"href":"https:\/\/cleverkids.ee\/et\/wp-json\/wp\/v2\/product_brand?post=49369"},{"taxonomy":"product_cat","embeddable":true,"href":"https:\/\/cleverkids.ee\/et\/wp-json\/wp\/v2\/product_cat?post=49369"},{"taxonomy":"product_tag","embeddable":true,"href":"https:\/\/cleverkids.ee\/et\/wp-json\/wp\/v2\/product_tag?post=49369"}],"curies":[{"name":"wp","href":"https:\/\/api.w.org\/{rel}","templated":true}]}}