{"id":49393,"date":"2024-04-16T07:24:40","date_gmt":"2024-04-16T04:24:40","guid":{"rendered":"https:\/\/cleverkids.dev2.sdhost.eu\/product\/%d0%bd%d0%b0%d1%81%d1%82%d0%be%d0%bb%d1%8c%d0%bd%d0%b0%d1%8f-%d0%b8%d0%b3%d1%80%d0%b0-%d0%bd%d0%b0-%d0%b2%d0%bd%d0%b8%d0%bc%d0%b0%d0%bd%d0%b8%d0%b5-%d0%be%d1%85-%d1%83%d0%b6-%d1%8d%d1%82%d0%b8\/"},"modified":"2025-11-11T22:49:11","modified_gmt":"2025-11-11T20:49:11","slug":"lauamang-tahelepanu-treenimiseks-oh-neid-ookulle-2-0-4","status":"publish","type":"product","link":"https:\/\/cleverkids.ee\/et\/product\/lauamang-tahelepanu-treenimiseks-oh-neid-ookulle-2-0-4\/","title":{"rendered":"Lauam\u00e4ng t\u00e4helepanu treenimiseks \u201eOh neid \u00f6\u00f6kulle. 2.0\u201c, 4+"},"content":{"rendered":"<h3 class=\"\" data-start=\"281\" data-end=\"306\"><strong data-start=\"285\" data-end=\"304\">Kuidas m\u00e4ngida?<\/strong><\/h3>\n<p class=\"\" data-start=\"308\" data-end=\"423\">1\ufe0f\u20e3 Asetage <strong data-start=\"320\" data-end=\"346\">m\u00e4nguv\u00e4li laua keskele<\/strong>, et k\u00f5igil oleks mugav sellele ligi p\u00e4\u00e4seda.<br data-start=\"391\" data-end=\"394\" \/>\ud83d\udfe2 M\u00e4nguv\u00e4li on kahepoolne:<\/p>\n<ul data-start=\"424\" data-end=\"584\">\n<li class=\"\" data-start=\"424\" data-end=\"455\">\n<p class=\"\" data-start=\"426\" data-end=\"455\">\u00fcks pool lihtsate piltidega<\/p>\n<\/li>\n<li class=\"\" data-start=\"456\" data-end=\"584\">\n<p class=\"\" data-start=\"458\" data-end=\"584\">teine keerulisem \u2013 suuremate laste v\u00f5i kordusm\u00e4ngude jaoks.<br data-start=\"517\" data-end=\"520\" \/>\ud83c\udfb2 Asetage <strong data-start=\"531\" data-end=\"562\">k\u00f5ik 3 t\u00e4ringut ja 30 m\u00e4rki<\/strong> m\u00e4nguv\u00e4lja k\u00f5rvale.<\/p>\n<\/li>\n<\/ul>\n<p class=\"\" data-start=\"586\" data-end=\"620\">2\ufe0f\u20e3 M\u00e4\u00e4rake m\u00e4ngukord ja alustage!<\/p>\n<p class=\"\" data-start=\"622\" data-end=\"679\">\ud83d\udc41\u200d\ud83d\udde8 <strong data-start=\"628\" data-end=\"640\">Eesm\u00e4rk:<\/strong> olla esimene, kes kogub <strong data-start=\"665\" data-end=\"676\">5 m\u00e4rki<\/strong>.<\/p>\n<p class=\"\" data-start=\"681\" data-end=\"751\">\ud83c\udfb2 Esimene m\u00e4ngija viskab k\u00f5ik <strong data-start=\"712\" data-end=\"729\">kolm t\u00e4ringut<\/strong>. T\u00e4ringud n\u00e4itavad:<\/p>\n<ul data-start=\"752\" data-end=\"831\">\n<li class=\"\" data-start=\"752\" data-end=\"769\">\n<p class=\"\" data-start=\"754\" data-end=\"769\">\u00f6\u00f6kulli v\u00e4rvi<\/p>\n<\/li>\n<li class=\"\" data-start=\"770\" data-end=\"795\">\n<p class=\"\" data-start=\"772\" data-end=\"795\">\u00f6\u00f6kulli kuju\/siluetti<\/p>\n<\/li>\n<li class=\"\" data-start=\"796\" data-end=\"831\">\n<p class=\"\" data-start=\"798\" data-end=\"831\">lisandit (nt m\u00fctsi, prille jne)<\/p>\n<\/li>\n<\/ul>\n<p class=\"\" data-start=\"833\" data-end=\"974\">\ud83d\udc40 K\u00f5ik m\u00e4ngijad samal ajal otsivad <strong data-start=\"869\" data-end=\"886\">\u00f5iget \u00f6\u00f6kulli<\/strong> m\u00e4nguv\u00e4ljalt.<br data-start=\"900\" data-end=\"903\" \/>Kes leiab esimesena, h\u00fc\u00fcab valjult <strong data-start=\"938\" data-end=\"950\">\u201euh-uh!\u201c<\/strong> ja osutab \u00f5igel pildil.<\/p>\n<p class=\"\" data-start=\"976\" data-end=\"1100\">\u2705 Kiireim m\u00e4ngija saab \u00fche v\u00f5idum\u00e4rgi ja hoiab selle enda ees.<br data-start=\"1038\" data-end=\"1041\" \/>J\u00e4rgmisena viskab t\u00e4ringuid j\u00e4rgmine m\u00e4ngija <strong data-start=\"1086\" data-end=\"1099\">p\u00e4rip\u00e4eva<\/strong>.<\/p>\n<p class=\"\" data-start=\"1102\" data-end=\"1174\">\ud83c\udfc1 <strong data-start=\"1105\" data-end=\"1119\">M\u00e4ng l\u00f5peb<\/strong>, kui \u00fcks m\u00e4ngija kogub <strong data-start=\"1143\" data-end=\"1154\">5 m\u00e4rki<\/strong> \u2013 tema ongi v\u00f5itja!<\/p>\n<hr class=\"\" data-start=\"1176\" data-end=\"1179\" \/>\n<h3 class=\"\" data-start=\"1181\" data-end=\"1209\"><strong data-start=\"1185\" data-end=\"1207\">Komplekt sisaldab:<\/strong><\/h3>\n<ul data-start=\"1210\" data-end=\"1284\" data-is-last-node=\"\" data-is-only-node=\"\">\n<li class=\"\" data-start=\"1210\" data-end=\"1236\">\n<p class=\"\" data-start=\"1212\" data-end=\"1236\">1 kahepoolne m\u00e4nguv\u00e4li<\/p>\n<\/li>\n<li class=\"\" data-start=\"1237\" data-end=\"1251\">\n<p class=\"\" data-start=\"1239\" data-end=\"1251\">3 t\u00e4ringut<\/p>\n<\/li>\n<li class=\"\" data-start=\"1252\" data-end=\"1269\">\n<p class=\"\" data-start=\"1254\" data-end=\"1269\">30 v\u00f5idum\u00e4rki<\/p>\n<\/li>\n<li class=\"\" data-start=\"1270\" data-end=\"1284\">\n<p class=\"\" data-start=\"1272\" data-end=\"1284\">m\u00e4ngureeglid<\/p>\n<\/li>\n<\/ul>\n","protected":false},"excerpt":{"rendered":"<p>Kuidas m\u00e4ngida? 1\ufe0f\u20e3 Asetage m\u00e4nguv\u00e4li laua keskele, et k\u00f5igil oleks mugav sellele ligi p\u00e4\u00e4seda.\ud83d\udfe2 M\u00e4nguv\u00e4li on kahepoolne: \u00fcks pool lihtsate piltidega teine keerulisem \u2013 suuremate laste v\u00f5i kordusm\u00e4ngude jaoks.\ud83c\udfb2 Asetage k\u00f5ik 3 t\u00e4ringut ja 30 m\u00e4rki m\u00e4nguv\u00e4lja k\u00f5rvale. 2\ufe0f\u20e3 M\u00e4\u00e4rake m\u00e4ngukord ja alustage! \ud83d\udc41\u200d\ud83d\udde8 Eesm\u00e4rk: olla esimene, kes kogub 5 m\u00e4rki. \ud83c\udfb2 Esimene m\u00e4ngija viskab [&hellip;]<\/p>\n","protected":false},"featured_media":69360,"template":"","meta":{"_monsterinsights_skip_tracking":false,"_monsterinsights_sitenote_active":false,"_monsterinsights_sitenote_note":"","_monsterinsights_sitenote_category":0},"product_brand":[],"product_cat":[55,58],"product_tag":[],"class_list":{"0":"post-49393","1":"product","2":"type-product","3":"status-publish","4":"has-post-thumbnail","6":"product_cat-lauamangud","7":"product_cat-unkategorized","8":"pa_vozrast-ot-5-let-et","10":"first","11":"instock","12":"shipping-taxable","13":"purchasable","14":"product-type-simple"},"yoast_head":"<!-- This site is optimized with the Yoast SEO plugin v25.0 - https:\/\/yoast.com\/wordpress\/plugins\/seo\/ -->\n<title>Lauam\u00e4ng t\u00e4helepanu treenimiseks \u201eOh neid \u00f6\u00f6kulle. 2.0\u201c, 4+ -<\/title>\n<meta name=\"description\" content=\"Lauam\u00e4ng t\u00e4helepanu treenimiseks \u201eOh neid \u00f6\u00f6kulle. 2.0\u201c, 4+ - CLEVER KIDS\" \/>\n<meta name=\"robots\" content=\"index, follow, max-snippet:-1, max-image-preview:large, max-video-preview:-1\" \/>\n<link rel=\"canonical\" href=\"https:\/\/cleverkids.ee\/et\/product\/lauamang-tahelepanu-treenimiseks-oh-neid-ookulle-2-0-4\/\" \/>\n<meta property=\"og:locale\" content=\"et_EE\" \/>\n<meta property=\"og:type\" content=\"article\" \/>\n<meta property=\"og:title\" content=\"Lauam\u00e4ng t\u00e4helepanu treenimiseks \u201eOh neid \u00f6\u00f6kulle. 2.0\u201c, 4+ -\" \/>\n<meta property=\"og:description\" content=\"Lauam\u00e4ng t\u00e4helepanu treenimiseks \u201eOh neid \u00f6\u00f6kulle. 2.0\u201c, 4+ - CLEVER KIDS\" \/>\n<meta property=\"og:url\" content=\"https:\/\/cleverkids.ee\/et\/product\/lauamang-tahelepanu-treenimiseks-oh-neid-ookulle-2-0-4\/\" \/>\n<meta property=\"og:site_name\" content=\"CLEVER KIDS\" \/>\n<meta property=\"article:publisher\" content=\"https:\/\/www.facebook.com\/cleverkids.ee\/\" \/>\n<meta property=\"article:modified_time\" content=\"2025-11-11T20:49:11+00:00\" \/>\n<meta property=\"og:image\" content=\"https:\/\/cleverkids.ee\/wp-content\/uploads\/2024\/05\/700-11-7.jpg\" \/>\n\t<meta property=\"og:image:width\" content=\"700\" \/>\n\t<meta property=\"og:image:height\" content=\"700\" \/>\n\t<meta property=\"og:image:type\" content=\"image\/jpeg\" \/>\n<meta name=\"twitter:card\" content=\"summary_large_image\" \/>\n<meta name=\"twitter:label1\" content=\"Est. reading time\" \/>\n\t<meta name=\"twitter:data1\" content=\"1 minut\" \/>\n<script type=\"application\/ld+json\" class=\"yoast-schema-graph\">{\"@context\":\"https:\/\/schema.org\",\"@graph\":[{\"@type\":\"WebPage\",\"@id\":\"https:\/\/cleverkids.ee\/et\/product\/lauamang-tahelepanu-treenimiseks-oh-neid-ookulle-2-0-4\/\",\"url\":\"https:\/\/cleverkids.ee\/et\/product\/lauamang-tahelepanu-treenimiseks-oh-neid-ookulle-2-0-4\/\",\"name\":\"Lauam\u00e4ng t\u00e4helepanu treenimiseks \u201eOh neid \u00f6\u00f6kulle. 2.0\u201c, 4+ -\",\"isPartOf\":{\"@id\":\"https:\/\/cleverkids.ee\/et\/#website\"},\"primaryImageOfPage\":{\"@id\":\"https:\/\/cleverkids.ee\/et\/product\/lauamang-tahelepanu-treenimiseks-oh-neid-ookulle-2-0-4\/#primaryimage\"},\"image\":{\"@id\":\"https:\/\/cleverkids.ee\/et\/product\/lauamang-tahelepanu-treenimiseks-oh-neid-ookulle-2-0-4\/#primaryimage\"},\"thumbnailUrl\":\"https:\/\/cleverkids.ee\/wp-content\/uploads\/2024\/05\/700-11-7.jpg\",\"datePublished\":\"2024-04-16T04:24:40+00:00\",\"dateModified\":\"2025-11-11T20:49:11+00:00\",\"description\":\"Lauam\u00e4ng t\u00e4helepanu treenimiseks \u201eOh neid \u00f6\u00f6kulle. 2.0\u201c, 4+ - CLEVER KIDS\",\"breadcrumb\":{\"@id\":\"https:\/\/cleverkids.ee\/et\/product\/lauamang-tahelepanu-treenimiseks-oh-neid-ookulle-2-0-4\/#breadcrumb\"},\"inLanguage\":\"et\",\"potentialAction\":[{\"@type\":\"ReadAction\",\"target\":[\"https:\/\/cleverkids.ee\/et\/product\/lauamang-tahelepanu-treenimiseks-oh-neid-ookulle-2-0-4\/\"]}]},{\"@type\":\"ImageObject\",\"inLanguage\":\"et\",\"@id\":\"https:\/\/cleverkids.ee\/et\/product\/lauamang-tahelepanu-treenimiseks-oh-neid-ookulle-2-0-4\/#primaryimage\",\"url\":\"https:\/\/cleverkids.ee\/wp-content\/uploads\/2024\/05\/700-11-7.jpg\",\"contentUrl\":\"https:\/\/cleverkids.ee\/wp-content\/uploads\/2024\/05\/700-11-7.jpg\",\"width\":700,\"height\":700},{\"@type\":\"BreadcrumbList\",\"@id\":\"https:\/\/cleverkids.ee\/et\/product\/lauamang-tahelepanu-treenimiseks-oh-neid-ookulle-2-0-4\/#breadcrumb\",\"itemListElement\":[{\"@type\":\"ListItem\",\"position\":1,\"name\":\"Esileht\",\"item\":\"https:\/\/cleverkids.ee\/et\/\"},{\"@type\":\"ListItem\",\"position\":2,\"name\":\"Tooted\",\"item\":\"https:\/\/cleverkids.ee\/store\/\"},{\"@type\":\"ListItem\",\"position\":3,\"name\":\"Lauam\u00e4ng t\u00e4helepanu treenimiseks \u201eOh neid \u00f6\u00f6kulle. 2.0\u201c, 4+\"}]},{\"@type\":\"WebSite\",\"@id\":\"https:\/\/cleverkids.ee\/et\/#website\",\"url\":\"https:\/\/cleverkids.ee\/et\/\",\"name\":\"CLEVER KIDS\",\"description\":\"\",\"publisher\":{\"@id\":\"https:\/\/cleverkids.ee\/et\/#organization\"},\"potentialAction\":[{\"@type\":\"SearchAction\",\"target\":{\"@type\":\"EntryPoint\",\"urlTemplate\":\"https:\/\/cleverkids.ee\/et\/?s={search_term_string}\"},\"query-input\":{\"@type\":\"PropertyValueSpecification\",\"valueRequired\":true,\"valueName\":\"search_term_string\"}}],\"inLanguage\":\"et\"},{\"@type\":\"Organization\",\"@id\":\"https:\/\/cleverkids.ee\/et\/#organization\",\"name\":\"CLEVER KIDS\",\"url\":\"https:\/\/cleverkids.ee\/et\/\",\"logo\":{\"@type\":\"ImageObject\",\"inLanguage\":\"et\",\"@id\":\"https:\/\/cleverkids.ee\/et\/#\/schema\/logo\/image\/\",\"url\":\"https:\/\/cleverkids.ee\/wp-content\/uploads\/2024\/02\/image0-1024x1024.png\",\"contentUrl\":\"https:\/\/cleverkids.ee\/wp-content\/uploads\/2024\/02\/image0-1024x1024.png\",\"width\":1024,\"height\":1024,\"caption\":\"CLEVER KIDS\"},\"image\":{\"@id\":\"https:\/\/cleverkids.ee\/et\/#\/schema\/logo\/image\/\"},\"sameAs\":[\"https:\/\/www.facebook.com\/cleverkids.ee\/\",\"https:\/\/www.instagram.com\/cleverkids_ee\/\"]}]}<\/script>\n<!-- \/ Yoast SEO plugin. -->","yoast_head_json":{"title":"Lauam\u00e4ng t\u00e4helepanu treenimiseks \u201eOh neid \u00f6\u00f6kulle. 2.0\u201c, 4+ -","description":"Lauam\u00e4ng t\u00e4helepanu treenimiseks \u201eOh neid \u00f6\u00f6kulle. 2.0\u201c, 4+ - CLEVER KIDS","robots":{"index":"index","follow":"follow","max-snippet":"max-snippet:-1","max-image-preview":"max-image-preview:large","max-video-preview":"max-video-preview:-1"},"canonical":"https:\/\/cleverkids.ee\/et\/product\/lauamang-tahelepanu-treenimiseks-oh-neid-ookulle-2-0-4\/","og_locale":"et_EE","og_type":"article","og_title":"Lauam\u00e4ng t\u00e4helepanu treenimiseks \u201eOh neid \u00f6\u00f6kulle. 2.0\u201c, 4+ -","og_description":"Lauam\u00e4ng t\u00e4helepanu treenimiseks \u201eOh neid \u00f6\u00f6kulle. 2.0\u201c, 4+ - CLEVER KIDS","og_url":"https:\/\/cleverkids.ee\/et\/product\/lauamang-tahelepanu-treenimiseks-oh-neid-ookulle-2-0-4\/","og_site_name":"CLEVER KIDS","article_publisher":"https:\/\/www.facebook.com\/cleverkids.ee\/","article_modified_time":"2025-11-11T20:49:11+00:00","og_image":[{"width":700,"height":700,"url":"https:\/\/cleverkids.ee\/wp-content\/uploads\/2024\/05\/700-11-7.jpg","type":"image\/jpeg"}],"twitter_card":"summary_large_image","twitter_misc":{"Est. reading time":"1 minut"},"schema":{"@context":"https:\/\/schema.org","@graph":[{"@type":"WebPage","@id":"https:\/\/cleverkids.ee\/et\/product\/lauamang-tahelepanu-treenimiseks-oh-neid-ookulle-2-0-4\/","url":"https:\/\/cleverkids.ee\/et\/product\/lauamang-tahelepanu-treenimiseks-oh-neid-ookulle-2-0-4\/","name":"Lauam\u00e4ng t\u00e4helepanu treenimiseks \u201eOh neid \u00f6\u00f6kulle. 2.0\u201c, 4+ -","isPartOf":{"@id":"https:\/\/cleverkids.ee\/et\/#website"},"primaryImageOfPage":{"@id":"https:\/\/cleverkids.ee\/et\/product\/lauamang-tahelepanu-treenimiseks-oh-neid-ookulle-2-0-4\/#primaryimage"},"image":{"@id":"https:\/\/cleverkids.ee\/et\/product\/lauamang-tahelepanu-treenimiseks-oh-neid-ookulle-2-0-4\/#primaryimage"},"thumbnailUrl":"https:\/\/cleverkids.ee\/wp-content\/uploads\/2024\/05\/700-11-7.jpg","datePublished":"2024-04-16T04:24:40+00:00","dateModified":"2025-11-11T20:49:11+00:00","description":"Lauam\u00e4ng t\u00e4helepanu treenimiseks \u201eOh neid \u00f6\u00f6kulle. 2.0\u201c, 4+ - CLEVER KIDS","breadcrumb":{"@id":"https:\/\/cleverkids.ee\/et\/product\/lauamang-tahelepanu-treenimiseks-oh-neid-ookulle-2-0-4\/#breadcrumb"},"inLanguage":"et","potentialAction":[{"@type":"ReadAction","target":["https:\/\/cleverkids.ee\/et\/product\/lauamang-tahelepanu-treenimiseks-oh-neid-ookulle-2-0-4\/"]}]},{"@type":"ImageObject","inLanguage":"et","@id":"https:\/\/cleverkids.ee\/et\/product\/lauamang-tahelepanu-treenimiseks-oh-neid-ookulle-2-0-4\/#primaryimage","url":"https:\/\/cleverkids.ee\/wp-content\/uploads\/2024\/05\/700-11-7.jpg","contentUrl":"https:\/\/cleverkids.ee\/wp-content\/uploads\/2024\/05\/700-11-7.jpg","width":700,"height":700},{"@type":"BreadcrumbList","@id":"https:\/\/cleverkids.ee\/et\/product\/lauamang-tahelepanu-treenimiseks-oh-neid-ookulle-2-0-4\/#breadcrumb","itemListElement":[{"@type":"ListItem","position":1,"name":"Esileht","item":"https:\/\/cleverkids.ee\/et\/"},{"@type":"ListItem","position":2,"name":"Tooted","item":"https:\/\/cleverkids.ee\/store\/"},{"@type":"ListItem","position":3,"name":"Lauam\u00e4ng t\u00e4helepanu treenimiseks \u201eOh neid \u00f6\u00f6kulle. 2.0\u201c, 4+"}]},{"@type":"WebSite","@id":"https:\/\/cleverkids.ee\/et\/#website","url":"https:\/\/cleverkids.ee\/et\/","name":"CLEVER KIDS","description":"","publisher":{"@id":"https:\/\/cleverkids.ee\/et\/#organization"},"potentialAction":[{"@type":"SearchAction","target":{"@type":"EntryPoint","urlTemplate":"https:\/\/cleverkids.ee\/et\/?s={search_term_string}"},"query-input":{"@type":"PropertyValueSpecification","valueRequired":true,"valueName":"search_term_string"}}],"inLanguage":"et"},{"@type":"Organization","@id":"https:\/\/cleverkids.ee\/et\/#organization","name":"CLEVER KIDS","url":"https:\/\/cleverkids.ee\/et\/","logo":{"@type":"ImageObject","inLanguage":"et","@id":"https:\/\/cleverkids.ee\/et\/#\/schema\/logo\/image\/","url":"https:\/\/cleverkids.ee\/wp-content\/uploads\/2024\/02\/image0-1024x1024.png","contentUrl":"https:\/\/cleverkids.ee\/wp-content\/uploads\/2024\/02\/image0-1024x1024.png","width":1024,"height":1024,"caption":"CLEVER KIDS"},"image":{"@id":"https:\/\/cleverkids.ee\/et\/#\/schema\/logo\/image\/"},"sameAs":["https:\/\/www.facebook.com\/cleverkids.ee\/","https:\/\/www.instagram.com\/cleverkids_ee\/"]}]}},"_links":{"self":[{"href":"https:\/\/cleverkids.ee\/et\/wp-json\/wp\/v2\/product\/49393","targetHints":{"allow":["GET"]}}],"collection":[{"href":"https:\/\/cleverkids.ee\/et\/wp-json\/wp\/v2\/product"}],"about":[{"href":"https:\/\/cleverkids.ee\/et\/wp-json\/wp\/v2\/types\/product"}],"wp:featuredmedia":[{"embeddable":true,"href":"https:\/\/cleverkids.ee\/et\/wp-json\/wp\/v2\/media\/69360"}],"wp:attachment":[{"href":"https:\/\/cleverkids.ee\/et\/wp-json\/wp\/v2\/media?parent=49393"}],"wp:term":[{"taxonomy":"product_brand","embeddable":true,"href":"https:\/\/cleverkids.ee\/et\/wp-json\/wp\/v2\/product_brand?post=49393"},{"taxonomy":"product_cat","embeddable":true,"href":"https:\/\/cleverkids.ee\/et\/wp-json\/wp\/v2\/product_cat?post=49393"},{"taxonomy":"product_tag","embeddable":true,"href":"https:\/\/cleverkids.ee\/et\/wp-json\/wp\/v2\/product_tag?post=49393"}],"curies":[{"name":"wp","href":"https:\/\/api.w.org\/{rel}","templated":true}]}}