{"id":49426,"date":"2024-04-16T07:24:40","date_gmt":"2024-04-16T04:24:40","guid":{"rendered":"https:\/\/cleverkids.dev2.sdhost.eu\/product\/%d0%ba%d0%b0%d1%80%d1%82%d0%be%d1%87%d0%ba%d0%b8-%d0%b4%d0%be%d0%bc%d0%b0%d0%bd%d0%b0-%d0%b4%d0%bb%d1%8f-%d1%80%d0%b0%d0%bd%d0%bd%d0%b5%d0%b3%d0%be-%d1%80%d0%b0%d0%b7%d0%b2%d0%b8%d1%82%d0%b8%d1%8f\/"},"modified":"2026-02-13T10:12:14","modified_gmt":"2026-02-13T08:12:14","slug":"raamatute-komplekt-domani-kaardid-varajaseks-arenguks-6-raamatut-x-20-lk","status":"publish","type":"product","link":"https:\/\/cleverkids.ee\/et\/product\/raamatute-komplekt-domani-kaardid-varajaseks-arenguks-6-raamatut-x-20-lk\/","title":{"rendered":"Raamatute komplekt \u201eDomani kaardid varajaseks arenguks\u201c \u2013 6 raamatut x 20 lk"},"content":{"rendered":"<p data-start=\"160\" data-end=\"340\">\u00d5ppekomplekt k\u00f5ige pisematele, mis aitab tutvuda \u00fcmbritseva maailmaga ja arendada m\u00e4lu, t\u00e4helepanu ning silmaringi. Kaardid on loodud Glenn Domani varajase arengu metoodika p\u00f5hjal.<\/p>\n<p data-start=\"342\" data-end=\"456\">Kaardid on kahepoolsed. Enne kasutamist tuleb need raamatust v\u00e4lja l\u00f5igata, et \u00f5ppimine oleks mugav ja praktiline.<\/p>\n<p data-start=\"458\" data-end=\"625\"><strong data-start=\"458\" data-end=\"479\">Komplekti teemad:<\/strong><br data-start=\"479\" data-end=\"482\" \/>\u2013 Mustvalged pildid. Kujundid ja vormid<br data-start=\"521\" data-end=\"524\" \/>\u2013 Minu esimesed s\u00f5nad<br data-start=\"545\" data-end=\"548\" \/>\u2013 Toiduained<br data-start=\"560\" data-end=\"563\" \/>\u2013 V\u00e4rvilised pildid<br data-start=\"582\" data-end=\"585\" \/>\u2013 V\u00e4rvid<br data-start=\"593\" data-end=\"596\" \/>\u2013 Mustvalged pildid. Loomad<\/p>\n<p data-start=\"627\" data-end=\"732\" data-is-last-node=\"\" data-is-only-node=\"\">Sobib suurep\u00e4raselt varajaseks keele- ja maailmatunnetuse arendamiseks l\u00e4bi lihtsa ja s\u00fcsteemse \u00f5ppimise.<\/p>\n","protected":false},"excerpt":{"rendered":"<p>\u00d5ppekomplekt k\u00f5ige pisematele, mis aitab tutvuda \u00fcmbritseva maailmaga ja arendada m\u00e4lu, t\u00e4helepanu ning silmaringi. Kaardid on loodud Glenn Domani varajase arengu metoodika p\u00f5hjal. Kaardid on kahepoolsed. Enne kasutamist tuleb need raamatust v\u00e4lja l\u00f5igata, et \u00f5ppimine oleks mugav ja praktiline. Komplekti teemad:\u2013 Mustvalged pildid. Kujundid ja vormid\u2013 Minu esimesed s\u00f5nad\u2013 Toiduained\u2013 V\u00e4rvilised pildid\u2013 V\u00e4rvid\u2013 Mustvalged pildid. [&hellip;]<\/p>\n","protected":false},"featured_media":69255,"template":"","meta":{"_monsterinsights_skip_tracking":false,"_monsterinsights_sitenote_active":false,"_monsterinsights_sitenote_note":"","_monsterinsights_sitenote_category":0},"product_brand":[],"product_cat":[51,56,58],"product_tag":[],"class_list":{"0":"post-49426","1":"product","2":"type-product","3":"status-publish","4":"has-post-thumbnail","6":"product_cat-arendavad-vihikud-vene-keeles","7":"product_cat-kone-areng","8":"product_cat-unkategorized","9":"pa_vozrast-ot-0-do-polutora-let-et","11":"first","12":"instock","13":"shipping-taxable","14":"purchasable","15":"product-type-simple"},"yoast_head":"<!-- This site is optimized with the Yoast SEO plugin v25.0 - https:\/\/yoast.com\/wordpress\/plugins\/seo\/ -->\n<title>Raamatute komplekt \u201eDomani kaardid varajaseks arenguks\u201c \u2013 6 raamatut x 20 lk -<\/title>\n<meta name=\"description\" content=\"Raamatute komplekt \u201eDomani kaardid varajaseks arenguks\u201c \u2013 6 raamatut x 20 lk - CLEVER KIDS\" \/>\n<meta name=\"robots\" content=\"index, follow, max-snippet:-1, max-image-preview:large, max-video-preview:-1\" \/>\n<link rel=\"canonical\" href=\"https:\/\/cleverkids.ee\/et\/product\/raamatute-komplekt-domani-kaardid-varajaseks-arenguks-6-raamatut-x-20-lk\/\" \/>\n<meta property=\"og:locale\" content=\"et_EE\" \/>\n<meta property=\"og:type\" content=\"article\" \/>\n<meta property=\"og:title\" content=\"Raamatute komplekt \u201eDomani kaardid varajaseks arenguks\u201c \u2013 6 raamatut x 20 lk -\" \/>\n<meta property=\"og:description\" content=\"Raamatute komplekt \u201eDomani kaardid varajaseks arenguks\u201c \u2013 6 raamatut x 20 lk - CLEVER KIDS\" \/>\n<meta property=\"og:url\" content=\"https:\/\/cleverkids.ee\/et\/product\/raamatute-komplekt-domani-kaardid-varajaseks-arenguks-6-raamatut-x-20-lk\/\" \/>\n<meta property=\"og:site_name\" content=\"CLEVER KIDS\" \/>\n<meta property=\"article:publisher\" content=\"https:\/\/www.facebook.com\/cleverkids.ee\/\" \/>\n<meta property=\"article:modified_time\" content=\"2026-02-13T08:12:14+00:00\" \/>\n<meta property=\"og:image\" content=\"https:\/\/cleverkids.ee\/wp-content\/uploads\/2024\/05\/700-15-6.jpg\" \/>\n\t<meta property=\"og:image:width\" content=\"700\" \/>\n\t<meta property=\"og:image:height\" content=\"700\" \/>\n\t<meta property=\"og:image:type\" content=\"image\/jpeg\" \/>\n<meta name=\"twitter:card\" content=\"summary_large_image\" \/>\n<meta name=\"twitter:label1\" content=\"Est. reading time\" \/>\n\t<meta name=\"twitter:data1\" content=\"1 minut\" \/>\n<script type=\"application\/ld+json\" class=\"yoast-schema-graph\">{\"@context\":\"https:\/\/schema.org\",\"@graph\":[{\"@type\":\"WebPage\",\"@id\":\"https:\/\/cleverkids.ee\/et\/product\/raamatute-komplekt-domani-kaardid-varajaseks-arenguks-6-raamatut-x-20-lk\/\",\"url\":\"https:\/\/cleverkids.ee\/et\/product\/raamatute-komplekt-domani-kaardid-varajaseks-arenguks-6-raamatut-x-20-lk\/\",\"name\":\"Raamatute komplekt \u201eDomani kaardid varajaseks arenguks\u201c \u2013 6 raamatut x 20 lk -\",\"isPartOf\":{\"@id\":\"https:\/\/cleverkids.ee\/et\/#website\"},\"primaryImageOfPage\":{\"@id\":\"https:\/\/cleverkids.ee\/et\/product\/raamatute-komplekt-domani-kaardid-varajaseks-arenguks-6-raamatut-x-20-lk\/#primaryimage\"},\"image\":{\"@id\":\"https:\/\/cleverkids.ee\/et\/product\/raamatute-komplekt-domani-kaardid-varajaseks-arenguks-6-raamatut-x-20-lk\/#primaryimage\"},\"thumbnailUrl\":\"https:\/\/cleverkids.ee\/wp-content\/uploads\/2024\/05\/700-15-6.jpg\",\"datePublished\":\"2024-04-16T04:24:40+00:00\",\"dateModified\":\"2026-02-13T08:12:14+00:00\",\"description\":\"Raamatute komplekt \u201eDomani kaardid varajaseks arenguks\u201c \u2013 6 raamatut x 20 lk - CLEVER KIDS\",\"breadcrumb\":{\"@id\":\"https:\/\/cleverkids.ee\/et\/product\/raamatute-komplekt-domani-kaardid-varajaseks-arenguks-6-raamatut-x-20-lk\/#breadcrumb\"},\"inLanguage\":\"et\",\"potentialAction\":[{\"@type\":\"ReadAction\",\"target\":[\"https:\/\/cleverkids.ee\/et\/product\/raamatute-komplekt-domani-kaardid-varajaseks-arenguks-6-raamatut-x-20-lk\/\"]}]},{\"@type\":\"ImageObject\",\"inLanguage\":\"et\",\"@id\":\"https:\/\/cleverkids.ee\/et\/product\/raamatute-komplekt-domani-kaardid-varajaseks-arenguks-6-raamatut-x-20-lk\/#primaryimage\",\"url\":\"https:\/\/cleverkids.ee\/wp-content\/uploads\/2024\/05\/700-15-6.jpg\",\"contentUrl\":\"https:\/\/cleverkids.ee\/wp-content\/uploads\/2024\/05\/700-15-6.jpg\",\"width\":700,\"height\":700},{\"@type\":\"BreadcrumbList\",\"@id\":\"https:\/\/cleverkids.ee\/et\/product\/raamatute-komplekt-domani-kaardid-varajaseks-arenguks-6-raamatut-x-20-lk\/#breadcrumb\",\"itemListElement\":[{\"@type\":\"ListItem\",\"position\":1,\"name\":\"Esileht\",\"item\":\"https:\/\/cleverkids.ee\/et\/\"},{\"@type\":\"ListItem\",\"position\":2,\"name\":\"Tooted\",\"item\":\"https:\/\/cleverkids.ee\/store\/\"},{\"@type\":\"ListItem\",\"position\":3,\"name\":\"Raamatute komplekt \u201eDomani kaardid varajaseks arenguks\u201c \u2013 6 raamatut x 20 lk\"}]},{\"@type\":\"WebSite\",\"@id\":\"https:\/\/cleverkids.ee\/et\/#website\",\"url\":\"https:\/\/cleverkids.ee\/et\/\",\"name\":\"CLEVER KIDS\",\"description\":\"\",\"publisher\":{\"@id\":\"https:\/\/cleverkids.ee\/et\/#organization\"},\"potentialAction\":[{\"@type\":\"SearchAction\",\"target\":{\"@type\":\"EntryPoint\",\"urlTemplate\":\"https:\/\/cleverkids.ee\/et\/?s={search_term_string}\"},\"query-input\":{\"@type\":\"PropertyValueSpecification\",\"valueRequired\":true,\"valueName\":\"search_term_string\"}}],\"inLanguage\":\"et\"},{\"@type\":\"Organization\",\"@id\":\"https:\/\/cleverkids.ee\/et\/#organization\",\"name\":\"CLEVER KIDS\",\"url\":\"https:\/\/cleverkids.ee\/et\/\",\"logo\":{\"@type\":\"ImageObject\",\"inLanguage\":\"et\",\"@id\":\"https:\/\/cleverkids.ee\/et\/#\/schema\/logo\/image\/\",\"url\":\"https:\/\/cleverkids.ee\/wp-content\/uploads\/2024\/02\/image0-1024x1024.png\",\"contentUrl\":\"https:\/\/cleverkids.ee\/wp-content\/uploads\/2024\/02\/image0-1024x1024.png\",\"width\":1024,\"height\":1024,\"caption\":\"CLEVER KIDS\"},\"image\":{\"@id\":\"https:\/\/cleverkids.ee\/et\/#\/schema\/logo\/image\/\"},\"sameAs\":[\"https:\/\/www.facebook.com\/cleverkids.ee\/\",\"https:\/\/www.instagram.com\/cleverkids_ee\/\"]}]}<\/script>\n<!-- \/ Yoast SEO plugin. -->","yoast_head_json":{"title":"Raamatute komplekt \u201eDomani kaardid varajaseks arenguks\u201c \u2013 6 raamatut x 20 lk -","description":"Raamatute komplekt \u201eDomani kaardid varajaseks arenguks\u201c \u2013 6 raamatut x 20 lk - CLEVER KIDS","robots":{"index":"index","follow":"follow","max-snippet":"max-snippet:-1","max-image-preview":"max-image-preview:large","max-video-preview":"max-video-preview:-1"},"canonical":"https:\/\/cleverkids.ee\/et\/product\/raamatute-komplekt-domani-kaardid-varajaseks-arenguks-6-raamatut-x-20-lk\/","og_locale":"et_EE","og_type":"article","og_title":"Raamatute komplekt \u201eDomani kaardid varajaseks arenguks\u201c \u2013 6 raamatut x 20 lk -","og_description":"Raamatute komplekt \u201eDomani kaardid varajaseks arenguks\u201c \u2013 6 raamatut x 20 lk - CLEVER KIDS","og_url":"https:\/\/cleverkids.ee\/et\/product\/raamatute-komplekt-domani-kaardid-varajaseks-arenguks-6-raamatut-x-20-lk\/","og_site_name":"CLEVER KIDS","article_publisher":"https:\/\/www.facebook.com\/cleverkids.ee\/","article_modified_time":"2026-02-13T08:12:14+00:00","og_image":[{"width":700,"height":700,"url":"https:\/\/cleverkids.ee\/wp-content\/uploads\/2024\/05\/700-15-6.jpg","type":"image\/jpeg"}],"twitter_card":"summary_large_image","twitter_misc":{"Est. reading time":"1 minut"},"schema":{"@context":"https:\/\/schema.org","@graph":[{"@type":"WebPage","@id":"https:\/\/cleverkids.ee\/et\/product\/raamatute-komplekt-domani-kaardid-varajaseks-arenguks-6-raamatut-x-20-lk\/","url":"https:\/\/cleverkids.ee\/et\/product\/raamatute-komplekt-domani-kaardid-varajaseks-arenguks-6-raamatut-x-20-lk\/","name":"Raamatute komplekt \u201eDomani kaardid varajaseks arenguks\u201c \u2013 6 raamatut x 20 lk -","isPartOf":{"@id":"https:\/\/cleverkids.ee\/et\/#website"},"primaryImageOfPage":{"@id":"https:\/\/cleverkids.ee\/et\/product\/raamatute-komplekt-domani-kaardid-varajaseks-arenguks-6-raamatut-x-20-lk\/#primaryimage"},"image":{"@id":"https:\/\/cleverkids.ee\/et\/product\/raamatute-komplekt-domani-kaardid-varajaseks-arenguks-6-raamatut-x-20-lk\/#primaryimage"},"thumbnailUrl":"https:\/\/cleverkids.ee\/wp-content\/uploads\/2024\/05\/700-15-6.jpg","datePublished":"2024-04-16T04:24:40+00:00","dateModified":"2026-02-13T08:12:14+00:00","description":"Raamatute komplekt \u201eDomani kaardid varajaseks arenguks\u201c \u2013 6 raamatut x 20 lk - CLEVER KIDS","breadcrumb":{"@id":"https:\/\/cleverkids.ee\/et\/product\/raamatute-komplekt-domani-kaardid-varajaseks-arenguks-6-raamatut-x-20-lk\/#breadcrumb"},"inLanguage":"et","potentialAction":[{"@type":"ReadAction","target":["https:\/\/cleverkids.ee\/et\/product\/raamatute-komplekt-domani-kaardid-varajaseks-arenguks-6-raamatut-x-20-lk\/"]}]},{"@type":"ImageObject","inLanguage":"et","@id":"https:\/\/cleverkids.ee\/et\/product\/raamatute-komplekt-domani-kaardid-varajaseks-arenguks-6-raamatut-x-20-lk\/#primaryimage","url":"https:\/\/cleverkids.ee\/wp-content\/uploads\/2024\/05\/700-15-6.jpg","contentUrl":"https:\/\/cleverkids.ee\/wp-content\/uploads\/2024\/05\/700-15-6.jpg","width":700,"height":700},{"@type":"BreadcrumbList","@id":"https:\/\/cleverkids.ee\/et\/product\/raamatute-komplekt-domani-kaardid-varajaseks-arenguks-6-raamatut-x-20-lk\/#breadcrumb","itemListElement":[{"@type":"ListItem","position":1,"name":"Esileht","item":"https:\/\/cleverkids.ee\/et\/"},{"@type":"ListItem","position":2,"name":"Tooted","item":"https:\/\/cleverkids.ee\/store\/"},{"@type":"ListItem","position":3,"name":"Raamatute komplekt \u201eDomani kaardid varajaseks arenguks\u201c \u2013 6 raamatut x 20 lk"}]},{"@type":"WebSite","@id":"https:\/\/cleverkids.ee\/et\/#website","url":"https:\/\/cleverkids.ee\/et\/","name":"CLEVER KIDS","description":"","publisher":{"@id":"https:\/\/cleverkids.ee\/et\/#organization"},"potentialAction":[{"@type":"SearchAction","target":{"@type":"EntryPoint","urlTemplate":"https:\/\/cleverkids.ee\/et\/?s={search_term_string}"},"query-input":{"@type":"PropertyValueSpecification","valueRequired":true,"valueName":"search_term_string"}}],"inLanguage":"et"},{"@type":"Organization","@id":"https:\/\/cleverkids.ee\/et\/#organization","name":"CLEVER KIDS","url":"https:\/\/cleverkids.ee\/et\/","logo":{"@type":"ImageObject","inLanguage":"et","@id":"https:\/\/cleverkids.ee\/et\/#\/schema\/logo\/image\/","url":"https:\/\/cleverkids.ee\/wp-content\/uploads\/2024\/02\/image0-1024x1024.png","contentUrl":"https:\/\/cleverkids.ee\/wp-content\/uploads\/2024\/02\/image0-1024x1024.png","width":1024,"height":1024,"caption":"CLEVER KIDS"},"image":{"@id":"https:\/\/cleverkids.ee\/et\/#\/schema\/logo\/image\/"},"sameAs":["https:\/\/www.facebook.com\/cleverkids.ee\/","https:\/\/www.instagram.com\/cleverkids_ee\/"]}]}},"_links":{"self":[{"href":"https:\/\/cleverkids.ee\/et\/wp-json\/wp\/v2\/product\/49426","targetHints":{"allow":["GET"]}}],"collection":[{"href":"https:\/\/cleverkids.ee\/et\/wp-json\/wp\/v2\/product"}],"about":[{"href":"https:\/\/cleverkids.ee\/et\/wp-json\/wp\/v2\/types\/product"}],"wp:featuredmedia":[{"embeddable":true,"href":"https:\/\/cleverkids.ee\/et\/wp-json\/wp\/v2\/media\/69255"}],"wp:attachment":[{"href":"https:\/\/cleverkids.ee\/et\/wp-json\/wp\/v2\/media?parent=49426"}],"wp:term":[{"taxonomy":"product_brand","embeddable":true,"href":"https:\/\/cleverkids.ee\/et\/wp-json\/wp\/v2\/product_brand?post=49426"},{"taxonomy":"product_cat","embeddable":true,"href":"https:\/\/cleverkids.ee\/et\/wp-json\/wp\/v2\/product_cat?post=49426"},{"taxonomy":"product_tag","embeddable":true,"href":"https:\/\/cleverkids.ee\/et\/wp-json\/wp\/v2\/product_tag?post=49426"}],"curies":[{"name":"wp","href":"https:\/\/api.w.org\/{rel}","templated":true}]}}