{"id":49432,"date":"2024-04-16T07:24:40","date_gmt":"2024-04-16T04:24:40","guid":{"rendered":"https:\/\/cleverkids.dev2.sdhost.eu\/product\/%d0%bd%d0%b0%d0%b1%d0%be%d1%80-%d1%80%d0%b0%d1%81%d0%ba%d1%80%d0%b0%d1%81%d0%be%d0%ba-%d0%bc%d1%8b-%d1%80%d0%b8%d1%81%d1%83%d0%b5%d0%bc-%d0%bf%d0%b0%d0%bb%d1%8c%d1%87%d0%b8%d0%ba%d0%b0%d0%bc\/"},"modified":"2024-06-23T17:59:34","modified_gmt":"2024-06-23T14:59:34","slug":"nabor-raskrasok-my-risuem-palchikam","status":"publish","type":"product","link":"https:\/\/cleverkids.ee\/et\/product\/nabor-raskrasok-my-risuem-palchikam\/","title":{"rendered":"V\u00e4rvimiskomplekt &#8220;Joonistame s\u00f5rmedega&#8221;, 4 tk, iga\u00fches 16 lehek\u00fclge."},"content":{"rendered":"<p>S\u00f5rmev\u00e4rvimine aitab v\u00e4ikesel kunstnikul arendada k\u00e4te peenmotoorikat ja avada loovust.<\/p>\n<p>Soovitatav lastele alates 1. eluaastast.<\/p>\n<p>V\u00e4rvid ei kuulu komplekti.<\/p>\n","protected":false},"excerpt":{"rendered":"<p>S\u00f5rmev\u00e4rvimine aitab v\u00e4ikesel kunstnikul arendada k\u00e4te peenmotoorikat ja avada loovust. Soovitatav lastele alates 1. eluaastast. V\u00e4rvid ei kuulu komplekti.<\/p>\n","protected":false},"featured_media":69240,"template":"","meta":{"_monsterinsights_skip_tracking":false,"_monsterinsights_sitenote_active":false,"_monsterinsights_sitenote_note":"","_monsterinsights_sitenote_category":0},"product_brand":[],"product_cat":[52,58],"product_tag":[],"class_list":{"0":"post-49432","1":"product","2":"type-product","3":"status-publish","4":"has-post-thumbnail","6":"product_cat-loovus","7":"product_cat-unkategorized","8":"pa_vozrast-ot-0-do-polutora-let-et","9":"pa_vozrast-ot-polutora-do-treh-let-et","11":"first","12":"instock","13":"shipping-taxable","14":"purchasable","15":"product-type-simple"},"yoast_head":"<!-- This site is optimized with the Yoast SEO plugin v25.0 - https:\/\/yoast.com\/wordpress\/plugins\/seo\/ -->\n<title>V\u00e4rvimiskomplekt &quot;Joonistame s\u00f5rmedega&quot;, 4 tk, iga\u00fches 16 lehek\u00fclge. -<\/title>\n<meta name=\"description\" content=\"V\u00e4rvimiskomplekt &quot;Joonistame s\u00f5rmedega&quot;, 4 tk, iga\u00fches 16 lehek\u00fclge. - CLEVER KIDS\" \/>\n<meta name=\"robots\" content=\"index, follow, max-snippet:-1, max-image-preview:large, max-video-preview:-1\" \/>\n<link rel=\"canonical\" href=\"https:\/\/cleverkids.ee\/et\/product\/nabor-raskrasok-my-risuem-palchikam\/\" \/>\n<meta property=\"og:locale\" content=\"et_EE\" \/>\n<meta property=\"og:type\" content=\"article\" \/>\n<meta property=\"og:title\" content=\"V\u00e4rvimiskomplekt &quot;Joonistame s\u00f5rmedega&quot;, 4 tk, iga\u00fches 16 lehek\u00fclge. -\" \/>\n<meta property=\"og:description\" content=\"V\u00e4rvimiskomplekt &quot;Joonistame s\u00f5rmedega&quot;, 4 tk, iga\u00fches 16 lehek\u00fclge. - CLEVER KIDS\" \/>\n<meta property=\"og:url\" content=\"https:\/\/cleverkids.ee\/et\/product\/nabor-raskrasok-my-risuem-palchikam\/\" \/>\n<meta property=\"og:site_name\" content=\"CLEVER KIDS\" \/>\n<meta property=\"article:publisher\" content=\"https:\/\/www.facebook.com\/cleverkids.ee\/\" \/>\n<meta property=\"article:modified_time\" content=\"2024-06-23T14:59:34+00:00\" \/>\n<meta property=\"og:image\" content=\"https:\/\/cleverkids.ee\/wp-content\/uploads\/2024\/05\/1600-14-12.jpg\" \/>\n\t<meta property=\"og:image:width\" content=\"1600\" \/>\n\t<meta property=\"og:image:height\" content=\"1600\" \/>\n\t<meta property=\"og:image:type\" content=\"image\/jpeg\" \/>\n<meta name=\"twitter:card\" content=\"summary_large_image\" \/>\n<script type=\"application\/ld+json\" class=\"yoast-schema-graph\">{\"@context\":\"https:\/\/schema.org\",\"@graph\":[{\"@type\":\"WebPage\",\"@id\":\"https:\/\/cleverkids.ee\/et\/product\/nabor-raskrasok-my-risuem-palchikam\/\",\"url\":\"https:\/\/cleverkids.ee\/et\/product\/nabor-raskrasok-my-risuem-palchikam\/\",\"name\":\"V\u00e4rvimiskomplekt \\\"Joonistame s\u00f5rmedega\\\", 4 tk, iga\u00fches 16 lehek\u00fclge. -\",\"isPartOf\":{\"@id\":\"https:\/\/cleverkids.ee\/et\/#website\"},\"primaryImageOfPage\":{\"@id\":\"https:\/\/cleverkids.ee\/et\/product\/nabor-raskrasok-my-risuem-palchikam\/#primaryimage\"},\"image\":{\"@id\":\"https:\/\/cleverkids.ee\/et\/product\/nabor-raskrasok-my-risuem-palchikam\/#primaryimage\"},\"thumbnailUrl\":\"https:\/\/cleverkids.ee\/wp-content\/uploads\/2024\/05\/1600-14-12.jpg\",\"datePublished\":\"2024-04-16T04:24:40+00:00\",\"dateModified\":\"2024-06-23T14:59:34+00:00\",\"description\":\"V\u00e4rvimiskomplekt \\\"Joonistame s\u00f5rmedega\\\", 4 tk, iga\u00fches 16 lehek\u00fclge. - CLEVER KIDS\",\"breadcrumb\":{\"@id\":\"https:\/\/cleverkids.ee\/et\/product\/nabor-raskrasok-my-risuem-palchikam\/#breadcrumb\"},\"inLanguage\":\"et\",\"potentialAction\":[{\"@type\":\"ReadAction\",\"target\":[\"https:\/\/cleverkids.ee\/et\/product\/nabor-raskrasok-my-risuem-palchikam\/\"]}]},{\"@type\":\"ImageObject\",\"inLanguage\":\"et\",\"@id\":\"https:\/\/cleverkids.ee\/et\/product\/nabor-raskrasok-my-risuem-palchikam\/#primaryimage\",\"url\":\"https:\/\/cleverkids.ee\/wp-content\/uploads\/2024\/05\/1600-14-12.jpg\",\"contentUrl\":\"https:\/\/cleverkids.ee\/wp-content\/uploads\/2024\/05\/1600-14-12.jpg\",\"width\":1600,\"height\":1600},{\"@type\":\"BreadcrumbList\",\"@id\":\"https:\/\/cleverkids.ee\/et\/product\/nabor-raskrasok-my-risuem-palchikam\/#breadcrumb\",\"itemListElement\":[{\"@type\":\"ListItem\",\"position\":1,\"name\":\"Esileht\",\"item\":\"https:\/\/cleverkids.ee\/et\/\"},{\"@type\":\"ListItem\",\"position\":2,\"name\":\"Tooted\",\"item\":\"https:\/\/cleverkids.ee\/store\/\"},{\"@type\":\"ListItem\",\"position\":3,\"name\":\"V\u00e4rvimiskomplekt &#171;Joonistame s\u00f5rmedega&#187;, 4 tk, iga\u00fches 16 lehek\u00fclge.\"}]},{\"@type\":\"WebSite\",\"@id\":\"https:\/\/cleverkids.ee\/et\/#website\",\"url\":\"https:\/\/cleverkids.ee\/et\/\",\"name\":\"CLEVER KIDS\",\"description\":\"\",\"publisher\":{\"@id\":\"https:\/\/cleverkids.ee\/et\/#organization\"},\"potentialAction\":[{\"@type\":\"SearchAction\",\"target\":{\"@type\":\"EntryPoint\",\"urlTemplate\":\"https:\/\/cleverkids.ee\/et\/?s={search_term_string}\"},\"query-input\":{\"@type\":\"PropertyValueSpecification\",\"valueRequired\":true,\"valueName\":\"search_term_string\"}}],\"inLanguage\":\"et\"},{\"@type\":\"Organization\",\"@id\":\"https:\/\/cleverkids.ee\/et\/#organization\",\"name\":\"CLEVER KIDS\",\"url\":\"https:\/\/cleverkids.ee\/et\/\",\"logo\":{\"@type\":\"ImageObject\",\"inLanguage\":\"et\",\"@id\":\"https:\/\/cleverkids.ee\/et\/#\/schema\/logo\/image\/\",\"url\":\"https:\/\/cleverkids.ee\/wp-content\/uploads\/2024\/02\/image0-1024x1024.png\",\"contentUrl\":\"https:\/\/cleverkids.ee\/wp-content\/uploads\/2024\/02\/image0-1024x1024.png\",\"width\":1024,\"height\":1024,\"caption\":\"CLEVER KIDS\"},\"image\":{\"@id\":\"https:\/\/cleverkids.ee\/et\/#\/schema\/logo\/image\/\"},\"sameAs\":[\"https:\/\/www.facebook.com\/cleverkids.ee\/\",\"https:\/\/www.instagram.com\/cleverkids_ee\/\"]}]}<\/script>\n<!-- \/ Yoast SEO plugin. -->","yoast_head_json":{"title":"V\u00e4rvimiskomplekt \"Joonistame s\u00f5rmedega\", 4 tk, iga\u00fches 16 lehek\u00fclge. -","description":"V\u00e4rvimiskomplekt \"Joonistame s\u00f5rmedega\", 4 tk, iga\u00fches 16 lehek\u00fclge. - CLEVER KIDS","robots":{"index":"index","follow":"follow","max-snippet":"max-snippet:-1","max-image-preview":"max-image-preview:large","max-video-preview":"max-video-preview:-1"},"canonical":"https:\/\/cleverkids.ee\/et\/product\/nabor-raskrasok-my-risuem-palchikam\/","og_locale":"et_EE","og_type":"article","og_title":"V\u00e4rvimiskomplekt \"Joonistame s\u00f5rmedega\", 4 tk, iga\u00fches 16 lehek\u00fclge. -","og_description":"V\u00e4rvimiskomplekt \"Joonistame s\u00f5rmedega\", 4 tk, iga\u00fches 16 lehek\u00fclge. - CLEVER KIDS","og_url":"https:\/\/cleverkids.ee\/et\/product\/nabor-raskrasok-my-risuem-palchikam\/","og_site_name":"CLEVER KIDS","article_publisher":"https:\/\/www.facebook.com\/cleverkids.ee\/","article_modified_time":"2024-06-23T14:59:34+00:00","og_image":[{"width":1600,"height":1600,"url":"https:\/\/cleverkids.ee\/wp-content\/uploads\/2024\/05\/1600-14-12.jpg","type":"image\/jpeg"}],"twitter_card":"summary_large_image","schema":{"@context":"https:\/\/schema.org","@graph":[{"@type":"WebPage","@id":"https:\/\/cleverkids.ee\/et\/product\/nabor-raskrasok-my-risuem-palchikam\/","url":"https:\/\/cleverkids.ee\/et\/product\/nabor-raskrasok-my-risuem-palchikam\/","name":"V\u00e4rvimiskomplekt \"Joonistame s\u00f5rmedega\", 4 tk, iga\u00fches 16 lehek\u00fclge. -","isPartOf":{"@id":"https:\/\/cleverkids.ee\/et\/#website"},"primaryImageOfPage":{"@id":"https:\/\/cleverkids.ee\/et\/product\/nabor-raskrasok-my-risuem-palchikam\/#primaryimage"},"image":{"@id":"https:\/\/cleverkids.ee\/et\/product\/nabor-raskrasok-my-risuem-palchikam\/#primaryimage"},"thumbnailUrl":"https:\/\/cleverkids.ee\/wp-content\/uploads\/2024\/05\/1600-14-12.jpg","datePublished":"2024-04-16T04:24:40+00:00","dateModified":"2024-06-23T14:59:34+00:00","description":"V\u00e4rvimiskomplekt \"Joonistame s\u00f5rmedega\", 4 tk, iga\u00fches 16 lehek\u00fclge. - CLEVER KIDS","breadcrumb":{"@id":"https:\/\/cleverkids.ee\/et\/product\/nabor-raskrasok-my-risuem-palchikam\/#breadcrumb"},"inLanguage":"et","potentialAction":[{"@type":"ReadAction","target":["https:\/\/cleverkids.ee\/et\/product\/nabor-raskrasok-my-risuem-palchikam\/"]}]},{"@type":"ImageObject","inLanguage":"et","@id":"https:\/\/cleverkids.ee\/et\/product\/nabor-raskrasok-my-risuem-palchikam\/#primaryimage","url":"https:\/\/cleverkids.ee\/wp-content\/uploads\/2024\/05\/1600-14-12.jpg","contentUrl":"https:\/\/cleverkids.ee\/wp-content\/uploads\/2024\/05\/1600-14-12.jpg","width":1600,"height":1600},{"@type":"BreadcrumbList","@id":"https:\/\/cleverkids.ee\/et\/product\/nabor-raskrasok-my-risuem-palchikam\/#breadcrumb","itemListElement":[{"@type":"ListItem","position":1,"name":"Esileht","item":"https:\/\/cleverkids.ee\/et\/"},{"@type":"ListItem","position":2,"name":"Tooted","item":"https:\/\/cleverkids.ee\/store\/"},{"@type":"ListItem","position":3,"name":"V\u00e4rvimiskomplekt &#171;Joonistame s\u00f5rmedega&#187;, 4 tk, iga\u00fches 16 lehek\u00fclge."}]},{"@type":"WebSite","@id":"https:\/\/cleverkids.ee\/et\/#website","url":"https:\/\/cleverkids.ee\/et\/","name":"CLEVER KIDS","description":"","publisher":{"@id":"https:\/\/cleverkids.ee\/et\/#organization"},"potentialAction":[{"@type":"SearchAction","target":{"@type":"EntryPoint","urlTemplate":"https:\/\/cleverkids.ee\/et\/?s={search_term_string}"},"query-input":{"@type":"PropertyValueSpecification","valueRequired":true,"valueName":"search_term_string"}}],"inLanguage":"et"},{"@type":"Organization","@id":"https:\/\/cleverkids.ee\/et\/#organization","name":"CLEVER KIDS","url":"https:\/\/cleverkids.ee\/et\/","logo":{"@type":"ImageObject","inLanguage":"et","@id":"https:\/\/cleverkids.ee\/et\/#\/schema\/logo\/image\/","url":"https:\/\/cleverkids.ee\/wp-content\/uploads\/2024\/02\/image0-1024x1024.png","contentUrl":"https:\/\/cleverkids.ee\/wp-content\/uploads\/2024\/02\/image0-1024x1024.png","width":1024,"height":1024,"caption":"CLEVER KIDS"},"image":{"@id":"https:\/\/cleverkids.ee\/et\/#\/schema\/logo\/image\/"},"sameAs":["https:\/\/www.facebook.com\/cleverkids.ee\/","https:\/\/www.instagram.com\/cleverkids_ee\/"]}]}},"_links":{"self":[{"href":"https:\/\/cleverkids.ee\/et\/wp-json\/wp\/v2\/product\/49432","targetHints":{"allow":["GET"]}}],"collection":[{"href":"https:\/\/cleverkids.ee\/et\/wp-json\/wp\/v2\/product"}],"about":[{"href":"https:\/\/cleverkids.ee\/et\/wp-json\/wp\/v2\/types\/product"}],"wp:featuredmedia":[{"embeddable":true,"href":"https:\/\/cleverkids.ee\/et\/wp-json\/wp\/v2\/media\/69240"}],"wp:attachment":[{"href":"https:\/\/cleverkids.ee\/et\/wp-json\/wp\/v2\/media?parent=49432"}],"wp:term":[{"taxonomy":"product_brand","embeddable":true,"href":"https:\/\/cleverkids.ee\/et\/wp-json\/wp\/v2\/product_brand?post=49432"},{"taxonomy":"product_cat","embeddable":true,"href":"https:\/\/cleverkids.ee\/et\/wp-json\/wp\/v2\/product_cat?post=49432"},{"taxonomy":"product_tag","embeddable":true,"href":"https:\/\/cleverkids.ee\/et\/wp-json\/wp\/v2\/product_tag?post=49432"}],"curies":[{"name":"wp","href":"https:\/\/api.w.org\/{rel}","templated":true}]}}