{"id":49526,"date":"2024-04-16T07:24:33","date_gmt":"2024-04-16T04:24:33","guid":{"rendered":"https:\/\/cleverkids.dev2.sdhost.eu\/product\/%d0%bd%d0%b0%d1%81%d1%82%d0%be%d0%bb%d1%8c%d0%bd%d0%b0%d1%8f-%d0%b8%d0%b3%d1%80%d0%b0-%d1%81%d0%ba%d0%b0%d0%b7%d0%be%d1%87%d0%bd%d0%be%d0%b5-%d0%ba%d0%be%d1%80%d0%be%d0%bb%d0%b5%d0%b2%d1%81\/"},"modified":"2025-03-29T12:37:34","modified_gmt":"2025-03-29T10:37:34","slug":"lauamang-muinasjutukuningriik","status":"publish","type":"product","link":"https:\/\/cleverkids.ee\/et\/product\/lauamang-muinasjutukuningriik\/","title":{"rendered":"Lauam\u00e4ng \u201eMuinasjutukuningriik\u201c"},"content":{"rendered":"<p class=\"\" data-start=\"43\" data-end=\"246\">\ud83c\udf1f <strong data-start=\"46\" data-end=\"95\">Asu seiklusele l\u00e4bi v\u00f5luva muinasjutumaailma!<\/strong> Aga ole ettevaatlik \u2013 salaja on kuningriiki hiilinud <strong data-start=\"149\" data-end=\"157\">n\u00f5id<\/strong>!<br data-start=\"158\" data-end=\"161\" \/>Eesm\u00e4rk on eemaldada k\u00f5ik paarilised kaardid ja <strong data-start=\"209\" data-end=\"245\">mitte j\u00e4tta endale kaarti n\u00f5iaga<\/strong>!<\/p>\n<hr class=\"\" data-start=\"248\" data-end=\"251\" \/>\n<h3 class=\"\" data-start=\"253\" data-end=\"276\"><strong data-start=\"257\" data-end=\"276\">Kuidas m\u00e4ngida?<\/strong><\/h3>\n<p class=\"\" data-start=\"278\" data-end=\"470\">1\ufe0f\u20e3 Sega k\u00f5ik kaardid ja jaga need <strong data-start=\"313\" data-end=\"347\">v\u00f5rdselt k\u00f5igi m\u00e4ngijate vahel<\/strong>.<br data-start=\"348\" data-end=\"351\" \/>2\ufe0f\u20e3 M\u00e4ngijad vaatavad oma kaardid l\u00e4bi ja eemaldavad k\u00f5ik <strong data-start=\"409\" data-end=\"419\">paarid<\/strong> (kaks \u00fchesugust pilti), asetades need enda ette.<\/p>\n<p class=\"\" data-start=\"472\" data-end=\"488\">\ud83c\udfb2 M\u00e4ng algab!<\/p>\n<ul data-start=\"489\" data-end=\"707\">\n<li class=\"\" data-start=\"489\" data-end=\"573\">\n<p class=\"\" data-start=\"491\" data-end=\"573\">Esimene m\u00e4ngija t\u00f5mbab <strong data-start=\"514\" data-end=\"540\">juhuslikult \u00fche kaardi<\/strong> oma vasakul istuvalt naabrilt.<\/p>\n<\/li>\n<li class=\"\" data-start=\"574\" data-end=\"660\">\n<p class=\"\" data-start=\"576\" data-end=\"660\">Kui ta saab selle abil teha paari \u00fche oma kaardiga, paneb ta need paarina k\u00f5rvale.<\/p>\n<\/li>\n<li class=\"\" data-start=\"661\" data-end=\"707\">\n<p class=\"\" data-start=\"663\" data-end=\"707\">Kui paari ei teki, hoiab ta kaardi endale.<\/p>\n<\/li>\n<\/ul>\n<p class=\"\" data-start=\"709\" data-end=\"725\">\u26a0\ufe0f T\u00e4helepanu!<\/p>\n<ul data-start=\"726\" data-end=\"927\">\n<li class=\"\" data-start=\"726\" data-end=\"794\">\n<p class=\"\" data-start=\"728\" data-end=\"794\"><strong data-start=\"728\" data-end=\"761\">K\u00f5igil kaartidel on paariline<\/strong>, v\u00e4lja arvatud <strong data-start=\"777\" data-end=\"791\">n\u00f5ia kaart<\/strong>.<\/p>\n<\/li>\n<li class=\"\" data-start=\"795\" data-end=\"873\">\n<p class=\"\" data-start=\"797\" data-end=\"873\">M\u00e4ngijad peavad p\u00fc\u00fcdma sellest kaardist <strong data-start=\"837\" data-end=\"849\">vabaneda<\/strong>, enne kui m\u00e4ng l\u00f5peb.<\/p>\n<\/li>\n<li class=\"\" data-start=\"874\" data-end=\"927\">\n<p class=\"\" data-start=\"876\" data-end=\"927\"><strong data-start=\"876\" data-end=\"926\">Kaotab m\u00e4ngija, kellele j\u00e4\u00e4b l\u00f5puks n\u00f5ia kaart<\/strong>.<\/p>\n<\/li>\n<\/ul>\n<hr class=\"\" data-start=\"929\" data-end=\"932\" \/>\n<h3 class=\"\" data-start=\"934\" data-end=\"962\"><strong data-start=\"938\" data-end=\"960\">Komplekt sisaldab:<\/strong><\/h3>\n<p class=\"\" data-start=\"963\" data-end=\"1023\">\ud83c\udccf 34 paarilist kaarti<br data-start=\"985\" data-end=\"988\" \/>\ud83c\udccf 1 kaart n\u00f5iaga<br data-start=\"1005\" data-end=\"1008\" \/>\ud83d\udcd8 m\u00e4ngureeglid<\/p>\n<p class=\"\" data-start=\"1025\" data-end=\"1072\">\ud83c\udf89 L\u00f5bus ja lihtne m\u00e4ng, mis sobib kogu perele!<\/p>\n","protected":false},"excerpt":{"rendered":"<p>\ud83c\udf1f Asu seiklusele l\u00e4bi v\u00f5luva muinasjutumaailma! Aga ole ettevaatlik \u2013 salaja on kuningriiki hiilinud n\u00f5id!Eesm\u00e4rk on eemaldada k\u00f5ik paarilised kaardid ja mitte j\u00e4tta endale kaarti n\u00f5iaga! Kuidas m\u00e4ngida? 1\ufe0f\u20e3 Sega k\u00f5ik kaardid ja jaga need v\u00f5rdselt k\u00f5igi m\u00e4ngijate vahel.2\ufe0f\u20e3 M\u00e4ngijad vaatavad oma kaardid l\u00e4bi ja eemaldavad k\u00f5ik paarid (kaks \u00fchesugust pilti), asetades need enda ette. [&hellip;]<\/p>\n","protected":false},"featured_media":69132,"template":"","meta":{"_monsterinsights_skip_tracking":false,"_monsterinsights_sitenote_active":false,"_monsterinsights_sitenote_note":"","_monsterinsights_sitenote_category":0},"product_brand":[],"product_cat":[55,58],"product_tag":[],"class_list":{"0":"post-49526","1":"product","2":"type-product","3":"status-publish","4":"has-post-thumbnail","6":"product_cat-lauamangud","7":"product_cat-unkategorized","8":"pa_vozrast-ot-5-let-et","10":"first","11":"instock","12":"shipping-taxable","13":"purchasable","14":"product-type-simple"},"yoast_head":"<!-- This site is optimized with the Yoast SEO plugin v25.0 - https:\/\/yoast.com\/wordpress\/plugins\/seo\/ -->\n<title>Lauam\u00e4ng \u201eMuinasjutukuningriik\u201c -<\/title>\n<meta name=\"description\" content=\"Lauam\u00e4ng \u201eMuinasjutukuningriik\u201c - CLEVER KIDS\" \/>\n<meta name=\"robots\" content=\"index, follow, max-snippet:-1, max-image-preview:large, max-video-preview:-1\" \/>\n<link rel=\"canonical\" href=\"https:\/\/cleverkids.ee\/et\/product\/lauamang-muinasjutukuningriik\/\" \/>\n<meta property=\"og:locale\" content=\"et_EE\" \/>\n<meta property=\"og:type\" content=\"article\" \/>\n<meta property=\"og:title\" content=\"Lauam\u00e4ng \u201eMuinasjutukuningriik\u201c -\" \/>\n<meta property=\"og:description\" content=\"Lauam\u00e4ng \u201eMuinasjutukuningriik\u201c - CLEVER KIDS\" \/>\n<meta property=\"og:url\" content=\"https:\/\/cleverkids.ee\/et\/product\/lauamang-muinasjutukuningriik\/\" \/>\n<meta property=\"og:site_name\" content=\"CLEVER KIDS\" \/>\n<meta property=\"article:publisher\" content=\"https:\/\/www.facebook.com\/cleverkids.ee\/\" \/>\n<meta property=\"article:modified_time\" content=\"2025-03-29T10:37:34+00:00\" \/>\n<meta property=\"og:image\" content=\"https:\/\/cleverkids.ee\/wp-content\/uploads\/2024\/05\/700-3-19-3.jpg\" \/>\n\t<meta property=\"og:image:width\" content=\"700\" \/>\n\t<meta property=\"og:image:height\" content=\"700\" \/>\n\t<meta property=\"og:image:type\" content=\"image\/jpeg\" \/>\n<meta name=\"twitter:card\" content=\"summary_large_image\" \/>\n<meta name=\"twitter:label1\" content=\"Est. reading time\" \/>\n\t<meta name=\"twitter:data1\" content=\"1 minut\" \/>\n<script type=\"application\/ld+json\" class=\"yoast-schema-graph\">{\"@context\":\"https:\/\/schema.org\",\"@graph\":[{\"@type\":\"WebPage\",\"@id\":\"https:\/\/cleverkids.ee\/et\/product\/lauamang-muinasjutukuningriik\/\",\"url\":\"https:\/\/cleverkids.ee\/et\/product\/lauamang-muinasjutukuningriik\/\",\"name\":\"Lauam\u00e4ng \u201eMuinasjutukuningriik\u201c -\",\"isPartOf\":{\"@id\":\"https:\/\/cleverkids.ee\/et\/#website\"},\"primaryImageOfPage\":{\"@id\":\"https:\/\/cleverkids.ee\/et\/product\/lauamang-muinasjutukuningriik\/#primaryimage\"},\"image\":{\"@id\":\"https:\/\/cleverkids.ee\/et\/product\/lauamang-muinasjutukuningriik\/#primaryimage\"},\"thumbnailUrl\":\"https:\/\/cleverkids.ee\/wp-content\/uploads\/2024\/05\/700-3-19-3.jpg\",\"datePublished\":\"2024-04-16T04:24:33+00:00\",\"dateModified\":\"2025-03-29T10:37:34+00:00\",\"description\":\"Lauam\u00e4ng \u201eMuinasjutukuningriik\u201c - CLEVER KIDS\",\"breadcrumb\":{\"@id\":\"https:\/\/cleverkids.ee\/et\/product\/lauamang-muinasjutukuningriik\/#breadcrumb\"},\"inLanguage\":\"et\",\"potentialAction\":[{\"@type\":\"ReadAction\",\"target\":[\"https:\/\/cleverkids.ee\/et\/product\/lauamang-muinasjutukuningriik\/\"]}]},{\"@type\":\"ImageObject\",\"inLanguage\":\"et\",\"@id\":\"https:\/\/cleverkids.ee\/et\/product\/lauamang-muinasjutukuningriik\/#primaryimage\",\"url\":\"https:\/\/cleverkids.ee\/wp-content\/uploads\/2024\/05\/700-3-19-3.jpg\",\"contentUrl\":\"https:\/\/cleverkids.ee\/wp-content\/uploads\/2024\/05\/700-3-19-3.jpg\",\"width\":700,\"height\":700},{\"@type\":\"BreadcrumbList\",\"@id\":\"https:\/\/cleverkids.ee\/et\/product\/lauamang-muinasjutukuningriik\/#breadcrumb\",\"itemListElement\":[{\"@type\":\"ListItem\",\"position\":1,\"name\":\"Esileht\",\"item\":\"https:\/\/cleverkids.ee\/et\/\"},{\"@type\":\"ListItem\",\"position\":2,\"name\":\"Tooted\",\"item\":\"https:\/\/cleverkids.ee\/store\/\"},{\"@type\":\"ListItem\",\"position\":3,\"name\":\"Lauam\u00e4ng \u201eMuinasjutukuningriik\u201c\"}]},{\"@type\":\"WebSite\",\"@id\":\"https:\/\/cleverkids.ee\/et\/#website\",\"url\":\"https:\/\/cleverkids.ee\/et\/\",\"name\":\"CLEVER KIDS\",\"description\":\"\",\"publisher\":{\"@id\":\"https:\/\/cleverkids.ee\/et\/#organization\"},\"potentialAction\":[{\"@type\":\"SearchAction\",\"target\":{\"@type\":\"EntryPoint\",\"urlTemplate\":\"https:\/\/cleverkids.ee\/et\/?s={search_term_string}\"},\"query-input\":{\"@type\":\"PropertyValueSpecification\",\"valueRequired\":true,\"valueName\":\"search_term_string\"}}],\"inLanguage\":\"et\"},{\"@type\":\"Organization\",\"@id\":\"https:\/\/cleverkids.ee\/et\/#organization\",\"name\":\"CLEVER KIDS\",\"url\":\"https:\/\/cleverkids.ee\/et\/\",\"logo\":{\"@type\":\"ImageObject\",\"inLanguage\":\"et\",\"@id\":\"https:\/\/cleverkids.ee\/et\/#\/schema\/logo\/image\/\",\"url\":\"https:\/\/cleverkids.ee\/wp-content\/uploads\/2024\/02\/image0-1024x1024.png\",\"contentUrl\":\"https:\/\/cleverkids.ee\/wp-content\/uploads\/2024\/02\/image0-1024x1024.png\",\"width\":1024,\"height\":1024,\"caption\":\"CLEVER KIDS\"},\"image\":{\"@id\":\"https:\/\/cleverkids.ee\/et\/#\/schema\/logo\/image\/\"},\"sameAs\":[\"https:\/\/www.facebook.com\/cleverkids.ee\/\",\"https:\/\/www.instagram.com\/cleverkids_ee\/\"]}]}<\/script>\n<!-- \/ Yoast SEO plugin. -->","yoast_head_json":{"title":"Lauam\u00e4ng \u201eMuinasjutukuningriik\u201c -","description":"Lauam\u00e4ng \u201eMuinasjutukuningriik\u201c - CLEVER KIDS","robots":{"index":"index","follow":"follow","max-snippet":"max-snippet:-1","max-image-preview":"max-image-preview:large","max-video-preview":"max-video-preview:-1"},"canonical":"https:\/\/cleverkids.ee\/et\/product\/lauamang-muinasjutukuningriik\/","og_locale":"et_EE","og_type":"article","og_title":"Lauam\u00e4ng \u201eMuinasjutukuningriik\u201c -","og_description":"Lauam\u00e4ng \u201eMuinasjutukuningriik\u201c - CLEVER KIDS","og_url":"https:\/\/cleverkids.ee\/et\/product\/lauamang-muinasjutukuningriik\/","og_site_name":"CLEVER KIDS","article_publisher":"https:\/\/www.facebook.com\/cleverkids.ee\/","article_modified_time":"2025-03-29T10:37:34+00:00","og_image":[{"width":700,"height":700,"url":"https:\/\/cleverkids.ee\/wp-content\/uploads\/2024\/05\/700-3-19-3.jpg","type":"image\/jpeg"}],"twitter_card":"summary_large_image","twitter_misc":{"Est. reading time":"1 minut"},"schema":{"@context":"https:\/\/schema.org","@graph":[{"@type":"WebPage","@id":"https:\/\/cleverkids.ee\/et\/product\/lauamang-muinasjutukuningriik\/","url":"https:\/\/cleverkids.ee\/et\/product\/lauamang-muinasjutukuningriik\/","name":"Lauam\u00e4ng \u201eMuinasjutukuningriik\u201c -","isPartOf":{"@id":"https:\/\/cleverkids.ee\/et\/#website"},"primaryImageOfPage":{"@id":"https:\/\/cleverkids.ee\/et\/product\/lauamang-muinasjutukuningriik\/#primaryimage"},"image":{"@id":"https:\/\/cleverkids.ee\/et\/product\/lauamang-muinasjutukuningriik\/#primaryimage"},"thumbnailUrl":"https:\/\/cleverkids.ee\/wp-content\/uploads\/2024\/05\/700-3-19-3.jpg","datePublished":"2024-04-16T04:24:33+00:00","dateModified":"2025-03-29T10:37:34+00:00","description":"Lauam\u00e4ng \u201eMuinasjutukuningriik\u201c - CLEVER KIDS","breadcrumb":{"@id":"https:\/\/cleverkids.ee\/et\/product\/lauamang-muinasjutukuningriik\/#breadcrumb"},"inLanguage":"et","potentialAction":[{"@type":"ReadAction","target":["https:\/\/cleverkids.ee\/et\/product\/lauamang-muinasjutukuningriik\/"]}]},{"@type":"ImageObject","inLanguage":"et","@id":"https:\/\/cleverkids.ee\/et\/product\/lauamang-muinasjutukuningriik\/#primaryimage","url":"https:\/\/cleverkids.ee\/wp-content\/uploads\/2024\/05\/700-3-19-3.jpg","contentUrl":"https:\/\/cleverkids.ee\/wp-content\/uploads\/2024\/05\/700-3-19-3.jpg","width":700,"height":700},{"@type":"BreadcrumbList","@id":"https:\/\/cleverkids.ee\/et\/product\/lauamang-muinasjutukuningriik\/#breadcrumb","itemListElement":[{"@type":"ListItem","position":1,"name":"Esileht","item":"https:\/\/cleverkids.ee\/et\/"},{"@type":"ListItem","position":2,"name":"Tooted","item":"https:\/\/cleverkids.ee\/store\/"},{"@type":"ListItem","position":3,"name":"Lauam\u00e4ng \u201eMuinasjutukuningriik\u201c"}]},{"@type":"WebSite","@id":"https:\/\/cleverkids.ee\/et\/#website","url":"https:\/\/cleverkids.ee\/et\/","name":"CLEVER KIDS","description":"","publisher":{"@id":"https:\/\/cleverkids.ee\/et\/#organization"},"potentialAction":[{"@type":"SearchAction","target":{"@type":"EntryPoint","urlTemplate":"https:\/\/cleverkids.ee\/et\/?s={search_term_string}"},"query-input":{"@type":"PropertyValueSpecification","valueRequired":true,"valueName":"search_term_string"}}],"inLanguage":"et"},{"@type":"Organization","@id":"https:\/\/cleverkids.ee\/et\/#organization","name":"CLEVER KIDS","url":"https:\/\/cleverkids.ee\/et\/","logo":{"@type":"ImageObject","inLanguage":"et","@id":"https:\/\/cleverkids.ee\/et\/#\/schema\/logo\/image\/","url":"https:\/\/cleverkids.ee\/wp-content\/uploads\/2024\/02\/image0-1024x1024.png","contentUrl":"https:\/\/cleverkids.ee\/wp-content\/uploads\/2024\/02\/image0-1024x1024.png","width":1024,"height":1024,"caption":"CLEVER KIDS"},"image":{"@id":"https:\/\/cleverkids.ee\/et\/#\/schema\/logo\/image\/"},"sameAs":["https:\/\/www.facebook.com\/cleverkids.ee\/","https:\/\/www.instagram.com\/cleverkids_ee\/"]}]}},"_links":{"self":[{"href":"https:\/\/cleverkids.ee\/et\/wp-json\/wp\/v2\/product\/49526","targetHints":{"allow":["GET"]}}],"collection":[{"href":"https:\/\/cleverkids.ee\/et\/wp-json\/wp\/v2\/product"}],"about":[{"href":"https:\/\/cleverkids.ee\/et\/wp-json\/wp\/v2\/types\/product"}],"wp:featuredmedia":[{"embeddable":true,"href":"https:\/\/cleverkids.ee\/et\/wp-json\/wp\/v2\/media\/69132"}],"wp:attachment":[{"href":"https:\/\/cleverkids.ee\/et\/wp-json\/wp\/v2\/media?parent=49526"}],"wp:term":[{"taxonomy":"product_brand","embeddable":true,"href":"https:\/\/cleverkids.ee\/et\/wp-json\/wp\/v2\/product_brand?post=49526"},{"taxonomy":"product_cat","embeddable":true,"href":"https:\/\/cleverkids.ee\/et\/wp-json\/wp\/v2\/product_cat?post=49526"},{"taxonomy":"product_tag","embeddable":true,"href":"https:\/\/cleverkids.ee\/et\/wp-json\/wp\/v2\/product_tag?post=49526"}],"curies":[{"name":"wp","href":"https:\/\/api.w.org\/{rel}","templated":true}]}}