{"id":49531,"date":"2024-04-16T07:24:33","date_gmt":"2024-04-16T04:24:33","guid":{"rendered":"https:\/\/cleverkids.dev2.sdhost.eu\/product\/%d1%87%d1%91%d1%80%d0%bd%d0%be-%d0%b1%d0%b5%d0%bb%d1%8b%d0%b5-%d0%ba%d0%b0%d1%80%d1%82%d0%b8%d0%bd%d0%ba%d0%b8-%d0%b4%d0%bb%d1%8f-%d0%bd%d0%be%d0%b2%d0%be%d1%80%d0%be%d0%b6%d0%b4%d1%91%d0%bd%d0%bd\/"},"modified":"2024-10-23T11:12:33","modified_gmt":"2024-10-23T08:12:33","slug":"mustvalged-pildid-vastsundinutele-meie-umber-olev-maailm-40-pilti","status":"publish","type":"product","link":"https:\/\/cleverkids.ee\/et\/product\/mustvalged-pildid-vastsundinutele-meie-umber-olev-maailm-40-pilti\/","title":{"rendered":"Mustvalged pildid vasts\u00fcndinutele &#8220;Meie \u00fcmber olev maailm&#8221;, 40 pilti."},"content":{"rendered":"<div class=\"flex-shrink-0 flex flex-col relative items-end\">\n<div>\n<div class=\"pt-0\">\n<div class=\"gizmo-bot-avatar flex h-8 w-8 items-center justify-center overflow-hidden rounded-full\">\n<div class=\"relative p-1 rounded-sm flex items-center justify-center bg-token-main-surface-primary text-token-text-primary h-8 w-8\"><\/div>\n<\/div>\n<\/div>\n<\/div>\n<\/div>\n<div class=\"group\/conversation-turn relative flex w-full min-w-0 flex-col agent-turn\">\n<div class=\"flex-col gap-1 md:gap-3\">\n<div class=\"flex max-w-full flex-col flex-grow\">\n<div class=\"min-h-8 text-message flex w-full flex-col items-end gap-2 whitespace-normal break-words [.text-message+&amp;]:mt-5\" dir=\"auto\" data-message-author-role=\"assistant\" data-message-id=\"00c4b232-be16-49b6-a92d-8a0ffe7b7835\" data-message-model-slug=\"gpt-4o\">\n<div class=\"flex w-full flex-col gap-1 empty:hidden first:pt-[3px]\">\n<div class=\"markdown prose w-full break-words dark:prose-invert light\">\n<p>Kuidas \u00f5igesti kaartidega tegeleda?<\/p>\n<p>N\u00e4idake kaarte ja liigutage neid aeglaselt paremale ja seej\u00e4rel vasakule v\u00f5i p\u00f6\u00f6rake neid p\u00e4rip\u00e4eva. Viige pilte l\u00e4hemale ja kaugemale (aga mitte kaugemale kui 50 cm).<\/p>\n<p>Samuti v\u00f5ite riputada pildid voodi k\u00fcljele ja asetada beebi nende vastu, et tal oleks hea kaarte vaadata. Kaardid \u00e4ratavad lapse huvi ning ta t\u00f5stab pead, et neid vaadata. Samal ajal treenitakse kaela lihaseid, aidates lapsel kiiremini pead hoida.<\/p>\n<p>Riputage kaardid kodus seinale ja vahetage pilte iga paari p\u00e4eva j\u00e4rel.<\/p>\n<p>Kaardid aitavad kaasa:<\/p>\n<ul>\n<li>silmade koost\u00f6\u00f6v\u00f5ime treenimisele;<\/li>\n<li>ruumitaju arendamisele;<\/li>\n<li>pilgu fokusseerimisele.<\/li>\n<\/ul>\n<\/div>\n<\/div>\n<\/div>\n<\/div>\n<\/div>\n<\/div>\n","protected":false},"excerpt":{"rendered":"<p>Kuidas \u00f5igesti kaartidega tegeleda? N\u00e4idake kaarte ja liigutage neid aeglaselt paremale ja seej\u00e4rel vasakule v\u00f5i p\u00f6\u00f6rake neid p\u00e4rip\u00e4eva. Viige pilte l\u00e4hemale ja kaugemale (aga mitte kaugemale kui 50 cm). Samuti v\u00f5ite riputada pildid voodi k\u00fcljele ja asetada beebi nende vastu, et tal oleks hea kaarte vaadata. Kaardid \u00e4ratavad lapse huvi ning ta t\u00f5stab pead, et [&hellip;]<\/p>\n","protected":false},"featured_media":69123,"template":"","meta":{"_monsterinsights_skip_tracking":false,"_monsterinsights_sitenote_active":false,"_monsterinsights_sitenote_note":"","_monsterinsights_sitenote_category":0},"product_brand":[],"product_cat":[50,58],"product_tag":[],"class_list":{"0":"post-49531","1":"product","2":"type-product","3":"status-publish","4":"has-post-thumbnail","6":"product_cat-arendavad-manguasjad","7":"product_cat-unkategorized","8":"pa_vozrast-ot-0-do-polutora-let-et","10":"first","11":"instock","12":"shipping-taxable","13":"purchasable","14":"product-type-simple"},"yoast_head":"<!-- This site is optimized with the Yoast SEO plugin v25.0 - https:\/\/yoast.com\/wordpress\/plugins\/seo\/ -->\n<title>Mustvalged pildid vasts\u00fcndinutele &quot;Meie \u00fcmber olev maailm&quot;, 40 pilti. -<\/title>\n<meta name=\"description\" content=\"Mustvalged pildid vasts\u00fcndinutele &quot;Meie \u00fcmber olev maailm&quot;, 40 pilti. - CLEVER KIDS\" \/>\n<meta name=\"robots\" content=\"index, follow, max-snippet:-1, max-image-preview:large, max-video-preview:-1\" \/>\n<link rel=\"canonical\" href=\"https:\/\/cleverkids.ee\/et\/product\/mustvalged-pildid-vastsundinutele-meie-umber-olev-maailm-40-pilti\/\" \/>\n<meta property=\"og:locale\" content=\"et_EE\" \/>\n<meta property=\"og:type\" content=\"article\" \/>\n<meta property=\"og:title\" content=\"Mustvalged pildid vasts\u00fcndinutele &quot;Meie \u00fcmber olev maailm&quot;, 40 pilti. -\" \/>\n<meta property=\"og:description\" content=\"Mustvalged pildid vasts\u00fcndinutele &quot;Meie \u00fcmber olev maailm&quot;, 40 pilti. - CLEVER KIDS\" \/>\n<meta property=\"og:url\" content=\"https:\/\/cleverkids.ee\/et\/product\/mustvalged-pildid-vastsundinutele-meie-umber-olev-maailm-40-pilti\/\" \/>\n<meta property=\"og:site_name\" content=\"CLEVER KIDS\" \/>\n<meta property=\"article:publisher\" content=\"https:\/\/www.facebook.com\/cleverkids.ee\/\" \/>\n<meta property=\"article:modified_time\" content=\"2024-10-23T08:12:33+00:00\" \/>\n<meta property=\"og:image\" content=\"https:\/\/cleverkids.ee\/wp-content\/uploads\/2024\/05\/700-24-4.jpg\" \/>\n\t<meta property=\"og:image:width\" content=\"700\" \/>\n\t<meta property=\"og:image:height\" content=\"700\" \/>\n\t<meta property=\"og:image:type\" content=\"image\/jpeg\" \/>\n<meta name=\"twitter:card\" content=\"summary_large_image\" \/>\n<meta name=\"twitter:label1\" content=\"Est. reading time\" \/>\n\t<meta name=\"twitter:data1\" content=\"1 minut\" \/>\n<script type=\"application\/ld+json\" class=\"yoast-schema-graph\">{\"@context\":\"https:\/\/schema.org\",\"@graph\":[{\"@type\":\"WebPage\",\"@id\":\"https:\/\/cleverkids.ee\/et\/product\/mustvalged-pildid-vastsundinutele-meie-umber-olev-maailm-40-pilti\/\",\"url\":\"https:\/\/cleverkids.ee\/et\/product\/mustvalged-pildid-vastsundinutele-meie-umber-olev-maailm-40-pilti\/\",\"name\":\"Mustvalged pildid vasts\u00fcndinutele \\\"Meie \u00fcmber olev maailm\\\", 40 pilti. -\",\"isPartOf\":{\"@id\":\"https:\/\/cleverkids.ee\/et\/#website\"},\"primaryImageOfPage\":{\"@id\":\"https:\/\/cleverkids.ee\/et\/product\/mustvalged-pildid-vastsundinutele-meie-umber-olev-maailm-40-pilti\/#primaryimage\"},\"image\":{\"@id\":\"https:\/\/cleverkids.ee\/et\/product\/mustvalged-pildid-vastsundinutele-meie-umber-olev-maailm-40-pilti\/#primaryimage\"},\"thumbnailUrl\":\"https:\/\/cleverkids.ee\/wp-content\/uploads\/2024\/05\/700-24-4.jpg\",\"datePublished\":\"2024-04-16T04:24:33+00:00\",\"dateModified\":\"2024-10-23T08:12:33+00:00\",\"description\":\"Mustvalged pildid vasts\u00fcndinutele \\\"Meie \u00fcmber olev maailm\\\", 40 pilti. - CLEVER KIDS\",\"breadcrumb\":{\"@id\":\"https:\/\/cleverkids.ee\/et\/product\/mustvalged-pildid-vastsundinutele-meie-umber-olev-maailm-40-pilti\/#breadcrumb\"},\"inLanguage\":\"et\",\"potentialAction\":[{\"@type\":\"ReadAction\",\"target\":[\"https:\/\/cleverkids.ee\/et\/product\/mustvalged-pildid-vastsundinutele-meie-umber-olev-maailm-40-pilti\/\"]}]},{\"@type\":\"ImageObject\",\"inLanguage\":\"et\",\"@id\":\"https:\/\/cleverkids.ee\/et\/product\/mustvalged-pildid-vastsundinutele-meie-umber-olev-maailm-40-pilti\/#primaryimage\",\"url\":\"https:\/\/cleverkids.ee\/wp-content\/uploads\/2024\/05\/700-24-4.jpg\",\"contentUrl\":\"https:\/\/cleverkids.ee\/wp-content\/uploads\/2024\/05\/700-24-4.jpg\",\"width\":700,\"height\":700},{\"@type\":\"BreadcrumbList\",\"@id\":\"https:\/\/cleverkids.ee\/et\/product\/mustvalged-pildid-vastsundinutele-meie-umber-olev-maailm-40-pilti\/#breadcrumb\",\"itemListElement\":[{\"@type\":\"ListItem\",\"position\":1,\"name\":\"Esileht\",\"item\":\"https:\/\/cleverkids.ee\/et\/\"},{\"@type\":\"ListItem\",\"position\":2,\"name\":\"Tooted\",\"item\":\"https:\/\/cleverkids.ee\/store\/\"},{\"@type\":\"ListItem\",\"position\":3,\"name\":\"Mustvalged pildid vasts\u00fcndinutele &#171;Meie \u00fcmber olev maailm&#187;, 40 pilti.\"}]},{\"@type\":\"WebSite\",\"@id\":\"https:\/\/cleverkids.ee\/et\/#website\",\"url\":\"https:\/\/cleverkids.ee\/et\/\",\"name\":\"CLEVER KIDS\",\"description\":\"\",\"publisher\":{\"@id\":\"https:\/\/cleverkids.ee\/et\/#organization\"},\"potentialAction\":[{\"@type\":\"SearchAction\",\"target\":{\"@type\":\"EntryPoint\",\"urlTemplate\":\"https:\/\/cleverkids.ee\/et\/?s={search_term_string}\"},\"query-input\":{\"@type\":\"PropertyValueSpecification\",\"valueRequired\":true,\"valueName\":\"search_term_string\"}}],\"inLanguage\":\"et\"},{\"@type\":\"Organization\",\"@id\":\"https:\/\/cleverkids.ee\/et\/#organization\",\"name\":\"CLEVER KIDS\",\"url\":\"https:\/\/cleverkids.ee\/et\/\",\"logo\":{\"@type\":\"ImageObject\",\"inLanguage\":\"et\",\"@id\":\"https:\/\/cleverkids.ee\/et\/#\/schema\/logo\/image\/\",\"url\":\"https:\/\/cleverkids.ee\/wp-content\/uploads\/2024\/02\/image0-1024x1024.png\",\"contentUrl\":\"https:\/\/cleverkids.ee\/wp-content\/uploads\/2024\/02\/image0-1024x1024.png\",\"width\":1024,\"height\":1024,\"caption\":\"CLEVER KIDS\"},\"image\":{\"@id\":\"https:\/\/cleverkids.ee\/et\/#\/schema\/logo\/image\/\"},\"sameAs\":[\"https:\/\/www.facebook.com\/cleverkids.ee\/\",\"https:\/\/www.instagram.com\/cleverkids_ee\/\"]}]}<\/script>\n<!-- \/ Yoast SEO plugin. -->","yoast_head_json":{"title":"Mustvalged pildid vasts\u00fcndinutele \"Meie \u00fcmber olev maailm\", 40 pilti. -","description":"Mustvalged pildid vasts\u00fcndinutele \"Meie \u00fcmber olev maailm\", 40 pilti. - CLEVER KIDS","robots":{"index":"index","follow":"follow","max-snippet":"max-snippet:-1","max-image-preview":"max-image-preview:large","max-video-preview":"max-video-preview:-1"},"canonical":"https:\/\/cleverkids.ee\/et\/product\/mustvalged-pildid-vastsundinutele-meie-umber-olev-maailm-40-pilti\/","og_locale":"et_EE","og_type":"article","og_title":"Mustvalged pildid vasts\u00fcndinutele \"Meie \u00fcmber olev maailm\", 40 pilti. -","og_description":"Mustvalged pildid vasts\u00fcndinutele \"Meie \u00fcmber olev maailm\", 40 pilti. - CLEVER KIDS","og_url":"https:\/\/cleverkids.ee\/et\/product\/mustvalged-pildid-vastsundinutele-meie-umber-olev-maailm-40-pilti\/","og_site_name":"CLEVER KIDS","article_publisher":"https:\/\/www.facebook.com\/cleverkids.ee\/","article_modified_time":"2024-10-23T08:12:33+00:00","og_image":[{"width":700,"height":700,"url":"https:\/\/cleverkids.ee\/wp-content\/uploads\/2024\/05\/700-24-4.jpg","type":"image\/jpeg"}],"twitter_card":"summary_large_image","twitter_misc":{"Est. reading time":"1 minut"},"schema":{"@context":"https:\/\/schema.org","@graph":[{"@type":"WebPage","@id":"https:\/\/cleverkids.ee\/et\/product\/mustvalged-pildid-vastsundinutele-meie-umber-olev-maailm-40-pilti\/","url":"https:\/\/cleverkids.ee\/et\/product\/mustvalged-pildid-vastsundinutele-meie-umber-olev-maailm-40-pilti\/","name":"Mustvalged pildid vasts\u00fcndinutele \"Meie \u00fcmber olev maailm\", 40 pilti. -","isPartOf":{"@id":"https:\/\/cleverkids.ee\/et\/#website"},"primaryImageOfPage":{"@id":"https:\/\/cleverkids.ee\/et\/product\/mustvalged-pildid-vastsundinutele-meie-umber-olev-maailm-40-pilti\/#primaryimage"},"image":{"@id":"https:\/\/cleverkids.ee\/et\/product\/mustvalged-pildid-vastsundinutele-meie-umber-olev-maailm-40-pilti\/#primaryimage"},"thumbnailUrl":"https:\/\/cleverkids.ee\/wp-content\/uploads\/2024\/05\/700-24-4.jpg","datePublished":"2024-04-16T04:24:33+00:00","dateModified":"2024-10-23T08:12:33+00:00","description":"Mustvalged pildid vasts\u00fcndinutele \"Meie \u00fcmber olev maailm\", 40 pilti. - CLEVER KIDS","breadcrumb":{"@id":"https:\/\/cleverkids.ee\/et\/product\/mustvalged-pildid-vastsundinutele-meie-umber-olev-maailm-40-pilti\/#breadcrumb"},"inLanguage":"et","potentialAction":[{"@type":"ReadAction","target":["https:\/\/cleverkids.ee\/et\/product\/mustvalged-pildid-vastsundinutele-meie-umber-olev-maailm-40-pilti\/"]}]},{"@type":"ImageObject","inLanguage":"et","@id":"https:\/\/cleverkids.ee\/et\/product\/mustvalged-pildid-vastsundinutele-meie-umber-olev-maailm-40-pilti\/#primaryimage","url":"https:\/\/cleverkids.ee\/wp-content\/uploads\/2024\/05\/700-24-4.jpg","contentUrl":"https:\/\/cleverkids.ee\/wp-content\/uploads\/2024\/05\/700-24-4.jpg","width":700,"height":700},{"@type":"BreadcrumbList","@id":"https:\/\/cleverkids.ee\/et\/product\/mustvalged-pildid-vastsundinutele-meie-umber-olev-maailm-40-pilti\/#breadcrumb","itemListElement":[{"@type":"ListItem","position":1,"name":"Esileht","item":"https:\/\/cleverkids.ee\/et\/"},{"@type":"ListItem","position":2,"name":"Tooted","item":"https:\/\/cleverkids.ee\/store\/"},{"@type":"ListItem","position":3,"name":"Mustvalged pildid vasts\u00fcndinutele &#171;Meie \u00fcmber olev maailm&#187;, 40 pilti."}]},{"@type":"WebSite","@id":"https:\/\/cleverkids.ee\/et\/#website","url":"https:\/\/cleverkids.ee\/et\/","name":"CLEVER KIDS","description":"","publisher":{"@id":"https:\/\/cleverkids.ee\/et\/#organization"},"potentialAction":[{"@type":"SearchAction","target":{"@type":"EntryPoint","urlTemplate":"https:\/\/cleverkids.ee\/et\/?s={search_term_string}"},"query-input":{"@type":"PropertyValueSpecification","valueRequired":true,"valueName":"search_term_string"}}],"inLanguage":"et"},{"@type":"Organization","@id":"https:\/\/cleverkids.ee\/et\/#organization","name":"CLEVER KIDS","url":"https:\/\/cleverkids.ee\/et\/","logo":{"@type":"ImageObject","inLanguage":"et","@id":"https:\/\/cleverkids.ee\/et\/#\/schema\/logo\/image\/","url":"https:\/\/cleverkids.ee\/wp-content\/uploads\/2024\/02\/image0-1024x1024.png","contentUrl":"https:\/\/cleverkids.ee\/wp-content\/uploads\/2024\/02\/image0-1024x1024.png","width":1024,"height":1024,"caption":"CLEVER KIDS"},"image":{"@id":"https:\/\/cleverkids.ee\/et\/#\/schema\/logo\/image\/"},"sameAs":["https:\/\/www.facebook.com\/cleverkids.ee\/","https:\/\/www.instagram.com\/cleverkids_ee\/"]}]}},"_links":{"self":[{"href":"https:\/\/cleverkids.ee\/et\/wp-json\/wp\/v2\/product\/49531","targetHints":{"allow":["GET"]}}],"collection":[{"href":"https:\/\/cleverkids.ee\/et\/wp-json\/wp\/v2\/product"}],"about":[{"href":"https:\/\/cleverkids.ee\/et\/wp-json\/wp\/v2\/types\/product"}],"wp:featuredmedia":[{"embeddable":true,"href":"https:\/\/cleverkids.ee\/et\/wp-json\/wp\/v2\/media\/69123"}],"wp:attachment":[{"href":"https:\/\/cleverkids.ee\/et\/wp-json\/wp\/v2\/media?parent=49531"}],"wp:term":[{"taxonomy":"product_brand","embeddable":true,"href":"https:\/\/cleverkids.ee\/et\/wp-json\/wp\/v2\/product_brand?post=49531"},{"taxonomy":"product_cat","embeddable":true,"href":"https:\/\/cleverkids.ee\/et\/wp-json\/wp\/v2\/product_cat?post=49531"},{"taxonomy":"product_tag","embeddable":true,"href":"https:\/\/cleverkids.ee\/et\/wp-json\/wp\/v2\/product_tag?post=49531"}],"curies":[{"name":"wp","href":"https:\/\/api.w.org\/{rel}","templated":true}]}}