{"id":49551,"date":"2024-04-16T07:24:26","date_gmt":"2024-04-16T04:24:26","guid":{"rendered":"https:\/\/cleverkids.dev2.sdhost.eu\/product\/%d1%80%d0%b0%d0%b7%d0%b2%d0%b8%d0%b2%d0%b0%d1%8e%d1%89%d0%b0%d1%8f-%d0%ba%d0%bd%d0%b8%d0%b3%d0%b0-%d0%b4%d0%b0%d0%b2%d0%b0%d0%b9-%d0%b2%d1%8b%d1%80%d0%b5%d0%b7%d0%b0%d1%82%d1%8c-%d0%b8-%d0%ba-2\/"},"modified":"2024-06-23T17:59:32","modified_gmt":"2024-06-23T14:59:32","slug":"razvivayushhaya-kniga-davaj-vyrezat-i-k-2","status":"publish","type":"product","link":"https:\/\/cleverkids.ee\/et\/product\/razvivayushhaya-kniga-davaj-vyrezat-i-k-2\/","title":{"rendered":"Arendav raamat &#8220;L\u00f5ikame ja kleepime &#8211; loomade maailm&#8221;, 52 lk."},"content":{"rendered":"<p>Aplikatsiooni loomine aitab arendada lapse peenmotoorika, arendab kujutlusv\u00f5ime, sihikindluse, t\u00e4helepanelikkuse ja t\u00e4psuse osas. Nii \u00f5pib eelkooliealine uusi objekte, \u00f5pib nende kuju ja v\u00e4rvi.<\/p>\n<p>V\u00f5tta k\u00e4\u00e4rid ja liim ning hakka looma eredat pilti!<\/p>\n","protected":false},"excerpt":{"rendered":"<p>Aplikatsiooni loomine aitab arendada lapse peenmotoorika, arendab kujutlusv\u00f5ime, sihikindluse, t\u00e4helepanelikkuse ja t\u00e4psuse osas. Nii \u00f5pib eelkooliealine uusi objekte, \u00f5pib nende kuju ja v\u00e4rvi. V\u00f5tta k\u00e4\u00e4rid ja liim ning hakka looma eredat pilti!<\/p>\n","protected":false},"featured_media":69087,"template":"","meta":{"_monsterinsights_skip_tracking":false,"_monsterinsights_sitenote_active":false,"_monsterinsights_sitenote_note":"","_monsterinsights_sitenote_category":0},"product_brand":[],"product_cat":[51,52,58],"product_tag":[],"class_list":{"0":"post-49551","1":"product","2":"type-product","3":"status-publish","4":"has-post-thumbnail","6":"product_cat-arendavad-vihikud-vene-keeles","7":"product_cat-loovus","8":"product_cat-unkategorized","9":"pa_vozrast-ot-3-do-5-let-et","11":"first","12":"instock","13":"shipping-taxable","14":"purchasable","15":"product-type-simple"},"yoast_head":"<!-- This site is optimized with the Yoast SEO plugin v25.0 - https:\/\/yoast.com\/wordpress\/plugins\/seo\/ -->\n<title>Arendav raamat &quot;L\u00f5ikame ja kleepime - loomade maailm&quot;, 52 lk. -<\/title>\n<meta name=\"description\" content=\"Arendav raamat &quot;L\u00f5ikame ja kleepime - loomade maailm&quot;, 52 lk. - CLEVER KIDS\" \/>\n<meta name=\"robots\" content=\"index, follow, max-snippet:-1, max-image-preview:large, max-video-preview:-1\" \/>\n<link rel=\"canonical\" href=\"https:\/\/cleverkids.ee\/et\/product\/razvivayushhaya-kniga-davaj-vyrezat-i-k-2\/\" \/>\n<meta property=\"og:locale\" content=\"et_EE\" \/>\n<meta property=\"og:type\" content=\"article\" \/>\n<meta property=\"og:title\" content=\"Arendav raamat &quot;L\u00f5ikame ja kleepime - loomade maailm&quot;, 52 lk. -\" \/>\n<meta property=\"og:description\" content=\"Arendav raamat &quot;L\u00f5ikame ja kleepime - loomade maailm&quot;, 52 lk. - CLEVER KIDS\" \/>\n<meta property=\"og:url\" content=\"https:\/\/cleverkids.ee\/et\/product\/razvivayushhaya-kniga-davaj-vyrezat-i-k-2\/\" \/>\n<meta property=\"og:site_name\" content=\"CLEVER KIDS\" \/>\n<meta property=\"article:publisher\" content=\"https:\/\/www.facebook.com\/cleverkids.ee\/\" \/>\n<meta property=\"article:modified_time\" content=\"2024-06-23T14:59:32+00:00\" \/>\n<meta property=\"og:image\" content=\"https:\/\/cleverkids.ee\/wp-content\/uploads\/2024\/05\/orig-6-2.jpeg\" \/>\n\t<meta property=\"og:image:width\" content=\"525\" \/>\n\t<meta property=\"og:image:height\" content=\"662\" \/>\n\t<meta property=\"og:image:type\" content=\"image\/jpeg\" \/>\n<meta name=\"twitter:card\" content=\"summary_large_image\" \/>\n<script type=\"application\/ld+json\" class=\"yoast-schema-graph\">{\"@context\":\"https:\/\/schema.org\",\"@graph\":[{\"@type\":\"WebPage\",\"@id\":\"https:\/\/cleverkids.ee\/et\/product\/razvivayushhaya-kniga-davaj-vyrezat-i-k-2\/\",\"url\":\"https:\/\/cleverkids.ee\/et\/product\/razvivayushhaya-kniga-davaj-vyrezat-i-k-2\/\",\"name\":\"Arendav raamat \\\"L\u00f5ikame ja kleepime - loomade maailm\\\", 52 lk. -\",\"isPartOf\":{\"@id\":\"https:\/\/cleverkids.ee\/et\/#website\"},\"primaryImageOfPage\":{\"@id\":\"https:\/\/cleverkids.ee\/et\/product\/razvivayushhaya-kniga-davaj-vyrezat-i-k-2\/#primaryimage\"},\"image\":{\"@id\":\"https:\/\/cleverkids.ee\/et\/product\/razvivayushhaya-kniga-davaj-vyrezat-i-k-2\/#primaryimage\"},\"thumbnailUrl\":\"https:\/\/cleverkids.ee\/wp-content\/uploads\/2024\/05\/orig-6-2.jpeg\",\"datePublished\":\"2024-04-16T04:24:26+00:00\",\"dateModified\":\"2024-06-23T14:59:32+00:00\",\"description\":\"Arendav raamat \\\"L\u00f5ikame ja kleepime - loomade maailm\\\", 52 lk. - CLEVER KIDS\",\"breadcrumb\":{\"@id\":\"https:\/\/cleverkids.ee\/et\/product\/razvivayushhaya-kniga-davaj-vyrezat-i-k-2\/#breadcrumb\"},\"inLanguage\":\"et\",\"potentialAction\":[{\"@type\":\"ReadAction\",\"target\":[\"https:\/\/cleverkids.ee\/et\/product\/razvivayushhaya-kniga-davaj-vyrezat-i-k-2\/\"]}]},{\"@type\":\"ImageObject\",\"inLanguage\":\"et\",\"@id\":\"https:\/\/cleverkids.ee\/et\/product\/razvivayushhaya-kniga-davaj-vyrezat-i-k-2\/#primaryimage\",\"url\":\"https:\/\/cleverkids.ee\/wp-content\/uploads\/2024\/05\/orig-6-2.jpeg\",\"contentUrl\":\"https:\/\/cleverkids.ee\/wp-content\/uploads\/2024\/05\/orig-6-2.jpeg\",\"width\":525,\"height\":662},{\"@type\":\"BreadcrumbList\",\"@id\":\"https:\/\/cleverkids.ee\/et\/product\/razvivayushhaya-kniga-davaj-vyrezat-i-k-2\/#breadcrumb\",\"itemListElement\":[{\"@type\":\"ListItem\",\"position\":1,\"name\":\"Esileht\",\"item\":\"https:\/\/cleverkids.ee\/et\/\"},{\"@type\":\"ListItem\",\"position\":2,\"name\":\"Tooted\",\"item\":\"https:\/\/cleverkids.ee\/store\/\"},{\"@type\":\"ListItem\",\"position\":3,\"name\":\"Arendav raamat &#171;L\u00f5ikame ja kleepime &#8212; loomade maailm&#187;, 52 lk.\"}]},{\"@type\":\"WebSite\",\"@id\":\"https:\/\/cleverkids.ee\/et\/#website\",\"url\":\"https:\/\/cleverkids.ee\/et\/\",\"name\":\"CLEVER KIDS\",\"description\":\"\",\"publisher\":{\"@id\":\"https:\/\/cleverkids.ee\/et\/#organization\"},\"potentialAction\":[{\"@type\":\"SearchAction\",\"target\":{\"@type\":\"EntryPoint\",\"urlTemplate\":\"https:\/\/cleverkids.ee\/et\/?s={search_term_string}\"},\"query-input\":{\"@type\":\"PropertyValueSpecification\",\"valueRequired\":true,\"valueName\":\"search_term_string\"}}],\"inLanguage\":\"et\"},{\"@type\":\"Organization\",\"@id\":\"https:\/\/cleverkids.ee\/et\/#organization\",\"name\":\"CLEVER KIDS\",\"url\":\"https:\/\/cleverkids.ee\/et\/\",\"logo\":{\"@type\":\"ImageObject\",\"inLanguage\":\"et\",\"@id\":\"https:\/\/cleverkids.ee\/et\/#\/schema\/logo\/image\/\",\"url\":\"https:\/\/cleverkids.ee\/wp-content\/uploads\/2024\/02\/image0-1024x1024.png\",\"contentUrl\":\"https:\/\/cleverkids.ee\/wp-content\/uploads\/2024\/02\/image0-1024x1024.png\",\"width\":1024,\"height\":1024,\"caption\":\"CLEVER KIDS\"},\"image\":{\"@id\":\"https:\/\/cleverkids.ee\/et\/#\/schema\/logo\/image\/\"},\"sameAs\":[\"https:\/\/www.facebook.com\/cleverkids.ee\/\",\"https:\/\/www.instagram.com\/cleverkids_ee\/\"]}]}<\/script>\n<!-- \/ Yoast SEO plugin. -->","yoast_head_json":{"title":"Arendav raamat \"L\u00f5ikame ja kleepime - loomade maailm\", 52 lk. -","description":"Arendav raamat \"L\u00f5ikame ja kleepime - loomade maailm\", 52 lk. - CLEVER KIDS","robots":{"index":"index","follow":"follow","max-snippet":"max-snippet:-1","max-image-preview":"max-image-preview:large","max-video-preview":"max-video-preview:-1"},"canonical":"https:\/\/cleverkids.ee\/et\/product\/razvivayushhaya-kniga-davaj-vyrezat-i-k-2\/","og_locale":"et_EE","og_type":"article","og_title":"Arendav raamat \"L\u00f5ikame ja kleepime - loomade maailm\", 52 lk. -","og_description":"Arendav raamat \"L\u00f5ikame ja kleepime - loomade maailm\", 52 lk. - CLEVER KIDS","og_url":"https:\/\/cleverkids.ee\/et\/product\/razvivayushhaya-kniga-davaj-vyrezat-i-k-2\/","og_site_name":"CLEVER KIDS","article_publisher":"https:\/\/www.facebook.com\/cleverkids.ee\/","article_modified_time":"2024-06-23T14:59:32+00:00","og_image":[{"width":525,"height":662,"url":"https:\/\/cleverkids.ee\/wp-content\/uploads\/2024\/05\/orig-6-2.jpeg","type":"image\/jpeg"}],"twitter_card":"summary_large_image","schema":{"@context":"https:\/\/schema.org","@graph":[{"@type":"WebPage","@id":"https:\/\/cleverkids.ee\/et\/product\/razvivayushhaya-kniga-davaj-vyrezat-i-k-2\/","url":"https:\/\/cleverkids.ee\/et\/product\/razvivayushhaya-kniga-davaj-vyrezat-i-k-2\/","name":"Arendav raamat \"L\u00f5ikame ja kleepime - loomade maailm\", 52 lk. -","isPartOf":{"@id":"https:\/\/cleverkids.ee\/et\/#website"},"primaryImageOfPage":{"@id":"https:\/\/cleverkids.ee\/et\/product\/razvivayushhaya-kniga-davaj-vyrezat-i-k-2\/#primaryimage"},"image":{"@id":"https:\/\/cleverkids.ee\/et\/product\/razvivayushhaya-kniga-davaj-vyrezat-i-k-2\/#primaryimage"},"thumbnailUrl":"https:\/\/cleverkids.ee\/wp-content\/uploads\/2024\/05\/orig-6-2.jpeg","datePublished":"2024-04-16T04:24:26+00:00","dateModified":"2024-06-23T14:59:32+00:00","description":"Arendav raamat \"L\u00f5ikame ja kleepime - loomade maailm\", 52 lk. - CLEVER KIDS","breadcrumb":{"@id":"https:\/\/cleverkids.ee\/et\/product\/razvivayushhaya-kniga-davaj-vyrezat-i-k-2\/#breadcrumb"},"inLanguage":"et","potentialAction":[{"@type":"ReadAction","target":["https:\/\/cleverkids.ee\/et\/product\/razvivayushhaya-kniga-davaj-vyrezat-i-k-2\/"]}]},{"@type":"ImageObject","inLanguage":"et","@id":"https:\/\/cleverkids.ee\/et\/product\/razvivayushhaya-kniga-davaj-vyrezat-i-k-2\/#primaryimage","url":"https:\/\/cleverkids.ee\/wp-content\/uploads\/2024\/05\/orig-6-2.jpeg","contentUrl":"https:\/\/cleverkids.ee\/wp-content\/uploads\/2024\/05\/orig-6-2.jpeg","width":525,"height":662},{"@type":"BreadcrumbList","@id":"https:\/\/cleverkids.ee\/et\/product\/razvivayushhaya-kniga-davaj-vyrezat-i-k-2\/#breadcrumb","itemListElement":[{"@type":"ListItem","position":1,"name":"Esileht","item":"https:\/\/cleverkids.ee\/et\/"},{"@type":"ListItem","position":2,"name":"Tooted","item":"https:\/\/cleverkids.ee\/store\/"},{"@type":"ListItem","position":3,"name":"Arendav raamat &#171;L\u00f5ikame ja kleepime &#8212; loomade maailm&#187;, 52 lk."}]},{"@type":"WebSite","@id":"https:\/\/cleverkids.ee\/et\/#website","url":"https:\/\/cleverkids.ee\/et\/","name":"CLEVER KIDS","description":"","publisher":{"@id":"https:\/\/cleverkids.ee\/et\/#organization"},"potentialAction":[{"@type":"SearchAction","target":{"@type":"EntryPoint","urlTemplate":"https:\/\/cleverkids.ee\/et\/?s={search_term_string}"},"query-input":{"@type":"PropertyValueSpecification","valueRequired":true,"valueName":"search_term_string"}}],"inLanguage":"et"},{"@type":"Organization","@id":"https:\/\/cleverkids.ee\/et\/#organization","name":"CLEVER KIDS","url":"https:\/\/cleverkids.ee\/et\/","logo":{"@type":"ImageObject","inLanguage":"et","@id":"https:\/\/cleverkids.ee\/et\/#\/schema\/logo\/image\/","url":"https:\/\/cleverkids.ee\/wp-content\/uploads\/2024\/02\/image0-1024x1024.png","contentUrl":"https:\/\/cleverkids.ee\/wp-content\/uploads\/2024\/02\/image0-1024x1024.png","width":1024,"height":1024,"caption":"CLEVER KIDS"},"image":{"@id":"https:\/\/cleverkids.ee\/et\/#\/schema\/logo\/image\/"},"sameAs":["https:\/\/www.facebook.com\/cleverkids.ee\/","https:\/\/www.instagram.com\/cleverkids_ee\/"]}]}},"_links":{"self":[{"href":"https:\/\/cleverkids.ee\/et\/wp-json\/wp\/v2\/product\/49551","targetHints":{"allow":["GET"]}}],"collection":[{"href":"https:\/\/cleverkids.ee\/et\/wp-json\/wp\/v2\/product"}],"about":[{"href":"https:\/\/cleverkids.ee\/et\/wp-json\/wp\/v2\/types\/product"}],"wp:featuredmedia":[{"embeddable":true,"href":"https:\/\/cleverkids.ee\/et\/wp-json\/wp\/v2\/media\/69087"}],"wp:attachment":[{"href":"https:\/\/cleverkids.ee\/et\/wp-json\/wp\/v2\/media?parent=49551"}],"wp:term":[{"taxonomy":"product_brand","embeddable":true,"href":"https:\/\/cleverkids.ee\/et\/wp-json\/wp\/v2\/product_brand?post=49551"},{"taxonomy":"product_cat","embeddable":true,"href":"https:\/\/cleverkids.ee\/et\/wp-json\/wp\/v2\/product_cat?post=49551"},{"taxonomy":"product_tag","embeddable":true,"href":"https:\/\/cleverkids.ee\/et\/wp-json\/wp\/v2\/product_tag?post=49551"}],"curies":[{"name":"wp","href":"https:\/\/api.w.org\/{rel}","templated":true}]}}