{"id":49573,"date":"2024-04-16T07:24:26","date_gmt":"2024-04-16T04:24:26","guid":{"rendered":"https:\/\/cleverkids.dev2.sdhost.eu\/product\/%d0%bd%d0%b0%d1%81%d1%82%d0%be%d0%bb%d1%8c%d0%bd%d0%b0%d1%8f-%d0%b8%d0%b3%d1%80%d0%b0-%d0%bc%d0%b5%d0%bc%d0%be-%d0%bc%d0%b0%d0%bc%d1%8b-%d0%b8-%d0%bc%d0%b0%d0%bb%d1%8b%d1%88%d0%b8-3\/"},"modified":"2025-03-29T12:25:31","modified_gmt":"2025-03-29T10:25:31","slug":"lauamang-memo-emad-ja-pojad-3","status":"publish","type":"product","link":"https:\/\/cleverkids.ee\/et\/product\/lauamang-memo-emad-ja-pojad-3\/","title":{"rendered":"Lauam\u00e4ng \u201eMemo. Emad ja pojad\u201c, 3+"},"content":{"rendered":"<h3 class=\"\" data-start=\"0\" data-end=\"23\"><strong data-start=\"4\" data-end=\"23\">Kuidas m\u00e4ngida?<\/strong><\/h3>\n<p class=\"\" data-start=\"25\" data-end=\"337\">1\ufe0f\u20e3 Esimene m\u00e4ngija p\u00f6\u00f6rab \u00fcmber kaks suvalist kaarti, mis on laual pildiga allapoole.<br data-start=\"111\" data-end=\"114\" \/>2\ufe0f\u20e3 Kui kaartidel on <strong data-start=\"135\" data-end=\"151\">samad pildid<\/strong>, saab m\u00e4ngija need endale ja paneb k\u00f5rvale kuni m\u00e4ngu l\u00f5puni. Seej\u00e4rel v\u00f5ib ta avada veel kaks kaarti.<br data-start=\"254\" data-end=\"257\" \/>3\ufe0f\u20e3 Kui pildid <strong data-start=\"272\" data-end=\"284\">ei kattu<\/strong>, p\u00f6\u00f6rab m\u00e4ngija kaardid tagasi ning tema k\u00e4ik l\u00f5peb.<\/p>\n<p class=\"\" data-start=\"339\" data-end=\"418\">\ud83c\udfb2 K\u00e4ik liigub <strong data-start=\"354\" data-end=\"367\">p\u00e4rip\u00e4eva<\/strong> j\u00e4rgmisele m\u00e4ngijale, kes samuti avab kaks kaarti.<\/p>\n<p class=\"\" data-start=\"420\" data-end=\"479\">\ud83d\udd01 M\u00e4ng j\u00e4tkub, kuni <strong data-start=\"441\" data-end=\"457\">k\u00f5ik kaardid<\/strong> on laualt \u00e4ra v\u00f5etud.<\/p>\n<p class=\"\" data-start=\"481\" data-end=\"587\">\ud83c\udfc6 L\u00f5puks loevad m\u00e4ngijad kokku, <strong data-start=\"514\" data-end=\"528\">mitu paari<\/strong> nad kogusid. V\u00f5idab see, kellel on <strong data-start=\"564\" data-end=\"586\">k\u00f5ige rohkem paare<\/strong>!<\/p>\n","protected":false},"excerpt":{"rendered":"<p>Kuidas m\u00e4ngida? 1\ufe0f\u20e3 Esimene m\u00e4ngija p\u00f6\u00f6rab \u00fcmber kaks suvalist kaarti, mis on laual pildiga allapoole.2\ufe0f\u20e3 Kui kaartidel on samad pildid, saab m\u00e4ngija need endale ja paneb k\u00f5rvale kuni m\u00e4ngu l\u00f5puni. Seej\u00e4rel v\u00f5ib ta avada veel kaks kaarti.3\ufe0f\u20e3 Kui pildid ei kattu, p\u00f6\u00f6rab m\u00e4ngija kaardid tagasi ning tema k\u00e4ik l\u00f5peb. \ud83c\udfb2 K\u00e4ik liigub p\u00e4rip\u00e4eva j\u00e4rgmisele m\u00e4ngijale, [&hellip;]<\/p>\n","protected":false},"featured_media":69039,"template":"","meta":{"_monsterinsights_skip_tracking":false,"_monsterinsights_sitenote_active":false,"_monsterinsights_sitenote_note":"","_monsterinsights_sitenote_category":0},"product_brand":[],"product_cat":[55,58],"product_tag":[],"class_list":{"0":"post-49573","1":"product","2":"type-product","3":"status-publish","4":"has-post-thumbnail","6":"product_cat-lauamangud","7":"product_cat-unkategorized","8":"pa_vozrast-ot-3-do-5-let-et","10":"first","11":"instock","12":"shipping-taxable","13":"purchasable","14":"product-type-simple"},"yoast_head":"<!-- This site is optimized with the Yoast SEO plugin v25.0 - https:\/\/yoast.com\/wordpress\/plugins\/seo\/ -->\n<title>Lauam\u00e4ng \u201eMemo. Emad ja pojad\u201c, 3+ -<\/title>\n<meta name=\"description\" content=\"Lauam\u00e4ng \u201eMemo. Emad ja pojad\u201c, 3+ - CLEVER KIDS\" \/>\n<meta name=\"robots\" content=\"index, follow, max-snippet:-1, max-image-preview:large, max-video-preview:-1\" \/>\n<link rel=\"canonical\" href=\"https:\/\/cleverkids.ee\/et\/product\/lauamang-memo-emad-ja-pojad-3\/\" \/>\n<meta property=\"og:locale\" content=\"et_EE\" \/>\n<meta property=\"og:type\" content=\"article\" \/>\n<meta property=\"og:title\" content=\"Lauam\u00e4ng \u201eMemo. Emad ja pojad\u201c, 3+ -\" \/>\n<meta property=\"og:description\" content=\"Lauam\u00e4ng \u201eMemo. Emad ja pojad\u201c, 3+ - CLEVER KIDS\" \/>\n<meta property=\"og:url\" content=\"https:\/\/cleverkids.ee\/et\/product\/lauamang-memo-emad-ja-pojad-3\/\" \/>\n<meta property=\"og:site_name\" content=\"CLEVER KIDS\" \/>\n<meta property=\"article:publisher\" content=\"https:\/\/www.facebook.com\/cleverkids.ee\/\" \/>\n<meta property=\"article:modified_time\" content=\"2025-03-29T10:25:31+00:00\" \/>\n<meta property=\"og:image\" content=\"https:\/\/cleverkids.ee\/wp-content\/uploads\/2024\/05\/700-4-20.jpg\" \/>\n\t<meta property=\"og:image:width\" content=\"700\" \/>\n\t<meta property=\"og:image:height\" content=\"700\" \/>\n\t<meta property=\"og:image:type\" content=\"image\/jpeg\" \/>\n<meta name=\"twitter:card\" content=\"summary_large_image\" \/>\n<meta name=\"twitter:label1\" content=\"Est. reading time\" \/>\n\t<meta name=\"twitter:data1\" content=\"1 minut\" \/>\n<script type=\"application\/ld+json\" class=\"yoast-schema-graph\">{\"@context\":\"https:\/\/schema.org\",\"@graph\":[{\"@type\":\"WebPage\",\"@id\":\"https:\/\/cleverkids.ee\/et\/product\/lauamang-memo-emad-ja-pojad-3\/\",\"url\":\"https:\/\/cleverkids.ee\/et\/product\/lauamang-memo-emad-ja-pojad-3\/\",\"name\":\"Lauam\u00e4ng \u201eMemo. Emad ja pojad\u201c, 3+ -\",\"isPartOf\":{\"@id\":\"https:\/\/cleverkids.ee\/et\/#website\"},\"primaryImageOfPage\":{\"@id\":\"https:\/\/cleverkids.ee\/et\/product\/lauamang-memo-emad-ja-pojad-3\/#primaryimage\"},\"image\":{\"@id\":\"https:\/\/cleverkids.ee\/et\/product\/lauamang-memo-emad-ja-pojad-3\/#primaryimage\"},\"thumbnailUrl\":\"https:\/\/cleverkids.ee\/wp-content\/uploads\/2024\/05\/700-4-20.jpg\",\"datePublished\":\"2024-04-16T04:24:26+00:00\",\"dateModified\":\"2025-03-29T10:25:31+00:00\",\"description\":\"Lauam\u00e4ng \u201eMemo. Emad ja pojad\u201c, 3+ - CLEVER KIDS\",\"breadcrumb\":{\"@id\":\"https:\/\/cleverkids.ee\/et\/product\/lauamang-memo-emad-ja-pojad-3\/#breadcrumb\"},\"inLanguage\":\"et\",\"potentialAction\":[{\"@type\":\"ReadAction\",\"target\":[\"https:\/\/cleverkids.ee\/et\/product\/lauamang-memo-emad-ja-pojad-3\/\"]}]},{\"@type\":\"ImageObject\",\"inLanguage\":\"et\",\"@id\":\"https:\/\/cleverkids.ee\/et\/product\/lauamang-memo-emad-ja-pojad-3\/#primaryimage\",\"url\":\"https:\/\/cleverkids.ee\/wp-content\/uploads\/2024\/05\/700-4-20.jpg\",\"contentUrl\":\"https:\/\/cleverkids.ee\/wp-content\/uploads\/2024\/05\/700-4-20.jpg\",\"width\":700,\"height\":700},{\"@type\":\"BreadcrumbList\",\"@id\":\"https:\/\/cleverkids.ee\/et\/product\/lauamang-memo-emad-ja-pojad-3\/#breadcrumb\",\"itemListElement\":[{\"@type\":\"ListItem\",\"position\":1,\"name\":\"Esileht\",\"item\":\"https:\/\/cleverkids.ee\/et\/\"},{\"@type\":\"ListItem\",\"position\":2,\"name\":\"Tooted\",\"item\":\"https:\/\/cleverkids.ee\/store\/\"},{\"@type\":\"ListItem\",\"position\":3,\"name\":\"Lauam\u00e4ng \u201eMemo. Emad ja pojad\u201c, 3+\"}]},{\"@type\":\"WebSite\",\"@id\":\"https:\/\/cleverkids.ee\/et\/#website\",\"url\":\"https:\/\/cleverkids.ee\/et\/\",\"name\":\"CLEVER KIDS\",\"description\":\"\",\"publisher\":{\"@id\":\"https:\/\/cleverkids.ee\/et\/#organization\"},\"potentialAction\":[{\"@type\":\"SearchAction\",\"target\":{\"@type\":\"EntryPoint\",\"urlTemplate\":\"https:\/\/cleverkids.ee\/et\/?s={search_term_string}\"},\"query-input\":{\"@type\":\"PropertyValueSpecification\",\"valueRequired\":true,\"valueName\":\"search_term_string\"}}],\"inLanguage\":\"et\"},{\"@type\":\"Organization\",\"@id\":\"https:\/\/cleverkids.ee\/et\/#organization\",\"name\":\"CLEVER KIDS\",\"url\":\"https:\/\/cleverkids.ee\/et\/\",\"logo\":{\"@type\":\"ImageObject\",\"inLanguage\":\"et\",\"@id\":\"https:\/\/cleverkids.ee\/et\/#\/schema\/logo\/image\/\",\"url\":\"https:\/\/cleverkids.ee\/wp-content\/uploads\/2024\/02\/image0-1024x1024.png\",\"contentUrl\":\"https:\/\/cleverkids.ee\/wp-content\/uploads\/2024\/02\/image0-1024x1024.png\",\"width\":1024,\"height\":1024,\"caption\":\"CLEVER KIDS\"},\"image\":{\"@id\":\"https:\/\/cleverkids.ee\/et\/#\/schema\/logo\/image\/\"},\"sameAs\":[\"https:\/\/www.facebook.com\/cleverkids.ee\/\",\"https:\/\/www.instagram.com\/cleverkids_ee\/\"]}]}<\/script>\n<!-- \/ Yoast SEO plugin. -->","yoast_head_json":{"title":"Lauam\u00e4ng \u201eMemo. Emad ja pojad\u201c, 3+ -","description":"Lauam\u00e4ng \u201eMemo. Emad ja pojad\u201c, 3+ - CLEVER KIDS","robots":{"index":"index","follow":"follow","max-snippet":"max-snippet:-1","max-image-preview":"max-image-preview:large","max-video-preview":"max-video-preview:-1"},"canonical":"https:\/\/cleverkids.ee\/et\/product\/lauamang-memo-emad-ja-pojad-3\/","og_locale":"et_EE","og_type":"article","og_title":"Lauam\u00e4ng \u201eMemo. Emad ja pojad\u201c, 3+ -","og_description":"Lauam\u00e4ng \u201eMemo. Emad ja pojad\u201c, 3+ - CLEVER KIDS","og_url":"https:\/\/cleverkids.ee\/et\/product\/lauamang-memo-emad-ja-pojad-3\/","og_site_name":"CLEVER KIDS","article_publisher":"https:\/\/www.facebook.com\/cleverkids.ee\/","article_modified_time":"2025-03-29T10:25:31+00:00","og_image":[{"width":700,"height":700,"url":"https:\/\/cleverkids.ee\/wp-content\/uploads\/2024\/05\/700-4-20.jpg","type":"image\/jpeg"}],"twitter_card":"summary_large_image","twitter_misc":{"Est. reading time":"1 minut"},"schema":{"@context":"https:\/\/schema.org","@graph":[{"@type":"WebPage","@id":"https:\/\/cleverkids.ee\/et\/product\/lauamang-memo-emad-ja-pojad-3\/","url":"https:\/\/cleverkids.ee\/et\/product\/lauamang-memo-emad-ja-pojad-3\/","name":"Lauam\u00e4ng \u201eMemo. Emad ja pojad\u201c, 3+ -","isPartOf":{"@id":"https:\/\/cleverkids.ee\/et\/#website"},"primaryImageOfPage":{"@id":"https:\/\/cleverkids.ee\/et\/product\/lauamang-memo-emad-ja-pojad-3\/#primaryimage"},"image":{"@id":"https:\/\/cleverkids.ee\/et\/product\/lauamang-memo-emad-ja-pojad-3\/#primaryimage"},"thumbnailUrl":"https:\/\/cleverkids.ee\/wp-content\/uploads\/2024\/05\/700-4-20.jpg","datePublished":"2024-04-16T04:24:26+00:00","dateModified":"2025-03-29T10:25:31+00:00","description":"Lauam\u00e4ng \u201eMemo. Emad ja pojad\u201c, 3+ - CLEVER KIDS","breadcrumb":{"@id":"https:\/\/cleverkids.ee\/et\/product\/lauamang-memo-emad-ja-pojad-3\/#breadcrumb"},"inLanguage":"et","potentialAction":[{"@type":"ReadAction","target":["https:\/\/cleverkids.ee\/et\/product\/lauamang-memo-emad-ja-pojad-3\/"]}]},{"@type":"ImageObject","inLanguage":"et","@id":"https:\/\/cleverkids.ee\/et\/product\/lauamang-memo-emad-ja-pojad-3\/#primaryimage","url":"https:\/\/cleverkids.ee\/wp-content\/uploads\/2024\/05\/700-4-20.jpg","contentUrl":"https:\/\/cleverkids.ee\/wp-content\/uploads\/2024\/05\/700-4-20.jpg","width":700,"height":700},{"@type":"BreadcrumbList","@id":"https:\/\/cleverkids.ee\/et\/product\/lauamang-memo-emad-ja-pojad-3\/#breadcrumb","itemListElement":[{"@type":"ListItem","position":1,"name":"Esileht","item":"https:\/\/cleverkids.ee\/et\/"},{"@type":"ListItem","position":2,"name":"Tooted","item":"https:\/\/cleverkids.ee\/store\/"},{"@type":"ListItem","position":3,"name":"Lauam\u00e4ng \u201eMemo. Emad ja pojad\u201c, 3+"}]},{"@type":"WebSite","@id":"https:\/\/cleverkids.ee\/et\/#website","url":"https:\/\/cleverkids.ee\/et\/","name":"CLEVER KIDS","description":"","publisher":{"@id":"https:\/\/cleverkids.ee\/et\/#organization"},"potentialAction":[{"@type":"SearchAction","target":{"@type":"EntryPoint","urlTemplate":"https:\/\/cleverkids.ee\/et\/?s={search_term_string}"},"query-input":{"@type":"PropertyValueSpecification","valueRequired":true,"valueName":"search_term_string"}}],"inLanguage":"et"},{"@type":"Organization","@id":"https:\/\/cleverkids.ee\/et\/#organization","name":"CLEVER KIDS","url":"https:\/\/cleverkids.ee\/et\/","logo":{"@type":"ImageObject","inLanguage":"et","@id":"https:\/\/cleverkids.ee\/et\/#\/schema\/logo\/image\/","url":"https:\/\/cleverkids.ee\/wp-content\/uploads\/2024\/02\/image0-1024x1024.png","contentUrl":"https:\/\/cleverkids.ee\/wp-content\/uploads\/2024\/02\/image0-1024x1024.png","width":1024,"height":1024,"caption":"CLEVER KIDS"},"image":{"@id":"https:\/\/cleverkids.ee\/et\/#\/schema\/logo\/image\/"},"sameAs":["https:\/\/www.facebook.com\/cleverkids.ee\/","https:\/\/www.instagram.com\/cleverkids_ee\/"]}]}},"_links":{"self":[{"href":"https:\/\/cleverkids.ee\/et\/wp-json\/wp\/v2\/product\/49573","targetHints":{"allow":["GET"]}}],"collection":[{"href":"https:\/\/cleverkids.ee\/et\/wp-json\/wp\/v2\/product"}],"about":[{"href":"https:\/\/cleverkids.ee\/et\/wp-json\/wp\/v2\/types\/product"}],"wp:featuredmedia":[{"embeddable":true,"href":"https:\/\/cleverkids.ee\/et\/wp-json\/wp\/v2\/media\/69039"}],"wp:attachment":[{"href":"https:\/\/cleverkids.ee\/et\/wp-json\/wp\/v2\/media?parent=49573"}],"wp:term":[{"taxonomy":"product_brand","embeddable":true,"href":"https:\/\/cleverkids.ee\/et\/wp-json\/wp\/v2\/product_brand?post=49573"},{"taxonomy":"product_cat","embeddable":true,"href":"https:\/\/cleverkids.ee\/et\/wp-json\/wp\/v2\/product_cat?post=49573"},{"taxonomy":"product_tag","embeddable":true,"href":"https:\/\/cleverkids.ee\/et\/wp-json\/wp\/v2\/product_tag?post=49573"}],"curies":[{"name":"wp","href":"https:\/\/api.w.org\/{rel}","templated":true}]}}