{"id":49613,"date":"2024-04-16T07:24:20","date_gmt":"2024-04-16T04:24:20","guid":{"rendered":"https:\/\/cleverkids.dev2.sdhost.eu\/product\/%d0%ba%d0%bd%d0%b8%d0%b3%d0%b0-%d0%bd%d0%b0%d0%b9%d0%b4%d0%b8-%d0%b8-%d0%bf%d0%be%d0%ba%d0%b0%d0%b6%d0%b8-%d1%87%d1%82%d0%be-%d0%b3%d0%b4%d0%b5-%d1%81%d0%bf%d1%80%d1%8f%d1%82%d0%b0%d0%bd%d0%be\/"},"modified":"2025-06-08T18:08:04","modified_gmt":"2025-06-08T15:08:04","slug":"raamat-otsi-ja-naita-kus-mis-peidus-on-lobusad-otsingud-16-lk","status":"publish","type":"product","link":"https:\/\/cleverkids.ee\/et\/product\/raamat-otsi-ja-naita-kus-mis-peidus-on-lobusad-otsingud-16-lk\/","title":{"rendered":"Raamat \u201eOtsi ja n\u00e4ita. Kus mis peidus on? L\u00f5busad otsingud\u201c, 16 lk."},"content":{"rendered":"<p class=\"\" data-start=\"78\" data-end=\"144\">Seest leiad <strong data-start=\"90\" data-end=\"143\">p\u00f5nevad t\u00e4helepanu ja loogika arendavad \u00fclesanded<\/strong>.<\/p>\n<p class=\"\" data-start=\"146\" data-end=\"299\">Tahad teada, mis kuskil peidus on? Siis ava raamat ja asu otsingule!<br data-start=\"214\" data-end=\"217\" \/>Igal lehek\u00fcljel ootavad sind <strong data-start=\"246\" data-end=\"265\">erinevad esemed<\/strong>, mida tuleb piltidelt \u00fcles leida.<\/p>\n<p class=\"\" data-start=\"301\" data-end=\"360\">Peamine reegel: <strong data-start=\"317\" data-end=\"360\" data-is-last-node=\"\">ole t\u00e4helepanelik ja hoia silmad lahti!<\/strong><\/p>\n","protected":false},"excerpt":{"rendered":"<p>Seest leiad p\u00f5nevad t\u00e4helepanu ja loogika arendavad \u00fclesanded. Tahad teada, mis kuskil peidus on? Siis ava raamat ja asu otsingule!Igal lehek\u00fcljel ootavad sind erinevad esemed, mida tuleb piltidelt \u00fcles leida. Peamine reegel: ole t\u00e4helepanelik ja hoia silmad lahti!<\/p>\n","protected":false},"featured_media":68931,"template":"","meta":{"_monsterinsights_skip_tracking":false,"_monsterinsights_sitenote_active":false,"_monsterinsights_sitenote_note":"","_monsterinsights_sitenote_category":0},"product_brand":[],"product_cat":[51,58],"product_tag":[],"class_list":{"0":"post-49613","1":"product","2":"type-product","3":"status-publish","4":"has-post-thumbnail","6":"product_cat-arendavad-vihikud-vene-keeles","7":"product_cat-unkategorized","8":"pa_vozrast-ot-3-do-5-let-et","10":"first","11":"instock","12":"shipping-taxable","13":"purchasable","14":"product-type-simple"},"yoast_head":"<!-- This site is optimized with the Yoast SEO plugin v25.0 - https:\/\/yoast.com\/wordpress\/plugins\/seo\/ -->\n<title>Raamat \u201eOtsi ja n\u00e4ita. Kus mis peidus on? L\u00f5busad otsingud\u201c, 16 lk. -<\/title>\n<meta name=\"description\" content=\"Raamat \u201eOtsi ja n\u00e4ita. Kus mis peidus on? L\u00f5busad otsingud\u201c, 16 lk. - CLEVER KIDS\" \/>\n<meta name=\"robots\" content=\"index, follow, max-snippet:-1, max-image-preview:large, max-video-preview:-1\" \/>\n<link rel=\"canonical\" href=\"https:\/\/cleverkids.ee\/et\/product\/raamat-otsi-ja-naita-kus-mis-peidus-on-lobusad-otsingud-16-lk\/\" \/>\n<meta property=\"og:locale\" content=\"et_EE\" \/>\n<meta property=\"og:type\" content=\"article\" \/>\n<meta property=\"og:title\" content=\"Raamat \u201eOtsi ja n\u00e4ita. Kus mis peidus on? L\u00f5busad otsingud\u201c, 16 lk. -\" \/>\n<meta property=\"og:description\" content=\"Raamat \u201eOtsi ja n\u00e4ita. Kus mis peidus on? L\u00f5busad otsingud\u201c, 16 lk. - CLEVER KIDS\" \/>\n<meta property=\"og:url\" content=\"https:\/\/cleverkids.ee\/et\/product\/raamat-otsi-ja-naita-kus-mis-peidus-on-lobusad-otsingud-16-lk\/\" \/>\n<meta property=\"og:site_name\" content=\"CLEVER KIDS\" \/>\n<meta property=\"article:publisher\" content=\"https:\/\/www.facebook.com\/cleverkids.ee\/\" \/>\n<meta property=\"article:modified_time\" content=\"2025-06-08T15:08:04+00:00\" \/>\n<meta property=\"og:image\" content=\"https:\/\/cleverkids.ee\/wp-content\/uploads\/2024\/05\/700-11-6.jpg\" \/>\n\t<meta property=\"og:image:width\" content=\"700\" \/>\n\t<meta property=\"og:image:height\" content=\"700\" \/>\n\t<meta property=\"og:image:type\" content=\"image\/jpeg\" \/>\n<meta name=\"twitter:card\" content=\"summary_large_image\" \/>\n<meta name=\"twitter:label1\" content=\"Est. reading time\" \/>\n\t<meta name=\"twitter:data1\" content=\"1 minut\" \/>\n<script type=\"application\/ld+json\" class=\"yoast-schema-graph\">{\"@context\":\"https:\/\/schema.org\",\"@graph\":[{\"@type\":\"WebPage\",\"@id\":\"https:\/\/cleverkids.ee\/et\/product\/raamat-otsi-ja-naita-kus-mis-peidus-on-lobusad-otsingud-16-lk\/\",\"url\":\"https:\/\/cleverkids.ee\/et\/product\/raamat-otsi-ja-naita-kus-mis-peidus-on-lobusad-otsingud-16-lk\/\",\"name\":\"Raamat \u201eOtsi ja n\u00e4ita. Kus mis peidus on? L\u00f5busad otsingud\u201c, 16 lk. -\",\"isPartOf\":{\"@id\":\"https:\/\/cleverkids.ee\/et\/#website\"},\"primaryImageOfPage\":{\"@id\":\"https:\/\/cleverkids.ee\/et\/product\/raamat-otsi-ja-naita-kus-mis-peidus-on-lobusad-otsingud-16-lk\/#primaryimage\"},\"image\":{\"@id\":\"https:\/\/cleverkids.ee\/et\/product\/raamat-otsi-ja-naita-kus-mis-peidus-on-lobusad-otsingud-16-lk\/#primaryimage\"},\"thumbnailUrl\":\"https:\/\/cleverkids.ee\/wp-content\/uploads\/2024\/05\/700-11-6.jpg\",\"datePublished\":\"2024-04-16T04:24:20+00:00\",\"dateModified\":\"2025-06-08T15:08:04+00:00\",\"description\":\"Raamat \u201eOtsi ja n\u00e4ita. Kus mis peidus on? L\u00f5busad otsingud\u201c, 16 lk. - CLEVER KIDS\",\"breadcrumb\":{\"@id\":\"https:\/\/cleverkids.ee\/et\/product\/raamat-otsi-ja-naita-kus-mis-peidus-on-lobusad-otsingud-16-lk\/#breadcrumb\"},\"inLanguage\":\"et\",\"potentialAction\":[{\"@type\":\"ReadAction\",\"target\":[\"https:\/\/cleverkids.ee\/et\/product\/raamat-otsi-ja-naita-kus-mis-peidus-on-lobusad-otsingud-16-lk\/\"]}]},{\"@type\":\"ImageObject\",\"inLanguage\":\"et\",\"@id\":\"https:\/\/cleverkids.ee\/et\/product\/raamat-otsi-ja-naita-kus-mis-peidus-on-lobusad-otsingud-16-lk\/#primaryimage\",\"url\":\"https:\/\/cleverkids.ee\/wp-content\/uploads\/2024\/05\/700-11-6.jpg\",\"contentUrl\":\"https:\/\/cleverkids.ee\/wp-content\/uploads\/2024\/05\/700-11-6.jpg\",\"width\":700,\"height\":700},{\"@type\":\"BreadcrumbList\",\"@id\":\"https:\/\/cleverkids.ee\/et\/product\/raamat-otsi-ja-naita-kus-mis-peidus-on-lobusad-otsingud-16-lk\/#breadcrumb\",\"itemListElement\":[{\"@type\":\"ListItem\",\"position\":1,\"name\":\"Esileht\",\"item\":\"https:\/\/cleverkids.ee\/et\/\"},{\"@type\":\"ListItem\",\"position\":2,\"name\":\"Tooted\",\"item\":\"https:\/\/cleverkids.ee\/store\/\"},{\"@type\":\"ListItem\",\"position\":3,\"name\":\"Raamat \u201eOtsi ja n\u00e4ita. Kus mis peidus on? L\u00f5busad otsingud\u201c, 16 lk.\"}]},{\"@type\":\"WebSite\",\"@id\":\"https:\/\/cleverkids.ee\/et\/#website\",\"url\":\"https:\/\/cleverkids.ee\/et\/\",\"name\":\"CLEVER KIDS\",\"description\":\"\",\"publisher\":{\"@id\":\"https:\/\/cleverkids.ee\/et\/#organization\"},\"potentialAction\":[{\"@type\":\"SearchAction\",\"target\":{\"@type\":\"EntryPoint\",\"urlTemplate\":\"https:\/\/cleverkids.ee\/et\/?s={search_term_string}\"},\"query-input\":{\"@type\":\"PropertyValueSpecification\",\"valueRequired\":true,\"valueName\":\"search_term_string\"}}],\"inLanguage\":\"et\"},{\"@type\":\"Organization\",\"@id\":\"https:\/\/cleverkids.ee\/et\/#organization\",\"name\":\"CLEVER KIDS\",\"url\":\"https:\/\/cleverkids.ee\/et\/\",\"logo\":{\"@type\":\"ImageObject\",\"inLanguage\":\"et\",\"@id\":\"https:\/\/cleverkids.ee\/et\/#\/schema\/logo\/image\/\",\"url\":\"https:\/\/cleverkids.ee\/wp-content\/uploads\/2024\/02\/image0-1024x1024.png\",\"contentUrl\":\"https:\/\/cleverkids.ee\/wp-content\/uploads\/2024\/02\/image0-1024x1024.png\",\"width\":1024,\"height\":1024,\"caption\":\"CLEVER KIDS\"},\"image\":{\"@id\":\"https:\/\/cleverkids.ee\/et\/#\/schema\/logo\/image\/\"},\"sameAs\":[\"https:\/\/www.facebook.com\/cleverkids.ee\/\",\"https:\/\/www.instagram.com\/cleverkids_ee\/\"]}]}<\/script>\n<!-- \/ Yoast SEO plugin. -->","yoast_head_json":{"title":"Raamat \u201eOtsi ja n\u00e4ita. Kus mis peidus on? L\u00f5busad otsingud\u201c, 16 lk. -","description":"Raamat \u201eOtsi ja n\u00e4ita. Kus mis peidus on? L\u00f5busad otsingud\u201c, 16 lk. - CLEVER KIDS","robots":{"index":"index","follow":"follow","max-snippet":"max-snippet:-1","max-image-preview":"max-image-preview:large","max-video-preview":"max-video-preview:-1"},"canonical":"https:\/\/cleverkids.ee\/et\/product\/raamat-otsi-ja-naita-kus-mis-peidus-on-lobusad-otsingud-16-lk\/","og_locale":"et_EE","og_type":"article","og_title":"Raamat \u201eOtsi ja n\u00e4ita. Kus mis peidus on? L\u00f5busad otsingud\u201c, 16 lk. -","og_description":"Raamat \u201eOtsi ja n\u00e4ita. Kus mis peidus on? L\u00f5busad otsingud\u201c, 16 lk. - CLEVER KIDS","og_url":"https:\/\/cleverkids.ee\/et\/product\/raamat-otsi-ja-naita-kus-mis-peidus-on-lobusad-otsingud-16-lk\/","og_site_name":"CLEVER KIDS","article_publisher":"https:\/\/www.facebook.com\/cleverkids.ee\/","article_modified_time":"2025-06-08T15:08:04+00:00","og_image":[{"width":700,"height":700,"url":"https:\/\/cleverkids.ee\/wp-content\/uploads\/2024\/05\/700-11-6.jpg","type":"image\/jpeg"}],"twitter_card":"summary_large_image","twitter_misc":{"Est. reading time":"1 minut"},"schema":{"@context":"https:\/\/schema.org","@graph":[{"@type":"WebPage","@id":"https:\/\/cleverkids.ee\/et\/product\/raamat-otsi-ja-naita-kus-mis-peidus-on-lobusad-otsingud-16-lk\/","url":"https:\/\/cleverkids.ee\/et\/product\/raamat-otsi-ja-naita-kus-mis-peidus-on-lobusad-otsingud-16-lk\/","name":"Raamat \u201eOtsi ja n\u00e4ita. Kus mis peidus on? L\u00f5busad otsingud\u201c, 16 lk. -","isPartOf":{"@id":"https:\/\/cleverkids.ee\/et\/#website"},"primaryImageOfPage":{"@id":"https:\/\/cleverkids.ee\/et\/product\/raamat-otsi-ja-naita-kus-mis-peidus-on-lobusad-otsingud-16-lk\/#primaryimage"},"image":{"@id":"https:\/\/cleverkids.ee\/et\/product\/raamat-otsi-ja-naita-kus-mis-peidus-on-lobusad-otsingud-16-lk\/#primaryimage"},"thumbnailUrl":"https:\/\/cleverkids.ee\/wp-content\/uploads\/2024\/05\/700-11-6.jpg","datePublished":"2024-04-16T04:24:20+00:00","dateModified":"2025-06-08T15:08:04+00:00","description":"Raamat \u201eOtsi ja n\u00e4ita. Kus mis peidus on? L\u00f5busad otsingud\u201c, 16 lk. - CLEVER KIDS","breadcrumb":{"@id":"https:\/\/cleverkids.ee\/et\/product\/raamat-otsi-ja-naita-kus-mis-peidus-on-lobusad-otsingud-16-lk\/#breadcrumb"},"inLanguage":"et","potentialAction":[{"@type":"ReadAction","target":["https:\/\/cleverkids.ee\/et\/product\/raamat-otsi-ja-naita-kus-mis-peidus-on-lobusad-otsingud-16-lk\/"]}]},{"@type":"ImageObject","inLanguage":"et","@id":"https:\/\/cleverkids.ee\/et\/product\/raamat-otsi-ja-naita-kus-mis-peidus-on-lobusad-otsingud-16-lk\/#primaryimage","url":"https:\/\/cleverkids.ee\/wp-content\/uploads\/2024\/05\/700-11-6.jpg","contentUrl":"https:\/\/cleverkids.ee\/wp-content\/uploads\/2024\/05\/700-11-6.jpg","width":700,"height":700},{"@type":"BreadcrumbList","@id":"https:\/\/cleverkids.ee\/et\/product\/raamat-otsi-ja-naita-kus-mis-peidus-on-lobusad-otsingud-16-lk\/#breadcrumb","itemListElement":[{"@type":"ListItem","position":1,"name":"Esileht","item":"https:\/\/cleverkids.ee\/et\/"},{"@type":"ListItem","position":2,"name":"Tooted","item":"https:\/\/cleverkids.ee\/store\/"},{"@type":"ListItem","position":3,"name":"Raamat \u201eOtsi ja n\u00e4ita. Kus mis peidus on? L\u00f5busad otsingud\u201c, 16 lk."}]},{"@type":"WebSite","@id":"https:\/\/cleverkids.ee\/et\/#website","url":"https:\/\/cleverkids.ee\/et\/","name":"CLEVER KIDS","description":"","publisher":{"@id":"https:\/\/cleverkids.ee\/et\/#organization"},"potentialAction":[{"@type":"SearchAction","target":{"@type":"EntryPoint","urlTemplate":"https:\/\/cleverkids.ee\/et\/?s={search_term_string}"},"query-input":{"@type":"PropertyValueSpecification","valueRequired":true,"valueName":"search_term_string"}}],"inLanguage":"et"},{"@type":"Organization","@id":"https:\/\/cleverkids.ee\/et\/#organization","name":"CLEVER KIDS","url":"https:\/\/cleverkids.ee\/et\/","logo":{"@type":"ImageObject","inLanguage":"et","@id":"https:\/\/cleverkids.ee\/et\/#\/schema\/logo\/image\/","url":"https:\/\/cleverkids.ee\/wp-content\/uploads\/2024\/02\/image0-1024x1024.png","contentUrl":"https:\/\/cleverkids.ee\/wp-content\/uploads\/2024\/02\/image0-1024x1024.png","width":1024,"height":1024,"caption":"CLEVER KIDS"},"image":{"@id":"https:\/\/cleverkids.ee\/et\/#\/schema\/logo\/image\/"},"sameAs":["https:\/\/www.facebook.com\/cleverkids.ee\/","https:\/\/www.instagram.com\/cleverkids_ee\/"]}]}},"_links":{"self":[{"href":"https:\/\/cleverkids.ee\/et\/wp-json\/wp\/v2\/product\/49613","targetHints":{"allow":["GET"]}}],"collection":[{"href":"https:\/\/cleverkids.ee\/et\/wp-json\/wp\/v2\/product"}],"about":[{"href":"https:\/\/cleverkids.ee\/et\/wp-json\/wp\/v2\/types\/product"}],"wp:featuredmedia":[{"embeddable":true,"href":"https:\/\/cleverkids.ee\/et\/wp-json\/wp\/v2\/media\/68931"}],"wp:attachment":[{"href":"https:\/\/cleverkids.ee\/et\/wp-json\/wp\/v2\/media?parent=49613"}],"wp:term":[{"taxonomy":"product_brand","embeddable":true,"href":"https:\/\/cleverkids.ee\/et\/wp-json\/wp\/v2\/product_brand?post=49613"},{"taxonomy":"product_cat","embeddable":true,"href":"https:\/\/cleverkids.ee\/et\/wp-json\/wp\/v2\/product_cat?post=49613"},{"taxonomy":"product_tag","embeddable":true,"href":"https:\/\/cleverkids.ee\/et\/wp-json\/wp\/v2\/product_tag?post=49613"}],"curies":[{"name":"wp","href":"https:\/\/api.w.org\/{rel}","templated":true}]}}