{"id":49672,"date":"2024-04-16T07:24:12","date_gmt":"2024-04-16T04:24:12","guid":{"rendered":"https:\/\/cleverkids.dev2.sdhost.eu\/product\/%d0%ba%d0%bd%d0%b8%d0%b3%d0%b0-%d0%bd%d0%b5%d0%b9%d1%80%d0%be%d1%82%d1%80%d0%b5%d0%bd%d0%b0%d0%b6%d1%91%d1%80-52-%d1%81%d1%82%d1%80-5\/"},"modified":"2026-02-13T10:10:42","modified_gmt":"2026-02-13T08:10:42","slug":"raamat-neurotreening-52-lk-5","status":"publish","type":"product","link":"https:\/\/cleverkids.ee\/et\/product\/raamat-neurotreening-52-lk-5\/","title":{"rendered":"Raamat \u201eNeurotreening\u201c \u2013 52 lk, 5+"},"content":{"rendered":"<p data-start=\"108\" data-end=\"230\">Neurotreening on spetsialistide \u2013 neurops\u00fchholoogide, logopeedide ja kine\u00adsioloogide \u2013 poolt koostatud harjutuste kogumik.<\/p>\n<p data-start=\"232\" data-end=\"444\"><strong data-start=\"232\" data-end=\"256\">Miks see on kasulik?<\/strong><br data-start=\"256\" data-end=\"259\" \/>\u2013 Tugevdab ajusiseseid n\u00e4rvi\u00fchendusi ja toetab ajupoolkerade koost\u00f6\u00f6d<br data-start=\"328\" data-end=\"331\" \/>\u2013 Arendab m\u00f5tlemist, t\u00e4helepanu, k\u00f5net ja kirjutamisoskust<br data-start=\"389\" data-end=\"392\" \/>\u2013 Toetab k\u00f5rgemate vaimsete funktsioonide kujunemist<\/p>\n<p data-start=\"446\" data-end=\"590\"><strong data-start=\"446\" data-end=\"455\">Sisu:<\/strong><br data-start=\"455\" data-end=\"458\" \/>\u2013 Harjutused m\u00f5lema k\u00e4ega samaaegseks tegutsemiseks<br data-start=\"509\" data-end=\"512\" \/>\u2013 \u00dclesanded loogika, t\u00e4helepanu, intelligentsi ja kujutlusv\u00f5ime arendamiseks<\/p>\n<p data-start=\"592\" data-end=\"616\"><strong data-start=\"592\" data-end=\"603\">M\u00f5\u00f5dud:<\/strong> 20 \u00d7 28 cm<\/p>\n<p data-start=\"618\" data-end=\"715\" data-is-last-node=\"\" data-is-only-node=\"\">Sobib lastele alates 5. eluaastast nii koduseks harjutamiseks kui ka spetsialistide juhendamisel.<\/p>\n","protected":false},"excerpt":{"rendered":"<p>Neurotreening on spetsialistide \u2013 neurops\u00fchholoogide, logopeedide ja kine\u00adsioloogide \u2013 poolt koostatud harjutuste kogumik. Miks see on kasulik?\u2013 Tugevdab ajusiseseid n\u00e4rvi\u00fchendusi ja toetab ajupoolkerade koost\u00f6\u00f6d\u2013 Arendab m\u00f5tlemist, t\u00e4helepanu, k\u00f5net ja kirjutamisoskust\u2013 Toetab k\u00f5rgemate vaimsete funktsioonide kujunemist Sisu:\u2013 Harjutused m\u00f5lema k\u00e4ega samaaegseks tegutsemiseks\u2013 \u00dclesanded loogika, t\u00e4helepanu, intelligentsi ja kujutlusv\u00f5ime arendamiseks M\u00f5\u00f5dud: 20 \u00d7 28 cm Sobib lastele [&hellip;]<\/p>\n","protected":false},"featured_media":68829,"template":"","meta":{"_monsterinsights_skip_tracking":false,"_monsterinsights_sitenote_active":false,"_monsterinsights_sitenote_note":"","_monsterinsights_sitenote_category":0},"product_brand":[],"product_cat":[51,56,58],"product_tag":[],"class_list":{"0":"post-49672","1":"product","2":"type-product","3":"status-publish","4":"has-post-thumbnail","6":"product_cat-arendavad-vihikud-vene-keeles","7":"product_cat-kone-areng","8":"product_cat-unkategorized","9":"pa_vozrast-ot-5-let-et","11":"first","12":"instock","13":"shipping-taxable","14":"purchasable","15":"product-type-simple"},"yoast_head":"<!-- This site is optimized with the Yoast SEO plugin v25.0 - https:\/\/yoast.com\/wordpress\/plugins\/seo\/ -->\n<title>Raamat \u201eNeurotreening\u201c \u2013 52 lk, 5+ -<\/title>\n<meta name=\"description\" content=\"Raamat \u201eNeurotreening\u201c \u2013 52 lk, 5+ - CLEVER KIDS\" \/>\n<meta name=\"robots\" content=\"index, follow, max-snippet:-1, max-image-preview:large, max-video-preview:-1\" \/>\n<link rel=\"canonical\" href=\"https:\/\/cleverkids.ee\/et\/product\/raamat-neurotreening-52-lk-5\/\" \/>\n<meta property=\"og:locale\" content=\"et_EE\" \/>\n<meta property=\"og:type\" content=\"article\" \/>\n<meta property=\"og:title\" content=\"Raamat \u201eNeurotreening\u201c \u2013 52 lk, 5+ -\" \/>\n<meta property=\"og:description\" content=\"Raamat \u201eNeurotreening\u201c \u2013 52 lk, 5+ - CLEVER KIDS\" \/>\n<meta property=\"og:url\" content=\"https:\/\/cleverkids.ee\/et\/product\/raamat-neurotreening-52-lk-5\/\" \/>\n<meta property=\"og:site_name\" content=\"CLEVER KIDS\" \/>\n<meta property=\"article:publisher\" content=\"https:\/\/www.facebook.com\/cleverkids.ee\/\" \/>\n<meta property=\"article:modified_time\" content=\"2026-02-13T08:10:42+00:00\" \/>\n<meta property=\"og:image\" content=\"https:\/\/cleverkids.ee\/wp-content\/uploads\/2024\/05\/700-21-2.jpg\" \/>\n\t<meta property=\"og:image:width\" content=\"700\" \/>\n\t<meta property=\"og:image:height\" content=\"700\" \/>\n\t<meta property=\"og:image:type\" content=\"image\/jpeg\" \/>\n<meta name=\"twitter:card\" content=\"summary_large_image\" \/>\n<meta name=\"twitter:label1\" content=\"Est. reading time\" \/>\n\t<meta name=\"twitter:data1\" content=\"1 minut\" \/>\n<script type=\"application\/ld+json\" class=\"yoast-schema-graph\">{\"@context\":\"https:\/\/schema.org\",\"@graph\":[{\"@type\":\"WebPage\",\"@id\":\"https:\/\/cleverkids.ee\/et\/product\/raamat-neurotreening-52-lk-5\/\",\"url\":\"https:\/\/cleverkids.ee\/et\/product\/raamat-neurotreening-52-lk-5\/\",\"name\":\"Raamat \u201eNeurotreening\u201c \u2013 52 lk, 5+ -\",\"isPartOf\":{\"@id\":\"https:\/\/cleverkids.ee\/et\/#website\"},\"primaryImageOfPage\":{\"@id\":\"https:\/\/cleverkids.ee\/et\/product\/raamat-neurotreening-52-lk-5\/#primaryimage\"},\"image\":{\"@id\":\"https:\/\/cleverkids.ee\/et\/product\/raamat-neurotreening-52-lk-5\/#primaryimage\"},\"thumbnailUrl\":\"https:\/\/cleverkids.ee\/wp-content\/uploads\/2024\/05\/700-21-2.jpg\",\"datePublished\":\"2024-04-16T04:24:12+00:00\",\"dateModified\":\"2026-02-13T08:10:42+00:00\",\"description\":\"Raamat \u201eNeurotreening\u201c \u2013 52 lk, 5+ - CLEVER KIDS\",\"breadcrumb\":{\"@id\":\"https:\/\/cleverkids.ee\/et\/product\/raamat-neurotreening-52-lk-5\/#breadcrumb\"},\"inLanguage\":\"et\",\"potentialAction\":[{\"@type\":\"ReadAction\",\"target\":[\"https:\/\/cleverkids.ee\/et\/product\/raamat-neurotreening-52-lk-5\/\"]}]},{\"@type\":\"ImageObject\",\"inLanguage\":\"et\",\"@id\":\"https:\/\/cleverkids.ee\/et\/product\/raamat-neurotreening-52-lk-5\/#primaryimage\",\"url\":\"https:\/\/cleverkids.ee\/wp-content\/uploads\/2024\/05\/700-21-2.jpg\",\"contentUrl\":\"https:\/\/cleverkids.ee\/wp-content\/uploads\/2024\/05\/700-21-2.jpg\",\"width\":700,\"height\":700},{\"@type\":\"BreadcrumbList\",\"@id\":\"https:\/\/cleverkids.ee\/et\/product\/raamat-neurotreening-52-lk-5\/#breadcrumb\",\"itemListElement\":[{\"@type\":\"ListItem\",\"position\":1,\"name\":\"Esileht\",\"item\":\"https:\/\/cleverkids.ee\/et\/\"},{\"@type\":\"ListItem\",\"position\":2,\"name\":\"Tooted\",\"item\":\"https:\/\/cleverkids.ee\/store\/\"},{\"@type\":\"ListItem\",\"position\":3,\"name\":\"Raamat \u201eNeurotreening\u201c \u2013 52 lk, 5+\"}]},{\"@type\":\"WebSite\",\"@id\":\"https:\/\/cleverkids.ee\/et\/#website\",\"url\":\"https:\/\/cleverkids.ee\/et\/\",\"name\":\"CLEVER KIDS\",\"description\":\"\",\"publisher\":{\"@id\":\"https:\/\/cleverkids.ee\/et\/#organization\"},\"potentialAction\":[{\"@type\":\"SearchAction\",\"target\":{\"@type\":\"EntryPoint\",\"urlTemplate\":\"https:\/\/cleverkids.ee\/et\/?s={search_term_string}\"},\"query-input\":{\"@type\":\"PropertyValueSpecification\",\"valueRequired\":true,\"valueName\":\"search_term_string\"}}],\"inLanguage\":\"et\"},{\"@type\":\"Organization\",\"@id\":\"https:\/\/cleverkids.ee\/et\/#organization\",\"name\":\"CLEVER KIDS\",\"url\":\"https:\/\/cleverkids.ee\/et\/\",\"logo\":{\"@type\":\"ImageObject\",\"inLanguage\":\"et\",\"@id\":\"https:\/\/cleverkids.ee\/et\/#\/schema\/logo\/image\/\",\"url\":\"https:\/\/cleverkids.ee\/wp-content\/uploads\/2024\/02\/image0-1024x1024.png\",\"contentUrl\":\"https:\/\/cleverkids.ee\/wp-content\/uploads\/2024\/02\/image0-1024x1024.png\",\"width\":1024,\"height\":1024,\"caption\":\"CLEVER KIDS\"},\"image\":{\"@id\":\"https:\/\/cleverkids.ee\/et\/#\/schema\/logo\/image\/\"},\"sameAs\":[\"https:\/\/www.facebook.com\/cleverkids.ee\/\",\"https:\/\/www.instagram.com\/cleverkids_ee\/\"]}]}<\/script>\n<!-- \/ Yoast SEO plugin. -->","yoast_head_json":{"title":"Raamat \u201eNeurotreening\u201c \u2013 52 lk, 5+ -","description":"Raamat \u201eNeurotreening\u201c \u2013 52 lk, 5+ - CLEVER KIDS","robots":{"index":"index","follow":"follow","max-snippet":"max-snippet:-1","max-image-preview":"max-image-preview:large","max-video-preview":"max-video-preview:-1"},"canonical":"https:\/\/cleverkids.ee\/et\/product\/raamat-neurotreening-52-lk-5\/","og_locale":"et_EE","og_type":"article","og_title":"Raamat \u201eNeurotreening\u201c \u2013 52 lk, 5+ -","og_description":"Raamat \u201eNeurotreening\u201c \u2013 52 lk, 5+ - CLEVER KIDS","og_url":"https:\/\/cleverkids.ee\/et\/product\/raamat-neurotreening-52-lk-5\/","og_site_name":"CLEVER KIDS","article_publisher":"https:\/\/www.facebook.com\/cleverkids.ee\/","article_modified_time":"2026-02-13T08:10:42+00:00","og_image":[{"width":700,"height":700,"url":"https:\/\/cleverkids.ee\/wp-content\/uploads\/2024\/05\/700-21-2.jpg","type":"image\/jpeg"}],"twitter_card":"summary_large_image","twitter_misc":{"Est. reading time":"1 minut"},"schema":{"@context":"https:\/\/schema.org","@graph":[{"@type":"WebPage","@id":"https:\/\/cleverkids.ee\/et\/product\/raamat-neurotreening-52-lk-5\/","url":"https:\/\/cleverkids.ee\/et\/product\/raamat-neurotreening-52-lk-5\/","name":"Raamat \u201eNeurotreening\u201c \u2013 52 lk, 5+ -","isPartOf":{"@id":"https:\/\/cleverkids.ee\/et\/#website"},"primaryImageOfPage":{"@id":"https:\/\/cleverkids.ee\/et\/product\/raamat-neurotreening-52-lk-5\/#primaryimage"},"image":{"@id":"https:\/\/cleverkids.ee\/et\/product\/raamat-neurotreening-52-lk-5\/#primaryimage"},"thumbnailUrl":"https:\/\/cleverkids.ee\/wp-content\/uploads\/2024\/05\/700-21-2.jpg","datePublished":"2024-04-16T04:24:12+00:00","dateModified":"2026-02-13T08:10:42+00:00","description":"Raamat \u201eNeurotreening\u201c \u2013 52 lk, 5+ - CLEVER KIDS","breadcrumb":{"@id":"https:\/\/cleverkids.ee\/et\/product\/raamat-neurotreening-52-lk-5\/#breadcrumb"},"inLanguage":"et","potentialAction":[{"@type":"ReadAction","target":["https:\/\/cleverkids.ee\/et\/product\/raamat-neurotreening-52-lk-5\/"]}]},{"@type":"ImageObject","inLanguage":"et","@id":"https:\/\/cleverkids.ee\/et\/product\/raamat-neurotreening-52-lk-5\/#primaryimage","url":"https:\/\/cleverkids.ee\/wp-content\/uploads\/2024\/05\/700-21-2.jpg","contentUrl":"https:\/\/cleverkids.ee\/wp-content\/uploads\/2024\/05\/700-21-2.jpg","width":700,"height":700},{"@type":"BreadcrumbList","@id":"https:\/\/cleverkids.ee\/et\/product\/raamat-neurotreening-52-lk-5\/#breadcrumb","itemListElement":[{"@type":"ListItem","position":1,"name":"Esileht","item":"https:\/\/cleverkids.ee\/et\/"},{"@type":"ListItem","position":2,"name":"Tooted","item":"https:\/\/cleverkids.ee\/store\/"},{"@type":"ListItem","position":3,"name":"Raamat \u201eNeurotreening\u201c \u2013 52 lk, 5+"}]},{"@type":"WebSite","@id":"https:\/\/cleverkids.ee\/et\/#website","url":"https:\/\/cleverkids.ee\/et\/","name":"CLEVER KIDS","description":"","publisher":{"@id":"https:\/\/cleverkids.ee\/et\/#organization"},"potentialAction":[{"@type":"SearchAction","target":{"@type":"EntryPoint","urlTemplate":"https:\/\/cleverkids.ee\/et\/?s={search_term_string}"},"query-input":{"@type":"PropertyValueSpecification","valueRequired":true,"valueName":"search_term_string"}}],"inLanguage":"et"},{"@type":"Organization","@id":"https:\/\/cleverkids.ee\/et\/#organization","name":"CLEVER KIDS","url":"https:\/\/cleverkids.ee\/et\/","logo":{"@type":"ImageObject","inLanguage":"et","@id":"https:\/\/cleverkids.ee\/et\/#\/schema\/logo\/image\/","url":"https:\/\/cleverkids.ee\/wp-content\/uploads\/2024\/02\/image0-1024x1024.png","contentUrl":"https:\/\/cleverkids.ee\/wp-content\/uploads\/2024\/02\/image0-1024x1024.png","width":1024,"height":1024,"caption":"CLEVER KIDS"},"image":{"@id":"https:\/\/cleverkids.ee\/et\/#\/schema\/logo\/image\/"},"sameAs":["https:\/\/www.facebook.com\/cleverkids.ee\/","https:\/\/www.instagram.com\/cleverkids_ee\/"]}]}},"_links":{"self":[{"href":"https:\/\/cleverkids.ee\/et\/wp-json\/wp\/v2\/product\/49672","targetHints":{"allow":["GET"]}}],"collection":[{"href":"https:\/\/cleverkids.ee\/et\/wp-json\/wp\/v2\/product"}],"about":[{"href":"https:\/\/cleverkids.ee\/et\/wp-json\/wp\/v2\/types\/product"}],"wp:featuredmedia":[{"embeddable":true,"href":"https:\/\/cleverkids.ee\/et\/wp-json\/wp\/v2\/media\/68829"}],"wp:attachment":[{"href":"https:\/\/cleverkids.ee\/et\/wp-json\/wp\/v2\/media?parent=49672"}],"wp:term":[{"taxonomy":"product_brand","embeddable":true,"href":"https:\/\/cleverkids.ee\/et\/wp-json\/wp\/v2\/product_brand?post=49672"},{"taxonomy":"product_cat","embeddable":true,"href":"https:\/\/cleverkids.ee\/et\/wp-json\/wp\/v2\/product_cat?post=49672"},{"taxonomy":"product_tag","embeddable":true,"href":"https:\/\/cleverkids.ee\/et\/wp-json\/wp\/v2\/product_tag?post=49672"}],"curies":[{"name":"wp","href":"https:\/\/api.w.org\/{rel}","templated":true}]}}