{"id":49836,"date":"2024-04-16T07:23:57","date_gmt":"2024-04-16T04:23:57","guid":{"rendered":"https:\/\/cleverkids.dev2.sdhost.eu\/product\/%d0%b8%d0%b3%d1%80%d0%b0-%d0%bd%d0%b0-%d0%bf%d0%be%d0%b8%d1%81%d0%ba-%d0%bd%d0%b0%d0%b9%d0%b4%d0%b8-%d0%b8-%d0%bf%d0%be%d0%ba%d0%b0%d0%b6%d0%b8-%d0%bc%d0%be%d1%85%d0%bd%d0%b0%d1%82%d1%8b%d0%b5\/"},"modified":"2025-03-29T12:20:13","modified_gmt":"2025-03-29T10:20:13","slug":"otsimismang-otsi-ja-naita-karvased-ja-sabalised-30-ulesannet","status":"publish","type":"product","link":"https:\/\/cleverkids.ee\/et\/product\/otsimismang-otsi-ja-naita-karvased-ja-sabalised-30-ulesannet\/","title":{"rendered":"Otsimism\u00e4ng \u201eOtsi ja n\u00e4ita. Karvased ja sabalised\u201c \u2013 30 \u00fclesannet"},"content":{"rendered":"<h3 class=\"\" data-start=\"0\" data-end=\"75\"><strong data-start=\"4\" data-end=\"58\">Otsimism\u00e4ng \u201eOtsi ja n\u00e4ita. Karvased ja sabalised\u201c<\/strong> \u2013 30 \u00fclesannet<\/h3>\n<p class=\"\" data-start=\"77\" data-end=\"351\">Seest leiad <strong data-start=\"89\" data-end=\"129\">30 kaasahaaravat t\u00e4helepanu\u00fclesannet<\/strong>, mille hulgas on:<br data-start=\"147\" data-end=\"150\" \/>\ud83d\udd39 liigsete objektide otsimine<br data-start=\"180\" data-end=\"183\" \/>\ud83d\udd39 punktide \u00fchendamine ja piltide joonistamine<br data-start=\"229\" data-end=\"232\" \/>\ud83d\udd39 v\u00e4rvimine<br data-start=\"244\" data-end=\"247\" \/>\ud83d\udd39 lab\u00fcrindid<br data-start=\"260\" data-end=\"263\" \/>\ud83d\udd39 erinevuste leidmine<br data-start=\"285\" data-end=\"288\" \/>\ud83d\udd39 loomade ja nende siluettide sobitamine<br data-start=\"329\" data-end=\"332\" \/>\ud83d\udd39 ja palju muud!<\/p>\n<h3 class=\"\" data-start=\"353\" data-end=\"380\"><strong data-start=\"357\" data-end=\"378\">Kus saab m\u00e4ngida?<\/strong><\/h3>\n<p class=\"\" data-start=\"381\" data-end=\"453\">\ud83c\udfe0 Kodus<br data-start=\"389\" data-end=\"392\" \/>\ud83d\ude97 Teel olles<br data-start=\"405\" data-end=\"408\" \/>\ud83c\udf92 Koolivaheajal<br data-start=\"424\" data-end=\"427\" \/>\ud83c\udfeb Koolis vahetunni ajal<\/p>\n<h3 class=\"\" data-start=\"455\" data-end=\"478\"><strong data-start=\"459\" data-end=\"476\">Mida arendab?<\/strong><\/h3>\n<p class=\"\" data-start=\"479\" data-end=\"559\">\u2705 T\u00e4helepanu<br data-start=\"491\" data-end=\"494\" \/>\u2705 Keskendumisv\u00f5imet<br data-start=\"513\" data-end=\"516\" \/>\u2705 Loogilist m\u00f5tlemist<br data-start=\"537\" data-end=\"540\" \/>\u2705 Loendamisoskust<\/p>\n<h3 class=\"\" data-start=\"561\" data-end=\"589\"><strong data-start=\"565\" data-end=\"587\">Komplekt sisaldab:<\/strong><\/h3>\n<p class=\"\" data-start=\"590\" data-end=\"645\">\ud83d\udcc4 15 kahepoolset \u00fclesandekaarti, suurus 103 \u00d7 148 mm<\/p>\n<p class=\"\" data-start=\"647\" data-end=\"697\">\u26a0\ufe0f <strong data-start=\"650\" data-end=\"665\">T\u00e4helepanu:<\/strong> komplektis <strong data-start=\"677\" data-end=\"696\">ei ole markerit<\/strong>!<\/p>\n","protected":false},"excerpt":{"rendered":"<p>Otsimism\u00e4ng \u201eOtsi ja n\u00e4ita. Karvased ja sabalised\u201c \u2013 30 \u00fclesannet Seest leiad 30 kaasahaaravat t\u00e4helepanu\u00fclesannet, mille hulgas on:\ud83d\udd39 liigsete objektide otsimine\ud83d\udd39 punktide \u00fchendamine ja piltide joonistamine\ud83d\udd39 v\u00e4rvimine\ud83d\udd39 lab\u00fcrindid\ud83d\udd39 erinevuste leidmine\ud83d\udd39 loomade ja nende siluettide sobitamine\ud83d\udd39 ja palju muud! Kus saab m\u00e4ngida? \ud83c\udfe0 Kodus\ud83d\ude97 Teel olles\ud83c\udf92 Koolivaheajal\ud83c\udfeb Koolis vahetunni ajal Mida arendab? \u2705 T\u00e4helepanu\u2705 Keskendumisv\u00f5imet\u2705 Loogilist [&hellip;]<\/p>\n","protected":false},"featured_media":64842,"template":"","meta":{"_monsterinsights_skip_tracking":false,"_monsterinsights_sitenote_active":false,"_monsterinsights_sitenote_note":"","_monsterinsights_sitenote_category":0},"product_brand":[],"product_cat":[51,58],"product_tag":[],"class_list":{"0":"post-49836","1":"product","2":"type-product","3":"status-publish","4":"has-post-thumbnail","6":"product_cat-arendavad-vihikud-vene-keeles","7":"product_cat-unkategorized","9":"first","10":"instock","11":"shipping-taxable","12":"purchasable","13":"product-type-simple"},"yoast_head":"<!-- This site is optimized with the Yoast SEO plugin v25.0 - https:\/\/yoast.com\/wordpress\/plugins\/seo\/ -->\n<title>Otsimism\u00e4ng \u201eOtsi ja n\u00e4ita. Karvased ja sabalised\u201c \u2013 30 \u00fclesannet -<\/title>\n<meta name=\"description\" content=\"Otsimism\u00e4ng \u201eOtsi ja n\u00e4ita. Karvased ja sabalised\u201c \u2013 30 \u00fclesannet - CLEVER KIDS\" \/>\n<meta name=\"robots\" content=\"index, follow, max-snippet:-1, max-image-preview:large, max-video-preview:-1\" \/>\n<link rel=\"canonical\" href=\"https:\/\/cleverkids.ee\/et\/product\/otsimismang-otsi-ja-naita-karvased-ja-sabalised-30-ulesannet\/\" \/>\n<meta property=\"og:locale\" content=\"et_EE\" \/>\n<meta property=\"og:type\" content=\"article\" \/>\n<meta property=\"og:title\" content=\"Otsimism\u00e4ng \u201eOtsi ja n\u00e4ita. Karvased ja sabalised\u201c \u2013 30 \u00fclesannet -\" \/>\n<meta property=\"og:description\" content=\"Otsimism\u00e4ng \u201eOtsi ja n\u00e4ita. Karvased ja sabalised\u201c \u2013 30 \u00fclesannet - CLEVER KIDS\" \/>\n<meta property=\"og:url\" content=\"https:\/\/cleverkids.ee\/et\/product\/otsimismang-otsi-ja-naita-karvased-ja-sabalised-30-ulesannet\/\" \/>\n<meta property=\"og:site_name\" content=\"CLEVER KIDS\" \/>\n<meta property=\"article:publisher\" content=\"https:\/\/www.facebook.com\/cleverkids.ee\/\" \/>\n<meta property=\"article:modified_time\" content=\"2025-03-29T10:20:13+00:00\" \/>\n<meta property=\"og:image\" content=\"https:\/\/cleverkids.ee\/wp-content\/uploads\/2024\/05\/700-39.jpg\" \/>\n\t<meta property=\"og:image:width\" content=\"700\" \/>\n\t<meta property=\"og:image:height\" content=\"700\" \/>\n\t<meta property=\"og:image:type\" content=\"image\/jpeg\" \/>\n<meta name=\"twitter:card\" content=\"summary_large_image\" \/>\n<meta name=\"twitter:label1\" content=\"Est. reading time\" \/>\n\t<meta name=\"twitter:data1\" content=\"1 minut\" \/>\n<script type=\"application\/ld+json\" class=\"yoast-schema-graph\">{\"@context\":\"https:\/\/schema.org\",\"@graph\":[{\"@type\":\"WebPage\",\"@id\":\"https:\/\/cleverkids.ee\/et\/product\/otsimismang-otsi-ja-naita-karvased-ja-sabalised-30-ulesannet\/\",\"url\":\"https:\/\/cleverkids.ee\/et\/product\/otsimismang-otsi-ja-naita-karvased-ja-sabalised-30-ulesannet\/\",\"name\":\"Otsimism\u00e4ng \u201eOtsi ja n\u00e4ita. Karvased ja sabalised\u201c \u2013 30 \u00fclesannet -\",\"isPartOf\":{\"@id\":\"https:\/\/cleverkids.ee\/et\/#website\"},\"primaryImageOfPage\":{\"@id\":\"https:\/\/cleverkids.ee\/et\/product\/otsimismang-otsi-ja-naita-karvased-ja-sabalised-30-ulesannet\/#primaryimage\"},\"image\":{\"@id\":\"https:\/\/cleverkids.ee\/et\/product\/otsimismang-otsi-ja-naita-karvased-ja-sabalised-30-ulesannet\/#primaryimage\"},\"thumbnailUrl\":\"https:\/\/cleverkids.ee\/wp-content\/uploads\/2024\/05\/700-39.jpg\",\"datePublished\":\"2024-04-16T04:23:57+00:00\",\"dateModified\":\"2025-03-29T10:20:13+00:00\",\"description\":\"Otsimism\u00e4ng \u201eOtsi ja n\u00e4ita. Karvased ja sabalised\u201c \u2013 30 \u00fclesannet - CLEVER KIDS\",\"breadcrumb\":{\"@id\":\"https:\/\/cleverkids.ee\/et\/product\/otsimismang-otsi-ja-naita-karvased-ja-sabalised-30-ulesannet\/#breadcrumb\"},\"inLanguage\":\"et\",\"potentialAction\":[{\"@type\":\"ReadAction\",\"target\":[\"https:\/\/cleverkids.ee\/et\/product\/otsimismang-otsi-ja-naita-karvased-ja-sabalised-30-ulesannet\/\"]}]},{\"@type\":\"ImageObject\",\"inLanguage\":\"et\",\"@id\":\"https:\/\/cleverkids.ee\/et\/product\/otsimismang-otsi-ja-naita-karvased-ja-sabalised-30-ulesannet\/#primaryimage\",\"url\":\"https:\/\/cleverkids.ee\/wp-content\/uploads\/2024\/05\/700-39.jpg\",\"contentUrl\":\"https:\/\/cleverkids.ee\/wp-content\/uploads\/2024\/05\/700-39.jpg\",\"width\":700,\"height\":700},{\"@type\":\"BreadcrumbList\",\"@id\":\"https:\/\/cleverkids.ee\/et\/product\/otsimismang-otsi-ja-naita-karvased-ja-sabalised-30-ulesannet\/#breadcrumb\",\"itemListElement\":[{\"@type\":\"ListItem\",\"position\":1,\"name\":\"Esileht\",\"item\":\"https:\/\/cleverkids.ee\/et\/\"},{\"@type\":\"ListItem\",\"position\":2,\"name\":\"Tooted\",\"item\":\"https:\/\/cleverkids.ee\/store\/\"},{\"@type\":\"ListItem\",\"position\":3,\"name\":\"Otsimism\u00e4ng \u201eOtsi ja n\u00e4ita. Karvased ja sabalised\u201c \u2013 30 \u00fclesannet\"}]},{\"@type\":\"WebSite\",\"@id\":\"https:\/\/cleverkids.ee\/et\/#website\",\"url\":\"https:\/\/cleverkids.ee\/et\/\",\"name\":\"CLEVER KIDS\",\"description\":\"\",\"publisher\":{\"@id\":\"https:\/\/cleverkids.ee\/et\/#organization\"},\"potentialAction\":[{\"@type\":\"SearchAction\",\"target\":{\"@type\":\"EntryPoint\",\"urlTemplate\":\"https:\/\/cleverkids.ee\/et\/?s={search_term_string}\"},\"query-input\":{\"@type\":\"PropertyValueSpecification\",\"valueRequired\":true,\"valueName\":\"search_term_string\"}}],\"inLanguage\":\"et\"},{\"@type\":\"Organization\",\"@id\":\"https:\/\/cleverkids.ee\/et\/#organization\",\"name\":\"CLEVER KIDS\",\"url\":\"https:\/\/cleverkids.ee\/et\/\",\"logo\":{\"@type\":\"ImageObject\",\"inLanguage\":\"et\",\"@id\":\"https:\/\/cleverkids.ee\/et\/#\/schema\/logo\/image\/\",\"url\":\"https:\/\/cleverkids.ee\/wp-content\/uploads\/2024\/02\/image0-1024x1024.png\",\"contentUrl\":\"https:\/\/cleverkids.ee\/wp-content\/uploads\/2024\/02\/image0-1024x1024.png\",\"width\":1024,\"height\":1024,\"caption\":\"CLEVER KIDS\"},\"image\":{\"@id\":\"https:\/\/cleverkids.ee\/et\/#\/schema\/logo\/image\/\"},\"sameAs\":[\"https:\/\/www.facebook.com\/cleverkids.ee\/\",\"https:\/\/www.instagram.com\/cleverkids_ee\/\"]}]}<\/script>\n<!-- \/ Yoast SEO plugin. -->","yoast_head_json":{"title":"Otsimism\u00e4ng \u201eOtsi ja n\u00e4ita. Karvased ja sabalised\u201c \u2013 30 \u00fclesannet -","description":"Otsimism\u00e4ng \u201eOtsi ja n\u00e4ita. Karvased ja sabalised\u201c \u2013 30 \u00fclesannet - CLEVER KIDS","robots":{"index":"index","follow":"follow","max-snippet":"max-snippet:-1","max-image-preview":"max-image-preview:large","max-video-preview":"max-video-preview:-1"},"canonical":"https:\/\/cleverkids.ee\/et\/product\/otsimismang-otsi-ja-naita-karvased-ja-sabalised-30-ulesannet\/","og_locale":"et_EE","og_type":"article","og_title":"Otsimism\u00e4ng \u201eOtsi ja n\u00e4ita. Karvased ja sabalised\u201c \u2013 30 \u00fclesannet -","og_description":"Otsimism\u00e4ng \u201eOtsi ja n\u00e4ita. Karvased ja sabalised\u201c \u2013 30 \u00fclesannet - CLEVER KIDS","og_url":"https:\/\/cleverkids.ee\/et\/product\/otsimismang-otsi-ja-naita-karvased-ja-sabalised-30-ulesannet\/","og_site_name":"CLEVER KIDS","article_publisher":"https:\/\/www.facebook.com\/cleverkids.ee\/","article_modified_time":"2025-03-29T10:20:13+00:00","og_image":[{"width":700,"height":700,"url":"https:\/\/cleverkids.ee\/wp-content\/uploads\/2024\/05\/700-39.jpg","type":"image\/jpeg"}],"twitter_card":"summary_large_image","twitter_misc":{"Est. reading time":"1 minut"},"schema":{"@context":"https:\/\/schema.org","@graph":[{"@type":"WebPage","@id":"https:\/\/cleverkids.ee\/et\/product\/otsimismang-otsi-ja-naita-karvased-ja-sabalised-30-ulesannet\/","url":"https:\/\/cleverkids.ee\/et\/product\/otsimismang-otsi-ja-naita-karvased-ja-sabalised-30-ulesannet\/","name":"Otsimism\u00e4ng \u201eOtsi ja n\u00e4ita. Karvased ja sabalised\u201c \u2013 30 \u00fclesannet -","isPartOf":{"@id":"https:\/\/cleverkids.ee\/et\/#website"},"primaryImageOfPage":{"@id":"https:\/\/cleverkids.ee\/et\/product\/otsimismang-otsi-ja-naita-karvased-ja-sabalised-30-ulesannet\/#primaryimage"},"image":{"@id":"https:\/\/cleverkids.ee\/et\/product\/otsimismang-otsi-ja-naita-karvased-ja-sabalised-30-ulesannet\/#primaryimage"},"thumbnailUrl":"https:\/\/cleverkids.ee\/wp-content\/uploads\/2024\/05\/700-39.jpg","datePublished":"2024-04-16T04:23:57+00:00","dateModified":"2025-03-29T10:20:13+00:00","description":"Otsimism\u00e4ng \u201eOtsi ja n\u00e4ita. Karvased ja sabalised\u201c \u2013 30 \u00fclesannet - CLEVER KIDS","breadcrumb":{"@id":"https:\/\/cleverkids.ee\/et\/product\/otsimismang-otsi-ja-naita-karvased-ja-sabalised-30-ulesannet\/#breadcrumb"},"inLanguage":"et","potentialAction":[{"@type":"ReadAction","target":["https:\/\/cleverkids.ee\/et\/product\/otsimismang-otsi-ja-naita-karvased-ja-sabalised-30-ulesannet\/"]}]},{"@type":"ImageObject","inLanguage":"et","@id":"https:\/\/cleverkids.ee\/et\/product\/otsimismang-otsi-ja-naita-karvased-ja-sabalised-30-ulesannet\/#primaryimage","url":"https:\/\/cleverkids.ee\/wp-content\/uploads\/2024\/05\/700-39.jpg","contentUrl":"https:\/\/cleverkids.ee\/wp-content\/uploads\/2024\/05\/700-39.jpg","width":700,"height":700},{"@type":"BreadcrumbList","@id":"https:\/\/cleverkids.ee\/et\/product\/otsimismang-otsi-ja-naita-karvased-ja-sabalised-30-ulesannet\/#breadcrumb","itemListElement":[{"@type":"ListItem","position":1,"name":"Esileht","item":"https:\/\/cleverkids.ee\/et\/"},{"@type":"ListItem","position":2,"name":"Tooted","item":"https:\/\/cleverkids.ee\/store\/"},{"@type":"ListItem","position":3,"name":"Otsimism\u00e4ng \u201eOtsi ja n\u00e4ita. Karvased ja sabalised\u201c \u2013 30 \u00fclesannet"}]},{"@type":"WebSite","@id":"https:\/\/cleverkids.ee\/et\/#website","url":"https:\/\/cleverkids.ee\/et\/","name":"CLEVER KIDS","description":"","publisher":{"@id":"https:\/\/cleverkids.ee\/et\/#organization"},"potentialAction":[{"@type":"SearchAction","target":{"@type":"EntryPoint","urlTemplate":"https:\/\/cleverkids.ee\/et\/?s={search_term_string}"},"query-input":{"@type":"PropertyValueSpecification","valueRequired":true,"valueName":"search_term_string"}}],"inLanguage":"et"},{"@type":"Organization","@id":"https:\/\/cleverkids.ee\/et\/#organization","name":"CLEVER KIDS","url":"https:\/\/cleverkids.ee\/et\/","logo":{"@type":"ImageObject","inLanguage":"et","@id":"https:\/\/cleverkids.ee\/et\/#\/schema\/logo\/image\/","url":"https:\/\/cleverkids.ee\/wp-content\/uploads\/2024\/02\/image0-1024x1024.png","contentUrl":"https:\/\/cleverkids.ee\/wp-content\/uploads\/2024\/02\/image0-1024x1024.png","width":1024,"height":1024,"caption":"CLEVER KIDS"},"image":{"@id":"https:\/\/cleverkids.ee\/et\/#\/schema\/logo\/image\/"},"sameAs":["https:\/\/www.facebook.com\/cleverkids.ee\/","https:\/\/www.instagram.com\/cleverkids_ee\/"]}]}},"_links":{"self":[{"href":"https:\/\/cleverkids.ee\/et\/wp-json\/wp\/v2\/product\/49836","targetHints":{"allow":["GET"]}}],"collection":[{"href":"https:\/\/cleverkids.ee\/et\/wp-json\/wp\/v2\/product"}],"about":[{"href":"https:\/\/cleverkids.ee\/et\/wp-json\/wp\/v2\/types\/product"}],"wp:featuredmedia":[{"embeddable":true,"href":"https:\/\/cleverkids.ee\/et\/wp-json\/wp\/v2\/media\/64842"}],"wp:attachment":[{"href":"https:\/\/cleverkids.ee\/et\/wp-json\/wp\/v2\/media?parent=49836"}],"wp:term":[{"taxonomy":"product_brand","embeddable":true,"href":"https:\/\/cleverkids.ee\/et\/wp-json\/wp\/v2\/product_brand?post=49836"},{"taxonomy":"product_cat","embeddable":true,"href":"https:\/\/cleverkids.ee\/et\/wp-json\/wp\/v2\/product_cat?post=49836"},{"taxonomy":"product_tag","embeddable":true,"href":"https:\/\/cleverkids.ee\/et\/wp-json\/wp\/v2\/product_tag?post=49836"}],"curies":[{"name":"wp","href":"https:\/\/api.w.org\/{rel}","templated":true}]}}