{"id":49879,"date":"2024-04-16T07:23:50","date_gmt":"2024-04-16T04:23:50","guid":{"rendered":"https:\/\/cleverkids.dev2.sdhost.eu\/product\/%d1%80%d0%b0%d0%b7%d0%b2%d0%b8%d0%b2%d0%b0%d1%8e%d1%89%d0%b0%d1%8f-%d0%b8%d0%b3%d1%80%d0%b0-%d0%bf%d0%be%d0%b2%d1%82%d0%be%d1%80%d0%b8-%d0%b7%d0%b0-%d0%bc%d0%bd%d0%be%d0%b9-64-%d0%ba\/"},"modified":"2025-08-22T09:00:27","modified_gmt":"2025-08-22T06:00:27","slug":"arendav-mang-korda-minu-jargi-64-kaarti","status":"publish","type":"product","link":"https:\/\/cleverkids.ee\/et\/product\/arendav-mang-korda-minu-jargi-64-kaarti\/","title":{"rendered":"Arendav m\u00e4ng \u201eKorda minu j\u00e4rgi\u201c \u2013 64 kaarti"},"content":{"rendered":"<p class=\"\" data-start=\"67\" data-end=\"164\"><strong data-start=\"67\" data-end=\"87\">64 tegevuskaarti<\/strong>, mis kutsuvad lapsi matkima erinevaid poose, kehahoiakuid ja k\u00e4teasendeid.<\/p>\n<p class=\"\" data-start=\"166\" data-end=\"289\">\ud83c\udfaf See on m\u00e4ng, kus peab olema <strong data-start=\"197\" data-end=\"230\">t\u00e4helepanelik, kiire ja t\u00e4pne<\/strong>, sest m\u00f5nikord kordamine polegi nii lihtne, kui paistab!<\/p>\n<hr class=\"\" data-start=\"291\" data-end=\"294\" \/>\n<h3 class=\"\" data-start=\"296\" data-end=\"325\"><strong data-start=\"300\" data-end=\"323\">Milleks m\u00e4ng sobib?<\/strong><\/h3>\n<p class=\"\" data-start=\"326\" data-end=\"348\">M\u00e4ngu saab kasutada:<\/p>\n<ul data-start=\"349\" data-end=\"484\">\n<li class=\"\" data-start=\"349\" data-end=\"390\">\n<p class=\"\" data-start=\"351\" data-end=\"390\"><strong data-start=\"351\" data-end=\"376\">ps\u00fchhomotoorse arengu<\/strong> toetamiseks<\/p>\n<\/li>\n<li class=\"\" data-start=\"391\" data-end=\"433\">\n<p class=\"\" data-start=\"393\" data-end=\"433\"><strong data-start=\"393\" data-end=\"431\">neurops\u00fchholoogiliseks treeninguks<\/strong><\/p>\n<\/li>\n<li class=\"\" data-start=\"434\" data-end=\"484\">\n<p class=\"\" data-start=\"436\" data-end=\"484\">v\u00f5i lihtsalt l\u00f5busaks ja aktiivseks ajaviiteks<\/p>\n<\/li>\n<\/ul>\n<hr class=\"\" data-start=\"486\" data-end=\"489\" \/>\n<h3 class=\"\" data-start=\"491\" data-end=\"516\"><strong data-start=\"495\" data-end=\"514\">Kuidas m\u00e4ngida?<\/strong><\/h3>\n<p class=\"\" data-start=\"517\" data-end=\"805\">1\ufe0f\u20e3 M\u00e4ngujuht t\u00f5mbab paki pealt \u00fche kaardi ja asetab selle nii, et <strong data-start=\"584\" data-end=\"617\">v\u00e4rviline riba j\u00e4\u00e4b \u00fclespoole<\/strong>.<br data-start=\"618\" data-end=\"621\" \/>2\ufe0f\u20e3 Osalejad peavad <strong data-start=\"641\" data-end=\"676\">v\u00f5imalikult kiiresti ja t\u00e4pselt<\/strong> kordama liigutust v\u00f5i poosi, mis on kaardil kujutatud.<br data-start=\"731\" data-end=\"734\" \/>3\ufe0f\u20e3 M\u00e4ngujuht hindab t\u00e4psust ja kiirust ning m\u00e4\u00e4rab, kes saab punkti.<\/p>\n<p class=\"\" data-start=\"807\" data-end=\"898\">\ud83d\udca1 M\u00e4ngu raskusaste ja kestus s\u00f5ltub m\u00e4ngujuhi otsusest ning laste vanusest ja v\u00f5imetest.<\/p>\n<ul data-start=\"899\" data-end=\"1091\">\n<li class=\"\" data-start=\"899\" data-end=\"1008\">\n<p class=\"\" data-start=\"901\" data-end=\"1008\"><strong data-start=\"901\" data-end=\"926\">Arendavaks tegevuseks<\/strong> on soovitatav alustada lihtsamatest kaartidest ja liikuda keerulisemate suunas.<\/p>\n<\/li>\n<li class=\"\" data-start=\"1009\" data-end=\"1091\">\n<p class=\"\" data-start=\"1011\" data-end=\"1091\"><strong data-start=\"1011\" data-end=\"1030\">Meelelahutuseks<\/strong> v\u00f5ib kaardid lihtsalt segada ja m\u00e4ngida ilma j\u00e4rjekorrata.<\/p>\n<\/li>\n<\/ul>\n<p class=\"\" data-start=\"1093\" data-end=\"1168\">\ud83d\udcd8 Juhendis on kirjas <strong data-start=\"1115\" data-end=\"1140\">5 erinevat m\u00e4nguviisi<\/strong>, kuidas kaartidega m\u00e4ngida!<\/p>\n<hr class=\"\" data-start=\"1170\" data-end=\"1173\" \/>\n<h3 class=\"\" data-start=\"1175\" data-end=\"1198\"><strong data-start=\"1179\" data-end=\"1196\">M\u00e4ng arendab:<\/strong><\/h3>\n<p class=\"\" data-start=\"1199\" data-end=\"1295\">\ud83e\udde0 ajupoolkerade koost\u00f6\u00f6d<br data-start=\"1224\" data-end=\"1227\" \/>\ud83d\udcd0 ruumilist m\u00f5tlemist<br data-start=\"1249\" data-end=\"1252\" \/>\ud83d\udc41 t\u00e4helepanu<br data-start=\"1265\" data-end=\"1268\" \/>\ud83e\udd32 motoorikat ja kehataju<\/p>\n<p class=\"\" data-start=\"1297\" data-end=\"1393\">\ud83c\udf89 Sobib lastele alates 3. eluaastast \u2013 nii koduseks m\u00e4nguks kui ka lasteaeda v\u00f5i teraapiatundi!<\/p>\n","protected":false},"excerpt":{"rendered":"<p>64 tegevuskaarti, mis kutsuvad lapsi matkima erinevaid poose, kehahoiakuid ja k\u00e4teasendeid. \ud83c\udfaf See on m\u00e4ng, kus peab olema t\u00e4helepanelik, kiire ja t\u00e4pne, sest m\u00f5nikord kordamine polegi nii lihtne, kui paistab! Milleks m\u00e4ng sobib? M\u00e4ngu saab kasutada: ps\u00fchhomotoorse arengu toetamiseks neurops\u00fchholoogiliseks treeninguks v\u00f5i lihtsalt l\u00f5busaks ja aktiivseks ajaviiteks Kuidas m\u00e4ngida? 1\ufe0f\u20e3 M\u00e4ngujuht t\u00f5mbab paki pealt \u00fche [&hellip;]<\/p>\n","protected":false},"featured_media":68430,"template":"","meta":{"_monsterinsights_skip_tracking":false,"_monsterinsights_sitenote_active":false,"_monsterinsights_sitenote_note":"","_monsterinsights_sitenote_category":0},"product_brand":[],"product_cat":[55,58],"product_tag":[],"class_list":{"0":"post-49879","1":"product","2":"type-product","3":"status-publish","4":"has-post-thumbnail","6":"product_cat-lauamangud","7":"product_cat-unkategorized","8":"pa_vozrast-ot-5-let-et","10":"first","11":"instock","12":"shipping-taxable","13":"purchasable","14":"product-type-simple"},"yoast_head":"<!-- This site is optimized with the Yoast SEO plugin v25.0 - https:\/\/yoast.com\/wordpress\/plugins\/seo\/ -->\n<title>Arendav m\u00e4ng \u201eKorda minu j\u00e4rgi\u201c \u2013 64 kaarti -<\/title>\n<meta name=\"description\" content=\"Arendav m\u00e4ng \u201eKorda minu j\u00e4rgi\u201c \u2013 64 kaarti - CLEVER KIDS\" \/>\n<meta name=\"robots\" content=\"index, follow, max-snippet:-1, max-image-preview:large, max-video-preview:-1\" \/>\n<link rel=\"canonical\" href=\"https:\/\/cleverkids.ee\/et\/product\/arendav-mang-korda-minu-jargi-64-kaarti\/\" \/>\n<meta property=\"og:locale\" content=\"et_EE\" \/>\n<meta property=\"og:type\" content=\"article\" \/>\n<meta property=\"og:title\" content=\"Arendav m\u00e4ng \u201eKorda minu j\u00e4rgi\u201c \u2013 64 kaarti -\" \/>\n<meta property=\"og:description\" content=\"Arendav m\u00e4ng \u201eKorda minu j\u00e4rgi\u201c \u2013 64 kaarti - CLEVER KIDS\" \/>\n<meta property=\"og:url\" content=\"https:\/\/cleverkids.ee\/et\/product\/arendav-mang-korda-minu-jargi-64-kaarti\/\" \/>\n<meta property=\"og:site_name\" content=\"CLEVER KIDS\" \/>\n<meta property=\"article:publisher\" content=\"https:\/\/www.facebook.com\/cleverkids.ee\/\" \/>\n<meta property=\"article:modified_time\" content=\"2025-08-22T06:00:27+00:00\" \/>\n<meta property=\"og:image\" content=\"https:\/\/cleverkids.ee\/wp-content\/uploads\/2024\/05\/700-3-35-1.jpg\" \/>\n\t<meta property=\"og:image:width\" content=\"700\" \/>\n\t<meta property=\"og:image:height\" content=\"700\" \/>\n\t<meta property=\"og:image:type\" content=\"image\/jpeg\" \/>\n<meta name=\"twitter:card\" content=\"summary_large_image\" \/>\n<meta name=\"twitter:label1\" content=\"Est. reading time\" \/>\n\t<meta name=\"twitter:data1\" content=\"2 minutit\" \/>\n<script type=\"application\/ld+json\" class=\"yoast-schema-graph\">{\"@context\":\"https:\/\/schema.org\",\"@graph\":[{\"@type\":\"WebPage\",\"@id\":\"https:\/\/cleverkids.ee\/et\/product\/arendav-mang-korda-minu-jargi-64-kaarti\/\",\"url\":\"https:\/\/cleverkids.ee\/et\/product\/arendav-mang-korda-minu-jargi-64-kaarti\/\",\"name\":\"Arendav m\u00e4ng \u201eKorda minu j\u00e4rgi\u201c \u2013 64 kaarti -\",\"isPartOf\":{\"@id\":\"https:\/\/cleverkids.ee\/et\/#website\"},\"primaryImageOfPage\":{\"@id\":\"https:\/\/cleverkids.ee\/et\/product\/arendav-mang-korda-minu-jargi-64-kaarti\/#primaryimage\"},\"image\":{\"@id\":\"https:\/\/cleverkids.ee\/et\/product\/arendav-mang-korda-minu-jargi-64-kaarti\/#primaryimage\"},\"thumbnailUrl\":\"https:\/\/cleverkids.ee\/wp-content\/uploads\/2024\/05\/700-3-35-1.jpg\",\"datePublished\":\"2024-04-16T04:23:50+00:00\",\"dateModified\":\"2025-08-22T06:00:27+00:00\",\"description\":\"Arendav m\u00e4ng \u201eKorda minu j\u00e4rgi\u201c \u2013 64 kaarti - CLEVER KIDS\",\"breadcrumb\":{\"@id\":\"https:\/\/cleverkids.ee\/et\/product\/arendav-mang-korda-minu-jargi-64-kaarti\/#breadcrumb\"},\"inLanguage\":\"et\",\"potentialAction\":[{\"@type\":\"ReadAction\",\"target\":[\"https:\/\/cleverkids.ee\/et\/product\/arendav-mang-korda-minu-jargi-64-kaarti\/\"]}]},{\"@type\":\"ImageObject\",\"inLanguage\":\"et\",\"@id\":\"https:\/\/cleverkids.ee\/et\/product\/arendav-mang-korda-minu-jargi-64-kaarti\/#primaryimage\",\"url\":\"https:\/\/cleverkids.ee\/wp-content\/uploads\/2024\/05\/700-3-35-1.jpg\",\"contentUrl\":\"https:\/\/cleverkids.ee\/wp-content\/uploads\/2024\/05\/700-3-35-1.jpg\",\"width\":700,\"height\":700},{\"@type\":\"BreadcrumbList\",\"@id\":\"https:\/\/cleverkids.ee\/et\/product\/arendav-mang-korda-minu-jargi-64-kaarti\/#breadcrumb\",\"itemListElement\":[{\"@type\":\"ListItem\",\"position\":1,\"name\":\"Esileht\",\"item\":\"https:\/\/cleverkids.ee\/et\/\"},{\"@type\":\"ListItem\",\"position\":2,\"name\":\"Tooted\",\"item\":\"https:\/\/cleverkids.ee\/store\/\"},{\"@type\":\"ListItem\",\"position\":3,\"name\":\"Arendav m\u00e4ng \u201eKorda minu j\u00e4rgi\u201c \u2013 64 kaarti\"}]},{\"@type\":\"WebSite\",\"@id\":\"https:\/\/cleverkids.ee\/et\/#website\",\"url\":\"https:\/\/cleverkids.ee\/et\/\",\"name\":\"CLEVER KIDS\",\"description\":\"\",\"publisher\":{\"@id\":\"https:\/\/cleverkids.ee\/et\/#organization\"},\"potentialAction\":[{\"@type\":\"SearchAction\",\"target\":{\"@type\":\"EntryPoint\",\"urlTemplate\":\"https:\/\/cleverkids.ee\/et\/?s={search_term_string}\"},\"query-input\":{\"@type\":\"PropertyValueSpecification\",\"valueRequired\":true,\"valueName\":\"search_term_string\"}}],\"inLanguage\":\"et\"},{\"@type\":\"Organization\",\"@id\":\"https:\/\/cleverkids.ee\/et\/#organization\",\"name\":\"CLEVER KIDS\",\"url\":\"https:\/\/cleverkids.ee\/et\/\",\"logo\":{\"@type\":\"ImageObject\",\"inLanguage\":\"et\",\"@id\":\"https:\/\/cleverkids.ee\/et\/#\/schema\/logo\/image\/\",\"url\":\"https:\/\/cleverkids.ee\/wp-content\/uploads\/2024\/02\/image0-1024x1024.png\",\"contentUrl\":\"https:\/\/cleverkids.ee\/wp-content\/uploads\/2024\/02\/image0-1024x1024.png\",\"width\":1024,\"height\":1024,\"caption\":\"CLEVER KIDS\"},\"image\":{\"@id\":\"https:\/\/cleverkids.ee\/et\/#\/schema\/logo\/image\/\"},\"sameAs\":[\"https:\/\/www.facebook.com\/cleverkids.ee\/\",\"https:\/\/www.instagram.com\/cleverkids_ee\/\"]}]}<\/script>\n<!-- \/ Yoast SEO plugin. -->","yoast_head_json":{"title":"Arendav m\u00e4ng \u201eKorda minu j\u00e4rgi\u201c \u2013 64 kaarti -","description":"Arendav m\u00e4ng \u201eKorda minu j\u00e4rgi\u201c \u2013 64 kaarti - CLEVER KIDS","robots":{"index":"index","follow":"follow","max-snippet":"max-snippet:-1","max-image-preview":"max-image-preview:large","max-video-preview":"max-video-preview:-1"},"canonical":"https:\/\/cleverkids.ee\/et\/product\/arendav-mang-korda-minu-jargi-64-kaarti\/","og_locale":"et_EE","og_type":"article","og_title":"Arendav m\u00e4ng \u201eKorda minu j\u00e4rgi\u201c \u2013 64 kaarti -","og_description":"Arendav m\u00e4ng \u201eKorda minu j\u00e4rgi\u201c \u2013 64 kaarti - CLEVER KIDS","og_url":"https:\/\/cleverkids.ee\/et\/product\/arendav-mang-korda-minu-jargi-64-kaarti\/","og_site_name":"CLEVER KIDS","article_publisher":"https:\/\/www.facebook.com\/cleverkids.ee\/","article_modified_time":"2025-08-22T06:00:27+00:00","og_image":[{"width":700,"height":700,"url":"https:\/\/cleverkids.ee\/wp-content\/uploads\/2024\/05\/700-3-35-1.jpg","type":"image\/jpeg"}],"twitter_card":"summary_large_image","twitter_misc":{"Est. reading time":"2 minutit"},"schema":{"@context":"https:\/\/schema.org","@graph":[{"@type":"WebPage","@id":"https:\/\/cleverkids.ee\/et\/product\/arendav-mang-korda-minu-jargi-64-kaarti\/","url":"https:\/\/cleverkids.ee\/et\/product\/arendav-mang-korda-minu-jargi-64-kaarti\/","name":"Arendav m\u00e4ng \u201eKorda minu j\u00e4rgi\u201c \u2013 64 kaarti -","isPartOf":{"@id":"https:\/\/cleverkids.ee\/et\/#website"},"primaryImageOfPage":{"@id":"https:\/\/cleverkids.ee\/et\/product\/arendav-mang-korda-minu-jargi-64-kaarti\/#primaryimage"},"image":{"@id":"https:\/\/cleverkids.ee\/et\/product\/arendav-mang-korda-minu-jargi-64-kaarti\/#primaryimage"},"thumbnailUrl":"https:\/\/cleverkids.ee\/wp-content\/uploads\/2024\/05\/700-3-35-1.jpg","datePublished":"2024-04-16T04:23:50+00:00","dateModified":"2025-08-22T06:00:27+00:00","description":"Arendav m\u00e4ng \u201eKorda minu j\u00e4rgi\u201c \u2013 64 kaarti - CLEVER KIDS","breadcrumb":{"@id":"https:\/\/cleverkids.ee\/et\/product\/arendav-mang-korda-minu-jargi-64-kaarti\/#breadcrumb"},"inLanguage":"et","potentialAction":[{"@type":"ReadAction","target":["https:\/\/cleverkids.ee\/et\/product\/arendav-mang-korda-minu-jargi-64-kaarti\/"]}]},{"@type":"ImageObject","inLanguage":"et","@id":"https:\/\/cleverkids.ee\/et\/product\/arendav-mang-korda-minu-jargi-64-kaarti\/#primaryimage","url":"https:\/\/cleverkids.ee\/wp-content\/uploads\/2024\/05\/700-3-35-1.jpg","contentUrl":"https:\/\/cleverkids.ee\/wp-content\/uploads\/2024\/05\/700-3-35-1.jpg","width":700,"height":700},{"@type":"BreadcrumbList","@id":"https:\/\/cleverkids.ee\/et\/product\/arendav-mang-korda-minu-jargi-64-kaarti\/#breadcrumb","itemListElement":[{"@type":"ListItem","position":1,"name":"Esileht","item":"https:\/\/cleverkids.ee\/et\/"},{"@type":"ListItem","position":2,"name":"Tooted","item":"https:\/\/cleverkids.ee\/store\/"},{"@type":"ListItem","position":3,"name":"Arendav m\u00e4ng \u201eKorda minu j\u00e4rgi\u201c \u2013 64 kaarti"}]},{"@type":"WebSite","@id":"https:\/\/cleverkids.ee\/et\/#website","url":"https:\/\/cleverkids.ee\/et\/","name":"CLEVER KIDS","description":"","publisher":{"@id":"https:\/\/cleverkids.ee\/et\/#organization"},"potentialAction":[{"@type":"SearchAction","target":{"@type":"EntryPoint","urlTemplate":"https:\/\/cleverkids.ee\/et\/?s={search_term_string}"},"query-input":{"@type":"PropertyValueSpecification","valueRequired":true,"valueName":"search_term_string"}}],"inLanguage":"et"},{"@type":"Organization","@id":"https:\/\/cleverkids.ee\/et\/#organization","name":"CLEVER KIDS","url":"https:\/\/cleverkids.ee\/et\/","logo":{"@type":"ImageObject","inLanguage":"et","@id":"https:\/\/cleverkids.ee\/et\/#\/schema\/logo\/image\/","url":"https:\/\/cleverkids.ee\/wp-content\/uploads\/2024\/02\/image0-1024x1024.png","contentUrl":"https:\/\/cleverkids.ee\/wp-content\/uploads\/2024\/02\/image0-1024x1024.png","width":1024,"height":1024,"caption":"CLEVER KIDS"},"image":{"@id":"https:\/\/cleverkids.ee\/et\/#\/schema\/logo\/image\/"},"sameAs":["https:\/\/www.facebook.com\/cleverkids.ee\/","https:\/\/www.instagram.com\/cleverkids_ee\/"]}]}},"_links":{"self":[{"href":"https:\/\/cleverkids.ee\/et\/wp-json\/wp\/v2\/product\/49879","targetHints":{"allow":["GET"]}}],"collection":[{"href":"https:\/\/cleverkids.ee\/et\/wp-json\/wp\/v2\/product"}],"about":[{"href":"https:\/\/cleverkids.ee\/et\/wp-json\/wp\/v2\/types\/product"}],"wp:featuredmedia":[{"embeddable":true,"href":"https:\/\/cleverkids.ee\/et\/wp-json\/wp\/v2\/media\/68430"}],"wp:attachment":[{"href":"https:\/\/cleverkids.ee\/et\/wp-json\/wp\/v2\/media?parent=49879"}],"wp:term":[{"taxonomy":"product_brand","embeddable":true,"href":"https:\/\/cleverkids.ee\/et\/wp-json\/wp\/v2\/product_brand?post=49879"},{"taxonomy":"product_cat","embeddable":true,"href":"https:\/\/cleverkids.ee\/et\/wp-json\/wp\/v2\/product_cat?post=49879"},{"taxonomy":"product_tag","embeddable":true,"href":"https:\/\/cleverkids.ee\/et\/wp-json\/wp\/v2\/product_tag?post=49879"}],"curies":[{"name":"wp","href":"https:\/\/api.w.org\/{rel}","templated":true}]}}