{"id":49884,"date":"2024-04-16T07:23:50","date_gmt":"2024-04-16T04:23:50","guid":{"rendered":"https:\/\/cleverkids.dev2.sdhost.eu\/product\/%d0%b8%d0%b3%d1%80%d0%b0-%d0%bd%d0%b0-%d1%83%d0%b3%d0%b0%d0%b4%d1%8b%d0%b2%d0%b0%d0%bd%d0%b8%d0%b5-%d1%81%d0%bb%d0%be%d0%b2-%d0%ba%d1%82%d0%be-%d1%8f-%d1%81-%d0%ba%d0%b0%d1%80%d1%82%d0%b8\/"},"modified":"2025-03-29T12:40:19","modified_gmt":"2025-03-29T10:40:19","slug":"sonamang-piltidega-kes-ma-olen-50-kaarti","status":"publish","type":"product","link":"https:\/\/cleverkids.ee\/et\/product\/sonamang-piltidega-kes-ma-olen-50-kaarti\/","title":{"rendered":"S\u00f5nam\u00e4ng piltidega \u201eKes ma olen?\u201c \u2013 50 kaarti"},"content":{"rendered":"<h3 class=\"\" data-start=\"0\" data-end=\"82\"><strong data-start=\"4\" data-end=\"80\">S\u00f5nam\u00e4ng piltidega \u201eKes ma olen?\u201c \u2013 uus versioon v\u00e4ikestele m\u00e4ngijatele!<\/strong><\/h3>\n<p class=\"\" data-start=\"84\" data-end=\"291\">Tutvustame teile <strong data-start=\"101\" data-end=\"154\">uut versiooni populaarsest m\u00e4ngust \u201eKes ma olen?\u201c<\/strong>, kus <strong data-start=\"160\" data-end=\"187\">s\u00f5nade asemel on pildid<\/strong>! T\u00e4nu sellele saavad m\u00e4ngus osaleda ka need lapsed, kes <strong data-start=\"244\" data-end=\"267\">ei oska veel lugeda<\/strong>. K\u00fcsi, arva ja l\u00f5butse!<\/p>\n<hr class=\"\" data-start=\"293\" data-end=\"296\" \/>\n<h3 class=\"\" data-start=\"298\" data-end=\"321\"><strong data-start=\"302\" data-end=\"321\">Kuidas m\u00e4ngida?<\/strong><\/h3>\n<p class=\"\" data-start=\"323\" data-end=\"423\">\ud83c\udfaf <strong data-start=\"326\" data-end=\"338\">Eesm\u00e4rk:<\/strong> \u00e4ra arvata, mis on kujutatud sinu kaardil.<br data-start=\"381\" data-end=\"384\" \/>Selleks aitab sind \u00fclej\u00e4\u00e4nud seltskond!<\/p>\n<p class=\"\" data-start=\"425\" data-end=\"489\">1\ufe0f\u20e3 Esita <strong data-start=\"435\" data-end=\"456\">3 jah\/ei k\u00fcsimust<\/strong> teistele m\u00e4ngijatele. N\u00e4iteks:<\/p>\n<ul data-start=\"490\" data-end=\"563\">\n<li class=\"\" data-start=\"490\" data-end=\"513\">\n<p class=\"\" data-start=\"492\" data-end=\"513\">\u201eKas ma olen loom?\u201c<\/p>\n<\/li>\n<li class=\"\" data-start=\"514\" data-end=\"538\">\n<p class=\"\" data-start=\"516\" data-end=\"538\">\u201eKas ma s\u00f6\u00f6n rohtu?\u201c<\/p>\n<\/li>\n<li class=\"\" data-start=\"539\" data-end=\"563\">\n<p class=\"\" data-start=\"541\" data-end=\"563\">\u201eKas mul on sarved?\u201c<\/p>\n<\/li>\n<\/ul>\n<p class=\"\" data-start=\"565\" data-end=\"804\">2\ufe0f\u20e3 P\u00e4rast sinu k\u00e4iku j\u00e4tkab j\u00e4rgmine m\u00e4ngija.<br data-start=\"611\" data-end=\"614\" \/>3\ufe0f\u20e3 M\u00e4ng k\u00e4ib <strong data-start=\"628\" data-end=\"643\">ringiratast<\/strong>, kuni keegi arvab \u00f5igesti, <strong data-start=\"671\" data-end=\"704\">mis on tema kaardil kujutatud<\/strong>.<br data-start=\"705\" data-end=\"708\" \/>4\ufe0f\u20e3 See m\u00e4ngija saab <strong data-start=\"729\" data-end=\"740\">1. koha<\/strong> ja lahkub m\u00e4ngust. M\u00e4ng j\u00e4tkub, kuni selguvad ka 2. ja 3. koht.<\/p>\n<hr class=\"\" data-start=\"806\" data-end=\"809\" \/>\n<h3 class=\"\" data-start=\"811\" data-end=\"832\"><strong data-start=\"815\" data-end=\"830\">Komplektis:<\/strong><\/h3>\n<p class=\"\" data-start=\"833\" data-end=\"873\">\ud83c\udccf 50 kaarti piltidega<br data-start=\"855\" data-end=\"858\" \/>\ud83d\udcd8 m\u00e4ngureeglid<\/p>\n<p class=\"\" data-start=\"875\" data-end=\"997\">\ud83c\udf89 Ideaalne seltskondlik m\u00e4ng lastele alates 4. eluaastast \u2014 arendab k\u00f5neoskust, loogikat ja t\u00e4helepanu m\u00e4ngulisel viisil!<\/p>\n","protected":false},"excerpt":{"rendered":"<p>S\u00f5nam\u00e4ng piltidega \u201eKes ma olen?\u201c \u2013 uus versioon v\u00e4ikestele m\u00e4ngijatele! Tutvustame teile uut versiooni populaarsest m\u00e4ngust \u201eKes ma olen?\u201c, kus s\u00f5nade asemel on pildid! T\u00e4nu sellele saavad m\u00e4ngus osaleda ka need lapsed, kes ei oska veel lugeda. K\u00fcsi, arva ja l\u00f5butse! Kuidas m\u00e4ngida? \ud83c\udfaf Eesm\u00e4rk: \u00e4ra arvata, mis on kujutatud sinu kaardil.Selleks aitab sind \u00fclej\u00e4\u00e4nud [&hellip;]<\/p>\n","protected":false},"featured_media":68415,"template":"","meta":{"_monsterinsights_skip_tracking":false,"_monsterinsights_sitenote_active":false,"_monsterinsights_sitenote_note":"","_monsterinsights_sitenote_category":0},"product_brand":[],"product_cat":[55,56,58],"product_tag":[],"class_list":{"0":"post-49884","1":"product","2":"type-product","3":"status-publish","4":"has-post-thumbnail","6":"product_cat-lauamangud","7":"product_cat-kone-areng","8":"product_cat-unkategorized","9":"pa_vozrast-ot-5-let-et","11":"first","12":"instock","13":"shipping-taxable","14":"purchasable","15":"product-type-simple"},"yoast_head":"<!-- This site is optimized with the Yoast SEO plugin v25.0 - https:\/\/yoast.com\/wordpress\/plugins\/seo\/ -->\n<title>S\u00f5nam\u00e4ng piltidega \u201eKes ma olen?\u201c \u2013 50 kaarti -<\/title>\n<meta name=\"description\" content=\"S\u00f5nam\u00e4ng piltidega \u201eKes ma olen?\u201c \u2013 50 kaarti - CLEVER KIDS\" \/>\n<meta name=\"robots\" content=\"index, follow, max-snippet:-1, max-image-preview:large, max-video-preview:-1\" \/>\n<link rel=\"canonical\" href=\"https:\/\/cleverkids.ee\/et\/product\/sonamang-piltidega-kes-ma-olen-50-kaarti\/\" \/>\n<meta property=\"og:locale\" content=\"et_EE\" \/>\n<meta property=\"og:type\" content=\"article\" \/>\n<meta property=\"og:title\" content=\"S\u00f5nam\u00e4ng piltidega \u201eKes ma olen?\u201c \u2013 50 kaarti -\" \/>\n<meta property=\"og:description\" content=\"S\u00f5nam\u00e4ng piltidega \u201eKes ma olen?\u201c \u2013 50 kaarti - CLEVER KIDS\" \/>\n<meta property=\"og:url\" content=\"https:\/\/cleverkids.ee\/et\/product\/sonamang-piltidega-kes-ma-olen-50-kaarti\/\" \/>\n<meta property=\"og:site_name\" content=\"CLEVER KIDS\" \/>\n<meta property=\"article:publisher\" content=\"https:\/\/www.facebook.com\/cleverkids.ee\/\" \/>\n<meta property=\"article:modified_time\" content=\"2025-03-29T10:40:19+00:00\" \/>\n<meta property=\"og:image\" content=\"https:\/\/cleverkids.ee\/wp-content\/uploads\/2024\/05\/700-45-1.jpg\" \/>\n\t<meta property=\"og:image:width\" content=\"700\" \/>\n\t<meta property=\"og:image:height\" content=\"700\" \/>\n\t<meta property=\"og:image:type\" content=\"image\/jpeg\" \/>\n<meta name=\"twitter:card\" content=\"summary_large_image\" \/>\n<meta name=\"twitter:label1\" content=\"Est. reading time\" \/>\n\t<meta name=\"twitter:data1\" content=\"1 minut\" \/>\n<script type=\"application\/ld+json\" class=\"yoast-schema-graph\">{\"@context\":\"https:\/\/schema.org\",\"@graph\":[{\"@type\":\"WebPage\",\"@id\":\"https:\/\/cleverkids.ee\/et\/product\/sonamang-piltidega-kes-ma-olen-50-kaarti\/\",\"url\":\"https:\/\/cleverkids.ee\/et\/product\/sonamang-piltidega-kes-ma-olen-50-kaarti\/\",\"name\":\"S\u00f5nam\u00e4ng piltidega \u201eKes ma olen?\u201c \u2013 50 kaarti -\",\"isPartOf\":{\"@id\":\"https:\/\/cleverkids.ee\/et\/#website\"},\"primaryImageOfPage\":{\"@id\":\"https:\/\/cleverkids.ee\/et\/product\/sonamang-piltidega-kes-ma-olen-50-kaarti\/#primaryimage\"},\"image\":{\"@id\":\"https:\/\/cleverkids.ee\/et\/product\/sonamang-piltidega-kes-ma-olen-50-kaarti\/#primaryimage\"},\"thumbnailUrl\":\"https:\/\/cleverkids.ee\/wp-content\/uploads\/2024\/05\/700-45-1.jpg\",\"datePublished\":\"2024-04-16T04:23:50+00:00\",\"dateModified\":\"2025-03-29T10:40:19+00:00\",\"description\":\"S\u00f5nam\u00e4ng piltidega \u201eKes ma olen?\u201c \u2013 50 kaarti - CLEVER KIDS\",\"breadcrumb\":{\"@id\":\"https:\/\/cleverkids.ee\/et\/product\/sonamang-piltidega-kes-ma-olen-50-kaarti\/#breadcrumb\"},\"inLanguage\":\"et\",\"potentialAction\":[{\"@type\":\"ReadAction\",\"target\":[\"https:\/\/cleverkids.ee\/et\/product\/sonamang-piltidega-kes-ma-olen-50-kaarti\/\"]}]},{\"@type\":\"ImageObject\",\"inLanguage\":\"et\",\"@id\":\"https:\/\/cleverkids.ee\/et\/product\/sonamang-piltidega-kes-ma-olen-50-kaarti\/#primaryimage\",\"url\":\"https:\/\/cleverkids.ee\/wp-content\/uploads\/2024\/05\/700-45-1.jpg\",\"contentUrl\":\"https:\/\/cleverkids.ee\/wp-content\/uploads\/2024\/05\/700-45-1.jpg\",\"width\":700,\"height\":700},{\"@type\":\"BreadcrumbList\",\"@id\":\"https:\/\/cleverkids.ee\/et\/product\/sonamang-piltidega-kes-ma-olen-50-kaarti\/#breadcrumb\",\"itemListElement\":[{\"@type\":\"ListItem\",\"position\":1,\"name\":\"Esileht\",\"item\":\"https:\/\/cleverkids.ee\/et\/\"},{\"@type\":\"ListItem\",\"position\":2,\"name\":\"Tooted\",\"item\":\"https:\/\/cleverkids.ee\/store\/\"},{\"@type\":\"ListItem\",\"position\":3,\"name\":\"S\u00f5nam\u00e4ng piltidega \u201eKes ma olen?\u201c \u2013 50 kaarti\"}]},{\"@type\":\"WebSite\",\"@id\":\"https:\/\/cleverkids.ee\/et\/#website\",\"url\":\"https:\/\/cleverkids.ee\/et\/\",\"name\":\"CLEVER KIDS\",\"description\":\"\",\"publisher\":{\"@id\":\"https:\/\/cleverkids.ee\/et\/#organization\"},\"potentialAction\":[{\"@type\":\"SearchAction\",\"target\":{\"@type\":\"EntryPoint\",\"urlTemplate\":\"https:\/\/cleverkids.ee\/et\/?s={search_term_string}\"},\"query-input\":{\"@type\":\"PropertyValueSpecification\",\"valueRequired\":true,\"valueName\":\"search_term_string\"}}],\"inLanguage\":\"et\"},{\"@type\":\"Organization\",\"@id\":\"https:\/\/cleverkids.ee\/et\/#organization\",\"name\":\"CLEVER KIDS\",\"url\":\"https:\/\/cleverkids.ee\/et\/\",\"logo\":{\"@type\":\"ImageObject\",\"inLanguage\":\"et\",\"@id\":\"https:\/\/cleverkids.ee\/et\/#\/schema\/logo\/image\/\",\"url\":\"https:\/\/cleverkids.ee\/wp-content\/uploads\/2024\/02\/image0-1024x1024.png\",\"contentUrl\":\"https:\/\/cleverkids.ee\/wp-content\/uploads\/2024\/02\/image0-1024x1024.png\",\"width\":1024,\"height\":1024,\"caption\":\"CLEVER KIDS\"},\"image\":{\"@id\":\"https:\/\/cleverkids.ee\/et\/#\/schema\/logo\/image\/\"},\"sameAs\":[\"https:\/\/www.facebook.com\/cleverkids.ee\/\",\"https:\/\/www.instagram.com\/cleverkids_ee\/\"]}]}<\/script>\n<!-- \/ Yoast SEO plugin. -->","yoast_head_json":{"title":"S\u00f5nam\u00e4ng piltidega \u201eKes ma olen?\u201c \u2013 50 kaarti -","description":"S\u00f5nam\u00e4ng piltidega \u201eKes ma olen?\u201c \u2013 50 kaarti - CLEVER KIDS","robots":{"index":"index","follow":"follow","max-snippet":"max-snippet:-1","max-image-preview":"max-image-preview:large","max-video-preview":"max-video-preview:-1"},"canonical":"https:\/\/cleverkids.ee\/et\/product\/sonamang-piltidega-kes-ma-olen-50-kaarti\/","og_locale":"et_EE","og_type":"article","og_title":"S\u00f5nam\u00e4ng piltidega \u201eKes ma olen?\u201c \u2013 50 kaarti -","og_description":"S\u00f5nam\u00e4ng piltidega \u201eKes ma olen?\u201c \u2013 50 kaarti - CLEVER KIDS","og_url":"https:\/\/cleverkids.ee\/et\/product\/sonamang-piltidega-kes-ma-olen-50-kaarti\/","og_site_name":"CLEVER KIDS","article_publisher":"https:\/\/www.facebook.com\/cleverkids.ee\/","article_modified_time":"2025-03-29T10:40:19+00:00","og_image":[{"width":700,"height":700,"url":"https:\/\/cleverkids.ee\/wp-content\/uploads\/2024\/05\/700-45-1.jpg","type":"image\/jpeg"}],"twitter_card":"summary_large_image","twitter_misc":{"Est. reading time":"1 minut"},"schema":{"@context":"https:\/\/schema.org","@graph":[{"@type":"WebPage","@id":"https:\/\/cleverkids.ee\/et\/product\/sonamang-piltidega-kes-ma-olen-50-kaarti\/","url":"https:\/\/cleverkids.ee\/et\/product\/sonamang-piltidega-kes-ma-olen-50-kaarti\/","name":"S\u00f5nam\u00e4ng piltidega \u201eKes ma olen?\u201c \u2013 50 kaarti -","isPartOf":{"@id":"https:\/\/cleverkids.ee\/et\/#website"},"primaryImageOfPage":{"@id":"https:\/\/cleverkids.ee\/et\/product\/sonamang-piltidega-kes-ma-olen-50-kaarti\/#primaryimage"},"image":{"@id":"https:\/\/cleverkids.ee\/et\/product\/sonamang-piltidega-kes-ma-olen-50-kaarti\/#primaryimage"},"thumbnailUrl":"https:\/\/cleverkids.ee\/wp-content\/uploads\/2024\/05\/700-45-1.jpg","datePublished":"2024-04-16T04:23:50+00:00","dateModified":"2025-03-29T10:40:19+00:00","description":"S\u00f5nam\u00e4ng piltidega \u201eKes ma olen?\u201c \u2013 50 kaarti - CLEVER KIDS","breadcrumb":{"@id":"https:\/\/cleverkids.ee\/et\/product\/sonamang-piltidega-kes-ma-olen-50-kaarti\/#breadcrumb"},"inLanguage":"et","potentialAction":[{"@type":"ReadAction","target":["https:\/\/cleverkids.ee\/et\/product\/sonamang-piltidega-kes-ma-olen-50-kaarti\/"]}]},{"@type":"ImageObject","inLanguage":"et","@id":"https:\/\/cleverkids.ee\/et\/product\/sonamang-piltidega-kes-ma-olen-50-kaarti\/#primaryimage","url":"https:\/\/cleverkids.ee\/wp-content\/uploads\/2024\/05\/700-45-1.jpg","contentUrl":"https:\/\/cleverkids.ee\/wp-content\/uploads\/2024\/05\/700-45-1.jpg","width":700,"height":700},{"@type":"BreadcrumbList","@id":"https:\/\/cleverkids.ee\/et\/product\/sonamang-piltidega-kes-ma-olen-50-kaarti\/#breadcrumb","itemListElement":[{"@type":"ListItem","position":1,"name":"Esileht","item":"https:\/\/cleverkids.ee\/et\/"},{"@type":"ListItem","position":2,"name":"Tooted","item":"https:\/\/cleverkids.ee\/store\/"},{"@type":"ListItem","position":3,"name":"S\u00f5nam\u00e4ng piltidega \u201eKes ma olen?\u201c \u2013 50 kaarti"}]},{"@type":"WebSite","@id":"https:\/\/cleverkids.ee\/et\/#website","url":"https:\/\/cleverkids.ee\/et\/","name":"CLEVER KIDS","description":"","publisher":{"@id":"https:\/\/cleverkids.ee\/et\/#organization"},"potentialAction":[{"@type":"SearchAction","target":{"@type":"EntryPoint","urlTemplate":"https:\/\/cleverkids.ee\/et\/?s={search_term_string}"},"query-input":{"@type":"PropertyValueSpecification","valueRequired":true,"valueName":"search_term_string"}}],"inLanguage":"et"},{"@type":"Organization","@id":"https:\/\/cleverkids.ee\/et\/#organization","name":"CLEVER KIDS","url":"https:\/\/cleverkids.ee\/et\/","logo":{"@type":"ImageObject","inLanguage":"et","@id":"https:\/\/cleverkids.ee\/et\/#\/schema\/logo\/image\/","url":"https:\/\/cleverkids.ee\/wp-content\/uploads\/2024\/02\/image0-1024x1024.png","contentUrl":"https:\/\/cleverkids.ee\/wp-content\/uploads\/2024\/02\/image0-1024x1024.png","width":1024,"height":1024,"caption":"CLEVER KIDS"},"image":{"@id":"https:\/\/cleverkids.ee\/et\/#\/schema\/logo\/image\/"},"sameAs":["https:\/\/www.facebook.com\/cleverkids.ee\/","https:\/\/www.instagram.com\/cleverkids_ee\/"]}]}},"_links":{"self":[{"href":"https:\/\/cleverkids.ee\/et\/wp-json\/wp\/v2\/product\/49884","targetHints":{"allow":["GET"]}}],"collection":[{"href":"https:\/\/cleverkids.ee\/et\/wp-json\/wp\/v2\/product"}],"about":[{"href":"https:\/\/cleverkids.ee\/et\/wp-json\/wp\/v2\/types\/product"}],"wp:featuredmedia":[{"embeddable":true,"href":"https:\/\/cleverkids.ee\/et\/wp-json\/wp\/v2\/media\/68415"}],"wp:attachment":[{"href":"https:\/\/cleverkids.ee\/et\/wp-json\/wp\/v2\/media?parent=49884"}],"wp:term":[{"taxonomy":"product_brand","embeddable":true,"href":"https:\/\/cleverkids.ee\/et\/wp-json\/wp\/v2\/product_brand?post=49884"},{"taxonomy":"product_cat","embeddable":true,"href":"https:\/\/cleverkids.ee\/et\/wp-json\/wp\/v2\/product_cat?post=49884"},{"taxonomy":"product_tag","embeddable":true,"href":"https:\/\/cleverkids.ee\/et\/wp-json\/wp\/v2\/product_tag?post=49884"}],"curies":[{"name":"wp","href":"https:\/\/api.w.org\/{rel}","templated":true}]}}