{"id":49937,"date":"2024-04-16T07:23:50","date_gmt":"2024-04-16T04:23:50","guid":{"rendered":"https:\/\/cleverkids.dev2.sdhost.eu\/product\/%d0%b4%d0%b5%d1%80%d0%b5%d0%b2%d1%8f%d0%bd%d0%bd%d1%8b%d0%b9-%d0%bd%d0%b0%d0%b1%d0%be%d1%80-2-%d0%b2-1-%d1%80%d1%8b%d0%b1%d0%b0%d0%bb%d0%ba%d0%b0-%d1%81%d0%be%d1%80%d1%82%d0%b5%d1%80\/"},"modified":"2024-06-23T17:59:25","modified_gmt":"2024-06-23T14:59:25","slug":"derevyannyj-nabor-2-v-1-rybalka-sorter","status":"publish","type":"product","link":"https:\/\/cleverkids.ee\/et\/product\/derevyannyj-nabor-2-v-1-rybalka-sorter\/","title":{"rendered":"Puidust komplekt 2in1 &#8220;Kalap\u00fc\u00fck \u2013 Sorter&#8221;"},"content":{"rendered":"<p>Puidust arendav komplekt 2-\u00fches: sorteerija erinevate kujundite ja v\u00e4rvidega ning magnetiline kalap\u00fc\u00fck \u2013 suurep\u00e4rane m\u00e4ng teie lapsele Montessori metoodika j\u00e4rgi!<\/p>\n<p>Sorter \u00f5petab teie lapsele p\u00f5hilisi geomeetrilisi kujundeid ja v\u00e4rve. M\u00e4ngu peamine eesm\u00e4rk on paigutada k\u00f5ik kujundid tahvlile, l\u00e4htudes iga detaili keskel olevate aukude arvust. M\u00e4ng ise &#8220;kontrollib&#8221; \u00fclesande t\u00e4itmise \u00f5igsust, sest kujundeid on valesti paigutada v\u00f5imatu. Samas j\u00e4\u00e4b ruumi loovusele: detaile saab paigutada suvalises j\u00e4rjekorras vastavalt lapse soovile. M\u00e4nguasjad aitavad arendada lapse kujutlusv\u00f5imet ja loomingulisi v\u00f5imeid. Magnetiline kalap\u00fc\u00fck arendab peenmotoorikat ja osavust! K\u00f5ik esemed on valmistatud kaut\u0161ukipuust, kasutades mittetoksilisi v\u00e4rve, ning spetsiaalselt \u00fcmardatud servadega, et v\u00e4ltida vigastuste ohtu.<\/p>\n","protected":false},"excerpt":{"rendered":"<p>Puidust arendav komplekt 2-\u00fches: sorteerija erinevate kujundite ja v\u00e4rvidega ning magnetiline kalap\u00fc\u00fck \u2013 suurep\u00e4rane m\u00e4ng teie lapsele Montessori metoodika j\u00e4rgi! Sorter \u00f5petab teie lapsele p\u00f5hilisi geomeetrilisi kujundeid ja v\u00e4rve. M\u00e4ngu peamine eesm\u00e4rk on paigutada k\u00f5ik kujundid tahvlile, l\u00e4htudes iga detaili keskel olevate aukude arvust. M\u00e4ng ise &#8220;kontrollib&#8221; \u00fclesande t\u00e4itmise \u00f5igsust, sest kujundeid on valesti paigutada [&hellip;]<\/p>\n","protected":false},"featured_media":68406,"template":"","meta":{"_monsterinsights_skip_tracking":false,"_monsterinsights_sitenote_active":false,"_monsterinsights_sitenote_note":"","_monsterinsights_sitenote_category":0},"product_brand":[],"product_cat":[49,58],"product_tag":[],"class_list":{"0":"post-49937","1":"product","2":"type-product","3":"status-publish","4":"has-post-thumbnail","6":"product_cat-puidust-arendavad-manguasjad","7":"product_cat-unkategorized","8":"pa_vozrast-ot-polutora-do-treh-let-et","10":"first","11":"instock","12":"shipping-taxable","13":"purchasable","14":"product-type-simple"},"yoast_head":"<!-- This site is optimized with the Yoast SEO plugin v25.0 - https:\/\/yoast.com\/wordpress\/plugins\/seo\/ -->\n<title>Puidust komplekt 2in1 &quot;Kalap\u00fc\u00fck \u2013 Sorter&quot; -<\/title>\n<meta name=\"description\" content=\"Puidust komplekt 2in1 &quot;Kalap\u00fc\u00fck \u2013 Sorter&quot; - CLEVER KIDS\" \/>\n<meta name=\"robots\" content=\"index, follow, max-snippet:-1, max-image-preview:large, max-video-preview:-1\" \/>\n<link rel=\"canonical\" href=\"https:\/\/cleverkids.ee\/et\/product\/derevyannyj-nabor-2-v-1-rybalka-sorter\/\" \/>\n<meta property=\"og:locale\" content=\"et_EE\" \/>\n<meta property=\"og:type\" content=\"article\" \/>\n<meta property=\"og:title\" content=\"Puidust komplekt 2in1 &quot;Kalap\u00fc\u00fck \u2013 Sorter&quot; -\" \/>\n<meta property=\"og:description\" content=\"Puidust komplekt 2in1 &quot;Kalap\u00fc\u00fck \u2013 Sorter&quot; - CLEVER KIDS\" \/>\n<meta property=\"og:url\" content=\"https:\/\/cleverkids.ee\/et\/product\/derevyannyj-nabor-2-v-1-rybalka-sorter\/\" \/>\n<meta property=\"og:site_name\" content=\"CLEVER KIDS\" \/>\n<meta property=\"article:publisher\" content=\"https:\/\/www.facebook.com\/cleverkids.ee\/\" \/>\n<meta property=\"article:modified_time\" content=\"2024-06-23T14:59:25+00:00\" \/>\n<meta property=\"og:image\" content=\"https:\/\/cleverkids.ee\/wp-content\/uploads\/2024\/05\/H86b6a16f3256406b95939bbf28817a5eG_960x960-1.jpg\" \/>\n\t<meta property=\"og:image:width\" content=\"800\" \/>\n\t<meta property=\"og:image:height\" content=\"800\" \/>\n\t<meta property=\"og:image:type\" content=\"image\/jpeg\" \/>\n<meta name=\"twitter:card\" content=\"summary_large_image\" \/>\n<meta name=\"twitter:label1\" content=\"Est. reading time\" \/>\n\t<meta name=\"twitter:data1\" content=\"1 minut\" \/>\n<script type=\"application\/ld+json\" class=\"yoast-schema-graph\">{\"@context\":\"https:\/\/schema.org\",\"@graph\":[{\"@type\":\"WebPage\",\"@id\":\"https:\/\/cleverkids.ee\/et\/product\/derevyannyj-nabor-2-v-1-rybalka-sorter\/\",\"url\":\"https:\/\/cleverkids.ee\/et\/product\/derevyannyj-nabor-2-v-1-rybalka-sorter\/\",\"name\":\"Puidust komplekt 2in1 \\\"Kalap\u00fc\u00fck \u2013 Sorter\\\" -\",\"isPartOf\":{\"@id\":\"https:\/\/cleverkids.ee\/et\/#website\"},\"primaryImageOfPage\":{\"@id\":\"https:\/\/cleverkids.ee\/et\/product\/derevyannyj-nabor-2-v-1-rybalka-sorter\/#primaryimage\"},\"image\":{\"@id\":\"https:\/\/cleverkids.ee\/et\/product\/derevyannyj-nabor-2-v-1-rybalka-sorter\/#primaryimage\"},\"thumbnailUrl\":\"https:\/\/cleverkids.ee\/wp-content\/uploads\/2024\/05\/H86b6a16f3256406b95939bbf28817a5eG_960x960-1.jpg\",\"datePublished\":\"2024-04-16T04:23:50+00:00\",\"dateModified\":\"2024-06-23T14:59:25+00:00\",\"description\":\"Puidust komplekt 2in1 \\\"Kalap\u00fc\u00fck \u2013 Sorter\\\" - CLEVER KIDS\",\"breadcrumb\":{\"@id\":\"https:\/\/cleverkids.ee\/et\/product\/derevyannyj-nabor-2-v-1-rybalka-sorter\/#breadcrumb\"},\"inLanguage\":\"et\",\"potentialAction\":[{\"@type\":\"ReadAction\",\"target\":[\"https:\/\/cleverkids.ee\/et\/product\/derevyannyj-nabor-2-v-1-rybalka-sorter\/\"]}]},{\"@type\":\"ImageObject\",\"inLanguage\":\"et\",\"@id\":\"https:\/\/cleverkids.ee\/et\/product\/derevyannyj-nabor-2-v-1-rybalka-sorter\/#primaryimage\",\"url\":\"https:\/\/cleverkids.ee\/wp-content\/uploads\/2024\/05\/H86b6a16f3256406b95939bbf28817a5eG_960x960-1.jpg\",\"contentUrl\":\"https:\/\/cleverkids.ee\/wp-content\/uploads\/2024\/05\/H86b6a16f3256406b95939bbf28817a5eG_960x960-1.jpg\",\"width\":800,\"height\":800},{\"@type\":\"BreadcrumbList\",\"@id\":\"https:\/\/cleverkids.ee\/et\/product\/derevyannyj-nabor-2-v-1-rybalka-sorter\/#breadcrumb\",\"itemListElement\":[{\"@type\":\"ListItem\",\"position\":1,\"name\":\"Esileht\",\"item\":\"https:\/\/cleverkids.ee\/et\/\"},{\"@type\":\"ListItem\",\"position\":2,\"name\":\"Tooted\",\"item\":\"https:\/\/cleverkids.ee\/store\/\"},{\"@type\":\"ListItem\",\"position\":3,\"name\":\"Puidust komplekt 2in1 &#171;Kalap\u00fc\u00fck \u2013 Sorter&#187;\"}]},{\"@type\":\"WebSite\",\"@id\":\"https:\/\/cleverkids.ee\/et\/#website\",\"url\":\"https:\/\/cleverkids.ee\/et\/\",\"name\":\"CLEVER KIDS\",\"description\":\"\",\"publisher\":{\"@id\":\"https:\/\/cleverkids.ee\/et\/#organization\"},\"potentialAction\":[{\"@type\":\"SearchAction\",\"target\":{\"@type\":\"EntryPoint\",\"urlTemplate\":\"https:\/\/cleverkids.ee\/et\/?s={search_term_string}\"},\"query-input\":{\"@type\":\"PropertyValueSpecification\",\"valueRequired\":true,\"valueName\":\"search_term_string\"}}],\"inLanguage\":\"et\"},{\"@type\":\"Organization\",\"@id\":\"https:\/\/cleverkids.ee\/et\/#organization\",\"name\":\"CLEVER KIDS\",\"url\":\"https:\/\/cleverkids.ee\/et\/\",\"logo\":{\"@type\":\"ImageObject\",\"inLanguage\":\"et\",\"@id\":\"https:\/\/cleverkids.ee\/et\/#\/schema\/logo\/image\/\",\"url\":\"https:\/\/cleverkids.ee\/wp-content\/uploads\/2024\/02\/image0-1024x1024.png\",\"contentUrl\":\"https:\/\/cleverkids.ee\/wp-content\/uploads\/2024\/02\/image0-1024x1024.png\",\"width\":1024,\"height\":1024,\"caption\":\"CLEVER KIDS\"},\"image\":{\"@id\":\"https:\/\/cleverkids.ee\/et\/#\/schema\/logo\/image\/\"},\"sameAs\":[\"https:\/\/www.facebook.com\/cleverkids.ee\/\",\"https:\/\/www.instagram.com\/cleverkids_ee\/\"]}]}<\/script>\n<!-- \/ Yoast SEO plugin. -->","yoast_head_json":{"title":"Puidust komplekt 2in1 \"Kalap\u00fc\u00fck \u2013 Sorter\" -","description":"Puidust komplekt 2in1 \"Kalap\u00fc\u00fck \u2013 Sorter\" - CLEVER KIDS","robots":{"index":"index","follow":"follow","max-snippet":"max-snippet:-1","max-image-preview":"max-image-preview:large","max-video-preview":"max-video-preview:-1"},"canonical":"https:\/\/cleverkids.ee\/et\/product\/derevyannyj-nabor-2-v-1-rybalka-sorter\/","og_locale":"et_EE","og_type":"article","og_title":"Puidust komplekt 2in1 \"Kalap\u00fc\u00fck \u2013 Sorter\" -","og_description":"Puidust komplekt 2in1 \"Kalap\u00fc\u00fck \u2013 Sorter\" - CLEVER KIDS","og_url":"https:\/\/cleverkids.ee\/et\/product\/derevyannyj-nabor-2-v-1-rybalka-sorter\/","og_site_name":"CLEVER KIDS","article_publisher":"https:\/\/www.facebook.com\/cleverkids.ee\/","article_modified_time":"2024-06-23T14:59:25+00:00","og_image":[{"width":800,"height":800,"url":"https:\/\/cleverkids.ee\/wp-content\/uploads\/2024\/05\/H86b6a16f3256406b95939bbf28817a5eG_960x960-1.jpg","type":"image\/jpeg"}],"twitter_card":"summary_large_image","twitter_misc":{"Est. reading time":"1 minut"},"schema":{"@context":"https:\/\/schema.org","@graph":[{"@type":"WebPage","@id":"https:\/\/cleverkids.ee\/et\/product\/derevyannyj-nabor-2-v-1-rybalka-sorter\/","url":"https:\/\/cleverkids.ee\/et\/product\/derevyannyj-nabor-2-v-1-rybalka-sorter\/","name":"Puidust komplekt 2in1 \"Kalap\u00fc\u00fck \u2013 Sorter\" -","isPartOf":{"@id":"https:\/\/cleverkids.ee\/et\/#website"},"primaryImageOfPage":{"@id":"https:\/\/cleverkids.ee\/et\/product\/derevyannyj-nabor-2-v-1-rybalka-sorter\/#primaryimage"},"image":{"@id":"https:\/\/cleverkids.ee\/et\/product\/derevyannyj-nabor-2-v-1-rybalka-sorter\/#primaryimage"},"thumbnailUrl":"https:\/\/cleverkids.ee\/wp-content\/uploads\/2024\/05\/H86b6a16f3256406b95939bbf28817a5eG_960x960-1.jpg","datePublished":"2024-04-16T04:23:50+00:00","dateModified":"2024-06-23T14:59:25+00:00","description":"Puidust komplekt 2in1 \"Kalap\u00fc\u00fck \u2013 Sorter\" - CLEVER KIDS","breadcrumb":{"@id":"https:\/\/cleverkids.ee\/et\/product\/derevyannyj-nabor-2-v-1-rybalka-sorter\/#breadcrumb"},"inLanguage":"et","potentialAction":[{"@type":"ReadAction","target":["https:\/\/cleverkids.ee\/et\/product\/derevyannyj-nabor-2-v-1-rybalka-sorter\/"]}]},{"@type":"ImageObject","inLanguage":"et","@id":"https:\/\/cleverkids.ee\/et\/product\/derevyannyj-nabor-2-v-1-rybalka-sorter\/#primaryimage","url":"https:\/\/cleverkids.ee\/wp-content\/uploads\/2024\/05\/H86b6a16f3256406b95939bbf28817a5eG_960x960-1.jpg","contentUrl":"https:\/\/cleverkids.ee\/wp-content\/uploads\/2024\/05\/H86b6a16f3256406b95939bbf28817a5eG_960x960-1.jpg","width":800,"height":800},{"@type":"BreadcrumbList","@id":"https:\/\/cleverkids.ee\/et\/product\/derevyannyj-nabor-2-v-1-rybalka-sorter\/#breadcrumb","itemListElement":[{"@type":"ListItem","position":1,"name":"Esileht","item":"https:\/\/cleverkids.ee\/et\/"},{"@type":"ListItem","position":2,"name":"Tooted","item":"https:\/\/cleverkids.ee\/store\/"},{"@type":"ListItem","position":3,"name":"Puidust komplekt 2in1 &#171;Kalap\u00fc\u00fck \u2013 Sorter&#187;"}]},{"@type":"WebSite","@id":"https:\/\/cleverkids.ee\/et\/#website","url":"https:\/\/cleverkids.ee\/et\/","name":"CLEVER KIDS","description":"","publisher":{"@id":"https:\/\/cleverkids.ee\/et\/#organization"},"potentialAction":[{"@type":"SearchAction","target":{"@type":"EntryPoint","urlTemplate":"https:\/\/cleverkids.ee\/et\/?s={search_term_string}"},"query-input":{"@type":"PropertyValueSpecification","valueRequired":true,"valueName":"search_term_string"}}],"inLanguage":"et"},{"@type":"Organization","@id":"https:\/\/cleverkids.ee\/et\/#organization","name":"CLEVER KIDS","url":"https:\/\/cleverkids.ee\/et\/","logo":{"@type":"ImageObject","inLanguage":"et","@id":"https:\/\/cleverkids.ee\/et\/#\/schema\/logo\/image\/","url":"https:\/\/cleverkids.ee\/wp-content\/uploads\/2024\/02\/image0-1024x1024.png","contentUrl":"https:\/\/cleverkids.ee\/wp-content\/uploads\/2024\/02\/image0-1024x1024.png","width":1024,"height":1024,"caption":"CLEVER KIDS"},"image":{"@id":"https:\/\/cleverkids.ee\/et\/#\/schema\/logo\/image\/"},"sameAs":["https:\/\/www.facebook.com\/cleverkids.ee\/","https:\/\/www.instagram.com\/cleverkids_ee\/"]}]}},"_links":{"self":[{"href":"https:\/\/cleverkids.ee\/et\/wp-json\/wp\/v2\/product\/49937","targetHints":{"allow":["GET"]}}],"collection":[{"href":"https:\/\/cleverkids.ee\/et\/wp-json\/wp\/v2\/product"}],"about":[{"href":"https:\/\/cleverkids.ee\/et\/wp-json\/wp\/v2\/types\/product"}],"wp:featuredmedia":[{"embeddable":true,"href":"https:\/\/cleverkids.ee\/et\/wp-json\/wp\/v2\/media\/68406"}],"wp:attachment":[{"href":"https:\/\/cleverkids.ee\/et\/wp-json\/wp\/v2\/media?parent=49937"}],"wp:term":[{"taxonomy":"product_brand","embeddable":true,"href":"https:\/\/cleverkids.ee\/et\/wp-json\/wp\/v2\/product_brand?post=49937"},{"taxonomy":"product_cat","embeddable":true,"href":"https:\/\/cleverkids.ee\/et\/wp-json\/wp\/v2\/product_cat?post=49937"},{"taxonomy":"product_tag","embeddable":true,"href":"https:\/\/cleverkids.ee\/et\/wp-json\/wp\/v2\/product_tag?post=49937"}],"curies":[{"name":"wp","href":"https:\/\/api.w.org\/{rel}","templated":true}]}}