{"id":49960,"date":"2024-04-16T07:23:50","date_gmt":"2024-04-16T04:23:50","guid":{"rendered":"https:\/\/cleverkids.dev2.sdhost.eu\/product\/%d0%b4%d0%b5%d1%80%d0%b5%d0%b2%d1%8f%d0%bd%d0%bd%d0%b0%d1%8f-%d0%bc%d0%be%d0%b7%d0%b0%d0%b8%d0%ba%d0%b0-%d0%b2%d0%be%d0%bb%d1%88%d0%b5%d0%b1%d0%bd%d1%8b%d0%b5-%d1%88%d0%b0%d1%80%d0%b8%d0%ba%d0%b8\/"},"modified":"2025-11-23T09:49:57","modified_gmt":"2025-11-23T07:49:57","slug":"derevyannaya-mozaika-volshebnye-shariki","status":"publish","type":"product","link":"https:\/\/cleverkids.ee\/et\/product\/derevyannaya-mozaika-volshebnye-shariki\/","title":{"rendered":"Sorteerimiskomplekt \u201cV\u00e4rvilised kuulid\u201d"},"content":{"rendered":"<div class=\"flex-shrink-0 flex flex-col relative items-end\">\n<div>\n<div class=\"pt-0.5 juice:pt-0\">\n<div class=\"gizmo-bot-avatar flex h-6 w-6 items-center justify-center overflow-hidden rounded-full juice:h-8 juice:w-8\">\n<div class=\"relative p-1 rounded-sm flex items-center justify-center bg-token-main-surface-primary text-token-text-primary h-8 w-8\"><\/div>\n<\/div>\n<\/div>\n<\/div>\n<\/div>\n<div class=\"group\/conversation-turn relative flex w-full min-w-0 flex-col agent-turn\">\n<div class=\"flex-col gap-1 md:gap-3\">\n<div class=\"flex flex-grow flex-col max-w-full\">\n<div class=\"min-h-[20px] text-message flex flex-col items-start whitespace-pre-wrap break-words [.text-message+&amp;]:mt-5 juice:w-full juice:items-end overflow-x-auto gap-2\" dir=\"auto\" data-message-author-role=\"assistant\" data-message-id=\"1f6dc2b3-3aa6-47ee-a7f8-01ad40754dc9\">\n<div class=\"flex w-full flex-col gap-1 juice:empty:hidden juice:first:pt-[3px]\">\n<div class=\"markdown prose w-full break-words dark:prose-invert light\">\n<p>Kuidas m\u00e4ngida?<\/p>\n<ol>\n<li>Sorteerige pallid v\u00e4rvi j\u00e4rgi.<\/li>\n<li>\u00d5ppige loendamist, arvude koostist, liitmist ja lahutamist.<\/li>\n<li>Paigutage pallid paneelile s\u00fcvenditega, kasutades paremat ja vasakut k\u00e4tt, lusikat, pulki v\u00f5i pintsette. See m\u00e4ng arendab mitte ainult liigutuste koordinatsiooni ja peenmotoorikat, vaid ka loob neuron\u00fchendusi.<\/li>\n<li>Asetage \u00fclesandekaart \u0161ablooni alla alusele. Laps saab mosaiiki kokku panna. M\u00e4ng arendab t\u00e4helepanelikkust, loogilist ja ruumilist m\u00f5tlemist ning v\u00e4rvitaju.<\/li>\n<li>V\u00f5ite tegeleda ka 3D-modelleerimisega! Asetage pallid mitte ainult m\u00e4ngualale, vaid ka \u00fcksteise peale.<\/li>\n<\/ol>\n<\/div>\n<p>M\u00f5\u00f5dud: 22x22cm<br \/>\nSoovitatav vanus: alates 2. eluaastast<\/p>\n<\/div>\n<\/div>\n<\/div>\n<\/div>\n<\/div>\n","protected":false},"excerpt":{"rendered":"<p>Kuidas m\u00e4ngida? Sorteerige pallid v\u00e4rvi j\u00e4rgi. \u00d5ppige loendamist, arvude koostist, liitmist ja lahutamist. Paigutage pallid paneelile s\u00fcvenditega, kasutades paremat ja vasakut k\u00e4tt, lusikat, pulki v\u00f5i pintsette. See m\u00e4ng arendab mitte ainult liigutuste koordinatsiooni ja peenmotoorikat, vaid ka loob neuron\u00fchendusi. Asetage \u00fclesandekaart \u0161ablooni alla alusele. Laps saab mosaiiki kokku panna. M\u00e4ng arendab t\u00e4helepanelikkust, loogilist ja ruumilist [&hellip;]<\/p>\n","protected":false},"featured_media":68355,"template":"","meta":{"_monsterinsights_skip_tracking":false,"_monsterinsights_sitenote_active":false,"_monsterinsights_sitenote_note":"","_monsterinsights_sitenote_category":0},"product_brand":[],"product_cat":[49,58],"product_tag":[],"class_list":{"0":"post-49960","1":"product","2":"type-product","3":"status-publish","4":"has-post-thumbnail","6":"product_cat-puidust-arendavad-manguasjad","7":"product_cat-unkategorized","8":"pa_vozrast-ot-3-do-5-let-et","10":"first","11":"instock","12":"shipping-taxable","13":"purchasable","14":"product-type-simple"},"yoast_head":"<!-- This site is optimized with the Yoast SEO plugin v25.0 - https:\/\/yoast.com\/wordpress\/plugins\/seo\/ -->\n<title>Sorteerimiskomplekt \u201cV\u00e4rvilised kuulid\u201d -<\/title>\n<meta name=\"description\" content=\"Sorteerimiskomplekt \u201cV\u00e4rvilised kuulid\u201d - CLEVER KIDS\" \/>\n<meta name=\"robots\" content=\"index, follow, max-snippet:-1, max-image-preview:large, max-video-preview:-1\" \/>\n<link rel=\"canonical\" href=\"https:\/\/cleverkids.ee\/et\/product\/derevyannaya-mozaika-volshebnye-shariki\/\" \/>\n<meta property=\"og:locale\" content=\"et_EE\" \/>\n<meta property=\"og:type\" content=\"article\" \/>\n<meta property=\"og:title\" content=\"Sorteerimiskomplekt \u201cV\u00e4rvilised kuulid\u201d -\" \/>\n<meta property=\"og:description\" content=\"Sorteerimiskomplekt \u201cV\u00e4rvilised kuulid\u201d - CLEVER KIDS\" \/>\n<meta property=\"og:url\" content=\"https:\/\/cleverkids.ee\/et\/product\/derevyannaya-mozaika-volshebnye-shariki\/\" \/>\n<meta property=\"og:site_name\" content=\"CLEVER KIDS\" \/>\n<meta property=\"article:publisher\" content=\"https:\/\/www.facebook.com\/cleverkids.ee\/\" \/>\n<meta property=\"article:modified_time\" content=\"2025-11-23T07:49:57+00:00\" \/>\n<meta property=\"og:image\" content=\"https:\/\/cleverkids.ee\/wp-content\/uploads\/2024\/05\/H230bf2b849fc406082a47e944bb6356dr_960x960-1.jpg\" \/>\n\t<meta property=\"og:image:width\" content=\"800\" \/>\n\t<meta property=\"og:image:height\" content=\"800\" \/>\n\t<meta property=\"og:image:type\" content=\"image\/jpeg\" \/>\n<meta name=\"twitter:card\" content=\"summary_large_image\" \/>\n<script type=\"application\/ld+json\" class=\"yoast-schema-graph\">{\"@context\":\"https:\/\/schema.org\",\"@graph\":[{\"@type\":\"WebPage\",\"@id\":\"https:\/\/cleverkids.ee\/et\/product\/derevyannaya-mozaika-volshebnye-shariki\/\",\"url\":\"https:\/\/cleverkids.ee\/et\/product\/derevyannaya-mozaika-volshebnye-shariki\/\",\"name\":\"Sorteerimiskomplekt \u201cV\u00e4rvilised kuulid\u201d -\",\"isPartOf\":{\"@id\":\"https:\/\/cleverkids.ee\/et\/#website\"},\"primaryImageOfPage\":{\"@id\":\"https:\/\/cleverkids.ee\/et\/product\/derevyannaya-mozaika-volshebnye-shariki\/#primaryimage\"},\"image\":{\"@id\":\"https:\/\/cleverkids.ee\/et\/product\/derevyannaya-mozaika-volshebnye-shariki\/#primaryimage\"},\"thumbnailUrl\":\"https:\/\/cleverkids.ee\/wp-content\/uploads\/2024\/05\/H230bf2b849fc406082a47e944bb6356dr_960x960-1.jpg\",\"datePublished\":\"2024-04-16T04:23:50+00:00\",\"dateModified\":\"2025-11-23T07:49:57+00:00\",\"description\":\"Sorteerimiskomplekt \u201cV\u00e4rvilised kuulid\u201d - CLEVER KIDS\",\"breadcrumb\":{\"@id\":\"https:\/\/cleverkids.ee\/et\/product\/derevyannaya-mozaika-volshebnye-shariki\/#breadcrumb\"},\"inLanguage\":\"et\",\"potentialAction\":[{\"@type\":\"ReadAction\",\"target\":[\"https:\/\/cleverkids.ee\/et\/product\/derevyannaya-mozaika-volshebnye-shariki\/\"]}]},{\"@type\":\"ImageObject\",\"inLanguage\":\"et\",\"@id\":\"https:\/\/cleverkids.ee\/et\/product\/derevyannaya-mozaika-volshebnye-shariki\/#primaryimage\",\"url\":\"https:\/\/cleverkids.ee\/wp-content\/uploads\/2024\/05\/H230bf2b849fc406082a47e944bb6356dr_960x960-1.jpg\",\"contentUrl\":\"https:\/\/cleverkids.ee\/wp-content\/uploads\/2024\/05\/H230bf2b849fc406082a47e944bb6356dr_960x960-1.jpg\",\"width\":800,\"height\":800},{\"@type\":\"BreadcrumbList\",\"@id\":\"https:\/\/cleverkids.ee\/et\/product\/derevyannaya-mozaika-volshebnye-shariki\/#breadcrumb\",\"itemListElement\":[{\"@type\":\"ListItem\",\"position\":1,\"name\":\"Esileht\",\"item\":\"https:\/\/cleverkids.ee\/et\/\"},{\"@type\":\"ListItem\",\"position\":2,\"name\":\"Tooted\",\"item\":\"https:\/\/cleverkids.ee\/store\/\"},{\"@type\":\"ListItem\",\"position\":3,\"name\":\"Sorteerimiskomplekt \u201cV\u00e4rvilised kuulid\u201d\"}]},{\"@type\":\"WebSite\",\"@id\":\"https:\/\/cleverkids.ee\/et\/#website\",\"url\":\"https:\/\/cleverkids.ee\/et\/\",\"name\":\"CLEVER KIDS\",\"description\":\"\",\"publisher\":{\"@id\":\"https:\/\/cleverkids.ee\/et\/#organization\"},\"potentialAction\":[{\"@type\":\"SearchAction\",\"target\":{\"@type\":\"EntryPoint\",\"urlTemplate\":\"https:\/\/cleverkids.ee\/et\/?s={search_term_string}\"},\"query-input\":{\"@type\":\"PropertyValueSpecification\",\"valueRequired\":true,\"valueName\":\"search_term_string\"}}],\"inLanguage\":\"et\"},{\"@type\":\"Organization\",\"@id\":\"https:\/\/cleverkids.ee\/et\/#organization\",\"name\":\"CLEVER KIDS\",\"url\":\"https:\/\/cleverkids.ee\/et\/\",\"logo\":{\"@type\":\"ImageObject\",\"inLanguage\":\"et\",\"@id\":\"https:\/\/cleverkids.ee\/et\/#\/schema\/logo\/image\/\",\"url\":\"https:\/\/cleverkids.ee\/wp-content\/uploads\/2024\/02\/image0-1024x1024.png\",\"contentUrl\":\"https:\/\/cleverkids.ee\/wp-content\/uploads\/2024\/02\/image0-1024x1024.png\",\"width\":1024,\"height\":1024,\"caption\":\"CLEVER KIDS\"},\"image\":{\"@id\":\"https:\/\/cleverkids.ee\/et\/#\/schema\/logo\/image\/\"},\"sameAs\":[\"https:\/\/www.facebook.com\/cleverkids.ee\/\",\"https:\/\/www.instagram.com\/cleverkids_ee\/\"]}]}<\/script>\n<!-- \/ Yoast SEO plugin. -->","yoast_head_json":{"title":"Sorteerimiskomplekt \u201cV\u00e4rvilised kuulid\u201d -","description":"Sorteerimiskomplekt \u201cV\u00e4rvilised kuulid\u201d - CLEVER KIDS","robots":{"index":"index","follow":"follow","max-snippet":"max-snippet:-1","max-image-preview":"max-image-preview:large","max-video-preview":"max-video-preview:-1"},"canonical":"https:\/\/cleverkids.ee\/et\/product\/derevyannaya-mozaika-volshebnye-shariki\/","og_locale":"et_EE","og_type":"article","og_title":"Sorteerimiskomplekt \u201cV\u00e4rvilised kuulid\u201d -","og_description":"Sorteerimiskomplekt \u201cV\u00e4rvilised kuulid\u201d - CLEVER KIDS","og_url":"https:\/\/cleverkids.ee\/et\/product\/derevyannaya-mozaika-volshebnye-shariki\/","og_site_name":"CLEVER KIDS","article_publisher":"https:\/\/www.facebook.com\/cleverkids.ee\/","article_modified_time":"2025-11-23T07:49:57+00:00","og_image":[{"width":800,"height":800,"url":"https:\/\/cleverkids.ee\/wp-content\/uploads\/2024\/05\/H230bf2b849fc406082a47e944bb6356dr_960x960-1.jpg","type":"image\/jpeg"}],"twitter_card":"summary_large_image","schema":{"@context":"https:\/\/schema.org","@graph":[{"@type":"WebPage","@id":"https:\/\/cleverkids.ee\/et\/product\/derevyannaya-mozaika-volshebnye-shariki\/","url":"https:\/\/cleverkids.ee\/et\/product\/derevyannaya-mozaika-volshebnye-shariki\/","name":"Sorteerimiskomplekt \u201cV\u00e4rvilised kuulid\u201d -","isPartOf":{"@id":"https:\/\/cleverkids.ee\/et\/#website"},"primaryImageOfPage":{"@id":"https:\/\/cleverkids.ee\/et\/product\/derevyannaya-mozaika-volshebnye-shariki\/#primaryimage"},"image":{"@id":"https:\/\/cleverkids.ee\/et\/product\/derevyannaya-mozaika-volshebnye-shariki\/#primaryimage"},"thumbnailUrl":"https:\/\/cleverkids.ee\/wp-content\/uploads\/2024\/05\/H230bf2b849fc406082a47e944bb6356dr_960x960-1.jpg","datePublished":"2024-04-16T04:23:50+00:00","dateModified":"2025-11-23T07:49:57+00:00","description":"Sorteerimiskomplekt \u201cV\u00e4rvilised kuulid\u201d - CLEVER KIDS","breadcrumb":{"@id":"https:\/\/cleverkids.ee\/et\/product\/derevyannaya-mozaika-volshebnye-shariki\/#breadcrumb"},"inLanguage":"et","potentialAction":[{"@type":"ReadAction","target":["https:\/\/cleverkids.ee\/et\/product\/derevyannaya-mozaika-volshebnye-shariki\/"]}]},{"@type":"ImageObject","inLanguage":"et","@id":"https:\/\/cleverkids.ee\/et\/product\/derevyannaya-mozaika-volshebnye-shariki\/#primaryimage","url":"https:\/\/cleverkids.ee\/wp-content\/uploads\/2024\/05\/H230bf2b849fc406082a47e944bb6356dr_960x960-1.jpg","contentUrl":"https:\/\/cleverkids.ee\/wp-content\/uploads\/2024\/05\/H230bf2b849fc406082a47e944bb6356dr_960x960-1.jpg","width":800,"height":800},{"@type":"BreadcrumbList","@id":"https:\/\/cleverkids.ee\/et\/product\/derevyannaya-mozaika-volshebnye-shariki\/#breadcrumb","itemListElement":[{"@type":"ListItem","position":1,"name":"Esileht","item":"https:\/\/cleverkids.ee\/et\/"},{"@type":"ListItem","position":2,"name":"Tooted","item":"https:\/\/cleverkids.ee\/store\/"},{"@type":"ListItem","position":3,"name":"Sorteerimiskomplekt \u201cV\u00e4rvilised kuulid\u201d"}]},{"@type":"WebSite","@id":"https:\/\/cleverkids.ee\/et\/#website","url":"https:\/\/cleverkids.ee\/et\/","name":"CLEVER KIDS","description":"","publisher":{"@id":"https:\/\/cleverkids.ee\/et\/#organization"},"potentialAction":[{"@type":"SearchAction","target":{"@type":"EntryPoint","urlTemplate":"https:\/\/cleverkids.ee\/et\/?s={search_term_string}"},"query-input":{"@type":"PropertyValueSpecification","valueRequired":true,"valueName":"search_term_string"}}],"inLanguage":"et"},{"@type":"Organization","@id":"https:\/\/cleverkids.ee\/et\/#organization","name":"CLEVER KIDS","url":"https:\/\/cleverkids.ee\/et\/","logo":{"@type":"ImageObject","inLanguage":"et","@id":"https:\/\/cleverkids.ee\/et\/#\/schema\/logo\/image\/","url":"https:\/\/cleverkids.ee\/wp-content\/uploads\/2024\/02\/image0-1024x1024.png","contentUrl":"https:\/\/cleverkids.ee\/wp-content\/uploads\/2024\/02\/image0-1024x1024.png","width":1024,"height":1024,"caption":"CLEVER KIDS"},"image":{"@id":"https:\/\/cleverkids.ee\/et\/#\/schema\/logo\/image\/"},"sameAs":["https:\/\/www.facebook.com\/cleverkids.ee\/","https:\/\/www.instagram.com\/cleverkids_ee\/"]}]}},"_links":{"self":[{"href":"https:\/\/cleverkids.ee\/et\/wp-json\/wp\/v2\/product\/49960","targetHints":{"allow":["GET"]}}],"collection":[{"href":"https:\/\/cleverkids.ee\/et\/wp-json\/wp\/v2\/product"}],"about":[{"href":"https:\/\/cleverkids.ee\/et\/wp-json\/wp\/v2\/types\/product"}],"wp:featuredmedia":[{"embeddable":true,"href":"https:\/\/cleverkids.ee\/et\/wp-json\/wp\/v2\/media\/68355"}],"wp:attachment":[{"href":"https:\/\/cleverkids.ee\/et\/wp-json\/wp\/v2\/media?parent=49960"}],"wp:term":[{"taxonomy":"product_brand","embeddable":true,"href":"https:\/\/cleverkids.ee\/et\/wp-json\/wp\/v2\/product_brand?post=49960"},{"taxonomy":"product_cat","embeddable":true,"href":"https:\/\/cleverkids.ee\/et\/wp-json\/wp\/v2\/product_cat?post=49960"},{"taxonomy":"product_tag","embeddable":true,"href":"https:\/\/cleverkids.ee\/et\/wp-json\/wp\/v2\/product_tag?post=49960"}],"curies":[{"name":"wp","href":"https:\/\/api.w.org\/{rel}","templated":true}]}}