{"id":49970,"date":"2024-04-16T07:23:43","date_gmt":"2024-04-16T04:23:43","guid":{"rendered":"https:\/\/cleverkids.dev2.sdhost.eu\/product\/%d0%b4%d0%b5%d1%80%d0%b5%d0%b2%d1%8f%d0%bd%d0%bd%d1%8b%d0%b9-%d0%b1%d0%b0%d0%bb%d0%b0%d0%bd%d1%81%d0%b8%d1%80-%d0%b7%d0%be%d0%be%d0%bf%d0%b0%d1%80%d0%ba\/"},"modified":"2024-06-23T17:59:24","modified_gmt":"2024-06-23T14:59:24","slug":"derevyannyj-balansir-zoopark","status":"publish","type":"product","link":"https:\/\/cleverkids.ee\/et\/product\/derevyannyj-balansir-zoopark\/","title":{"rendered":"Puidust ladumism\u00e4ng \u201cLoomaaed\u201d"},"content":{"rendered":"<div class=\"woocommerce-product-details__short-description\">\n<p>Komplekti kuulub 10 erineva suurusega puidust m\u00e4nguasja. Igal kujukesel on oma kuju, suurus ja kaal, mis eristab selle ladumism\u00e4ngu paljude teiste seast.<\/p>\n<p>Laps saab ladustada loomadest torni nii, nagu talle meeldib, m\u00e4ngu ajal areneb visadus, t\u00e4psus ja loogiline m\u00f5tlemine.<\/p>\n<p>Lisaks on komplektis 10 kahepoolset n\u00e4idiskaarti kolme raskusastmega. Kaartide j\u00e4rgi torni ladustamist \u00f5pib laps mudeli j\u00e4rgi \u00fclesandeid t\u00e4itma ning arendab ruumilist m\u00f5tlemist, liigutuste t\u00e4psust ja tasakaalu tunnetamise oskust.<\/p>\n<p>M\u00e4nguasjad on valmistatud naturaalsest puidust. \u00dcmarate nurkadega kaardid on lapsele t\u00e4iesti ohutud.<\/p>\n<\/div>\n","protected":false},"excerpt":{"rendered":"<p>Komplekti kuulub 10 erineva suurusega puidust m\u00e4nguasja. Igal kujukesel on oma kuju, suurus ja kaal, mis eristab selle ladumism\u00e4ngu paljude teiste seast. Laps saab ladustada loomadest torni nii, nagu talle meeldib, m\u00e4ngu ajal areneb visadus, t\u00e4psus ja loogiline m\u00f5tlemine. Lisaks on komplektis 10 kahepoolset n\u00e4idiskaarti kolme raskusastmega. Kaartide j\u00e4rgi torni ladustamist \u00f5pib laps mudeli j\u00e4rgi [&hellip;]<\/p>\n","protected":false},"featured_media":68328,"template":"","meta":{"_monsterinsights_skip_tracking":false,"_monsterinsights_sitenote_active":false,"_monsterinsights_sitenote_note":"","_monsterinsights_sitenote_category":0},"product_brand":[],"product_cat":[49,58],"product_tag":[],"class_list":{"0":"post-49970","1":"product","2":"type-product","3":"status-publish","4":"has-post-thumbnail","6":"product_cat-puidust-arendavad-manguasjad","7":"product_cat-unkategorized","8":"pa_vozrast-ot-3-do-5-let-et","10":"first","11":"instock","12":"shipping-taxable","13":"purchasable","14":"product-type-simple"},"yoast_head":"<!-- This site is optimized with the Yoast SEO plugin v25.0 - https:\/\/yoast.com\/wordpress\/plugins\/seo\/ -->\n<title>Puidust ladumism\u00e4ng \u201cLoomaaed\u201d -<\/title>\n<meta name=\"description\" content=\"Puidust ladumism\u00e4ng \u201cLoomaaed\u201d - CLEVER KIDS\" \/>\n<meta name=\"robots\" content=\"index, follow, max-snippet:-1, max-image-preview:large, max-video-preview:-1\" \/>\n<link rel=\"canonical\" href=\"https:\/\/cleverkids.ee\/et\/product\/derevyannyj-balansir-zoopark\/\" \/>\n<meta property=\"og:locale\" content=\"et_EE\" \/>\n<meta property=\"og:type\" content=\"article\" \/>\n<meta property=\"og:title\" content=\"Puidust ladumism\u00e4ng \u201cLoomaaed\u201d -\" \/>\n<meta property=\"og:description\" content=\"Puidust ladumism\u00e4ng \u201cLoomaaed\u201d - CLEVER KIDS\" \/>\n<meta property=\"og:url\" content=\"https:\/\/cleverkids.ee\/et\/product\/derevyannyj-balansir-zoopark\/\" \/>\n<meta property=\"og:site_name\" content=\"CLEVER KIDS\" \/>\n<meta property=\"article:publisher\" content=\"https:\/\/www.facebook.com\/cleverkids.ee\/\" \/>\n<meta property=\"article:modified_time\" content=\"2024-06-23T14:59:24+00:00\" \/>\n<meta property=\"og:image\" content=\"https:\/\/cleverkids.ee\/wp-content\/uploads\/2024\/05\/Untitled-design-5.jpg\" \/>\n\t<meta property=\"og:image:width\" content=\"720\" \/>\n\t<meta property=\"og:image:height\" content=\"766\" \/>\n\t<meta property=\"og:image:type\" content=\"image\/jpeg\" \/>\n<meta name=\"twitter:card\" content=\"summary_large_image\" \/>\n<script type=\"application\/ld+json\" class=\"yoast-schema-graph\">{\"@context\":\"https:\/\/schema.org\",\"@graph\":[{\"@type\":\"WebPage\",\"@id\":\"https:\/\/cleverkids.ee\/et\/product\/derevyannyj-balansir-zoopark\/\",\"url\":\"https:\/\/cleverkids.ee\/et\/product\/derevyannyj-balansir-zoopark\/\",\"name\":\"Puidust ladumism\u00e4ng \u201cLoomaaed\u201d -\",\"isPartOf\":{\"@id\":\"https:\/\/cleverkids.ee\/et\/#website\"},\"primaryImageOfPage\":{\"@id\":\"https:\/\/cleverkids.ee\/et\/product\/derevyannyj-balansir-zoopark\/#primaryimage\"},\"image\":{\"@id\":\"https:\/\/cleverkids.ee\/et\/product\/derevyannyj-balansir-zoopark\/#primaryimage\"},\"thumbnailUrl\":\"https:\/\/cleverkids.ee\/wp-content\/uploads\/2024\/05\/Untitled-design-5-1.jpg\",\"datePublished\":\"2024-04-16T04:23:43+00:00\",\"dateModified\":\"2024-06-23T14:59:24+00:00\",\"description\":\"Puidust ladumism\u00e4ng \u201cLoomaaed\u201d - CLEVER KIDS\",\"breadcrumb\":{\"@id\":\"https:\/\/cleverkids.ee\/et\/product\/derevyannyj-balansir-zoopark\/#breadcrumb\"},\"inLanguage\":\"et\",\"potentialAction\":[{\"@type\":\"ReadAction\",\"target\":[\"https:\/\/cleverkids.ee\/et\/product\/derevyannyj-balansir-zoopark\/\"]}]},{\"@type\":\"ImageObject\",\"inLanguage\":\"et\",\"@id\":\"https:\/\/cleverkids.ee\/et\/product\/derevyannyj-balansir-zoopark\/#primaryimage\",\"url\":\"https:\/\/cleverkids.ee\/wp-content\/uploads\/2024\/05\/Untitled-design-5-1.jpg\",\"contentUrl\":\"https:\/\/cleverkids.ee\/wp-content\/uploads\/2024\/05\/Untitled-design-5-1.jpg\",\"width\":720,\"height\":766},{\"@type\":\"BreadcrumbList\",\"@id\":\"https:\/\/cleverkids.ee\/et\/product\/derevyannyj-balansir-zoopark\/#breadcrumb\",\"itemListElement\":[{\"@type\":\"ListItem\",\"position\":1,\"name\":\"Esileht\",\"item\":\"https:\/\/cleverkids.ee\/et\/\"},{\"@type\":\"ListItem\",\"position\":2,\"name\":\"Tooted\",\"item\":\"https:\/\/cleverkids.ee\/store\/\"},{\"@type\":\"ListItem\",\"position\":3,\"name\":\"Puidust ladumism\u00e4ng \u201cLoomaaed\u201d\"}]},{\"@type\":\"WebSite\",\"@id\":\"https:\/\/cleverkids.ee\/et\/#website\",\"url\":\"https:\/\/cleverkids.ee\/et\/\",\"name\":\"CLEVER KIDS\",\"description\":\"\",\"publisher\":{\"@id\":\"https:\/\/cleverkids.ee\/et\/#organization\"},\"potentialAction\":[{\"@type\":\"SearchAction\",\"target\":{\"@type\":\"EntryPoint\",\"urlTemplate\":\"https:\/\/cleverkids.ee\/et\/?s={search_term_string}\"},\"query-input\":{\"@type\":\"PropertyValueSpecification\",\"valueRequired\":true,\"valueName\":\"search_term_string\"}}],\"inLanguage\":\"et\"},{\"@type\":\"Organization\",\"@id\":\"https:\/\/cleverkids.ee\/et\/#organization\",\"name\":\"CLEVER KIDS\",\"url\":\"https:\/\/cleverkids.ee\/et\/\",\"logo\":{\"@type\":\"ImageObject\",\"inLanguage\":\"et\",\"@id\":\"https:\/\/cleverkids.ee\/et\/#\/schema\/logo\/image\/\",\"url\":\"https:\/\/cleverkids.ee\/wp-content\/uploads\/2024\/02\/image0-1024x1024.png\",\"contentUrl\":\"https:\/\/cleverkids.ee\/wp-content\/uploads\/2024\/02\/image0-1024x1024.png\",\"width\":1024,\"height\":1024,\"caption\":\"CLEVER KIDS\"},\"image\":{\"@id\":\"https:\/\/cleverkids.ee\/et\/#\/schema\/logo\/image\/\"},\"sameAs\":[\"https:\/\/www.facebook.com\/cleverkids.ee\/\",\"https:\/\/www.instagram.com\/cleverkids_ee\/\"]}]}<\/script>\n<!-- \/ Yoast SEO plugin. -->","yoast_head_json":{"title":"Puidust ladumism\u00e4ng \u201cLoomaaed\u201d -","description":"Puidust ladumism\u00e4ng \u201cLoomaaed\u201d - CLEVER KIDS","robots":{"index":"index","follow":"follow","max-snippet":"max-snippet:-1","max-image-preview":"max-image-preview:large","max-video-preview":"max-video-preview:-1"},"canonical":"https:\/\/cleverkids.ee\/et\/product\/derevyannyj-balansir-zoopark\/","og_locale":"et_EE","og_type":"article","og_title":"Puidust ladumism\u00e4ng \u201cLoomaaed\u201d -","og_description":"Puidust ladumism\u00e4ng \u201cLoomaaed\u201d - CLEVER KIDS","og_url":"https:\/\/cleverkids.ee\/et\/product\/derevyannyj-balansir-zoopark\/","og_site_name":"CLEVER KIDS","article_publisher":"https:\/\/www.facebook.com\/cleverkids.ee\/","article_modified_time":"2024-06-23T14:59:24+00:00","og_image":[{"width":720,"height":766,"url":"https:\/\/cleverkids.ee\/wp-content\/uploads\/2024\/05\/Untitled-design-5.jpg","type":"image\/jpeg"}],"twitter_card":"summary_large_image","schema":{"@context":"https:\/\/schema.org","@graph":[{"@type":"WebPage","@id":"https:\/\/cleverkids.ee\/et\/product\/derevyannyj-balansir-zoopark\/","url":"https:\/\/cleverkids.ee\/et\/product\/derevyannyj-balansir-zoopark\/","name":"Puidust ladumism\u00e4ng \u201cLoomaaed\u201d -","isPartOf":{"@id":"https:\/\/cleverkids.ee\/et\/#website"},"primaryImageOfPage":{"@id":"https:\/\/cleverkids.ee\/et\/product\/derevyannyj-balansir-zoopark\/#primaryimage"},"image":{"@id":"https:\/\/cleverkids.ee\/et\/product\/derevyannyj-balansir-zoopark\/#primaryimage"},"thumbnailUrl":"https:\/\/cleverkids.ee\/wp-content\/uploads\/2024\/05\/Untitled-design-5-1.jpg","datePublished":"2024-04-16T04:23:43+00:00","dateModified":"2024-06-23T14:59:24+00:00","description":"Puidust ladumism\u00e4ng \u201cLoomaaed\u201d - CLEVER KIDS","breadcrumb":{"@id":"https:\/\/cleverkids.ee\/et\/product\/derevyannyj-balansir-zoopark\/#breadcrumb"},"inLanguage":"et","potentialAction":[{"@type":"ReadAction","target":["https:\/\/cleverkids.ee\/et\/product\/derevyannyj-balansir-zoopark\/"]}]},{"@type":"ImageObject","inLanguage":"et","@id":"https:\/\/cleverkids.ee\/et\/product\/derevyannyj-balansir-zoopark\/#primaryimage","url":"https:\/\/cleverkids.ee\/wp-content\/uploads\/2024\/05\/Untitled-design-5-1.jpg","contentUrl":"https:\/\/cleverkids.ee\/wp-content\/uploads\/2024\/05\/Untitled-design-5-1.jpg","width":720,"height":766},{"@type":"BreadcrumbList","@id":"https:\/\/cleverkids.ee\/et\/product\/derevyannyj-balansir-zoopark\/#breadcrumb","itemListElement":[{"@type":"ListItem","position":1,"name":"Esileht","item":"https:\/\/cleverkids.ee\/et\/"},{"@type":"ListItem","position":2,"name":"Tooted","item":"https:\/\/cleverkids.ee\/store\/"},{"@type":"ListItem","position":3,"name":"Puidust ladumism\u00e4ng \u201cLoomaaed\u201d"}]},{"@type":"WebSite","@id":"https:\/\/cleverkids.ee\/et\/#website","url":"https:\/\/cleverkids.ee\/et\/","name":"CLEVER KIDS","description":"","publisher":{"@id":"https:\/\/cleverkids.ee\/et\/#organization"},"potentialAction":[{"@type":"SearchAction","target":{"@type":"EntryPoint","urlTemplate":"https:\/\/cleverkids.ee\/et\/?s={search_term_string}"},"query-input":{"@type":"PropertyValueSpecification","valueRequired":true,"valueName":"search_term_string"}}],"inLanguage":"et"},{"@type":"Organization","@id":"https:\/\/cleverkids.ee\/et\/#organization","name":"CLEVER KIDS","url":"https:\/\/cleverkids.ee\/et\/","logo":{"@type":"ImageObject","inLanguage":"et","@id":"https:\/\/cleverkids.ee\/et\/#\/schema\/logo\/image\/","url":"https:\/\/cleverkids.ee\/wp-content\/uploads\/2024\/02\/image0-1024x1024.png","contentUrl":"https:\/\/cleverkids.ee\/wp-content\/uploads\/2024\/02\/image0-1024x1024.png","width":1024,"height":1024,"caption":"CLEVER KIDS"},"image":{"@id":"https:\/\/cleverkids.ee\/et\/#\/schema\/logo\/image\/"},"sameAs":["https:\/\/www.facebook.com\/cleverkids.ee\/","https:\/\/www.instagram.com\/cleverkids_ee\/"]}]}},"_links":{"self":[{"href":"https:\/\/cleverkids.ee\/et\/wp-json\/wp\/v2\/product\/49970","targetHints":{"allow":["GET"]}}],"collection":[{"href":"https:\/\/cleverkids.ee\/et\/wp-json\/wp\/v2\/product"}],"about":[{"href":"https:\/\/cleverkids.ee\/et\/wp-json\/wp\/v2\/types\/product"}],"wp:featuredmedia":[{"embeddable":true,"href":"https:\/\/cleverkids.ee\/et\/wp-json\/wp\/v2\/media\/68328"}],"wp:attachment":[{"href":"https:\/\/cleverkids.ee\/et\/wp-json\/wp\/v2\/media?parent=49970"}],"wp:term":[{"taxonomy":"product_brand","embeddable":true,"href":"https:\/\/cleverkids.ee\/et\/wp-json\/wp\/v2\/product_brand?post=49970"},{"taxonomy":"product_cat","embeddable":true,"href":"https:\/\/cleverkids.ee\/et\/wp-json\/wp\/v2\/product_cat?post=49970"},{"taxonomy":"product_tag","embeddable":true,"href":"https:\/\/cleverkids.ee\/et\/wp-json\/wp\/v2\/product_tag?post=49970"}],"curies":[{"name":"wp","href":"https:\/\/api.w.org\/{rel}","templated":true}]}}