{"id":49999,"date":"2024-04-16T07:23:43","date_gmt":"2024-04-16T04:23:43","guid":{"rendered":"https:\/\/cleverkids.dev2.sdhost.eu\/product\/%d1%81%d0%b5%d0%bd%d1%81%d0%be%d1%80%d0%bd%d0%b0%d1%8f-%d0%b8%d0%b3%d1%80%d0%b0-%d1%82%d0%b0%d0%ba%d1%82%d0%b8%d0%bb%d1%8c%d0%bd%d0%be%d0%b5-%d0%bb%d0%be%d1%82%d0%be\/"},"modified":"2024-06-23T17:59:24","modified_gmt":"2024-06-23T14:59:24","slug":"sensornaya-igra-taktilnoe-loto","status":"publish","type":"product","link":"https:\/\/cleverkids.ee\/et\/product\/sensornaya-igra-taktilnoe-loto\/","title":{"rendered":"Sensoorne memoriin \u201cLeia materjalid\u201d"},"content":{"rendered":"<p>M\u00e4ngu m\u00f5te on erinevate pindade ja tekstuuride \u00e4ratundmine. Laps peab asetama alusele sarnase tekstuuriga nuppe, saades infot s\u00f5rmeotste kaudu.<\/p>\n<p>Puutetundliku m\u00e4lum\u00e4ngu v\u00e4ljakutseks on sarnaste materjalide sobitamine, tundes nende pinnal olevaid tekstuure. Otsides igale m\u00e4ngunupule paarilist, ei treeni m\u00e4ngijad mitte ainult keskendumisv\u00f5imet ja kannatlikkust, vaid ka tunnetuslikku m\u00e4lu ja t\u00e4helepanu. See on m\u00e4ng, mis on l\u00f5bus isegi v\u00e4ga v\u00e4ikestele lastele ning treenib samal ajal ka motoorseid oskusi ja keskendumisv\u00f5imet.<\/p>\n","protected":false},"excerpt":{"rendered":"<p>M\u00e4ngu m\u00f5te on erinevate pindade ja tekstuuride \u00e4ratundmine. Laps peab asetama alusele sarnase tekstuuriga nuppe, saades infot s\u00f5rmeotste kaudu. Puutetundliku m\u00e4lum\u00e4ngu v\u00e4ljakutseks on sarnaste materjalide sobitamine, tundes nende pinnal olevaid tekstuure. Otsides igale m\u00e4ngunupule paarilist, ei treeni m\u00e4ngijad mitte ainult keskendumisv\u00f5imet ja kannatlikkust, vaid ka tunnetuslikku m\u00e4lu ja t\u00e4helepanu. See on m\u00e4ng, mis on l\u00f5bus [&hellip;]<\/p>\n","protected":false},"featured_media":68277,"template":"","meta":{"_monsterinsights_skip_tracking":false,"_monsterinsights_sitenote_active":false,"_monsterinsights_sitenote_note":"","_monsterinsights_sitenote_category":0},"product_brand":[],"product_cat":[49,55,56,58],"product_tag":[],"class_list":{"0":"post-49999","1":"product","2":"type-product","3":"status-publish","4":"has-post-thumbnail","6":"product_cat-puidust-arendavad-manguasjad","7":"product_cat-lauamangud","8":"product_cat-kone-areng","9":"product_cat-unkategorized","10":"pa_vozrast-ot-3-do-5-let-et","12":"first","13":"instock","14":"shipping-taxable","15":"purchasable","16":"product-type-simple"},"yoast_head":"<!-- This site is optimized with the Yoast SEO plugin v25.0 - https:\/\/yoast.com\/wordpress\/plugins\/seo\/ -->\n<title>Sensoorne memoriin \u201cLeia materjalid\u201d -<\/title>\n<meta name=\"description\" content=\"Sensoorne memoriin \u201cLeia materjalid\u201d - CLEVER KIDS\" \/>\n<meta name=\"robots\" content=\"index, follow, max-snippet:-1, max-image-preview:large, max-video-preview:-1\" \/>\n<link rel=\"canonical\" href=\"https:\/\/cleverkids.ee\/et\/product\/sensornaya-igra-taktilnoe-loto\/\" \/>\n<meta property=\"og:locale\" content=\"et_EE\" \/>\n<meta property=\"og:type\" content=\"article\" \/>\n<meta property=\"og:title\" content=\"Sensoorne memoriin \u201cLeia materjalid\u201d -\" \/>\n<meta property=\"og:description\" content=\"Sensoorne memoriin \u201cLeia materjalid\u201d - CLEVER KIDS\" \/>\n<meta property=\"og:url\" content=\"https:\/\/cleverkids.ee\/et\/product\/sensornaya-igra-taktilnoe-loto\/\" \/>\n<meta property=\"og:site_name\" content=\"CLEVER KIDS\" \/>\n<meta property=\"article:publisher\" content=\"https:\/\/www.facebook.com\/cleverkids.ee\/\" \/>\n<meta property=\"article:modified_time\" content=\"2024-06-23T14:59:24+00:00\" \/>\n<meta property=\"og:image\" content=\"https:\/\/cleverkids.ee\/wp-content\/uploads\/2024\/05\/ddf1d5c6-c203-4131-85a8-fc4cba82c0c7.83265c512795f32e477e57084b09a2f7-1.jpeg\" \/>\n\t<meta property=\"og:image:width\" content=\"1001\" \/>\n\t<meta property=\"og:image:height\" content=\"1001\" \/>\n\t<meta property=\"og:image:type\" content=\"image\/jpeg\" \/>\n<meta name=\"twitter:card\" content=\"summary_large_image\" \/>\n<script type=\"application\/ld+json\" class=\"yoast-schema-graph\">{\"@context\":\"https:\/\/schema.org\",\"@graph\":[{\"@type\":\"WebPage\",\"@id\":\"https:\/\/cleverkids.ee\/et\/product\/sensornaya-igra-taktilnoe-loto\/\",\"url\":\"https:\/\/cleverkids.ee\/et\/product\/sensornaya-igra-taktilnoe-loto\/\",\"name\":\"Sensoorne memoriin \u201cLeia materjalid\u201d -\",\"isPartOf\":{\"@id\":\"https:\/\/cleverkids.ee\/et\/#website\"},\"primaryImageOfPage\":{\"@id\":\"https:\/\/cleverkids.ee\/et\/product\/sensornaya-igra-taktilnoe-loto\/#primaryimage\"},\"image\":{\"@id\":\"https:\/\/cleverkids.ee\/et\/product\/sensornaya-igra-taktilnoe-loto\/#primaryimage\"},\"thumbnailUrl\":\"https:\/\/cleverkids.ee\/wp-content\/uploads\/2024\/05\/ddf1d5c6-c203-4131-85a8-fc4cba82c0c7.83265c512795f32e477e57084b09a2f7-1.jpeg\",\"datePublished\":\"2024-04-16T04:23:43+00:00\",\"dateModified\":\"2024-06-23T14:59:24+00:00\",\"description\":\"Sensoorne memoriin \u201cLeia materjalid\u201d - CLEVER KIDS\",\"breadcrumb\":{\"@id\":\"https:\/\/cleverkids.ee\/et\/product\/sensornaya-igra-taktilnoe-loto\/#breadcrumb\"},\"inLanguage\":\"et\",\"potentialAction\":[{\"@type\":\"ReadAction\",\"target\":[\"https:\/\/cleverkids.ee\/et\/product\/sensornaya-igra-taktilnoe-loto\/\"]}]},{\"@type\":\"ImageObject\",\"inLanguage\":\"et\",\"@id\":\"https:\/\/cleverkids.ee\/et\/product\/sensornaya-igra-taktilnoe-loto\/#primaryimage\",\"url\":\"https:\/\/cleverkids.ee\/wp-content\/uploads\/2024\/05\/ddf1d5c6-c203-4131-85a8-fc4cba82c0c7.83265c512795f32e477e57084b09a2f7-1.jpeg\",\"contentUrl\":\"https:\/\/cleverkids.ee\/wp-content\/uploads\/2024\/05\/ddf1d5c6-c203-4131-85a8-fc4cba82c0c7.83265c512795f32e477e57084b09a2f7-1.jpeg\",\"width\":1001,\"height\":1001},{\"@type\":\"BreadcrumbList\",\"@id\":\"https:\/\/cleverkids.ee\/et\/product\/sensornaya-igra-taktilnoe-loto\/#breadcrumb\",\"itemListElement\":[{\"@type\":\"ListItem\",\"position\":1,\"name\":\"Esileht\",\"item\":\"https:\/\/cleverkids.ee\/et\/\"},{\"@type\":\"ListItem\",\"position\":2,\"name\":\"Tooted\",\"item\":\"https:\/\/cleverkids.ee\/store\/\"},{\"@type\":\"ListItem\",\"position\":3,\"name\":\"Sensoorne memoriin \u201cLeia materjalid\u201d\"}]},{\"@type\":\"WebSite\",\"@id\":\"https:\/\/cleverkids.ee\/et\/#website\",\"url\":\"https:\/\/cleverkids.ee\/et\/\",\"name\":\"CLEVER KIDS\",\"description\":\"\",\"publisher\":{\"@id\":\"https:\/\/cleverkids.ee\/et\/#organization\"},\"potentialAction\":[{\"@type\":\"SearchAction\",\"target\":{\"@type\":\"EntryPoint\",\"urlTemplate\":\"https:\/\/cleverkids.ee\/et\/?s={search_term_string}\"},\"query-input\":{\"@type\":\"PropertyValueSpecification\",\"valueRequired\":true,\"valueName\":\"search_term_string\"}}],\"inLanguage\":\"et\"},{\"@type\":\"Organization\",\"@id\":\"https:\/\/cleverkids.ee\/et\/#organization\",\"name\":\"CLEVER KIDS\",\"url\":\"https:\/\/cleverkids.ee\/et\/\",\"logo\":{\"@type\":\"ImageObject\",\"inLanguage\":\"et\",\"@id\":\"https:\/\/cleverkids.ee\/et\/#\/schema\/logo\/image\/\",\"url\":\"https:\/\/cleverkids.ee\/wp-content\/uploads\/2024\/02\/image0-1024x1024.png\",\"contentUrl\":\"https:\/\/cleverkids.ee\/wp-content\/uploads\/2024\/02\/image0-1024x1024.png\",\"width\":1024,\"height\":1024,\"caption\":\"CLEVER KIDS\"},\"image\":{\"@id\":\"https:\/\/cleverkids.ee\/et\/#\/schema\/logo\/image\/\"},\"sameAs\":[\"https:\/\/www.facebook.com\/cleverkids.ee\/\",\"https:\/\/www.instagram.com\/cleverkids_ee\/\"]}]}<\/script>\n<!-- \/ Yoast SEO plugin. -->","yoast_head_json":{"title":"Sensoorne memoriin \u201cLeia materjalid\u201d -","description":"Sensoorne memoriin \u201cLeia materjalid\u201d - CLEVER KIDS","robots":{"index":"index","follow":"follow","max-snippet":"max-snippet:-1","max-image-preview":"max-image-preview:large","max-video-preview":"max-video-preview:-1"},"canonical":"https:\/\/cleverkids.ee\/et\/product\/sensornaya-igra-taktilnoe-loto\/","og_locale":"et_EE","og_type":"article","og_title":"Sensoorne memoriin \u201cLeia materjalid\u201d -","og_description":"Sensoorne memoriin \u201cLeia materjalid\u201d - CLEVER KIDS","og_url":"https:\/\/cleverkids.ee\/et\/product\/sensornaya-igra-taktilnoe-loto\/","og_site_name":"CLEVER KIDS","article_publisher":"https:\/\/www.facebook.com\/cleverkids.ee\/","article_modified_time":"2024-06-23T14:59:24+00:00","og_image":[{"width":1001,"height":1001,"url":"https:\/\/cleverkids.ee\/wp-content\/uploads\/2024\/05\/ddf1d5c6-c203-4131-85a8-fc4cba82c0c7.83265c512795f32e477e57084b09a2f7-1.jpeg","type":"image\/jpeg"}],"twitter_card":"summary_large_image","schema":{"@context":"https:\/\/schema.org","@graph":[{"@type":"WebPage","@id":"https:\/\/cleverkids.ee\/et\/product\/sensornaya-igra-taktilnoe-loto\/","url":"https:\/\/cleverkids.ee\/et\/product\/sensornaya-igra-taktilnoe-loto\/","name":"Sensoorne memoriin \u201cLeia materjalid\u201d -","isPartOf":{"@id":"https:\/\/cleverkids.ee\/et\/#website"},"primaryImageOfPage":{"@id":"https:\/\/cleverkids.ee\/et\/product\/sensornaya-igra-taktilnoe-loto\/#primaryimage"},"image":{"@id":"https:\/\/cleverkids.ee\/et\/product\/sensornaya-igra-taktilnoe-loto\/#primaryimage"},"thumbnailUrl":"https:\/\/cleverkids.ee\/wp-content\/uploads\/2024\/05\/ddf1d5c6-c203-4131-85a8-fc4cba82c0c7.83265c512795f32e477e57084b09a2f7-1.jpeg","datePublished":"2024-04-16T04:23:43+00:00","dateModified":"2024-06-23T14:59:24+00:00","description":"Sensoorne memoriin \u201cLeia materjalid\u201d - CLEVER KIDS","breadcrumb":{"@id":"https:\/\/cleverkids.ee\/et\/product\/sensornaya-igra-taktilnoe-loto\/#breadcrumb"},"inLanguage":"et","potentialAction":[{"@type":"ReadAction","target":["https:\/\/cleverkids.ee\/et\/product\/sensornaya-igra-taktilnoe-loto\/"]}]},{"@type":"ImageObject","inLanguage":"et","@id":"https:\/\/cleverkids.ee\/et\/product\/sensornaya-igra-taktilnoe-loto\/#primaryimage","url":"https:\/\/cleverkids.ee\/wp-content\/uploads\/2024\/05\/ddf1d5c6-c203-4131-85a8-fc4cba82c0c7.83265c512795f32e477e57084b09a2f7-1.jpeg","contentUrl":"https:\/\/cleverkids.ee\/wp-content\/uploads\/2024\/05\/ddf1d5c6-c203-4131-85a8-fc4cba82c0c7.83265c512795f32e477e57084b09a2f7-1.jpeg","width":1001,"height":1001},{"@type":"BreadcrumbList","@id":"https:\/\/cleverkids.ee\/et\/product\/sensornaya-igra-taktilnoe-loto\/#breadcrumb","itemListElement":[{"@type":"ListItem","position":1,"name":"Esileht","item":"https:\/\/cleverkids.ee\/et\/"},{"@type":"ListItem","position":2,"name":"Tooted","item":"https:\/\/cleverkids.ee\/store\/"},{"@type":"ListItem","position":3,"name":"Sensoorne memoriin \u201cLeia materjalid\u201d"}]},{"@type":"WebSite","@id":"https:\/\/cleverkids.ee\/et\/#website","url":"https:\/\/cleverkids.ee\/et\/","name":"CLEVER KIDS","description":"","publisher":{"@id":"https:\/\/cleverkids.ee\/et\/#organization"},"potentialAction":[{"@type":"SearchAction","target":{"@type":"EntryPoint","urlTemplate":"https:\/\/cleverkids.ee\/et\/?s={search_term_string}"},"query-input":{"@type":"PropertyValueSpecification","valueRequired":true,"valueName":"search_term_string"}}],"inLanguage":"et"},{"@type":"Organization","@id":"https:\/\/cleverkids.ee\/et\/#organization","name":"CLEVER KIDS","url":"https:\/\/cleverkids.ee\/et\/","logo":{"@type":"ImageObject","inLanguage":"et","@id":"https:\/\/cleverkids.ee\/et\/#\/schema\/logo\/image\/","url":"https:\/\/cleverkids.ee\/wp-content\/uploads\/2024\/02\/image0-1024x1024.png","contentUrl":"https:\/\/cleverkids.ee\/wp-content\/uploads\/2024\/02\/image0-1024x1024.png","width":1024,"height":1024,"caption":"CLEVER KIDS"},"image":{"@id":"https:\/\/cleverkids.ee\/et\/#\/schema\/logo\/image\/"},"sameAs":["https:\/\/www.facebook.com\/cleverkids.ee\/","https:\/\/www.instagram.com\/cleverkids_ee\/"]}]}},"_links":{"self":[{"href":"https:\/\/cleverkids.ee\/et\/wp-json\/wp\/v2\/product\/49999","targetHints":{"allow":["GET"]}}],"collection":[{"href":"https:\/\/cleverkids.ee\/et\/wp-json\/wp\/v2\/product"}],"about":[{"href":"https:\/\/cleverkids.ee\/et\/wp-json\/wp\/v2\/types\/product"}],"wp:featuredmedia":[{"embeddable":true,"href":"https:\/\/cleverkids.ee\/et\/wp-json\/wp\/v2\/media\/68277"}],"wp:attachment":[{"href":"https:\/\/cleverkids.ee\/et\/wp-json\/wp\/v2\/media?parent=49999"}],"wp:term":[{"taxonomy":"product_brand","embeddable":true,"href":"https:\/\/cleverkids.ee\/et\/wp-json\/wp\/v2\/product_brand?post=49999"},{"taxonomy":"product_cat","embeddable":true,"href":"https:\/\/cleverkids.ee\/et\/wp-json\/wp\/v2\/product_cat?post=49999"},{"taxonomy":"product_tag","embeddable":true,"href":"https:\/\/cleverkids.ee\/et\/wp-json\/wp\/v2\/product_tag?post=49999"}],"curies":[{"name":"wp","href":"https:\/\/api.w.org\/{rel}","templated":true}]}}