{"id":50023,"date":"2024-04-16T07:23:43","date_gmt":"2024-04-16T04:23:43","guid":{"rendered":"https:\/\/cleverkids.dev2.sdhost.eu\/product\/%d0%b8%d0%b3%d1%80%d0%b0-%d0%b4%d0%bb%d1%8f-%d0%bf%d0%b0%d0%bc%d1%8f%d1%82%d0%b8-%d0%be%d0%b3%d0%be%d1%80%d0%be%d0%b4\/"},"modified":"2025-09-07T22:51:50","modified_gmt":"2025-09-07T19:51:50","slug":"igra-dlya-pamyati-ogorod","status":"publish","type":"product","link":"https:\/\/cleverkids.ee\/et\/product\/igra-dlya-pamyati-ogorod\/","title":{"rendered":"M\u00e4lum\u00e4ng \u201cAed\u201d"},"content":{"rendered":"<p>M\u00e4ng m\u00e4lu arendamiseks. Vildialusesse ehk aiaplatsi on peidetud 24 k\u00f6\u00f6givilja (vilt imiteerib edukalt mulda).<\/p>\n<p>Iga m\u00e4ngija v\u00f5tab 8-st kaardist \u00fchte kaarti retseptidega. Igale kaardile on kujutatud roa valmistamiseks vajalikud k\u00f6\u00f6giviljad.\u00a0M\u00e4ngu eesm\u00e4rk on koguda kokku need 3 k\u00f6\u00f6givilja, mis on pildil kujutatud.<\/p>\n<p>Laps peab otsima kuhu on tema vajalikud k\u00f6\u00f6giviljad \u201c\u00e4ra kaevatud\u201d. Kui m\u00e4ngija t\u00f5mbab v\u00e4lja k\u00f6\u00f6givilja, mida tema retseptikaardil pole, siis \u201ckaevab\u201d ta selle enda valitud aia suvalisse kohta tagasi, j\u00e4ttes n\u00e4htavale ainult rohelist lehte. Laps kasutab oma m\u00e4lu, et meenutada, kuhu k\u00f6\u00f6giviljad on istutatud, mida ta peab \u201cv\u00e4lja kaevama\u201d ja mis on tema retseptikaardil. V\u00f5idab see, kes esimesena oma k\u00f6\u00f6giviljad kokku korjab.<\/p>\n","protected":false},"excerpt":{"rendered":"<p>M\u00e4ng m\u00e4lu arendamiseks. Vildialusesse ehk aiaplatsi on peidetud 24 k\u00f6\u00f6givilja (vilt imiteerib edukalt mulda). Iga m\u00e4ngija v\u00f5tab 8-st kaardist \u00fchte kaarti retseptidega. Igale kaardile on kujutatud roa valmistamiseks vajalikud k\u00f6\u00f6giviljad.\u00a0M\u00e4ngu eesm\u00e4rk on koguda kokku need 3 k\u00f6\u00f6givilja, mis on pildil kujutatud. Laps peab otsima kuhu on tema vajalikud k\u00f6\u00f6giviljad \u201c\u00e4ra kaevatud\u201d. Kui m\u00e4ngija t\u00f5mbab v\u00e4lja [&hellip;]<\/p>\n","protected":false},"featured_media":68238,"template":"","meta":{"_monsterinsights_skip_tracking":false,"_monsterinsights_sitenote_active":false,"_monsterinsights_sitenote_note":"","_monsterinsights_sitenote_category":0},"product_brand":[],"product_cat":[49,55,58],"product_tag":[],"class_list":{"0":"post-50023","1":"product","2":"type-product","3":"status-publish","4":"has-post-thumbnail","6":"product_cat-puidust-arendavad-manguasjad","7":"product_cat-lauamangud","8":"product_cat-unkategorized","9":"pa_vozrast-ot-5-let-et","11":"first","12":"instock","13":"shipping-taxable","14":"purchasable","15":"product-type-simple"},"yoast_head":"<!-- This site is optimized with the Yoast SEO plugin v25.0 - https:\/\/yoast.com\/wordpress\/plugins\/seo\/ -->\n<title>M\u00e4lum\u00e4ng \u201cAed\u201d -<\/title>\n<meta name=\"description\" content=\"M\u00e4lum\u00e4ng \u201cAed\u201d - CLEVER KIDS\" \/>\n<meta name=\"robots\" content=\"index, follow, max-snippet:-1, max-image-preview:large, max-video-preview:-1\" \/>\n<link rel=\"canonical\" href=\"https:\/\/cleverkids.ee\/et\/product\/igra-dlya-pamyati-ogorod\/\" \/>\n<meta property=\"og:locale\" content=\"et_EE\" \/>\n<meta property=\"og:type\" content=\"article\" \/>\n<meta property=\"og:title\" content=\"M\u00e4lum\u00e4ng \u201cAed\u201d -\" \/>\n<meta property=\"og:description\" content=\"M\u00e4lum\u00e4ng \u201cAed\u201d - CLEVER KIDS\" \/>\n<meta property=\"og:url\" content=\"https:\/\/cleverkids.ee\/et\/product\/igra-dlya-pamyati-ogorod\/\" \/>\n<meta property=\"og:site_name\" content=\"CLEVER KIDS\" \/>\n<meta property=\"article:publisher\" content=\"https:\/\/www.facebook.com\/cleverkids.ee\/\" \/>\n<meta property=\"article:modified_time\" content=\"2025-09-07T19:51:50+00:00\" \/>\n<meta property=\"og:image\" content=\"https:\/\/cleverkids.ee\/wp-content\/uploads\/2024\/05\/H8ea0c2e7d80d4751930bdbe05f376653u_960x960-1.jpg\" \/>\n\t<meta property=\"og:image:width\" content=\"960\" \/>\n\t<meta property=\"og:image:height\" content=\"960\" \/>\n\t<meta property=\"og:image:type\" content=\"image\/jpeg\" \/>\n<meta name=\"twitter:card\" content=\"summary_large_image\" \/>\n<meta name=\"twitter:label1\" content=\"Est. reading time\" \/>\n\t<meta name=\"twitter:data1\" content=\"1 minut\" \/>\n<script type=\"application\/ld+json\" class=\"yoast-schema-graph\">{\"@context\":\"https:\/\/schema.org\",\"@graph\":[{\"@type\":\"WebPage\",\"@id\":\"https:\/\/cleverkids.ee\/et\/product\/igra-dlya-pamyati-ogorod\/\",\"url\":\"https:\/\/cleverkids.ee\/et\/product\/igra-dlya-pamyati-ogorod\/\",\"name\":\"M\u00e4lum\u00e4ng \u201cAed\u201d -\",\"isPartOf\":{\"@id\":\"https:\/\/cleverkids.ee\/et\/#website\"},\"primaryImageOfPage\":{\"@id\":\"https:\/\/cleverkids.ee\/et\/product\/igra-dlya-pamyati-ogorod\/#primaryimage\"},\"image\":{\"@id\":\"https:\/\/cleverkids.ee\/et\/product\/igra-dlya-pamyati-ogorod\/#primaryimage\"},\"thumbnailUrl\":\"https:\/\/cleverkids.ee\/wp-content\/uploads\/2024\/05\/H8ea0c2e7d80d4751930bdbe05f376653u_960x960-1.jpg\",\"datePublished\":\"2024-04-16T04:23:43+00:00\",\"dateModified\":\"2025-09-07T19:51:50+00:00\",\"description\":\"M\u00e4lum\u00e4ng \u201cAed\u201d - CLEVER KIDS\",\"breadcrumb\":{\"@id\":\"https:\/\/cleverkids.ee\/et\/product\/igra-dlya-pamyati-ogorod\/#breadcrumb\"},\"inLanguage\":\"et\",\"potentialAction\":[{\"@type\":\"ReadAction\",\"target\":[\"https:\/\/cleverkids.ee\/et\/product\/igra-dlya-pamyati-ogorod\/\"]}]},{\"@type\":\"ImageObject\",\"inLanguage\":\"et\",\"@id\":\"https:\/\/cleverkids.ee\/et\/product\/igra-dlya-pamyati-ogorod\/#primaryimage\",\"url\":\"https:\/\/cleverkids.ee\/wp-content\/uploads\/2024\/05\/H8ea0c2e7d80d4751930bdbe05f376653u_960x960-1.jpg\",\"contentUrl\":\"https:\/\/cleverkids.ee\/wp-content\/uploads\/2024\/05\/H8ea0c2e7d80d4751930bdbe05f376653u_960x960-1.jpg\",\"width\":960,\"height\":960},{\"@type\":\"BreadcrumbList\",\"@id\":\"https:\/\/cleverkids.ee\/et\/product\/igra-dlya-pamyati-ogorod\/#breadcrumb\",\"itemListElement\":[{\"@type\":\"ListItem\",\"position\":1,\"name\":\"Esileht\",\"item\":\"https:\/\/cleverkids.ee\/et\/\"},{\"@type\":\"ListItem\",\"position\":2,\"name\":\"Tooted\",\"item\":\"https:\/\/cleverkids.ee\/store\/\"},{\"@type\":\"ListItem\",\"position\":3,\"name\":\"M\u00e4lum\u00e4ng \u201cAed\u201d\"}]},{\"@type\":\"WebSite\",\"@id\":\"https:\/\/cleverkids.ee\/et\/#website\",\"url\":\"https:\/\/cleverkids.ee\/et\/\",\"name\":\"CLEVER KIDS\",\"description\":\"\",\"publisher\":{\"@id\":\"https:\/\/cleverkids.ee\/et\/#organization\"},\"potentialAction\":[{\"@type\":\"SearchAction\",\"target\":{\"@type\":\"EntryPoint\",\"urlTemplate\":\"https:\/\/cleverkids.ee\/et\/?s={search_term_string}\"},\"query-input\":{\"@type\":\"PropertyValueSpecification\",\"valueRequired\":true,\"valueName\":\"search_term_string\"}}],\"inLanguage\":\"et\"},{\"@type\":\"Organization\",\"@id\":\"https:\/\/cleverkids.ee\/et\/#organization\",\"name\":\"CLEVER KIDS\",\"url\":\"https:\/\/cleverkids.ee\/et\/\",\"logo\":{\"@type\":\"ImageObject\",\"inLanguage\":\"et\",\"@id\":\"https:\/\/cleverkids.ee\/et\/#\/schema\/logo\/image\/\",\"url\":\"https:\/\/cleverkids.ee\/wp-content\/uploads\/2024\/02\/image0-1024x1024.png\",\"contentUrl\":\"https:\/\/cleverkids.ee\/wp-content\/uploads\/2024\/02\/image0-1024x1024.png\",\"width\":1024,\"height\":1024,\"caption\":\"CLEVER KIDS\"},\"image\":{\"@id\":\"https:\/\/cleverkids.ee\/et\/#\/schema\/logo\/image\/\"},\"sameAs\":[\"https:\/\/www.facebook.com\/cleverkids.ee\/\",\"https:\/\/www.instagram.com\/cleverkids_ee\/\"]}]}<\/script>\n<!-- \/ Yoast SEO plugin. -->","yoast_head_json":{"title":"M\u00e4lum\u00e4ng \u201cAed\u201d -","description":"M\u00e4lum\u00e4ng \u201cAed\u201d - CLEVER KIDS","robots":{"index":"index","follow":"follow","max-snippet":"max-snippet:-1","max-image-preview":"max-image-preview:large","max-video-preview":"max-video-preview:-1"},"canonical":"https:\/\/cleverkids.ee\/et\/product\/igra-dlya-pamyati-ogorod\/","og_locale":"et_EE","og_type":"article","og_title":"M\u00e4lum\u00e4ng \u201cAed\u201d -","og_description":"M\u00e4lum\u00e4ng \u201cAed\u201d - CLEVER KIDS","og_url":"https:\/\/cleverkids.ee\/et\/product\/igra-dlya-pamyati-ogorod\/","og_site_name":"CLEVER KIDS","article_publisher":"https:\/\/www.facebook.com\/cleverkids.ee\/","article_modified_time":"2025-09-07T19:51:50+00:00","og_image":[{"width":960,"height":960,"url":"https:\/\/cleverkids.ee\/wp-content\/uploads\/2024\/05\/H8ea0c2e7d80d4751930bdbe05f376653u_960x960-1.jpg","type":"image\/jpeg"}],"twitter_card":"summary_large_image","twitter_misc":{"Est. reading time":"1 minut"},"schema":{"@context":"https:\/\/schema.org","@graph":[{"@type":"WebPage","@id":"https:\/\/cleverkids.ee\/et\/product\/igra-dlya-pamyati-ogorod\/","url":"https:\/\/cleverkids.ee\/et\/product\/igra-dlya-pamyati-ogorod\/","name":"M\u00e4lum\u00e4ng \u201cAed\u201d -","isPartOf":{"@id":"https:\/\/cleverkids.ee\/et\/#website"},"primaryImageOfPage":{"@id":"https:\/\/cleverkids.ee\/et\/product\/igra-dlya-pamyati-ogorod\/#primaryimage"},"image":{"@id":"https:\/\/cleverkids.ee\/et\/product\/igra-dlya-pamyati-ogorod\/#primaryimage"},"thumbnailUrl":"https:\/\/cleverkids.ee\/wp-content\/uploads\/2024\/05\/H8ea0c2e7d80d4751930bdbe05f376653u_960x960-1.jpg","datePublished":"2024-04-16T04:23:43+00:00","dateModified":"2025-09-07T19:51:50+00:00","description":"M\u00e4lum\u00e4ng \u201cAed\u201d - CLEVER KIDS","breadcrumb":{"@id":"https:\/\/cleverkids.ee\/et\/product\/igra-dlya-pamyati-ogorod\/#breadcrumb"},"inLanguage":"et","potentialAction":[{"@type":"ReadAction","target":["https:\/\/cleverkids.ee\/et\/product\/igra-dlya-pamyati-ogorod\/"]}]},{"@type":"ImageObject","inLanguage":"et","@id":"https:\/\/cleverkids.ee\/et\/product\/igra-dlya-pamyati-ogorod\/#primaryimage","url":"https:\/\/cleverkids.ee\/wp-content\/uploads\/2024\/05\/H8ea0c2e7d80d4751930bdbe05f376653u_960x960-1.jpg","contentUrl":"https:\/\/cleverkids.ee\/wp-content\/uploads\/2024\/05\/H8ea0c2e7d80d4751930bdbe05f376653u_960x960-1.jpg","width":960,"height":960},{"@type":"BreadcrumbList","@id":"https:\/\/cleverkids.ee\/et\/product\/igra-dlya-pamyati-ogorod\/#breadcrumb","itemListElement":[{"@type":"ListItem","position":1,"name":"Esileht","item":"https:\/\/cleverkids.ee\/et\/"},{"@type":"ListItem","position":2,"name":"Tooted","item":"https:\/\/cleverkids.ee\/store\/"},{"@type":"ListItem","position":3,"name":"M\u00e4lum\u00e4ng \u201cAed\u201d"}]},{"@type":"WebSite","@id":"https:\/\/cleverkids.ee\/et\/#website","url":"https:\/\/cleverkids.ee\/et\/","name":"CLEVER KIDS","description":"","publisher":{"@id":"https:\/\/cleverkids.ee\/et\/#organization"},"potentialAction":[{"@type":"SearchAction","target":{"@type":"EntryPoint","urlTemplate":"https:\/\/cleverkids.ee\/et\/?s={search_term_string}"},"query-input":{"@type":"PropertyValueSpecification","valueRequired":true,"valueName":"search_term_string"}}],"inLanguage":"et"},{"@type":"Organization","@id":"https:\/\/cleverkids.ee\/et\/#organization","name":"CLEVER KIDS","url":"https:\/\/cleverkids.ee\/et\/","logo":{"@type":"ImageObject","inLanguage":"et","@id":"https:\/\/cleverkids.ee\/et\/#\/schema\/logo\/image\/","url":"https:\/\/cleverkids.ee\/wp-content\/uploads\/2024\/02\/image0-1024x1024.png","contentUrl":"https:\/\/cleverkids.ee\/wp-content\/uploads\/2024\/02\/image0-1024x1024.png","width":1024,"height":1024,"caption":"CLEVER KIDS"},"image":{"@id":"https:\/\/cleverkids.ee\/et\/#\/schema\/logo\/image\/"},"sameAs":["https:\/\/www.facebook.com\/cleverkids.ee\/","https:\/\/www.instagram.com\/cleverkids_ee\/"]}]}},"_links":{"self":[{"href":"https:\/\/cleverkids.ee\/et\/wp-json\/wp\/v2\/product\/50023","targetHints":{"allow":["GET"]}}],"collection":[{"href":"https:\/\/cleverkids.ee\/et\/wp-json\/wp\/v2\/product"}],"about":[{"href":"https:\/\/cleverkids.ee\/et\/wp-json\/wp\/v2\/types\/product"}],"wp:featuredmedia":[{"embeddable":true,"href":"https:\/\/cleverkids.ee\/et\/wp-json\/wp\/v2\/media\/68238"}],"wp:attachment":[{"href":"https:\/\/cleverkids.ee\/et\/wp-json\/wp\/v2\/media?parent=50023"}],"wp:term":[{"taxonomy":"product_brand","embeddable":true,"href":"https:\/\/cleverkids.ee\/et\/wp-json\/wp\/v2\/product_brand?post=50023"},{"taxonomy":"product_cat","embeddable":true,"href":"https:\/\/cleverkids.ee\/et\/wp-json\/wp\/v2\/product_cat?post=50023"},{"taxonomy":"product_tag","embeddable":true,"href":"https:\/\/cleverkids.ee\/et\/wp-json\/wp\/v2\/product_tag?post=50023"}],"curies":[{"name":"wp","href":"https:\/\/api.w.org\/{rel}","templated":true}]}}